{"id":14882,"date":"2023-05-09T11:13:29","date_gmt":"2023-05-09T03:13:29","guid":{"rendered":"https:\/\/www.garden-kit.com\/product\/garden-trowel-fork-set\/"},"modified":"2024-03-07T10:18:39","modified_gmt":"2024-03-07T02:18:39","slug":"garden-trowel-fork-set","status":"publish","type":"product","link":"https:\/\/www.garden-kit.com\/tr\/product\/garden-trowel-fork-set\/","title":{"rendered":"Bah\u00e7e Mala \u00c7atal Seti"},"content":{"rendered":"<p>Bah\u00e7e aletleri, elle tutulan malalardan b\u00fcy\u00fck \u00f6l\u00e7ekli \u00e7apalara kadar her \u015fekil ve boyutta mevcuttur. Her aletin belirli bir amac\u0131 vard\u0131r ve bah\u00e7e i\u015flerini daha kolay ve verimli hale getirebilir. \u0130ster \u00e7i\u00e7ek, ister sebze veya bitki ekiyor olun, do\u011fru ara\u00e7lara sahip olmak b\u00fcy\u00fck fark yaratabilir. Bah\u00e7e malas\u0131 \u00e7atal seti, delik kazmaktan topra\u011f\u0131 gev\u015fetmeye kadar \u00e7e\u015fitli g\u00f6revlerde size yard\u0131mc\u0131 olabilecek \u00e7ok y\u00f6nl\u00fc bir ara\u00e7t\u0131r.<\/p>\n<p>Bah\u00e7e hediye setleri genellikle bah\u00e7edeki bitkilerin yeti\u015ftirilmesi ve bak\u0131m\u0131 i\u00e7in \u00e7e\u015fitli ara\u00e7 ve gere\u00e7ler i\u00e7erir. Bir bah\u00e7e malas\u0131 \u00e7atal seti a\u015fa\u011f\u0131daki \u00f6\u011feleri i\u00e7erebilir:<\/p>\n<ol>\n<li>Bah\u00e7e spatulas\u0131: Bah\u00e7e aletlerini ve bitkilerini temizlemek ve silmek i\u00e7in kullan\u0131l\u0131r. Genellikle pamuk veya mikrofiber bez gibi yumu\u015fak bir malzemeden yap\u0131l\u0131r.<\/li>\n<li>Bah\u00e7e \u00e7atal\u0131: Topra\u011f\u0131 \u00e7evirmek, s\u00fcrmek ve organik maddeleri kar\u0131\u015ft\u0131rmak i\u00e7in kullan\u0131l\u0131r. Genellikle \u00e7elik veya al\u00fcminyumdan yap\u0131l\u0131r, iki veya \u00fc\u00e7 di\u015fi vard\u0131r.<\/li>\n<li>Bah\u00e7e eldivenleri: Elleri ve t\u0131rnaklar\u0131 delinmelerden ve kirden korumak i\u00e7in kullan\u0131l\u0131r. Genellikle yumu\u015fak deri veya kau\u00e7uktan yap\u0131l\u0131r.<\/li>\n<li>Bah\u00e7e makas\u0131: Bitki ve \u00e7i\u00e7eklerin budamas\u0131nda kullan\u0131l\u0131r. Genellikle keskin bir b\u0131\u00e7a\u011f\u0131 ve rahat tutu\u015fu olan paslanmaz \u00e7elikten yap\u0131l\u0131r.<\/li>\n<li>Sulama kaplar\u0131: Bitki ve \u00e7i\u00e7eklerin sulanmas\u0131nda kullan\u0131l\u0131r. Genellikle bir a\u011f\u0131zl\u0131 veya musluklu plastik veya paslanmaz \u00e7elikten yap\u0131l\u0131r.<\/li>\n<li>Bitki etiketleri: Bitki ve \u00e7i\u00e7ek adlar\u0131n\u0131 ve \u00e7e\u015fitlerini i\u015faretlemek i\u00e7in kullan\u0131l\u0131r. Genellikle yaz\u0131 y\u00fczeyi veya \u00e7\u0131kartmalar\u0131 olan ah\u015fap veya plastikten yap\u0131l\u0131r.<\/li>\n<li>Kutular veya sepetler: Bah\u00e7e aletlerini ve malzemelerini saklamak ve ta\u015f\u0131mak i\u00e7in kullan\u0131l\u0131r. Genellikle portatif kulplu deri veya kanvastan yap\u0131l\u0131r.<\/li>\n<\/ol>\n<p>Bu \u00fcr\u00fcnler bir araya getirilerek bah\u00e7eyi seven birine tatillerde, do\u011fum g\u00fcnlerinde veya di\u011fer \u00f6zel g\u00fcnlerde vermek \u00fczere g\u00fczel bir bah\u00e7e hediye seti olu\u015fturulabilir.<\/p>\n<h3 style=\"font-size: 19px\">Bah\u00e7e mala \u00e7atal seti se\u00e7erken a\u015fa\u011f\u0131daki fakt\u00f6rler de dikkate al\u0131nmal\u0131d\u0131r:<\/h3>\n<ol>\n<li>Kalite: Bah\u00e7e aletleri ve malzemeleri, uzun s\u00fcre dayanabilmeleri ve tekrarlanan kullan\u0131ma ve \u00e7evresel etkilere dayanabilmeleri i\u00e7in y\u00fcksek kalitede olmal\u0131d\u0131r.<\/li>\n<li>Tasar\u0131m: Bah\u00e7e hediye seti, onu keyifli bir hediye haline getirecek \u00e7ekici bir tasar\u0131ma ve g\u00f6r\u00fcn\u00fcme sahip olmal\u0131d\u0131r.<\/li>\n<li>\u0130\u015flevsellik: Bah\u00e7e aletleri ve malzemeleri, bir bah\u00e7enin yeti\u015ftirilmesi ve bak\u0131m\u0131n\u0131n temel ihtiya\u00e7lar\u0131n\u0131 kar\u015f\u0131layabilmelidir.<\/li>\n<li>Kullan\u0131\u015fl\u0131l\u0131k: Bah\u00e7e aletleri ve malzemeleri, al\u0131c\u0131n\u0131n zorluk \u00e7ekmeden veya rahats\u0131zl\u0131k duymadan kolayca kullanabilmesi i\u00e7in pratik olmal\u0131d\u0131r.<\/li>\n<li>Fiyat: Bah\u00e7e hediye setinin fiyat\u0131 makul olmal\u0131 ve setteki e\u015fyalar\u0131n kalitesi ve miktar\u0131yla orant\u0131l\u0131 olmal\u0131d\u0131r.<\/li>\n<\/ol>\n<p>Sonu\u00e7 olarak, bir bah\u00e7e mala \u00e7atal\u0131 seti, \u00f6zellikle bah\u00e7eyi seven veya ye\u015fil ba\u015f parma\u011f\u0131 olan herhangi bir sevgili veya ilgili taraf i\u00e7in m\u00fckemmel bir hediye se\u00e7ene\u011fidir.<\/p>\n<h3 style=\"font-size: 19px\">Bah\u00e7e malas\u0131 \u00e7atal setinin avantajlar\u0131<\/h3>\n<p>Bah\u00e7e malas\u0131 \u00e7atal setinin bir\u00e7ok avantaj\u0131 vard\u0131r; bunlardan baz\u0131lar\u0131 \u015funlard\u0131r:<\/p>\n<ol>\n<li>Pratiklik: Spatula ve \u00e7atallar, bir bah\u00e7enin ekilmesi ve bak\u0131m\u0131 i\u00e7in gereken iki temel ara\u00e7t\u0131r. Topra\u011f\u0131 gev\u015fetmek, yabani otlar\u0131 ay\u0131klamak, bitki dikmek ve \u00e7i\u00e7ekleri budamak i\u00e7in kullan\u0131labilen bu aletler, bu seti pratik bir hediye se\u00e7ene\u011fi haline getiriyor.<\/li>\n<li>Uygun Fiyatl\u0131: Tam bir bah\u00e7e aletleri ve malzemeleri seti sat\u0131n almak, bireysel aletler sat\u0131n almaktan daha ekonomiktir. Ek olarak, bir bah\u00e7e hediye seti sat\u0131n almak, gerekli belirli bir aleti veya malzemeyi sat\u0131n almay\u0131 unutmaman\u0131z\u0131 sa\u011flar.<\/li>\n<li>Kolayl\u0131k: Spatula ve \u00e7ataldan olu\u015fan bir bah\u00e7e hediye seti, al\u0131c\u0131n\u0131n bah\u00e7e aletlerini ve malzemelerini tek tek sat\u0131n almas\u0131 gerekmedi\u011fi i\u00e7in zamandan ve emekten tasarruf etmesini sa\u011flar.<\/li>\n<li>Y\u00fcksek kalite: Bah\u00e7e hediye setlerinin \u00e7o\u011fu, aletlerin ve malzemelerin dayan\u0131kl\u0131l\u0131\u011f\u0131n\u0131 ve uzun \u00f6mr\u00fcn\u00fc garantileyen, ayn\u0131 zamanda verimli ve etkili bah\u00e7e i\u015fleri sa\u011flayan y\u00fcksek kaliteli malzemelerden yap\u0131lm\u0131\u015ft\u0131r.<\/li>\n<li>Anlaml\u0131 hediye: Spatula ve \u00e7ataldan olu\u015fan bir bah\u00e7e hediye seti vermek, al\u0131c\u0131ya de\u011fer verdi\u011finizi g\u00f6sterir ve onun bah\u00e7ecilik sevgisini desteklerken ayn\u0131 zamanda onu bah\u00e7ede daha aktif olmaya te\u015fvik eder.<\/li>\n<\/ol>\n<p>K\u0131sacas\u0131 bah\u00e7e mala \u00e7atal seti, al\u0131c\u0131n\u0131n bah\u00e7esini daha iyi korumas\u0131n\u0131 sa\u011flayacak ve bah\u00e7ecilik tutkusuna deste\u011finizi g\u00f6stermesine yard\u0131mc\u0131 olacak pratik, uygun fiyatl\u0131, kullan\u0131\u015fl\u0131 ve kaliteli bir hediye se\u00e7ene\u011fidir.<\/p>\n<h3 style=\"font-size: 19px\">SSS<\/h3>\n<p>S: Do\u011fru bah\u00e7e mala \u00e7atal\u0131 setini nas\u0131l se\u00e7erim?<\/p>\n<p>C: Bir sat\u0131n alma i\u015flemi yapmadan \u00f6nce al\u0131c\u0131n\u0131n ihtiya\u00e7 ve tercihlerinin yan\u0131 s\u0131ra b\u00fct\u00e7enizi de dikkate alman\u0131z \u00f6nerilir. Ayr\u0131ca bah\u00e7e alet ve malzemelerini kaliteli ve tan\u0131nm\u0131\u015f markalara ait olanlar\u0131 tercih edebilirsiniz.<\/p>\n<p>S: Bah\u00e7e hediye setleri gerekli t\u00fcm alet ve malzemeleri i\u00e7eriyor mu?<\/p>\n<p>C: Bah\u00e7e hediye setlerinin hepsi gerekli t\u00fcm alet ve malzemeleri i\u00e7ermez. Bu nedenle, sat\u0131n alma i\u015flemi yapmadan \u00f6nce ihtiya\u00e7lar\u0131n\u0131z\u0131 kar\u015f\u0131lad\u0131\u011f\u0131ndan emin olmak i\u00e7in hediye setinde yer alan ara\u00e7 ve malzemeleri dikkatlice incelemelisiniz.<\/p>\n<p>S: Hediye setindeki ara\u00e7 ve gere\u00e7ler y\u00fcksek kalitede mi?<\/p>\n<p>C: \u00c7o\u011fu bah\u00e7e hediye seti, y\u00fcksek kalitede alet ve gere\u00e7ler i\u00e7erir, ancak baz\u0131 ucuz setler, y\u00fcksek kalitede olmayan alet ve gere\u00e7ler i\u00e7erebilir. Se\u00e7ece\u011finiz bah\u00e7e hediye setinin kaliteli ara\u00e7 ve gere\u00e7ler i\u00e7erdi\u011finden emin olmak i\u00e7in sat\u0131n almadan \u00f6nce \u00fcr\u00fcn a\u00e7\u0131klamas\u0131n\u0131 kontrol etmelisiniz.<\/p>\n<p>S: Hediye setinin garantisi ve sat\u0131\u015f sonras\u0131 hizmeti var m\u0131?<\/p>\n<p>C: Farkl\u0131 marka ve perakendecilerin sundu\u011fu garanti ve sat\u0131\u015f sonras\u0131 hizmetler farkl\u0131l\u0131k g\u00f6sterebilir. Hediye setinizin tam olarak kapsand\u0131\u011f\u0131ndan ve bak\u0131m\u0131n\u0131n yap\u0131ld\u0131\u011f\u0131ndan emin olmak i\u00e7in sat\u0131n almadan \u00f6nce markan\u0131n web sitesindeki \u00fcr\u00fcn a\u00e7\u0131klamas\u0131n\u0131 ve garanti ve sat\u0131\u015f sonras\u0131 hizmet politikas\u0131n\u0131 kontrol etmelisiniz.<\/p>\n<p>S: Bah\u00e7e aletlerimin bak\u0131m\u0131n\u0131 nas\u0131l yapaca\u011f\u0131m?<\/p>\n<p>C: Bah\u00e7e aletlerinin dayan\u0131kl\u0131l\u0131k ve performanslar\u0131n\u0131 garanti alt\u0131na almak i\u00e7in uygun bak\u0131m ve bak\u0131ma ihtiya\u00e7lar\u0131 vard\u0131r. Bir bah\u00e7e hediye seti sat\u0131n almadan \u00f6nce \u00fcr\u00fcn bak\u0131m k\u0131lavuzunu inceleyin ve bunlar\u0131 nas\u0131l d\u00fczg\u00fcn bir \u015fekilde temizleyip saklayaca\u011f\u0131n\u0131z\u0131 bildi\u011finizden emin olun.<\/p>\n<h3 style=\"list-style-type: revert;font-size: 19px\">Bah\u00e7e Mala \u00c7atal Seti \u00c7e\u015fitleri<\/h3>\n<p style=\"list-style-type: revert\">Bug\u00fcn piyasada bir\u00e7ok farkl\u0131 t\u00fcrde bah\u00e7e malas\u0131 \u00e7atal seti bulunmaktad\u0131r. Baz\u0131 setler paslanmaz \u00e7elikten, baz\u0131lar\u0131 ise al\u00fcminyum veya plastikten yap\u0131lm\u0131\u015ft\u0131r. Baz\u0131 setlerde daha fazla konfor i\u00e7in ergonomik tutma yerleri bulunurken baz\u0131lar\u0131nda geleneksel ah\u015fap tutma yerleri bulunur. Se\u00e7ece\u011finiz bah\u00e7e malas\u0131 \u00e7atal\u0131n\u0131n t\u00fcr\u00fc ki\u015fisel tercihlerinize ve bah\u00e7e ihtiya\u00e7lar\u0131n\u0131za ba\u011fl\u0131 olacakt\u0131r.<\/p>\n<h3 style=\"list-style-type: revert;font-size: 19px\">Bah\u00e7e Mala \u00c7atal Setini Etkili Kullanman\u0131n \u0130pu\u00e7lar\u0131<\/h3>\n<p style=\"list-style-type: revert\">Bah\u00e7e malas\u0131 \u00e7atal\u0131n\u0131 etkili bir \u015fekilde kullanmak i\u00e7in, i\u015fe \u00f6ncelikle elinizdeki i\u015fe uygun aleti se\u00e7erek ba\u015flay\u0131n. Bir \u00e7ukur kaz\u0131yorsan\u0131z malay\u0131 kullan\u0131n. Yabani otlar\u0131 temizliyorsan\u0131z \u00e7atal\u0131 kullan\u0131n. Kaz\u0131 yaparken topra\u011f\u0131 gev\u015fetmek i\u00e7in aleti d\u00f6nd\u00fcrmek yerine ileri geri hareket kullan\u0131n. Bu, aletin hasar g\u00f6rmesini \u00f6nlemeye yard\u0131mc\u0131 olacak ve i\u015fi kolayla\u015ft\u0131racakt\u0131r. Ayr\u0131ca paslanmay\u0131 \u00f6nlemek ve \u00f6mr\u00fcn\u00fc uzatmak i\u00e7in bah\u00e7e mala \u00e7atal\u0131n\u0131z\u0131 her kullan\u0131mdan sonra temizleyip kurutdu\u011funuzdan emin olun.<\/p>\n<h3 style=\"list-style-type: revert;font-size: 19px\">Bah\u00e7e Mala \u00c7atal Setinizin Bak\u0131m\u0131 ve Bak\u0131m\u0131<\/h3>\n<p style=\"list-style-type: revert\">Bah\u00e7e mala \u00e7atal\u0131n\u0131z\u0131 iyi durumda tutmak i\u00e7in, bak\u0131m\u0131n\u0131 do\u011fru \u015fekilde yapman\u0131z \u00f6nemlidir. Her kullan\u0131mdan sonra seti \u0131l\u0131k sabunlu suyla temizleyin ve iyice kurulay\u0131n. Set paslan\u0131rsa pas\u0131 \u00e7\u0131karmak i\u00e7in tel f\u0131r\u00e7a veya z\u0131mpara ka\u011f\u0131d\u0131 kullan\u0131n. Ayr\u0131ca paslanmay\u0131 ve di\u011fer hasarlar\u0131 \u00f6nlemek i\u00e7in seti kuru ve serin bir yerde saklay\u0131n.<\/p>\n<h3 style=\"list-style-type: revert;font-size: 19px\">Bah\u00e7e Mala \u00c7atal Seti Nereden Al\u0131n\u0131r?<\/h3>\n<p style=\"list-style-type: revert\">Bah\u00e7e malas\u0131 \u00e7atal\u0131 \u00e7o\u011fu bah\u00e7e malzemesi ma\u011fazas\u0131ndan ve internetten sat\u0131n al\u0131nabilir. Bir set i\u00e7in al\u0131\u015fveri\u015f yaparken, en iyi teklifi bulmak i\u00e7in yorumlar\u0131 okudu\u011funuzdan ve fiyatlar\u0131 kar\u015f\u0131la\u015ft\u0131rd\u0131\u011f\u0131n\u0131zdan emin olun.<\/p>\n<h3 style=\"list-style-type: revert;font-size: 19px\">Bah\u00e7e Mala \u00c7atal Seti Alternatifleri<\/h3>\n<p style=\"list-style-type: revert\">Bah\u00e7e malas\u0131 \u00e7atal\u0131 her bah\u00e7\u0131van i\u00e7in olmazsa olmaz bir alet olsa da benzer i\u015fler i\u00e7in kullan\u0131labilecek alternatif aletler de vard\u0131r. Kazma i\u00e7in el tipi mala, topra\u011f\u0131 gev\u015fetmek i\u00e7in el tipi k\u00fcltivat\u00f6r kullan\u0131labilir. Ancak bu aletler bah\u00e7e mala \u00e7atal seti kadar \u00e7ok y\u00f6nl\u00fc olmayabilir ve ayn\u0131 d\u00fczeyde konfor ve kullan\u0131m kolayl\u0131\u011f\u0131 sa\u011flayamayabilir.<\/p>\n<h3 style=\"list-style-type: revert;font-size: 19px\">\u00c7\u00f6z\u00fcm<\/h3>\n<p style=\"list-style-type: revert\">Bah\u00e7e mala \u00e7atal\u0131, bah\u00e7e i\u015flerini daha kolay ve daha verimli hale getirebilen \u00e7ok y\u00f6nl\u00fc, yerden tasarruf sa\u011flayan bir ara\u00e7t\u0131r. \u0130htiya\u00e7lar\u0131n\u0131za uygun do\u011fru seti se\u00e7erek, etkili bir \u015fekilde kullanarak ve bak\u0131m\u0131n\u0131 yaparak, bu olmazsa olmaz aletin avantajlar\u0131ndan y\u0131llarca yararlanabilirsiniz. \u0130ster yeni ba\u015flayan ister deneyimli bir profesyonel olun, bah\u00e7e malas\u0131 \u00e7atal seti her bah\u00e7\u0131van i\u00e7in vazge\u00e7ilmez bir ara\u00e7t\u0131r.<\/p>","protected":false},"excerpt":{"rendered":"<p>Bah\u00e7ecilikle ilgili t\u00fcm ihtiya\u00e7lar\u0131n\u0131z i\u00e7in m\u00fckemmel alet seti ile tan\u0131\u015f\u0131n: Bah\u00e7e Mala \u00c7atal Seti. Bu set, y\u00fcksek kaliteli paslanmaz \u00e7elikten yap\u0131lm\u0131\u015f dayan\u0131kl\u0131 bir mala ve \u00e7atalla birlikte gelir ve bunlar\u0131n her sezon dayanmas\u0131n\u0131 sa\u011flar. Rahat kavrama sap\u0131, p\u00fcr\u00fczs\u00fcz ve sa\u011flam kay\u0131n a\u011fac\u0131ndan yap\u0131lm\u0131\u015ft\u0131r ve uzun bah\u00e7e i\u015fleri s\u0131ras\u0131nda bile g\u00fcvenli ve rahat bir tutu\u015f sa\u011flar. Set ayr\u0131ca kolay saklama ve ta\u015f\u0131ma i\u00e7in kullan\u0131\u015fl\u0131 bir kanvas kese i\u00e7erir. Ancak bu seti ger\u00e7ekten di\u011ferlerinden ay\u0131ran \u015fey, kendi bitkilerinizi veya \u00e7i\u00e7eklerinizi dikmek ve b\u00fcy\u00fctmek i\u00e7in m\u00fckemmel olan, tohuma yerle\u015ftirilmi\u015f biyolojik olarak par\u00e7alanabilir bir hediye etiketinin ek bonusudur. Hem yeni ba\u015flayan hem de deneyimli bah\u00e7\u0131vanlar i\u00e7in ideal olan bu set, her bah\u00e7e tutkununun sahip olmas\u0131 gereken bir settir.<\/p><\/p>","protected":false},"featured_media":17957,"comment_status":"open","ping_status":"closed","template":"","meta":[],"product_cat":[63],"product_tag":[839,840,646,838,837,836,845,843,842,841],"acf":[],"_links":{"self":[{"href":"https:\/\/www.garden-kit.com\/tr\/wp-json\/wp\/v2\/product\/14882"}],"collection":[{"href":"https:\/\/www.garden-kit.com\/tr\/wp-json\/wp\/v2\/product"}],"about":[{"href":"https:\/\/www.garden-kit.com\/tr\/wp-json\/wp\/v2\/types\/product"}],"replies":[{"embeddable":true,"href":"https:\/\/www.garden-kit.com\/tr\/wp-json\/wp\/v2\/comments?post=14882"}],"wp:featuredmedia":[{"embeddable":true,"href":"https:\/\/www.garden-kit.com\/tr\/wp-json\/wp\/v2\/media\/17957"}],"wp:attachment":[{"href":"https:\/\/www.garden-kit.com\/tr\/wp-json\/wp\/v2\/media?parent=14882"}],"wp:term":[{"taxonomy":"product_cat","embeddable":true,"href":"https:\/\/www.garden-kit.com\/tr\/wp-json\/wp\/v2\/product_cat?post=14882"},{"taxonomy":"product_tag","embeddable":true,"href":"https:\/\/www.garden-kit.com\/tr\/wp-json\/wp\/v2\/product_tag?post=14882"}],"curies":[{"name":"wp","href":"https:\/\/api.w.org\/{rel}","templated":true}]}}