{"id":14894,"date":"2023-05-09T13:10:47","date_gmt":"2023-05-09T05:10:47","guid":{"rendered":"https:\/\/www.garden-kit.com\/product\/eco-friendly-pen-with-seeds\/"},"modified":"2024-03-07T10:17:40","modified_gmt":"2024-03-07T02:17:40","slug":"eco-friendly-pen-with-seeds","status":"publish","type":"product","link":"https:\/\/www.garden-kit.com\/tr\/product\/eco-friendly-pen-with-seeds\/","title":{"rendered":"Tohumlu \u00c7evre Dostu Kalem"},"content":{"rendered":"<p style=\"list-style-type: revert\">Tohumlu \u00e7evre dostu kalemler, plastik veya metal yerine bitki bazl\u0131 bir g\u00f6vdeye sahip yeni bir kalem t\u00fcr\u00fcd\u00fcr. Kalemin g\u00f6vdesi, kalem kullan\u0131ld\u0131ktan sonra ekilebilecek tohumlarla doludur. Fikir, at\u0131klar\u0131 azaltmak ve insanlar\u0131 daha fazla a\u011fa\u00e7 ve bitki dikmeye te\u015fvik ederek nihayetinde \u00e7evreye katk\u0131da bulunmakt\u0131r.<\/p>\n<p>Tohumlu \u00e7evre dostu kalemler genellikle ka\u011f\u0131t veya ni\u015fasta gibi biyolojik olarak par\u00e7alanabilen malzemelerden yap\u0131l\u0131rken, kullan\u0131mdan sonra ekilebilmesi i\u00e7in kalemin g\u00f6vdesine tohumlar yerle\u015ftirilmi\u015ftir.<\/p>\n<p>Bu t\u00fcr \u00e7evre dostu tohumlu kalemler a\u015fa\u011f\u0131daki avantajlara sahiptir:<\/p>\n<ol>\n<li>At\u0131k kirlili\u011fini azalt\u0131r: biyolojik olarak par\u00e7alanabilen malzemeler belirli bir s\u00fcre i\u00e7inde do\u011fal olarak ayr\u0131\u015fabilir ve \u00e7evre kirlili\u011fini azalt\u0131r.<\/li>\n<li>Bitkilerin b\u00fcy\u00fcmesi i\u00e7in faydal\u0131d\u0131r: Kalemin g\u00f6vdesine yerle\u015ftirilmi\u015f tohumlarla, dolum kullan\u0131ld\u0131ktan sonra topra\u011fa g\u00f6m\u00fclebilir, b\u00f6ylece tohumlar\u0131n k\u00f6k salmas\u0131 ve \u00e7imlenmesi sa\u011flan\u0131r, bu da bitkilerin b\u00fcy\u00fcmesi i\u00e7in faydal\u0131d\u0131r.<\/li>\n<li>Pratik: Tohumlu \u00e7evre dostu kalem yazma, \u00e7izim ve di\u011fer ama\u00e7lar i\u00e7in kullan\u0131labilir ve belirli bir derecede pratikli\u011fe sahiptir.<\/li>\n<\/ol>\n<p>K\u0131sacas\u0131, tohumlu \u00e7evre dostu kalem, at\u0131k kirlili\u011fini azaltmaya yard\u0131mc\u0131 olabilecek ve ayn\u0131 zamanda canl\u0131l\u0131k ve enerji duygusu getirebilecek \u00e7evre dostu, pratik ve yarat\u0131c\u0131 bir \u00fcr\u00fcnd\u00fcr.<\/p>\n<h3 style=\"font-size: 19px\">Yazmak i\u00e7in uygun tohumlu \u00e7evre dostu kalemler hangi malzemelerdir?<\/h3>\n<p>Tohumlu \u00e7evre dostu kalem genellikle ofis ka\u011f\u0131d\u0131, zarflar, yap\u0131\u015fkan notlar ve benzeri gibi s\u0131radan ka\u011f\u0131tlara yazmak i\u00e7in uygundur. Ancak, bu kalemin ucu yumu\u015fak oldu\u011fu i\u00e7in yazarken daha hafif bir kuvvet kullanman\u0131z gerekti\u011fi, aksi takdirde ucun zarar g\u00f6rebilece\u011fi unutulmamal\u0131d\u0131r.<\/p>\n<p>Buna ek olarak, baz\u0131 tohumlu \u00e7evre dostu kalemler, kullan\u0131c\u0131lar\u0131n dolum topra\u011fa g\u00f6m\u00fcl\u00fcyken yazabilecekleri ve i\u00e7indeki tohumlar\u0131n k\u00f6k salmas\u0131na ve filizlenmesine izin verecek \u015fekilde tasarlanm\u0131\u015ft\u0131r. Bu nedenle, bu t\u00fcr kalemler genellikle deri, kuma\u015f vb. kal\u0131n malzemeler \u00fczerine yazmak i\u00e7in uygun de\u011fildir, aksi takdirde doluma ve tohumlara zarar verebilirler.<\/p>\n<h3 style=\"font-size: 19px\">Tohumlu \u00e7evre dostu kalemdeki tohum \u00e7e\u015fitleri nelerdir? Hangi ortamlarda b\u00fcy\u00fcmeye uygundurlar?<\/h3>\n<p>Tohumlu eko kalemler i\u00e7in bir\u00e7ok tohum t\u00fcr\u00fc vard\u0131r, yayg\u0131n olanlar \u00e7i\u00e7ekler, otlar, sebzeler vb. Tam tohum t\u00fcr\u00fc marka ve \u00fcreticiye g\u00f6re de\u011fi\u015fir ve baz\u0131 kalemlerde yaln\u0131zca bir t\u00fcr tohum bulunurken baz\u0131lar\u0131nda birka\u00e7 farkl\u0131 tohum bulunabilir.<br \/>Tohumlar i\u00e7in uygun yeti\u015ftirme ortam\u0131 t\u00fcre g\u00f6re de\u011fi\u015fir. Genellikle tohumlar\u0131n ambalaj\u0131nda g\u00fcne\u015f \u0131\u015f\u0131\u011f\u0131 ihtiyac\u0131, nem, uygun s\u0131cakl\u0131k gibi ekim i\u00e7in gerekli \u015fartlar ve \u00f6nlemler belirtilir. Tohumlarla \u00e7evre dostu bir kalem se\u00e7erken, b\u00fcy\u00fcmenin ba\u015far\u0131 oran\u0131n\u0131 art\u0131rmak i\u00e7in b\u00f6lgenize ve ortam\u0131n\u0131za g\u00f6re do\u011fru tohumlar\u0131 se\u00e7meniz \u00f6nerilir. Ayr\u0131ca tohumlar\u0131n sorunsuz bir \u015fekilde b\u00fcy\u00fcyebilmesini sa\u011flamak i\u00e7in tohum paketinin \u00fczerindeki talimatlara g\u00f6re ekim yap\u0131lmal\u0131d\u0131r.<\/p>\n<h3 style=\"font-size: 19px\">Tohumlu \u00e7evre dostu kalemler bozulmaya e\u011filimli midir?<\/h3>\n<p>Tohumlu Eco-Pen bozulmaya e\u011filimli de\u011fildir, ancak uzun \u00f6m\u00fcrl\u00fcl\u00fc\u011f\u00fc ve kalitesi bir\u00e7ok fakt\u00f6rden etkilenebilir. \u00d6rne\u011fin, dolum ve tohumlar d\u00fczg\u00fcn bir \u015fekilde kapat\u0131lmazsa, hava ve nemin dolumun i\u00e7ine girmesine neden olabilir ve tohumlar\u0131n \u00e7imlenmesini ve b\u00fcy\u00fcmesini etkileyebilir. Bu nedenle, dolumlar ve tohumlar muhafaza edilirken kuru tutulmal\u0131 ve neme maruz kalmalar\u0131 m\u00fcmk\u00fcn oldu\u011funca \u00f6nlenmelidir.<br \/>Ayr\u0131ca, tohumlu \u00e7evre dostu kalem uzun s\u00fcre kullan\u0131lmazsa, dolumun i\u00e7indeki tohumlar da besinlerini kaybedebilir ve b\u00fcy\u00fcmeyi etkileyebilir. Bu nedenle, uzun s\u00fcre kullan\u0131lmamas\u0131 durumunda tohumlar\u0131n beslenmesini ve nemini sa\u011flamak i\u00e7in dolumun \u00e7\u0131kar\u0131lmas\u0131, hafif\u00e7e suda bekletilmesi ve g\u00fcne\u015f alt\u0131nda kurutulmas\u0131 \u00f6nerilir.<\/p>\n<h3 style=\"font-size: 19px\">SSS<\/h3>\n<p>S: Tohumlar dolumun i\u00e7inde \u00e7imlenir mi?<\/p>\n<p>C: Bu, tohumlar\u0131n \u00e7e\u015fidine ve yeti\u015ftirme ortam\u0131na ba\u011fl\u0131d\u0131r. Baz\u0131 bitkilerin tohumlar\u0131 dolumun i\u00e7inde filizlenebilir ve dolumun do\u011fru \u015fekilde kullan\u0131lmas\u0131n\u0131 imkans\u0131z hale getirebilir, bu nedenle kullanmadan \u00f6nce talimatlar\u0131 dikkatlice kontrol edin.<\/p>\n<p>S: Tohumlar her zaman \u00e7imlenir mi?<\/p>\n<p>C: Tohumlu \u00e7evre dostu kalemin \u00e7imlenme oran\u0131 ortam s\u0131cakl\u0131\u011f\u0131, nem, \u0131\u015f\u0131k vb. gibi bir\u00e7ok fakt\u00f6rden etkilenir. Bu nedenle, tohumlar dolumda b\u00fcy\u00fcyebilse de, t\u00fcm tohumlar\u0131n ba\u015far\u0131l\u0131 bir \u015fekilde filizlenece\u011finin garantisi yoktur.<\/p>\n<p>S: Bir dolum ne kadar s\u00fcrer?<\/p>\n<p>C: Bir yedek dolumun \u00f6mr\u00fc, kullan\u0131m s\u0131kl\u0131\u011f\u0131na ve sakland\u0131\u011f\u0131 ortama ba\u011fl\u0131d\u0131r. Yedekler daha s\u0131k kullan\u0131l\u0131rsa ve kuru bir ortamda, neme maruz kalmadan saklan\u0131rsa daha uzun s\u00fcre dayanabilir.<\/p>\n<p>S: Yedekler de\u011fi\u015ftirilebilir mi?<\/p>\n<p>C: Baz\u0131 tohumlu \u00e7evre dostu kalem markalar\u0131 yeniden dolum de\u011fi\u015ftirme hizmetleri sunar, ancak t\u00fcm eko kalemler yeniden dolum de\u011fi\u015ftirmeyi desteklemez, bu nedenle sat\u0131n almadan \u00f6nce talimatlar\u0131 dikkatlice kontrol etmelisiniz.<\/p>\n<p>S: Eko kalemler normal kalemlerden daha m\u0131 pahal\u0131?<\/p>\n<p>C: Baz\u0131 eko kalem markalar\u0131 nispeten pahal\u0131d\u0131r, ancak \u00e7evresel ve s\u00fcrd\u00fcr\u00fclebilirlik y\u00f6nleri d\u00fc\u015f\u00fcn\u00fcld\u00fc\u011f\u00fcnde fiyatlar\u0131 makuld\u00fcr. Alternatif olarak, baz\u0131 eko kalem markalar\u0131 uygun fiyatl\u0131 \u00fcr\u00fcn se\u00e7enekleri sunmaktad\u0131r.<\/p>\n<h3 style=\"list-style-type: revert;font-size: 19px\">Tohumlu \u00c7evre Dostu Kalem Nas\u0131l \u00c7al\u0131\u015f\u0131r?<\/h3>\n<p style=\"list-style-type: revert\">Tohumlu \u00e7evre dostu kalemler t\u0131pk\u0131 geleneksel kalemler gibi \u00e7al\u0131\u015f\u0131r, ancak bir de\u011fi\u015fiklikle. Kalemin g\u00f6vdesi m\u0131s\u0131r ni\u015fastas\u0131 veya bambu gibi bitki bazl\u0131 bir malzemeden yap\u0131l\u0131r ve i\u00e7i tohumlarla doldurulur. Kalemde kullan\u0131lan m\u00fcrekkep de \u00e7evre dostu olup do\u011fal malzemelerden \u00fcretilmi\u015ftir. Kalem kullan\u0131ld\u0131ktan sonra tohumlar topra\u011fa ekilebilir ve d\u00fczenli olarak sulanarak bitkiye d\u00f6n\u00fc\u015febilir.<\/p>\n<h3 style=\"list-style-type: revert;font-size: 19px\">Tohumlu \u00c7evre Dostu Kalem Kullanman\u0131n Faydalar\u0131<\/h3>\n<p style=\"list-style-type: revert\">Tohumlu \u00e7evre dostu kalem kullanman\u0131n \u00e7e\u015fitli faydalar\u0131 vard\u0131r. \u0130lk olarak, geleneksel kalemlerin yerine s\u00fcrd\u00fcr\u00fclebilir bir alternatif sunarak at\u0131klar\u0131 azalt\u0131r. \u0130kinci olarak, insanlar\u0131 daha fazla a\u011fa\u00e7 ve bitki dikmeye te\u015fvik eder, bu da sonu\u00e7ta \u00e7evreye fayda sa\u011flar. \u00dc\u00e7\u00fcnc\u00fcs\u00fc, tohumlu \u00e7evre dostu kalemler kullanmak, s\u00fcrd\u00fcr\u00fclebilirli\u011fe olan ba\u011fl\u0131l\u0131klar\u0131n\u0131 g\u00f6stermek isteyen i\u015fletmeler i\u00e7in harika bir pazarlama arac\u0131 da olabilir.<\/p>\n<p style=\"list-style-type: revert\">Tohumlu \u00e7evre dostu kalemleri kullanman\u0131n bir di\u011fer faydas\u0131 da geleneksel kalemlere k\u0131yasla kullan\u0131mlar\u0131n\u0131n daha rahat olmas\u0131d\u0131r. Kalemin bitki bazl\u0131 g\u00f6vdesi daha iyi bir tutu\u015f sa\u011flar ve elde daha do\u011fal bir his verir. Ayr\u0131ca, kalemde kullan\u0131lan m\u00fcrekkep genellikle daha p\u00fcr\u00fczs\u00fcz ve daha tutarl\u0131d\u0131r, bu da daha iyi bir yazma deneyimi sa\u011flar.<\/p>\n<h3 style=\"list-style-type: revert;font-size: 19px\">Tohumlu \u00c7evre Dostu Kalem \u00c7evreye Nas\u0131l Yard\u0131mc\u0131 Oluyor?<\/h3>\n<p style=\"list-style-type: revert\">Tohumlu \u00e7evre dostu kalemler \u00e7evreye \u00e7e\u015fitli \u015fekillerde yard\u0131mc\u0131 oluyor. \u0130lk olarak, \u00e7\u00f6p sahalar\u0131na ve okyanuslara kar\u0131\u015fan plastik at\u0131k miktar\u0131n\u0131 azalt\u0131yorlar. \u0130kinci olarak, insanlar\u0131 daha fazla a\u011fa\u00e7 ve bitki dikmeye te\u015fvik ederek ormans\u0131zla\u015fmayla m\u00fccadeleye ve hava kalitesini art\u0131rmaya yard\u0131mc\u0131 oluyorlar. \u00dc\u00e7\u00fcnc\u00fc olarak, s\u00fcrd\u00fcr\u00fclebilirli\u011fi te\u015fvik ediyor ve insanlar\u0131 \u00e7evre \u00fczerindeki etkileri hakk\u0131nda d\u00fc\u015f\u00fcnmeye te\u015fvik ediyorlar.<\/p>\n<p style=\"list-style-type: revert\">Tohumlu \u00e7evre dostu kalemler, insanlar\u0131 s\u00fcrd\u00fcr\u00fclebilirlik konusunda e\u011fitmenin bir yolu olarak da kullan\u0131labilir. \u0130\u015fletmeler ve bireyler bu kalemleri kullanarak at\u0131klar\u0131 azaltman\u0131n ve s\u00fcrd\u00fcr\u00fclebilir bir gelece\u011fe katk\u0131da bulunman\u0131n \u00f6nemi hakk\u0131nda bir konu\u015fma ba\u015flatabilirler.<\/p>\n<h3 style=\"list-style-type: revert;font-size: 19px\">\u0130\u015fletmeler i\u00e7in \u00c7evre Dostu Uygulamalar<\/h3>\n<p style=\"list-style-type: revert\">\u0130\u015fletmeler de daha \u00e7evre dostu olmak ve s\u00fcrd\u00fcr\u00fclebilirli\u011fe katk\u0131da bulunmak i\u00e7in ad\u0131mlar atabilir. G\u00f6z \u00f6n\u00fcnde bulundurulmas\u0131 gereken baz\u0131 uygulamalar aras\u0131nda ka\u011f\u0131t at\u0131klar\u0131n azalt\u0131lmas\u0131, yenilenebilir enerji kaynaklar\u0131n\u0131n kullan\u0131lmas\u0131 ve \u00e7al\u0131\u015fanlar i\u00e7in ara\u00e7 payla\u015f\u0131m\u0131 veya toplu ta\u015f\u0131man\u0131n te\u015fvik edilmesi yer almaktad\u0131r. Bu uygulamalar\u0131 hayata ge\u00e7irerek i\u015fletmeler yaln\u0131zca \u00e7evreye yard\u0131mc\u0131 olmakla kalmaz, ayn\u0131 zamanda enerji ve at\u0131k bertaraf maliyetlerinden de tasarruf edebilirler.<\/p>\n<h3 style=\"list-style-type: revert;font-size: 19px\">S\u00fcrd\u00fcr\u00fclebilirli\u011fin Gelece\u011fi<\/h3>\n<p style=\"list-style-type: revert\">S\u00fcrd\u00fcr\u00fclebilirli\u011fin gelece\u011fi bug\u00fcnk\u00fc eylemlerimize ba\u011fl\u0131d\u0131r. Tohumlu kalemler gibi \u00e7evre dostu \u00fcr\u00fcnler kullanarak ve i\u015fyerlerimizde s\u00fcrd\u00fcr\u00fclebilir uygulamalar\u0131 hayata ge\u00e7irerek hepimiz daha s\u00fcrd\u00fcr\u00fclebilir bir gelece\u011fe katk\u0131da bulunabiliriz. Ancak, s\u00fcrd\u00fcr\u00fclebilirli\u011fin bir var\u0131\u015f noktas\u0131 de\u011fil, bir yolculuk oldu\u011funu unutmamak \u00f6nemlidir. S\u00fcrd\u00fcr\u00fclebilirli\u011fin \u00f6nemi konusunda kendimizi ve ba\u015fkalar\u0131n\u0131 e\u011fitmeye devam etmeli ve \u00e7evre \u00fczerindeki etkimizi azaltmak i\u00e7in harekete ge\u00e7meliyiz.<\/p>\n<h3 style=\"list-style-type: revert;font-size: 19px\">\u00c7\u00f6z\u00fcm<\/h3>\n<p style=\"list-style-type: revert\">Sonu\u00e7 olarak, tohumlu \u00e7evre dostu kalemler geleneksel kalemlere s\u00fcrd\u00fcr\u00fclebilir ve pratik bir alternatiftir. Bu kalemleri kullanarak at\u0131klar\u0131 azaltabilir, ekimi te\u015fvik edebilir ve s\u00fcrd\u00fcr\u00fclebilirli\u011fi destekleyebiliriz. \u0130\u015fletmeler ve bireyler de daha \u00e7evre dostu olmak i\u00e7in ad\u0131mlar atabilir ve daha s\u00fcrd\u00fcr\u00fclebilir bir gelece\u011fe katk\u0131da bulunabilirler. Hepimiz daha s\u00fcrd\u00fcr\u00fclebilir bir d\u00fcnya i\u00e7in k\u00fc\u00e7\u00fck ad\u0131mlar atal\u0131m.<\/p><\/p>","protected":false},"excerpt":{"rendered":"<p>\u00c7evre dostu, tohumlu kalemimizle tan\u0131\u015f\u0131n \u2013 \u00e7evreye duyarl\u0131 bireyler i\u00e7in m\u00fckemmel bir yaz\u0131 arac\u0131! Biyolojik olarak par\u00e7alanabilen malzemelerden yap\u0131lm\u0131\u015f olan bu kalemin ucunda, kullan\u0131mdan sonra ekilebilecek bir tohum kaps\u00fcl\u00fc bulunur. Kaps\u00fcl\u00fc \u00e7\u0131kar\u0131n, topra\u011fa ekin ve g\u00fczel bir bitkiye d\u00f6n\u00fc\u015fmesini izleyin. \u015e\u0131k tasar\u0131m\u0131 ve ak\u0131c\u0131 yazma deneyimiyle bu \u00e7evre dostu kalem, y\u00fcksek kaliteli bir yaz\u0131 arac\u0131n\u0131n keyfini \u00e7\u0131kar\u0131rken \u00e7evreye olan etkinizi azaltman\u0131n harika bir yoludur. \u00c7evre dostu tohumlu kalemimizle olumlu bir fark yarat\u0131n.<\/p><\/p>","protected":false},"featured_media":17889,"comment_status":"open","ping_status":"closed","template":"","meta":[],"product_cat":[67],"product_tag":[728,729,650,734,727,726,733,732,731,730],"acf":[],"_links":{"self":[{"href":"https:\/\/www.garden-kit.com\/tr\/wp-json\/wp\/v2\/product\/14894"}],"collection":[{"href":"https:\/\/www.garden-kit.com\/tr\/wp-json\/wp\/v2\/product"}],"about":[{"href":"https:\/\/www.garden-kit.com\/tr\/wp-json\/wp\/v2\/types\/product"}],"replies":[{"embeddable":true,"href":"https:\/\/www.garden-kit.com\/tr\/wp-json\/wp\/v2\/comments?post=14894"}],"wp:featuredmedia":[{"embeddable":true,"href":"https:\/\/www.garden-kit.com\/tr\/wp-json\/wp\/v2\/media\/17889"}],"wp:attachment":[{"href":"https:\/\/www.garden-kit.com\/tr\/wp-json\/wp\/v2\/media?parent=14894"}],"wp:term":[{"taxonomy":"product_cat","embeddable":true,"href":"https:\/\/www.garden-kit.com\/tr\/wp-json\/wp\/v2\/product_cat?post=14894"},{"taxonomy":"product_tag","embeddable":true,"href":"https:\/\/www.garden-kit.com\/tr\/wp-json\/wp\/v2\/product_tag?post=14894"}],"curies":[{"name":"wp","href":"https:\/\/api.w.org\/{rel}","templated":true}]}}