{"id":1495,"date":"2022-08-23T23:39:01","date_gmt":"2022-08-23T15:39:01","guid":{"rendered":"http:\/\/www.garden-kit.com\/product\/herbs-grow-kit\/"},"modified":"2023-03-31T16:32:40","modified_gmt":"2023-03-31T08:32:40","slug":"herbs-grow-kit","status":"publish","type":"product","link":"https:\/\/www.garden-kit.com\/tr\/product\/herbs-grow-kit\/","title":{"rendered":"Otlar Yeti\u015ftirme Kiti"},"content":{"rendered":"<h3 style=\"line-height: 1.5;font-size: 19px\"><span style=\"font-family: arial, helvetica, sans-serif;font-size: 16px\">Genel Bak\u0131\u015f<\/span><\/h3>\n<table style=\"border-collapse: collapse;width: 100%;height: 262px\">\n<tbody>\n<tr style=\"height: 30.6875px\">\n<td style=\"width: 49.4196%;height: 30.6875px\" width=\"298\"><span style=\"font-family: arial, helvetica, sans-serif;font-size: 16px\">\u00dcr\u00fcn Bak\u0131m Talimatlar\u0131<\/span><\/td>\n<td style=\"width: 49.4196%;height: 30.6875px\" width=\"298\"><span style=\"font-family: arial, helvetica, sans-serif;font-size: 16px\">Mevcut<\/span><\/td>\n<\/tr>\n<tr style=\"height: 30.6875px\">\n<td style=\"width: 49.4196%;height: 30.6875px\" width=\"298\"><span style=\"font-family: arial, helvetica, sans-serif;font-size: 16px\">Bitki \u00dcr\u00fcn Tipi<\/span><\/td>\n<td style=\"width: 49.4196%;height: 30.6875px\" width=\"298\"><span style=\"font-family: arial, helvetica, sans-serif;font-size: 16px\">Otlar<\/span><\/td>\n<\/tr>\n<tr style=\"height: 30.6875px\">\n<td style=\"width: 49.4196%;height: 30.6875px\" width=\"298\"><span style=\"font-family: arial, helvetica, sans-serif;font-size: 16px\">\u00d6zel \u00f6zellik<\/span><\/td>\n<td style=\"width: 49.4196%;height: 30.6875px\" width=\"298\"><span style=\"font-family: arial, helvetica, sans-serif;font-size: 16px\">Kapal\u0131-A\u00e7\u0131k Yeti\u015ftirme<\/span><\/td>\n<\/tr>\n<tr style=\"height: 30.6875px\">\n<td style=\"width: 49.4196%;height: 30.6875px\" width=\"298\"><span style=\"font-family: arial, helvetica, sans-serif;font-size: 16px\">Marka<\/span><\/td>\n<td style=\"width: 49.4196%;height: 30.6875px\" width=\"298\"><span style=\"font-family: arial, helvetica, sans-serif;font-size: 16px\">Bah\u00e7e Seti<\/span><\/td>\n<\/tr>\n<tr style=\"height: 30.6875px\">\n<td style=\"width: 49.4196%;height: 30.6875px\" width=\"298\"><span style=\"font-family: arial, helvetica, sans-serif;font-size: 16px\">Anavatan<\/span><\/td>\n<td style=\"width: 49.4196%;height: 30.6875px\" width=\"298\"><span style=\"font-family: arial, helvetica, sans-serif;font-size: 16px\">Fujian, \u00c7in<\/span><\/td>\n<\/tr>\n<tr style=\"height: 30.6875px\">\n<td style=\"width: 49.4196%;height: 30.6875px\" width=\"298\"><span style=\"font-family: arial, helvetica, sans-serif;font-size: 16px\">ODM\/OEM<\/span><\/td>\n<td style=\"width: 49.4196%;height: 30.6875px\" width=\"298\"><span style=\"font-family: arial, helvetica, sans-serif;font-size: 16px\">Mevcut<\/span><\/td>\n<\/tr>\n<tr style=\"height: 35.6875px\">\n<td style=\"width: 49.4196%;height: 35.6875px\" width=\"298\"><span style=\"font-family: arial, helvetica, sans-serif;font-size: 16px\">\u00d6zelle\u015ftirilmi\u015f sipari\u015f i\u00e7in MOQ<\/span><\/td>\n<td style=\"width: 49.4196%;height: 35.6875px\" width=\"298\"><span style=\"font-family: arial, helvetica, sans-serif;font-size: 16px\">3000 adet<\/span><\/td>\n<\/tr>\n<tr style=\"height: 42.1875px\">\n<td style=\"width: 49.4196%;height: 42.1875px\" width=\"298\"><span style=\"font-family: arial, helvetica, sans-serif;font-size: 16px\">\u00d6rnek maliyet<\/span><\/td>\n<td style=\"width: 49.4196%;height: 42.1875px\" width=\"298\"><span style=\"font-family: arial, helvetica, sans-serif;font-size: 16px\">US$400\/\u00d6rnek, bizden sipari\u015f verdikten sonra tam iade<\/span><\/td>\n<\/tr>\n<\/tbody>\n<\/table>\n<p style=\"line-height: 1.5\">&nbsp;<\/p>\n<p style=\"line-height: 1.5\"><span style=\"font-family: arial, helvetica, sans-serif;font-size: 16px\">Her \u015eey Dahil \u2013 \u0130\u00e7 mekan bitki bah\u00e7esi kitinizi onunla birlikte b\u00fcy\u00fctmek i\u00e7in ihtiyac\u0131n\u0131z olan her \u015feyle ba\u015flay\u0131n. 8 \u00e7e\u015fit bitki tohumu, saks\u0131lar, tabaklar, bitki belirte\u00e7leri, turba, beslenme paketleri ve ayr\u0131nt\u0131l\u0131 bir yeti\u015ftirme rehberi i\u00e7eren eksiksiz kitiniz.<\/span><\/p>\n<p style=\"line-height: 1.5\"><span style=\"font-family: arial, helvetica, sans-serif;font-size: 16px\">Haz\u0131rlanm\u0131\u015f 42 Par\u00e7a \u0130\u00e7 Mekan Bitki Ba\u015flang\u0131\u00e7 Seti: Kendinizin veya sevdi\u011finiz birinin hayat\u0131na lezzetli otlar yeti\u015ftirmenin keyfini katmak i\u00e7in ihtiyac\u0131n\u0131z olan her \u015fey. \u00c7ok basit - tohumdan bitki yeti\u015ftirme konusundaki tahminlerimiz, size her ad\u0131mda rehberlik ediyor. Dikin!<\/span><\/p>\n<p style=\"line-height: 1.5\">&nbsp;<\/p>\n<p style=\"line-height: 1.5\"><span style=\"font-family: arial, helvetica, sans-serif;font-size: 16px\">A\u015fa\u011f\u0131daki \u00f6\u011feler kit i\u00e7erisinde yer almaktad\u0131r.<\/span><\/p>\n<p style=\"line-height: 1.5\"><span style=\"font-family: arial, helvetica, sans-serif;font-size: 16px\">4 adet bambu elyaf saks\u0131<\/span><\/p>\n<p style=\"line-height: 1.5\"><span style=\"font-family: arial, helvetica, sans-serif;font-size: 16px\">4 \u00f6nceden g\u00fcbrelenmi\u015f toprak dis<\/span><\/p>\n<p style=\"line-height: 1.5\"><span style=\"font-family: arial, helvetica, sans-serif;font-size: 16px\">4 adet taze kalan tohum paketi<\/span><\/p>\n<p style=\"line-height: 1.5\"><span style=\"font-family: arial, helvetica, sans-serif;font-size: 16px\">4 adet bambu bitki belirteci<\/span><\/p>\n<p style=\"line-height: 1.5\"><span style=\"font-family: arial, helvetica, sans-serif;font-size: 16px\">1 nem \u00f6l\u00e7er<\/span><\/p>\n<p style=\"line-height: 1.5\"><span style=\"font-family: arial, helvetica, sans-serif;font-size: 16px\">1 Ad\u0131m ad\u0131m ekim k\u0131lavuzu<\/span><\/p>\n<p style=\"line-height: 1.5\"><span style=\"font-family: arial, helvetica, sans-serif;font-size: 16px\">1 adet \u00f6zelle\u015ftirilmi\u015f hediye kutusu<\/span><\/p>\n<p style=\"line-height: 1.5\">&nbsp;<\/p>\n<p style=\"line-height: 1.5\"><span style=\"font-family: arial, helvetica, sans-serif;font-size: 16px\">Grow to Gardening - Acemi dostu kitinizle kolayl\u0131kla lezzetli ev bitkileri yeti\u015ftirin. Verandan\u0131zda, pencere kenar\u0131nda veya kitapl\u0131\u011f\u0131n\u0131zda, Amerikan kaynakl\u0131 bitki tohumlar\u0131n\u0131z filizlenerek g\u00fczel bir mini bah\u00e7eye d\u00f6n\u00fc\u015f\u00fcr<\/span><\/p>\n<p style=\"line-height: 1.5\">&nbsp;<\/p>\n<p style=\"line-height: 1.5\"><span style=\"font-family: arial, helvetica, sans-serif;font-size: 16px\">Lezzetli \u00c7e\u015fitlilik - Ev yemeklerinizi taze, aromatik tatlarla zenginle\u015ftiren bir i\u00e7 mekan bah\u00e7esinin keyfini \u00e7\u0131kar\u0131n. Bitki bazl\u0131 kekik, kekik, melisa, maydanoz, fesle\u011fen, k\u0131v\u0131rc\u0131k frenk maydanozu, ki\u015fni\u015f ve biberiye.<\/span><\/p>\n<p style=\"line-height: 1.5\">&nbsp;<\/p>\n<p style=\"line-height: 1.5\"><span style=\"font-family: arial, helvetica, sans-serif;font-size: 16px\">Uzman Rehberli\u011fi - \u0130\u00e7 mekan bitki bah\u00e7enizdeki her bitkiye \u00f6zel ilgi g\u00f6sterin, uzun ve g\u00fc\u00e7l\u00fc b\u00fcy\u00fcmeleri gerekir. M\u00fckemmel ayd\u0131nlatma, sulama, ekim ve toplama i\u015flemlerini ger\u00e7ekle\u015ftirmek i\u00e7in ekim k\u0131lavuzunuzu kullan\u0131n.<\/span><\/p>\n<p style=\"line-height: 1.5\">&nbsp;<\/p>\n<p style=\"line-height: 1.5\"><span style=\"font-family: arial, helvetica, sans-serif;font-size: 16px\">Sevin\u00e7le B\u00fcy\u00fcy\u00fcn - Hem acemiler hem de uzmanlar i\u00e7in g\u00fc\u00e7lendirilmi\u015f Tohum Ba\u015flang\u0131\u00e7 Setinizi Hissedin. Bitki yeti\u015ftirme kitiniz bunu kolayla\u015ft\u0131r\u0131r ve biz de bah\u00e7enizi evde yeti\u015ftirebilece\u011finiz bir ba\u015far\u0131ya d\u00f6n\u00fc\u015ft\u00fcrmenize yard\u0131mc\u0131 olmak i\u00e7in buraday\u0131z<\/span><\/p>\n<p style=\"line-height: 1.5\">&nbsp;<\/p><\/p>","protected":false},"excerpt":{"rendered":"<p>8 \u00c7e\u015fitli Bitki Bah\u00e7esi Seti \u0130\u00e7 ve D\u0131\u015f Mekan - Saks\u0131lar, Saks\u0131 Topra\u011f\u0131 ve Pencere Bitki Bah\u00e7esi i\u00e7in Ayr\u0131nt\u0131l\u0131 Bah\u00e7ecilik K\u0131lavuzu ile B\u00fcy\u00fcy\u00fcn - Kad\u0131nlar ve Erkekler i\u00e7in DIY Bah\u00e7e Seti Hediyeleri<\/p>","protected":false},"featured_media":12992,"comment_status":"open","ping_status":"closed","template":"","meta":[],"product_cat":[50],"product_tag":[352,176,181,53,56,182],"acf":[],"_links":{"self":[{"href":"https:\/\/www.garden-kit.com\/tr\/wp-json\/wp\/v2\/product\/1495"}],"collection":[{"href":"https:\/\/www.garden-kit.com\/tr\/wp-json\/wp\/v2\/product"}],"about":[{"href":"https:\/\/www.garden-kit.com\/tr\/wp-json\/wp\/v2\/types\/product"}],"replies":[{"embeddable":true,"href":"https:\/\/www.garden-kit.com\/tr\/wp-json\/wp\/v2\/comments?post=1495"}],"wp:featuredmedia":[{"embeddable":true,"href":"https:\/\/www.garden-kit.com\/tr\/wp-json\/wp\/v2\/media\/12992"}],"wp:attachment":[{"href":"https:\/\/www.garden-kit.com\/tr\/wp-json\/wp\/v2\/media?parent=1495"}],"wp:term":[{"taxonomy":"product_cat","embeddable":true,"href":"https:\/\/www.garden-kit.com\/tr\/wp-json\/wp\/v2\/product_cat?post=1495"},{"taxonomy":"product_tag","embeddable":true,"href":"https:\/\/www.garden-kit.com\/tr\/wp-json\/wp\/v2\/product_tag?post=1495"}],"curies":[{"name":"wp","href":"https:\/\/api.w.org\/{rel}","templated":true}]}}