{"id":1507,"date":"2022-08-23T23:41:02","date_gmt":"2022-08-23T15:41:02","guid":{"rendered":"http:\/\/www.garden-kit.com\/product\/indoor-herb-garden-starter-kit\/"},"modified":"2023-04-03T11:35:52","modified_gmt":"2023-04-03T03:35:52","slug":"indoor-herb-garden-starter-kit-2","status":"publish","type":"product","link":"https:\/\/www.garden-kit.com\/tr\/product\/indoor-herb-garden-starter-kit-2\/","title":{"rendered":"Kapal\u0131 Bitki Bah\u00e7esi Ba\u015flang\u0131\u00e7 Seti"},"content":{"rendered":"<h3 style=\"line-height: 1.5;font-size: 19px\"><span style=\"font-family: arial, helvetica, sans-serif;font-size: 16px\">Genel Bak\u0131\u015f<\/span><\/h3>\n<table style=\"border-collapse: collapse;width: 100%;height: 248px\">\n<tbody>\n<tr style=\"height: 30.8438px\">\n<td style=\"width: 49.4196%;height: 30.8438px\" width=\"298\"><span style=\"font-family: arial, helvetica, sans-serif;font-size: 16px\">\u00dcr\u00fcn Bak\u0131m Talimatlar\u0131<\/span><\/td>\n<td style=\"width: 49.4196%;height: 30.8438px\" width=\"298\"><span style=\"font-family: arial, helvetica, sans-serif;font-size: 16px\">Mevcut<\/span><\/td>\n<\/tr>\n<tr style=\"height: 30.8438px\">\n<td style=\"width: 49.4196%;height: 30.8438px\" width=\"298\"><span style=\"font-family: arial, helvetica, sans-serif;font-size: 16px\">Bitki \u00dcr\u00fcn Tipi<\/span><\/td>\n<td style=\"width: 49.4196%;height: 30.8438px\" width=\"298\"><span style=\"font-family: arial, helvetica, sans-serif;font-size: 16px\">Otlar<\/span><\/td>\n<\/tr>\n<tr style=\"height: 30.8438px\">\n<td style=\"width: 49.4196%;height: 30.8438px\" width=\"298\"><span style=\"font-family: arial, helvetica, sans-serif;font-size: 16px\">\u00d6zel \u00f6zellik<\/span><\/td>\n<td style=\"width: 49.4196%;height: 30.8438px\" width=\"298\"><span style=\"font-family: arial, helvetica, sans-serif;font-size: 16px\">Kapal\u0131-A\u00e7\u0131k Yeti\u015ftirme<\/span><\/td>\n<\/tr>\n<tr style=\"height: 30.8438px\">\n<td style=\"width: 49.4196%;height: 30.8438px\" width=\"298\"><span style=\"font-family: arial, helvetica, sans-serif;font-size: 16px\">Marka<\/span><\/td>\n<td style=\"width: 49.4196%;height: 30.8438px\" width=\"298\"><span style=\"font-family: arial, helvetica, sans-serif;font-size: 16px\">Bah\u00e7e Seti<\/span><\/td>\n<\/tr>\n<tr style=\"height: 30.8438px\">\n<td style=\"width: 49.4196%;height: 30.8438px\" width=\"298\"><span style=\"font-family: arial, helvetica, sans-serif;font-size: 16px\">Anavatan<\/span><\/td>\n<td style=\"width: 49.4196%;height: 30.8438px\" width=\"298\"><span style=\"font-family: arial, helvetica, sans-serif;font-size: 16px\">Fujian, \u00c7in<\/span><\/td>\n<\/tr>\n<tr style=\"height: 30.8438px\">\n<td style=\"width: 49.4196%;height: 30.8438px\" width=\"298\"><span style=\"font-family: arial, helvetica, sans-serif;font-size: 16px\">ODM\/OEM<\/span><\/td>\n<td style=\"width: 49.4196%;height: 30.8438px\" width=\"298\"><span style=\"font-family: arial, helvetica, sans-serif;font-size: 16px\">Mevcut<\/span><\/td>\n<\/tr>\n<tr style=\"height: 30.8438px\">\n<td style=\"width: 49.4196%;height: 30.8438px\" width=\"298\"><span style=\"font-family: arial, helvetica, sans-serif;font-size: 16px\">\u00d6zelle\u015ftirilmi\u015f sipari\u015f i\u00e7in MOQ<\/span><\/td>\n<td style=\"width: 49.4196%;height: 30.8438px\" width=\"298\"><span style=\"font-family: arial, helvetica, sans-serif;font-size: 16px\">3000 adet<\/span><\/td>\n<\/tr>\n<tr style=\"height: 32.0938px\">\n<td style=\"width: 49.4196%;height: 32.0938px\" width=\"298\"><span style=\"font-family: arial, helvetica, sans-serif;font-size: 16px\">\u00d6rnek maliyet<\/span><\/td>\n<td style=\"width: 49.4196%;height: 32.0938px\" width=\"298\"><span style=\"font-family: arial, helvetica, sans-serif;font-size: 16px\">US$400\/\u00d6rnek, bizden sipari\u015f verdikten sonra tam iade<\/span><\/td>\n<\/tr>\n<\/tbody>\n<\/table>\n<p style=\"line-height: 1.5\">&nbsp;<\/p>\n<p style=\"line-height: 1.5\"><span style=\"font-family: arial, helvetica, sans-serif;font-size: 16px\">Haz\u0131rlanan 18 Par\u00e7a \u0130\u00e7 Mekan Bitki Ba\u015flang\u0131\u00e7 Seti: Lezzetli \u015fifal\u0131 bitkiler yeti\u015ftirmenin keyfini sizin veya sevdi\u011finiz birinin hayat\u0131na ta\u015f\u0131mak i\u00e7in ihtiyac\u0131n\u0131z olan her \u015fey. \u00c7ok basit; tohumdan bitki yeti\u015ftirme konusundaki tahminlerimiz size yolun her ad\u0131m\u0131nda rehberlik ediyor. Dik!<\/span><\/p>\n<p style=\"line-height: 1.5\">&nbsp;<\/p>\n<p style=\"line-height: 1.5\"><span style=\"font-family: arial, helvetica, sans-serif;font-size: 16px\">A\u015fa\u011f\u0131daki \u00f6\u011feler kit i\u00e7erisinde yer almaktad\u0131r.<\/span><\/p>\n<p style=\"line-height: 1.5\"><span style=\"font-family: arial, helvetica, sans-serif;font-size: 16px\">4 paket i\u00e7 mekan bitkileri i\u00e7in tohum,<\/span><\/p>\n<p style=\"line-height: 1.5\"><span style=\"font-family: arial, helvetica, sans-serif;font-size: 16px\">1 bah\u00e7e makas\u0131,<\/span><\/p>\n<p style=\"line-height: 1.5\"><span style=\"font-family: arial, helvetica, sans-serif;font-size: 16px\">4 adet \u00e7uval bezi yeti\u015ftirme torbas\u0131,<\/span><\/p>\n<p style=\"line-height: 1.5\"><span style=\"font-family: arial, helvetica, sans-serif;font-size: 16px\">4 adet saks\u0131 topra\u011f\u0131 diski,<\/span><\/p>\n<p style=\"line-height: 1.5\"><span style=\"font-family: arial, helvetica, sans-serif;font-size: 16px\">4 adet bambu bitki kalemi,<\/span><\/p>\n<p style=\"line-height: 1.5\"><span style=\"font-family: arial, helvetica, sans-serif;font-size: 16px\">1 ekici ah\u015fap kutu<\/span><\/p>\n<p style=\"line-height: 1.5\">&nbsp;<\/p>\n<p style=\"line-height: 1.5\"><span style=\"font-family: arial, helvetica, sans-serif;font-size: 16px\">Kendi Bitki Bah\u00e7enizi Yeti\u015ftirin: Mutfa\u011f\u0131n\u0131zdaki bitki bah\u00e7esinden do\u011frudan taba\u011f\u0131n\u0131za kadar evde yeti\u015ftirilen ki\u015fni\u015f, b\u00fcy\u00fck yaprakl\u0131 \u0130talyan maydanozu, \u0130ngiliz keki\u011fi ve Ceneviz fesle\u011feninin taze lezzetlerinin tad\u0131n\u0131 \u00e7\u0131kar\u0131n! \u0130ster ilk nane bitkinizi yeni ekmi\u015f olun, ister halihaz\u0131rda bir kapal\u0131 bah\u00e7e uzman\u0131 olun, bitki bah\u00e7esi kitlerimiz, kapal\u0131 bitki bah\u00e7enizde geli\u015fmeniz i\u00e7in taze hasat edilmi\u015f, y\u00fcksek kaliteli tohumlar i\u00e7erir.<\/span><\/p>\n<p style=\"line-height: 1.5\">&nbsp;<\/p>\n<p style=\"line-height: 1.5\"><span style=\"font-family: arial, helvetica, sans-serif;font-size: 16px\">Pencere kenar\u0131ndaki bitki bah\u00e7eniz i\u00e7in ihtiyac\u0131n\u0131z olan her \u015fey: Kapal\u0131 bitki bah\u00e7esi ba\u015flang\u0131\u00e7 kitimiz, ayr\u0131nt\u0131l\u0131 talimatlar dahil olmak \u00fczere ba\u015flaman\u0131z i\u00e7in gereken t\u00fcm malzemeleri zaten i\u00e7erir: 4 paket ev bitkisi tohumu, bah\u00e7e makas\u0131, 4 \u00e7uval yeti\u015ftirme torbas\u0131, 4 saks\u0131 topra\u011f\u0131 tepsisi, 4 adet bambu bitki kalemi ve saks\u0131 olarak da kullan\u0131labilen bir ah\u015fap kutu. Anaokuluna fazladan gezi yok!<\/span><\/p>\n<p style=\"line-height: 1.5\">&nbsp;<\/p>\n<p style=\"line-height: 1.5\"><span style=\"font-family: arial, helvetica, sans-serif;font-size: 16px\">Uzman B\u00fcy\u00fcme Deste\u011fi: Destekleme s\u00f6z konusu oldu\u011funda beklenenin \u00e7ok \u00f6tesine ge\u00e7tik. Bitki Bah\u00e7esi Ba\u015flang\u0131\u00e7 Kitimiz, sorular\u0131 yan\u0131tlamak i\u00e7in bah\u00e7ecilik uzmanlar\u0131 ve bah\u00e7\u0131vanlardan olu\u015fan bir ekiple birlikte gelir; bir yeti\u015ftirici, di\u011fer m\u00fc\u015fterilerden ekstra yard\u0131m almak i\u00e7in \u00f6zel bir FB yeti\u015ftirici toplulu\u011fu olan FB Messenger arac\u0131l\u0131\u011f\u0131yla \u00e7al\u0131\u015fan botlara yard\u0131mc\u0131 olur ve bah\u00e7\u0131van\u0131m\u0131z\u0131n \u00d6nerileri, ayr\u0131nt\u0131l\u0131 talimatlar ve e\u011fitici videolar ile birlikte gelir. . Sadece bir i\u00e7 mekan bitki seti sat\u0131n alm\u0131yorsunuz, ayn\u0131 zamanda bah\u00e7ecilik yolculu\u011funuz hakk\u0131nda rehberlik al\u0131yorsunuz!<\/span><\/p>\n<p style=\"line-height: 1.5\">&nbsp;<\/p>\n<p style=\"line-height: 1.5\"><span style=\"font-family: arial, helvetica, sans-serif;font-size: 16px\">Ye\u015fil Ba\u015fparmaklar ve Acemi Bah\u00e7\u0131vanlar i\u00e7in Benzersiz Hediyeler: Bitki kitlerimiz yeni eve ta\u015f\u0131nma hediyeleri, \u00e7ocuklar i\u00e7in bitki yeti\u015ftirme kitleri, a\u015f\u00e7\u0131lar ve yemek yapmay\u0131 sevenler i\u00e7in hediyeler, kad\u0131nlar i\u00e7in hediyeler, bah\u00e7ecilik hediyeleri veya i\u00e7 mekan bah\u00e7ecili\u011fi i\u00e7in bitki yeti\u015ftirmek isteyen herkes i\u00e7in m\u00fckemmeldir. bitki severlere hediye! Durum ne olursa olsun, bu bitkisel set her mutfa\u011fa, pencere pervaz\u0131na veya verandaya harika bir katk\u0131d\u0131r. Hatta yerle\u015fik bitkileri kapal\u0131 bitki bah\u00e7esi kitinden a\u00e7\u0131k havadaki ev bah\u00e7esine bile aktarabilirsiniz!<\/span><\/p>\n<p style=\"line-height: 1.5\">&nbsp;<\/p>\n<p style=\"line-height: 1.5\"><span style=\"font-family: arial, helvetica, sans-serif;font-size: 16px\">Daima \u00c7in&#039;de Yeti\u015ftirildi: Bah\u00e7e setinde amac\u0131m\u0131z bitki yeti\u015ftirme sanat\u0131n\u0131 basit ve kolay hale getirmektir. herkesin eri\u015fimine a\u00e7\u0131k. Kapal\u0131 bah\u00e7e yolculu\u011funuzun ba\u015far\u0131l\u0131 olmas\u0131n\u0131 dileriz! Ata yadigar\u0131m\u0131z, GDO&#039;suz bitkisel tohumlar\u0131m\u0131z her zaman \u00c7in&#039;de yeti\u015ftirilir ve test edilir<\/span><\/p><\/p>","protected":false},"excerpt":{"rendered":"<p>Yadig\u00e2r, GDO&#039;suz Bitki Tohumlar\u0131 \u2013 Fesle\u011fen Kekik Maydanoz Ki\u015fni\u015f Tohumu, Saks\u0131 Topra\u011f\u0131, Saks\u0131lar, Makas \u2013 \u0130\u00e7 Mekanda, Mutfakta, Balkonda, Pencere Pervaz\u0131nda Bitki Yeti\u015ftirmek i\u00e7in Kendin Yap Yeti\u015ftirme Kitleri<\/p>","protected":false},"featured_media":13342,"comment_status":"open","ping_status":"closed","template":"","meta":[],"product_cat":[50],"product_tag":[183,179,181,55,178],"acf":[],"_links":{"self":[{"href":"https:\/\/www.garden-kit.com\/tr\/wp-json\/wp\/v2\/product\/1507"}],"collection":[{"href":"https:\/\/www.garden-kit.com\/tr\/wp-json\/wp\/v2\/product"}],"about":[{"href":"https:\/\/www.garden-kit.com\/tr\/wp-json\/wp\/v2\/types\/product"}],"replies":[{"embeddable":true,"href":"https:\/\/www.garden-kit.com\/tr\/wp-json\/wp\/v2\/comments?post=1507"}],"wp:featuredmedia":[{"embeddable":true,"href":"https:\/\/www.garden-kit.com\/tr\/wp-json\/wp\/v2\/media\/13342"}],"wp:attachment":[{"href":"https:\/\/www.garden-kit.com\/tr\/wp-json\/wp\/v2\/media?parent=1507"}],"wp:term":[{"taxonomy":"product_cat","embeddable":true,"href":"https:\/\/www.garden-kit.com\/tr\/wp-json\/wp\/v2\/product_cat?post=1507"},{"taxonomy":"product_tag","embeddable":true,"href":"https:\/\/www.garden-kit.com\/tr\/wp-json\/wp\/v2\/product_tag?post=1507"}],"curies":[{"name":"wp","href":"https:\/\/api.w.org\/{rel}","templated":true}]}}