{"id":1516,"date":"2022-08-23T23:41:47","date_gmt":"2022-08-23T15:41:47","guid":{"rendered":"http:\/\/www.garden-kit.com\/product\/indoor-herb-garden-kit\/"},"modified":"2023-04-03T11:34:17","modified_gmt":"2023-04-03T03:34:17","slug":"indoor-herb-garden-kit","status":"publish","type":"product","link":"https:\/\/www.garden-kit.com\/tr\/product\/indoor-herb-garden-kit\/","title":{"rendered":"Kapal\u0131 Bitki Bah\u00e7esi Seti"},"content":{"rendered":"<h3 style=\"font-size: 19px\"><span style=\"font-family: arial, helvetica, sans-serif;font-size: 16px\">Genel Bak\u0131\u015f<\/span><\/h3>\n<table style=\"border-collapse: collapse;width: 100%;height: 300px\">\n<tbody>\n<tr style=\"height: 21px\">\n<td style=\"width: 49.2308%;height: 21px\" width=\"224\"><span style=\"font-family: arial, helvetica, sans-serif;font-size: 16px\">\u00dcr\u00fcn Bak\u0131m Talimatlar\u0131<\/span><\/td>\n<td style=\"width: 49.2308%;height: 21px\" width=\"224\"><span style=\"font-family: arial, helvetica, sans-serif;font-size: 16px\">Mevcut<\/span><\/td>\n<\/tr>\n<tr style=\"height: 21px\">\n<td style=\"width: 49.2308%;height: 21px\" width=\"224\"><span style=\"font-family: arial, helvetica, sans-serif;font-size: 16px\">Bitki \u00dcr\u00fcn Tipi<\/span><\/td>\n<td style=\"width: 49.2308%;height: 21px\" width=\"224\"><span style=\"font-family: arial, helvetica, sans-serif;font-size: 16px\">Otlar<\/span><\/td>\n<\/tr>\n<tr style=\"height: 21px\">\n<td style=\"width: 49.2308%;height: 21px\" width=\"224\"><span style=\"font-family: arial, helvetica, sans-serif;font-size: 16px\">\u00d6zel \u00f6zellik<\/span><\/td>\n<td style=\"width: 49.2308%;height: 21px\" width=\"224\"><span style=\"font-family: arial, helvetica, sans-serif;font-size: 16px\">Kapal\u0131-A\u00e7\u0131k Yeti\u015ftirme<\/span><\/td>\n<\/tr>\n<tr style=\"height: 21px\">\n<td style=\"width: 49.2308%;height: 21px\" width=\"224\"><span style=\"font-family: arial, helvetica, sans-serif;font-size: 16px\">Marka<\/span><\/td>\n<td style=\"width: 49.2308%;height: 21px\" width=\"224\"><span style=\"font-family: arial, helvetica, sans-serif;font-size: 16px\">Bah\u00e7e Seti<\/span><\/td>\n<\/tr>\n<tr style=\"height: 21px\">\n<td style=\"width: 49.2308%;height: 21px\" width=\"224\"><span style=\"font-family: arial, helvetica, sans-serif;font-size: 16px\">Anavatan<\/span><\/td>\n<td style=\"width: 49.2308%;height: 21px\" width=\"224\"><span style=\"font-family: arial, helvetica, sans-serif;font-size: 16px\">Fujian, \u00c7in<\/span><\/td>\n<\/tr>\n<tr style=\"height: 21px\">\n<td style=\"width: 49.2308%;height: 21px\" width=\"224\"><span style=\"font-family: arial, helvetica, sans-serif;font-size: 16px\">ODM\/OEM<\/span><\/td>\n<td style=\"width: 49.2308%;height: 21px\" width=\"224\"><span style=\"font-family: arial, helvetica, sans-serif;font-size: 16px\">Mevcut<\/span><\/td>\n<\/tr>\n<tr style=\"height: 21px\">\n<td style=\"width: 49.2308%;height: 21px\" width=\"224\"><span style=\"font-family: arial, helvetica, sans-serif;font-size: 16px\">\u00d6zelle\u015ftirilmi\u015f sipari\u015f i\u00e7in MOQ<\/span><\/td>\n<td style=\"width: 49.2308%;height: 21px\" width=\"224\"><span style=\"font-family: arial, helvetica, sans-serif;font-size: 16px\">3000 adet<\/span><\/td>\n<\/tr>\n<tr style=\"height: 28px\">\n<td style=\"width: 49.2308%;height: 28px\" width=\"224\"><span style=\"font-family: arial, helvetica, sans-serif;font-size: 16px\">\u00d6rnek maliyet<\/span><\/td>\n<td style=\"width: 49.2308%;height: 28px\" width=\"224\"><span style=\"font-family: arial, helvetica, sans-serif;font-size: 16px\">US$400\/\u00d6rnek, bizden sipari\u015f verdikten sonra tam iade<\/span><\/td>\n<\/tr>\n<\/tbody>\n<\/table>\n<pre>&nbsp;<\/pre>\n<p style=\"line-height: 1.5\"><span style=\"font-family: arial, helvetica, sans-serif;font-size: 16px\">\u0130htiyac\u0131n\u0131z olan her \u015fey tek bir pakette - bu kit, kendi bitki bah\u00e7enizi kurmak i\u00e7in ihtiyac\u0131n\u0131z olan her \u015feyle birlikte gelir. 5 \u00e7e\u015fit bitki tohumu, toprak, bitki i\u015faretleyicileri, yeniden kullan\u0131labilir saks\u0131lar, tepsiler ve takip etmesi kolay ekim talimatlar\u0131. Herhangi bir bilgi veya deneyime ihtiyac\u0131n\u0131z yok! Kitlerimiz ayr\u0131nt\u0131l\u0131 ve resimli talimatlar ve en iyi uygulamalarla ilgili PDF k\u0131lavuzlar\u0131yla birlikte gelir.<\/span><\/p>\n<p style=\"line-height: 1.5\"><span style=\"font-family: arial, helvetica, sans-serif;font-size: 16px\">Haz\u0131rlanm\u0131\u015f 20 Par\u00e7a \u0130\u00e7 Mekan Bitki Ba\u015flang\u0131\u00e7 Seti: Kendinizin veya sevdi\u011finiz birinin hayat\u0131na lezzetli otlar yeti\u015ftirmenin keyfini katmak i\u00e7in ihtiyac\u0131n\u0131z olan her \u015fey. \u00c7ok basit - tohumdan bitki yeti\u015ftirme konusundaki tahminlerimiz, size her ad\u0131mda rehberlik ediyor. Dikin!<\/span><\/p>\n<pre><span style=\"font-family: arial, helvetica, sans-serif;font-size: 16px\"><br \/>A\u015fa\u011f\u0131daki \u00f6\u011feler kit i\u00e7erisinde yer almaktad\u0131r.<\/span><\/pre>\n<p style=\"line-height: 1.5\"><span style=\"font-family: arial, helvetica, sans-serif;font-size: 16px\">4 adet yeniden kullan\u0131labilir su tepsili kap<\/span><\/p>\n<p style=\"line-height: 1.5\"><span style=\"font-family: arial, helvetica, sans-serif;font-size: 16px\">1 beslenme paketi<\/span><\/p>\n<p style=\"line-height: 1.5\"><span style=\"font-family: arial, helvetica, sans-serif;font-size: 16px\">4 adet saks\u0131 topra\u011f\u0131 diski,<\/span><\/p>\n<p style=\"line-height: 1.5\"><span style=\"font-family: arial, helvetica, sans-serif;font-size: 16px\">4 bitki i\u015faret\u00e7isi,<\/span><\/p>\n<p style=\"line-height: 1.5\"><span style=\"font-family: arial, helvetica, sans-serif;font-size: 16px\">5 Bitki tohumu \u00e7e\u015fidi<\/span><\/p>\n<p style=\"line-height: 1.5\"><span style=\"font-family: arial, helvetica, sans-serif;font-size: 16px\">1b\u00fcy\u00fcme k\u0131lavuzu<\/span><\/p>\n<p style=\"line-height: 1.5\"><span style=\"font-family: arial, helvetica, sans-serif;font-size: 16px\">1 hediye kutusu<\/span><\/p>\n<p style=\"line-height: 1.5\">&nbsp;<\/p>\n<p style=\"line-height: 1.5\"><span style=\"font-family: arial, helvetica, sans-serif;font-size: 16px\">D\u00fc\u015f\u00fcnceli bir hediye - evde yeti\u015ftiricili\u011fe yeni ba\u015flayanlar i\u00e7in bah\u00e7e ortam\u0131n\u0131n her tarafa g\u00fcl\u00fcmseme getirece\u011fi ve \u00e7ok keyif alaca\u011f\u0131 kesin. Anneler, babalar, vegan arkada\u015flar, ev a\u015f\u00e7\u0131lar\u0131 veya bah\u00e7e severler i\u00e7in hepsini kazanacaks\u0131n\u0131z! Bu m\u00fckemmel bah\u00e7e hediyesini bug\u00fcn al\u0131n.<\/span><\/p>\n<p style=\"line-height: 1.5\"><span style=\"font-family: arial, helvetica, sans-serif;font-size: 16px\">Size Taahh\u00fcd\u00fcm\u00fcz - Tohumlar ve topraklar ABD'de yeti\u015ftirilir, hasat edilir ve paketlenir. Kendi bitki bah\u00e7enizi evde kolayca kurabilece\u011finizden emin olduk. Vanilya tohumlar\u0131n\u0131z\u0131n b\u00fcy\u00fcd\u00fc\u011f\u00fcn\u00fc g\u00f6rmek istedi\u011fimiz i\u00e7in deste\u011fimiz burada bitmiyor. Ekibimiz ekim yolculu\u011funuz boyunca size cevap verecek ve yard\u0131mc\u0131 olacakt\u0131r. Tohumlar\u0131n\u0131z \u00e7imlenmezse, l\u00fctfen bize bildirin ve size yeni bir tane g\u00f6nderelim<\/span><\/p>\n<p style=\"line-height: 1.5\">&nbsp;<\/p>\n<p style=\"line-height: 1.5\"><span style=\"font-family: arial, helvetica, sans-serif;font-size: 16px\">Y\u00fcksek \u00c7imlenme Oran\u0131, Heirloom ve GDO'suz - Tohumlar\u0131n\u0131z yerel olarak yeti\u015ftirilir, hasat edilir ve piyasaya s\u00fcr\u00fclmeden \u00f6nce test edilir. Herkesin bah\u00e7ecilik becerisi olmayabilir, bu nedenle bu kendin yap kitinin hem hobiciler hem de yeni ba\u015flayanlar i\u00e7in harika olmas\u0131n\u0131 sa\u011flad\u0131k. Dikim talimatlar\u0131na ek olarak, ekim ve \u00e7imlenme i\u00e7in ipu\u00e7lar\u0131 ve p\u00fcf noktalar\u0131 da verilmektedir.<\/span><\/p>\n<p style=\"line-height: 1.5\"><span style=\"font-family: arial, helvetica, sans-serif;font-size: 16px\">Bitki bah\u00e7enizi i\u00e7eride veya d\u0131\u015far\u0131da, hatta kendi mutfa\u011f\u0131n\u0131zda ba\u015flat\u0131n! - Bu kit uzun \u00f6m\u00fcrl\u00fc saks\u0131lar, damlama tepsileri ve verandan\u0131zda, pencere kenar\u0131nda veya mutfa\u011f\u0131n\u0131zda istedi\u011finiz yere g\u00fczelce yerle\u015ftirebilece\u011finiz ah\u015fap bitki i\u015faretleyicileri ile birlikte gelir. Art\u0131k kendi taze fesle\u011fen, nane, ki\u015fni\u015f, frenk so\u011fan\u0131 otlar\u0131n\u0131z\u0131 yeti\u015ftirip hasat edebilir ve lezzetli ev yemekleri yapabilirsiniz.<\/span><\/p><\/p>","protected":false},"excerpt":{"rendered":"<p>5 Bitki Bitki Yeti\u015ftirme Kiti, Saks\u0131 ve Toprak ile - DIY Yadigar\u0131 Bitki Tohumlar\u0131 Ev Bah\u00e7e Seti - Mutfak Penceresi Bah\u00e7e Yeti\u015ftirme Seti - Kad\u0131nlar ve Erkekler i\u00e7in Benzersiz Bah\u00e7e Hediyeleri<\/p>","protected":false},"featured_media":13334,"comment_status":"open","ping_status":"closed","template":"","meta":[],"product_cat":[50],"product_tag":[570,180,179,56,569,58],"acf":[],"_links":{"self":[{"href":"https:\/\/www.garden-kit.com\/tr\/wp-json\/wp\/v2\/product\/1516"}],"collection":[{"href":"https:\/\/www.garden-kit.com\/tr\/wp-json\/wp\/v2\/product"}],"about":[{"href":"https:\/\/www.garden-kit.com\/tr\/wp-json\/wp\/v2\/types\/product"}],"replies":[{"embeddable":true,"href":"https:\/\/www.garden-kit.com\/tr\/wp-json\/wp\/v2\/comments?post=1516"}],"wp:featuredmedia":[{"embeddable":true,"href":"https:\/\/www.garden-kit.com\/tr\/wp-json\/wp\/v2\/media\/13334"}],"wp:attachment":[{"href":"https:\/\/www.garden-kit.com\/tr\/wp-json\/wp\/v2\/media?parent=1516"}],"wp:term":[{"taxonomy":"product_cat","embeddable":true,"href":"https:\/\/www.garden-kit.com\/tr\/wp-json\/wp\/v2\/product_cat?post=1516"},{"taxonomy":"product_tag","embeddable":true,"href":"https:\/\/www.garden-kit.com\/tr\/wp-json\/wp\/v2\/product_tag?post=1516"}],"curies":[{"name":"wp","href":"https:\/\/api.w.org\/{rel}","templated":true}]}}