{"id":1526,"date":"2022-08-23T23:42:28","date_gmt":"2022-08-23T15:42:28","guid":{"rendered":"http:\/\/www.garden-kit.com\/product\/indoor-herb-gardening-kit\/"},"modified":"2023-11-04T22:25:51","modified_gmt":"2023-11-04T14:25:51","slug":"indoor-herb-gardening-kit","status":"publish","type":"product","link":"https:\/\/www.garden-kit.com\/tr\/product\/indoor-herb-gardening-kit\/","title":{"rendered":"Kapal\u0131 Bitki Bah\u00e7e Seti"},"content":{"rendered":"<h2>Kapal\u0131 Bitki Bah\u00e7e Seti<\/h2>\n<p style=\"font-size: 16px; line-height: 1.5;\">Bitki bitkileri, fesle\u011fen, nane, lavanta ve benzeri gibi benzersiz bir lezzet verebilir. Bitki yeti\u015ftirme kitlerimiz \u00e7ok \u00e7e\u015fitli bitki tohumlar\u0131 i\u00e7erir ve bunlar\u0131 istedi\u011finiz zaman i\u00e7 mekanlara ekebilirsiniz, bu ye\u015fil bir ba\u015f parma\u011f\u0131n\u0131z olmas\u0131n\u0131 gerektirmez \u00e7\u00fcnk\u00fc kitin i\u00e7inde gerekli ekimi i\u00e7eririz, giderek daha fazla insan evde bitki yeti\u015ftirmeyi sever, sadece i\u00e7 mekan havas\u0131n\u0131 temizlemekle kalmaz, ayn\u0131 zamanda ailenin sa\u011fl\u0131\u011f\u0131 i\u00e7in \u00e7ok faydal\u0131 olan beyni tazeleme ve canland\u0131rma etkisine de sahiptir. Ayn\u0131 zamanda, \u00e7o\u011fu bitki bitkisi, evinizi dakikalar i\u00e7inde s\u00fcsleyebilecek k\u00fc\u00e7\u00fck bir taze etkiye sahiptir. Baz\u0131 otlar, yemeklerinize lezzet katmak i\u00e7in mutfa\u011f\u0131n\u0131z\u0131n bir par\u00e7as\u0131 olarak kullan\u0131labilir!<\/p>\n<h3 style=\"font-size: 19px; line-height: 1.5;\"><span style=\"font-family: arial, helvetica, sans-serif; font-size: 16px;\">Genel Bak\u0131\u015f<\/span><\/h3>\n<table style=\"border-collapse: collapse; width: 100%;\">\n<tbody>\n<tr>\n<td style=\"width: 50%; line-height: 1.5;\" width=\"224\"><span style=\"font-family: arial, helvetica, sans-serif; font-size: 16px;\">\u00dcr\u00fcn Bak\u0131m Talimatlar\u0131<\/span><\/td>\n<td style=\"width: 50%; line-height: 1.5;\" width=\"224\"><span style=\"font-family: arial, helvetica, sans-serif; font-size: 16px;\">Mevcut<\/span><\/td>\n<\/tr>\n<tr>\n<td style=\"width: 50%; line-height: 1.5;\" width=\"224\"><span style=\"font-family: arial, helvetica, sans-serif; font-size: 16px;\">Bitki \u00dcr\u00fcn Tipi<\/span><\/td>\n<td style=\"width: 50%; line-height: 1.5;\" width=\"224\"><span style=\"font-family: arial, helvetica, sans-serif; font-size: 16px;\">Otlar<\/span><\/td>\n<\/tr>\n<tr>\n<td style=\"width: 50%; line-height: 1.5;\" width=\"224\"><span style=\"font-family: arial, helvetica, sans-serif; font-size: 16px;\">\u00d6zel \u00f6zellik<\/span><\/td>\n<td style=\"width: 50%; line-height: 1.5;\" width=\"224\"><span style=\"font-family: arial, helvetica, sans-serif; font-size: 16px;\">Kapal\u0131-A\u00e7\u0131k Yeti\u015ftirme<\/span><\/td>\n<\/tr>\n<tr>\n<td style=\"width: 50%; line-height: 1.5;\" width=\"224\"><span style=\"font-family: arial, helvetica, sans-serif; font-size: 16px;\">Marka<\/span><\/td>\n<td style=\"width: 50%; line-height: 1.5;\" width=\"224\"><span style=\"font-family: arial, helvetica, sans-serif; font-size: 16px;\">Bah\u00e7e Seti<\/span><\/td>\n<\/tr>\n<tr>\n<td style=\"width: 50%; line-height: 1.5;\" width=\"224\"><span style=\"font-family: arial, helvetica, sans-serif; font-size: 16px;\">Anavatan<\/span><\/td>\n<td style=\"width: 50%; line-height: 1.5;\" width=\"224\"><span style=\"font-family: arial, helvetica, sans-serif; font-size: 16px;\">Fujian, \u00c7in<\/span><\/td>\n<\/tr>\n<tr>\n<td style=\"width: 50%; line-height: 1.5;\" width=\"224\"><span style=\"font-family: arial, helvetica, sans-serif; font-size: 16px;\">ODM\/OEM<\/span><\/td>\n<td style=\"width: 50%; line-height: 1.5;\" width=\"224\"><span style=\"font-family: arial, helvetica, sans-serif; font-size: 16px;\">Mevcut<\/span><\/td>\n<\/tr>\n<tr>\n<td style=\"width: 50%; line-height: 1.5;\" width=\"224\"><span style=\"font-family: arial, helvetica, sans-serif; font-size: 16px;\">\u00d6zelle\u015ftirilmi\u015f sipari\u015f i\u00e7in MOQ<\/span><\/td>\n<td style=\"width: 50%; line-height: 1.5;\" width=\"224\"><span style=\"font-family: arial, helvetica, sans-serif; font-size: 16px;\">3000 adet<\/span><\/td>\n<\/tr>\n<tr>\n<td style=\"width: 50%; line-height: 1.5;\" width=\"224\"><span style=\"font-family: arial, helvetica, sans-serif; font-size: 16px;\">\u00d6rnek maliyet<\/span><\/td>\n<td style=\"width: 50%; line-height: 1.5;\" width=\"224\"><span style=\"font-family: arial, helvetica, sans-serif; font-size: 16px;\">US$400\/\u00d6rnek, bizden sipari\u015f verdikten sonra tam iade<\/span><\/td>\n<\/tr>\n<\/tbody>\n<\/table>\n<h2 style=\"line-height: 1.5;\">Bitki Yeti\u015ftirme Kitleri Sipari\u015fi Hakk\u0131nda<\/h2>\n<p style=\"line-height: 1.5;\"><strong><span style=\"font-family: arial, helvetica, sans-serif; font-size: 16px;\">\u00d6zel hediye kutusu<\/span><\/strong><\/p>\n<p>Kitlerin d\u0131\u015f ambalaj\u0131 fikirlerinize g\u00f6re \u00f6zelle\u015ftirilebilir, e\u011fer bir tasar\u0131m\u0131n\u0131z yoksa, d\u0131\u015f ambalaj\u0131n tasar\u0131m\u0131n\u0131 da sa\u011flayabiliriz, biz de bir\u00e7ok markan\u0131n d\u0131\u015f ambalaj\u0131n\u0131 tasarlad\u0131k, i\u015flerini \u00e7ok ba\u015far\u0131l\u0131 hale getirdik. Bu nedenle, kendi bitki yeti\u015ftirme kiti i\u015finizi ba\u015flatmak istiyorsan\u0131z, bizimle ileti\u015fime ge\u00e7in\uff01<\/p>\n<p><strong>\u00c7evre Dostu Bitkisel Ba\u015flang\u0131\u00e7 Kiti<\/strong><\/p>\n<p>Her \u0130\u00e7 Mekan Bitki Yeti\u015ftirme Kiti sertifikal\u0131 organik, GDO'suz tohumlar i\u00e7erir. \u0130\u00e7 mekan saks\u0131 bitkileri ayr\u0131ca \u0130talyan b\u00fcy\u00fck yaprakl\u0131 fesle\u011fen, ki\u015fni\u015f, maydanoz, geni\u015f yaprakl\u0131 ada\u00e7ay\u0131 ve kekik, 5 kompostlanabilir torf saks\u0131, 5 OMRI sertifikal\u0131 verimli saks\u0131 topra\u011f\u0131, 5 \u00f6zelle\u015ftirilmi\u015f ah\u015fap bitki i\u015faretleyici ve g\u00fczel bir dikim k\u0131lavuzu i\u00e7erir.<\/p>\n<p>T\u00fcm kit organik sertifikal\u0131d\u0131r, \u00e7o\u011fu Mutfak Bitki Bah\u00e7esi Ba\u015flang\u0131\u00e7 Kiti organik tohumlar i\u00e7erir ve toprak ve saks\u0131lar zararl\u0131 kimyasallar ve b\u00f6cek ila\u00e7lar\u0131 ile i\u015flenmez. Bu nedenle \u00e7evre dostudurlar ve s\u00fcrd\u00fcr\u00fclebilir, \u00e7evre dostu, tamamen organik sistemlerin ailelerimiz, kad\u0131nlar, erkekler, \u00e7ocuklar ve her yeti\u015ftirici i\u00e7in g\u00fcvenli oldu\u011funa inan\u0131yoruz.<\/p>\n<p><strong>M\u00fckemmel \u00d6zel Hediye\u00a0<\/strong><\/p>\n<p>\u0130\u00e7 Mekan Bitki Yeti\u015ftirme Kitlerimiz, erkek veya kad\u0131n, vejetaryen veya vegan, Anne, Baba, en iyi mutfak ve bah\u00e7e hediyesi veya yeni eve ta\u015f\u0131nma hediyesi i\u00e7in herkes i\u00e7in m\u00fckemmeldir. \u0130\u00e7 mekan bitki bah\u00e7esi kitlerimiz pencere kenarlar\u0131nda, dairelerde, ki\u015fisel d\u0131\u015f mekanlarda, mutfak balkonlar\u0131nda ve hatta tezgahlarda yeti\u015ftirmek i\u00e7in m\u00fckemmeldir.<\/p>\n<p><strong>Mutfa\u011f\u0131n\u0131za hayat verin<\/strong><\/p>\n<p>\u0130\u00e7 mekan bah\u00e7ecili\u011fi i\u00e7in tohum ekin \u00e7\u00fcnk\u00fc her mutfak tezgah\u0131n\u0131zda taze otlar ve bitkilerle daha iyi g\u00f6r\u00fcn\u00fcr. Heirloom Tohumlu \u0130\u00e7 Mekan Bitki Kitlerimiz, plantasyonunuza yiyecek eklemenin ve yemek zamanlar\u0131n\u0131z\u0131 kendi ev yeti\u015ftirme kitinizden biraz gurme lezzetle renklendirmenin benzersiz bir yoludur!<\/p>\n<p style=\"line-height: 1.5;\"><strong><span style=\"font-family: arial, helvetica, sans-serif; font-size: 16px;\">Haz\u0131rlanm\u0131\u015f 23 Par\u00e7a \u0130\u00e7 Mekan Bitki Ba\u015flang\u0131\u00e7 Kiti<\/span><\/strong><\/p>\n<p>Lezzetli bitkiler yeti\u015ftirmek i\u00e7in ihtiyac\u0131n\u0131z olan her \u015feyi i\u00e7erir. Bitkilerinizi tohumdan ba\u015flat\u0131n ve s\u00fcrecin her ad\u0131m\u0131nda size kolayl\u0131kla rehberlik edelim. A\u015fa\u011f\u0131daki \u00fcr\u00fcnler \u0130\u00e7 Mekan Bitki Yeti\u015ftirme Kitine dahildir.<\/p>\n<p>5 \u00f6zelle\u015ftirilmi\u015f tohum paketi<br \/>\n5 ah\u015fap bitki i\u015faretleyicisi<br \/>\n5 OMRI sertifikal\u0131 saks\u0131 topra\u011f\u0131 diski<br \/>\n4 OMRI sertifikal\u0131 g\u00fcbrelenebilir turba kab\u0131<\/p>\n<p style=\"line-height: 1.5;\"><strong>\u0130\u00e7 Mekan Bitki Yeti\u015ftirme Kitinizi ekmeye ba\u015flamadan \u00f6nce akl\u0131n\u0131zda bulundurman\u0131z gerekenler<\/strong><\/p>\n<p style=\"line-height: 1.5;\">\n1. Uygun bir saks\u0131 kab\u0131 se\u00e7in:<\/p>\n<p style=\"line-height: 1.5;\">Otlar s\u0131\u011f k\u00f6kl\u00fc bitkilerdir, bu nedenle dikim i\u00e7in s\u0131\u011f bir saks\u0131 se\u00e7mek en iyisidir. Yayg\u0131n olarak kullan\u0131lan bitki lifli saks\u0131lar ve kil saks\u0131lar daha nefes alabildikleri i\u00e7in daha uygundur. Drenaj\u0131 art\u0131rmak ve t\u0131kanmay\u0131 \u00f6nlemek i\u00e7in saks\u0131n\u0131n dibine gran\u00fcl ta\u015flar yerle\u015ftirin.<\/p>\n<p style=\"line-height: 1.5;\">\n2. Saks\u0131 bitkilerinin yerle\u015ftirilmesi:<\/p>\n<p style=\"line-height: 1.5;\">Otlar da\u011f\u0131n\u0131k \u0131\u015f\u0131kl\u0131 alanlarda yeti\u015febilir, ancak g\u00fcnde 5-6 saat k\u0131r\u0131lm\u0131\u015f \u0131\u015f\u0131k garanti edilirse geli\u015firler. Yaz aylar\u0131nda g\u00fcneye bakan bir balkona yerle\u015ftirin. Yapraklar\u0131n solmas\u0131n\u0131 ve renginin solmas\u0131n\u0131 \u00f6nlemek i\u00e7in onlar\u0131 g\u00fc\u00e7l\u00fc g\u00fcne\u015f \u0131\u015f\u0131\u011f\u0131na maruz b\u0131rakmay\u0131n.<\/p>\n<p style=\"line-height: 1.5;\">\n3. Toprak:<\/p>\n<p style=\"line-height: 1.5;\">Otlar iyi drene edilmi\u015f, iyi havaland\u0131r\u0131lm\u0131\u015f, gev\u015fek ve verimli topraklarda iyi yeti\u015fir. Bu y\u00fczden topra\u011f\u0131 iyi durumda tutun, topaklanmam\u0131\u015f ve kurumam\u0131\u015f olsun.<\/p>\n<p style=\"line-height: 1.5;\">\n4. Ekim:<\/p>\n<p style=\"line-height: 1.5;\">\u00c7imlenmeyi iyile\u015ftirmek i\u00e7in tohumlar\u0131 ekmeden \u00f6nce 24 saat bekletin.<\/p>\n<p style=\"line-height: 1.5;\">\n5. G\u00fcbreleme:<\/p>\n<p style=\"line-height: 1.5;\">Bitkilerinizi sularken dikkatli olun ve a\u015f\u0131r\u0131 sulamay\u0131n ya da uzun s\u00fcre sulamadan b\u0131rakmay\u0131n.<\/p>","protected":false},"excerpt":{"rendered":"<p>Sertifikal\u0131 USDA Organik GDO'suz - 5 Ot Tohumu Fesle\u011fen, Ki\u015fni\u015f, Maydanoz, Ada\u00e7ay\u0131, Kekik, Saks\u0131 Topra\u011f\u0131, Bitki Kiti - DIY Mutfak \u0130\u00e7 Mekan Ot Bah\u00e7ecili\u011fi Kiti<\/p>","protected":false},"featured_media":13325,"comment_status":"open","ping_status":"closed","template":"","meta":[],"product_cat":[50],"product_tag":[180,183,179,176,181,177,56,57,178,182],"acf":[],"_links":{"self":[{"href":"https:\/\/www.garden-kit.com\/tr\/wp-json\/wp\/v2\/product\/1526"}],"collection":[{"href":"https:\/\/www.garden-kit.com\/tr\/wp-json\/wp\/v2\/product"}],"about":[{"href":"https:\/\/www.garden-kit.com\/tr\/wp-json\/wp\/v2\/types\/product"}],"replies":[{"embeddable":true,"href":"https:\/\/www.garden-kit.com\/tr\/wp-json\/wp\/v2\/comments?post=1526"}],"wp:featuredmedia":[{"embeddable":true,"href":"https:\/\/www.garden-kit.com\/tr\/wp-json\/wp\/v2\/media\/13325"}],"wp:attachment":[{"href":"https:\/\/www.garden-kit.com\/tr\/wp-json\/wp\/v2\/media?parent=1526"}],"wp:term":[{"taxonomy":"product_cat","embeddable":true,"href":"https:\/\/www.garden-kit.com\/tr\/wp-json\/wp\/v2\/product_cat?post=1526"},{"taxonomy":"product_tag","embeddable":true,"href":"https:\/\/www.garden-kit.com\/tr\/wp-json\/wp\/v2\/product_tag?post=1526"}],"curies":[{"name":"wp","href":"https:\/\/api.w.org\/{rel}","templated":true}]}}