{"id":1536,"date":"2022-08-23T23:44:47","date_gmt":"2022-08-23T15:44:47","guid":{"rendered":"http:\/\/www.garden-kit.com\/product\/kitchen-herbs-grow-kit\/"},"modified":"2023-08-14T19:57:40","modified_gmt":"2023-08-14T11:57:40","slug":"kitchen-herbs-grow-kit","status":"publish","type":"product","link":"https:\/\/www.garden-kit.com\/tr\/product\/kitchen-herbs-grow-kit\/","title":{"rendered":"Mutfak Bitki Bah\u00e7esi Seti"},"content":{"rendered":"<p style=\"line-height: 1.5\"><span style=\"font-family: arial, helvetica, sans-serif;font-size: 16px\">Ye\u015fillik ve temiz hava katmak ve g\u00fczel bir peyzaj haline gelmek i\u00e7in evde dereotu, \u00f6r\u00fcmcek bitkisi, sarma\u015f\u0131k vb. gibi baz\u0131 \u00e7i\u00e7ekler bulundurun. Ancak, farkl\u0131 \u00e7i\u00e7ek ve bitkiler farkl\u0131 yerlere yerle\u015ftirilmeye uygundur. \u00d6rne\u011fin, mutfa\u011fa biraz vanilya bitkisi yerle\u015ftirmek uygundur. Taze ve g\u00f6z al\u0131c\u0131 olsa da, baharat olarak bir yaprak da se\u00e7ebilir ve yiyecekleri daha kokulu hale getirebilirsiniz!<\/span><br \/><span style=\"font-family: arial, helvetica, sans-serif;font-size: 16px\">Yemek pi\u015firmek i\u00e7in bitki yeti\u015ftirmek, kendi mutfa\u011f\u0131n\u0131zda \"topraktan sofraya\" ula\u015fman\u0131n en iyi yoludur. K\u00fc\u00e7\u00fck bir ekim alan\u0131 gerektirirler ve ayr\u0131ca \"\u00e7ok d\u00fc\u015f\u00fck bir e\u015fik\" ile g\u00fcnl\u00fck bir beceri olan yemek pi\u015firmek i\u00e7in g\u00f6r\u00fclebilir, toplanabilir ve do\u011frudan kullan\u0131labilirler.<\/span><\/p>\n<p style=\"line-height: 1.5\"><span style=\"font-family: arial, helvetica, sans-serif;font-size: 18px\"><\/span><\/p>\n<h3 style=\"line-height: 1.5;font-size: 19px\"><span style=\"font-family: arial, helvetica, sans-serif;font-size: 18px\">Genel Bak\u0131\u015f<\/span><\/h3>\n<table>\n<tbody>\n<tr>\n<td width=\"298\">\n<pre><span style=\"font-family: arial, helvetica, sans-serif;font-size: 16px\">\u00dcr\u00fcn Bak\u0131m Talimatlar\u0131<\/span><\/pre>\n<\/td>\n<td width=\"298\">\n<pre><span style=\"font-family: arial, helvetica, sans-serif;font-size: 16px\">Mevcut<\/span><\/pre>\n<\/td>\n<\/tr>\n<tr>\n<td width=\"298\">\n<pre><span style=\"font-family: arial, helvetica, sans-serif;font-size: 16px\">Bitki \u00dcr\u00fcn Tipi<\/span><\/pre>\n<\/td>\n<td width=\"298\">\n<pre><span style=\"font-family: arial, helvetica, sans-serif;font-size: 16px\">Otlar<\/span><\/pre>\n<\/td>\n<\/tr>\n<tr>\n<td width=\"298\">\n<pre><span style=\"font-family: arial, helvetica, sans-serif;font-size: 16px\">\u00d6zel \u00f6zellik<\/span><\/pre>\n<\/td>\n<td width=\"298\">\n<pre><span style=\"font-family: arial, helvetica, sans-serif;font-size: 16px\">Kapal\u0131-A\u00e7\u0131k Yeti\u015ftirme<\/span><\/pre>\n<\/td>\n<\/tr>\n<tr>\n<td width=\"298\">\n<pre><span style=\"font-family: arial, helvetica, sans-serif;font-size: 16px\">Marka<\/span><\/pre>\n<\/td>\n<td width=\"298\">\n<pre><span style=\"font-family: arial, helvetica, sans-serif;font-size: 16px\">Bah\u00e7e Seti<\/span><\/pre>\n<\/td>\n<\/tr>\n<tr>\n<td width=\"298\">\n<pre><span style=\"font-family: arial, helvetica, sans-serif;font-size: 16px\">Anavatan<\/span><\/pre>\n<\/td>\n<td width=\"298\">\n<pre><span style=\"font-family: arial, helvetica, sans-serif;font-size: 16px\">Fujian, \u00c7in<\/span><\/pre>\n<\/td>\n<\/tr>\n<tr>\n<td width=\"298\">\n<pre><span style=\"font-family: arial, helvetica, sans-serif;font-size: 16px\">ODM\/OEM<\/span><\/pre>\n<\/td>\n<td width=\"298\">\n<pre><span style=\"font-family: arial, helvetica, sans-serif;font-size: 16px\">Mevcut<\/span><\/pre>\n<\/td>\n<\/tr>\n<tr>\n<td width=\"298\">\n<pre><span style=\"font-family: arial, helvetica, sans-serif;font-size: 16px\">\u00d6zelle\u015ftirilmi\u015f sipari\u015f i\u00e7in MOQ<\/span><\/pre>\n<\/td>\n<td width=\"298\">\n<pre><span style=\"font-family: arial, helvetica, sans-serif;font-size: 16px\">3000 adet<\/span><\/pre>\n<\/td>\n<\/tr>\n<tr>\n<td width=\"298\">\n<pre><span style=\"font-family: arial, helvetica, sans-serif;font-size: 16px\">\u00d6rnek maliyet<\/span><\/pre>\n<\/td>\n<td width=\"298\">\n<pre><span style=\"font-family: arial, helvetica, sans-serif;font-size: 16px\">US$400\/\u00d6rnek, bizden sipari\u015f verdikten sonra tam iade<\/span><\/pre>\n<\/td>\n<\/tr>\n<\/tbody>\n<\/table>\n<p style=\"line-height: 1.5\"><span style=\"font-family: arial, helvetica, sans-serif;font-size: 16px\">Farkl\u0131 bitkilerin farkl\u0131 hasat s\u0131kl\u0131klar\u0131 vard\u0131r, baz\u0131 bitkilerin sezonda bir kez hasat edilmesi gerekir; baz\u0131lar\u0131n\u0131n her g\u00fcn hasat edilmesi gerekir ve di\u011ferlerinin ila\u00e7lar\u0131n\u0131 hasat etmeleri birka\u00e7 y\u0131l s\u00fcrebilir.<\/span><\/p>\n<p style=\"line-height: 1.5\"><span style=\"font-family: arial, helvetica, sans-serif;font-size: 16px\">Haz\u0131rlanan 21 Par\u00e7a \u0130\u00e7 Mekan Bitki Ba\u015flang\u0131\u00e7 Seti: Lezzetli \u015fifal\u0131 bitkiler yeti\u015ftirmenin keyfini sizin veya sevdi\u011finiz birinin hayat\u0131na ta\u015f\u0131mak i\u00e7in ihtiyac\u0131n\u0131z olan her \u015fey. \u00c7ok basit; tohumdan bitki yeti\u015ftirme konusundaki tahminlerimiz size yolun her ad\u0131m\u0131nda rehberlik ediyor. Dik!<\/span><\/p>\n<ul>\n<li><span style=\"font-family: arial, helvetica, sans-serif;font-size: 16px\">A\u015fa\u011f\u0131daki \u00f6\u011feler kit i\u00e7erisinde yer almaktad\u0131r.<\/span><br \/><span style=\"font-family: arial, helvetica, sans-serif;font-size: 16px\">9 adet bambu elyaf saks\u0131<\/span><br \/><span style=\"font-family: arial, helvetica, sans-serif;font-size: 16px\">3 \u00f6nceden g\u00fcbrelenmi\u015f toprak dis<\/span><br \/><span style=\"font-family: arial, helvetica, sans-serif;font-size: 16px\">9 adet taze kalan tohum paketi<\/span><br \/><span style=\"font-family: arial, helvetica, sans-serif;font-size: 16px\">9 adet bambu bitki belirteci<\/span><br \/><span style=\"font-family: arial, helvetica, sans-serif;font-size: 16px\">1 Ad\u0131m ad\u0131m ekim k\u0131lavuzu<\/span><br \/><span style=\"font-family: arial, helvetica, sans-serif;font-size: 16px\">1 adet \u00f6zelle\u015ftirilmi\u015f hediye kutusu<\/span><\/li>\n<\/ul>\n<h2 style=\"font-size: 20px\">Avucunuzun i\u00e7inde ki\u015fiselle\u015ftirilmi\u015f lezzet - \u00f6zelle\u015ftirilmi\u015f Mutfak Bitki Bah\u00e7esi Kiti<\/h2>\n<p>Bu yo\u011fun modern ya\u015famda, genellikle do\u011faya yak\u0131nl\u0131k hissini, \u015fehrin ko\u015fu\u015fturmacas\u0131nda huzur bulma deneyimini \u00f6zl\u00fcyoruz ve b\u00f6ylece Mutfak Bitki Bah\u00e7esi Kiti sadece bir \u00fcr\u00fcn olarak de\u011fil, ayn\u0131 zamanda bir ya\u015fam bi\u00e7iminin sembol\u00fc olarak do\u011fdu. Profesyonel bir \u00fcretici olarak, sizin i\u00e7in g\u00fczel, pratik ve ki\u015fiselle\u015ftirilmi\u015f bir kit haz\u0131rlad\u0131k, ister kendiniz i\u00e7in ister arkada\u015flar\u0131n\u0131z ve aileniz i\u00e7in de\u011ferli bir hediye olarak, sonsuz ne\u015fe ve lezzet getirecek.<\/p>\n<h2 style=\"font-size: 20px\">\u00d6zelle\u015ftirilmi\u015f l\u00fcks, benzersizlik yaratmak<\/h2>\n<p>Herkesin tercihlerinin benzersiz oldu\u011funu biliyoruz, bu nedenle size d\u0131\u015f cepheden i\u00e7 ara\u00e7lara ve tohumlara kadar eksiksiz bir ki\u015fiselle\u015ftirme hizmetleri yelpazesi sunuyoruz. Benzersiz bir d\u0131\u015f tasar\u0131m se\u00e7ebilir ve alet tak\u0131m\u0131n\u0131z\u0131 ki\u015fisel tercihlerinize uyacak \u015fekilde ki\u015fiselle\u015ftirebilirsiniz. \u0130ster modern sadelikten ister vintage zarafetten ho\u015flan\u0131yor olun, size \u00f6zel bir Mutfak Bitki Bah\u00e7esi Seti alman\u0131z\u0131 sa\u011flayaca\u011f\u0131z.<\/p>\n<h2 style=\"font-size: 20px\">Tohumlar\u0131n tad\u0131n\u0131 \u00e7\u0131kar\u0131n, do\u011fay\u0131 deneyimleyin<\/h2>\n<p>Mutfak Bitki Bah\u00e7esi Kitindeki her tohum do\u011faya bir arma\u011fand\u0131r. Taze naneden g\u00fczel kokulu fesle\u011fene kadar, evde yeti\u015ftirmenin keyfini \u00e7\u0131karman\u0131z i\u00e7in \u00e7ok \u00e7e\u015fitli tohumlar\u0131m\u0131z var. Bah\u00e7ecilik deneyimi gerekmez, sadece taraf\u0131m\u0131zdan sa\u011flanan takip etmesi kolay k\u0131lavuzu izleyin ve k\u0131sa s\u00fcrede yemye\u015fil ye\u015filliklere ve ho\u015f kokulu sonu\u00e7lara tan\u0131k olabileceksiniz.<\/p>\n<h2 style=\"font-size: 20px\">Kalite G\u00fcvencesi ve \u0130stikrarl\u0131 Tedarik<\/h2>\n<p>Mutfak Bitki Bah\u00e7esi Kitinin hem g\u00f6r\u00fcn\u00fcm hem de i\u015flevsellik a\u00e7\u0131s\u0131ndan y\u00fcksek standartlar\u0131n\u0131z\u0131 kar\u015f\u0131lamas\u0131n\u0131 sa\u011flamak i\u00e7in olgun bir \u00fcretim hatt\u0131na ve tedarik kapasitesine sahibiz. Se\u00e7kin malzemeler ve i\u015f\u00e7ilik dayan\u0131kl\u0131l\u0131k ve g\u00fczellik sa\u011flar, b\u00f6ylece bitki bah\u00e7enizin meyvelerinin tad\u0131n\u0131 uzun s\u00fcre \u00e7\u0131karabilirsiniz.<\/p>\n<h2 style=\"font-size: 20px\">Favori, harika bir hediye<\/h2>\n<p>Mutfak Bitki Bah\u00e7esi Seti uzun zamand\u0131r geni\u015f bir t\u00fcketici kitlesi taraf\u0131ndan aranan bir \u00fcr\u00fcn olmu\u015ftur. \u0130ster do\u011fum g\u00fcn\u00fc veya bayram hediyesi olarak, ister \u00e7e\u015fitli vesilelerle de\u011ferli bir hediye olarak, arkada\u015flar\u0131n\u0131za ve ailenize ilginizi ve kutsamalar\u0131n\u0131z\u0131 iletebilir. Onlara ekim yapman\u0131n keyfini ve taze otlar\u0131n lezzetini tatt\u0131r\u0131n.<\/p>\n<p>Damak tad\u0131n\u0131z\u0131n kalbinizle dans etmesine izin verin, Mutfak Bitki Bah\u00e7esi Kitinizi \u00f6zelle\u015ftirin ve do\u011fan\u0131n cazibesini hissedin. Ki\u015fiselle\u015ftirilmi\u015f bah\u00e7e yolculu\u011funuza ba\u015flamak i\u00e7in bizimle ileti\u015fime ge\u00e7in!<\/p>","protected":false},"excerpt":{"rendered":"<p>Ah\u015fap Hediye Kutusu ile Kapal\u0131 Ev Dikimi i\u00e7in Mutfak Bitki Bah\u00e7e Tohumlar\u0131 - Kad\u0131nlar veya Erkekler Bah\u00e7\u0131van i\u00e7in M\u00fckemmel Mutfak Pi\u015firme Hediyesi. Ola\u011fand\u0131\u015f\u0131 Yeti\u015fkin Bitki Yeti\u015ftirme Hediyeleri<\/p>","protected":false},"featured_media":16018,"comment_status":"open","ping_status":"closed","template":"","meta":[],"product_cat":[50],"product_tag":[179,501,176,177,56,178,58],"acf":[],"_links":{"self":[{"href":"https:\/\/www.garden-kit.com\/tr\/wp-json\/wp\/v2\/product\/1536"}],"collection":[{"href":"https:\/\/www.garden-kit.com\/tr\/wp-json\/wp\/v2\/product"}],"about":[{"href":"https:\/\/www.garden-kit.com\/tr\/wp-json\/wp\/v2\/types\/product"}],"replies":[{"embeddable":true,"href":"https:\/\/www.garden-kit.com\/tr\/wp-json\/wp\/v2\/comments?post=1536"}],"wp:featuredmedia":[{"embeddable":true,"href":"https:\/\/www.garden-kit.com\/tr\/wp-json\/wp\/v2\/media\/16018"}],"wp:attachment":[{"href":"https:\/\/www.garden-kit.com\/tr\/wp-json\/wp\/v2\/media?parent=1536"}],"wp:term":[{"taxonomy":"product_cat","embeddable":true,"href":"https:\/\/www.garden-kit.com\/tr\/wp-json\/wp\/v2\/product_cat?post=1536"},{"taxonomy":"product_tag","embeddable":true,"href":"https:\/\/www.garden-kit.com\/tr\/wp-json\/wp\/v2\/product_tag?post=1536"}],"curies":[{"name":"wp","href":"https:\/\/api.w.org\/{rel}","templated":true}]}}