{"id":1591,"date":"2022-08-24T00:26:22","date_gmt":"2022-08-23T16:26:22","guid":{"rendered":"http:\/\/www.garden-kit.com\/product\/heirloom-lettuce-leafy-vegetable-seeds\/"},"modified":"2023-03-31T16:38:43","modified_gmt":"2023-03-31T08:38:43","slug":"heirloom-lettuce-leafy-vegetable-seeds","status":"publish","type":"product","link":"https:\/\/www.garden-kit.com\/tr\/product\/heirloom-lettuce-leafy-vegetable-seeds\/","title":{"rendered":"Yadigar\u0131 Marul Yaprakl\u0131 Sebze Tohumlar\u0131"},"content":{"rendered":"<pre><span style=\"font-family: arial, helvetica, sans-serif;font-size: 16px\">10 \u00e7e\u015fit marul ve yaprakl\u0131 ye\u015fillik tohumundan olu\u015fan paketler. \u00d6zelle\u015ftirilmi\u015f paketler sa\u011flayabiliriz \u00e7\u00fcnk\u00fc biz bir fabrikay\u0131z ve tohumlar\u0131m\u0131z\u0131 tedarik etmek ve tohum yeti\u015ftiricili\u011fine odaklanmak i\u00e7in benzersiz bir konumday\u0131z. \u00dcr\u00fcnlerimiz yaln\u0131zca e-ticaret t\u00fcccarlar\u0131 i\u00e7indir, y\u00fczlerce perakende sat\u0131c\u0131ya hizmet verdik ve hizmetimiz y\u00fcksek kaliteli yadig\u00e2r sebze tohumlar\u0131 sa\u011flamada \u00e7ok \u00f6nemlidir.<br \/><br \/><\/span><\/pre>\n<table style=\"border-collapse: collapse;width: 100%;height: 300px\">\n<tbody>\n<tr>\n<td width=\"224\">\n<pre><span style=\"font-family: arial, helvetica, sans-serif;font-size: 16px\">\u00dcr\u00fcn Bak\u0131m Talimatlar\u0131<\/span><\/pre>\n<\/td>\n<td width=\"224\">\n<pre><span style=\"font-family: arial, helvetica, sans-serif;font-size: 16px\">Mevcut<\/span><\/pre>\n<\/td>\n<\/tr>\n<tr>\n<td width=\"224\">\n<pre><span style=\"font-family: arial, helvetica, sans-serif;font-size: 16px\">Bitki \u00dcr\u00fcn Tipi<\/span><\/pre>\n<\/td>\n<td width=\"224\">\n<pre><span style=\"font-family: arial, helvetica, sans-serif;font-size: 16px\">Marul &amp; Yaprakl\u0131 Ye\u015fillik Tohumlar\u0131<\/span><\/pre>\n<\/td>\n<\/tr>\n<tr>\n<td width=\"224\">\n<pre><span style=\"font-family: arial, helvetica, sans-serif;font-size: 16px\">\u00d6zel \u00f6zellik<\/span><\/pre>\n<\/td>\n<td width=\"224\">\n<pre><span style=\"font-family: arial, helvetica, sans-serif;font-size: 16px\">Kapal\u0131-A\u00e7\u0131k Yeti\u015ftirme<\/span><\/pre>\n<\/td>\n<\/tr>\n<tr>\n<td width=\"224\">\n<pre><span style=\"font-family: arial, helvetica, sans-serif;font-size: 16px\">Marka<\/span><\/pre>\n<\/td>\n<td width=\"224\">\n<pre><span style=\"font-family: arial, helvetica, sans-serif;font-size: 16px\">Bah\u00e7e Seti<\/span><\/pre>\n<\/td>\n<\/tr>\n<tr>\n<td width=\"224\">\n<pre><span style=\"font-family: arial, helvetica, sans-serif;font-size: 16px\">Anavatan<\/span><\/pre>\n<\/td>\n<td width=\"224\">\n<pre><span style=\"font-family: arial, helvetica, sans-serif;font-size: 16px\">Fujian, \u00c7in<\/span><\/pre>\n<\/td>\n<\/tr>\n<tr>\n<td width=\"224\">\n<pre><span style=\"font-family: arial, helvetica, sans-serif;font-size: 16px\">ODM\/OEM<\/span><\/pre>\n<\/td>\n<td width=\"224\">\n<pre><span style=\"font-family: arial, helvetica, sans-serif;font-size: 16px\">Mevcut<\/span><\/pre>\n<\/td>\n<\/tr>\n<tr>\n<td width=\"224\">\n<pre><span style=\"font-family: arial, helvetica, sans-serif;font-size: 16px\">\u00d6zelle\u015ftirilmi\u015f sipari\u015f i\u00e7in MOQ<\/span><\/pre>\n<\/td>\n<td width=\"224\">\n<pre><span style=\"font-family: arial, helvetica, sans-serif;font-size: 16px\">3000 adet<\/span><\/pre>\n<\/td>\n<\/tr>\n<tr>\n<td width=\"224\">\n<pre><span style=\"font-family: arial, helvetica, sans-serif;font-size: 16px\">\u00d6rnek maliyet<\/span><\/pre>\n<\/td>\n<td width=\"224\">\n<pre><span style=\"font-family: arial, helvetica, sans-serif;font-size: 16px\">US$400\/\u00d6rnek, bizden sipari\u015f verdikten sonra tam iade<\/span><\/pre>\n<\/td>\n<\/tr>\n<\/tbody>\n<\/table>\n<p><span style=\"font-family: arial, helvetica, sans-serif;font-size: 16px\"> Kit i\u00e7erisinde a\u015fa\u011f\u0131daki \u00fcr\u00fcnler bulunmaktad\u0131r. 10 \u00e7e\u015fit Roka rokas\u0131, Bloomsdale \u0131spana\u011f\u0131, Mavi k\u0131vr\u0131lm\u0131\u015f lahana, Bok choi lahanas\u0131, Buttercruch marul, Cimmaron k\u0131rm\u0131z\u0131 marul ve daha fazlas\u0131 gibi Marul ve Yaprakl\u0131 Ye\u015fillikler. 1 Ad\u0131m ad\u0131m dikim k\u0131lavuzu 1 \u00f6zelle\u015ftirilmi\u015f paket \u00e7anta 10 Favori Marul ve Yaprakl\u0131 Kasa Art\u0131 Ekstra Bitki Etiketi - Kendi bah\u00e7enizi yeti\u015ftirmeye ba\u015flay\u0131n ve do\u011frudan bah\u00e7enizden veya kapal\u0131 bah\u00e7enizden tamamen do\u011fal, sa\u011fl\u0131kl\u0131, GDO'suz marul veya yaprakl\u0131 ye\u015fillikler yiyin. <br \/>Sonbahar ve K\u0131\u015f Sebze Haz\u0131rl\u0131\u011f\u0131 - Tohumlar\u0131n\u0131z\u0131 y\u0131l boyunca i\u00e7 mekanda ekin, kendi yaprakl\u0131 ye\u015fillik bah\u00e7enizi olu\u015fturun ve y\u0131l boyunca lezzetli sebzelerin ve salatalar\u0131n tad\u0131n\u0131 \u00e7\u0131kar\u0131n. Bunlar i\u00e7 mekan bah\u00e7eleri, bah\u00e7e kitleri veya d\u0131\u015f mekan bah\u00e7e yataklar\u0131 olarak kullan\u0131labilir. Spout veya mikro ye\u015fillik olarak kullanmak i\u00e7in daha fazla ekin. Haz\u0131r yadig\u00e2r hayatta kalma tohumlar\u0131 ile hayatta kalma \u00e7antan\u0131z\u0131 yenileyin. 1600 TOPLAM TOHUM VE AYRINTILI YET\u0130\u015eT\u0130RME REHBERLER\u0130 - \u00c7e\u015fitli aile yadigar\u0131 tohum paketlerimiz, y\u00fcksek \u00e7imlenme oranlar\u0131na sahip \u00e7ok \u00e7e\u015fitli tohumlar sunar. Bunlar, i\u00e7 mekanda, d\u0131\u015f mekanda veya asma bah\u00e7eler gibi hidroponik sistemlerde yeti\u015ftirmek i\u00e7in harika marul tohumlar\u0131d\u0131r. Her pakete bir yeti\u015ftirme k\u0131lavuzu da dahildir. Bah\u00e7\u0131van-a\u015f\u00e7\u0131-hayatta kalanlar i\u00e7in harika bir hediye - bah\u00e7\u0131vana b\u00fcy\u00fck bir tohum koleksiyonu ile doyurucu bir sebze bah\u00e7esi vermekten daha iyi ne olabilir. Tohumlar, tohum tazeli\u011fini ve kalitesini korumak i\u00e7in su ge\u00e7irmez, yeniden kapat\u0131labilir mylar torbalarda bulunur. Marul ve ye\u015fil ba\u015flang\u0131\u00e7 tohumlar\u0131 koleksiyonumuz, haz\u0131rl\u0131k ekipmanlar\u0131n\u0131za ve malzemelerinize bir servet katar. <br \/><\/span><\/p><\/p>","protected":false},"excerpt":{"rendered":"<p>Heirloom Marul ve Yaprakl\u0131 Sebze Tohumlar\u0131 | Dikim i\u00e7in GDO'suz Toplu Marul Tohumlar\u0131 - Romaine Iceberg Butter Lettuce, Kale Spinach Arugula | Ev Bah\u00e7esi i\u00e7in 1600 Hidroponik Tohum - \u0130\u00e7 veya D\u0131\u015f Mekan<\/p>","protected":false},"featured_media":13219,"comment_status":"open","ping_status":"closed","template":"","meta":[],"product_cat":[59],"product_tag":[565,76,302,290,282,81],"acf":[],"_links":{"self":[{"href":"https:\/\/www.garden-kit.com\/tr\/wp-json\/wp\/v2\/product\/1591"}],"collection":[{"href":"https:\/\/www.garden-kit.com\/tr\/wp-json\/wp\/v2\/product"}],"about":[{"href":"https:\/\/www.garden-kit.com\/tr\/wp-json\/wp\/v2\/types\/product"}],"replies":[{"embeddable":true,"href":"https:\/\/www.garden-kit.com\/tr\/wp-json\/wp\/v2\/comments?post=1591"}],"wp:featuredmedia":[{"embeddable":true,"href":"https:\/\/www.garden-kit.com\/tr\/wp-json\/wp\/v2\/media\/13219"}],"wp:attachment":[{"href":"https:\/\/www.garden-kit.com\/tr\/wp-json\/wp\/v2\/media?parent=1591"}],"wp:term":[{"taxonomy":"product_cat","embeddable":true,"href":"https:\/\/www.garden-kit.com\/tr\/wp-json\/wp\/v2\/product_cat?post=1591"},{"taxonomy":"product_tag","embeddable":true,"href":"https:\/\/www.garden-kit.com\/tr\/wp-json\/wp\/v2\/product_tag?post=1591"}],"curies":[{"name":"wp","href":"https:\/\/api.w.org\/{rel}","templated":true}]}}