{"id":1599,"date":"2022-08-24T00:27:05","date_gmt":"2022-08-23T16:27:05","guid":{"rendered":"http:\/\/www.garden-kit.com\/product\/kids-grow-your-own-flower-garden-kit\/"},"modified":"2024-03-07T10:19:21","modified_gmt":"2024-03-07T02:19:21","slug":"grow-your-own-flower-garden-kit","status":"publish","type":"product","link":"https:\/\/www.garden-kit.com\/tr\/product\/grow-your-own-flower-garden-kit\/","title":{"rendered":"Kendi Lavanta Kitinizi Yeti\u015ftirin"},"content":{"rendered":"<h3 style=\"font-size: 19px\">Genel Bak\u0131\u015f<\/h3>\n<table style=\"border-collapse: collapse;width: 100%;height: 300px\">\n<tbody>\n<tr style=\"height: 44px\">\n<td width=\"298\" style=\"width: 47.5279%;height: 44px\">\n<pre><span style=\"font-family: 'PingFang SC', 'Microsoft YaHei', sans-serif;font-size: 16px\">\u00dcr\u00fcn Bak\u0131m Talimatlar\u0131<\/span><\/pre>\n<\/td>\n<td width=\"298\" style=\"width: 47.5279%;height: 44px\">\n<pre><span style=\"font-family: 'PingFang SC', 'Microsoft YaHei', sans-serif;font-size: 16px\">Mevcut<\/span><\/pre>\n<\/td>\n<\/tr>\n<tr style=\"height: 44px\">\n<td width=\"298\" style=\"width: 47.5279%;height: 44px\">\n<pre><span style=\"font-family: 'PingFang SC', 'Microsoft YaHei', sans-serif;font-size: 16px\">Bitki \u00dcr\u00fcn Tipi<\/span><\/pre>\n<\/td>\n<td width=\"298\" style=\"width: 47.5279%;height: 44px\">\n<pre><span style=\"font-family: 'PingFang SC', 'Microsoft YaHei', sans-serif;font-size: 16px\">\u00c7i\u00e7ek<\/span><\/pre>\n<\/td>\n<\/tr>\n<tr style=\"height: 44px\">\n<td width=\"298\" style=\"width: 47.5279%;height: 44px\">\n<pre><span style=\"font-family: 'PingFang SC', 'Microsoft YaHei', sans-serif;font-size: 16px\">\u00d6zel \u00f6zellik<\/span><\/pre>\n<\/td>\n<td width=\"298\" style=\"width: 47.5279%;height: 44px\">\n<pre><span style=\"font-family: 'PingFang SC', 'Microsoft YaHei', sans-serif;font-size: 16px\">Kapal\u0131-A\u00e7\u0131k Yeti\u015ftirme<\/span><\/pre>\n<\/td>\n<\/tr>\n<tr style=\"height: 44px\">\n<td width=\"298\" style=\"width: 47.5279%;height: 44px\">\n<pre><span style=\"font-family: 'PingFang SC', 'Microsoft YaHei', sans-serif;font-size: 16px\">Marka<\/span><\/pre>\n<\/td>\n<td width=\"298\" style=\"width: 47.5279%;height: 44px\">\n<pre><span style=\"font-family: 'PingFang SC', 'Microsoft YaHei', sans-serif;font-size: 16px\">Bah\u00e7e Seti<\/span><\/pre>\n<\/td>\n<\/tr>\n<tr style=\"height: 44px\">\n<td width=\"298\" style=\"width: 47.5279%;height: 44px\">\n<pre><span style=\"font-family: 'PingFang SC', 'Microsoft YaHei', sans-serif;font-size: 16px\">Anavatan<\/span><\/pre>\n<\/td>\n<td width=\"298\" style=\"width: 47.5279%;height: 44px\">\n<pre><span style=\"font-family: 'PingFang SC', 'Microsoft YaHei', sans-serif;font-size: 16px\">Fujian, \u00c7in<\/span><\/pre>\n<\/td>\n<\/tr>\n<tr style=\"height: 44px\">\n<td width=\"298\" style=\"width: 47.5279%;height: 44px\">\n<pre><span style=\"font-family: 'PingFang SC', 'Microsoft YaHei', sans-serif;font-size: 16px\">ODM\/OEM<\/span><\/pre>\n<\/td>\n<td width=\"298\" style=\"width: 47.5279%;height: 44px\">\n<pre><span style=\"font-family: 'PingFang SC', 'Microsoft YaHei', sans-serif;font-size: 16px\">Mevcut<\/span><\/pre>\n<\/td>\n<\/tr>\n<tr style=\"height: 44px\">\n<td width=\"298\" style=\"width: 47.5279%;height: 44px\">\n<pre><span style=\"font-family: 'PingFang SC', 'Microsoft YaHei', sans-serif;font-size: 16px\">\u00d6zelle\u015ftirilmi\u015f sipari\u015f i\u00e7in MOQ<\/span><\/pre>\n<\/td>\n<td width=\"298\" style=\"width: 47.5279%;height: 44px\">\n<pre><span style=\"font-family: 'PingFang SC', 'Microsoft YaHei', sans-serif;font-size: 16px\">3000 adet<\/span><\/pre>\n<\/td>\n<\/tr>\n<tr style=\"height: 44px\">\n<td width=\"298\" style=\"width: 47.5279%;height: 44px\">\n<pre><span style=\"font-family: 'PingFang SC', 'Microsoft YaHei', sans-serif;font-size: 16px\">\u00d6rnek maliyet<\/span><\/pre>\n<\/td>\n<td width=\"298\" style=\"width: 47.5279%;height: 44px\">\n<pre><span style=\"font-family: 'PingFang SC', 'Microsoft YaHei', sans-serif;font-size: 16px\">US$400\/\u00d6rnek, bizden sipari\u015f verdikten sonra tam iade<\/span><\/pre>\n<\/td>\n<\/tr>\n<\/tbody>\n<\/table>\n<p><span style=\"font-family: 'PingFang SC', 'Microsoft YaHei', sans-serif;font-size: 16px\">Haz\u0131r 9 Par\u00e7a \u00c7ocuk \u00c7i\u00e7ek Yeti\u015ftirme Kiti :Hayat\u0131n\u0131zdaki k\u00fc\u00e7\u00fck \u00e7ocu\u011fu bah\u00e7ecilik konusunda heyecanland\u0131r\u0131n ve bah\u00e7e kitimizle i\u015flerin nas\u0131l b\u00fcy\u00fcd\u00fc\u011f\u00fcn\u00fc g\u00f6r\u00fcn. <\/span><\/p>\n<p><span style=\"font-family: 'PingFang SC', 'Microsoft YaHei', sans-serif;font-size: 16px\">A\u015fa\u011f\u0131daki \u00f6\u011feler kit i\u00e7erisinde yer almaktad\u0131r. <\/span><\/p>\n<p><span style=\"font-family: 'PingFang SC', 'Microsoft YaHei', sans-serif;font-size: 16px\">3 x tohum paketi <\/span><\/p>\n<p><span style=\"font-family: 'PingFang SC', 'Microsoft YaHei', sans-serif;font-size: 16px\">1 x ah\u015fap sapl\u0131 metal \u00e7ocuk bah\u00e7e malas\u0131 <\/span><\/p>\n<p><span style=\"font-family: 'PingFang SC', 'Microsoft YaHei', sans-serif;font-size: 16px\">1 x \u00e7ift \u00e7ocuk bah\u00e7e eldiveni <\/span><\/p>\n<p><span style=\"font-family: 'PingFang SC', 'Microsoft YaHei', sans-serif;font-size: 16px\">3 x biyolojik olarak par\u00e7alanabilir tohum saks\u0131s\u0131 <\/span><\/p>\n<p><span style=\"font-family: 'PingFang SC', 'Microsoft YaHei', sans-serif;font-size: 16px\">1 x yamay\u0131 dikmek i\u00e7in yard\u0131mc\u0131 k\u0131lavuz <\/span><\/p>\n<p><span style=\"font-family: 'PingFang SC', 'Microsoft YaHei', sans-serif;font-size: 16px\">T\u00fcm aile i\u00e7in ideal bir hediye veya etkinlik. <\/span><\/p>\n<p><span style=\"font-family: 'PingFang SC', 'Microsoft YaHei', sans-serif;font-size: 16px\">Hediyenizi sizin i\u00e7in paketleyebiliriz Ayr\u0131ca bir mesaj b\u0131rakabilece\u011finiz ve bunu kart\u0131n i\u00e7ine elle yazaca\u011f\u0131m\u0131z bir dizi hediye kart\u0131m\u0131z da var. L\u00fctfen bu sayfadaki kutuya hangisini istedi\u011finizi yaz\u0131n. <\/span><\/p>\n<p><span style=\"font-family: 'PingFang SC', 'Microsoft YaHei', sans-serif;font-size: 16px\"><\/span><\/p>\n<p><span style=\"font-family: 'PingFang SC', 'Microsoft YaHei', sans-serif;font-size: 16px\">Boyut <\/span><\/p>\n<p><span style=\"font-family: 'PingFang SC', 'Microsoft YaHei', sans-serif;font-size: 16px\">Te\u015fhir kutusu 23 cm'ye 16 cm'dir. <\/span><\/p>\n<p><span style=\"font-family: 'PingFang SC', 'Microsoft YaHei', sans-serif;font-size: 16px\">Den imal edilmi\u015f <\/span><\/p>\n<p><span style=\"font-family: 'PingFang SC', 'Microsoft YaHei', sans-serif;font-size: 16px\">Mala: FSC Onayl\u0131 Ah\u015fap Sapl\u0131 Metal mala <\/span><\/p>\n<p><span style=\"font-family: 'PingFang SC', 'Microsoft YaHei', sans-serif;font-size: 16px\">Tohum torbas\u0131: tamamen geri d\u00f6n\u00fc\u015ft\u00fcr\u00fclebilir kraft ka\u011f\u0131t zarf <\/span><\/p>\n<p><span style=\"font-family: 'PingFang SC', 'Microsoft YaHei', sans-serif;font-size: 16px\">Eldivenler: Pamuk <\/span><\/p>\n<p><span style=\"font-family: 'PingFang SC', 'Microsoft YaHei', sans-serif;font-size: 16px\">Tamamen geri d\u00f6n\u00fc\u015ft\u00fcr\u00fclebilir te\u015fhir kutusu vegan dostu m\u00fcrekkep kullan\u0131r <\/span><\/p>\n<\/p>\n<h3 style=\"font-size: 19px\">Kendi lavanta kitinizi yeti\u015ftirmenin avantajlar\u0131<\/h3>\n<p>Kendi lavantan\u0131z\u0131 yeti\u015ftirme kitini kullanman\u0131n, \u00f6d\u00fcllendirici ve keyifli bir bah\u00e7ecilik deneyimi sa\u011flayabilecek \u00e7e\u015fitli avantajlar\u0131 vard\u0131r. \u0130\u015fte baz\u0131 potansiyel avantajlar:<\/p>\n<ol>\n<li>Kolayl\u0131k: Kendi lavantan\u0131z\u0131 yeti\u015ftirin kitleri genellikle gerekli t\u00fcm malzemeler ve talimatlarla birlikte gelir, bu da yeni ba\u015flayanlar veya s\u0131n\u0131rl\u0131 bah\u00e7ecilik deneyimi olanlar i\u00e7in kendi lavantalar\u0131n\u0131 yeti\u015ftirmeye ba\u015flamay\u0131 kolay ve kullan\u0131\u015fl\u0131 hale getirir. Kitler tohum, toprak, saks\u0131 ve di\u011fer temel malzemeleri i\u00e7erebilir ve malzemeleri ayr\u0131 ayr\u0131 toplama ihtiyac\u0131n\u0131 ortadan kald\u0131r\u0131r.<\/li>\n<li>Uygun maliyetli: Bir lavanta kiti sat\u0131n almak, lavanta yeti\u015ftirmeye ba\u015flamak i\u00e7in yerle\u015fik bitkiler sat\u0131n almaya veya bireysel bah\u00e7e malzemeleri sat\u0131n almaya k\u0131yasla uygun maliyetli bir yol olabilir. Kitler genellikle do\u011fru miktarda tohum, toprak ve saks\u0131 ile birlikte gelir, israf\u0131 ve gereksiz harcamalar\u0131 azalt\u0131r.<\/li>\n<li>E\u011fitim: Lavanta kitleri genellikle lavantan\u0131n nas\u0131l yeti\u015ftirilece\u011fi ve bak\u0131m\u0131n\u0131n nas\u0131l yap\u0131laca\u011f\u0131 konusunda talimatlar veya rehberlikle birlikte gelir, bu da onu bah\u00e7ecilik ve bitki bak\u0131m\u0131 hakk\u0131nda bilgi edinmek i\u00e7in de\u011ferli bir e\u011fitim arac\u0131 haline getirir. Yeni ba\u015flayanlar i\u00e7in bah\u00e7ecilik konusunda bilgi ve beceri kazanman\u0131n harika bir yolu olabilir.<\/li>\n<li>Kalite kontrol\u00fc: Bir lavanta kiti ile yeti\u015ftirdi\u011finiz lavantan\u0131n kalitesi \u00fczerinde kontrol sahibi olursunuz. Organik veya GDO'suz tohumlar\u0131 se\u00e7ebilir, isterseniz organik toprak ve g\u00fcbre kullanarak lavanta bitkilerinizin kalitesi ve safl\u0131\u011f\u0131 \u00fczerinde kontrol sahibi olabilirsiniz.<\/li>\n<li>Sa\u011fl\u0131\u011fa faydalar\u0131: Lavantan\u0131n, rahatlama ve stresi azaltmaya yard\u0131mc\u0131 olan yat\u0131\u015ft\u0131r\u0131c\u0131 kokusu gibi sa\u011fl\u0131k a\u00e7\u0131s\u0131ndan say\u0131s\u0131z faydas\u0131 vard\u0131r. Kendi lavanta kitinizi yeti\u015ftirmek size u\u00e7ucu ya\u011flar, \u00e7aylar yapmak veya ev yap\u0131m\u0131 g\u00fczellik \u00fcr\u00fcnlerinde kullanmak gibi \u00e7e\u015fitli ama\u00e7lar i\u00e7in kullanabilece\u011finiz taze ve do\u011fal bir lavanta kayna\u011f\u0131 sa\u011flayabilir.<\/li>\n<li>S\u00fcrd\u00fcr\u00fclebilirlik: Kendi lavanta kitinizi yeti\u015ftirmek, ma\u011fazadan sat\u0131n al\u0131nan lavantan\u0131n ta\u015f\u0131nmas\u0131 ve paketlenmesiyle ili\u015fkili karbon ayak izini azaltt\u0131\u011f\u0131 i\u00e7in s\u00fcrd\u00fcr\u00fclebilir bir uygulama olabilir. Ayr\u0131ca, ticari olarak yeti\u015ftirilen lavantalarda kullan\u0131labilecek potansiyel olarak zararl\u0131 pestisitlerden veya kimyasallardan ka\u00e7\u0131nman\u0131za da olanak tan\u0131r.<\/li>\n<li>Estetik: Lavanta g\u00fczel ve ho\u015f kokulu \u00e7i\u00e7ekleriyle bilinir ve kendi lavantan\u0131z\u0131 yeti\u015ftirmek bah\u00e7enizin veya a\u00e7\u0131k alan\u0131n\u0131z\u0131n estetik \u00e7ekicili\u011fini art\u0131rabilir. Lavanta bitkileri ayr\u0131ca ar\u0131lar\u0131, kelebekleri ve di\u011fer tozlay\u0131c\u0131lar\u0131 \u00e7ekerek bah\u00e7enizin biyolojik \u00e7e\u015fitlili\u011fine ve g\u00fczelli\u011fine katk\u0131da bulunabilir.<\/li>\n<\/ol>\n<h3 style=\"font-size: 19px\">Kendi lavanta kitinizi yeti\u015ftirmek \u00fczerine notlar<\/h3>\n<p>\u0130\u015fte kendi lavanta kitinizi yeti\u015ftirmekle ilgili baz\u0131 notlar:<\/p>\n<ol style=\"list-style-type: decimal\">\n<li>\n<p>Do\u011fru \u00e7e\u015fidi se\u00e7in: Lavanta, her biri kendine \u00f6zg\u00fc \u00f6zelliklere sahip bir\u00e7ok farkl\u0131 \u00e7e\u015fitte gelir. Yayg\u0131n \u00e7e\u015fitler aras\u0131nda \u0130ngiliz lavantas\u0131 (Lavandula angustifolia), Frans\u0131z lavantas\u0131 (Lavandula stoechas) ve \u0130spanyol lavantas\u0131 (Lavandula dentata) bulunur. \u0130kliminize ve yeti\u015ftirme ko\u015fullar\u0131n\u0131za en uygun \u00e7e\u015fidi ara\u015ft\u0131r\u0131n ve se\u00e7in.<\/p>\n<\/li>\n<li>\n<p>Kaliteli bir lavanta kiti sat\u0131n al\u0131n: Y\u00fcksek kaliteli tohumlar veya \u00e7eliklerin yan\u0131 s\u0131ra toprak, saks\u0131 veya bitki i\u015faretleyicileri gibi ba\u015far\u0131l\u0131 b\u00fcy\u00fcme i\u00e7in gereken ek malzemeleri i\u00e7eren bir lavanta kiti aray\u0131n. Kitin sayg\u0131n bir kaynaktan al\u0131nd\u0131\u011f\u0131ndan ve bah\u00e7ecilik deneyim d\u00fczeyinize uygun oldu\u011fundan emin olun.<\/p>\n<\/li>\n<li>\n<p>\u0130yi drene olan toprak sa\u011flay\u0131n: Lavanta, hafif alkali pH seviyesine sahip iyi drene olan topra\u011f\u0131 tercih eder. Bitkiler i\u00e7in \u00f6zel olarak form\u00fcle edilmi\u015f bir saks\u0131 kar\u0131\u015f\u0131m\u0131 kullan\u0131n veya a\u00e7\u0131k havada dikiyorsan\u0131z iyi drene olan bir bah\u00e7e topra\u011f\u0131 se\u00e7in. \u00c7ok fazla nem tutabilen ve k\u00f6k \u00e7\u00fcr\u00fcmesine neden olabilen a\u011f\u0131r, killi topraklardan ka\u00e7\u0131n\u0131n.<\/p>\n<\/li>\n<li>\n<p>G\u00fcne\u015fli bir yer se\u00e7in: Lavanta g\u00fcne\u015f \u0131\u015f\u0131\u011f\u0131n\u0131 sever, bu nedenle lavanta kitiniz i\u00e7in g\u00fcne\u015fli bir yer se\u00e7in. Lavanta, optimum b\u00fcy\u00fcme ve \u00e7i\u00e7eklenme i\u00e7in tipik olarak g\u00fcnde en az 6-8 saat do\u011frudan g\u00fcne\u015f \u0131\u015f\u0131\u011f\u0131na ihtiya\u00e7 duyar.<\/p>\n<\/li>\n<li>\n<p>Suyu idareli kullan\u0131n: Lavanta kuru veya hafif nemli topra\u011f\u0131 tercih eder, bu nedenle a\u015f\u0131r\u0131 sulamamaya dikkat edin. Bitkileri az sulay\u0131n ve sulamalar aras\u0131nda topra\u011f\u0131n hafif\u00e7e kurumas\u0131na izin verin. K\u00f6k \u00e7\u00fcr\u00fcmesine neden olabilece\u011finden, durgun sudan veya a\u015f\u0131r\u0131 \u0131slak ko\u015fullardan ka\u00e7\u0131n\u0131n.<\/p>\n<\/li>\n<li>\n<p>D\u00fczenli olarak buday\u0131n: Lavanta, hastal\u0131klar\u0131n \u00f6nlenmesine yard\u0131mc\u0131 olabilecek daha g\u00fcr b\u00fcy\u00fcmeyi ve daha iyi hava ak\u0131\u015f\u0131n\u0131 te\u015fvik etmek i\u00e7in d\u00fczenli budamadan yararlan\u0131r. Bitkiler \u00e7i\u00e7eklenmeyi bitirdikten sonra, bitki boyunun yakla\u015f\u0131k \u00fc\u00e7te birini keserek buday\u0131n. Dallanmay\u0131 te\u015fvik etmek i\u00e7in b\u00fcy\u00fcme mevsimi boyunca bitkilerin u\u00e7lar\u0131n\u0131 da geriye do\u011fru s\u0131k\u0131\u015ft\u0131rabilirsiniz.<\/p>\n<\/li>\n<li>\n<p>Az miktarda g\u00fcbreleyin: Lavanta az bak\u0131m gerektiren bir bitkidir ve genellikle fazla g\u00fcbreleme gerektirmez. Gerekirse, \u00fcreticinin talimatlar\u0131n\u0131 izleyerek b\u00fcy\u00fcme mevsimi boyunca dengeli, suda \u00e7\u00f6z\u00fcn\u00fcr bir g\u00fcbreyi az miktarda uygulayabilirsiniz.<\/p>\n<\/li>\n<li>\n<p>Sert k\u0131\u015f ko\u015fullar\u0131ndan koruyun: Lavanta so\u011fuk havalara dayanabilen \u00e7ok y\u0131ll\u0131k bir bitkidir, ancak sert k\u0131\u015f ko\u015fullar\u0131nda korunmaya ihtiya\u00e7 duyabilir. A\u00e7\u0131k havada lavanta yeti\u015ftiriyorsan\u0131z ve k\u0131\u015flar\u0131 so\u011fuk ge\u00e7en bir b\u00f6lgede ya\u015f\u0131yorsan\u0131z, bitkileri bir mal\u00e7 tabakas\u0131yla \u00f6rtmeyi veya k\u0131\u015f aylar\u0131nda saks\u0131 bitkilerini i\u00e7 mekana getirmeyi d\u00fc\u015f\u00fcn\u00fcn.<\/p>\n<\/li>\n<li>\n<p>Ha\u015fere ve hastal\u0131klara kar\u015f\u0131 dikkatli olun: Lavanta genellikle zararl\u0131lara ve hastal\u0131klara kar\u015f\u0131 diren\u00e7lidir, ancak yine de yaprak bitleri, \u00f6r\u00fcmcek akarlar\u0131 ve k\u00f6k \u00e7\u00fcr\u00fckl\u00fc\u011f\u00fc gibi sorunlara kar\u015f\u0131 hassas olabilir. Ha\u015fere veya hastal\u0131k belirtilerine dikkat edin ve gerekirse b\u00f6cek \u00f6ld\u00fcr\u00fcc\u00fc sabun kullanmak veya mantar ilac\u0131 ile tedavi etmek gibi uygun \u00f6nlemleri al\u0131n.<\/p>\n<\/li>\n<li>\n<p>Do\u011fru zamanda hasat edin: Lavanta yaz aylar\u0131nda \u00e7i\u00e7ek a\u00e7ar ve \u00e7i\u00e7ekleri tamamen a\u00e7t\u0131ktan ve zirveye ula\u015ft\u0131ktan sonra hasat edebilirsiniz. \u00c7i\u00e7ekleri yapraklar\u0131n hemen \u00fczerinden kesin ve kurumas\u0131 i\u00e7in serin ve kuru bir yere ba\u015f a\u015fa\u011f\u0131 as\u0131n. Kuruduktan sonra lavanta \u00e7i\u00e7eklerini mutfakta, potpuri olarak ya da di\u011fer el i\u015flerinde kullanabilirsiniz.<\/p>\n<\/li>\n<\/ol>\n<p>Farkl\u0131 kitlerin gereksinimleri biraz farkl\u0131 olabilece\u011finden, her zaman lavanta kitinizle birlikte verilen \u00f6zel talimatlar\u0131 izlemeyi unutmay\u0131n. Uygun bak\u0131m ve dikkatle, kendi yeti\u015ftirdi\u011finiz lavantan\u0131n g\u00fczelli\u011finin ve kokusunun tad\u0131n\u0131 \u00e7\u0131karabilirsiniz! Mutlu bah\u00e7ecilik!<\/p><\/p>","protected":false},"excerpt":{"rendered":"<p>\u00c7ocuklar Kendi \u00c7i\u00e7ek Bah\u00e7esi Kitini B\u00fcy\u00fct\u00fcyor<\/p>\n<p>Kendi lavantan\u0131 yeti\u015ftirme kiti, genellikle lavanta bitkilerini yeti\u015ftirmek i\u00e7in gereken tohumlar, toprak ve bir kap gibi her \u015feyi i\u00e7eren bir settir. Kit ayr\u0131ca bitkilerin bak\u0131m\u0131n\u0131n nas\u0131l yap\u0131laca\u011f\u0131na dair talimatlar ve b\u00fcy\u00fcd\u00fckten sonra lavantan\u0131n toplanmas\u0131na ili\u015fkin ipu\u00e7lar\u0131 da i\u00e7erebilir. Bu kitler bah\u00e7ecilik tutkunlar\u0131 veya evlerine do\u011fal g\u00fczellik katmak isteyenler aras\u0131nda pop\u00fclerdir.<\/p><\/p>","protected":false},"featured_media":17960,"comment_status":"closed","ping_status":"closed","template":"","meta":[],"product_cat":[61],"product_tag":[829,828,830,417,827,564,561,77,558,831],"acf":[],"_links":{"self":[{"href":"https:\/\/www.garden-kit.com\/tr\/wp-json\/wp\/v2\/product\/1599"}],"collection":[{"href":"https:\/\/www.garden-kit.com\/tr\/wp-json\/wp\/v2\/product"}],"about":[{"href":"https:\/\/www.garden-kit.com\/tr\/wp-json\/wp\/v2\/types\/product"}],"replies":[{"embeddable":true,"href":"https:\/\/www.garden-kit.com\/tr\/wp-json\/wp\/v2\/comments?post=1599"}],"wp:featuredmedia":[{"embeddable":true,"href":"https:\/\/www.garden-kit.com\/tr\/wp-json\/wp\/v2\/media\/17960"}],"wp:attachment":[{"href":"https:\/\/www.garden-kit.com\/tr\/wp-json\/wp\/v2\/media?parent=1599"}],"wp:term":[{"taxonomy":"product_cat","embeddable":true,"href":"https:\/\/www.garden-kit.com\/tr\/wp-json\/wp\/v2\/product_cat?post=1599"},{"taxonomy":"product_tag","embeddable":true,"href":"https:\/\/www.garden-kit.com\/tr\/wp-json\/wp\/v2\/product_tag?post=1599"}],"curies":[{"name":"wp","href":"https:\/\/api.w.org\/{rel}","templated":true}]}}