{"id":1646,"date":"2022-08-24T00:31:47","date_gmt":"2022-08-23T16:31:47","guid":{"rendered":"http:\/\/www.garden-kit.com\/product\/forever-garden-tool-set\/"},"modified":"2023-03-31T16:31:53","modified_gmt":"2023-03-31T08:31:53","slug":"garden-tool-set","status":"publish","type":"product","link":"https:\/\/www.garden-kit.com\/tr\/product\/garden-tool-set\/","title":{"rendered":"Bah\u00e7e Alet Seti"},"content":{"rendered":"<h3 style=\"font-size: 19px\"><span style=\"font-family: arial, helvetica, sans-serif\">Genel Bak\u0131\u015f<\/span><\/h3>\n<table style=\"border-collapse: collapse;width: 100%\">\n<tbody>\n<tr>\n<td width=\"224\">\n<pre><span style=\"font-family: arial, helvetica, sans-serif\">\u00dcr\u00fcn Bak\u0131m Talimatlar\u0131<\/span><\/pre>\n<\/td>\n<td width=\"224\">\n<pre><span style=\"font-family: arial, helvetica, sans-serif\">Mevcut<\/span><\/pre>\n<\/td>\n<\/tr>\n<tr>\n<td width=\"224\">\n<pre><span style=\"font-family: arial, helvetica, sans-serif\">\u00fcr\u00fcn tipi<\/span><\/pre>\n<\/td>\n<td width=\"224\">\n<pre><span style=\"font-family: arial, helvetica, sans-serif\">FOREVER Bah\u00e7e Alet Seti\n<\/span><\/pre>\n<\/td>\n<\/tr>\n<tr>\n<td width=\"224\">\n<pre><span style=\"font-family: arial, helvetica, sans-serif\">\u00d6zel \u00f6zellik<\/span><\/pre>\n<\/td>\n<td width=\"224\">\n<pre><span style=\"font-family: arial, helvetica, sans-serif\">Kapal\u0131-A\u00e7\u0131k Yeti\u015ftirme<\/span><\/pre>\n<\/td>\n<\/tr>\n<tr>\n<td width=\"224\">\n<pre><span style=\"font-family: arial, helvetica, sans-serif\">Marka<\/span><\/pre>\n<\/td>\n<td width=\"224\">\n<pre><span style=\"font-family: arial, helvetica, sans-serif\">Bah\u00e7e Seti<\/span><\/pre>\n<\/td>\n<\/tr>\n<tr>\n<td width=\"224\">\n<pre><span style=\"font-family: arial, helvetica, sans-serif\">Anavatan<\/span><\/pre>\n<\/td>\n<td width=\"224\">\n<pre><span style=\"font-family: arial, helvetica, sans-serif\">Fujian, \u00c7in<\/span><\/pre>\n<\/td>\n<\/tr>\n<tr>\n<td width=\"224\">\n<pre><span style=\"font-family: arial, helvetica, sans-serif\">ODM\/OEM<\/span><\/pre>\n<\/td>\n<td width=\"224\">\n<pre><span style=\"font-family: arial, helvetica, sans-serif\">Mevcut<\/span><\/pre>\n<\/td>\n<\/tr>\n<tr>\n<td width=\"224\">\n<pre><span style=\"font-family: arial, helvetica, sans-serif\">\u00d6zelle\u015ftirilmi\u015f sipari\u015f i\u00e7in MOQ<\/span><\/pre>\n<\/td>\n<td width=\"224\">\n<pre><span style=\"font-family: arial, helvetica, sans-serif\">3000 adet<\/span><\/pre>\n<\/td>\n<\/tr>\n<tr>\n<td width=\"224\">\n<pre><span style=\"font-family: arial, helvetica, sans-serif\">\u00d6rnek maliyet<\/span><\/pre>\n<\/td>\n<td width=\"224\">\n<pre><span style=\"font-family: arial, helvetica, sans-serif\">US$400\/\u00d6rnek, bizden sipari\u015f verdikten sonra tam iade<\/span><\/pre>\n<\/td>\n<\/tr>\n<\/tbody>\n<\/table>\n<h3 style=\"font-size: 19px\"><span style=\"font-family: arial, helvetica, sans-serif\">Tan\u0131m<\/span><\/h3>\n<p><span style=\"font-family: arial, helvetica, sans-serif\">Bah\u00e7e kiti sonsuza dek bah\u00e7e alet seti uzun \u00f6m\u00fcrl\u00fcd\u00fcr. Sa\u011flam, f\u0131r\u00e7alanm\u0131\u015f al\u00fcminyum yap\u0131 ve ergonomik tasar\u0131ml\u0131 sap, bu seti bah\u00e7\u0131van\u0131n yeni arkada\u015f\u0131 haline getiriyor.<\/span><\/p>\n<p><span style=\"font-family: arial, helvetica, sans-serif\">Bah\u00e7e malas\u0131<\/span><\/p>\n<p><span style=\"font-family: arial, helvetica, sans-serif\">Bah\u00e7e malalar\u0131 kazmak, topra\u011f\u0131 yaymak, yatak yapmak ve fide dikmek i\u00e7in idealdir.<\/span><\/p>\n<p><span style=\"font-family: arial, helvetica, sans-serif\">Bah\u00e7e k\u00fcltivat\u00f6r\u00fc<\/span><\/p>\n<p><span style=\"font-family: arial, helvetica, sans-serif\">Bah\u00e7e k\u00fcltivat\u00f6rleri topra\u011f\u0131 k\u0131rmak ve yabani otlar\u0131 ay\u0131klamak i\u00e7in idealdir.<\/span><\/p>\n<p><span style=\"font-family: arial, helvetica, sans-serif\">Bu kaliteli kit \u00f6m\u00fcr boyu kullan\u0131labilir.<\/span><\/p>\n<pre><span style=\"font-family: arial, helvetica, sans-serif\">A\u015fa\u011f\u0131daki \u00f6\u011feler kit i\u00e7erisinde yer almaktad\u0131r.<\/span><\/pre>\n<p><span style=\"font-family: arial, helvetica, sans-serif\">1 adet Bah\u00e7e Malas\u0131<\/span><\/p>\n<p><span style=\"font-family: arial, helvetica, sans-serif\">1 Bah\u00e7e K\u00fcltivat\u00f6r\u00fc<\/span><\/p>\n<p><span style=\"font-family: arial, helvetica, sans-serif\">1 \u00d6zelle\u015ftirilmi\u015f hediye kutusu<\/span><\/p>\n<p><span style=\"font-family: arial, helvetica, sans-serif\">Sa\u011flam f\u0131r\u00e7alanm\u0131\u015f al\u00fcminyum aletler, deri ask\u0131 ask\u0131s\u0131. 100% plastik i\u00e7ermeyen ambalaj.<\/span><\/p>\n<pre><span style=\"font-family: arial, helvetica, sans-serif\">Nas\u0131l kullan\u0131l\u0131r<\/span><\/pre>\n<p><span style=\"font-family: arial, helvetica, sans-serif\">Bah\u00e7e aletlerini plastik i\u00e7ermeyen ambalaj\u0131ndan \u00e7\u0131kar\u0131n. L\u00fctfen geri d\u00f6n\u00fc\u015ft\u00fcr\u00fcn.<\/span><\/p><\/p>","protected":false},"excerpt":{"rendered":"<p>Bah\u00e7e Alet Seti<\/p>","protected":false},"featured_media":12980,"comment_status":"open","ping_status":"closed","template":"","meta":[],"product_cat":[63],"product_tag":[549,550,547,64,548],"acf":[],"_links":{"self":[{"href":"https:\/\/www.garden-kit.com\/tr\/wp-json\/wp\/v2\/product\/1646"}],"collection":[{"href":"https:\/\/www.garden-kit.com\/tr\/wp-json\/wp\/v2\/product"}],"about":[{"href":"https:\/\/www.garden-kit.com\/tr\/wp-json\/wp\/v2\/types\/product"}],"replies":[{"embeddable":true,"href":"https:\/\/www.garden-kit.com\/tr\/wp-json\/wp\/v2\/comments?post=1646"}],"wp:featuredmedia":[{"embeddable":true,"href":"https:\/\/www.garden-kit.com\/tr\/wp-json\/wp\/v2\/media\/12980"}],"wp:attachment":[{"href":"https:\/\/www.garden-kit.com\/tr\/wp-json\/wp\/v2\/media?parent=1646"}],"wp:term":[{"taxonomy":"product_cat","embeddable":true,"href":"https:\/\/www.garden-kit.com\/tr\/wp-json\/wp\/v2\/product_cat?post=1646"},{"taxonomy":"product_tag","embeddable":true,"href":"https:\/\/www.garden-kit.com\/tr\/wp-json\/wp\/v2\/product_tag?post=1646"}],"curies":[{"name":"wp","href":"https:\/\/api.w.org\/{rel}","templated":true}]}}