{"id":1652,"date":"2022-08-24T00:32:12","date_gmt":"2022-08-23T16:32:12","guid":{"rendered":"http:\/\/www.garden-kit.com\/product\/wildflower-seed-drops\/"},"modified":"2023-03-31T16:34:44","modified_gmt":"2023-03-31T08:34:44","slug":"wildflower-seed-drops","status":"publish","type":"product","link":"https:\/\/www.garden-kit.com\/tr\/product\/wildflower-seed-drops\/","title":{"rendered":"K\u0131r \u00c7i\u00e7e\u011fi Tohumu Damlalar\u0131"},"content":{"rendered":"<h3 style=\"font-size: 19px\"><span style=\"font-family: 'PingFang SC', 'Microsoft YaHei', sans-serif;font-size: 16px\">Genel Bak\u0131\u015f<\/span><\/h3>\n<table style=\"border-collapse: collapse;width: 100%;height: 300px\">\n<tbody>\n<tr>\n<td width=\"298\">\n<pre><span style=\"font-family: 'PingFang SC', 'Microsoft YaHei', sans-serif;font-size: 16px\">\u00dcr\u00fcn Bak\u0131m Talimatlar\u0131<\/span><\/pre>\n<\/td>\n<td width=\"298\">\n<pre><span style=\"font-family: 'PingFang SC', 'Microsoft YaHei', sans-serif;font-size: 16px\">Mevcut<\/span><\/pre>\n<\/td>\n<\/tr>\n<tr>\n<td width=\"298\">\n<pre><span style=\"font-family: 'PingFang SC', 'Microsoft YaHei', sans-serif;font-size: 16px\">Bitki \u00dcr\u00fcn Tipi<\/span><\/pre>\n<\/td>\n<td width=\"298\">\n<pre><span style=\"font-family: 'PingFang SC', 'Microsoft YaHei', sans-serif;font-size: 16px\">K\u0131r \u00c7i\u00e7e\u011fi<\/span><\/pre>\n<\/td>\n<\/tr>\n<tr>\n<td width=\"298\">\n<pre><span style=\"font-family: 'PingFang SC', 'Microsoft YaHei', sans-serif;font-size: 16px\">\u00d6zel \u00f6zellik<\/span><\/pre>\n<\/td>\n<td width=\"298\">\n<pre><span style=\"font-family: 'PingFang SC', 'Microsoft YaHei', sans-serif;font-size: 16px\">Kapal\u0131-A\u00e7\u0131k Yeti\u015ftirme<\/span><\/pre>\n<\/td>\n<\/tr>\n<tr>\n<td width=\"298\">\n<pre><span style=\"font-family: 'PingFang SC', 'Microsoft YaHei', sans-serif;font-size: 16px\">Marka<\/span><\/pre>\n<\/td>\n<td width=\"298\">\n<pre><span style=\"font-family: 'PingFang SC', 'Microsoft YaHei', sans-serif;font-size: 16px\">Bah\u00e7e Seti<\/span><\/pre>\n<\/td>\n<\/tr>\n<tr>\n<td width=\"298\">\n<pre><span style=\"font-family: 'PingFang SC', 'Microsoft YaHei', sans-serif;font-size: 16px\">Anavatan<\/span><\/pre>\n<\/td>\n<td width=\"298\">\n<pre><span style=\"font-family: 'PingFang SC', 'Microsoft YaHei', sans-serif;font-size: 16px\">Fujian, \u00c7in<\/span><\/pre>\n<\/td>\n<\/tr>\n<tr>\n<td width=\"298\">\n<pre><span style=\"font-family: 'PingFang SC', 'Microsoft YaHei', sans-serif;font-size: 16px\">ODM\/OEM<\/span><\/pre>\n<\/td>\n<td width=\"298\">\n<pre><span style=\"font-family: 'PingFang SC', 'Microsoft YaHei', sans-serif;font-size: 16px\">Mevcut<\/span><\/pre>\n<\/td>\n<\/tr>\n<tr>\n<td width=\"298\">\n<pre><span style=\"font-family: 'PingFang SC', 'Microsoft YaHei', sans-serif;font-size: 16px\">\u00d6zelle\u015ftirilmi\u015f sipari\u015f i\u00e7in MOQ<\/span><\/pre>\n<\/td>\n<td width=\"298\">\n<pre><span style=\"font-family: 'PingFang SC', 'Microsoft YaHei', sans-serif;font-size: 16px\">3000 adet<\/span><\/pre>\n<\/td>\n<\/tr>\n<tr>\n<td width=\"298\">\n<pre><span style=\"font-family: 'PingFang SC', 'Microsoft YaHei', sans-serif;font-size: 16px\">\u00d6rnek maliyet<\/span><\/pre>\n<\/td>\n<td width=\"298\">\n<pre><span style=\"font-family: 'PingFang SC', 'Microsoft YaHei', sans-serif;font-size: 16px\">US$400\/\u00d6rnek, bizden sipari\u015f verdikten sonra tam iade<\/span><\/pre>\n<\/td>\n<\/tr>\n<\/tbody>\n<\/table>\n<pre><span style=\"font-family: 'PingFang SC', 'Microsoft YaHei', sans-serif;font-size: 16px\">\n\nYABAN \u00c7\u0130\u00c7E\u011e\u0130 TOHUM DAMLALARI Kitleri: \u00c7ok kolay - k\u0131r \u00e7i\u00e7e\u011fi tohumu yeti\u015ftirme konusundaki tahminleri ortadan kald\u0131r\u0131yor, her ad\u0131mda size rehberlik ediyoruz. K\u0131r \u00e7i\u00e7e\u011finin ne\u015fesini sizin veya sevdiklerinizin hayat\u0131na getirmek i\u00e7in ihtiyac\u0131n\u0131z olan her \u015fey g\u00fczel bir hediye kutusunda. Dikin!\n\nKit i\u00e7erisinde a\u015fa\u011f\u0131daki \u00fcr\u00fcnler bulunmaktad\u0131r.\n11 g\u00f6kku\u015fa\u011f\u0131 tohumu damlas\u0131\n1 \u00f6zelle\u015ftirilmi\u015f ask\u0131 etiketi\n1 \u00f6zelle\u015ftirilmi\u015f paket \u00e7anta\n\nBah\u00e7enizin yerel ar\u0131lar\u0131 ve kelebekleri \u00e7eken g\u00fczel ve renkli k\u0131r \u00e7i\u00e7ekleriyle dolu oldu\u011funu hayal edin. Her bir k\u0131r \u00e7i\u00e7e\u011fi tohumu damlas\u0131 100% biyolojik olarak par\u00e7alanabilir ve istilac\u0131 olmayan, do\u011fal y\u0131ll\u0131k ve \u00e7ok y\u0131ll\u0131k k\u0131r \u00e7i\u00e7e\u011fi tohumlar\u0131 i\u00e7erir. Bu tohumlar m\u00fckemmel bir hediye ya da parti hediyesidir. Her buket, payla\u015fabilece\u011finiz veya bah\u00e7enin etraf\u0131na serpebilece\u011finiz 11 damla g\u00f6kku\u015fa\u011f\u0131 tohumuna sahiptir. Sat\u0131n ald\u0131klar\u0131n\u0131z\u0131n \u00e7evre \u00fczerinde olumlu bir etkisi oldu\u011funu bilerek \u00f6zg\u00fcrce nefes al\u0131n!\n- Damlac\u0131k boyutu: 0,5 \"x.75\" yuvarlak\n- 100% biyolojik olarak par\u00e7alanabilir ve ekilebilir\n-K\u0131r \u00e7i\u00e7e\u011fi tohumu kar\u0131\u015f\u0131m\u0131na g\u00f6m\u00fcl\u00fc\n-Damlalar a\u011fa\u00e7lardan de\u011fil, t\u00fcketici sonras\u0131 at\u0131klardan elde edilir\n- T\u00fcm tohumlar GDO'suzdur\n- Damlac\u0131klar i\u00e7 veya d\u0131\u015f mekanda ekilebilir\n\n-Yaban \u00e7i\u00e7eklerinin t\u00fcm\u00fc ABD G\u0131da ve \u0130la\u00e7 Dairesi ve USDA taraf\u0131ndan ABD, Kanada, AB, \u0130ngiltere, Yeni Zelanda ve Avustralya'da yeti\u015ftirilmesi i\u00e7in onaylanm\u0131\u015f g\u00fcvenli yerli \u00e7i\u00e7eklerdir\n- Sipari\u015f ba\u015f\u0131na bir a\u011fa\u00e7 dikin\n- T\u00fcm \u00fcr\u00fcnler sipari\u015f \u00fczerine \u00fcretilir\n\nTohum damlalar\u0131n\u0131z\u0131 ekin:\n-Damlalar\u0131 1\/8\" toprak tabakas\u0131n\u0131n alt\u0131na yerle\u015ftirin\n- k\u0131r \u00e7i\u00e7e\u011fi tohumlar\u0131n\u0131z\u0131 iyice \u0131slat\u0131n\n- Tohumlar \u00e7imlenme s\u00fcrecinin ilk 10 g\u00fcn\u00fc boyunca nemli tutulur\n-S\u00fcrg\u00fcnler ortaya \u00e7\u0131kt\u0131ktan sonra, uzun ve g\u00fc\u00e7l\u00fc olana kadar s\u00fcrg\u00fcnleri nemli tutun\n\nK\u0131r \u00c7i\u00e7e\u011fi Tohum Kar\u0131\u015f\u0131m\u0131:\n- Ku\u015f G\u00f6z\u00fc - Y\u0131ll\u0131k\n- Krakia - Y\u0131ll\u0131k\n- Siyah G\u00f6zl\u00fc Susan - Perennial\n- Sinekkapan - y\u0131ll\u0131k\n- Snapdragon - Y\u0131ll\u0131k\n- \u0130ngiliz papatyas\u0131 - \u00e7ok y\u0131ll\u0131k\n-tatl\u0131 tatl\u0131-y\u0131ll\u0131k\n<\/span><\/pre><\/p>","protected":false},"excerpt":{"rendered":"<p>Bah\u00e7enizin yerli ar\u0131lar\u0131 ve kelebekleri \u00e7eken harika, rengarenk k\u0131r \u00e7i\u00e7ekleri ile dolu oldu\u011funu hayal edin. Her k\u0131r \u00e7i\u00e7e\u011fi tohumu damlas\u0131 100% biyolojik olarak par\u00e7alanabilir ve istilac\u0131 olmayan, yerli y\u0131ll\u0131k ve \u00e7ok y\u0131ll\u0131k k\u0131r \u00e7i\u00e7e\u011fi tohumlar\u0131n\u0131n bir kar\u0131\u015f\u0131m\u0131n\u0131 i\u00e7erir. Bu tohum damlalar\u0131 m\u00fckemmel bir hediye veya parti iyili\u011fidir. <\/p>","protected":false},"featured_media":13087,"comment_status":"open","ping_status":"closed","template":"","meta":[],"product_cat":[67],"product_tag":[380,617,84,616,615],"acf":[],"_links":{"self":[{"href":"https:\/\/www.garden-kit.com\/tr\/wp-json\/wp\/v2\/product\/1652"}],"collection":[{"href":"https:\/\/www.garden-kit.com\/tr\/wp-json\/wp\/v2\/product"}],"about":[{"href":"https:\/\/www.garden-kit.com\/tr\/wp-json\/wp\/v2\/types\/product"}],"replies":[{"embeddable":true,"href":"https:\/\/www.garden-kit.com\/tr\/wp-json\/wp\/v2\/comments?post=1652"}],"wp:featuredmedia":[{"embeddable":true,"href":"https:\/\/www.garden-kit.com\/tr\/wp-json\/wp\/v2\/media\/13087"}],"wp:attachment":[{"href":"https:\/\/www.garden-kit.com\/tr\/wp-json\/wp\/v2\/media?parent=1652"}],"wp:term":[{"taxonomy":"product_cat","embeddable":true,"href":"https:\/\/www.garden-kit.com\/tr\/wp-json\/wp\/v2\/product_cat?post=1652"},{"taxonomy":"product_tag","embeddable":true,"href":"https:\/\/www.garden-kit.com\/tr\/wp-json\/wp\/v2\/product_tag?post=1652"}],"curies":[{"name":"wp","href":"https:\/\/api.w.org\/{rel}","templated":true}]}}