{"id":1663,"date":"2022-08-24T00:32:59","date_gmt":"2022-08-23T16:32:59","guid":{"rendered":"http:\/\/www.garden-kit.com\/product\/at-home-date-night-box\/"},"modified":"2023-03-31T15:01:01","modified_gmt":"2023-03-31T07:01:01","slug":"at-home-date-night-box","status":"publish","type":"product","link":"https:\/\/www.garden-kit.com\/tr\/product\/at-home-date-night-box\/","title":{"rendered":"Evde Randevu Gece Kutusu"},"content":{"rendered":"<h3 style=\"line-height: 1.5;font-size: 19px\"><span style=\"font-family: arial, helvetica, sans-serif;font-size: 16px\">Genel Bak\u0131\u015f<\/span><\/h3>\n<table style=\"border-collapse: collapse;width: 100%;height: 225.812px\" width=\"100%\">\n<tbody>\n<tr style=\"height: 27.625px\">\n<td style=\"height: 27.625px\" width=\"299\"><span style=\"font-family: arial, helvetica, sans-serif;font-size: 16px\">\u00dcr\u00fcn Bak\u0131m Talimatlar\u0131<\/span><\/td>\n<td style=\"height: 27.625px\" width=\"299\"><span style=\"font-family: arial, helvetica, sans-serif;font-size: 16px\">Mevcut<\/span><\/td>\n<\/tr>\n<tr style=\"height: 27.625px\">\n<td style=\"height: 27.625px\" width=\"299\"><span style=\"font-family: arial, helvetica, sans-serif;font-size: 16px\">\u00fcr\u00fcn tipi<\/span><\/td>\n<td style=\"height: 27.625px\" width=\"299\"><span style=\"font-family: arial, helvetica, sans-serif;font-size: 16px\">C\u0130N YAPIM K\u0130T\u0130<\/span><\/td>\n<\/tr>\n<tr style=\"height: 29.5px\">\n<td style=\"height: 29.5px\" width=\"299\"><span style=\"font-family: arial, helvetica, sans-serif;font-size: 16px\">\u00d6zel \u00f6zellik<\/span><\/td>\n<td style=\"height: 29.5px\" width=\"299\"><span style=\"font-family: arial, helvetica, sans-serif;font-size: 16px\">Bu nefis randevu gecesi kiti ile m\u00fckemmel bir gecenin tad\u0131n\u0131 \u00e7\u0131kar\u0131n.<\/span><\/td>\n<\/tr>\n<tr style=\"height: 27.625px\">\n<td style=\"height: 27.625px\" width=\"299\"><span style=\"font-family: arial, helvetica, sans-serif;font-size: 16px\">Marka<\/span><\/td>\n<td style=\"height: 27.625px\" width=\"299\"><span style=\"font-family: arial, helvetica, sans-serif;font-size: 16px\">Bah\u00e7e Seti<\/span><\/td>\n<\/tr>\n<tr style=\"height: 27.625px\">\n<td style=\"height: 27.625px\" width=\"299\"><span style=\"font-family: arial, helvetica, sans-serif;font-size: 16px\">Anavatan<\/span><\/td>\n<td style=\"height: 27.625px\" width=\"299\"><span style=\"font-family: arial, helvetica, sans-serif;font-size: 16px\">Fujian, \u00c7in<\/span><\/td>\n<\/tr>\n<tr style=\"height: 27.625px\">\n<td style=\"height: 27.625px\" width=\"299\"><span style=\"font-family: arial, helvetica, sans-serif;font-size: 16px\">ODM\/OEM<\/span><\/td>\n<td style=\"height: 27.625px\" width=\"299\"><span style=\"font-family: arial, helvetica, sans-serif;font-size: 16px\">Mevcut<\/span><\/td>\n<\/tr>\n<tr style=\"height: 27.625px\">\n<td style=\"height: 27.625px\" width=\"299\"><span style=\"font-family: arial, helvetica, sans-serif;font-size: 16px\">\u00d6zelle\u015ftirilmi\u015f sipari\u015f i\u00e7in MOQ<\/span><\/td>\n<td style=\"height: 27.625px\" width=\"299\"><span style=\"font-family: arial, helvetica, sans-serif;font-size: 16px\">3000 adet<\/span><\/td>\n<\/tr>\n<tr style=\"height: 30.5625px\">\n<td style=\"height: 30.5625px\" width=\"299\"><span style=\"font-family: arial, helvetica, sans-serif;font-size: 16px\">\u00d6rnek maliyet<\/span><\/td>\n<td style=\"height: 30.5625px\" width=\"299\"><span style=\"font-family: arial, helvetica, sans-serif;font-size: 16px\">US$400\/\u00d6rnek, bizden sipari\u015f verdikten sonra tam iade<\/span><\/td>\n<\/tr>\n<\/tbody>\n<\/table>\n<p style=\"line-height: 1.5\">&nbsp;<\/p>\n<p style=\"line-height: 1.5\"><span style=\"font-family: arial, helvetica, sans-serif;font-size: 16px\">Nelson and Pops'un nihai randevu gecesi kutusuyla romantizmi canl\u0131 tutun ve m\u00fckemmel bir aile randevusu gecesi yarat\u0131n. Randevu gecesi hediye kutular\u0131m\u0131zla, lezzetli k\u0131zarm\u0131\u015f marshmallow'lar\u0131n ve bir bardak prosecco'nun tad\u0131n\u0131 \u00e7\u0131kar\u0131rken birbirinizin arkada\u015fl\u0131\u011f\u0131n\u0131n tad\u0131n\u0131 \u00e7\u0131karabilirsiniz. Daha fazla romantizm i\u00e7in, partnerinizin tahmin etmesi i\u00e7in 15 farkl\u0131 soru i\u00e7eren bir dizi Garden Kit randevu gecesi kart\u0131m\u0131z var. Bu lezzetli randevu gecesi kiti ile m\u00fckemmel bir gece ge\u00e7irin.<\/span><\/p>\n<p style=\"line-height: 1.5\"><span style=\"font-family: arial, helvetica, sans-serif;font-size: 16px\">A\u015fa\u011f\u0131daki \u00f6\u011feler kit i\u00e7erisinde yer almaktad\u0131r.<\/span><\/p>\n<ul>\n<li style=\"line-height: 1.5\"><span style=\"font-family: arial, helvetica, sans-serif;font-size: 16px\">Marshmallow tost makinesi (\u00fc\u00e7 saate kadar yanar)<\/span><\/li>\n<li style=\"line-height: 1.5\"><span style=\"font-family: arial, helvetica, sans-serif;font-size: 16px\">Gurme ahududu ve beyaz \u00e7ikolata aromal\u0131 marshmallow<\/span><\/li>\n<li style=\"line-height: 1.5\"><span style=\"font-family: arial, helvetica, sans-serif;font-size: 16px\">Bambu \u015ei\u015fler<\/span><\/li>\n<li style=\"line-height: 1.5\"><span style=\"font-family: arial, helvetica, sans-serif;font-size: 16px\">Bir \u015fi\u015fe prosecco<\/span><\/li>\n<li style=\"line-height: 1.5\"><span style=\"font-family: arial, helvetica, sans-serif;font-size: 16px\">Birbirinize sorabilece\u011finiz 15 farkl\u0131 soru i\u00e7eren randevu gecesi kartlar\u0131<\/span><\/li>\n<\/ul>\n<p>D\u00fczenli randevu gecelerinin ili\u015fkinizi g\u00fc\u00e7lendirebilece\u011fi bir s\u0131r de\u011fil - bununla birlikte, t\u00fcm randevular e\u015fit yarat\u0131lmam\u0131\u015ft\u0131r. Ak\u015fam yeme\u011fi ve sinemada yanl\u0131\u015f bir \u015fey olmasa da, ara\u015ft\u0131rmalar uzun vadede partnerinizle yeni ve heyecan verici etkinliklere kat\u0131lman\u0131n sizi birbirinize daha da yak\u0131nla\u015ft\u0131rabilece\u011fini g\u00f6steriyor. Elbette, romantik randevular i\u00e7in s\u00fcrekli yeni fikirler bulmak, \u00f6zellikle de biraz para biriktirmeye \u00e7al\u0131\u015f\u0131yorsan\u0131z (ABD'de tipik bir randevu gecesi size ortalama $116'ya mal olacakt\u0131r!)<\/p>\n<p>Evinizden \u00e7\u0131kman\u0131za bile gerek kalmadan e\u015finizle birlikte vakit ge\u00e7irmeniz i\u00e7in e\u011flenceli yeni yollar sunabilen Randevu Gecesi Kutusu'na girin - hava sizi k\u0131vr\u0131l\u0131p yatmak istiyorsa veya \u00e7ocuklar i\u00e7in bir bak\u0131c\u0131 tutmak istemiyorsan\u0131z \u00f6zellikle iyi bir se\u00e7enek. Biraz ara\u015ft\u0131rma yapt\u0131ktan sonra, her t\u00fcr \u00e7ift i\u00e7in en iyi randevu gecesi kutular\u0131n\u0131n bir listesini \u00e7\u0131kard\u0131k. Burada, birlikte yemek pi\u015firmekten veya el i\u015fi yapmaktan ho\u015flanan \u00e7iftler i\u00e7in se\u00e7eneklerin yan\u0131 s\u0131ra, konu\u015fman\u0131z\u0131, g\u00fclmenizi ve hatta belki de birbiriniz hakk\u0131nda yeni bir \u015feyler \u00f6\u011frenmenizi sa\u011flamak i\u00e7in tasarlanm\u0131\u015f baz\u0131 e\u011flenceli oyunlar ve aktiviteler bulacaks\u0131n\u0131z.<\/p>\n<p>\u00d6nerilerimizden baz\u0131lar\u0131 randevu gecesi abonelik kutular\u0131d\u0131r, yani her ay yepyeni bir randevu gecesi teslimat\u0131 alacaks\u0131n\u0131z (ayarlamay\u0131 ve unutmay\u0131 seviyorsan\u0131z harika!), di\u011ferleri ise abonelik taahh\u00fcd\u00fc gerektirmeyen tek seferlik kitlerdir. Ancak hepsi de b\u00fcy\u00fck gecede uzun s\u00fcre devam edecek bir yak\u0131nl\u0131k ve ba\u011flant\u0131 d\u00fczeyini te\u015fvik edecektir. Netflix kuyru\u011funuzda gezinme ve paket servis sipari\u015f etme fikri biraz bayat gelmeye ba\u015flad\u0131\u011f\u0131nda, m\u00fckemmel bir gece i\u00e7in bu i\u00e7 mekan randevu gecesi kutular\u0131ndan ve kitlerinden bir veya daha fazlas\u0131n\u0131 sipari\u015f edin.<\/p><\/p>","protected":false},"excerpt":{"rendered":"<p>Bu lezzetli randevu gecesi seti ile m\u00fckemmel bir gece ge\u00e7irin. Sizin i\u00e7in en iyi tarihi se\u00e7in, hatta ayl\u0131k olarak teslim edilmesini sa\u011flay\u0131n. Pijamalar\u0131n\u0131zla keyfini \u00e7\u0131kar\u0131n, kimseye s\u00f6ylemeyece\u011fiz!<\/p>","protected":false},"featured_media":12426,"comment_status":"open","ping_status":"closed","template":"","meta":[],"product_cat":[86],"product_tag":[87,518,519,521,520],"acf":[],"_links":{"self":[{"href":"https:\/\/www.garden-kit.com\/tr\/wp-json\/wp\/v2\/product\/1663"}],"collection":[{"href":"https:\/\/www.garden-kit.com\/tr\/wp-json\/wp\/v2\/product"}],"about":[{"href":"https:\/\/www.garden-kit.com\/tr\/wp-json\/wp\/v2\/types\/product"}],"replies":[{"embeddable":true,"href":"https:\/\/www.garden-kit.com\/tr\/wp-json\/wp\/v2\/comments?post=1663"}],"wp:featuredmedia":[{"embeddable":true,"href":"https:\/\/www.garden-kit.com\/tr\/wp-json\/wp\/v2\/media\/12426"}],"wp:attachment":[{"href":"https:\/\/www.garden-kit.com\/tr\/wp-json\/wp\/v2\/media?parent=1663"}],"wp:term":[{"taxonomy":"product_cat","embeddable":true,"href":"https:\/\/www.garden-kit.com\/tr\/wp-json\/wp\/v2\/product_cat?post=1663"},{"taxonomy":"product_tag","embeddable":true,"href":"https:\/\/www.garden-kit.com\/tr\/wp-json\/wp\/v2\/product_tag?post=1663"}],"curies":[{"name":"wp","href":"https:\/\/api.w.org\/{rel}","templated":true}]}}