{"id":1668,"date":"2022-08-24T00:33:23","date_gmt":"2022-08-23T16:33:23","guid":{"rendered":"http:\/\/www.garden-kit.com\/product\/organic-compressed-potting-soil\/"},"modified":"2023-04-03T11:23:37","modified_gmt":"2023-04-03T03:23:37","slug":"organic-compressed-potting-soil","status":"publish","type":"product","link":"https:\/\/www.garden-kit.com\/tr\/product\/organic-compressed-potting-soil\/","title":{"rendered":"Organik S\u0131k\u0131\u015ft\u0131r\u0131lm\u0131\u015f Saks\u0131 Topra\u011f\u0131"},"content":{"rendered":"<p><span style=\"font-family: 'PingFang SC', 'Microsoft YaHei', sans-serif\">Organic Plant Magic \"organik\" kelimesini nas\u0131l tan\u0131ml\u0131yor? Bizim i\u00e7in organik, s\u0131f\u0131r kimyasal, s\u0131f\u0131r toksik ve s\u0131f\u0131r sentetik i\u00e7erik kulland\u0131\u011f\u0131m\u0131z ve herkese ve her \u015feye s\u0131f\u0131r zarar verdi\u011fimiz anlam\u0131na gelir! Bizim i\u00e7in organik demek, do\u011faya m\u00fcmk\u00fcn oldu\u011funca yak\u0131n olmak demektir!<\/span><br \/><span style=\"font-family: 'PingFang SC', 'Microsoft YaHei', sans-serif\">Organic Plant'in k\u00fc\u00e7\u00fck, hafif ve kullan\u0131\u015fl\u0131 torbas\u0131, suyla kar\u0131\u015ft\u0131r\u0131ld\u0131\u011f\u0131nda toprak partik\u00fcllerini mucizevi bir \u015fekilde 4 kata kadar art\u0131r\u0131r. T\u00fcm bitkilerinizin tam potansiyeline hemen ula\u015fmas\u0131n\u0131 sa\u011flamak i\u00e7in, bu ultra premium saks\u0131 ve yeti\u015ftirme topra\u011f\u0131 organik bitki besinleri, solucan d\u00f6k\u00fcmleri ve di\u011fer bile\u015fenlerle \u00f6nceden y\u00fcklenmi\u015f olarak gelir. Hem yeti\u015fkinler hem de \u00e7ocuklar kendi kendilerine yetebilirler. \u00c7\u00fcnk\u00fc daha g\u00fcvenli ve \u00e7evre dostu malzemeler kullan\u0131yoruz.<\/span><\/p>\n<table width=\"597\" style=\"font-family: sans-serif\">\n<tbody>\n<tr>\n<td width=\"299\">\n<pre><span style=\"font-family: 'PingFang SC', 'Microsoft YaHei', sans-serif\"><strong>\u00dcr\u00fcn Bak\u0131m Talimatlar\u0131<\/strong><\/span><\/pre>\n<\/td>\n<td width=\"299\">\n<pre><span style=\"font-family: 'PingFang SC', 'Microsoft YaHei', sans-serif\">Mevcut<\/span><\/pre>\n<\/td>\n<\/tr>\n<tr>\n<td width=\"299\">\n<pre><span style=\"font-family: 'PingFang SC', 'Microsoft YaHei', sans-serif\"><strong>\u00fcr\u00fcn tipi<\/strong><\/span><\/pre>\n<\/td>\n<td width=\"299\">\n<pre><span style=\"font-family: 'PingFang SC', 'Microsoft YaHei', sans-serif\">Organik S\u0131k\u0131\u015ft\u0131r\u0131lm\u0131\u015f Saks\u0131 Topra\u011f\u0131 (5 galona kadar geni\u015fler)\n\n\n<\/span><\/pre>\n<\/td>\n<\/tr>\n<tr>\n<td width=\"299\">\n<pre><span style=\"font-family: 'PingFang SC', 'Microsoft YaHei', sans-serif\"><strong>\u00d6zel \u00f6zellik<\/strong><\/span><\/pre>\n<\/td>\n<td width=\"299\">\n<pre><span style=\"font-family: 'PingFang SC', 'Microsoft YaHei', sans-serif\">Kapal\u0131-A\u00e7\u0131k Yeti\u015ftirme<\/span><\/pre>\n<\/td>\n<\/tr>\n<tr>\n<td width=\"299\">\n<pre><span style=\"font-family: 'PingFang SC', 'Microsoft YaHei', sans-serif\"><strong>Marka<\/strong><\/span><\/pre>\n<\/td>\n<td width=\"299\">\n<pre><span style=\"font-family: 'PingFang SC', 'Microsoft YaHei', sans-serif\">Bah\u00e7e Seti<\/span><\/pre>\n<\/td>\n<\/tr>\n<tr>\n<td width=\"299\">\n<pre><span style=\"font-family: 'PingFang SC', 'Microsoft YaHei', sans-serif\"><strong>Anavatan<\/strong><\/span><\/pre>\n<\/td>\n<td width=\"299\">\n<pre><span style=\"font-family: 'PingFang SC', 'Microsoft YaHei', sans-serif\">Fujian, \u00c7in<\/span><\/pre>\n<\/td>\n<\/tr>\n<tr>\n<td width=\"299\">\n<pre><span style=\"font-family: 'PingFang SC', 'Microsoft YaHei', sans-serif\"><strong>ODM\/OEM<\/strong><\/span><\/pre>\n<\/td>\n<td width=\"299\">\n<pre><span style=\"font-family: 'PingFang SC', 'Microsoft YaHei', sans-serif\">Mevcut<\/span><\/pre>\n<\/td>\n<\/tr>\n<tr>\n<td width=\"299\">\n<pre><span style=\"font-family: 'PingFang SC', 'Microsoft YaHei', sans-serif\"><strong>\u00d6zelle\u015ftirilmi\u015f sipari\u015f i\u00e7in MOQ<\/strong><\/span><\/pre>\n<\/td>\n<td width=\"299\">\n<pre><span style=\"font-family: 'PingFang SC', 'Microsoft YaHei', sans-serif\">3000 adet<\/span><\/pre>\n<\/td>\n<\/tr>\n<tr>\n<td width=\"299\">\n<pre><span style=\"font-family: 'PingFang SC', 'Microsoft YaHei', sans-serif\"><strong>\u00d6rnek maliyet<\/strong><\/span><\/pre>\n<\/td>\n<td width=\"299\">\n<pre><span style=\"font-family: 'PingFang SC', 'Microsoft YaHei', sans-serif\">US$400\/\u00d6rnek, bizden sipari\u015f verdikten sonra tam iade<\/span><\/pre>\n<\/td>\n<\/tr>\n<\/tbody>\n<\/table>\n<pre><span style=\"font-family: 'PingFang SC', 'Microsoft YaHei', sans-serif\"><strong>Tan\u0131m<\/strong><\/span><\/pre>\n<p><span style=\"font-family: 'PingFang SC', 'Microsoft YaHei', sans-serif\">Bah\u00e7e Kiti S\u0131k\u0131\u015ft\u0131r\u0131lm\u0131\u015f Saks\u0131. Toprak, kolay ta\u015f\u0131ma ve saklama i\u00e7in kurutulmu\u015f ve s\u0131k\u0131\u015ft\u0131r\u0131lm\u0131\u015ft\u0131r. Ev bitkileri, bah\u00e7e yataklar\u0131, tohum ba\u015flang\u0131\u00e7lar\u0131 ve bitki ba\u015flang\u0131\u00e7lar\u0131 i\u00e7in harika! Bah\u00e7e Kiti S\u0131k\u0131\u015ft\u0131r\u0131lm\u0131\u015f Saks\u0131. Toprak, kolay ta\u015f\u0131ma ve saklama i\u00e7in kurutulmu\u015f ve s\u0131k\u0131\u015ft\u0131r\u0131lm\u0131\u015ft\u0131r.<\/span><\/p>\n<h3 style=\"font-size: 19px\"><span style=\"font-family: 'PingFang SC', 'Microsoft YaHei', sans-serif\"><strong>Genel Bak\u0131\u015f<\/strong><\/span><\/h3>\n<p><span style=\"font-family: 'PingFang SC', 'Microsoft YaHei', sans-serif\">Saks\u0131 ve dikim topraklar\u0131m\u0131z s\u0131k\u0131\u015ft\u0131r\u0131lm\u0131\u015f, toksik olmayan ve uyarlanabilirdir. \u00c7ocuklar, evcil hayvanlar ve \u00e7evre i\u00e7in g\u00fcvenli oldu\u011funu bilerek g\u00fcvenle inan\u0131lmaz \u015feyler yeti\u015ftirebilirsiniz. Organic Plant'teki \u00fcr\u00fcnlerimiz, bitkilerinize hayatta m\u00fcmk\u00fcn olan en iyi ba\u015flang\u0131c\u0131 vermek i\u00e7in tasarlanm\u0131\u015ft\u0131r.<\/span><\/p>\n<p><span style=\"font-family: 'PingFang SC', 'Microsoft YaHei', sans-serif\">Ev bitkileri, bah\u00e7e yataklar\u0131, tohum ba\u015flang\u0131\u00e7lar\u0131 ve bitki ba\u015flang\u0131\u00e7lar\u0131 i\u00e7in idealdir.&nbsp;<\/span><\/p>\n<h3 style=\"font-size: 19px\"><span style=\"font-family: 'PingFang SC', 'Microsoft YaHei', sans-serif\"><strong>Nas\u0131l kullan\u0131l\u0131r<\/strong><\/span><\/h3>\n<p><span style=\"font-family: 'PingFang SC', 'Microsoft YaHei', sans-serif\">Elbette, bah\u00e7e topra\u011f\u0131n\u0131za s\u0131k\u0131\u015ft\u0131r\u0131lm\u0131\u015f saks\u0131 topra\u011f\u0131 eklemek bah\u00e7ecilikte oyunun kurallar\u0131n\u0131 de\u011fi\u015ftirebilir. Mevcut bah\u00e7e topra\u011f\u0131n\u0131za eklendi\u011finde, s\u0131k\u0131\u015ft\u0131r\u0131lm\u0131\u015f saks\u0131 topra\u011f\u0131 organik maddeyi art\u0131r\u0131r, k\u00f6k b\u00f6lgesinde uygun nem seviyelerinin korunmas\u0131na yard\u0131mc\u0131 olur, aksi takdirde kaybolabilecek besin maddelerinin tutulmas\u0131na yard\u0131mc\u0131 olur ve genel olarak toprak yap\u0131s\u0131n\u0131 iyile\u015ftirmeye yard\u0131mc\u0131 olur.<\/span><\/p>\n<p><span style=\"font-family: 'PingFang SC', 'Microsoft YaHei', sans-serif\">Topra\u011f\u0131n\u0131z a\u011f\u0131rsa ve sel bask\u0131n\u0131na meyilliyse, hindistan cevizi lifli tabana sahip iyi s\u0131k\u0131\u015ft\u0131r\u0131lm\u0131\u015f toprak eklemek toprak yap\u0131s\u0131n\u0131 iyile\u015ftirmeye ve topra\u011f\u0131n havalanmas\u0131n\u0131 art\u0131rmaya yard\u0131mc\u0131 olabilir. \u00d6te yandan, su i\u00e7ermeyen kumlu topra\u011fa hindistan cevizi kabu\u011fu eklemek, uygun su tutma \u00f6zelli\u011fini korumaya yard\u0131mc\u0131 olacak ve k\u00f6klerde suyu tutmak i\u00e7in bir s\u00fcnger gibi davranarak bitkilere bol su sa\u011flayacakt\u0131r.<\/span><\/p>\n<p><span style=\"font-family: 'PingFang SC', 'Microsoft YaHei', sans-serif\">S\u0131k\u0131\u015ft\u0131r\u0131lm\u0131\u015f saks\u0131 topra\u011f\u0131n\u0131 bah\u00e7e topra\u011f\u0131 ile kar\u0131\u015ft\u0131rabilirsiniz...<\/span><\/p>\n<p><span style=\"font-family: 'PingFang SC', 'Microsoft YaHei', sans-serif\">Dikim \u00e7ukuruna az miktarda kuru veya sulu s\u0131k\u0131\u015ft\u0131r\u0131lm\u0131\u015f toprak kar\u0131\u015ft\u0131r\u0131n.<\/span><br \/><span style=\"font-family: 'PingFang SC', 'Microsoft YaHei', sans-serif\">Bah\u00e7enizde bir dikim yuvas\u0131 kaz\u0131n, sulu s\u0131k\u0131\u015ft\u0131r\u0131lm\u0131\u015f toprakla doldurun ve do\u011frudan taze s\u0131k\u0131\u015ft\u0131r\u0131lm\u0131\u015f topra\u011fa dikin.<\/span><br \/><span style=\"font-family: 'PingFang SC', 'Microsoft YaHei', sans-serif\">Toprak yap\u0131s\u0131n\u0131 iyile\u015ftirmeye yard\u0131mc\u0131 olmak i\u00e7in mevcut bitkilerin \u00fczerine birka\u00e7 avu\u00e7 kuru veya sulu s\u0131k\u0131\u015ft\u0131r\u0131lm\u0131\u015f toprak serpin.<\/span><br \/><span style=\"font-family: 'PingFang SC', 'Microsoft YaHei', sans-serif\">Asl\u0131nda, her zaman toplam bir \u00e7\u00f6z\u00fcm sunduk, s\u0131k\u0131\u015ft\u0131r\u0131lm\u0131\u015f saks\u0131 topra\u011f\u0131m\u0131z hem sert iklim b\u00f6lgelerinde hem de ya\u011fmurlu b\u00f6lgelerde d\u00fcnyay\u0131 kaplad\u0131. Pazar ve m\u00fc\u015fteri geri bildirimlerinden sonra, \u00fcr\u00fcn kalitesi s\u00fcrekli olarak y\u00fckseltildi. Bu y\u00fczden iyili\u011fi hak ediyor!<\/span><\/p>\n<p><span style=\"font-family: 'PingFang SC', 'Microsoft YaHei', sans-serif\">Bitkileriniz i\u00e7in kesinlikle s\u0131k\u0131\u015ft\u0131r\u0131lm\u0131\u015f saks\u0131 topra\u011f\u0131 kullanabilirsiniz! Ger\u00e7ekte, tohum ekmek ve meyve, sebze, \u00e7i\u00e7ek ve bitki nakli i\u00e7in en etkili yakla\u015f\u0131md\u0131r. Neredeyse t\u00fcm sebzeler i\u00e7in, birinci s\u0131n\u0131f s\u0131k\u0131\u015ft\u0131r\u0131lm\u0131\u015f saks\u0131 topra\u011f\u0131 tohumdan hasada kadar idealdir.<\/span><\/p>\n<p><span style=\"font-family: 'PingFang SC', 'Microsoft YaHei', sans-serif\">Tohumlar\u0131n s\u0131k\u0131\u015ft\u0131r\u0131lm\u0131\u015f saks\u0131 topra\u011f\u0131nda ba\u015flat\u0131lmas\u0131, uygun k\u00f6k b\u00fcy\u00fcmesini sa\u011flayarak daha ba\u015far\u0131l\u0131 nakil ve harika genel sonu\u00e7lar elde edilmesini sa\u011flar.<\/span><\/p>\n<p><span style=\"font-family: 'PingFang SC', 'Microsoft YaHei', sans-serif\">\u0130deal dokusu ve g\u00f6zeneklili\u011fi sayesinde en k\u00fc\u00e7\u00fck tohumlar bile s\u0131k\u0131\u015ft\u0131r\u0131lm\u0131\u015f saks\u0131 topra\u011f\u0131nda ba\u015far\u0131yla b\u00fcy\u00fcyebilir. Fidelerinizin ihtiya\u00e7 duyduklar\u0131 besinleri ihtiya\u00e7 duyduklar\u0131 zamanda almalar\u0131n\u0131 sa\u011flamak i\u00e7in s\u0131k\u0131\u015ft\u0131r\u0131lm\u0131\u015f saks\u0131 topra\u011f\u0131, k\u00f6klerin etraf\u0131ndaki do\u011fru nem seviyelerinin korunmas\u0131na yard\u0131mc\u0131 olur ve tohum kabu\u011funu filizlenmeye haz\u0131r olana kadar \u0131slak ve korumal\u0131 tutar.<\/span><\/p>\n<p><span style=\"font-family: 'PingFang SC', 'Microsoft YaHei', sans-serif\"><img decoding=\"async\" src=\"https:\/\/data.adwebcloud.com\/public\/material\/2206293ihquj\/product\/imageFile_1666536123164.jpg\" alt=\"1 16\" title=\"\"><\/span><br \/><span style=\"font-family: 'PingFang SC', 'Microsoft YaHei', sans-serif\"><img decoding=\"async\" src=\"https:\/\/data.adwebcloud.com\/public\/material\/2206293ihquj\/product\/imageFile_1666536126130.jpg\" alt=\"HoldingLgBox 2048x 1\" title=\"\"><\/span><br \/><span style=\"font-family: 'PingFang SC', 'Microsoft YaHei', sans-serif\"><img decoding=\"async\" src=\"https:\/\/data.adwebcloud.com\/public\/material\/2206293ihquj\/product\/imageFile_1666536130569.jpg\" alt=\"LgBoxInterior 2048x 1\" title=\"\"><\/span><br \/><span style=\"font-family: 'PingFang SC', 'Microsoft YaHei', sans-serif\"><img decoding=\"async\" src=\"https:\/\/data.adwebcloud.com\/public\/material\/2206293ihquj\/product\/imageFile_1666536134879.jpg\" alt=\"LgSoilMainListing 2048x 1\" title=\"\"><\/span><\/p>\n<p><span style=\"font-family: 'PingFang SC', 'Microsoft YaHei', sans-serif\">Organik s\u0131k\u0131\u015ft\u0131r\u0131lm\u0131\u015f saks\u0131 topra\u011f\u0131m\u0131zla \u00e7ok daha fazlas\u0131n\u0131 ba\u015farabilirsiniz! Bu zengin saks\u0131 topra\u011f\u0131, bitkilerinizi canl\u0131, sa\u011fl\u0131kl\u0131 ve aktif tutmak i\u00e7in gerekli organik bitkisel besinler a\u00e7\u0131s\u0131ndan zengin yumu\u015fak, hafif turba yosunu taban\u0131 i\u00e7erir. \u0130\u00e7eride veya d\u0131\u015far\u0131da kullan\u0131m i\u00e7in m\u00fckemmeldir. Bah\u00e7e yataklar\u0131, fideler ve ev bitkileri i\u00e7in m\u00fckemmeldir!<\/span><\/p>\n<p><span style=\"font-family: 'PingFang SC', 'Microsoft YaHei', sans-serif\">bir\u00e7ok faydal\u0131 mikroorganizma<\/span><br \/><span style=\"font-family: 'PingFang SC', 'Microsoft YaHei', sans-serif\">\u00c7ok sevilen organik g\u00fcbrelerimiz, topra\u011f\u0131n\u0131z\u0131 iyile\u015ftirmek i\u00e7in faydal\u0131 mantar, bakteri ve organik madde ile \u00e7al\u0131\u015fmak \u00fczere \u00fcretilmi\u015ftir. Toprak kar\u0131\u015f\u0131m\u0131n\u0131z bitkilerin beslenmesini sa\u011flayacak, b\u00fcy\u00fcmeyi te\u015fvik edecek ve toprak verimlili\u011fini art\u0131racakt\u0131r. Bitkilerin b\u00fcy\u00fcmesi i\u00e7in en iyi toprak.<\/span><\/p>\n<pre><\/pre>","protected":false},"excerpt":{"rendered":"<p>Bah\u00e7e Seti S\u0131k\u0131\u015ft\u0131r\u0131lm\u0131\u015f Saks\u0131. Toprak, bitkilere canl\u0131l\u0131k, sa\u011fl\u0131k ve canl\u0131l\u0131k kazand\u0131racak temel organik bitki besin maddeleri a\u00e7\u0131s\u0131ndan zengindir. S\u0131k\u0131\u015ft\u0131r\u0131lm\u0131\u015f toprak, kolay ta\u015f\u0131ma ve depolama i\u00e7in kurutulur ve s\u0131k\u0131\u015ft\u0131r\u0131l\u0131r. Organik g\u00fcbreler aras\u0131nda yonca unu, bal\u0131k k\u0131l\u00e7\u0131\u011f\u0131 unu, istiridye kabu\u011fu, bazalt, t\u00fcy unu ve manyezitten elde edilen h\u00fcmik asit bulunur. Pennsylvania Sertifikal\u0131 Organik, USDA sertifikal\u0131 organik sertifikal\u0131d\u0131r.<\/p>\n<p>S\u0131k\u0131\u015ft\u0131r\u0131lm\u0131\u015f saks\u0131 topra\u011f\u0131, i\u00e7 mekan bitkileri, bah\u00e7e yataklar\u0131, fideler ve gen\u00e7 bitkiler i\u00e7in hayati \u00f6nem ta\u015f\u0131yan organik bitkisel besinler a\u00e7\u0131s\u0131ndan zengindir. Toprak kar\u0131\u015f\u0131m\u0131 bitkilere besin sa\u011flayacak, b\u00fcy\u00fcmeyi te\u015fvik edecek ve topra\u011f\u0131n verimlili\u011fini art\u0131racakt\u0131r.<\/p>","protected":false},"featured_media":13274,"comment_status":"open","ping_status":"closed","template":"","meta":[],"product_cat":[63],"product_tag":[88],"acf":[],"_links":{"self":[{"href":"https:\/\/www.garden-kit.com\/tr\/wp-json\/wp\/v2\/product\/1668"}],"collection":[{"href":"https:\/\/www.garden-kit.com\/tr\/wp-json\/wp\/v2\/product"}],"about":[{"href":"https:\/\/www.garden-kit.com\/tr\/wp-json\/wp\/v2\/types\/product"}],"replies":[{"embeddable":true,"href":"https:\/\/www.garden-kit.com\/tr\/wp-json\/wp\/v2\/comments?post=1668"}],"wp:featuredmedia":[{"embeddable":true,"href":"https:\/\/www.garden-kit.com\/tr\/wp-json\/wp\/v2\/media\/13274"}],"wp:attachment":[{"href":"https:\/\/www.garden-kit.com\/tr\/wp-json\/wp\/v2\/media?parent=1668"}],"wp:term":[{"taxonomy":"product_cat","embeddable":true,"href":"https:\/\/www.garden-kit.com\/tr\/wp-json\/wp\/v2\/product_cat?post=1668"},{"taxonomy":"product_tag","embeddable":true,"href":"https:\/\/www.garden-kit.com\/tr\/wp-json\/wp\/v2\/product_tag?post=1668"}],"curies":[{"name":"wp","href":"https:\/\/api.w.org\/{rel}","templated":true}]}}