{"id":1674,"date":"2022-08-24T00:33:49","date_gmt":"2022-08-23T16:33:49","guid":{"rendered":"http:\/\/www.garden-kit.com\/product\/seed-popper-3-options\/"},"modified":"2023-03-31T16:34:38","modified_gmt":"2023-03-31T08:34:38","slug":"popper-seeds","status":"publish","type":"product","link":"https:\/\/www.garden-kit.com\/tr\/product\/popper-seeds\/","title":{"rendered":"Ha\u015fha\u015f Tohumlar\u0131"},"content":{"rendered":"<h3 style=\"font-size: 19px;line-height: 1.5\"><span style=\"font-size: 18px;font-family: arial, helvetica, sans-serif\">A\u015fa\u011f\u0131daki \u00f6\u011feler popper tohum kitine dahildir.<\/span><\/h3>\n<p style=\"line-height: 1.5\"><span style=\"font-size: 16px;font-family: arial, helvetica, sans-serif\">1) Kutlama Popper'\u0131:<\/span><\/p>\n<p style=\"line-height: 1.5\"><span style=\"font-size: 16px;font-family: arial, helvetica, sans-serif\">Kokteyl Tohum Topu Kar\u0131\u015f\u0131m\u0131: Nane, Limon Fesle\u011feni, Kekik, Lavanta<\/span><\/p>\n<p style=\"line-height: 1.5\"><span style=\"font-size: 16px;font-family: arial, helvetica, sans-serif\">Wellness Tohum Topu Kar\u0131\u015f\u0131m\u0131: Ada\u00e7ay\u0131, Melisa, Ekinezya, Papatya<\/span><\/p>\n<p style=\"line-height: 1.5\"><span style=\"font-size: 16px;font-family: arial, helvetica, sans-serif\">K\u0131r \u00c7i\u00e7e\u011fi Tohum Topu Kar\u0131\u015f\u0131m\u0131: Koni \u00c7i\u00e7e\u011fi, Lavanta \u00c7\u00f6rd\u00fck, Kara G\u00f6zl\u00fc Susan, Callistephus Duchesse, Kar\u0131\u015f\u0131k Aster, Yabani Bergamot<\/span><\/p>\n<p style=\"line-height: 1.5\"><span style=\"font-size: 16px;font-family: arial, helvetica, sans-serif\">2 ) 4 Kil, Hindistan Cevizi ve GDO'suz Tohum Toplar\u0131<\/span><\/p>\n<p style=\"line-height: 1.5\"><span style=\"font-size: 16px;font-family: arial, helvetica, sans-serif\">3) Kraft Ka\u011f\u0131t Konfeti<\/span><\/p>\n<p style=\"line-height: 1.5\"><span style=\"font-size: 18px;font-family: arial, helvetica, sans-serif\"><\/span><\/p>\n<h3 style=\"font-size: 19px;line-height: 1.5\"><strong><span style=\"font-family: arial, helvetica, sans-serif;font-size: 18px\">Genel Bak\u0131\u015f<\/span><\/strong><\/h3>\n<table style=\"border-collapse: collapse;width: 100%;height: 284px\">\n<tbody>\n<tr style=\"height: 35.5px\">\n<td width=\"224\" style=\"height: 35.5px\">\n<p style=\"font-size: 16px\"><span style=\"font-family: arial, helvetica, sans-serif;font-size: 16px\">\u00dcr\u00fcn Bak\u0131m Talimatlar\u0131<\/span><\/p>\n<\/td>\n<td width=\"224\" style=\"height: 35.5px\">\n<p style=\"font-size: 16px\"><span style=\"font-family: arial, helvetica, sans-serif;font-size: 16px\">Mevcut<\/span><\/p>\n<\/td>\n<\/tr>\n<tr style=\"height: 35.5px\">\n<td width=\"224\" style=\"height: 35.5px\">\n<p style=\"font-size: 16px\"><span style=\"font-family: arial, helvetica, sans-serif;font-size: 16px\">Bitki \u00dcr\u00fcn Tipi<\/span><\/p>\n<\/td>\n<td width=\"224\" style=\"height: 35.5px\">\n<p style=\"font-size: 16px\"><span style=\"font-family: arial, helvetica, sans-serif;font-size: 16px\">K\u0131r \u00c7i\u00e7e\u011fi<\/span><\/p>\n<\/td>\n<\/tr>\n<tr style=\"height: 35.5px\">\n<td width=\"224\" style=\"height: 35.5px\">\n<p style=\"font-size: 16px\"><span style=\"font-family: arial, helvetica, sans-serif;font-size: 16px\">\u00d6zel \u00f6zellik<\/span><\/p>\n<\/td>\n<td width=\"224\" style=\"height: 35.5px\">\n<p style=\"font-size: 16px\"><span style=\"font-family: arial, helvetica, sans-serif;font-size: 16px\">Kapal\u0131-A\u00e7\u0131k Yeti\u015ftirme<\/span><\/p>\n<\/td>\n<\/tr>\n<tr style=\"height: 35.5px\">\n<td width=\"224\" style=\"height: 35.5px\">\n<p style=\"font-size: 16px\"><span style=\"font-family: arial, helvetica, sans-serif;font-size: 16px\">Marka<\/span><\/p>\n<\/td>\n<td width=\"224\" style=\"height: 35.5px\">\n<p style=\"font-size: 16px\"><span style=\"font-family: arial, helvetica, sans-serif;font-size: 16px\">Bah\u00e7e Seti<\/span><\/p>\n<\/td>\n<\/tr>\n<tr style=\"height: 35.5px\">\n<td width=\"224\" style=\"height: 35.5px\">\n<p style=\"font-size: 16px\"><span style=\"font-family: arial, helvetica, sans-serif;font-size: 16px\">Anavatan<\/span><\/p>\n<\/td>\n<td width=\"224\" style=\"height: 35.5px\">\n<p style=\"font-size: 16px\"><span style=\"font-family: arial, helvetica, sans-serif;font-size: 16px\">Fujian, \u00c7in<\/span><\/p>\n<\/td>\n<\/tr>\n<tr style=\"height: 35.5px\">\n<td width=\"224\" style=\"height: 35.5px\">\n<p style=\"font-size: 16px\"><span style=\"font-family: arial, helvetica, sans-serif;font-size: 16px\">ODM\/OEM<\/span><\/p>\n<\/td>\n<td width=\"224\" style=\"height: 35.5px\">\n<p style=\"font-size: 16px\"><span style=\"font-family: arial, helvetica, sans-serif;font-size: 16px\">Mevcut<\/span><\/p>\n<\/td>\n<\/tr>\n<tr style=\"height: 35.5px\">\n<td width=\"224\" style=\"height: 35.5px\">\n<p style=\"font-size: 16px\"><span style=\"font-family: arial, helvetica, sans-serif;font-size: 16px\">\u00d6zelle\u015ftirilmi\u015f sipari\u015f i\u00e7in MOQ<\/span><\/p>\n<\/td>\n<td width=\"224\" style=\"height: 35.5px\">\n<p style=\"font-size: 16px\"><span style=\"font-family: arial, helvetica, sans-serif;font-size: 16px\">3000 adet<\/span><\/p>\n<\/td>\n<\/tr>\n<tr style=\"height: 35.5px\">\n<td width=\"224\" style=\"height: 35.5px\">\n<p style=\"font-size: 16px\"><span style=\"font-family: arial, helvetica, sans-serif;font-size: 16px\">\u00d6rnek maliyet<\/span><\/p>\n<\/td>\n<td width=\"224\" style=\"height: 35.5px\">\n<p style=\"font-size: 16px\"><span style=\"font-family: arial, helvetica, sans-serif;font-size: 16px\">US$400\/\u00d6rnek, bizden sipari\u015f verdikten sonra tam iade<\/span><\/p>\n<\/td>\n<\/tr>\n<\/tbody>\n<\/table>\n<h3 style=\"font-size: 19px;line-height: 1.5\"><\/h3>\n<pre><img decoding=\"async\" src=\"https:\/\/data.adwebcloud.com\/public\/material\/2206293ihquj\/product\/ad0286orbo_1661252865177.jpg\" alt=\"\u00f6rnek\" width=\"50%\" title=\"\"><img decoding=\"async\" src=\"https:\/\/data.adwebcloud.com\/public\/material\/2206293ihquj\/product\/t2bq7acmy0_1661252871302.jpg\" alt=\"\u00f6rnek\" width=\"50%\" title=\"\">\n\n<\/pre>\n<h3 style=\"font-size: 19px;line-height: 1.5\"><span style=\"font-size: 18px;font-family: arial, helvetica, sans-serif\">Dikim Talimatlar\u0131<\/span><\/h3>\n<p style=\"line-height: 1.5\"><strong><span style=\"font-size: 18px;font-family: arial, helvetica, sans-serif\">boyut:<\/span><\/strong><\/p>\n<p style=\"line-height: 1.5\"><span style=\"font-size: 16px;font-family: arial, helvetica, sans-serif\">6,4 in\u00e7 uzunluk, 1,6 in\u00e7 geni\u015flik, 1,6 fit y\u00fckseklik<\/span><\/p>\n<p style=\"line-height: 1.5\"><strong><span style=\"font-size: 18px;font-family: arial, helvetica, sans-serif\">Sa\u011fl\u0131k:<\/span><\/strong><\/p>\n<p style=\"line-height: 1.5\"><span style=\"font-size: 16px;font-family: arial, helvetica, sans-serif\">Geleneksel \u0130ngiliz bisk\u00fcvilerinden esinlenen Tohum Toplay\u0131c\u0131, ekimi bir ama\u00e7 do\u011frultusunda kutluyor. Basit\u00e7e \u00e7evirin, patlat\u0131n ve ekin!<\/span><\/p>\n<p style=\"line-height: 1.5\"><span style=\"font-size: 16px;font-family: arial, helvetica, sans-serif\">Her popper d\u00f6rt tohum topu (kil, hindistan cevizi kabu\u011fu ve GDO'suz tohumlardan olu\u015fan), geri d\u00f6n\u00fc\u015ft\u00fcr\u00fclebilir kraft konfeti ve talimatlar i\u00e7erir.<\/span><\/p>\n<p style=\"line-height: 1.5\"><span style=\"font-size: 16px;font-family: arial, helvetica, sans-serif\">You's Wild (Flower) Seed Popper, Lavanta \u00c7\u00f6rd\u00fck, Kara G\u00f6zl\u00fc Susan, Duchess of Callister Forth, Kar\u0131\u015f\u0131k Aster, Yabani Bergamot ve daha fazlas\u0131 gibi istilac\u0131 olmayan yabani \u00e7i\u00e7ek tohumu \u00e7e\u015fitlerini i\u00e7erir.<\/span><\/p>\n<p style=\"line-height: 1.5\"><span style=\"font-size: 16px;font-family: arial, helvetica, sans-serif\">Bu \u00f6zenle planlanm\u0131\u015f tohum koleksiyonu, hayati \u00f6nem ta\u015f\u0131yan tozlay\u0131c\u0131lar i\u00e7in habitat sa\u011flayan g\u00fczel \u00e7i\u00e7eklerle sonu\u00e7lan\u0131r. Sadece \u00e7evirin, patlat\u0131n ve ekin.<\/span><span style=\"font-size: 18px;font-family: arial, helvetica, sans-serif\"><\/span><\/p>\n<h3 style=\"font-size: 19px;line-height: 1.5\"><span style=\"font-size: 18px;font-family: arial, helvetica, sans-serif\">Neden Popper Seeds Kit'in K\u0131r \u00c7i\u00e7e\u011fi Tohumlar\u0131n\u0131 Kullanmal\u0131s\u0131n\u0131z?<\/span><\/h3>\n<p style=\"line-height: 1.5\"><span style=\"font-size: 16px;font-family: arial, helvetica, sans-serif\">M\u00fckemmel kurakl\u0131k direnci, so\u011fuk direnci ve \u00e7orakla\u015fma direnci, onlar\u0131 bak\u0131m gerektirmeyen \u00e7e\u015fitli peyzaj dekorasyon malzemeleri i\u00e7in ilk tercih haline getirir. I\u015f\u0131\u011f\u0131 sever, yar\u0131 g\u00f6lge ve y\u00fcksek s\u0131cakl\u0131\u011fa dayan\u0131kl\u0131d\u0131rlar ve h\u0131zl\u0131 b\u00fcy\u00fcrler, bu nedenle genellikle yol kenarlar\u0131nda ve yama\u00e7larda sallan\u0131rken g\u00f6r\u00fclebilirler. Yapraklar\u0131 ve dallar\u0131 incedir, bu nedenle ister tek ba\u015flar\u0131na ekilsinler ister di\u011fer k\u0131r \u00e7i\u00e7e\u011fi \u00e7e\u015fitleriyle kombine edilsinler, g\u00fczel bir peyzaj olu\u015fturabilirler. Yabani t\u00fcrler \u00e7o\u011funlukla kar\u0131\u015f\u0131k renklerdeyken, ticari olarak \u00fcretilen tohumlarda renkleri ayr\u0131lm\u0131\u015f \u00e7e\u015fitli \u00e7i\u00e7ek desenleri aras\u0131ndan se\u00e7im yap\u0131labilir. Renk se\u00e7eneklerinin zenginli\u011fine ek olarak, ticari olarak \u00fcretilen tohumlar bitki \u015feklinde daha d\u00fczg\u00fcnd\u00fcr, \u00e7i\u00e7ek aynalar\u0131 d\u00fczenlemek, \u00e7imlerin, \u00e7al\u0131lar\u0131n, \u00e7evrenin ve yol kenarlar\u0131n\u0131n kenar\u0131na arka plan malzemesi olarak yamalar halinde dikmek i\u00e7in uygundur, bu da olduk\u00e7a vah\u015fi.<\/span><span style=\"font-size: 18px;font-family: arial, helvetica, sans-serif\"><\/span><\/p>\n<h3 style=\"line-height: 1.5;font-size: 19px\"><span style=\"font-size: 18px;font-family: arial, helvetica, sans-serif\"><strong>\u00d6nlemler<\/strong><\/span><\/h3>\n<p style=\"line-height: 1.5\"><span style=\"font-size: 16px;font-family: arial, helvetica, sans-serif\">K\u0131r \u00e7i\u00e7e\u011fi tohumlar\u0131m\u0131z istilac\u0131 olmayan t\u00fcrlerdir, do\u011fal hallerinde b\u00fcy\u00fcmeyecek ve \u00e7o\u011falmayacaklard\u0131r ve istilac\u0131 topraklarda biyolojik \u00e7e\u015fitlilik, tar\u0131m, ormanc\u0131l\u0131k, hayvanc\u0131l\u0131k ve bal\u0131k\u00e7\u0131l\u0131k \u00fcretimi, insan sa\u011fl\u0131\u011f\u0131 i\u00e7in ekonomik kay\u0131p veya ekolojik felakete neden olmayacaklard\u0131r. Bu y\u00fczden l\u00fctfen sat\u0131n almak ve kullanmak i\u00e7in i\u00e7iniz rahat olsun.<\/span><\/p><\/p>","protected":false},"excerpt":{"rendered":"<p>Tohum Patlat\u0131c\u0131 \u2013 3 Se\u00e7enekli Kit: \u00c7ok kolay \u2013 k\u0131r \u00e7i\u00e7e\u011fi tohumu yeti\u015ftirme konusunda tahminleri ortadan kald\u0131r\u0131yoruz ve size yolun her ad\u0131m\u0131nda rehberlik ediyoruz. K\u0131r \u00e7i\u00e7eklerinin ne\u015fesini sizin veya sevdiklerinizin hayat\u0131na ta\u015f\u0131mak i\u00e7in ihtiyac\u0131n\u0131z olan her \u015fey g\u00fczel bir hediye kutusunda. Dik!<\/p>","protected":false},"featured_media":13083,"comment_status":"open","ping_status":"closed","template":"","meta":[],"product_cat":[67],"product_tag":[517,587,585,516],"acf":[],"_links":{"self":[{"href":"https:\/\/www.garden-kit.com\/tr\/wp-json\/wp\/v2\/product\/1674"}],"collection":[{"href":"https:\/\/www.garden-kit.com\/tr\/wp-json\/wp\/v2\/product"}],"about":[{"href":"https:\/\/www.garden-kit.com\/tr\/wp-json\/wp\/v2\/types\/product"}],"replies":[{"embeddable":true,"href":"https:\/\/www.garden-kit.com\/tr\/wp-json\/wp\/v2\/comments?post=1674"}],"wp:featuredmedia":[{"embeddable":true,"href":"https:\/\/www.garden-kit.com\/tr\/wp-json\/wp\/v2\/media\/13083"}],"wp:attachment":[{"href":"https:\/\/www.garden-kit.com\/tr\/wp-json\/wp\/v2\/media?parent=1674"}],"wp:term":[{"taxonomy":"product_cat","embeddable":true,"href":"https:\/\/www.garden-kit.com\/tr\/wp-json\/wp\/v2\/product_cat?post=1674"},{"taxonomy":"product_tag","embeddable":true,"href":"https:\/\/www.garden-kit.com\/tr\/wp-json\/wp\/v2\/product_tag?post=1674"}],"curies":[{"name":"wp","href":"https:\/\/api.w.org\/{rel}","templated":true}]}}