{"id":1700,"date":"2022-08-24T00:36:39","date_gmt":"2022-08-23T16:36:39","guid":{"rendered":"http:\/\/www.garden-kit.com\/product\/do-your-gin-color-change-set\/"},"modified":"2024-03-07T10:12:41","modified_gmt":"2024-03-07T02:12:41","slug":"do-your-gin-color-change-set","status":"publish","type":"product","link":"https:\/\/www.garden-kit.com\/tr\/product\/do-your-gin-color-change-set\/","title":{"rendered":"Diy Cin Yap\u0131m\u0131 Kit Renk De\u011fi\u015fimi Seti"},"content":{"rendered":"<h3 style=\"font-size: 19px\">Genel Bak\u0131\u015f<\/h3>\n<table style=\"border-collapse: collapse;width: 100%;height: 231.266px\" width=\"100%\">\n<tbody>\n<tr style=\"height: 29.1719px\">\n<td style=\"height: 29.1719px\" width=\"299\"><span style=\"font-family: 'PingFang SC', 'Microsoft YaHei', sans-serif;font-size: 16px\">\u00dcr\u00fcn Bak\u0131m Talimatlar\u0131<\/span><\/td>\n<td style=\"height: 29.1719px\" width=\"299\"><span style=\"font-family: 'PingFang SC', 'Microsoft YaHei', sans-serif;font-size: 16px\">Mevcut<\/span><\/td>\n<\/tr>\n<tr style=\"height: 27px\">\n<td style=\"height: 27px\" width=\"299\"><span style=\"font-family: 'PingFang SC', 'Microsoft YaHei', sans-serif;font-size: 16px\">\u00fcr\u00fcn tipi<\/span><\/td>\n<td style=\"height: 27px\" width=\"299\"><span style=\"font-family: 'PingFang SC', 'Microsoft YaHei', sans-serif;font-size: 16px\">DO YOUR GIN renk de\u011fi\u015fim seti<\/span><\/td>\n<\/tr>\n<tr style=\"height: 29.1719px\">\n<td style=\"height: 29.1719px\" width=\"299\"><span style=\"font-family: 'PingFang SC', 'Microsoft YaHei', sans-serif;font-size: 16px\">\u00d6zel \u00f6zellik<\/span><\/td>\n<td style=\"height: 29.1719px\" width=\"299\"><span style=\"font-family: 'PingFang SC', 'Microsoft YaHei', sans-serif;font-size: 16px\">G\u00fczel baharat \u015fi\u015felerinde 6 botanik ile cinlerinizi renklendirin<\/span><\/td>\n<\/tr>\n<tr style=\"height: 29.1719px\">\n<td style=\"height: 29.1719px\" width=\"299\"><span style=\"font-family: 'PingFang SC', 'Microsoft YaHei', sans-serif;font-size: 16px\">Marka<\/span><\/td>\n<td style=\"height: 29.1719px\" width=\"299\"><span style=\"font-family: 'PingFang SC', 'Microsoft YaHei', sans-serif;font-size: 16px\">Bah\u00e7e Seti<\/span><\/td>\n<\/tr>\n<tr style=\"height: 29.1719px\">\n<td style=\"height: 29.1719px\" width=\"299\"><span style=\"font-family: 'PingFang SC', 'Microsoft YaHei', sans-serif;font-size: 16px\">Anavatan<\/span><\/td>\n<td style=\"height: 29.1719px\" width=\"299\"><span style=\"font-family: 'PingFang SC', 'Microsoft YaHei', sans-serif;font-size: 16px\">Fujian, \u00c7in<\/span><\/td>\n<\/tr>\n<tr style=\"height: 29.1719px\">\n<td style=\"height: 29.1719px\" width=\"299\"><span style=\"font-family: 'PingFang SC', 'Microsoft YaHei', sans-serif;font-size: 16px\">ODM\/OEM<\/span><\/td>\n<td style=\"height: 29.1719px\" width=\"299\"><span style=\"font-family: 'PingFang SC', 'Microsoft YaHei', sans-serif;font-size: 16px\">Mevcut<\/span><\/td>\n<\/tr>\n<tr style=\"height: 29.1719px\">\n<td style=\"height: 29.1719px\" width=\"299\"><span style=\"font-family: 'PingFang SC', 'Microsoft YaHei', sans-serif;font-size: 16px\">\u00d6zelle\u015ftirilmi\u015f sipari\u015f i\u00e7in MOQ<\/span><\/td>\n<td style=\"height: 29.1719px\" width=\"299\"><span style=\"font-family: 'PingFang SC', 'Microsoft YaHei', sans-serif;font-size: 16px\">3000 adet<\/span><\/td>\n<\/tr>\n<tr style=\"height: 29.2344px\">\n<td style=\"height: 29.2344px\" width=\"299\"><span style=\"font-family: 'PingFang SC', 'Microsoft YaHei', sans-serif;font-size: 16px\">\u00d6rnek maliyet<\/span><\/td>\n<td style=\"height: 29.2344px\" width=\"299\"><span style=\"font-family: 'PingFang SC', 'Microsoft YaHei', sans-serif;font-size: 16px\">US$400\/\u00d6rnek, bizden sipari\u015f verdikten sonra tam iade<\/span><\/td>\n<\/tr>\n<\/tbody>\n<\/table>\n<pre><span style=\"font-family: 'PingFang SC', 'Microsoft YaHei', sans-serif\">&nbsp;<\/span><\/pre>\n<p style=\"line-height: 1.5\"><span style=\"font-family: 'PingFang SC', 'Microsoft YaHei', sans-serif;font-size: 16px\">Saf cin i\u00e7in keyifli bir hediye - cep yap\u0131m kitlerimiz \u00e7iftler ve meslekten olmayanlar, erkekler ve kad\u0131nlar i\u00e7in ideal bir hediyedir. \u0130ster Noel ister d\u00fc\u011f\u00fcn olsun, her parti ve do\u011fum g\u00fcn\u00fc kutlamas\u0131nda s\u00fcrpriz yapacak bir \u015fey var. Ne i\u00e7in bekliyorsunuz? Cininizi yap\u0131n!<\/span><\/p>\n<pre><span style=\"font-family: 'PingFang SC', 'Microsoft YaHei', sans-serif;font-size: 16px\">A\u015fa\u011f\u0131daki \u00f6\u011feler kit i\u00e7erisinde yer almaktad\u0131r.<\/span><\/pre>\n<p style=\"line-height: 1.5\"><span style=\"font-family: 'PingFang SC', 'Microsoft YaHei', sans-serif;font-size: 16px\">1 bardak Hibiskus \u00e7i\u00e7e\u011fi<\/span><\/p>\n<p style=\"line-height: 1.5\"><span style=\"font-family: 'PingFang SC', 'Microsoft YaHei', sans-serif;font-size: 16px\">2 bardak Juniperus<\/span><\/p>\n<p style=\"line-height: 1.5\"><span style=\"font-family: 'PingFang SC', 'Microsoft YaHei', sans-serif;font-size: 16px\">2 bardak Clitoria ternatea<\/span><\/p>\n<p style=\"line-height: 1.5\"><span style=\"font-family: 'PingFang SC', 'Microsoft YaHei', sans-serif;font-size: 16px\">1 bardak portakal kabu\u011fu<\/span><\/p>\n<p style=\"line-height: 1.5\"><span style=\"font-family: 'PingFang SC', 'Microsoft YaHei', sans-serif;font-size: 16px\">1 adet \u00f6zelle\u015ftirilmi\u015f el i\u015fi kutusu<\/span><\/p>\n<p style=\"line-height: 1.5\"><span style=\"font-family: 'PingFang SC', 'Microsoft YaHei', sans-serif;font-size: 16px\">Kendiniz yap\u0131n - haz\u0131r kar\u0131\u015f\u0131mlar yok; bu size ve zevkinize kalm\u0131\u015f! Bu \u00f6zel set i\u00e7in ihtiyac\u0131n\u0131z olan tek \u015fey bir \u015fi\u015fe votka ve iki g\u00fcn i\u00e7inde ilk ev yap\u0131m\u0131 cin \u015fi\u015feniz sizi bekliyor!<\/span><\/p>\n<p style=\"line-height: 1.5\"><span style=\"font-family: 'PingFang SC', 'Microsoft YaHei', sans-serif;font-size: 16px\">Yarat\u0131c\u0131 olun, ama do\u011fal kal\u0131n - kendi cininizde deneyebilece\u011finiz 6 aromatik baharat. Her \u015fey taze ve bardaklar g\u00fcbrelenebilir do\u011fal mantarla dolduruluyor. \u00c7evre de diyor ki, \u015eerefe!<\/span><\/p>\n<p style=\"line-height: 1.5\"><span style=\"font-family: 'PingFang SC', 'Microsoft YaHei', sans-serif;font-size: 16px\">G\u00f6zlerinizi ve damak tad\u0131n\u0131z\u0131 \u015f\u0131mart\u0131n - ki\u015fisel cininizi ard\u0131\u00e7, ebeg\u00fcmeci, portakal ve hercai menek\u015fenin ak\u0131ll\u0131ca bir kombinasyonuyla k\u0131rm\u0131z\u0131, mavi veya mor renklendirin. Hangi renge karar verirseniz verin! Sizin cininiz, sizin eseriniz!<\/span><\/p>\n<p style=\"line-height: 1.5\"><span style=\"font-family: 'PingFang SC', 'Microsoft YaHei', sans-serif;font-size: 16px\"><\/span><\/p>\n<h3 style=\"font-size: 19px\">Diy cin yap\u0131m kiti uygulamalar\u0131<\/h3>\n<p>DIY cin yap\u0131m kitleri kokteyl merakl\u0131lar\u0131 ve ev barmenleri aras\u0131nda giderek daha pop\u00fcler hale geliyor. Bu kitler genellikle evde kendi cininizi yapmak i\u00e7in gerekli malzemeleri ve ekipman\u0131 i\u00e7erir ve tatlar\u0131 denemenize ve benzersiz ve ki\u015fiselle\u015ftirilmi\u015f i\u00e7kiler yaratman\u0131za olanak tan\u0131r. \u0130\u015fte cin yap\u0131m kitlerinin baz\u0131 uygulamalar\u0131:<\/p>\n<ol>\n<li>Kendi \u00f6zel cininizi haz\u0131rlay\u0131n: Kendin yap cin yap\u0131m kitleri size ard\u0131\u00e7 meyveleri, ki\u015fni\u015f tohumlar\u0131, narenciye kabuklar\u0131 ve daha fazlas\u0131 gibi farkl\u0131 botanikleri deneme f\u0131rsat\u0131 sunar. Damak tad\u0131n\u0131za m\u00fckemmel \u015fekilde uyan bir cin olu\u015fturmak i\u00e7in botaniklerin oranlar\u0131n\u0131 ve kombinasyonlar\u0131n\u0131 ayarlayabilir ve kendi imzan\u0131z olan cini elde edebilirsiniz.<\/li>\n<li>Farkl\u0131 tatlar\u0131 ke\u015ffetmek: Cin yap\u0131m kitleri, farkl\u0131 botanikler ve baharatlar deneyerek \u00e7ok \u00e7e\u015fitli tatlar\u0131 ke\u015ffetmenize olanak tan\u0131r. Geleneksel botaniklerle klasik London Dry tarz\u0131 cin yaratabilir veya kakule, lavanta veya limon otu gibi benzersiz malzemeler ekleyerek daha egzotik tatlara y\u00f6nelebilirsiniz. Olas\u0131l\u0131klar sonsuzdur ve kendi benzersiz cin lezzet profillerinizi olu\u015fturmak i\u00e7in yarat\u0131c\u0131l\u0131\u011f\u0131n\u0131z\u0131 serbest b\u0131rakabilirsiniz.<\/li>\n<li>Cin yap\u0131m s\u00fcreci hakk\u0131nda bilgi edinme: Kendin yap cin yap\u0131m kitleri, cin yap\u0131m s\u00fcreci ve cin \u00fcretiminde kullan\u0131lan farkl\u0131 botanikler hakk\u0131nda bilgi edinmek i\u00e7in harika bir yoldur. Farkl\u0131 botaniklerin cinin lezzet profiline nas\u0131l katk\u0131da bulundu\u011funu daha iyi anlayabilir ve kendi benzersiz cininizi yaratmak i\u00e7in maserasyon ve dam\u0131tma gibi \u00e7e\u015fitli teknikleri deneyebilirsiniz.<\/li>\n<li>Hediye verme: Kendin yap cin yap\u0131m kitleri, kokteyllerden ho\u015flanan veya alkoll\u00fc i\u00e7kilere ilgi duyan arkada\u015flar\u0131n\u0131z ve aileniz i\u00e7in m\u00fckemmel hediyeler olabilir. Al\u0131c\u0131n\u0131n kendi cinini yaratmas\u0131na olanak tan\u0131yan benzersiz ve interaktif bir deneyim sunarlar; bu da do\u011fum g\u00fcnleri, tatiller veya y\u0131ld\u00f6n\u00fcmleri gibi \u00f6zel g\u00fcnler i\u00e7in e\u011flenceli ve unutulmaz bir hediye olabilir.<\/li>\n<li>Ev e\u011flencesi: Cin yap\u0131m kitleri ev e\u011flencenize e\u011flenceli ve interaktif bir unsur katabilir. Konuklar\u0131n kendi cinlerini yaratabilecekleri ve tatlar\u0131 deneme s\u00fcrecinin tad\u0131n\u0131 \u00e7\u0131karabilecekleri cin yapma partileri d\u00fczenleyebilirsiniz. Bu, konuklar\u0131n\u0131z i\u00e7in harika bir sohbet ba\u015flat\u0131c\u0131 ve benzersiz bir deneyim olabilir.<\/li>\n<li>Kokteyllerin \u00f6zelle\u015ftirilmesi: Bir DIY cin yap\u0131m kiti kullanarak kendi cininizi haz\u0131rlad\u0131ktan sonra, bunu \u00f6zel kokteyller olu\u015fturmak i\u00e7in bir temel olarak kullanabilirsiniz. Ev yap\u0131m\u0131 cininizin lezzetlerini \u00f6ne \u00e7\u0131karan benzersiz kokteyller olu\u015fturmak i\u00e7in farkl\u0131 kar\u0131\u015ft\u0131r\u0131c\u0131lar, garnit\u00fcrler ve di\u011fer malzemelerle denemeler yapabilirsiniz.<\/li>\n<li>S\u00fcrd\u00fcr\u00fclebilir ve \u00e7evre dostu bir se\u00e7enek: Bir cin yap\u0131m kiti ile kendi cininizi yapmak, malzemelerin kalitesini kontrol etmenize ve genellikle ticari olarak \u00fcretilen alkoll\u00fc i\u00e7kilerle ili\u015fkilendirilen plastik ambalaj kullan\u0131m\u0131n\u0131 azaltman\u0131za olanak tan\u0131d\u0131\u011f\u0131 i\u00e7in s\u00fcrd\u00fcr\u00fclebilir ve \u00e7evre dostu bir se\u00e7enek olabilir.<\/li>\n<\/ol>\n<p>Kendin yap cin yap\u0131m kitinin i\u015flevi, kullan\u0131c\u0131ya evde kendi benzersiz cinini yaratmas\u0131 i\u00e7in gerekli ekipman ve malzemeleri sa\u011flamakt\u0131r. Kit tipik olarak botanikler, ard\u0131\u00e7 meyveleri, kavanozlar veya kaplar ve cin olu\u015fturmak i\u00e7in alkol\u00fcn botanikler ile nas\u0131l demlenece\u011fine dair talimatlar i\u00e7erir.<\/p>\n<p>Cin yap\u0131m kitinin etkisi, kullan\u0131c\u0131n\u0131n cinin lezzetini, aromas\u0131n\u0131 ve g\u00fcc\u00fcn\u00fc ki\u015fisel tercihlerine g\u00f6re \u00f6zelle\u015ftirmesine olanak sa\u011flamas\u0131d\u0131r. Ayr\u0131ca bireylerin dam\u0131tma s\u00fcreci, botanik ve miksoloji hakk\u0131nda e\u011flenceli ve interaktif bir \u015fekilde bilgi edinmeleri i\u00e7in bir f\u0131rsat sa\u011flar.<\/p>\n<p>Ayr\u0131ca, kendin yap cin yap\u0131m kiti kullanmak, bir i\u00e7ki fabrikas\u0131ndan sat\u0131n alma masraf\u0131 olmadan y\u00fcksek kaliteli cinin tad\u0131n\u0131 \u00e7\u0131karman\u0131n uygun maliyetli bir yolu olabilir. Ayr\u0131ca tek ba\u015f\u0131na veya arkada\u015flarla ve aileyle yap\u0131labilecek e\u011flenceli ve yarat\u0131c\u0131 bir etkinlik olabilir; bu da onu sosyal etkinlikler i\u00e7in veya cin merakl\u0131lar\u0131 i\u00e7in benzersiz bir hediye olarak harika bir se\u00e7enek haline getirir.<\/p>\n<p>Genel olarak, bir DIY cin yap\u0131m kitinin i\u015flevi ve etkisi, bireyleri e\u011flenceli, uygun fiyatl\u0131 ve e\u011fitici bir \u015fekilde kendi \u00f6zelle\u015ftirilmi\u015f cinlerini yaratmalar\u0131 i\u00e7in g\u00fc\u00e7lendirmektir.<\/p>\n<\/p>\n<p>Kendin Yap Cin Yap\u0131m Kiti ile miksoloji becerilerinizi geli\u015ftirin ve lezzetli bir maceraya at\u0131l\u0131n. Bu uygulamal\u0131 deneyim, damak tad\u0131n\u0131za uygun olarak kendi cininizi yapma sanat\u0131n\u0131 ke\u015ffetmenizi sa\u011flar. Bu k\u0131lavuzda, genellikle bir Kendin Yap Cin Yap\u0131m Kitinde bulunan temel bile\u015fenleri a\u00e7\u0131klayacak, ki\u015fiselle\u015ftirilmi\u015f cininizi olu\u015fturma s\u00fcrecinde size ad\u0131m ad\u0131m rehberlik edecek ve ruhunuzu botanik parlakl\u0131kla a\u015f\u0131lamak i\u00e7in ipu\u00e7lar\u0131 sunaca\u011f\u0131z.<\/p>\n<h3>Kendin Yap Cin Yap\u0131m Kitinin Tan\u0131t\u0131m\u0131<\/h3>\n<h4>1. <strong>Ard\u0131\u00e7 Meyveleri: Cin'in Kalbi<\/strong><\/h4>\n<p>Hi\u00e7bir kendin yap cin seti ard\u0131\u00e7 meyveleri olmadan tamamlanm\u0131\u015f say\u0131lmaz. Cinin temel ta\u015f\u0131 olan ard\u0131\u00e7 meyveleri, i\u00e7kinin karakterini tan\u0131mlayan o m\u00fckemmel i\u011fnemsi ve hafif biberli notay\u0131 verir.<\/p>\n<h4>2. <strong>Botanik \u00c7e\u015fitlili\u011fi: Karma\u015f\u0131kl\u0131\u011f\u0131n \u0130\u015flenmesi<\/strong><\/h4>\n<p>Ki\u015fni\u015f tohumu, melekotu k\u00f6k\u00fc, narenciye kabuklar\u0131, kakule ve daha fazlas\u0131n\u0131 i\u00e7erebilen \u00e7ok \u00e7e\u015fitli bir botanik d\u00fcnyas\u0131na dal\u0131n. Bu \u00e7e\u015fitlilik, farkl\u0131 lezzet profillerini denemenizi ve e\u015fsiz zevkinize uygun bir cin yaratman\u0131z\u0131 sa\u011flar.<\/p>\n<h4>3. <strong>\u0130nf\u00fczyon Kab\u0131: Cin Laboratuvar\u0131n\u0131z<\/strong><\/h4>\n<p>Kendin Yap Cin Yap\u0131m Kiti tipik olarak bir inf\u00fczyon kab\u0131, genellikle bir cam kavanoz veya \u015fi\u015fe sa\u011flar. Bu kap, botaniklerin temel ruhla etkile\u015fime girmesine ve cininizin n\u00fcansl\u0131 tatlar\u0131n\u0131 geli\u015ftirmesine olanak tan\u0131yan laboratuvar\u0131n\u0131z haline gelir.<\/p>\n<h4>4. <strong>Temel Ruh: Tuvalin \u0130\u015flenmesi<\/strong><\/h4>\n<p>Cin yarat\u0131m\u0131n\u0131z i\u00e7in tuval g\u00f6revi g\u00f6recek votka gibi n\u00f6tr bir baz ruh se\u00e7in. N\u00f6tr ruh, inf\u00fczyon i\u015flemi s\u0131ras\u0131nda botaniklerin aromalar\u0131n\u0131 \u00e7\u0131karmak ve ta\u015f\u0131mak i\u00e7in bir ara\u00e7 g\u00f6revi g\u00f6r\u00fcr.<\/p>\n<h4>5. <strong>E\u011fitim K\u0131lavuzu: Cin Yap\u0131m\u0131 Arkada\u015f\u0131n\u0131z<\/strong><\/h4>\n<p>Sete kapsaml\u0131 bir e\u011fitim k\u0131lavuzu dahildir. Bu k\u0131lavuz sizi cin yap\u0131m s\u00fcrecine g\u00f6t\u00fcrerek botanik oranlar\u0131, inf\u00fczyon s\u00fcreleri ve tad\u0131m notlar\u0131 hakk\u0131nda bilgiler sunarak dengeli ve lezzetli bir i\u00e7ki \u00fcretmenize yard\u0131mc\u0131 olur.<\/p>\n<h4>6. <strong>S\u00fczge\u00e7 veya Filtre: \u0130ksirin Rafine Edilmesi<\/strong><\/h4>\n<p>Berrak ve p\u00fcr\u00fczs\u00fcz bir cin elde etmek i\u00e7in bir kendin yap kiti genellikle bir s\u00fczge\u00e7 veya filtre i\u00e7erir. Bu ara\u00e7, inf\u00fcze edilen s\u0131v\u0131y\u0131 kullan\u0131lm\u0131\u015f botaniklerden ay\u0131rmaya yard\u0131mc\u0131 olarak size rafine ve aromatik bir cin b\u0131rak\u0131r.<\/p>\n<h3>Kendin Yap Cin \u00dcretme: Lezzetli Bir Yolculuk<\/h3>\n<h4>1. <strong>Botanik Se\u00e7imi: Damak Tad\u0131na Uygun Terzilik<\/strong><\/h4>\n<p>Cin yapma maceran\u0131za se\u00e7ti\u011finiz botanikleri se\u00e7ip \u00f6l\u00e7erek ba\u015flay\u0131n. \u0130ster ard\u0131\u00e7 a\u011f\u0131rl\u0131kl\u0131 bir profil, ister botanik notalar\u0131n daha karma\u015f\u0131k bir kar\u0131\u015f\u0131m\u0131n\u0131 tercih edin, miktarlar\u0131 lezzet tercihlerinize g\u00f6re ayarlay\u0131n.<\/p>\n<h4>2. <strong>\u0130nf\u00fczyon S\u00fcreci: Tatlar\u0131 Birle\u015ftirmek<\/strong><\/h4>\n<p>Se\u00e7ti\u011finiz botanikleri verilen inf\u00fczyon kab\u0131nda temel ruh ile birle\u015ftirin. Kab\u0131n a\u011fz\u0131n\u0131 kapat\u0131n ve kar\u0131\u015f\u0131m\u0131n demlenmesini bekleyerek alkol\u00fcn botaniklerdeki aromalar\u0131 \u00e7\u0131karmas\u0131n\u0131 sa\u011flay\u0131n. Bu a\u015fama cin yap\u0131m\u0131n\u0131n simyas\u0131n\u0131n ger\u00e7ekle\u015fti\u011fi yerdir.<\/p>\n<h4>3. <strong>Tad\u0131m ve Ayarlama: Denge Sanat\u0131<\/strong><\/h4>\n<p>Tatlar\u0131n geli\u015fimini izlemek i\u00e7in inf\u00fczyonu periyodik olarak tad\u0131n. Bu ad\u0131m, botaniklerin dengesine ince ayar yapman\u0131za olanak tan\u0131yarak damak tad\u0131n\u0131za uygun, uyumlu ve \u00e7ok y\u00f6nl\u00fc bir cin elde etmenizi sa\u011flar.<\/p>\n<h4>4. <strong>S\u00fczme ve \u015ei\u015feleme: \u00d6z\u00fc Yakalamak<\/strong><\/h4>\n<p>Lezzet profilinden memnun kald\u0131\u011f\u0131n\u0131zda, botanikleri \u00e7\u0131karmak i\u00e7in demlenmi\u015f s\u0131v\u0131y\u0131 s\u00fcz\u00fcn. Berrakl\u0131\u011f\u0131 sa\u011flamak i\u00e7in sette verilen s\u00fczgeci veya filtreyi kullan\u0131n. Ev yap\u0131m\u0131 cinlerinizi \u015fi\u015feleyin, tad\u0131n\u0131 \u00e7\u0131karmaya veya di\u011fer merakl\u0131larla payla\u015fmaya haz\u0131r olun.<\/p><\/p>","protected":false},"excerpt":{"rendered":"<p>Saf cin i\u00e7in ho\u015f bir hediye \u2013 cep yap\u0131m kitlerimiz \u00e7iftler ve s\u0131radan erkekler, erkekler ve kad\u0131nlar i\u00e7in ideal bir hediyedir. \u0130ster Noel ister bir d\u00fc\u011f\u00fcn olsun, her partide ve do\u011fum g\u00fcn\u00fc kutlamas\u0131nda s\u00fcrpriz yapacak bir \u015feyler vard\u0131r. ne i\u00e7in bekliyorsun? Cinini yap!<\/p>\n<p>DIY cin yapma kitinin rol\u00fc, bireylere kendi se\u00e7tikleri malzemeleri ve ki\u015fisel tercihlerini kullanarak evde kendi ki\u015fiselle\u015ftirilmi\u015f cinlerini yaratma f\u0131rsat\u0131 sunmakt\u0131r. Kit tipik olarak botanikler, ard\u0131\u00e7 meyveleri, kavanozlar veya kaplar dahil gerekli t\u00fcm ekipman ve malzemeleri ve cin olu\u015fturmak i\u00e7in alkol\u00fcn botaniklerle nas\u0131l a\u015f\u0131lanaca\u011f\u0131na dair talimatlar\u0131 i\u00e7erir.<\/p><\/p>","protected":false},"featured_media":17807,"comment_status":"closed","ping_status":"closed","template":"","meta":[],"product_cat":[86],"product_tag":[794,533,530,793,796,97,536,537,535,795],"acf":[],"_links":{"self":[{"href":"https:\/\/www.garden-kit.com\/tr\/wp-json\/wp\/v2\/product\/1700"}],"collection":[{"href":"https:\/\/www.garden-kit.com\/tr\/wp-json\/wp\/v2\/product"}],"about":[{"href":"https:\/\/www.garden-kit.com\/tr\/wp-json\/wp\/v2\/types\/product"}],"replies":[{"embeddable":true,"href":"https:\/\/www.garden-kit.com\/tr\/wp-json\/wp\/v2\/comments?post=1700"}],"wp:featuredmedia":[{"embeddable":true,"href":"https:\/\/www.garden-kit.com\/tr\/wp-json\/wp\/v2\/media\/17807"}],"wp:attachment":[{"href":"https:\/\/www.garden-kit.com\/tr\/wp-json\/wp\/v2\/media?parent=1700"}],"wp:term":[{"taxonomy":"product_cat","embeddable":true,"href":"https:\/\/www.garden-kit.com\/tr\/wp-json\/wp\/v2\/product_cat?post=1700"},{"taxonomy":"product_tag","embeddable":true,"href":"https:\/\/www.garden-kit.com\/tr\/wp-json\/wp\/v2\/product_tag?post=1700"}],"curies":[{"name":"wp","href":"https:\/\/api.w.org\/{rel}","templated":true}]}}