{"id":1711,"date":"2022-08-24T00:37:38","date_gmt":"2022-08-23T16:37:38","guid":{"rendered":"http:\/\/www.garden-kit.com\/product\/seed-paper-plantable-mini-calendar-2023\/"},"modified":"2023-08-14T18:54:17","modified_gmt":"2023-08-14T10:54:17","slug":"seed-paper-plantable","status":"publish","type":"product","link":"https:\/\/www.garden-kit.com\/tr\/product\/seed-paper-plantable\/","title":{"rendered":"Ekilebilir Takvim 2023"},"content":{"rendered":"<p><span style=\"font-family: 'PingFang SC', 'Microsoft YaHei', sans-serif\">Tohum Ka\u011f\u0131d\u0131 Ekilebilir Mini Takvim 2023 Ekilebilir Tohum Ka\u011f\u0131d\u0131, geleneksel ka\u011f\u0131t \u00fcr\u00fcnlerine s\u00fcrd\u00fcr\u00fclebilir, \u00e7evre dostu bir alternatiftir...<\/span><br \/><span style=\"font-family: 'PingFang SC', 'Microsoft YaHei', sans-serif\">Biyolojik olarak par\u00e7alanabilen eko ka\u011f\u0131t olarak da bilinen ekilebilir tohumlu ka\u011f\u0131t, genellikle tohumlar\u0131n ka\u011f\u0131t yap\u0131m i\u015flemi s\u0131ras\u0131nda \u0131slat\u0131ld\u0131\u011f\u0131 geri d\u00f6n\u00fc\u015ft\u00fcr\u00fclm\u00fc\u015f veya ileri d\u00f6n\u00fc\u015ft\u00fcr\u00fclm\u00fc\u015f malzemelerden yap\u0131l\u0131r. Tipik tohumlar gibi topra\u011fa, suya, s\u0131cakl\u0131\u011fa ve g\u00fcne\u015f \u0131\u015f\u0131\u011f\u0131na ihtiya\u00e7 duyar. Ekildi\u011finde ka\u011f\u0131t toprakta par\u00e7alan\u0131r ve tohumlar filizlenmeye ba\u015flar. <\/span><\/p>\n<h3 style=\"font-size: 19px\"><span style=\"font-family: 'PingFang SC', 'Microsoft YaHei', sans-serif;font-size: 18px\">Genel Bak\u0131\u015f<\/span><\/h3>\n<table>\n<tbody>\n<tr>\n<td width=\"224\">\n<p><span style=\"font-family: 'PingFang SC', 'Microsoft YaHei', sans-serif\">\u00dcr\u00fcn Bak\u0131m Talimatlar\u0131<\/span><\/p>\n<\/td>\n<td width=\"224\">\n<p><span style=\"font-family: 'PingFang SC', 'Microsoft YaHei', sans-serif\">Mevcut<\/span><\/p>\n<\/td>\n<\/tr>\n<tr>\n<td width=\"224\">\n<p><span style=\"font-family: 'PingFang SC', 'Microsoft YaHei', sans-serif\">Bitki \u00dcr\u00fcn Tipi<\/span><\/p>\n<\/td>\n<td width=\"224\">\n<p><span style=\"font-family: 'PingFang SC', 'Microsoft YaHei', sans-serif\">k\u0131r \u00e7i\u00e7e\u011fi ve \u00e7\u0131nar a\u011fac\u0131<\/span><\/p>\n<\/td>\n<\/tr>\n<tr>\n<td width=\"224\">\n<p><span style=\"font-family: 'PingFang SC', 'Microsoft YaHei', sans-serif\">\u00d6zel \u00f6zellik<\/span><\/p>\n<\/td>\n<td width=\"224\">\n<p><span style=\"font-family: 'PingFang SC', 'Microsoft YaHei', sans-serif\">Kapal\u0131-A\u00e7\u0131k Yeti\u015ftirme<\/span><\/p>\n<\/td>\n<\/tr>\n<tr>\n<td width=\"224\">\n<p><span style=\"font-family: 'PingFang SC', 'Microsoft YaHei', sans-serif\">Marka<\/span><\/p>\n<\/td>\n<td width=\"224\">\n<p><span style=\"font-family: 'PingFang SC', 'Microsoft YaHei', sans-serif\">Bah\u00e7e Seti<\/span><\/p>\n<\/td>\n<\/tr>\n<tr>\n<td width=\"224\">\n<p><span style=\"font-family: 'PingFang SC', 'Microsoft YaHei', sans-serif\">Anavatan<\/span><\/p>\n<\/td>\n<td width=\"224\">\n<p><span style=\"font-family: 'PingFang SC', 'Microsoft YaHei', sans-serif\">Fujian, \u00c7in<\/span><\/p>\n<\/td>\n<\/tr>\n<tr>\n<td width=\"224\">\n<p><span style=\"font-family: 'PingFang SC', 'Microsoft YaHei', sans-serif\">ODM\/OEM<\/span><\/p>\n<\/td>\n<td width=\"224\">\n<p><span style=\"font-family: 'PingFang SC', 'Microsoft YaHei', sans-serif\">Mevcut<\/span><\/p>\n<\/td>\n<\/tr>\n<tr>\n<td width=\"224\">\n<p><span style=\"font-family: 'PingFang SC', 'Microsoft YaHei', sans-serif\">\u00d6zelle\u015ftirilmi\u015f sipari\u015f i\u00e7in MOQ<\/span><\/p>\n<\/td>\n<td width=\"224\">\n<p><span style=\"font-family: 'PingFang SC', 'Microsoft YaHei', sans-serif\">3000 adet<\/span><\/p>\n<\/td>\n<\/tr>\n<tr>\n<td width=\"224\">\n<p><span style=\"font-family: 'PingFang SC', 'Microsoft YaHei', sans-serif\">\u00d6rnek maliyet<\/span><\/p>\n<\/td>\n<td width=\"224\">\n<p><span style=\"font-family: 'PingFang SC', 'Microsoft YaHei', sans-serif\">US$400\/\u00d6rnek, bizden sipari\u015f verdikten sonra tam iade<\/span><\/p>\n<\/td>\n<\/tr>\n<\/tbody>\n<\/table>\n<h2 style=\"font-size: 20px\">Umut Ek, Gelecek Bi\u00e7: 2023 \u00c7evre Dostu Ekilebilir \u00d6zelle\u015ftirilebilir Tohum Ka\u011f\u0131d\u0131 Takvimi<\/h2>\n<p>Bu umut ve sorumluluk \u00e7a\u011f\u0131nda, d\u00fcnya i\u00e7in derin bir endi\u015feyle, 2023 i\u00e7in yeni bir yarat\u0131c\u0131 \u015faheser sunmaktan gurur duyuyoruz: \u00c7evre dostu Ekilebilir \u00d6zelle\u015ftirilmi\u015f Tohum Ka\u011f\u0131d\u0131 Takvimi. Bu e\u015fsiz takvim sadece zaman\u0131n ak\u0131\u015f\u0131n\u0131 hissetmenizi sa\u011flamakla kalm\u0131yor, ayn\u0131 zamanda s\u00fcrd\u00fcr\u00fclebilir kalk\u0131nmaya kat\u0131lmak i\u00e7in harika bir yol sunuyor.<\/p>\n<h2 style=\"font-size: 20px\">Umut dikmek, bir takvim, bir par\u00e7a ye\u015fil!<\/h2>\n<p>Tohum Ka\u011f\u0131d\u0131 Takvimi bir takvimden \u00e7ok daha fazlas\u0131, ye\u015fil bir umut par\u00e7as\u0131d\u0131r. \u00c7i\u00e7ekler, sebzeler ve otlar gibi \u00e7e\u015fitli bitkilerin tohumlar\u0131yla zenginle\u015ftirilmi\u015f, \u00f6zenle haz\u0131rlanm\u0131\u015f ekilebilir ka\u011f\u0131tlar kullan\u0131yoruz. Her ay\u0131n sonunda, ge\u00e7en aya ait bir takvim sayfas\u0131n\u0131 kopar\u0131p topra\u011fa g\u00f6mebilir, hafif\u00e7e sulayabilir ve tohumlar\u0131n filizlenip b\u00fcy\u00fcmesini bekleyebilirsiniz. B\u0131rak\u0131lan her sayfa yeni bir ya\u015fam\u0131n ba\u015flang\u0131c\u0131, do\u011faya bir arma\u011fand\u0131r.<\/p>\n<h2 style=\"font-size: 20px\">\u00c7oklu se\u00e7enekler, \u00f6zelle\u015ftirilmi\u015f \u00fcretim, se\u00e7ti\u011finiz tohumlar<\/h2>\n<p>Herkesin tercihlerinin ve endi\u015felerinin benzersiz oldu\u011funun fark\u0131nday\u0131z. Bu nedenle, Tohum Ka\u011f\u0131t Takviminizi tercihlerinize ve ihtiya\u00e7lar\u0131n\u0131za g\u00f6re \u00f6zelle\u015ftirebilmeniz i\u00e7in \u00e7ok \u00e7e\u015fitli tohum se\u00e7enekleri sunuyoruz. Her ay\u0131 renk ve kokuyla doldurmak i\u00e7in g\u00fcl ve ay\u00e7i\u00e7e\u011fi gibi her t\u00fcrden g\u00fczel \u00e7i\u00e7ek ekmeyi se\u00e7ebilirsiniz. Ya da taze sebzeler yeti\u015ftirmeyi ve tohumdan sofraya kendi ellerinizle sa\u011fl\u0131kl\u0131 bir ya\u015fam tarz\u0131na kat\u0131lmay\u0131 se\u00e7ebilirsiniz. Ayr\u0131ca, bitki tohumlar\u0131 her zaman tad\u0131n\u0131 \u00e7\u0131karabilece\u011finiz saf, do\u011fal bir koku i\u00e7in harika bir se\u00e7enektir. Se\u00e7iminiz ne olursa olsun, takvimin her sayfas\u0131nda kendinize \u00f6zg\u00fc bir iz bulacaks\u0131n\u0131z.<\/p>\n<h2 style=\"font-size: 20px\">OEM \u00d6zelle\u015ftirilmi\u015f Hizmet, Birlikte Daha \u0130yi Bir Gelecek Yaratmak<\/h2>\n<p>Kurumlar, gruplar ve bireyler i\u00e7in OEM \u00f6zelle\u015ftirme hizmetleri sunuyoruz, b\u00f6ylece tohum ka\u011f\u0131t takvime benzersiz izinizi b\u0131rakabilirsiniz. \u0130ster kurumsal bir slogan, ister bir grubun etkinlik bilgileri, isterse de ki\u015fisel bir kutsama s\u00f6z\u00fc olsun, bunlar\u0131n hepsi \u00f6zelle\u015ftirilmi\u015f tasar\u0131m yoluyla takvimde sunulabilir ve her takvimi benzersiz ve de\u011ferli bir hediye haline getirir.<\/p>\n<\/p>\n<p>2023 y\u0131l\u0131 do\u011faya daha fazla ba\u011fland\u0131\u011f\u0131m\u0131z, \u00e7evrenin korunmas\u0131na ve s\u00fcrd\u00fcr\u00fclebilir kalk\u0131nmaya katk\u0131da bulundu\u011fumuz bir y\u0131l olacak. Umut ekerek, birlikte daha ye\u015fil, daha g\u00fczel bir gelecek yaratabiliriz. Zaman\u0131n ellerinizde \u00e7i\u00e7ek a\u00e7mas\u0131na ve umudun kalbinizde k\u00f6k salmas\u0131na izin vermek i\u00e7in \u00e7evre dostu ekilebilir \u00f6zelle\u015ftirilmi\u015f tohum ka\u011f\u0131d\u0131 takvimini se\u00e7in. Daha iyi bir yar\u0131n i\u00e7in harekete ge\u00e7in!<\/p>","protected":false},"excerpt":{"rendered":"<p>El Yap\u0131m\u0131, Geri D\u00f6n\u00fc\u015ft\u00fcr\u00fclm\u00fc\u015f, Biyobozunur Tohumlu Eko-Ka\u011f\u0131t \u2013 Noel Hediyesi Hediyesi Fikir Tohum Ka\u011f\u0131d\u0131 Ekilebilir Mini Takvim 2023<\/p>\n<p>Tohum ka\u011f\u0131d\u0131, i\u00e7ine g\u00f6m\u00fcl\u00fc tohumlar i\u00e7eren \u00e7evre dostu bir ka\u011f\u0131t t\u00fcr\u00fcd\u00fcr. \u00c7i\u00e7eklere, bitkilere veya sebzelere d\u00f6n\u00fc\u015fmek \u00fczere topra\u011fa ekilebilir. Tohum ka\u011f\u0131d\u0131 \u00e7e\u015fitli perakendecilerden \u00e7evrimi\u00e7i olarak sat\u0131n al\u0131nabilir ve kartlar, yer imleri ve hediye etiketleri dahil olmak \u00fczere farkl\u0131 \u015fekil ve boyutlarda gelir. Tohum ka\u011f\u0131d\u0131n\u0131 \u00e7evrimi\u00e7i sat\u0131n almak istiyorsan\u0131z l\u00fctfen bizimle ileti\u015fime ge\u00e7mekten \u00e7ekinmeyin.<\/p><\/p>","protected":false},"featured_media":15997,"comment_status":"closed","ping_status":"closed","template":"","meta":[],"product_cat":[67],"product_tag":[761,583,611,581,613,853,759,765,99,614],"acf":[],"_links":{"self":[{"href":"https:\/\/www.garden-kit.com\/tr\/wp-json\/wp\/v2\/product\/1711"}],"collection":[{"href":"https:\/\/www.garden-kit.com\/tr\/wp-json\/wp\/v2\/product"}],"about":[{"href":"https:\/\/www.garden-kit.com\/tr\/wp-json\/wp\/v2\/types\/product"}],"replies":[{"embeddable":true,"href":"https:\/\/www.garden-kit.com\/tr\/wp-json\/wp\/v2\/comments?post=1711"}],"wp:featuredmedia":[{"embeddable":true,"href":"https:\/\/www.garden-kit.com\/tr\/wp-json\/wp\/v2\/media\/15997"}],"wp:attachment":[{"href":"https:\/\/www.garden-kit.com\/tr\/wp-json\/wp\/v2\/media?parent=1711"}],"wp:term":[{"taxonomy":"product_cat","embeddable":true,"href":"https:\/\/www.garden-kit.com\/tr\/wp-json\/wp\/v2\/product_cat?post=1711"},{"taxonomy":"product_tag","embeddable":true,"href":"https:\/\/www.garden-kit.com\/tr\/wp-json\/wp\/v2\/product_tag?post=1711"}],"curies":[{"name":"wp","href":"https:\/\/api.w.org\/{rel}","templated":true}]}}