{"id":1748,"date":"2022-08-24T09:06:10","date_gmt":"2022-08-24T01:06:10","guid":{"rendered":"http:\/\/www.garden-kit.com\/product\/heirloom-vegetable-seeds\/"},"modified":"2023-03-31T16:38:18","modified_gmt":"2023-03-31T08:38:18","slug":"heirloom-vegetable-seeds","status":"publish","type":"product","link":"https:\/\/www.garden-kit.com\/tr\/product\/heirloom-vegetable-seeds\/","title":{"rendered":"Yadigar\u0131 Sebze Tohumlar\u0131"},"content":{"rendered":"<p><span style=\"font-family: arial, helvetica, sans-serif\">Sebzeler i\u00e7in genellikle iki ekim y\u00f6ntemi vard\u0131r: Biri \u00f6nce fide yeti\u015ftirmek ve sonra nakletmek; di\u011feri ise do\u011frudan ekim yapmakt\u0131r.<\/span><br \/><span style=\"font-family: arial, helvetica, sans-serif\">K\u00f6k sebzelerden fasulye, turp ve havu\u00e7 gibi baz\u0131 sebzeler kaz\u0131k k\u00f6kl\u00fc olduklar\u0131 i\u00e7in k\u00f6k sistemi az geli\u015fmi\u015ftir ve fide dikimi k\u00f6klere zarar verecek ve normal geli\u015fimi etkileyecektir. Genellikle do\u011frudan tohumlama ana y\u00f6ntemdir.<\/span><br \/><span style=\"font-family: arial, helvetica, sans-serif\">Ayr\u0131ca, lahana, karnabahar, patl\u0131can, domates gibi baz\u0131 sebzelerin daha geli\u015fmi\u015f k\u00f6k sistemleri ve daha lifli k\u00f6kleri vard\u0131r ve bunlar fide yeti\u015ftiricili\u011fi i\u00e7in nakledilebilir.<\/span><\/p>\n<h3 style=\"font-size: 19px\"><span style=\"font-family: arial, helvetica, sans-serif;font-size: 18px\">Genel Bak\u0131\u015f<\/span><\/h3>\n<table style=\"width: 79.9431%;height: 352px\">\n<tbody>\n<tr style=\"height: 44px\">\n<td width=\"224\" style=\"width: 39.8577%;height: 44px\">\n<pre><span style=\"font-family: arial, helvetica, sans-serif\">\u00dcr\u00fcn Bak\u0131m Talimatlar\u0131<\/span><\/pre>\n<\/td>\n<td width=\"224\" style=\"width: 39.8577%;height: 44px\">\n<pre><span style=\"font-family: arial, helvetica, sans-serif\">Mevcut<\/span><\/pre>\n<\/td>\n<\/tr>\n<tr style=\"height: 44px\">\n<td width=\"224\" style=\"width: 39.8577%;height: 44px\">\n<pre><span style=\"font-family: arial, helvetica, sans-serif\">Bitki \u00dcr\u00fcn Tipi<\/span><\/pre>\n<\/td>\n<td width=\"224\" style=\"width: 39.8577%;height: 44px\">\n<pre><span style=\"font-family: arial, helvetica, sans-serif\">Sebze tohumlar\u0131<\/span><\/pre>\n<\/td>\n<\/tr>\n<tr style=\"height: 44px\">\n<td width=\"224\" style=\"width: 39.8577%;height: 44px\">\n<pre><span style=\"font-family: arial, helvetica, sans-serif\">\u00d6zel \u00f6zellik<\/span><\/pre>\n<\/td>\n<td width=\"224\" style=\"width: 39.8577%;height: 44px\">\n<pre><span style=\"font-family: arial, helvetica, sans-serif\">Kapal\u0131-A\u00e7\u0131k Yeti\u015ftirme<\/span><\/pre>\n<\/td>\n<\/tr>\n<tr style=\"height: 44px\">\n<td width=\"224\" style=\"width: 39.8577%;height: 44px\">\n<pre><span style=\"font-family: arial, helvetica, sans-serif\">Marka<\/span><\/pre>\n<\/td>\n<td width=\"224\" style=\"width: 39.8577%;height: 44px\">\n<pre><span style=\"font-family: arial, helvetica, sans-serif\">Bah\u00e7e Seti<\/span><\/pre>\n<\/td>\n<\/tr>\n<tr style=\"height: 44px\">\n<td width=\"224\" style=\"width: 39.8577%;height: 44px\">\n<pre><span style=\"font-family: arial, helvetica, sans-serif\">Anavatan<\/span><\/pre>\n<\/td>\n<td width=\"224\" style=\"width: 39.8577%;height: 44px\">\n<pre><span style=\"font-family: arial, helvetica, sans-serif\">Fujian, \u00c7in<\/span><\/pre>\n<\/td>\n<\/tr>\n<tr style=\"height: 44px\">\n<td width=\"224\" style=\"width: 39.8577%;height: 44px\">\n<pre><span style=\"font-family: arial, helvetica, sans-serif\">ODM\/OEM<\/span><\/pre>\n<\/td>\n<td width=\"224\" style=\"width: 39.8577%;height: 44px\">\n<pre><span style=\"font-family: arial, helvetica, sans-serif\">Mevcut<\/span><\/pre>\n<\/td>\n<\/tr>\n<tr style=\"height: 44px\">\n<td width=\"224\" style=\"width: 39.8577%;height: 44px\">\n<pre><span style=\"font-family: arial, helvetica, sans-serif\">\u00d6zelle\u015ftirilmi\u015f sipari\u015f i\u00e7in MOQ<\/span><\/pre>\n<\/td>\n<td width=\"224\" style=\"width: 39.8577%;height: 44px\">\n<pre><span style=\"font-family: arial, helvetica, sans-serif\">3000 adet<\/span><\/pre>\n<\/td>\n<\/tr>\n<tr style=\"height: 44px\">\n<td width=\"224\" style=\"width: 39.8577%;height: 44px\">\n<pre><span style=\"font-family: arial, helvetica, sans-serif\">\u00d6rnek maliyet<\/span><\/pre>\n<\/td>\n<td width=\"224\" style=\"width: 39.8577%;height: 44px\">\n<pre><span style=\"font-family: arial, helvetica, sans-serif\">US$400\/\u00d6rnek, bizden sipari\u015f verdikten sonra tam iade<\/span><\/pre>\n<\/td>\n<\/tr>\n<\/tbody>\n<\/table>\n<p><span style=\"font-family: arial, helvetica, sans-serif\"> Haz\u0131rlanm\u0131\u015f 20 \u00e7e\u015fit Sebze tohumu Kiti: \u00c7ok kolay - tohumdan Sebze yeti\u015ftirmenin tahminlerini ortadan kald\u0131r\u0131yor, her ad\u0131mda size rehberlik ediyoruz. Sebzenin keyfini sizin veya sevdiklerinizin hayat\u0131na katmak i\u00e7in ihtiyac\u0131n\u0131z olan her \u015fey g\u00fczel bir paket \u00e7antada. Dikin! <\/span><br \/><span style=\"font-family: arial, helvetica, sans-serif\">Kit i\u00e7erisinde a\u015fa\u011f\u0131daki \u00fcr\u00fcnler yer almaktad\u0131r. 20 \u00e7e\u015fit Contender Fasulyesi, Waltham Brokolisi, Blue Scotch Kale, Oregon \u015eeker Bezelyesi, Marglobe Heirloom Domates, Black Beauty Yaz Kaba\u011f\u0131 ve \u00e7ok daha fazlas\u0131 gibi sebze tohumlar\u0131. 1 Ad\u0131m ad\u0131m ekim k\u0131lavuzu 1 \u00f6zelle\u015ftirilmi\u015f paket \u00e7antas\u0131 Ev bah\u00e7eniz i\u00e7in m\u00fckemmel sebze se\u00e7imi - her pakette en iyi aile yadigar\u0131 sebze \u00e7e\u015fitleri bulunur. Her pakette Contender Beans, Waltham Cauliflower, Blue Scotch Kale, Oregon Jelly Beans, Marglobe Heirloom Tomatoes, Black Beauty Summer Squash ve daha bir\u00e7ok \u00e7e\u015fit bulunmaktad\u0131r. Bu favori lezzetlerle yanl\u0131\u015f yapamazs\u0131n\u0131z. Endi\u015fesiz Bah\u00e7ecilik - Tohumlar\u0131m\u0131z, optimum yeti\u015ftirme ko\u015fullar\u0131 alt\u0131nda 95% veya daha fazla \u00e7imlenme i\u00e7in s\u00fcrekli olarak test edilir, bu da haz\u0131rl\u0131k malzemeleriniz i\u00e7in kritik \u00f6neme sahiptir. Aptal ve filizlenmemi\u015f tohumlar hakk\u0131nda endi\u015felenmenize gerek yok. Y\u00fcksek \u00e7imlenme oranlar\u0131m\u0131za ek olarak, bah\u00e7ecilik yolculu\u011funuzda size yard\u0131mc\u0131 olacak ipu\u00e7lar\u0131 ve en iyi uygulamalar\u0131 i\u00e7eren kendi bah\u00e7e yeti\u015ftirme k\u0131lavuzumuzu da sunuyoruz. Binlerce kilo yiyecek yeti\u015ftirin - 10.000'den fazla tohumla, y\u0131l boyunca yeti\u015ftirmeye, pi\u015firmeye ve yemeye yetecek kadar yemye\u015fil bir sebze bah\u00e7esi yeti\u015ftirebilirsiniz. Tohumlar, uzun s\u00fcreli kolay saklama i\u00e7in tazeli\u011fi ve kaliteyi korumak \u00fczere g\u00fczel tasarlanm\u0131\u015f su ge\u00e7irmez, yeniden kapat\u0131labilir mylar torba i\u00e7inde paketlenmi\u015ftir ve acil durum haz\u0131rl\u0131k malzemelerinize m\u00fckemmel bir ektir. &nbsp;<\/span><\/p>\n<p><span style=\"font-family: arial, helvetica, sans-serif\">Ekim y\u00f6ntemi<\/span><\/p>\n<p><span style=\"font-family: arial, helvetica, sans-serif\">Tohumlar\u0131n b\u00fcy\u00fckl\u00fc\u011f\u00fcne ve kalitesine ba\u011fl\u0131 olarak, ekim y\u00f6ntemi yay\u0131n, iste\u011fe ba\u011fl\u0131 veya delme olabilir.<\/span><br \/><span style=\"font-family: arial, helvetica, sans-serif\">Ekim: Genellikle k\u00fc\u00e7\u00fck sebze tohumlar\u0131 i\u00e7in kullan\u0131lan, tohumlar\u0131n ekim topra\u011f\u0131na e\u015fit \u015fekilde yay\u0131lmas\u0131d\u0131r;<\/span><br \/><span style=\"font-family: arial, helvetica, sans-serif\">Talep \u00fczerine ekim: B\u00fcy\u00fck tohumlar ve nispeten nadir sebze tohumlar\u0131 i\u00e7in uygun olan belirli bir s\u0131ra aral\u0131\u011f\u0131na g\u00f6re \u00e7ukur kazmak ve ekim yapmakt\u0131r;<\/span><br \/><span style=\"font-family: arial, helvetica, sans-serif\">Matkapla ekim: Orta ve k\u00fc\u00e7\u00fck sebze tohumlar\u0131 i\u00e7in uygun olan, belirli bir s\u0131ra aral\u0131\u011f\u0131na g\u00f6re hendek a\u00e7ma ve ekim. Bu y\u00f6ntem balkon saks\u0131lar\u0131 i\u00e7in yayg\u0131n olarak kullan\u0131lmaz.<\/span><\/p>\n<p><span style=\"font-family: arial, helvetica, sans-serif\">Y\u00fczlerce Dolar Tasarruf Edin \u2013 B\u00fcy\u00fcmek i\u00e7in en iyi sebze tohumlar\u0131n\u0131 bir araya getiriyoruz, b\u00f6ylece ma\u011fazada veya pazarda a\u015f\u0131r\u0131 fiyatl\u0131 yadig\u00e2r sebzelere y\u00fczlerce dolar harcaman\u0131za gerek kalm\u0131yor. Yeti\u015ftirilmesi kolay bu sebzeler hem ilk kez hem de deneyimli bah\u00e7\u0131vanlar i\u00e7in harikad\u0131r.<\/span><\/p>\n<p style=\"line-height: 1.5\"><span style=\"font-size: 16px;font-family: arial, helvetica, sans-serif\"><span style=\"font-size: 18px\">Sebze Tohumlar\u0131 Nas\u0131l Ekilir?<br \/><span style=\"font-size: 16px\">1. Tohum i\u015fleme<\/span><br \/><span style=\"font-size: 16px\">Sebze tohumlar\u0131 ekilmeden \u00f6nce, tohumlar taraf\u0131ndan ta\u015f\u0131nan patojenik bakterileri dezenfekte etmek ve sterilize etmek i\u00e7in 1-2 g\u00fcn g\u00fcne\u015fte bekletilmeli ve daha sonra 3-4 saat boyunca \u0131l\u0131k suda bekletilmeli, bu s\u00fcre boyunca s\u00fcrekli kar\u0131\u015ft\u0131r\u0131lmal\u0131d\u0131r Ve \u00e7ocuk e\u015fit \u015fekilde \u0131s\u0131t\u0131l\u0131r.<\/span><br \/><span style=\"font-size: 16px\">2. Topra\u011f\u0131 haz\u0131rlay\u0131n<\/span><br \/><span style=\"font-size: 16px\">Sebze tohumlar\u0131n\u0131n ekildi\u011fi arazi kuru olmal\u0131 ve su birikintisi olmamal\u0131d\u0131r, aksi takdirde tohumlar sulan\u0131r ve \u00e7\u00fcr\u00fcr ve ekim i\u00e7in toprak g\u00fc\u00e7l\u00fc hava ge\u00e7irgenli\u011fi ve zengin besin \u00f6zelliklerine sahip olmal\u0131d\u0131r. kabar\u0131k.<\/span><br \/><span style=\"font-size: 16px\">3. Ekim<\/span><br \/><span style=\"font-size: 16px\">Sebze tohumlar\u0131 ve on toprak haz\u0131rland\u0131ktan sonra, arazide bir hendek a\u00e7\u0131labilir ve ard\u0131ndan tohumlar hendek boyunca e\u015fit bir \u015fekilde serpilebilir ve kal\u0131nl\u0131\u011f\u0131n makul bir \u015fekilde kontrol edilmesine dikkat edilebilir. Bo\u015fluk olgusundan ka\u00e7\u0131nmak i\u00e7in tohumlar ekilir ve daha sonra ince bir tabaka ile \u00f6rt\u00fcl\u00fcr.<\/span><br \/><span style=\"font-size: 16px\">4. Y\u00f6netim sonras\u0131<\/span><br \/><span style=\"font-size: 16px\">Sebze tohumlar\u0131 ekildikten sonra, kalitenin nemli ve h\u0131zl\u0131 \u00e7imlenmeye elveri\u015fli olmas\u0131n\u0131 sa\u011flamak i\u00e7in bir kez su ile sulanmal\u0131d\u0131r. Fideler yakla\u015f\u0131k 5-10 cm b\u00fcy\u00fcd\u00fc\u011f\u00fcnde, fidelerin arsada e\u015fit \u015fekilde b\u00fcy\u00fcmesini sa\u011flamak i\u00e7in seyreltilmeli ve doldurulmal\u0131d\u0131r.<\/span><\/span><\/span><\/p>\n<p style=\"line-height: 1.5\"><span style=\"font-size: 16px;font-family: arial, helvetica, sans-serif\"><span style=\"font-size: 18px\">\u00d6nlemler<\/span><br \/>Hava s\u0131cak ve toprak s\u0131cakl\u0131\u011f\u0131 d\u00fc\u015f\u00fckse, \u0131slak ekim y\u00f6ntemini kullanmak, yani ekimden \u00f6nce iyice sulamak ve ard\u0131ndan su n\u00fcfuz ettikten sonra ekmek en iyisidir. \u0130klim nispeten s\u0131caksa, saman perdelerle \u00f6rt\u00fclebilir. Sebze tohumlar\u0131 ortaya \u00e7\u0131kt\u0131\u011f\u0131nda, do\u011frudan g\u00fcne\u015f \u0131\u015f\u0131\u011f\u0131na maruz kalmamaya dikkat edin, \u00e7\u00fcnk\u00fc fideler \u00e7ok g\u00fc\u00e7l\u00fc g\u00fcne\u015f \u0131\u015f\u0131\u011f\u0131ndan ho\u015flanmazlar. G\u00fcne\u015f \u0131\u015f\u0131\u011f\u0131 \u00e7ok g\u00fc\u00e7l\u00fc olursa, fideler g\u00fcne\u015ften yanarak \u00f6lebilir. Sa\u011fl\u0131ks\u0131z<br \/>Sa\u011fl\u0131kl\u0131 veya \u00e7ok s\u0131k fideler genellikle s\u00f6k\u00fcl\u00fcr.<\/span><\/p>\n<p><span style=\"font-size: 18px;font-family: arial, helvetica, sans-serif\">\u00c7imlenme sonras\u0131 \u00f6nlemler:<\/span><\/p>\n<p><span style=\"font-family: arial, helvetica, sans-serif\">1. Fidelerin \u0131\u015f\u0131\u011fa ihtiyac\u0131 vard\u0131r. I\u015f\u0131\u011fa ihtiyac\u0131 olan bir tohum olsun ya da olmas\u0131n, \u00e7imlendikten sonra belirli bir miktarda \u0131\u015f\u0131\u011fa ihtiya\u00e7 duyar.<\/span><br \/><span style=\"font-family: arial, helvetica, sans-serif\">2. Filizlenen fidelerin ilk iki yapra\u011f\u0131 genellikle ye\u015fil olan kotiledonlard\u0131r. Yeni \u00e7\u0131kan beyaz\u0131 g\u00f6rd\u00fc\u011f\u00fcn\u00fczde yan\u0131lmay\u0131n, o \u015fey genellikle bir k\u00f6kt\u00fcr, \u015fu anda g\u00fcne\u015fin tad\u0131n\u0131 \u00e7\u0131karmak i\u00e7in acele etmeyin.<\/span><br \/><span style=\"font-family: arial, helvetica, sans-serif\">3. Tohumlar filizlendikten sonra b\u00fcy\u00fck g\u00fcne\u015fi bir anda g\u00f6remezler, \u00f6nce astigmatizma ve yava\u015f\u00e7a b\u00fcy\u00fck g\u00fcne\u015fe do\u011fru ilerlerler.<\/span><br \/><span style=\"font-family: arial, helvetica, sans-serif\">4. Gen\u00e7 fideler i\u00e7in yapraklar\u0131 nemlendirmeye dikkat edin. K\u00fc\u00e7\u00fck bir sulama kab\u0131 ile p\u00fcsk\u00fcrtebilirsiniz. B\u00fcy\u00fck fideler su akarken d\u00fc\u015fecek ve bazen topra\u011fa yap\u0131\u015farak fidelerin \u00f6lmesine neden olacakt\u0131r.<\/span><br \/><span style=\"font-family: arial, helvetica, sans-serif\">5. Genel olarak, ikinci \u00e7ift ger\u00e7ek yaprak ortaya \u00e7\u0131kt\u0131\u011f\u0131nda, biraz ince g\u00fcbre uygulayabilirsiniz. \u015eu anda, yapraklar\u0131 ye\u015fil ve g\u00fc\u00e7l\u00fc hale getirmek i\u00e7in esas olarak azotlu g\u00fcbre ve ard\u0131ndan beslenmenin t\u00fcm y\u00f6nlerini desteklemek i\u00e7in kompoze g\u00fcbreyi yava\u015f\u00e7a art\u0131r\u0131n.<\/span><\/p>\n<p><span style=\"font-family: arial, helvetica, sans-serif\"><br \/>\u0130pucu: I\u015f\u0131\u011f\u0131 a\u00e7\u0131k tuttu\u011funuzdan emin olun. G\u00fcne\u015f \u0131\u015f\u0131\u011f\u0131 her \u015feyin b\u00fcy\u00fcmesi i\u00e7in temel gereksinimdir. Dikim kutusunu g\u00fcne\u015fin uzun s\u00fcre korunabilece\u011fi bir konuma yerle\u015ftirmeye \u00e7al\u0131\u015f\u0131n. Ve fideleri ve dikimi zamanlay\u0131n. Fidelerin a\u015f\u0131r\u0131 kalabal\u0131kla\u015fmas\u0131n\u0131 \u00f6nlemek i\u00e7in, fideler tohum talimatlar\u0131ndaki farkl\u0131l\u0131\u011fa g\u00f6re zaman i\u00e7inde inceltilebilir ve sabitlenebilir. Marul gibi baz\u0131 ye\u015fil yaprakl\u0131 sebzeler de b\u00fcy\u00fcme alan\u0131 a\u00e7mak ve ekim alan\u0131n\u0131 geni\u015fletmek i\u00e7in uygun bir zamanda nakledilebilir.<\/span><br \/><span style=\"font-family: arial, helvetica, sans-serif\">sulama kontrol\u00fc<\/span><br \/><span style=\"font-family: arial, helvetica, sans-serif\">Evdeki ye\u015fil sebzelerin b\u00fcy\u00fcd\u00fc\u011f\u00fcn\u00fc g\u00f6r\u00fcnce onlar\u0131 sulamadan edemiyorum. Bitkileri her g\u00fcn suluyorum ve bitkiler ince, zay\u0131f ve k\u00f6kleri \u00e7\u00fcr\u00fcmeye meyilli oluyor. Asl\u0131nda bir\u00e7ok sorun yanl\u0131\u015f sulamadan kaynaklan\u0131yor. Topra\u011f\u0131 kuru ve \u0131slak g\u00f6rmek, uzun s\u00fcre \u0131slak kalmas\u0131ndan daha iyidir, \u00f6zellikle s\u0131\u011f k\u00f6k sistemli baz\u0131 sebzeler i\u00e7in, saks\u0131 topra\u011f\u0131 sulamadan \u00f6nce kurudur. G\u00fcne\u015fe daha fazla maruz kalmak, s\u0131k s\u0131k su ve ya\u011fmur p\u00fcsk\u00fcrtmek de sebzelerin daha kuvvetli b\u00fcy\u00fcmesini sa\u011flayabilir.<\/span><br \/><span style=\"font-family: arial, helvetica, sans-serif\">daha fazla havaland\u0131rma<\/span><br \/><span style=\"font-family: arial, helvetica, sans-serif\">Balkonda \u00e7i\u00e7ek ve sebze yeti\u015ftiriyorsan\u0131z, havaland\u0131rma da \u00e7ok \u00f6nemli bir konudur. Havaland\u0131rma, toprak y\u00fczeyindeki fazla suyu al\u0131p bitkilerin solunum yapmas\u0131n\u0131 sa\u011flayabilir, bu da \u00f6zellikle bitki b\u00fcy\u00fcmesi i\u00e7in iyidir ve su basmas\u0131n\u0131 ve \u00e7\u00fcr\u00fcm\u00fc\u015f k\u00f6kleri \u00f6nleyebilir. Bu nedenle bahar aylar\u0131nda havaland\u0131rma i\u00e7in pencereleri s\u0131k s\u0131k a\u00e7mak da iyi \u00e7i\u00e7ek ve sebze yeti\u015ftirmek i\u00e7in \u00f6nemli bir ko\u015fuldur.<\/span><\/p>\n<pre><\/pre><\/p>","protected":false},"excerpt":{"rendered":"<p>20 Heirloom Sebze Tohumu - 10.000+ Hayatta Kalma Tohumu ve Acil Durum Haz\u0131rl\u0131k Ekipman\u0131 - Ev Bah\u00e7esi Dikimi i\u00e7in GDO'suz Sebze Tohumlar\u0131 \u00c7e\u015fit Paketi<\/p>","protected":false},"featured_media":13200,"comment_status":"open","ping_status":"closed","template":"","meta":[],"product_cat":[59],"product_tag":[566,302,290,282,304,81,567],"acf":[],"_links":{"self":[{"href":"https:\/\/www.garden-kit.com\/tr\/wp-json\/wp\/v2\/product\/1748"}],"collection":[{"href":"https:\/\/www.garden-kit.com\/tr\/wp-json\/wp\/v2\/product"}],"about":[{"href":"https:\/\/www.garden-kit.com\/tr\/wp-json\/wp\/v2\/types\/product"}],"replies":[{"embeddable":true,"href":"https:\/\/www.garden-kit.com\/tr\/wp-json\/wp\/v2\/comments?post=1748"}],"wp:featuredmedia":[{"embeddable":true,"href":"https:\/\/www.garden-kit.com\/tr\/wp-json\/wp\/v2\/media\/13200"}],"wp:attachment":[{"href":"https:\/\/www.garden-kit.com\/tr\/wp-json\/wp\/v2\/media?parent=1748"}],"wp:term":[{"taxonomy":"product_cat","embeddable":true,"href":"https:\/\/www.garden-kit.com\/tr\/wp-json\/wp\/v2\/product_cat?post=1748"},{"taxonomy":"product_tag","embeddable":true,"href":"https:\/\/www.garden-kit.com\/tr\/wp-json\/wp\/v2\/product_tag?post=1748"}],"curies":[{"name":"wp","href":"https:\/\/api.w.org\/{rel}","templated":true}]}}