{"id":1769,"date":"2022-08-24T09:07:29","date_gmt":"2022-08-24T01:07:29","guid":{"rendered":"http:\/\/www.garden-kit.com\/product\/culinary-herb-seed\/"},"modified":"2023-03-31T15:07:30","modified_gmt":"2023-03-31T07:07:30","slug":"culinary-herb-seed","status":"publish","type":"product","link":"https:\/\/www.garden-kit.com\/tr\/product\/culinary-herb-seed\/","title":{"rendered":"Mutfak Bitkisi Tohumu"},"content":{"rendered":"<h3 style=\"font-size: 19px\"><span style=\"font-family: arial, helvetica, sans-serif;font-size: 16px\">Genel Bak\u0131\u015f<\/span><\/h3>\n<table style=\"border-collapse: collapse;width: 100%;height: 300px\">\n<tbody>\n<tr style=\"height: 44px\">\n<td style=\"width: 40.0716%;height: 44px\" width=\"224\">\n<pre><span style=\"font-family: arial, helvetica, sans-serif;font-size: 16px\">\u00dcr\u00fcn Bak\u0131m Talimatlar\u0131<\/span><\/pre>\n<\/td>\n<td style=\"width: 40.0716%;height: 44px\" width=\"224\">\n<pre><span style=\"font-family: arial, helvetica, sans-serif;font-size: 16px\">Mevcut<\/span><\/pre>\n<\/td>\n<\/tr>\n<tr style=\"height: 44px\">\n<td style=\"width: 40.0716%;height: 44px\" width=\"224\">\n<pre><span style=\"font-family: arial, helvetica, sans-serif;font-size: 16px\">Bitki \u00dcr\u00fcn Tipi<\/span><\/pre>\n<\/td>\n<td style=\"width: 40.0716%;height: 44px\" width=\"224\">\n<pre><span style=\"font-family: arial, helvetica, sans-serif;font-size: 16px\">Bitki Tohumlar\u0131<\/span><\/pre>\n<\/td>\n<\/tr>\n<tr style=\"height: 44px\">\n<td style=\"width: 40.0716%;height: 44px\" width=\"224\">\n<pre><span style=\"font-family: arial, helvetica, sans-serif;font-size: 16px\">\u00d6zel \u00f6zellik<\/span><\/pre>\n<\/td>\n<td style=\"width: 40.0716%;height: 44px\" width=\"224\">\n<pre><span style=\"font-family: arial, helvetica, sans-serif;font-size: 16px\">Kapal\u0131-A\u00e7\u0131k Yeti\u015ftirme<\/span><\/pre>\n<\/td>\n<\/tr>\n<tr style=\"height: 44px\">\n<td style=\"width: 40.0716%;height: 44px\" width=\"224\">\n<pre><span style=\"font-family: arial, helvetica, sans-serif;font-size: 16px\">Marka<\/span><\/pre>\n<\/td>\n<td style=\"width: 40.0716%;height: 44px\" width=\"224\">\n<pre><span style=\"font-family: arial, helvetica, sans-serif;font-size: 16px\">Bah\u00e7e Seti<\/span><\/pre>\n<\/td>\n<\/tr>\n<tr style=\"height: 44px\">\n<td style=\"width: 40.0716%;height: 44px\" width=\"224\">\n<pre><span style=\"font-family: arial, helvetica, sans-serif;font-size: 16px\">Anavatan<\/span><\/pre>\n<\/td>\n<td style=\"width: 40.0716%;height: 44px\" width=\"224\">\n<pre><span style=\"font-family: arial, helvetica, sans-serif;font-size: 16px\">Fujian, \u00c7in<\/span><\/pre>\n<\/td>\n<\/tr>\n<tr style=\"height: 44px\">\n<td style=\"width: 40.0716%;height: 44px\" width=\"224\">\n<pre><span style=\"font-family: arial, helvetica, sans-serif;font-size: 16px\">ODM\/OEM<\/span><\/pre>\n<\/td>\n<td style=\"width: 40.0716%;height: 44px\" width=\"224\">\n<pre><span style=\"font-family: arial, helvetica, sans-serif;font-size: 16px\">Mevcut<\/span><\/pre>\n<\/td>\n<\/tr>\n<tr style=\"height: 44px\">\n<td style=\"width: 40.0716%;height: 44px\" width=\"224\">\n<pre><span style=\"font-family: arial, helvetica, sans-serif;font-size: 16px\">\u00d6zelle\u015ftirilmi\u015f sipari\u015f i\u00e7in MOQ<\/span><\/pre>\n<\/td>\n<td style=\"width: 40.0716%;height: 44px\" width=\"224\">\n<pre><span style=\"font-family: arial, helvetica, sans-serif;font-size: 16px\">3000 adet<\/span><\/pre>\n<\/td>\n<\/tr>\n<tr style=\"height: 44px\">\n<td style=\"width: 40.0716%;height: 44px\" width=\"224\">\n<pre><span style=\"font-family: arial, helvetica, sans-serif;font-size: 16px\">\u00d6rnek maliyet<\/span><\/pre>\n<\/td>\n<td style=\"width: 40.0716%;height: 44px\" width=\"224\">\n<pre><span style=\"font-family: arial, helvetica, sans-serif;font-size: 16px\">US$400\/\u00d6rnek, bizden sipari\u015f verdikten sonra tam iade<\/span><\/pre>\n<\/td>\n<\/tr>\n<\/tbody>\n<\/table>\n<p style=\"line-height: 1.5\"><span style=\"font-family: arial, helvetica, sans-serif;font-size: 16px\"><\/span><\/p>\n<p style=\"line-height: 1.5\"><span style=\"font-family: arial, helvetica, sans-serif;font-size: 16px\">15 \u00e7e\u015fit bitki tohumu seti haz\u0131rland\u0131: \u00c7ok kolay - tohumdan bitki yeti\u015ftirmenin tahminlerini ortadan kald\u0131r\u0131yor, her ad\u0131mda size rehberlik ediyoruz. Kendinizin ya da sevdiklerinizin hayat\u0131na bitki ne\u015fesi katmak i\u00e7in ihtiyac\u0131n\u0131z olan her \u015fey g\u00fczel bir paket \u00e7anta i\u00e7inde. Dikin!<\/span><\/p>\n<p style=\"line-height: 1.5\"><span style=\"font-family: arial, helvetica, sans-serif;font-size: 16px\"><\/span><\/p>\n<p style=\"line-height: 1.5\"><span style=\"font-family: arial, helvetica, sans-serif;font-size: 16px\">A\u015fa\u011f\u0131daki \u00f6\u011feler kit i\u00e7erisinde yer almaktad\u0131r.<\/span><\/p>\n<p style=\"line-height: 1.5\"><span style=\"font-family: arial, helvetica, sans-serif;font-size: 16px\"><\/span><\/p>\n<p style=\"line-height: 1.5\"><span style=\"font-family: arial, helvetica, sans-serif;font-size: 16px\">Roka, Fesle\u011fen, P\u0131rasa, Ki\u015fni\u015f, Dereotu, Sar\u0131msak So\u011fan, Lavanta, Limon Ezmesi, Nane, Kekik, Maydanoz, Nane, Biberiye, Ada\u00e7ay\u0131 ve kekik gibi 15 \u00e7e\u015fit bitki.<\/span><br \/><span style=\"font-family: arial, helvetica, sans-serif;font-size: 16px\">1 Ad\u0131m ad\u0131m ekim k\u0131lavuzu<\/span><br \/><span style=\"font-family: arial, helvetica, sans-serif;font-size: 16px\">1 \u00f6zelle\u015ftirilmi\u015f paket \u00e7antas\u0131<\/span><\/p>\n<p style=\"line-height: 1.5\"><span style=\"font-family: arial, helvetica, sans-serif;font-size: 16px\"><\/span><\/p>\n<p style=\"line-height: 1.5\"><span style=\"font-family: arial, helvetica, sans-serif;font-size: 16px\">Yeti\u015ftirmek i\u00e7in 15 Bitki Tohumu - \u00c7e\u015fitli taze ve lezzetli bitkilerin tad\u0131n\u0131 \u00e7\u0131kar\u0131n! Mutfak Otlar\u0131 Tohum Paketiniz \u015fu bah\u00e7e favorilerini i\u00e7erir; Roka, Fesle\u011fen, P\u0131rasa, Ki\u015fni\u015f, Dereotu, Sar\u0131msak So\u011fan\u0131, Lavanta, Limon Ezmesi, Nane, Kekik, Maydanoz, Nane, Biberiye, Ada\u00e7ay\u0131 ve kekik.<\/span><\/p>\n<p style=\"line-height: 1.5\"><span style=\"font-family: arial, helvetica, sans-serif;font-size: 16px\">Acemi Dostu Bitkiler - Bir sonraki filizin ne olaca\u011f\u0131n\u0131 bilmeniz i\u00e7in bitki ekimlerinizi birlikte verilen etiketlerle etiketleyin. Her bitki i\u00e7in bah\u00e7ecilik ipu\u00e7lar\u0131 da dahil olmak \u00fczere bitki tohumlar\u0131 yeti\u015ftirme hakk\u0131nda bilmeniz gereken her \u015feyi \u00f6\u011frenmek i\u00e7in dijital yeti\u015ftirme k\u0131lavuzunu kullan\u0131n.<\/span><\/p>\n<p style=\"line-height: 1.5\"><span style=\"font-family: arial, helvetica, sans-serif;font-size: 16px\">Parmaklar\u0131n\u0131z\u0131 ye\u015file \u00e7evirin - en sevdi\u011finiz tariflere lezzet ve baharat kat\u0131n, bah\u00e7enizi veya mutfa\u011f\u0131n\u0131z\u0131 g\u00fczelle\u015ftirin ve bu taze otlarla topra\u011fa dokunun. Bitki Tohumu \u00c7e\u015fit Paketiniz evde yeti\u015ftirilen bitkilerden elde edilmi\u015ftir ve bitki bah\u00e7enizi yadig\u00e2r tohumlardan ba\u015flatmak i\u00e7in ihtiyac\u0131n\u0131z olan her \u015feyi size sa\u011flar.<\/span><\/p>\n<p style=\"line-height: 1.5\"><span style=\"font-family: arial, helvetica, sans-serif;font-size: 16px\"><\/span><\/p>\n<p style=\"line-height: 1.5\"><span style=\"font-family: arial, helvetica, sans-serif;font-size: 16px\">Tohumlar\u0131n\u0131z\u0131 Taze Tutun - Fazla bah\u00e7e tohumlar\u0131n\u0131z\u0131 gelecek y\u0131l i\u00e7in g\u00fcvende ve kuru tutun. Tohumlar\u0131n\u0131z, tek tek sar\u0131lm\u0131\u015f tohum paketleriyle birlikte yeniden kapat\u0131labilir, su ge\u00e7irmez Mylar torbalarda yeti\u015ftirilir. GDO'suz aile yadigar\u0131 tohumlar\u0131n\u0131z gelecek y\u0131llarda ekiminizi desteklemeye haz\u0131rd\u0131r.<\/span><\/p>\n<p style=\"line-height: 1.5\"><span style=\"font-family: arial, helvetica, sans-serif;font-size: 16px\"><\/span><\/p>\n<p style=\"line-height: 1.5\"><span style=\"font-family: arial, helvetica, sans-serif;font-size: 16px\">Bizimle k\u00f6k sald\u0131 - yerel deneyim ve tutkuya g\u00fcveniyor. Bitki tohumlar\u0131n\u0131z, b\u00fcy\u00fck bah\u00e7elere, kaliteli g\u0131daya ve s\u00fcrekli tar\u0131msal ba\u015far\u0131ya olan ba\u011fl\u0131l\u0131\u011f\u0131m\u0131zla desteklenmektedir. Ayr\u0131ca sebze bah\u00e7enizi veya bah\u00e7enizi yeti\u015ftirmek i\u00e7in nadir ve yadig\u00e2r sebze tohumu \u00e7e\u015fitleri ve di\u011fer tohumlar i\u00e7in b\u00f6cek torbas\u0131 malzemeleri sat\u0131yoruz.<\/span><\/p>\n<pre><span style=\"font-family: arial, helvetica, sans-serif;font-size: 16px\"> <br \/><\/span><\/pre><\/p>","protected":false},"excerpt":{"rendered":"<p>15 Yemeklik Bitki Tohumu Deposu - Ata Yadigar\u0131 ve GDO&#039;suz - \u0130\u00e7 Mekan veya D\u0131\u015f Mekan Bitkileri i\u00e7in Dikim i\u00e7in 4900+ Tohum Bah\u00e7e, Fesle\u011fen, Ki\u015fni\u015f, Maydanoz, Frenk so\u011fan\u0131, Lavanta, Dereotu, Mercank\u00f6\u015fk, Nane, Biberiye, Kekik<\/p>","protected":false},"featured_media":12587,"comment_status":"open","ping_status":"closed","template":"","meta":[],"product_cat":[59],"product_tag":[309,65,310,307,308,306],"acf":[],"_links":{"self":[{"href":"https:\/\/www.garden-kit.com\/tr\/wp-json\/wp\/v2\/product\/1769"}],"collection":[{"href":"https:\/\/www.garden-kit.com\/tr\/wp-json\/wp\/v2\/product"}],"about":[{"href":"https:\/\/www.garden-kit.com\/tr\/wp-json\/wp\/v2\/types\/product"}],"replies":[{"embeddable":true,"href":"https:\/\/www.garden-kit.com\/tr\/wp-json\/wp\/v2\/comments?post=1769"}],"wp:featuredmedia":[{"embeddable":true,"href":"https:\/\/www.garden-kit.com\/tr\/wp-json\/wp\/v2\/media\/12587"}],"wp:attachment":[{"href":"https:\/\/www.garden-kit.com\/tr\/wp-json\/wp\/v2\/media?parent=1769"}],"wp:term":[{"taxonomy":"product_cat","embeddable":true,"href":"https:\/\/www.garden-kit.com\/tr\/wp-json\/wp\/v2\/product_cat?post=1769"},{"taxonomy":"product_tag","embeddable":true,"href":"https:\/\/www.garden-kit.com\/tr\/wp-json\/wp\/v2\/product_tag?post=1769"}],"curies":[{"name":"wp","href":"https:\/\/api.w.org\/{rel}","templated":true}]}}