{"id":1778,"date":"2022-08-24T09:08:05","date_gmt":"2022-08-24T01:08:05","guid":{"rendered":"http:\/\/www.garden-kit.com\/product\/paint-plant-flower-growing-kit\/"},"modified":"2023-08-23T13:55:09","modified_gmt":"2023-08-23T05:55:09","slug":"paint-amp-plant-flower-growing-kit","status":"publish","type":"product","link":"https:\/\/www.garden-kit.com\/tr\/product\/paint-amp-plant-flower-growing-kit\/","title":{"rendered":"Boya Ve Bitki \u00c7i\u00e7ek Yeti\u015ftirme Seti"},"content":{"rendered":"<h3 style=\"line-height: 1.5;font-size: 19px\"><span style=\"font-family: arial, helvetica, sans-serif;font-size: 18px\">Genel Bak\u0131\u015f<\/span><\/h3>\n<table style=\"width: 66.4474%;height: 269px\">\n<tbody>\n<tr style=\"height: 31px\">\n<td width=\"298\" style=\"width: 49.1749%;height: 31px\">\n<p><span style=\"font-family: arial, helvetica, sans-serif\">\u00dcr\u00fcn Bak\u0131m Talimatlar\u0131<\/span><\/p>\n<\/td>\n<td width=\"298\" style=\"width: 49.1749%;height: 31px\">\n<p><span style=\"font-family: arial, helvetica, sans-serif\">Mevcut<\/span><\/p>\n<\/td>\n<\/tr>\n<tr style=\"height: 31px\">\n<td width=\"298\" style=\"width: 49.1749%;height: 31px\">\n<p><span style=\"font-family: arial, helvetica, sans-serif\">Bitki \u00dcr\u00fcn Tipi<\/span><\/p>\n<\/td>\n<td width=\"298\" style=\"width: 49.1749%;height: 31px\">\n<p><span style=\"font-family: arial, helvetica, sans-serif\">\u00c7i\u00e7ek<\/span><\/p>\n<\/td>\n<\/tr>\n<tr style=\"height: 31px\">\n<td width=\"298\" style=\"width: 49.1749%;height: 31px\">\n<p><span style=\"font-family: arial, helvetica, sans-serif\">\u00d6zel \u00f6zellik<\/span><\/p>\n<\/td>\n<td width=\"298\" style=\"width: 49.1749%;height: 31px\">\n<p><span style=\"font-family: arial, helvetica, sans-serif\">Kapal\u0131-A\u00e7\u0131k Yeti\u015ftirme<\/span><\/p>\n<\/td>\n<\/tr>\n<tr style=\"height: 31px\">\n<td width=\"298\" style=\"width: 49.1749%;height: 31px\">\n<p><span style=\"font-family: arial, helvetica, sans-serif\">Marka<\/span><\/p>\n<\/td>\n<td width=\"298\" style=\"width: 49.1749%;height: 31px\">\n<p><span style=\"font-family: arial, helvetica, sans-serif\">Bah\u00e7e Seti<\/span><\/p>\n<\/td>\n<\/tr>\n<tr style=\"height: 31px\">\n<td width=\"298\" style=\"width: 49.1749%;height: 31px\">\n<p><span style=\"font-family: arial, helvetica, sans-serif\">Anavatan<\/span><\/p>\n<\/td>\n<td width=\"298\" style=\"width: 49.1749%;height: 31px\">\n<p><span style=\"font-family: arial, helvetica, sans-serif\">Fujian, \u00c7in<\/span><\/p>\n<\/td>\n<\/tr>\n<tr style=\"height: 31px\">\n<td width=\"298\" style=\"width: 49.1749%;height: 31px\">\n<p><span style=\"font-family: arial, helvetica, sans-serif\">ODM\/OEM<\/span><\/p>\n<\/td>\n<td width=\"298\" style=\"width: 49.1749%;height: 31px\">\n<p><span style=\"font-family: arial, helvetica, sans-serif\">Mevcut<\/span><\/p>\n<\/td>\n<\/tr>\n<tr style=\"height: 31px\">\n<td width=\"298\" style=\"width: 49.1749%;height: 31px\">\n<p><span style=\"font-family: arial, helvetica, sans-serif\">\u00d6zelle\u015ftirilmi\u015f sipari\u015f i\u00e7in MOQ<\/span><\/p>\n<\/td>\n<td width=\"298\" style=\"width: 49.1749%;height: 31px\">\n<p><span style=\"font-family: arial, helvetica, sans-serif\">3000 adet<\/span><\/p>\n<\/td>\n<\/tr>\n<tr style=\"height: 52px\">\n<td width=\"298\" style=\"width: 49.1749%;height: 52px\">\n<p><span style=\"font-family: arial, helvetica, sans-serif\">\u00d6rnek maliyet<\/span><\/p>\n<\/td>\n<td width=\"298\" style=\"width: 49.1749%;height: 52px\">\n<p><span style=\"font-family: arial, helvetica, sans-serif\">US$400\/\u00d6rnek, bizden sipari\u015f verdikten sonra tam iade<\/span><\/p>\n<\/td>\n<\/tr>\n<\/tbody>\n<\/table>\n<h3 style=\"line-height: 1.5;font-size: 19px\"><span style=\"font-family: arial, helvetica, sans-serif\">Tan\u0131m <\/span><\/h3>\n<h3 style=\"font-size: 19px\"><span style=\"font-family: arial, helvetica, sans-serif\">Yarat\u0131c\u0131l\u0131k ve do\u011fay\u0131 harmanlama yolculu\u011funa ba\u015flay\u0131n! Boya Ve Bitki \u00c7i\u00e7ek Yeti\u015ftirme Seti<\/span><\/h3>\n<p><span style=\"font-family: arial, helvetica, sans-serif\">Hayat\u0131n\u0131z\u0131n yarat\u0131c\u0131l\u0131k ve do\u011fal g\u00fczelliklerle dolu oldu\u011funu hayal edin. \u015eimdi size yepyeni bir deneyim sunmak i\u00e7in ikisini birle\u015ftirdik: Boya ve Bitki \u00c7i\u00e7ek Yeti\u015ftirme Seti! Bu s\u0131radan bir ekim arac\u0131ndan daha fazlas\u0131d\u0131r; yarat\u0131c\u0131l\u0131\u011f\u0131n\u0131z\u0131n \u00e7i\u00e7eklerde \u00e7i\u00e7ek a\u00e7mas\u0131na izin vermeniz i\u00e7in bir f\u0131rsatt\u0131r.<\/span><\/p>\n<\/p>\n<h3 style=\"font-size: 19px\"><span style=\"font-family: arial, helvetica, sans-serif\">\u00dcr\u00fcn \u00d6zellikleri:<\/span><\/h3>\n<p><strong><span style=\"font-family: arial, helvetica, sans-serif\">1. Yarat\u0131c\u0131l\u0131k ve do\u011fan\u0131n birle\u015fimi:<\/span><\/strong><\/p>\n<p><span style=\"font-family: arial, helvetica, sans-serif\">Boya ve Bitki \u00c7i\u00e7ek Yeti\u015ftirme Seti, ekim ve boyamay\u0131 birle\u015ftirerek \u00e7i\u00e7eklerin a\u00e7mas\u0131n\u0131 beklerken t\u00fcr\u00fcn\u00fcn tek \u00f6rne\u011fi saks\u0131lar olu\u015fturman\u0131za olanak tan\u0131r.<\/span><\/p>\n<\/p>\n<p><span style=\"font-family: arial, helvetica, sans-serif\"><strong>2\u3001\u00c7ok \u00e7e\u015fitli \u00e7i\u00e7ekler yeti\u015ftirilebilir: <\/strong><\/span><\/p>\n<p><span style=\"font-family: arial, helvetica, sans-serif\">Tercihlerinize ve ihtiya\u00e7lar\u0131n\u0131za uygun, farkl\u0131 t\u00fcrde \u00e7i\u00e7ek tohumlar\u0131 sunuyoruz. \u0130ster rengarenk bir lale, ister saf ve zarif bir zambak olsun, bah\u00e7enizde onlara yer bulacaks\u0131n\u0131z.<\/span><\/p>\n<\/p>\n<p><strong><span style=\"font-family: arial, helvetica, sans-serif\">3. Boyama ve dekorasyon:<\/span><\/strong><\/p>\n<p><span style=\"font-family: arial, helvetica, sans-serif\">Her Boya ve Bitki \u00c7i\u00e7ek Yeti\u015ftirme Kiti, saks\u0131lar\u0131n\u0131zla yarat\u0131c\u0131 olman\u0131z\u0131 sa\u011flayan profesyonel kalitede boyama ara\u00e7lar\u0131 ve boyalarla birlikte gelir. En sevdi\u011finiz deseni, metni veya hatta k\u00fc\u00e7\u00fck bir karalamay\u0131 boyayarak her bir kab\u0131 benzersiz bir sanat eseri haline getirebilirsiniz.<\/span><\/p>\n<\/p>\n<p><span style=\"font-family: arial, helvetica, sans-serif\"><strong>4\u3001OEM \u00d6zel \u00dcretim: <\/strong><\/span><\/p>\n<p><span style=\"font-family: arial, helvetica, sans-serif\">Herkesin yarat\u0131c\u0131l\u0131k ve \u00e7i\u00e7ekler konusunda farkl\u0131 tercihleri oldu\u011funu biliyoruz, bu nedenle OEM&#039;e \u00f6zel \u00fcretim hizmetleri sunuyoruz. Boya ve Bitki \u00c7i\u00e7ek Yeti\u015ftirme Kitinizi markan\u0131za, etkinli\u011finize veya \u00f6zel ihtiya\u00e7lar\u0131n\u0131za uyacak \u015fekilde \u00f6zelle\u015ftirebilir ve yarat\u0131c\u0131l\u0131\u011f\u0131n\u0131za benzersiz damgan\u0131z\u0131 vurabilirsiniz.<\/span><\/p>\n<\/p>\n<h3 style=\"font-size: 19px\"><span style=\"font-family: arial, helvetica, sans-serif\">Boya ve Bitki \u00c7i\u00e7ek Yeti\u015ftirme Kiti nas\u0131l kullan\u0131l\u0131r:<\/span><\/h3>\n<p><span style=\"font-family: arial, helvetica, sans-serif\"><strong>1\u3001Haz\u0131rl\u0131k: <\/strong><\/span><\/p>\n<p><span style=\"font-family: arial, helvetica, sans-serif\">Paketi a\u00e7\u0131n ve saks\u0131y\u0131, tohumlar\u0131, topra\u011f\u0131 ve boyama aletlerini \u00e7\u0131kar\u0131n. Dikmek istedi\u011finiz \u00e7i\u00e7ek tohumlar\u0131n\u0131 tercihinize g\u00f6re se\u00e7ebilirsiniz.<\/span><\/p>\n<\/p>\n<p><span style=\"font-family: arial, helvetica, sans-serif\"><strong>2 \u3001 Boyama: <\/strong><\/span><\/p>\n<p><span style=\"font-family: arial, helvetica, sans-serif\">Fikirlerinizi \u00e7i\u00e7ek saks\u0131lar\u0131na boyamak i\u00e7in birlikte verilen boyama ara\u00e7lar\u0131n\u0131 ve boyalar\u0131 kullan\u0131n. \u0130ster basit bir desen, ister renkli bir karalama olsun, ki\u015fili\u011finizi ve sanatsal yetene\u011finizi g\u00f6sterebilirsiniz.<\/span><\/p>\n<\/p>\n<p><span style=\"font-family: arial, helvetica, sans-serif\"><strong>3. Dikim s\u00fcreci:<\/strong><\/span><\/p>\n<p><span style=\"font-family: arial, helvetica, sans-serif\">Saks\u0131ya toprak d\u00f6k\u00fcn ve tohumlar\u0131 ekim derinli\u011fine g\u00f6re yava\u015f\u00e7a topra\u011fa g\u00f6m\u00fcn. Uygun nem ve g\u00fcne\u015f \u0131\u015f\u0131\u011f\u0131n\u0131 koruyun ve \u00e7i\u00e7eklerin b\u00fcy\u00fcmesini sab\u0131rla bekleyin.<\/span><\/p>\n<\/p>\n<p><span style=\"font-family: arial, helvetica, sans-serif\"><strong>4\u3001Sonu\u00e7lar\u0131 takdir edin: <\/strong><\/span><\/p>\n<p><span style=\"font-family: arial, helvetica, sans-serif\">Bekleme g\u00fcnlerinde \u00e7i\u00e7eklerin b\u00fcy\u00fcmesini s\u00fcrekli g\u00f6zlemleyebilirsiniz ve her \u00e7i\u00e7ek a\u00e7mas\u0131 yarat\u0131c\u0131l\u0131\u011f\u0131n\u0131z\u0131n ve do\u011fan\u0131z\u0131n kristalle\u015fmesidir.<\/span><\/p>\n<\/p>\n<p><span style=\"font-family: arial, helvetica, sans-serif\">\u0130ster bitkileri seven bir bah\u00e7e tutkunu olun, ister yarat\u0131c\u0131l\u0131\u011f\u0131n pe\u015finde ko\u015fan bir sanat\u00e7\u0131 olun, Boya ve Bitki \u00c7i\u00e7ek Yeti\u015ftirme Seti size s\u00fcrprizlerle ve yarat\u0131c\u0131l\u0131kla dolu bir deneyim getirecek. Hayallerimizin tohumlar\u0131n\u0131 yarat\u0131c\u0131l\u0131k alan\u0131nda birlikte ekelim, yarat\u0131c\u0131l\u0131k ile do\u011fan\u0131n muhte\u015fem birle\u015fimine tan\u0131k olal\u0131m!<\/span><\/p>\n<p style=\"line-height: 1.5\"><span style=\"font-family: arial, helvetica, sans-serif\"><img decoding=\"async\" src=\"https:\/\/data.adwebcloud.com\/public\/material\/2206293ihquj\/product\/imageFile_1676287807429.jpg\" alt=\"resim 2 1 15\" title=\"\"><\/span><span style=\"font-family: arial, helvetica, sans-serif;font-size: 18px\"><\/span><\/p>","protected":false},"excerpt":{"rendered":"<p><span style=\"font-family: arial, helvetica, sans-serif\">Dan&amp;Darci \u00c7ocuklar i\u00e7in Boya ve Bitki \u00c7i\u00e7ek Yeti\u015ftirme Seti - 4, 5, 6, 7, 8-12 Ya\u015f\u0131ndaki K\u0131z ve Erkek \u00c7ocuklar i\u00e7in En \u0130yi Do\u011fum G\u00fcn\u00fc El Sanatlar\u0131 Hediyeleri K\u0131z \u00c7ocuk Bah\u00e7e Setleri, 4-12 Ya\u015f Aras\u0131 Sanat Projeleri Oyuncaklar\u0131<\/span><\/p>","protected":false},"featured_media":16195,"comment_status":"closed","ping_status":"closed","template":"","meta":[],"product_cat":[61],"product_tag":[472,413,473,474,452,334],"acf":[],"_links":{"self":[{"href":"https:\/\/www.garden-kit.com\/tr\/wp-json\/wp\/v2\/product\/1778"}],"collection":[{"href":"https:\/\/www.garden-kit.com\/tr\/wp-json\/wp\/v2\/product"}],"about":[{"href":"https:\/\/www.garden-kit.com\/tr\/wp-json\/wp\/v2\/types\/product"}],"replies":[{"embeddable":true,"href":"https:\/\/www.garden-kit.com\/tr\/wp-json\/wp\/v2\/comments?post=1778"}],"wp:featuredmedia":[{"embeddable":true,"href":"https:\/\/www.garden-kit.com\/tr\/wp-json\/wp\/v2\/media\/16195"}],"wp:attachment":[{"href":"https:\/\/www.garden-kit.com\/tr\/wp-json\/wp\/v2\/media?parent=1778"}],"wp:term":[{"taxonomy":"product_cat","embeddable":true,"href":"https:\/\/www.garden-kit.com\/tr\/wp-json\/wp\/v2\/product_cat?post=1778"},{"taxonomy":"product_tag","embeddable":true,"href":"https:\/\/www.garden-kit.com\/tr\/wp-json\/wp\/v2\/product_tag?post=1778"}],"curies":[{"name":"wp","href":"https:\/\/api.w.org\/{rel}","templated":true}]}}