{"id":1784,"date":"2022-08-24T09:08:27","date_gmt":"2022-08-24T01:08:27","guid":{"rendered":"http:\/\/www.garden-kit.com\/product\/bright-side-seed-balls\/"},"modified":"2023-04-03T11:27:16","modified_gmt":"2023-04-03T03:27:16","slug":"seed-bombs-wholesale","status":"publish","type":"product","link":"https:\/\/www.garden-kit.com\/tr\/product\/seed-bombs-wholesale\/","title":{"rendered":"Tohum Bombalar\u0131 Toptan Sat\u0131\u015f"},"content":{"rendered":"<h3 style=\"font-size: 19px\"><span style=\"font-family: arial, helvetica, sans-serif;font-size: 16px\">Genel Bak\u0131\u015f<\/span><\/h3>\n<table style=\"border-collapse: collapse;width: 100%;height: 248px\" width=\"100%\">\n<tbody>\n<tr style=\"height: 30.6875px\">\n<td style=\"height: 30.6875px\" width=\"299\"><span style=\"font-family: arial, helvetica, sans-serif;font-size: 16px\">\u00dcr\u00fcn Bak\u0131m Talimatlar\u0131<\/span><\/td>\n<td style=\"height: 30.6875px\" width=\"299\"><span style=\"font-family: arial, helvetica, sans-serif;font-size: 16px\">Mevcut<\/span><\/td>\n<\/tr>\n<tr style=\"height: 30.6875px\">\n<td style=\"height: 30.6875px\" width=\"299\"><span style=\"font-family: arial, helvetica, sans-serif;font-size: 16px\">Bitki \u00dcr\u00fcn Tipi<\/span><\/td>\n<td style=\"height: 30.6875px\" width=\"299\"><span style=\"font-family: arial, helvetica, sans-serif;font-size: 16px\">YABAN \u00c7\u0130\u00c7E\u011e\u0130<\/span><\/td>\n<\/tr>\n<tr style=\"height: 30.6875px\">\n<td style=\"height: 30.6875px\" width=\"299\"><span style=\"font-family: arial, helvetica, sans-serif;font-size: 16px\">\u00d6zel \u00f6zellik<\/span><\/td>\n<td style=\"height: 30.6875px\" width=\"299\"><span style=\"font-family: arial, helvetica, sans-serif;font-size: 16px\">Kapal\u0131-A\u00e7\u0131k Yeti\u015ftirme<\/span><\/td>\n<\/tr>\n<tr style=\"height: 30.6875px\">\n<td style=\"height: 30.6875px\" width=\"299\"><span style=\"font-family: arial, helvetica, sans-serif;font-size: 16px\">Marka<\/span><\/td>\n<td style=\"height: 30.6875px\" width=\"299\"><span style=\"font-family: arial, helvetica, sans-serif;font-size: 16px\">Bah\u00e7e Seti<\/span><\/td>\n<\/tr>\n<tr style=\"height: 30.6875px\">\n<td style=\"height: 30.6875px\" width=\"299\"><span style=\"font-family: arial, helvetica, sans-serif;font-size: 16px\">Anavatan<\/span><\/td>\n<td style=\"height: 30.6875px\" width=\"299\"><span style=\"font-family: arial, helvetica, sans-serif;font-size: 16px\">Fujian, \u00c7in<\/span><\/td>\n<\/tr>\n<tr style=\"height: 30.6875px\">\n<td style=\"height: 30.6875px\" width=\"299\"><span style=\"font-family: arial, helvetica, sans-serif;font-size: 16px\">ODM\/OEM<\/span><\/td>\n<td style=\"height: 30.6875px\" width=\"299\"><span style=\"font-family: arial, helvetica, sans-serif;font-size: 16px\">Mevcut<\/span><\/td>\n<\/tr>\n<tr style=\"height: 30.6875px\">\n<td style=\"height: 30.6875px\" width=\"299\"><span style=\"font-family: arial, helvetica, sans-serif;font-size: 16px\">\u00d6zelle\u015ftirilmi\u015f sipari\u015f i\u00e7in MOQ<\/span><\/td>\n<td style=\"height: 30.6875px\" width=\"299\"><span style=\"font-family: arial, helvetica, sans-serif;font-size: 16px\">3000 adet<\/span><\/td>\n<\/tr>\n<tr style=\"height: 33.1875px\">\n<td style=\"height: 33.1875px\" width=\"299\"><span style=\"font-family: arial, helvetica, sans-serif;font-size: 16px\">\u00d6rnek maliyet<\/span><\/td>\n<td style=\"height: 33.1875px\" width=\"299\"><span style=\"font-family: arial, helvetica, sans-serif;font-size: 16px\">US$400\/\u00d6rnek, bizden sipari\u015f verdikten sonra tam iade<\/span><\/td>\n<\/tr>\n<\/tbody>\n<\/table>\n<pre><span style=\"font-family: arial, helvetica, sans-serif;font-size: 16px\">Tan\u0131m<\/span><\/pre>\n<p style=\"line-height: 1.5\"><span style=\"font-family: arial, helvetica, sans-serif;font-size: 16px\">Bright Side Tohum Toplar\u0131 \u00c7ok kolay - k\u0131r \u00e7i\u00e7e\u011fi tohumu yeti\u015ftirme konusundaki tahminleri ortadan kald\u0131r\u0131yor ve size her ad\u0131mda rehberlik ediyoruz. K\u0131r \u00e7i\u00e7eklerinin ne\u015fesini kendinizin veya sevdiklerinizin hayat\u0131na katmak i\u00e7in ihtiyac\u0131n\u0131z olan her \u015fey g\u00fczel bir ah\u015fap hediye kutusunda. Dikin!<\/span><\/p>\n<pre><span style=\"font-family: arial, helvetica, sans-serif;font-size: 16px\">A\u015fa\u011f\u0131daki \u00f6\u011feler kit i\u00e7erisinde yer almaktad\u0131r.<\/span><\/pre>\n<p style=\"line-height: 1.5\"><span style=\"font-family: arial, helvetica, sans-serif;font-size: 16px\">5 GDO'suz Tohum Toplar\u0131<\/span><\/p>\n<p style=\"line-height: 1.5\"><span style=\"font-family: arial, helvetica, sans-serif;font-size: 16px\">Dikim Talimatlar\u0131<\/span><\/p>\n<p style=\"line-height: 1.5\"><span style=\"font-family: arial, helvetica, sans-serif;font-size: 16px\">\u00d6zelle\u015ftirilmi\u015f \u00fc\u00e7gen hediye kutusu<\/span><\/p>\n<p style=\"line-height: 1.5\"><span style=\"font-family: arial, helvetica, sans-serif;font-size: 16px\">Brightside Tohum Toplar\u0131 \u00c7\u00f6kmekte olan tohum topu \"tr\u00fcfleri\" ile ekim sevincini kutlay\u0131n (yemek i\u00e7in de\u011fil, ekim i\u00e7in)! Basit\u00e7e ekin, sulay\u0131n ve b\u00fcy\u00fct\u00fcn.<\/span><\/p>\n<p style=\"line-height: 1.5\"><span style=\"font-family: arial, helvetica, sans-serif;font-size: 16px\">GDO'suz tohumlar, kil ve solucan d\u00f6k\u00fcm\u00fcnden olu\u015fan 5 tohum topu i\u00e7erir.<\/span><\/p>\n<p style=\"line-height: 1.5\"><span style=\"font-family: arial, helvetica, sans-serif;font-size: 16px\">Growing Love Tohum Toplar\u0131, g\u00fczel \u00e7i\u00e7ekler \u00fcreten ve hayati \u00f6nem ta\u015f\u0131yan tozlay\u0131c\u0131lar i\u00e7in habitat sa\u011flayan, istilac\u0131 olmayan \u00e7e\u015fitli k\u0131r \u00e7i\u00e7e\u011fi tohumlar\u0131 i\u00e7erir.<\/span><\/p>\n<p style=\"line-height: 1.5\"><span style=\"font-family: arial, helvetica, sans-serif;font-size: 16px\">5,5 \u2033 G x 1,5 \u2033 Y x 1,5D<\/span><\/p>\n<p style=\"line-height: 1.5\"><span style=\"font-family: arial, helvetica, sans-serif;font-size: 16px\">Grow Love Tohum Topu Kar\u0131\u015f\u0131m\u0131: Zinnia, Primrose, Poppy, Black Eyed Susan, Cosmo<\/span><\/p>\n<p style=\"line-height: 1.5\"><span style=\"font-family: arial, helvetica, sans-serif;font-size: 16px\">plastik yok<\/span><\/p>\n<p style=\"line-height: 1.5\"><span style=\"font-family: arial, helvetica, sans-serif;font-size: 16px\"><\/span><\/p>\n<p>Bright Side Tohum Toplar\u0131, ekim sevincini \u00e7\u00f6kmekte olan tohum topu \"truffles\" (yemek i\u00e7in de\u011fil, ekim i\u00e7in) ile kutluyor! Basit\u00e7e ekin, sulay\u0131n ve b\u00fcy\u00fct\u00fcn. \u0130\u00e7indekiler: GDO'suz tohumlar, kil ve solucan d\u00f6k\u00fcm\u00fcnden olu\u015fan 5 tohum topu.<\/p>\n<p>Grow Comfort tohum toplar\u0131, bah\u00e7eden sofraya ev yemekleri i\u00e7in \u00e7e\u015fitli mutfak bitkileri i\u00e7erir.<\/p>\n<p>5 Tohum Topu i\u00e7erir<\/p>\n<\/p>\n<p style=\"list-style-type: none\">Basit bah\u00e7e \u00e7\u00f6z\u00fcmleriyle do\u011fal d\u00fcnyayla ba\u011flant\u0131 kurun.<br \/>Bu \u00e7\u00f6kmekte olan tohum topu \"tr\u00fcfleri\" ile ne\u015fe ekin (yemek i\u00e7in de\u011fil, dikmek i\u00e7in!). Yeni ve hediyelik olan her kutuda, mevsimin ruhunu yans\u0131tan be\u015f farkl\u0131 tohum topu bulunmaktad\u0131r. Grow Peace tohum toplar\u0131, iyile\u015ftirici \u00f6zellikleriyle bilinen bitkisel bitki tohumlar\u0131ndan bir se\u00e7ki sunuyor.<\/p><\/p>","protected":false},"excerpt":{"rendered":"<p>\u00fcr\u00fcn kategorisi Tohum Ba\u015flat\u0131c\u0131, Parlak Taraf Tohum Toplar\u0131, \u00e7\u00f6kmekte olan tohum topu &quot;yermantarlar\u0131&quot; (ekim i\u00e7in, yemek i\u00e7in de\u011fil) ile ekim sevincini kutluyor! Sadece ekin, sulay\u0131n ve b\u00fcy\u00fct\u00fcn.<\/p>","protected":false},"featured_media":13291,"comment_status":"open","ping_status":"closed","template":"","meta":[],"product_cat":[67],"product_tag":[604,68,510,607,594,605,608,606,600],"acf":[],"_links":{"self":[{"href":"https:\/\/www.garden-kit.com\/tr\/wp-json\/wp\/v2\/product\/1784"}],"collection":[{"href":"https:\/\/www.garden-kit.com\/tr\/wp-json\/wp\/v2\/product"}],"about":[{"href":"https:\/\/www.garden-kit.com\/tr\/wp-json\/wp\/v2\/types\/product"}],"replies":[{"embeddable":true,"href":"https:\/\/www.garden-kit.com\/tr\/wp-json\/wp\/v2\/comments?post=1784"}],"wp:featuredmedia":[{"embeddable":true,"href":"https:\/\/www.garden-kit.com\/tr\/wp-json\/wp\/v2\/media\/13291"}],"wp:attachment":[{"href":"https:\/\/www.garden-kit.com\/tr\/wp-json\/wp\/v2\/media?parent=1784"}],"wp:term":[{"taxonomy":"product_cat","embeddable":true,"href":"https:\/\/www.garden-kit.com\/tr\/wp-json\/wp\/v2\/product_cat?post=1784"},{"taxonomy":"product_tag","embeddable":true,"href":"https:\/\/www.garden-kit.com\/tr\/wp-json\/wp\/v2\/product_tag?post=1784"}],"curies":[{"name":"wp","href":"https:\/\/api.w.org\/{rel}","templated":true}]}}