{"id":1791,"date":"2022-08-24T09:08:47","date_gmt":"2022-08-24T01:08:47","guid":{"rendered":"http:\/\/www.garden-kit.com\/product\/paint-flower-growing-kit\/"},"modified":"2023-03-31T16:37:35","modified_gmt":"2023-03-31T08:37:35","slug":"paint-flower-growing-kit","status":"publish","type":"product","link":"https:\/\/www.garden-kit.com\/tr\/product\/paint-flower-growing-kit\/","title":{"rendered":"Boya \u00c7i\u00e7ek Yeti\u015ftirme Seti"},"content":{"rendered":"<h3 style=\"font-size: 19px\"><span style=\"font-family: arial, helvetica, sans-serif;font-size: 16px\"><span style=\"font-size: 18px\">Boya ve bitki \u00e7i\u00e7ek yeti\u015ftirme seti<\/span><\/span><\/h3>\n<h3 style=\"font-size: 19px\"><span style=\"font-family: arial, helvetica, sans-serif;font-size: 16px\">Genel Bak\u0131\u015f<\/span><\/h3>\n<table style=\"border-collapse: collapse;width: 100%;height: 100px\">\n<tbody>\n<tr>\n<td width=\"298\">\n<pre><span style=\"font-family: arial, helvetica, sans-serif;font-size: 16px\">\u00dcr\u00fcn Bak\u0131m Talimatlar\u0131<\/span><\/pre>\n<\/td>\n<td width=\"298\">\n<pre><span style=\"font-family: arial, helvetica, sans-serif;font-size: 16px\">Mevcut<\/span><\/pre>\n<\/td>\n<\/tr>\n<tr>\n<td width=\"298\">\n<pre><span style=\"font-family: arial, helvetica, sans-serif;font-size: 16px\">Bitki \u00dcr\u00fcn Tipi<\/span><\/pre>\n<\/td>\n<td width=\"298\">\n<pre><span style=\"font-family: arial, helvetica, sans-serif;font-size: 16px\">\u00c7i\u00e7ek<\/span><\/pre>\n<\/td>\n<\/tr>\n<tr>\n<td width=\"298\">\n<pre><span style=\"font-family: arial, helvetica, sans-serif;font-size: 16px\">\u00d6zel \u00f6zellik<\/span><\/pre>\n<\/td>\n<td width=\"298\">\n<pre><span style=\"font-family: arial, helvetica, sans-serif;font-size: 16px\">Kapal\u0131-A\u00e7\u0131k Yeti\u015ftirme<\/span><\/pre>\n<\/td>\n<\/tr>\n<tr>\n<td width=\"298\">\n<pre><span style=\"font-family: arial, helvetica, sans-serif;font-size: 16px\">Marka<\/span><\/pre>\n<\/td>\n<td width=\"298\">\n<pre><span style=\"font-family: arial, helvetica, sans-serif;font-size: 16px\">Bah\u00e7e Seti<\/span><\/pre>\n<\/td>\n<\/tr>\n<tr>\n<td width=\"298\">\n<pre><span style=\"font-family: arial, helvetica, sans-serif;font-size: 16px\">Anavatan<\/span><\/pre>\n<\/td>\n<td width=\"298\">\n<pre><span style=\"font-family: arial, helvetica, sans-serif;font-size: 16px\">Fujian, \u00c7in<\/span><\/pre>\n<\/td>\n<\/tr>\n<tr>\n<td width=\"298\">\n<pre><span style=\"font-family: arial, helvetica, sans-serif;font-size: 16px\">ODM\/OEM<\/span><\/pre>\n<\/td>\n<td width=\"298\">\n<pre><span style=\"font-family: arial, helvetica, sans-serif;font-size: 16px\">Mevcut<\/span><\/pre>\n<\/td>\n<\/tr>\n<tr>\n<td width=\"298\">\n<pre><span style=\"font-family: arial, helvetica, sans-serif;font-size: 16px\">\u00d6zelle\u015ftirilmi\u015f sipari\u015f i\u00e7in MOQ<\/span><\/pre>\n<\/td>\n<td width=\"298\">\n<pre><span style=\"font-family: arial, helvetica, sans-serif;font-size: 16px\">3000 adet<\/span><\/pre>\n<\/td>\n<\/tr>\n<tr>\n<td width=\"298\">\n<pre><span style=\"font-family: arial, helvetica, sans-serif;font-size: 16px\">\u00d6rnek maliyet<\/span><\/pre>\n<\/td>\n<td width=\"298\">\n<pre><span style=\"font-family: arial, helvetica, sans-serif;font-size: 16px\">US$400\/\u00d6rnek, bizden sipari\u015f verdikten sonra tam iade<\/span><\/pre>\n<\/td>\n<\/tr>\n<\/tbody>\n<\/table>\n<p><span style=\"font-family: arial, helvetica, sans-serif;font-size: 16px\">Haz\u0131rlanan 28 Par\u00e7a \u00c7ocuk Boya ve B\u00fcy\u00fctme \u00c7i\u00e7ek Bah\u00e7esi Seti: \u00c7ocuklar\u0131n\u0131z\u0131n \u00e7i\u00e7ek yeti\u015ftirme keyfini sizin veya sevdiklerinizin hayat\u0131na ta\u015f\u0131mak i\u00e7in ihtiya\u00e7 duydu\u011fu her \u015fey. \u00c7ok basit; tohumdan \u00e7i\u00e7ek yeti\u015ftirme konusundaki tahminlerimiz size yolun her ad\u0131m\u0131nda rehberlik ediyor. Dik!<\/span><\/p>\n<h3 style=\"line-height: 1.5;font-size: 19px\"><span style=\"font-family: arial, helvetica, sans-serif;font-size: 16px\"><br \/><strong>A\u015fa\u011f\u0131daki \u00f6\u011feler kit i\u00e7erisinde yer almaktad\u0131r.<\/strong><\/span><\/h3>\n<p style=\"line-height: 1.5\"><span style=\"font-family: arial, helvetica, sans-serif;font-size: 16px\">3 adet tepsili ekilebilir saks\u0131 <\/span><\/p>\n<p style=\"line-height: 1.5\"><span style=\"font-family: arial, helvetica, sans-serif;font-size: 16px\">3 torba tohum <\/span><\/p>\n<p style=\"line-height: 1.5\"><span style=\"font-family: arial, helvetica, sans-serif;font-size: 16px\">3 toprak diski <\/span><\/p>\n<p style=\"line-height: 1.5\"><span style=\"font-family: arial, helvetica, sans-serif;font-size: 16px\">3 bitki etiketi <\/span><\/p>\n<p style=\"line-height: 1.5\"><span style=\"font-family: arial, helvetica, sans-serif;font-size: 16px\">3 Aktar\u0131m \u00e7\u0131kartmalar\u0131 <\/span><\/p>\n<p style=\"line-height: 1.5\"><span style=\"font-family: arial, helvetica, sans-serif;font-size: 16px\">6 boya <\/span><\/p>\n<p style=\"line-height: 1.5\"><span style=\"font-family: arial, helvetica, sans-serif;font-size: 16px\">2 boya f\u0131r\u00e7as\u0131 <\/span><\/p>\n<p style=\"line-height: 1.5\"><span style=\"font-family: arial, helvetica, sans-serif;font-size: 16px\">1 boya paleti <\/span><\/p>\n<p style=\"line-height: 1.5\"><span style=\"font-family: arial, helvetica, sans-serif;font-size: 16px\">1 k\u00fcrek <\/span><\/p>\n<p style=\"line-height: 1.5\"><span style=\"font-family: arial, helvetica, sans-serif;font-size: 16px\">1 sulama \u015fi\u015fesi <\/span><\/p>\n<p style=\"line-height: 1.5\"><span style=\"font-family: arial, helvetica, sans-serif;font-size: 16px\">1 Ad\u0131m ad\u0131m ekim k\u0131lavuzu <\/span><\/p>\n<p style=\"line-height: 1.5\"><span style=\"font-family: arial, helvetica, sans-serif;font-size: 16px\">1 adet \u00f6zelle\u015ftirilmi\u015f hediye kutusu <\/span><\/p>\n<p><span style=\"font-family: arial, helvetica, sans-serif;font-size: 16px\"><\/span><\/p>\n<p>Bah\u00e7e Seti <a class=\"wpil_keyword_link\" href=\"https:\/\/www.garden-kit.com\/tr\/product\/paint-and-plant-flower-growing-kits\/\"   title=\"Boya ve Bitki \u00c7i\u00e7ek Yeti\u015ftirme Seti\" data-wpil-keyword-link=\"linked\">Boya ve Bitki \u00c7i\u00e7ek Yeti\u015ftirme Seti<\/a>: 8-12 ya\u015f Bah\u00e7e Seti \u00c7i\u00e7ek Yeti\u015ftirme Kitimiz ihtiyac\u0131n\u0131z olan her \u015feyle birlikte gelir. 3 kap, 6 renk boya, 3 transfer \u00e7\u0131kartmas\u0131 (siyah, renkli ve GID), sprey, 2 boya f\u0131r\u00e7as\u0131, 3 etiket, talimatlar ve daha fazlas\u0131.<\/p>\n<\/p>\n<p>Kendi bah\u00e7enizi boyay\u0131n ve b\u00fcy\u00fct\u00fcn: Parlak renkleri sever misiniz? Yarat\u0131c\u0131 olmay\u0131 sever misiniz? O halde bu sanat ve el i\u015fi setini al\u0131n! Kendi kendini boyamak \u00e7ok e\u011flenceli bir k\u0131s\u0131md\u0131r. Bah\u00e7enizi dikmek ve \u00e7i\u00e7ek a\u00e7t\u0131\u011f\u0131n\u0131 g\u00f6rmek daha da heyecan verici olacak!<\/p>\n<\/p>\n<p>Her ya\u015fa y\u00f6nelik e\u011fitici aktiviteler: 4-6 ya\u015f aras\u0131 \u00e7ocuklar i\u00e7in onlar\u0131 saatlerce me\u015fgul edecek harika bir sanat ve el i\u015fi aktivitesidir. \u00c7ocuklara yarat\u0131c\u0131l\u0131k kazand\u0131r\u0131r. E\u015fsiz saks\u0131lar\u0131n \u00fczerini boyayabilir ve \u00e7i\u00e7eklerin g\u00fcn ge\u00e7tik\u00e7e b\u00fcy\u00fcmesini izleyebilirler. \u00c7ocuklar\u0131 elektronikten uzak tutman\u0131n harika bir yolu. Ayn\u0131 zamanda e\u011flenceli ve e\u011fitici.<\/p>\n<\/p>\n<p>\u00c7ocuklar i\u00e7in zarif sanat ve el i\u015fi hediyeleri: 10-12 ya\u015f aras\u0131 k\u0131zlara y\u00f6nelik bu el i\u015fi basit g\u00f6r\u00fcn\u00fcyor ama kullan\u0131m\u0131 \u00e7ok e\u011flenceli. \u00c7ocuklar\u0131n\u0131zla e\u011flenin, birlikte kaliteli zaman ge\u00e7irin ve harika aile aktiviteleri yap\u0131n. \u00c7ocuklara y\u00f6nelik bu Kendin Yap sanat ve el sanatlar\u0131 ayn\u0131 zamanda Noel, Paskalya ve \u00e7ocuk do\u011fum g\u00fcn\u00fc hediyeleri i\u00e7in de harika bir tatil hediyesidir.<\/p>\n<\/p>\n<p>100% Memnuniyeti: T\u00fcm bah\u00e7e seti \u00fcr\u00fcnleri 100% memnuniyeti sunar. Bu bah\u00e7e kitlerinin toptan sat\u0131\u015f\u0131yla ilgileniyorsan\u0131z, l\u00fctfen bizimle ileti\u015fime ge\u00e7mekten \u00e7ekinmeyin. Sizlere en iyi hizmeti verece\u011fimizden emin olabilirsiniz.<\/p><\/p>","protected":false},"excerpt":{"rendered":"<p>Bah\u00e7e Seti Boya ve Bitki \u00c7i\u00e7ek Yeti\u015ftirme Seti \u2013 4-8 Ya\u015f\u0131ndaki \u00c7ocuklar i\u00e7in Sanat ve El Sanatlar\u0131 \u2013 K\u0131zlar i\u00e7in \u00c7ocuk Bah\u00e7e Seti \u2013 6 Ya\u015f\u0131ndaki K\u0131z \u00c7ocuklara Hediyeler, STEM Bilim Projesi, Hercai Menek\u015fe Petunya ve Kadife \u00c7i\u00e7e\u011fi Yeti\u015ftirme<\/p>","protected":false},"featured_media":13153,"comment_status":"closed","ping_status":"closed","template":"","meta":[],"product_cat":[61],"product_tag":[415,413,334,332,69,414],"acf":[],"_links":{"self":[{"href":"https:\/\/www.garden-kit.com\/tr\/wp-json\/wp\/v2\/product\/1791"}],"collection":[{"href":"https:\/\/www.garden-kit.com\/tr\/wp-json\/wp\/v2\/product"}],"about":[{"href":"https:\/\/www.garden-kit.com\/tr\/wp-json\/wp\/v2\/types\/product"}],"replies":[{"embeddable":true,"href":"https:\/\/www.garden-kit.com\/tr\/wp-json\/wp\/v2\/comments?post=1791"}],"wp:featuredmedia":[{"embeddable":true,"href":"https:\/\/www.garden-kit.com\/tr\/wp-json\/wp\/v2\/media\/13153"}],"wp:attachment":[{"href":"https:\/\/www.garden-kit.com\/tr\/wp-json\/wp\/v2\/media?parent=1791"}],"wp:term":[{"taxonomy":"product_cat","embeddable":true,"href":"https:\/\/www.garden-kit.com\/tr\/wp-json\/wp\/v2\/product_cat?post=1791"},{"taxonomy":"product_tag","embeddable":true,"href":"https:\/\/www.garden-kit.com\/tr\/wp-json\/wp\/v2\/product_tag?post=1791"}],"curies":[{"name":"wp","href":"https:\/\/api.w.org\/{rel}","templated":true}]}}