{"id":1797,"date":"2022-08-24T09:09:06","date_gmt":"2022-08-24T01:09:06","guid":{"rendered":"http:\/\/www.garden-kit.com\/product\/seed-ball-kits\/"},"modified":"2023-04-03T11:25:54","modified_gmt":"2023-04-03T03:25:54","slug":"seed-ball-kits","status":"publish","type":"product","link":"https:\/\/www.garden-kit.com\/tr\/product\/seed-ball-kits\/","title":{"rendered":"Tohum Topu Kitleri"},"content":{"rendered":"<h3 style=\"font-size: 19px\"><strong><span style=\"font-family: arial, helvetica, sans-serif;font-size: 18px\">Genel Bak\u0131\u015f<\/span><\/strong><\/h3>\n<table width=\"597\" style=\"height: 278px\">\n<tbody>\n<tr style=\"height: 32px\">\n<td width=\"299\" style=\"width: 299px;border-color: #169179;border-style: hidden;height: 32px\">\n<p style=\"font-size: 16px\"><span style=\"font-family: arial, helvetica, sans-serif;font-size: 16px\">\u00dcr\u00fcn Bak\u0131m Talimatlar\u0131<\/span><\/p>\n<\/td>\n<td width=\"299\" style=\"height: 32px\">\n<p style=\"font-size: 16px\"><span style=\"font-family: arial, helvetica, sans-serif;font-size: 16px\">Mevcut<\/span><\/p>\n<\/td>\n<\/tr>\n<tr style=\"height: 32px\">\n<td width=\"299\" style=\"height: 32px\">\n<p style=\"font-size: 16px\"><span style=\"font-family: arial, helvetica, sans-serif;font-size: 16px\">Bitki \u00dcr\u00fcn Tipi<\/span><\/p>\n<\/td>\n<td width=\"299\" style=\"height: 32px\">\n<p style=\"font-size: 16px\"><span style=\"font-family: arial, helvetica, sans-serif;font-size: 16px\">Domates ve otlar<\/span><\/p>\n<\/td>\n<\/tr>\n<tr style=\"height: 32px\">\n<td width=\"299\" style=\"height: 32px\">\n<p style=\"font-size: 16px\"><span style=\"font-family: arial, helvetica, sans-serif;font-size: 16px\">\u00d6zel \u00f6zellik<\/span><\/p>\n<\/td>\n<td width=\"299\" style=\"height: 32px\">\n<p style=\"font-size: 16px\"><span style=\"font-family: arial, helvetica, sans-serif;font-size: 16px\">Kapal\u0131-A\u00e7\u0131k Yeti\u015ftirme<\/span><\/p>\n<\/td>\n<\/tr>\n<tr style=\"height: 32px\">\n<td width=\"299\" style=\"height: 32px\">\n<p style=\"font-size: 16px\"><span style=\"font-family: arial, helvetica, sans-serif;font-size: 16px\">Marka<\/span><\/p>\n<\/td>\n<td width=\"299\" style=\"height: 32px\">\n<p style=\"font-size: 16px\"><span style=\"font-family: arial, helvetica, sans-serif;font-size: 16px\">Bah\u00e7e Seti<\/span><\/p>\n<\/td>\n<\/tr>\n<tr style=\"height: 32px\">\n<td width=\"299\" style=\"height: 32px\">\n<p style=\"font-size: 16px\"><span style=\"font-family: arial, helvetica, sans-serif;font-size: 16px\">Anavatan<\/span><\/p>\n<\/td>\n<td width=\"299\" style=\"height: 32px\">\n<p style=\"font-size: 16px\"><span style=\"font-family: arial, helvetica, sans-serif;font-size: 16px\">Fujian, \u00c7in<\/span><\/p>\n<\/td>\n<\/tr>\n<tr style=\"height: 32px\">\n<td width=\"299\" style=\"height: 32px\">\n<p style=\"font-size: 16px\"><span style=\"font-family: arial, helvetica, sans-serif;font-size: 16px\">ODM\/OEM<\/span><\/p>\n<\/td>\n<td width=\"299\" style=\"height: 32px\">\n<p style=\"font-size: 16px\"><span style=\"font-family: arial, helvetica, sans-serif;font-size: 16px\">Mevcut<\/span><\/p>\n<\/td>\n<\/tr>\n<tr style=\"height: 32px\">\n<td width=\"299\" style=\"height: 32px\">\n<p style=\"font-size: 16px\"><span style=\"font-family: arial, helvetica, sans-serif;font-size: 16px\">\u00d6zelle\u015ftirilmi\u015f sipari\u015f i\u00e7in MOQ<\/span><\/p>\n<\/td>\n<td width=\"299\" style=\"height: 32px\">\n<p style=\"font-size: 16px\"><span style=\"font-family: arial, helvetica, sans-serif;font-size: 16px\">3000 adet<\/span><\/p>\n<\/td>\n<\/tr>\n<tr style=\"height: 54px\">\n<td width=\"299\" style=\"height: 54px\">\n<p style=\"font-size: 16px\"><span style=\"font-family: arial, helvetica, sans-serif;font-size: 16px\">\u00d6rnek maliyet<\/span><\/p>\n<\/td>\n<td width=\"299\" style=\"height: 54px\">\n<p style=\"font-size: 16px\"><span style=\"font-family: arial, helvetica, sans-serif;font-size: 16px\">US$400\/\u00d6rnek, bizden sipari\u015f verdikten sonra tam iade<\/span><\/p>\n<\/td>\n<\/tr>\n<\/tbody>\n<\/table>\n<p style=\"font-size: 16px;text-align: center\"><span style=\"font-family: arial, helvetica, sans-serif;font-size: 18px\">&nbsp; <img decoding=\"async\" src=\"https:\/\/data.adwebcloud.com\/public\/material\/2206293ihquj\/product\/xwnrgrmito_1661257235889.jpg\" alt=\"\u00f6rnek\" width=\"400\" title=\"\"> <img decoding=\"async\" src=\"https:\/\/data.adwebcloud.com\/public\/material\/2206293ihquj\/product\/rm91ge46hx_1661257237615.jpg\" alt=\"\u00f6rnek\" width=\"400\" title=\"\">&nbsp;<\/span><\/p>\n<p><span style=\"font-size: 16px;font-family: arial, helvetica, sans-serif\">Tohum Topu Kitleri: \u00c7ok kolay - Domates ve bitki tohumu yeti\u015ftirme konusundaki tahminleri ortadan kald\u0131r\u0131yor, her ad\u0131mda size rehberlik ediyoruz. Domates ve bitkilerin keyfini sizin veya sevdiklerinizin hayat\u0131na getirmek i\u00e7in ihtiyac\u0131n\u0131z olan her \u015fey g\u00fczel bir hediye kutusunda. Dikin!<\/span><\/p>\n<p><span style=\"font-size: 16px;font-family: arial, helvetica, sans-serif\">A\u015fa\u011f\u0131daki \u00f6\u011feler kit i\u00e7erisinde yer almaktad\u0131r.<\/span><\/p>\n<p><span style=\"font-size: 16px;font-family: arial, helvetica, sans-serif\">Pizza Bah\u00e7esi Tohum Topu Kiti: Biyolojik olarak par\u00e7alanabilen bir torba i\u00e7inde kil ve solucan d\u00f6k\u00fcmleri, organik kenovis fesle\u011feni, organik kiraz domates, organik roka ve organik Yunan kekik tohumlar\u0131, bah\u00e7e k\u0131lavuzu cetveli ve ekim talimatlar\u0131. 20 adede kadar tohum topu.<\/span><\/p>\n<p><span style=\"font-size: 16px;font-family: arial, helvetica, sans-serif\">Pizza Kesici: Paslanmaz \u00c7elik B\u0131\u00e7ak, Koruyucu B\u0131\u00e7ak Kapa\u011f\u0131, Bula\u015f\u0131k Makinesinde Y\u0131kanabilir<\/span><\/p>\n<p><span style=\"font-size: 16px;font-family: arial, helvetica, sans-serif\">Bah\u00e7e Etiketi: Bambu<\/span><\/p>\n<p><span style=\"font-size: 16px;font-family: arial, helvetica, sans-serif\">Ailenizin \u0130talyan esintili verimli bir bah\u00e7ede pizza gecesi i\u00e7in t\u00fcm malzemeleri yeti\u015ftirmeye ba\u015flamas\u0131n\u0131 sa\u011flayacak renkli bir koleksiyon.<\/span><\/p>\n<p><span style=\"font-size: 16px;font-family: arial, helvetica, sans-serif\">Pizza Bah\u00e7esi Tohum Topu Kiti: Besin de\u011feri y\u00fcksek 20 tohum topu yapmak i\u00e7in ihtiyac\u0131n\u0131z olan temel malzemeler ve g\u00fczel bir bah\u00e7eye ba\u015flamak i\u00e7in ekim talimatlar\u0131. Organik fesle\u011fen, roka, \u00e7eri domates ve kekik tohumlar\u0131 i\u00e7erir.<\/span><\/p>\n<p><span style=\"font-size: 16px;font-family: arial, helvetica, sans-serif\">Pizza Kesici: Pizza ve yass\u0131 ekmekleri kolayca kesmek i\u00e7in kullan\u0131m\u0131 kolay sapl\u0131 ergonomik mutfak aleti.<\/span><\/p>\n<p><span style=\"font-size: 16px;font-family: arial, helvetica, sans-serif\">Bah\u00e7e \u0130\u015faretleyicileri: \u0130talyan bah\u00e7eniz i\u00e7in d\u00f6rt adet bambu bitki i\u015faret\u00e7isi.<\/span><\/p>\n<p><span style=\"font-size: 16px;font-family: arial, helvetica, sans-serif\">Kutu Kiti: 12,125\u2033G x 9,25\u2033Y x 6\u2033D<\/span><\/p>\n<p><span style=\"font-size: 16px;font-family: arial, helvetica, sans-serif\">Pizza Bah\u00e7esi Tohum Topu Seti: 6\u2033G x 4\u2033Y x 8\u2033D<\/span><\/p>\n<p><span style=\"font-size: 16px;font-family: arial, helvetica, sans-serif\">Pizza Kesici: 4\u2033 x 3,7\u2033<\/span><\/p>\n<p><span style=\"font-size: 16px;font-family: arial, helvetica, sans-serif\">Bah\u00e7e kalemi: 2,3&quot; x 4&quot;<\/span><\/p>\n<p><span style=\"font-size: 18px;font-family: arial, helvetica, sans-serif\"><\/span><\/p>\n<h3 style=\"font-size: 19px\"><span style=\"font-family: arial, helvetica, sans-serif\"><span style=\"font-size: 18px\">Neden Pizza Bah\u00e7esi Tohum Topu Kiti olarak adland\u0131r\u0131l\u0131yor?<\/span><span style=\"font-size: 18px\"><\/span><\/span><\/h3>\n<p><span style=\"font-size: 16px;font-family: arial, helvetica, sans-serif\">Sa\u011flad\u0131\u011f\u0131m\u0131z tohumlar, pizza sosu yaparken kulland\u0131\u011f\u0131m\u0131z ana yiyecekler ve malzemeler olan domates ve otlard\u0131r. Pizza sosu basit bir ev yap\u0131m\u0131 sostur, ana malzemeleri domates, so\u011fan, sar\u0131msak, domates sosu, otlar, karabiberdir. Pizza sosunun tad\u0131 \u00e7ok basit oldu\u011fu ve herhangi bir \u00f6zel lezzeti \u00f6ne \u00e7\u0131karmad\u0131\u011f\u0131 i\u00e7in daha geni\u015f bir yelpazede kullan\u0131labilir. \u00d6rne\u011fin pizza yaparken domates sal\u00e7as\u0131 olarak eklenebilir.<\/span><\/p>\n<p><span style=\"font-size: 16px;font-family: arial, helvetica, sans-serif\">Domates meyvesi besin a\u00e7\u0131s\u0131ndan zengindir ve \u00f6zel bir lezzete sahiptir. \u0130\u00e7erdi\u011fi \"tomatosin\" bakterileri engelleme etkisine sahiptir; i\u00e7erdi\u011fi malik asit, sitrik asit ve \u015feker sindirime yard\u0131mc\u0131 olma i\u015flevine sahiptir. Vanilya, bir baharat olarak kokuyu art\u0131rabilir; ayr\u0131ca sebze ve meyve olarak do\u011frudan yenebilir ve do\u011fal bir koruyucu olarak yiyeceklere eklenebilir.<\/span><\/p>\n<p><span style=\"font-size: 16px;font-family: arial, helvetica, sans-serif\">Art\u0131k tohum topu kitimizle her ikisini de elde edebilece\u011finize g\u00f6re, kendi favori pizza sosunuzu yeti\u015ftirmek daha tatmin edici olmaz m\u0131yd\u0131?<\/span><\/p>\n<pre><span style=\"font-family: arial, helvetica, sans-serif;font-size: 18px\">&nbsp;<\/span><\/pre>\n<h3 style=\"font-size: 19px\"><span style=\"font-family: arial, helvetica, sans-serif;font-size: 18px\">Tohum Topu Kitlerimizin Ekimi i\u00e7in Yap\u0131lmas\u0131 ve Yap\u0131lmamas\u0131 Gerekenler<\/span><\/h3>\n<p><span style=\"font-family: arial, helvetica, sans-serif;font-size: 16px\">Tohum topu kitlerimizi kullan\u0131rken yeti\u015ftirme s\u00fcrecinde dikkatli g\u00f6zlem ve sab\u0131r gereklidir, sonu\u00e7ta toplaman\u0131z i\u00e7in tohumdan meyveye kadar b\u00fcy\u00fcmelerine ihtiyac\u0131n\u0131z vard\u0131r. Bu y\u00fczden yeti\u015ftirme s\u00fcrecinde a\u015fa\u011f\u0131daki noktalara dikkat etmelisiniz:<\/span><\/p>\n<p><span style=\"font-size: 16px\"><strong><span style=\"font-family: arial, helvetica, sans-serif\">1. Su ve g\u00fcbre y\u00f6netimi<\/span><\/strong><\/span><br \/><span style=\"font-family: arial, helvetica, sans-serif;font-size: 16px\">\u0130ster domates ister bitki olsun, \u00e7ok fazla g\u00fcbreye ihtiya\u00e7 duymazlar. B\u00fcy\u00fcmenin erken ve orta a\u015famalar\u0131nda, daha fazla su gereksinimleri vard\u0131r ve saks\u0131 bitkilerinin her 3 g\u00fcnde bir sulanmas\u0131 gerekir. Daha fazla suya ihtiya\u00e7 duyarlar ve zaman\u0131nda sulanmal\u0131d\u0131rlar. Ancak ya\u011fmur mevsimi boyunca drenaja dikkat edin.<\/span><\/p>\n<p><span style=\"font-size: 16px\"><strong><span style=\"font-family: arial, helvetica, sans-serif\">2. Ha\u015fere kontrol\u00fc<\/span><\/strong><\/span><br \/><span style=\"font-family: arial, helvetica, sans-serif;font-size: 16px\">Bunlar\u0131n hepsi diyetle ilgilidir. En iyisi herhangi bir b\u00f6cek ilac\u0131 kullanmamakt\u0131r. Zararl\u0131lar ve hastal\u0131klar bulunursa, m\u00fcmk\u00fcn olan en k\u0131sa s\u00fcrede bunlarla m\u00fccadele edilmelidir. G\u00fc\u00e7l\u00fc fideler yeti\u015ftirmek, g\u00fcbre uygulamas\u0131n\u0131 art\u0131rmak, bitki b\u00fcy\u00fcmesini ve sa\u011flaml\u0131\u011f\u0131n\u0131 te\u015fvik etmek ve hastal\u0131k direncini art\u0131rmak i\u00e7in bilimsel y\u00f6netim gereklidir.<\/span><\/p>\n<pre><\/pre><\/p>","protected":false},"excerpt":{"rendered":"<p>Tohum Topu Kitleri: \u00c7ok kolay; Domates ve bitki tohumlar\u0131 yeti\u015ftirme konusunda tahminleri ortadan kald\u0131rarak size yolun her ad\u0131m\u0131nda rehberlik ediyoruz. Domates ve \u015fifal\u0131 otlar\u0131n keyfini sizin veya sevdiklerinizin hayat\u0131na ta\u015f\u0131mak i\u00e7in ihtiyac\u0131n\u0131z olan her \u015fey g\u00fczel bir hediye kutusunda. Dik!<\/p>","protected":false},"featured_media":13286,"comment_status":"open","ping_status":"closed","template":"","meta":[],"product_cat":[67],"product_tag":[598,593,70,594,595,596],"acf":[],"_links":{"self":[{"href":"https:\/\/www.garden-kit.com\/tr\/wp-json\/wp\/v2\/product\/1797"}],"collection":[{"href":"https:\/\/www.garden-kit.com\/tr\/wp-json\/wp\/v2\/product"}],"about":[{"href":"https:\/\/www.garden-kit.com\/tr\/wp-json\/wp\/v2\/types\/product"}],"replies":[{"embeddable":true,"href":"https:\/\/www.garden-kit.com\/tr\/wp-json\/wp\/v2\/comments?post=1797"}],"wp:featuredmedia":[{"embeddable":true,"href":"https:\/\/www.garden-kit.com\/tr\/wp-json\/wp\/v2\/media\/13286"}],"wp:attachment":[{"href":"https:\/\/www.garden-kit.com\/tr\/wp-json\/wp\/v2\/media?parent=1797"}],"wp:term":[{"taxonomy":"product_cat","embeddable":true,"href":"https:\/\/www.garden-kit.com\/tr\/wp-json\/wp\/v2\/product_cat?post=1797"},{"taxonomy":"product_tag","embeddable":true,"href":"https:\/\/www.garden-kit.com\/tr\/wp-json\/wp\/v2\/product_tag?post=1797"}],"curies":[{"name":"wp","href":"https:\/\/api.w.org\/{rel}","templated":true}]}}