{"id":1818,"date":"2022-08-24T09:10:44","date_gmt":"2022-08-24T01:10:44","guid":{"rendered":"http:\/\/www.garden-kit.com\/product\/lettuce-leafy-greens-seed-vault\/"},"modified":"2023-03-31T16:39:53","modified_gmt":"2023-03-31T08:39:53","slug":"lettuce-leafy-greens-seed-vault","status":"publish","type":"product","link":"https:\/\/www.garden-kit.com\/tr\/product\/lettuce-leafy-greens-seed-vault\/","title":{"rendered":"Sebze Tohumu Paketleri"},"content":{"rendered":"<h3 style=\"font-size: 19px\"><span style=\"font-family: arial, helvetica, sans-serif\">Haz\u0131rlanan 20 \u00e7e\u015fit Sebze Tohumu Paket Seti: <\/span><\/h3>\n<p><span style=\"font-family: arial, helvetica, sans-serif;font-size: 16px\">\u00c7ok kolay - tohumdan Marul ve Yaprakl\u0131 Ye\u015fillik yeti\u015ftirmenin tahminlerini ortadan kald\u0131r\u0131yor, her ad\u0131mda size rehberlik ediyoruz. Marul ve Yaprakl\u0131 Ye\u015filliklerin keyfini kendinizin veya sevdiklerinizin hayat\u0131na katmak i\u00e7in ihtiyac\u0131n\u0131z olan her \u015fey g\u00fczel bir paket \u00e7antada. Dikin!<\/span><\/p>\n<\/p>\n<h3 style=\"font-size: 19px\"><strong><span style=\"font-family: arial, helvetica, sans-serif;font-size: 18px\">Genel Bak\u0131\u015f<\/span><\/strong><\/h3>\n<table style=\"border-collapse: collapse;width: 100%;height: 284px\">\n<tbody>\n<tr style=\"height: 35.5px\">\n<td style=\"width: 40.1437%;height: 35.5px\" width=\"224\">\n<p style=\"font-size: 16px\"><span style=\"font-family: arial, helvetica, sans-serif;font-size: 16px\">\u00dcr\u00fcn Bak\u0131m Talimatlar\u0131<\/span><\/p>\n<\/td>\n<td style=\"width: 59.8563%;height: 35.5px\" width=\"224\">\n<p style=\"font-size: 16px\"><span style=\"font-family: arial, helvetica, sans-serif;font-size: 16px\">Mevcut<\/span><\/p>\n<\/td>\n<\/tr>\n<tr style=\"height: 35.5px\">\n<td style=\"width: 40.1437%;height: 35.5px\" width=\"224\">\n<p style=\"font-size: 16px\"><span style=\"font-family: arial, helvetica, sans-serif;font-size: 16px\">Bitki \u00dcr\u00fcn Tipi<\/span><\/p>\n<\/td>\n<td style=\"width: 59.8563%;height: 35.5px\" width=\"224\">\n<p style=\"font-size: 16px\"><span style=\"font-family: arial, helvetica, sans-serif;font-size: 16px\">Marul &amp; Yaprakl\u0131 Ye\u015fillik Tohumlar\u0131<\/span><\/p>\n<\/td>\n<\/tr>\n<tr style=\"height: 35.5px\">\n<td style=\"width: 40.1437%;height: 35.5px\" width=\"224\">\n<p style=\"font-size: 16px\"><span style=\"font-family: arial, helvetica, sans-serif;font-size: 16px\">\u00d6zel \u00f6zellik<\/span><\/p>\n<\/td>\n<td style=\"width: 59.8563%;height: 35.5px\" width=\"224\">\n<p style=\"font-size: 16px\"><span style=\"font-family: arial, helvetica, sans-serif;font-size: 16px\">Kapal\u0131-A\u00e7\u0131k Yeti\u015ftirme<\/span><\/p>\n<\/td>\n<\/tr>\n<tr style=\"height: 35.5px\">\n<td style=\"width: 40.1437%;height: 35.5px\" width=\"224\">\n<p style=\"font-size: 16px\"><span style=\"font-family: arial, helvetica, sans-serif;font-size: 16px\">Marka<\/span><\/p>\n<\/td>\n<td style=\"width: 59.8563%;height: 35.5px\" width=\"224\">\n<p style=\"font-size: 16px\"><span style=\"font-family: arial, helvetica, sans-serif;font-size: 16px\">Bah\u00e7e Seti<\/span><\/p>\n<\/td>\n<\/tr>\n<tr style=\"height: 35.5px\">\n<td style=\"width: 40.1437%;height: 35.5px\" width=\"224\">\n<p style=\"font-size: 16px\"><span style=\"font-family: arial, helvetica, sans-serif;font-size: 16px\">Anavatan<\/span><\/p>\n<\/td>\n<td style=\"width: 59.8563%;height: 35.5px\" width=\"224\">\n<p style=\"font-size: 16px\"><span style=\"font-family: arial, helvetica, sans-serif;font-size: 16px\">Fujian, \u00c7in<\/span><\/p>\n<\/td>\n<\/tr>\n<tr style=\"height: 35.5px\">\n<td style=\"width: 40.1437%;height: 35.5px\" width=\"224\">\n<p style=\"font-size: 16px\"><span style=\"font-family: arial, helvetica, sans-serif;font-size: 16px\">ODM\/OEM<\/span><\/p>\n<\/td>\n<td style=\"width: 59.8563%;height: 35.5px\" width=\"224\">\n<p style=\"font-size: 16px\"><span style=\"font-family: arial, helvetica, sans-serif;font-size: 16px\">Mevcut<\/span><\/p>\n<\/td>\n<\/tr>\n<tr style=\"height: 35.5px\">\n<td style=\"width: 40.1437%;height: 35.5px\" width=\"224\">\n<p style=\"font-size: 16px\"><span style=\"font-family: arial, helvetica, sans-serif;font-size: 16px\">\u00d6zelle\u015ftirilmi\u015f sipari\u015f i\u00e7in MOQ<\/span><\/p>\n<\/td>\n<td style=\"width: 59.8563%;height: 35.5px\" width=\"224\">\n<p style=\"font-size: 16px\"><span style=\"font-family: arial, helvetica, sans-serif;font-size: 16px\">3000 adet<\/span><\/p>\n<\/td>\n<\/tr>\n<tr style=\"height: 35.5px\">\n<td style=\"width: 40.1437%;height: 35.5px\" width=\"224\">\n<p style=\"font-size: 16px\"><span style=\"font-family: arial, helvetica, sans-serif;font-size: 16px\">\u00d6rnek maliyet<\/span><\/p>\n<\/td>\n<td style=\"width: 59.8563%;height: 35.5px\" width=\"224\">\n<p style=\"font-size: 16px\"><span style=\"font-family: arial, helvetica, sans-serif;font-size: 16px\">US$400\/\u00d6rnek, bizden sipari\u015f verdikten sonra tam iade<\/span><\/p>\n<\/td>\n<\/tr>\n<\/tbody>\n<\/table>\n<p><span style=\"font-family: arial, helvetica, sans-serif;font-size: 18px\"><\/span><\/p>\n<p style=\"font-size: 16px\"><span style=\"font-family: arial, helvetica, sans-serif;font-size: 18px\"><img decoding=\"async\" src=\"https:\/\/data.adwebcloud.com\/public\/material\/2206293ihquj\/product\/mdmqe1h17w_1661256113621.jpg\" alt=\"\u00f6rnek\" width=\"50%\" title=\"\"><img decoding=\"async\" src=\"https:\/\/data.adwebcloud.com\/public\/material\/2206293ihquj\/product\/g5ev8b7muf_1661256186442.jpg\" alt=\"\u00f6rnek\" width=\"50%\" title=\"\"> &nbsp;<\/span><\/p>\n<h3 style=\"font-size: 19px\"><span style=\"font-family: arial, helvetica, sans-serif;font-size: 18px\">Sebze Tohumu Kitinde a\u015fa\u011f\u0131daki \u00fcr\u00fcnler bulunmaktad\u0131r.<\/span><\/h3>\n<p><span style=\"font-family: arial, helvetica, sans-serif;font-size: 16px\">20 \u00e7e\u015fit Roka rokas\u0131, Bloomsdale \u0131spana\u011f\u0131, Mavi k\u0131vr\u0131lm\u0131\u015f lahana, Bok choi lahanas\u0131, Buttercruch marul, Cimmaron k\u0131rm\u0131z\u0131 marul ve daha fazlas\u0131 gibi Marul ve Yaprakl\u0131 Ye\u015fillikler.<\/span><\/p>\n<p><span style=\"font-family: arial, helvetica, sans-serif;font-size: 16px\">1 Ad\u0131m ad\u0131m ekim k\u0131lavuzu<\/span><\/p>\n<p><span style=\"font-family: arial, helvetica, sans-serif;font-size: 16px\">1 \u00f6zelle\u015ftirilmi\u015f paket \u00e7antas\u0131<\/span><\/p>\n<p><span style=\"font-family: arial, helvetica, sans-serif;font-size: 16px\">20 Marul ve Ye\u015fillik Tohum Bankas\u0131 - Kendi marul ve sebze bah\u00e7enizi yeti\u015ftirmeye ba\u015flay\u0131n ve do\u011frudan bah\u00e7enizden veya kapal\u0131 bah\u00e7enizden sa\u011fl\u0131kl\u0131, tamamen do\u011fal marul ve yaprakl\u0131 ye\u015fillikler yiyin.<\/span><\/p>\n<p><span style=\"font-family: arial, helvetica, sans-serif;font-size: 16px\">3000+ Tohum ve Dikim K\u0131lavuzu - Bonus Bitki \u0130\u015faretleyicileri - Di\u011fer \u015firketlerin aksine, \u00e7e\u015fitli aile yadigar\u0131 tohum paketlerimiz y\u00fcksek \u00e7imlenme oranlar\u0131na sahip \u00e7e\u015fitli tohumlar i\u00e7erir. Tohumlar, tohum tazeli\u011fini ve kalitesini korumak i\u00e7in su ge\u00e7irmez, yeniden kapat\u0131labilir mylar torbalarda bulunur. Bunlar, i\u00e7 mekanda, d\u0131\u015f mekanda veya asma bah\u00e7eler gibi hidroponik sistemlerde yeti\u015ftirmek i\u00e7in harika marul tohumlar\u0131d\u0131r. Her pakete bir yeti\u015ftirme k\u0131lavuzu da dahildir.<\/span><\/p>\n<p><span style=\"font-family: arial, helvetica, sans-serif;font-size: 16px\">Bah\u00e7\u0131van-a\u015f\u00e7\u0131-hayatta kalanlar i\u00e7in harika bir hediye- bah\u00e7\u0131vana b\u00fcy\u00fck bir tohum koleksiyonu ile doyurucu bir sebze bah\u00e7esi vermekten daha iyi ne olabilir. Tohumlar, tohum tazeli\u011fini ve kalitesini korumak i\u00e7in su ge\u00e7irmez, yeniden kapat\u0131labilir mylar torbalarda bulunur. Marul ve ye\u015fil tohumlardan olu\u015fan koleksiyonumuz acil durum \u00e7antan\u0131za harika bir ektir.<\/span><\/p>\n<p><span style=\"font-family: arial, helvetica, sans-serif;font-size: 16px\">\u0130\u00e7 veya D\u0131\u015f Mekan S\u00fcrd\u00fcr\u00fclebilir Bah\u00e7eler - \u0130\u00e7 mekanda veya hidroponik bir sistemde y\u0131l boyunca tohum ekin ve y\u0131l boyunca harika ye\u015filliklerin ve salatalar\u0131n tad\u0131n\u0131 \u00e7\u0131karmak i\u00e7in kendi marul veya yaprakl\u0131 ye\u015fillik bah\u00e7enizi ba\u015flat\u0131n. Bunlar i\u00e7 mekan bah\u00e7eleri, bah\u00e7e kitleri veya d\u0131\u015f mekan bah\u00e7e yataklar\u0131 olarak kullan\u0131labilir. Spout veya mikro ye\u015fillik olarak kullanmak i\u00e7in daha fazla ekin.<\/span><\/p>\n<p><span style=\"font-family: arial, helvetica, sans-serif;font-size: 16px\">\u00c7in'de \u00fcretilmi\u015ftir - Bah\u00e7e tohumlar\u0131m\u0131z \u00c7in'de s\u00fcrd\u00fcr\u00fclebilir bir \u015fekilde tedarik edilmektedir. Kalitemize g\u00fcvenin ve 100% memnuniyetini garanti edin. Bu tohumlar as\u0131l\u0131 bah\u00e7e kaps\u00fclleri ve di\u011fer hidroponik sistemlerle kullan\u0131labilir.<\/span><\/p>\n<p><span style=\"font-family: arial, helvetica, sans-serif;font-size: 18px\"><\/span><\/p>\n<h3 style=\"font-size: 19px\"><span style=\"font-family: arial, helvetica, sans-serif;font-size: 18px\">Sebze Tohum Paketi Kitlerimizi Yeti\u015ftirirken Yap\u0131lmas\u0131 ve Yap\u0131lmamas\u0131 Gerekenler<\/span><\/h3>\n<p><span style=\"font-family: arial, helvetica, sans-serif;font-size: 16px\">1. Birle\u015fik tar\u0131m\u0131 ve tarla y\u00f6netimini kolayla\u015ft\u0131rmak ve an\u0131zlar\u0131 zaman\u0131nda bo\u015faltmak i\u00e7in ara ekim i\u00e7in ekim, dikim ve hasat d\u00f6nemleri yak\u0131n olan sebzeleri se\u00e7mek gerekir.<\/span><\/p>\n<p><span style=\"font-family: arial, helvetica, sans-serif;font-size: 16px\">2. Uzun ve k\u0131sa b\u00fcy\u00fcme mevsimlerinin makul bir kombinasyonu. Uzun b\u00fcy\u00fcme mevsimine sahip sebzeler, di\u011fer sebzelerin b\u00fcy\u00fcmesini etkilemeyecek \u015fekilde, b\u00fcy\u00fcmelerinin ortas\u0131nda k\u0131sa b\u00fcy\u00fcme mevsimine sahip sebzelerle birlikte ekilebilir.<\/span><\/p>\n<p><span style=\"font-family: arial, helvetica, sans-serif;font-size: 16px\">3. Sebze tohumlar\u0131 ekilirken, havaland\u0131rmay\u0131 kolayla\u015ft\u0131rmak ve \u0131\u015f\u0131k enerjisinden tam olarak yararlanmak i\u00e7in ayn\u0131 saks\u0131daki bitkilerin y\u00fckseklikleri farkl\u0131 olmal\u0131d\u0131r.<\/span><\/p>\n<p><span style=\"font-family: arial, helvetica, sans-serif;font-size: 16px\">Yukar\u0131da sebze kitinin prensipleri ve \u00f6nlemleri anlat\u0131lmaktad\u0131r. Umar\u0131m size yard\u0131mc\u0131 olabilir. Daha fazla bilgi edinmek istiyorsan\u0131z, l\u00fctfen bize kulak verin.<\/span><\/p><\/p>","protected":false},"excerpt":{"rendered":"<p>Toplu Marul ve Yaprakl\u0131 Ye\u015filler Tohum Kasas\u0131 - \u0130\u00e7 Mekan veya D\u0131\u015f Mekan Ekimi i\u00e7in 3000+ GDO&#039;suz Sebze Tohumlar\u0131 - Lahana, Ispanak, Tereya\u011f\u0131, Me\u015fe, Romaine Bibb ve Daha Fazlas\u0131 - Topraks\u0131z Ev Bah\u00e7esi Tohumlar\u0131 (20 \u00c7e\u015fit)<\/p>","protected":false},"featured_media":13226,"comment_status":"open","ping_status":"closed","template":"","meta":[],"product_cat":[59],"product_tag":[302,282,304,303,274,305],"acf":[],"_links":{"self":[{"href":"https:\/\/www.garden-kit.com\/tr\/wp-json\/wp\/v2\/product\/1818"}],"collection":[{"href":"https:\/\/www.garden-kit.com\/tr\/wp-json\/wp\/v2\/product"}],"about":[{"href":"https:\/\/www.garden-kit.com\/tr\/wp-json\/wp\/v2\/types\/product"}],"replies":[{"embeddable":true,"href":"https:\/\/www.garden-kit.com\/tr\/wp-json\/wp\/v2\/comments?post=1818"}],"wp:featuredmedia":[{"embeddable":true,"href":"https:\/\/www.garden-kit.com\/tr\/wp-json\/wp\/v2\/media\/13226"}],"wp:attachment":[{"href":"https:\/\/www.garden-kit.com\/tr\/wp-json\/wp\/v2\/media?parent=1818"}],"wp:term":[{"taxonomy":"product_cat","embeddable":true,"href":"https:\/\/www.garden-kit.com\/tr\/wp-json\/wp\/v2\/product_cat?post=1818"},{"taxonomy":"product_tag","embeddable":true,"href":"https:\/\/www.garden-kit.com\/tr\/wp-json\/wp\/v2\/product_tag?post=1818"}],"curies":[{"name":"wp","href":"https:\/\/api.w.org\/{rel}","templated":true}]}}