{"id":1827,"date":"2022-08-24T09:11:14","date_gmt":"2022-08-24T01:11:14","guid":{"rendered":"http:\/\/www.garden-kit.com\/product\/bonsai-tree-starter\/"},"modified":"2024-03-07T10:20:20","modified_gmt":"2024-03-07T02:20:20","slug":"bonsai-tree-starter","status":"publish","type":"product","link":"https:\/\/www.garden-kit.com\/tr\/product\/bonsai-tree-starter\/","title":{"rendered":"Bonsai A\u011fac\u0131 Ba\u015flang\u0131\u00e7 Seti"},"content":{"rendered":"<h3 style=\"font-size: 19px\">Genel Bak\u0131\u015f<\/h3>\n<table style=\"border-collapse: collapse;width: 100%\">\n<tbody>\n<tr>\n<td width=\"298\"><span style=\"font-family: 'PingFang SC', 'Microsoft YaHei', sans-serif\">\u00dcr\u00fcn Bak\u0131m Talimatlar\u0131<\/span><\/td>\n<td width=\"298\"><span style=\"font-family: 'PingFang SC', 'Microsoft YaHei', sans-serif\">Mevcut<\/span><\/td>\n<\/tr>\n<tr>\n<td width=\"298\"><span style=\"font-family: 'PingFang SC', 'Microsoft YaHei', sans-serif\">Bitki \u00dcr\u00fcn Tipi<\/span><\/td>\n<td width=\"298\"><span style=\"font-family: 'PingFang SC', 'Microsoft YaHei', sans-serif\">Bonsai a\u011fac\u0131<\/span><\/td>\n<\/tr>\n<tr>\n<td width=\"298\"><span style=\"font-family: 'PingFang SC', 'Microsoft YaHei', sans-serif\">\u00d6zel \u00f6zellik<\/span><\/td>\n<td width=\"298\"><span style=\"font-family: 'PingFang SC', 'Microsoft YaHei', sans-serif\">Kapal\u0131-A\u00e7\u0131k Yeti\u015ftirme<\/span><\/td>\n<\/tr>\n<tr>\n<td width=\"298\"><span style=\"font-family: 'PingFang SC', 'Microsoft YaHei', sans-serif\">Marka<\/span><\/td>\n<td width=\"298\"><span style=\"font-family: 'PingFang SC', 'Microsoft YaHei', sans-serif\">Bah\u00e7e Seti<\/span><\/td>\n<\/tr>\n<tr>\n<td width=\"298\"><span style=\"font-family: 'PingFang SC', 'Microsoft YaHei', sans-serif\">Anavatan<\/span><\/td>\n<td width=\"298\"><span style=\"font-family: 'PingFang SC', 'Microsoft YaHei', sans-serif\">Fujian, \u00c7in<\/span><\/td>\n<\/tr>\n<tr>\n<td width=\"298\"><span style=\"font-family: 'PingFang SC', 'Microsoft YaHei', sans-serif\">ODM\/OEM<\/span><\/td>\n<td width=\"298\"><span style=\"font-family: 'PingFang SC', 'Microsoft YaHei', sans-serif\">Mevcut<\/span><\/td>\n<\/tr>\n<tr>\n<td width=\"298\"><span style=\"font-family: 'PingFang SC', 'Microsoft YaHei', sans-serif\">\u00d6zelle\u015ftirilmi\u015f sipari\u015f i\u00e7in MOQ<\/span><\/td>\n<td width=\"298\"><span style=\"font-family: 'PingFang SC', 'Microsoft YaHei', sans-serif\">3000 adet<\/span><\/td>\n<\/tr>\n<tr>\n<td width=\"298\"><span style=\"font-family: 'PingFang SC', 'Microsoft YaHei', sans-serif\">\u00d6rnek maliyet<\/span><\/td>\n<td width=\"298\"><span style=\"font-family: 'PingFang SC', 'Microsoft YaHei', sans-serif\">US$400\/\u00d6rnek, bizden sipari\u015f verdikten sonra tam iade<\/span><\/td>\n<\/tr>\n<\/tbody>\n<\/table>\n<p style=\"line-height: 1.5\"><span style=\"font-family: 'PingFang SC', 'Microsoft YaHei', sans-serif\">&nbsp;<\/span><\/p>\n<p style=\"line-height: 1.5\"><span style=\"font-family: 'PingFang SC', 'Microsoft YaHei', sans-serif\">Haz\u0131rlanm\u0131\u015f 18 Par\u00e7a Bonsai Yeti\u015ftirme Kiti: \u00c7ok kolay - tohumdan bir bonsai a\u011fac\u0131 yeti\u015ftirmenin tahminlerini ortadan kald\u0131r\u0131yor, her ad\u0131mda size rehberlik ediyoruz. Bonsai keyfini kendinizin veya sevdiklerinizin hayat\u0131na ta\u015f\u0131mak i\u00e7in ihtiyac\u0131n\u0131z olan her \u015fey g\u00fczel bir hediye kutusunda. Dikin!<\/span><\/p>\n<p style=\"line-height: 1.5\"><span style=\"font-family: 'PingFang SC', 'Microsoft YaHei', sans-serif\">Bonsai Ba\u015flang\u0131\u00e7 Kitiniz ( 4 ) tohum \u00e7e\u015fidi ile birlikte gelir: <strong><strong>Mavi Jakaranda, \u00c7in Karaa\u011fac\u0131, Hinoki Selvisi ve Krep Mersin<\/strong><\/strong>. Her tohum taze ve \u00e7imlenmeye haz\u0131rd\u0131r. Bildi\u011finiz gibi, bazen fideler k\u00f6t\u00fc bir g\u00fcn ge\u00e7irir, bu y\u00fczden ekstralar ekliyoruz!<\/span><\/p>\n<h3 style=\"font-size: 19px\">A\u015fa\u011f\u0131daki \u00f6\u011feler kit i\u00e7erisinde yer almaktad\u0131r.<\/h3>\n<p style=\"line-height: 1.5\"><span style=\"font-family: 'PingFang SC', 'Microsoft YaHei', sans-serif\">4 adet su tepsili seramik kap<\/span><\/p>\n<p style=\"line-height: 1.5\"><span style=\"font-family: 'PingFang SC', 'Microsoft YaHei', sans-serif\">4 adet \u00f6nceden g\u00fcbrelenmi\u015f toprak peleti<\/span><\/p>\n<p style=\"line-height: 1.5\"><span style=\"font-family: 'PingFang SC', 'Microsoft YaHei', sans-serif\">4 adet taze kalan tohum paketi<\/span><\/p>\n<p style=\"line-height: 1.5\"><span style=\"font-family: 'PingFang SC', 'Microsoft YaHei', sans-serif\">4 ah\u015fap bitki i\u015faretleyicisi<\/span><\/p>\n<p style=\"line-height: 1.5\"><span style=\"font-family: 'PingFang SC', 'Microsoft YaHei', sans-serif\">1 beslenme paketi<\/span><\/p>\n<p style=\"line-height: 1.5\"><span style=\"font-family: 'PingFang SC', 'Microsoft YaHei', sans-serif\">1 ad\u0131m ad\u0131m talimat<\/span><\/p>\n<p style=\"line-height: 1.5\"><span style=\"font-family: 'PingFang SC', 'Microsoft YaHei', sans-serif\">Eviniz i\u00e7in Huzurlu Bitkiler - G\u00fczel i\u00e7 mekan bitkileri ile ya\u015fam alan\u0131n\u0131za yeni bir hayat getirin. 4 bonsai a\u011fac\u0131n\u0131z b\u00fcy\u00fcleyici ve do\u011fayla derin, d\u00fc\u015f\u00fcnceli bir ba\u011flant\u0131 kurmaya davet ediyor.<\/span><\/p>\n<p style=\"line-height: 1.5\"><span style=\"font-family: 'PingFang SC', 'Microsoft YaHei', sans-serif\">Zamans\u0131z bir gelene\u011fi \u00f6\u011frenin - y\u00fczlerce y\u0131ld\u0131r Japon dekorasyonunun demirba\u015flar\u0131ndan biri olan bonsai sanat\u0131nda elinizi deneyin. Basit anlardaki g\u00fczelli\u011fi ke\u015ffedin ve b\u00fcy\u00fcmenin ne anlama geldi\u011fini d\u00fc\u015f\u00fcn\u00fcn.<\/span><\/p>\n<p style=\"line-height: 1.5\"><span style=\"font-family: 'PingFang SC', 'Microsoft YaHei', sans-serif\">B\u0131rak\u0131n rehberiniz biz olal\u0131m - tamamen i\u015flevsel yeti\u015ftirme rehberinizi takip ederek canl\u0131 bir i\u00e7 mekan bah\u00e7esi yarat\u0131n. Bu zorlu botanik sanat\u0131nda ba\u015far\u0131l\u0131 olmak i\u00e7in ihtiyac\u0131n\u0131z olan her \u015feyi bas\u0131l\u0131 ve dijital materyallerle \u00f6\u011frenin.<\/span><\/p>\n<p style=\"line-height: 1.5\"><span style=\"font-family: 'PingFang SC', 'Microsoft YaHei', sans-serif\">Bizimle b\u00fcy\u00fct\u00fcn - size g\u00fc\u00e7 veren, ilham veren ve tabii ki b\u00fcy\u00fcten bah\u00e7ecilik kitleri sunuyoruz. Bah\u00e7enizin geli\u015fmesini sa\u011flamak i\u00e7in yard\u0131ma ihtiyac\u0131n\u0131z olursa bizimle ileti\u015fime ge\u00e7in - ailenizin b\u00fcy\u00fcyen ba\u015far\u0131s\u0131na kendimizi adad\u0131k.<\/span><\/p>\n<p style=\"line-height: 1.5\"><span style=\"font-family: 'PingFang SC', 'Microsoft YaHei', sans-serif\">Aran\u0131zda bitki sevenler var m\u0131? - Bu alet seti hem deneyimsiz hem de ileri d\u00fczey bah\u00e7\u0131vanlar i\u00e7in m\u00fckemmel bir hediye olacakt\u0131r<\/span><\/p>\n<\/p>\n<p>E\u011fer bir bonsai a\u011fac\u0131n\u0131n g\u00fczelli\u011fine ve dinginli\u011fine hayran kald\u0131ysan\u0131z, kendi bonsai yolculu\u011funuza ba\u015flamay\u0131 d\u00fc\u015f\u00fcn\u00fcyor olabilirsiniz. Ama nereden ba\u015flayacaks\u0131n\u0131z? Endi\u015felenmeyin, sizi teminat alt\u0131na ald\u0131k! Bu k\u0131lavuzda, bonsai a\u011fac\u0131 ba\u015flang\u0131\u00e7 kitleri hakk\u0131nda bilmeniz gereken her \u015feyi, ne olduklar\u0131n\u0131, nelere bakman\u0131z gerekti\u011fini ve nas\u0131l ba\u015flayaca\u011f\u0131n\u0131z\u0131 g\u00f6sterece\u011fiz.<\/p>\n<h3 style=\"font-size: 19px\">Bonsai A\u011fac\u0131 Ba\u015flang\u0131\u00e7 Kiti Nedir?<\/h3>\n<p>Bir bonsai a\u011fac\u0131 ba\u015flang\u0131\u00e7 kiti, bonsai'ye yeni ba\u015flayanlar i\u00e7in \u00f6zel olarak tasarlanm\u0131\u015f bir dizi ara\u00e7 ve malzemedir. Bu kitler genellikle gen\u00e7 bir bonsai a\u011fac\u0131, bir saks\u0131, toprak, g\u00fcbre, budama makas\u0131 ve di\u011fer temel ara\u00e7lar\u0131 i\u00e7erir. Bir ba\u015flang\u0131\u00e7 kiti ile, her bir bile\u015feni tek tek aramak zorunda kalmadan bonsai'ye hemen ba\u015flamak i\u00e7in ihtiyac\u0131n\u0131z olan her \u015feye sahip olacaks\u0131n\u0131z.<\/p>\n<p>Bonsai a\u011fac\u0131 yeti\u015ftirmeye ba\u015flamakla ilgileniyorsan\u0131z, bir ba\u015flang\u0131\u00e7 kiti ba\u015flamak i\u00e7in harika bir yoldur. \u0130\u015fte bonsai a\u011fac\u0131 ba\u015flang\u0131\u00e7 kitinize dahil etmeyi d\u00fc\u015f\u00fcnebilece\u011finiz baz\u0131 \u00f6\u011feler:<\/p>\n<ol style=\"list-style-type: decimal\">\n<li>\n<p>Bonsai a\u011fac\u0131: Ard\u0131\u00e7, ficus veya \u00c7in karaa\u011fac\u0131 gibi bonsai i\u00e7in uygun k\u00fc\u00e7\u00fck bir a\u011fa\u00e7 se\u00e7in.<\/p>\n<\/li>\n<li>\n<p>Bonsai saks\u0131s\u0131: Bonsai a\u011fac\u0131n\u0131z i\u00e7in uygun boyutta bir saks\u0131 \u00e7ok \u00f6nemlidir. Saks\u0131n\u0131n dibinde su birikmesini \u00f6nlemek i\u00e7in drenaj delikleri oldu\u011fundan emin olun.<\/p>\n<\/li>\n<li>\n<p>Toprak: Bonsai topra\u011f\u0131 normal topraktan farkl\u0131d\u0131r ve a\u011fac\u0131n\u0131z i\u00e7in uygun drenaj ve havaland\u0131rma sa\u011flamak \u00fczere tasarlanm\u0131\u015ft\u0131r. Pomza, akadama ve lav kayas\u0131 gibi bile\u015fenler i\u00e7eren \u00f6nceden kar\u0131\u015ft\u0131r\u0131lm\u0131\u015f bir bonsai topra\u011f\u0131 aray\u0131n.<\/p>\n<\/li>\n<li>\n<p>G\u00fcbre: Bonsai a\u011fa\u00e7lar\u0131 sa\u011fl\u0131klar\u0131n\u0131 korumak ve b\u00fcy\u00fcmelerini desteklemek i\u00e7in d\u00fczenli beslenmeye ihtiya\u00e7 duyarlar. \u00d6zellikle bonsai a\u011fa\u00e7lar\u0131 i\u00e7in tasarlanm\u0131\u015f dengeli bir g\u00fcbre aray\u0131n.<\/p>\n<\/li>\n<li>\n<p>Budama makas\u0131: Budama, bonsai a\u011fac\u0131 bak\u0131m\u0131n\u0131n \u00f6nemli bir par\u00e7as\u0131d\u0131r ve a\u011fac\u0131n\u0131z\u0131n \u015feklini ve boyutunu kontrol alt\u0131nda tutmak i\u00e7in iyi bir budama makas\u0131na ihtiyac\u0131n\u0131z olacakt\u0131r.<\/p>\n<\/li>\n<li>\n<p>Tel kesiciler: Bonsai a\u011fa\u00e7lar\u0131 genellikle tel kullan\u0131larak belirli \u015fekillerde e\u011fitilir. Tel kesiciler, a\u011faca zarar vermeden teli \u00e7\u0131karmak i\u00e7in gereklidir.<\/p>\n<\/li>\n<li>\n<p>Tel: A\u011fac\u0131n\u0131z\u0131 \u015fekillendirmek i\u00e7in biraz bonsai teline ihtiyac\u0131n\u0131z olacak. A\u011fac\u0131n\u0131z\u0131n kabu\u011funa zarar vermeyecek y\u00fcksek kaliteli, esnek bir tel aray\u0131n.<\/p>\n<\/li>\n<li>\n<p>Sulama kab\u0131: Uzun a\u011f\u0131zl\u0131 k\u00fc\u00e7\u00fck bir sulama kab\u0131 bonsai a\u011fac\u0131n\u0131z\u0131 sulamak i\u00e7in idealdir.<\/p>\n<\/li>\n<li>\n<p>Bonsai kitab\u0131 veya rehberi: Bonsai a\u011fa\u00e7lar\u0131 \u00f6zel bak\u0131m ve ilgi gerektirir, bu nedenle size temel bilgileri \u00f6\u011fretebilecek bir kitap veya rehbere yat\u0131r\u0131m yapmak iyi bir fikirdir.<\/p>\n<\/li>\n<\/ol>\n<p>Bir ba\u015flang\u0131\u00e7 kiti ile ba\u015flayarak, kendi bonsai a\u011fac\u0131n\u0131z\u0131 yeti\u015ftirmeye ba\u015flamak i\u00e7in ihtiyac\u0131n\u0131z olan her \u015feye sahip olacaks\u0131n\u0131z.<\/p>\n<h3 style=\"font-size: 19px\">Bonsai A\u011fac\u0131 Ba\u015flang\u0131\u00e7 Kitinde Nelere Dikkat Edilmeli?<\/h3>\n<p>Bir bonsai a\u011fac\u0131 ba\u015flang\u0131\u00e7 kiti se\u00e7erken dikkat edilmesi gereken birka\u00e7 husus vard\u0131r:<\/p>\n<ol style=\"list-style-type: decimal\">\n<li>\n<p>Bonsai A\u011fac\u0131 T\u00fcr\u00fc: Aralar\u0131ndan se\u00e7im yapabilece\u011finiz, her biri kendine \u00f6zg\u00fc \u00f6zelliklere sahip bir\u00e7ok farkl\u0131 bonsai a\u011fac\u0131 t\u00fcr\u00fc vard\u0131r. Baz\u0131 pop\u00fcler t\u00fcrler aras\u0131nda ard\u0131\u00e7, ak\u00e7aa\u011fa\u00e7 ve ficus bulunur.<\/p>\n<\/li>\n<li>\n<p>A\u011fac\u0131n Kalitesi: Kitinizdeki a\u011fac\u0131n sa\u011fl\u0131kl\u0131 ve iyi durumda oldu\u011fundan emin olun. Hastal\u0131kl\u0131 bir a\u011fac\u0131n bak\u0131m\u0131 zor olacakt\u0131r ve hayatta kalamayabilir.<\/p>\n<\/li>\n<li>\n<p>Kitin Boyutu: Ba\u015flang\u0131\u00e7 kitleri, k\u00fc\u00e7\u00fck masa \u00fcst\u00fc kitlerinden daha b\u00fcy\u00fck setlere kadar \u00e7e\u015fitli boyutlarda gelir. Ne kadar alan\u0131n\u0131z oldu\u011funu ve bonsainizin bak\u0131m\u0131na ne kadar zaman ay\u0131rmak istedi\u011finizi g\u00f6z \u00f6n\u00fcnde bulundurun.<\/p>\n<\/li>\n<li>\n<p>Dahil Olan Ara\u00e7lar: Budama makas\u0131, sulama kab\u0131 ve g\u00fcbre de dahil olmak \u00fczere ihtiyac\u0131n\u0131z olan t\u00fcm aletleri i\u00e7eren kitleri aray\u0131n.<\/p>\n<\/li>\n<\/ol><\/p>","protected":false},"excerpt":{"rendered":"<p>Yeti\u015ftirilmesi Kolay 4 Bonsai A\u011fac\u0131 T\u00fcr\u00fc ve Tam Bitki Kitimiz: Bonus Derinlemesine B\u00fcy\u00fcme K\u0131lavuzu Dahil Bonsai Saks\u0131lar\u0131 ve Turba Peletleri | Kad\u0131nlar ve Erkekler i\u00e7in Harika Bah\u00e7e Hediyeleri<\/p>\n<p>Bonsai a\u011fac\u0131 ba\u015flang\u0131\u00e7 seti tipik olarak k\u00fc\u00e7\u00fck bir a\u011fa\u00e7, saks\u0131, toprak, budama makas\u0131 ve a\u011fac\u0131n bak\u0131m\u0131n\u0131n nas\u0131l yap\u0131laca\u011f\u0131na ve istenen bonsai stiline g\u00f6re \u015fekillendirilece\u011fine dair talimatlar i\u00e7erir. Bonsai yeti\u015ftiricili\u011fine yeni ba\u015flayanlar ve bu hobiye ba\u015flamak i\u00e7in basit bir ba\u015flang\u0131\u00e7 seti isteyenler i\u00e7in tasarlanm\u0131\u015ft\u0131r.<\/p><\/p>","protected":false},"featured_media":18010,"comment_status":"closed","ping_status":"closed","template":"","meta":[],"product_cat":[40],"product_tag":[211,102,851,847,46,47,849,212,850],"acf":[],"_links":{"self":[{"href":"https:\/\/www.garden-kit.com\/tr\/wp-json\/wp\/v2\/product\/1827"}],"collection":[{"href":"https:\/\/www.garden-kit.com\/tr\/wp-json\/wp\/v2\/product"}],"about":[{"href":"https:\/\/www.garden-kit.com\/tr\/wp-json\/wp\/v2\/types\/product"}],"replies":[{"embeddable":true,"href":"https:\/\/www.garden-kit.com\/tr\/wp-json\/wp\/v2\/comments?post=1827"}],"wp:featuredmedia":[{"embeddable":true,"href":"https:\/\/www.garden-kit.com\/tr\/wp-json\/wp\/v2\/media\/18010"}],"wp:attachment":[{"href":"https:\/\/www.garden-kit.com\/tr\/wp-json\/wp\/v2\/media?parent=1827"}],"wp:term":[{"taxonomy":"product_cat","embeddable":true,"href":"https:\/\/www.garden-kit.com\/tr\/wp-json\/wp\/v2\/product_cat?post=1827"},{"taxonomy":"product_tag","embeddable":true,"href":"https:\/\/www.garden-kit.com\/tr\/wp-json\/wp\/v2\/product_tag?post=1827"}],"curies":[{"name":"wp","href":"https:\/\/api.w.org\/{rel}","templated":true}]}}