{"id":1841,"date":"2022-08-24T09:12:09","date_gmt":"2022-08-24T01:12:09","guid":{"rendered":"http:\/\/www.garden-kit.com\/product\/organic-starter-transplanter-fertilizer\/"},"modified":"2023-03-31T16:36:58","modified_gmt":"2023-03-31T08:36:58","slug":"organic-starter-amp","status":"publish","type":"product","link":"https:\/\/www.garden-kit.com\/tr\/product\/organic-starter-amp\/","title":{"rendered":"Organik Ba\u015flang\u0131\u00e7 Amfisi"},"content":{"rendered":"<h3 style=\"font-size: 19px\"><span style=\"font-family: 'PingFang SC', 'Microsoft YaHei', sans-serif\"><strong>Genel Bak\u0131\u015f<\/strong><\/span><\/h3>\n<table width=\"597\">\n<tbody>\n<tr>\n<td width=\"299\"><span style=\"font-family: 'PingFang SC', 'Microsoft YaHei', sans-serif\"><strong>\u00dcr\u00fcn Bak\u0131m Talimatlar\u0131<\/strong><\/span><\/td>\n<td width=\"299\"><span style=\"font-family: 'PingFang SC', 'Microsoft YaHei', sans-serif\">Mevcut<\/span><\/td>\n<\/tr>\n<tr>\n<td width=\"299\"><span style=\"font-family: 'PingFang SC', 'Microsoft YaHei', sans-serif\"><strong>\u00fcr\u00fcn tipi<\/strong><\/span><\/td>\n<td width=\"299\"><span style=\"font-family: 'PingFang SC', 'Microsoft YaHei', sans-serif\">Organik Ba\u015flang\u0131\u00e7 ve Ekim G\u00fcbresi<\/span><\/p>\n<p><span style=\"font-family: 'PingFang SC', 'Microsoft YaHei', sans-serif\">&nbsp;<\/span><\/p>\n<\/td>\n<\/tr>\n<tr>\n<td width=\"299\"><span style=\"font-family: 'PingFang SC', 'Microsoft YaHei', sans-serif\"><strong>\u00d6zel \u00f6zellik<\/strong><\/span><\/td>\n<td width=\"299\"><span style=\"font-family: 'PingFang SC', 'Microsoft YaHei', sans-serif\">Kapal\u0131-A\u00e7\u0131k Yeti\u015ftirme<\/span><\/td>\n<\/tr>\n<tr>\n<td width=\"299\"><span style=\"font-family: 'PingFang SC', 'Microsoft YaHei', sans-serif\"><strong>Marka<\/strong><\/span><\/td>\n<td width=\"299\"><span style=\"font-family: 'PingFang SC', 'Microsoft YaHei', sans-serif\">Bah\u00e7e Seti<\/span><\/td>\n<\/tr>\n<tr>\n<td width=\"299\"><span style=\"font-family: 'PingFang SC', 'Microsoft YaHei', sans-serif\"><strong>Anavatan<\/strong><\/span><\/td>\n<td width=\"299\"><span style=\"font-family: 'PingFang SC', 'Microsoft YaHei', sans-serif\">Fujian, \u00c7in<\/span><\/td>\n<\/tr>\n<tr>\n<td width=\"299\"><span style=\"font-family: 'PingFang SC', 'Microsoft YaHei', sans-serif\"><strong>ODM\/OEM<\/strong><\/span><\/td>\n<td width=\"299\"><span style=\"font-family: 'PingFang SC', 'Microsoft YaHei', sans-serif\">Mevcut<\/span><\/td>\n<\/tr>\n<tr>\n<td width=\"299\"><span style=\"font-family: 'PingFang SC', 'Microsoft YaHei', sans-serif\"><strong>\u00d6zelle\u015ftirilmi\u015f sipari\u015f i\u00e7in MOQ<\/strong><\/span><\/td>\n<td width=\"299\"><span style=\"font-family: 'PingFang SC', 'Microsoft YaHei', sans-serif\">3000 adet<\/span><\/td>\n<\/tr>\n<tr>\n<td width=\"299\"><span style=\"font-family: 'PingFang SC', 'Microsoft YaHei', sans-serif\"><strong>\u00d6rnek maliyet<\/strong><\/span><\/td>\n<td width=\"299\"><span style=\"font-family: 'PingFang SC', 'Microsoft YaHei', sans-serif\">US$400\/\u00d6rnek, bizden sipari\u015f verdikten sonra tam iade<\/span><\/td>\n<\/tr>\n<\/tbody>\n<\/table>\n<h3 style=\"font-size: 19px\"><span style=\"font-family: 'PingFang SC', 'Microsoft YaHei', sans-serif\"><strong>Tan\u0131m<\/strong><\/span><\/h3>\n<pre><\/pre>\n<p><span style=\"font-family: 'PingFang SC', 'Microsoft YaHei', sans-serif\">Garden KitOrganik Ba\u015flang\u0131\u00e7 ve Ekim G\u00fcbresi aile \u00e7iftliklerinde gururla \u00fcretilmektedir. Bu form\u00fcller, sentetik kimyasallar, b\u00fcy\u00fcme uyar\u0131c\u0131lar\u0131 veya k\u00fcmes hayvan\u0131 at\u0131klar\u0131 gibi d\u00fc\u015f\u00fck kaliteli dolgu maddeleri kullan\u0131lmadan en kaliteli organik besin kaynaklar\u0131ndan harmanlanm\u0131\u015ft\u0131r. Toprak sa\u011fl\u0131\u011f\u0131n\u0131 bozan sentetik g\u00fcbrelerin aksine, Garden Kit g\u00fcbreleri bitkileri beslemek, b\u00fcy\u00fcmeyi te\u015fvik etmek ve toprak verimlili\u011fini art\u0131rmak i\u00e7in topraktaki faydal\u0131 mikroplar, mantarlar ve organik maddelerle birlikte \u00e7al\u0131\u015f\u0131r.<\/span><\/p>\n<p><span style=\"font-family: 'PingFang SC', 'Microsoft YaHei', sans-serif\">Bu organik g\u00fcbre kar\u0131\u015f\u0131m\u0131 en iyi nas\u0131l kullan\u0131l\u0131r?<\/span><\/p>\n<p><span style=\"font-family: 'PingFang SC', 'Microsoft YaHei', sans-serif\">Bu g\u00fcbreyi tohum, toprak ve fide haz\u0131rlarken kullan\u0131n. Bu ba\u015flang\u0131\u00e7 ve ekim form\u00fcl\u00fc, daha h\u0131zl\u0131 tohum \u00e7imlenmesini, erken b\u00fcy\u00fcmeyi ve geni\u015fletilmi\u015f k\u00f6k geli\u015fimini te\u015fvik etmek i\u00e7in \u00f6zel olarak tasarlanm\u0131\u015ft\u0131r.<\/span><\/p>\n<p><span style=\"font-family: 'PingFang SC', 'Microsoft YaHei', sans-serif\">Garden Kit G\u00fcbre OMRI listesinde yer almaktad\u0131r ve kalitesi USDA Ulusal Organik Program Enstit\u00fcs\u00fc taraf\u0131ndan belirlenen gereklilikleri kar\u015f\u0131lamakta veya a\u015fmaktad\u0131r.<\/span><\/p>\n<h3 style=\"font-size: 19px\"><span style=\"font-family: 'PingFang SC', 'Microsoft YaHei', sans-serif\"><strong>A\u015fa\u011f\u0131daki \u00f6\u011feler kit i\u00e7erisinde yer almaktad\u0131r.<\/strong><\/span><\/h3>\n<p><span style=\"font-family: 'PingFang SC', 'Microsoft YaHei', sans-serif\">10 oz organik g\u00fcbre, ayr\u0131nt\u0131l\u0131 talimat bro\u015f\u00fcr\u00fc<\/span><\/p>\n<h3 style=\"font-size: 19px\"><span style=\"font-family: 'PingFang SC', 'Microsoft YaHei', sans-serif\"><strong>Nas\u0131l kullan\u0131l\u0131r<\/strong><\/span><\/h3>\n<p><span style=\"font-family: 'PingFang SC', 'Microsoft YaHei', sans-serif\">Yeni bitkiler i\u00e7in, \u00e7evredeki topra\u011fa veya saks\u0131 kar\u0131\u015f\u0131m\u0131na kar\u0131\u015ft\u0131r\u0131n. Dikilmi\u015f bitkiler i\u00e7in, b\u00fcy\u00fcme mevsimi boyunca her ay topra\u011f\u0131 \u00f6rt\u00fcn. Uygulama oranlar\u0131 bitki boyutuna ve toprak hacmine g\u00f6re de\u011fi\u015fecektir. En iyi sonu\u00e7lar i\u00e7in g\u00fcbre kutusundaki ayr\u0131nt\u0131l\u0131 talimatlar\u0131 izleyin.<\/span><\/p>\n<pre><\/pre><\/p>","protected":false},"excerpt":{"rendered":"<p>Organik Ba\u015flang\u0131\u00e7 Amfisi<\/p><\/p>","protected":false},"featured_media":13134,"comment_status":"open","ping_status":"closed","template":"","meta":[],"product_cat":[63],"product_tag":[481],"acf":[],"_links":{"self":[{"href":"https:\/\/www.garden-kit.com\/tr\/wp-json\/wp\/v2\/product\/1841"}],"collection":[{"href":"https:\/\/www.garden-kit.com\/tr\/wp-json\/wp\/v2\/product"}],"about":[{"href":"https:\/\/www.garden-kit.com\/tr\/wp-json\/wp\/v2\/types\/product"}],"replies":[{"embeddable":true,"href":"https:\/\/www.garden-kit.com\/tr\/wp-json\/wp\/v2\/comments?post=1841"}],"wp:featuredmedia":[{"embeddable":true,"href":"https:\/\/www.garden-kit.com\/tr\/wp-json\/wp\/v2\/media\/13134"}],"wp:attachment":[{"href":"https:\/\/www.garden-kit.com\/tr\/wp-json\/wp\/v2\/media?parent=1841"}],"wp:term":[{"taxonomy":"product_cat","embeddable":true,"href":"https:\/\/www.garden-kit.com\/tr\/wp-json\/wp\/v2\/product_cat?post=1841"},{"taxonomy":"product_tag","embeddable":true,"href":"https:\/\/www.garden-kit.com\/tr\/wp-json\/wp\/v2\/product_tag?post=1841"}],"curies":[{"name":"wp","href":"https:\/\/api.w.org\/{rel}","templated":true}]}}