{"id":1846,"date":"2022-08-24T09:12:47","date_gmt":"2022-08-24T01:12:47","guid":{"rendered":"http:\/\/www.garden-kit.com\/product\/gin-making-kit-flavor-your-own-gin-flavor-your-own-bottle-with-twelve-botanicals-perfect-gift-idea\/"},"modified":"2024-03-07T10:14:19","modified_gmt":"2024-03-07T02:14:19","slug":"gin-making-kit","status":"publish","type":"product","link":"https:\/\/www.garden-kit.com\/tr\/product\/gin-making-kit\/","title":{"rendered":"Ev Yap\u0131m\u0131 Cin Yapma Seti"},"content":{"rendered":"<h3 style=\"font-size: 19px\">Genel Bak\u0131\u015f<\/h3>\n<table style=\"border-collapse: collapse;width: 100%;height: 330px\" cellspacing=\"0\">\n<tbody>\n<tr style=\"height: 40px\">\n<td style=\"height: 40px;vertical-align: top;width: 299px;border: 1px solid black\"><span style=\"font-family: 'PingFang SC', 'Microsoft YaHei', sans-serif;font-size: 16px\">\u00dcr\u00fcn Bak\u0131m Talimatlar\u0131<\/span><\/td>\n<td style=\"border-bottom: 1px solid black;border-left: none;border-right: 1px solid black;border-top: 1px solid black;height: 40px;vertical-align: top;width: 299px\"><span style=\"font-family: 'PingFang SC', 'Microsoft YaHei', sans-serif;font-size: 16px\">Mevcut<\/span><\/td>\n<\/tr>\n<tr style=\"height: 40px\">\n<td style=\"border-bottom: 1px solid black;border-left: 1px solid black;border-right: 1px solid black;border-top: none;height: 40px;vertical-align: top;width: 299px\"><span style=\"font-family: 'PingFang SC', 'Microsoft YaHei', sans-serif;font-size: 16px\">\u00fcr\u00fcn tipi<\/span><\/td>\n<td style=\"border-bottom: 1px solid black;border-left: none;border-right: 1px solid black;border-top: none;height: 40px;vertical-align: top;width: 299px\"><span style=\"font-family: 'PingFang SC', 'Microsoft YaHei', sans-serif;font-size: 16px\">C\u0130N YAPIM K\u0130T\u0130<\/span><\/td>\n<\/tr>\n<tr style=\"height: 40px\">\n<td style=\"border-bottom: 1px solid black;border-left: 1px solid black;border-right: 1px solid black;border-top: none;height: 40px;vertical-align: top;width: 299px\"><span style=\"font-family: 'PingFang SC', 'Microsoft YaHei', sans-serif;font-size: 16px\">\u00d6zel \u00f6zellik<\/span><\/td>\n<td style=\"border-bottom: 1px solid black;border-left: none;border-right: 1px solid black;border-top: none;height: 40px;vertical-align: top;width: 299px\"><span style=\"font-family: 'PingFang SC', 'Microsoft YaHei', sans-serif;font-size: 16px\">TWELVE Botanicals ile Kendi \u015ei\u015fenizi Tatland\u0131r\u0131n<\/span><\/td>\n<\/tr>\n<tr style=\"height: 42px\">\n<td style=\"border-bottom: 1px solid black;border-left: 1px solid black;border-right: 1px solid black;border-top: none;height: 42px;vertical-align: top;width: 299px\"><span style=\"font-family: 'PingFang SC', 'Microsoft YaHei', sans-serif;font-size: 16px\">Marka<\/span><\/td>\n<td style=\"border-bottom: 1px solid black;border-left: none;border-right: 1px solid black;border-top: none;height: 42px;vertical-align: top;width: 299px\"><span style=\"font-family: 'PingFang SC', 'Microsoft YaHei', sans-serif;font-size: 16px\">Bah\u00e7e Seti<\/span><\/td>\n<\/tr>\n<tr style=\"height: 42px\">\n<td style=\"border-bottom: 1px solid black;border-left: 1px solid black;border-right: 1px solid black;border-top: none;height: 42px;vertical-align: top;width: 299px\"><span style=\"font-family: 'PingFang SC', 'Microsoft YaHei', sans-serif;font-size: 16px\">Anavatan<\/span><\/td>\n<td style=\"border-bottom: 1px solid black;border-left: none;border-right: 1px solid black;border-top: none;height: 42px;vertical-align: top;width: 299px\"><span style=\"font-family: 'PingFang SC', 'Microsoft YaHei', sans-serif;font-size: 16px\">Fujian, \u00c7in<\/span><\/td>\n<\/tr>\n<tr style=\"height: 42px\">\n<td style=\"border-bottom: 1px solid black;border-left: 1px solid black;border-right: 1px solid black;border-top: none;height: 42px;vertical-align: top;width: 299px\"><span style=\"font-family: 'PingFang SC', 'Microsoft YaHei', sans-serif;font-size: 16px\">ODM\/OEM<\/span><\/td>\n<td style=\"border-bottom: 1px solid black;border-left: none;border-right: 1px solid black;border-top: none;height: 42px;vertical-align: top;width: 299px\"><span style=\"font-family: 'PingFang SC', 'Microsoft YaHei', sans-serif;font-size: 16px\">Mevcut<\/span><\/td>\n<\/tr>\n<tr style=\"height: 42px\">\n<td style=\"border-bottom: 1px solid black;border-left: 1px solid black;border-right: 1px solid black;border-top: none;height: 42px;vertical-align: top;width: 299px\"><span style=\"font-family: 'PingFang SC', 'Microsoft YaHei', sans-serif;font-size: 16px\">\u00d6zelle\u015ftirilmi\u015f sipari\u015f i\u00e7in MOQ<\/span><\/td>\n<td style=\"border-bottom: 1px solid black;border-left: none;border-right: 1px solid black;border-top: none;height: 42px;vertical-align: top;width: 299px\"><span style=\"font-family: 'PingFang SC', 'Microsoft YaHei', sans-serif;font-size: 16px\">3000 adet<\/span><\/td>\n<\/tr>\n<tr style=\"height: 42px\">\n<td style=\"border-bottom: 1px solid black;border-left: 1px solid black;border-right: 1px solid black;border-top: none;height: 42px;vertical-align: top;width: 299px\"><span style=\"font-family: 'PingFang SC', 'Microsoft YaHei', sans-serif;font-size: 16px\">\u00d6rnek maliyet<\/span><\/td>\n<td style=\"border-bottom: 1px solid black;border-left: none;border-right: 1px solid black;border-top: none;height: 42px;vertical-align: top;width: 299px\"><span style=\"font-family: 'PingFang SC', 'Microsoft YaHei', sans-serif;font-size: 16px\">US$400\/\u00d6rnek, bizden sipari\u015f verdikten sonra tam iade<\/span><\/td>\n<\/tr>\n<\/tbody>\n<\/table>\n<p style=\"line-height: 1.5\"><span style=\"font-family: 'PingFang SC', 'Microsoft YaHei', sans-serif\">&nbsp;<\/span><\/p>\n<p style=\"line-height: 1.5\"><span style=\"font-family: 'PingFang SC', 'Microsoft YaHei', sans-serif;font-size: 16px\">KEND\u0130 \u015eEY\u0130N\u0130Z\u0130 YAPIN - Standartla\u015ft\u0131r\u0131lm\u0131\u015f inf\u00fczyon kar\u0131\u015f\u0131mlar\u0131n\u0131n d\u0131\u015f\u0131na \u00e7\u0131k\u0131n ve bu \u00f6zel kitle hayal g\u00fcc\u00fcn\u00fcz\u00fc ve damak tad\u0131n\u0131z\u0131 serbest b\u0131rak\u0131n. \u0130htiyac\u0131n\u0131z olan tek ekstra \u015fey yarat\u0131c\u0131l\u0131\u011f\u0131n\u0131z; sadece biraz zaman ay\u0131r\u0131n ve tam aromal\u0131 bir kokteyl sizin \u00f6d\u00fcl\u00fcn\u00fcz olacak! En sevdi\u011finiz botanik esans\u0131 se\u00e7in ve kendi cininizi yarat\u0131n!<\/span><\/p>\n<p style=\"line-height: 1.5\"><span style=\"font-family: 'PingFang SC', 'Microsoft YaHei', sans-serif\">&nbsp;<\/span><\/p>\n<p style=\"line-height: 1.5\"><span style=\"font-family: 'PingFang SC', 'Microsoft YaHei', sans-serif;font-size: 16px\">A\u015fa\u011f\u0131daki \u00f6\u011feler kit i\u00e7erisinde yer almaktad\u0131r.<\/span><\/p>\n<p style=\"line-height: 1.5\"><span style=\"font-family: 'PingFang SC', 'Microsoft YaHei', sans-serif;font-size: 16px\">12 bitkimiz d\u00fcnyan\u0131n her yerinden geliyor ve bunlardan baz\u0131lar\u0131n\u0131 bulmak ger\u00e7ekten zor. Yine de en iyi cin yap\u0131m\u0131 deneyiminiz i\u00e7in onlar\u0131 bulma zorlu\u011funu kabul ettik!<\/span><\/p>\n<p style=\"line-height: 1.5\"><span style=\"font-family: 'PingFang SC', 'Microsoft YaHei', sans-serif;font-size: 16px\">D\u00fcnyan\u0131n d\u00f6rt bir yan\u0131ndan en kaliteli cin botaniklerini tedarik ediyoruz. ye\u015fil kakule - hibiskus \u00e7i\u00e7e\u011fi - ki\u015fni\u015f tohumu - k\u00fcp biber - lavanta \u00e7i\u00e7e\u011fi - defne - portakal kabu\u011fu - pembe biber - meyan k\u00f6k\u00fc - ard\u0131\u00e7<\/span><\/p>\n<p style=\"line-height: 1.5\"><span style=\"font-family: 'PingFang SC', 'Microsoft YaHei', sans-serif;font-size: 16px\">1 Ad\u0131m ad\u0131m talimat kart\u0131<\/span><\/p>\n<p style=\"line-height: 1.5\"><span style=\"font-family: 'PingFang SC', 'Microsoft YaHei', sans-serif;font-size: 16px\">1 adet \u00f6zelle\u015ftirilmi\u015f el i\u015fi kutusu<\/span><\/p>\n<p style=\"line-height: 1.5\"><span style=\"font-family: 'PingFang SC', 'Microsoft YaHei', sans-serif\">&nbsp;<\/span><\/p>\n<p style=\"line-height: 1.5\"><span style=\"font-family: 'PingFang SC', 'Microsoft YaHei', sans-serif;font-size: 18px\">HER K\u0130T 3 \u015e\u0130\u015eE C\u0130N \u00dcRETECEK<\/span><\/p>\n<p style=\"line-height: 1.5\"><span style=\"font-family: 'PingFang SC', 'Microsoft YaHei', sans-serif;font-size: 16px\">Ev Yap\u0131m\u0131 Cin: \u00d6zel cin fabrikam\u0131z ile kendi cininizi tadabilir ve arkada\u015flar\u0131n\u0131z ve ailenizle birlikte \u00fc\u00e7 \u015fi\u015fenin tad\u0131n\u0131 \u00e7\u0131karabilirsiniz.<\/span><\/p>\n<p style=\"line-height: 1.5\"><span style=\"font-family: 'PingFang SC', 'Microsoft YaHei', sans-serif;font-size: 16px\">12 egzotik bitki ve kendi cininizi yapmaya ba\u015flaman\u0131z i\u00e7in gereken t\u00fcm ekipman\u0131 i\u00e7erir<\/span><\/p>\n<p style=\"line-height: 1.5\"><span style=\"font-family: 'PingFang SC', 'Microsoft YaHei', sans-serif\">&nbsp;<\/span><\/p>\n<p style=\"line-height: 1.5\"><span style=\"font-family: 'PingFang SC', 'Microsoft YaHei', sans-serif;font-size: 16px\">Cin severler i\u00e7in m\u00fckemmel bir hediye fikri<\/span><\/p>\n<p style=\"line-height: 1.5\"><span style=\"font-family: 'PingFang SC', 'Microsoft YaHei', sans-serif;font-size: 16px\">Y\u00fcksek kaliteli i\u015f\u00e7ilik ve ambalaj: Ah\u015fap mantarl\u0131 iki cam \u015fi\u015fe, plastik i\u00e7ermeyen ambalaj, sade, zarif, s\u0131f\u0131r at\u0131k karton i\u00e7inde. Metal bir huni ve eksiksiz bir talimat paketi ile birlikte gelir.<\/span><\/p>\n<h3 style=\"font-size: 19px\">Cinin Etkinli\u011fi ve Rol\u00fc<\/h3>\n<p style=\"line-height: 1.5\"><span style=\"font-family: 'PingFang SC', 'Microsoft YaHei', sans-serif;font-size: 16px\">\u0130cad\u0131n\u0131n ba\u015flang\u0131c\u0131nda, cin esas olarak t\u0131bbi bir \u015farap olarak kullan\u0131l\u0131yordu. O zamanlar \u00e7o\u011funlukla mide problemlerini, gut hastal\u0131\u011f\u0131n\u0131 ve safra ta\u015flar\u0131n\u0131 tedavi etmek i\u00e7in kullan\u0131l\u0131yordu. \u0130yi tad\u0131 nedeniyle insanlar taraf\u0131ndan tercih ediliyordu.<br \/>Ho\u015f geldiniz. Yava\u015f yava\u015f t\u0131p alan\u0131na girerek, ana i\u015flevleri \u015funlard\u0131r:<\/span><\/p>\n<p style=\"line-height: 1.5\"><span style=\"font-family: 'PingFang SC', 'Microsoft YaHei', sans-serif;font-size: 16px\">1. V\u00fccudu \u0131s\u0131t\u0131n<br \/>Cin b\u00fcy\u00fck miktarda alkol i\u00e7erir. Kalorisi d\u00fc\u015f\u00fck de\u011fildir ve \u00e7ok s\u0131cak bir tad\u0131 vard\u0131r. Bu bir i\u00e7kidir. Do\u011fru \u015fekilde i\u00e7ilmesi kan dola\u015f\u0131m\u0131n\u0131 bir dereceye kadar iyile\u015ftirebilir, insan v\u00fccudunun meridyenlerini tarayabilir ve so\u011fu\u011fu uzakla\u015ft\u0131rmada ve s\u0131cak tutmada rol oynayabilir.<\/span><\/p>\n<p style=\"line-height: 1.5\"><span style=\"font-family: 'PingFang SC', 'Microsoft YaHei', sans-serif;font-size: 16px\">2. Yorgunlu\u011fu ortadan kald\u0131r\u0131n<br \/>Cin alkoll\u00fc bir i\u00e7kidir ve do\u011fru \u015fekilde i\u00e7ilmesi v\u00fccudun merkezi sinir sistemini uyarabilir. Stresli ve zihinsel olarak yorgun olan ki\u015filer i\u00e7in uygundur, yorgunluk ve gerginli\u011fin giderilmesinde faydal\u0131d\u0131r.<\/span><\/p>\n<p style=\"line-height: 1.5\"><span style=\"font-family: 'PingFang SC', 'Microsoft YaHei', sans-serif;font-size: 16px\">3. Metabolizmay\u0131 te\u015fvik etmek<br \/>Cin i\u00e7indeki alkol i\u00e7eri\u011fi nispeten y\u00fcksektir, bu da v\u00fccudun kan dola\u015f\u0131m\u0131n\u0131 iyile\u015ftirebilir, bu da t\u00fcm v\u00fccudun cildini uyarmak i\u00e7in faydal\u0131d\u0131r, b\u00f6ylece v\u00fccudun metabolizmas\u0131n\u0131 te\u015fvik eder.<br \/>Ayr\u0131ca v\u00fccut boyunca kan yoluyla ilerleyen sinir iletimi \u00fczerinde de etkili olabilir.<\/span><\/p>\n<p style=\"line-height: 1.5\"><span style=\"font-family: 'PingFang SC', 'Microsoft YaHei', sans-serif;font-size: 16px\">4. Di\u00fcrez ve \u015fi\u015fme<br \/>A\u015f\u0131r\u0131ya ka\u00e7madan cin yedikten sonra, insan v\u00fccudunun idrar yapmas\u0131na yard\u0131mc\u0131 olabilir ve v\u00fccudun \u00f6demini ve tutulan v\u00fccut s\u0131v\u0131lar\u0131n\u0131 azaltabilir. \u0130yi bir idrar s\u00f6kt\u00fcr\u00fcc\u00fcd\u00fcr ve kuru kilo veren ki\u015filer \u00fczerinde iyi bir etkiye sahiptir.<\/span><\/p>\n<p style=\"line-height: 1.5\"><span style=\"font-family: 'PingFang SC', 'Microsoft YaHei', sans-serif;font-size: 16px\"><\/span><\/p>\n<h3 style=\"font-size: 19px\">Ev Yap\u0131m\u0131 Cin Yap\u0131m Kiti Nas\u0131l Kullan\u0131l\u0131r?<\/h3>\n<p>Ev yap\u0131m\u0131 cin yap\u0131m kiti kullanmak basit ve anla\u015f\u0131l\u0131rd\u0131r:<\/p>\n<ol>\n<li>Ekipman\u0131 Sterilize Edin: Kontaminasyonu \u00f6nlemek i\u00e7in kullanmadan \u00f6nce t\u00fcm ekipman\u0131 sterilize edin.<\/li>\n<li>Botanik ekleyin: Kitte verilen botanikleri ard\u0131\u00e7 meyveleri ile birlikte kavanoz veya kaba ekleyin.<\/li>\n<li>Alkol ekleyin: Votka veya ba\u015fka bir n\u00f6tr ispirtoyu kavanoz veya kaba d\u00f6k\u00fcn, botanikleri ve ard\u0131\u00e7 meyvelerini \u00f6rt\u00fcn.<\/li>\n<li>Demleme: Kitte verilen tarife ba\u011fl\u0131 olarak kar\u0131\u015f\u0131m\u0131n birka\u00e7 g\u00fcn demlenmesine izin verin.<\/li>\n<li>S\u00fcz\u00fcn: Bitkisel maddeleri \u00e7\u0131karmak i\u00e7in kar\u0131\u015f\u0131m\u0131 bir t\u00fclbent veya kahve filtresi kullanarak s\u00fcz\u00fcn.<\/li>\n<li>\u015ei\u015fe: Demlenmi\u015f cini dikkatlice bir \u015fi\u015feye bo\u015falt\u0131n ve tad\u0131n\u0131 \u00e7\u0131kar\u0131n!<\/li>\n<\/ol>\n<h3 style=\"font-size: 19px\">Ev Yap\u0131m\u0131 Cin Yap\u0131m Kitinin Avantajlar\u0131<\/h3>\n<p>Ev yap\u0131m\u0131 cin yap\u0131m kiti kullanman\u0131n \u00e7e\u015fitli avantajlar\u0131 vard\u0131r. \u0130\u015fte bunlardan baz\u0131lar\u0131:<\/p>\n<ol>\n<li>\u00d6zelle\u015ftirme: Bir cin yap\u0131m kiti kullanarak evde kendi cininizi yapman\u0131n en b\u00fcy\u00fck avantajlar\u0131ndan biri, kulland\u0131\u011f\u0131n\u0131z tatlar ve botanikler \u00fczerinde tam kontrole sahip olman\u0131zd\u0131r. Sizin i\u00e7in m\u00fckemmel olan benzersiz ve ki\u015fiselle\u015ftirilmi\u015f bir cin olu\u015fturmak i\u00e7in farkl\u0131 botanik, baharat ve meyve kombinasyonlar\u0131n\u0131 deneyerek cini kendi ki\u015fisel tat tercihlerinize uyacak \u015fekilde \u00f6zelle\u015ftirebilirsiniz.<\/li>\n<li>Yarat\u0131c\u0131l\u0131k: Ev yap\u0131m\u0131 cin yap\u0131m kiti, yarat\u0131c\u0131l\u0131\u011f\u0131n\u0131z\u0131 ortaya \u00e7\u0131karman\u0131za ve farkl\u0131 tat ve aromalar\u0131 denemenize olanak tan\u0131r. Ard\u0131\u00e7 meyveleri, ki\u015fni\u015f tohumlar\u0131, narenciye kabuklar\u0131 ve hatta lavanta veya g\u00fcl yapraklar\u0131 gibi benzersiz malzemeler gibi botanik se\u00e7imlerinizle yarat\u0131c\u0131 olabilir, ger\u00e7ekten benzersiz ve kendi ki\u015fisel tarz\u0131n\u0131z\u0131 yans\u0131tan bir cin olu\u015fturabilirsiniz.<\/li>\n<li>Kaliteli Malzemeler: Bir\u00e7ok cin yap\u0131m kiti, y\u00fcksek kaliteli botanikler ve malzemelerle birlikte gelir ve cininizi olu\u015fturmak i\u00e7in taze ve birinci s\u0131n\u0131f malzemeler kullanman\u0131z\u0131 sa\u011flar. Bu, malzemelerin kalitesinin de\u011fi\u015febildi\u011fi ma\u011fazadan sat\u0131n al\u0131nan cinlere k\u0131yasla daha y\u00fcksek kaliteli bir cin ile sonu\u00e7lanabilir.<\/li>\n<li>E\u011flenceli ve E\u011fitici: Ev yap\u0131m\u0131 cin yap\u0131m kiti e\u011flenceli ve e\u011fitici bir deneyim olabilir. Cin \u00fcretiminde kullan\u0131lan farkl\u0131 botanikler hakk\u0131nda bilgi edinir, dam\u0131tma s\u00fcrecini anlar ve cin yap\u0131m\u0131 sanat\u0131 ve zanaat\u0131 i\u00e7in daha derin bir takdir geli\u015ftirirsiniz. Ayr\u0131ca arkada\u015flar\u0131n\u0131zla veya ailenizle yapabilece\u011finiz harika bir etkinlik olabilir, bu da onu e\u011flenceli ve sosyal bir deneyim haline getirir.<\/li>\n<li>Uygun maliyetli: Cin yap\u0131m kiti ile evde cin yapmak, ma\u011fazadan birinci s\u0131n\u0131f cin sat\u0131n almaya k\u0131yasla uygun maliyetli olabilir. Cin yap\u0131m kitini sat\u0131n almak i\u00e7in ba\u015flang\u0131\u00e7ta bir yat\u0131r\u0131m yap\u0131lmas\u0131 gerekse de, ev yap\u0131m\u0131 cin \u015fi\u015fesi ba\u015f\u0131na maliyet, ma\u011fazadan bir \u015fi\u015fe y\u00fcksek kaliteli cin sat\u0131n almaktan \u00f6nemli \u00f6l\u00e7\u00fcde daha d\u00fc\u015f\u00fck olabilir.<\/li>\n<li>S\u00fcrd\u00fcr\u00fclebilirlik: Ev yap\u0131m\u0131 cin yap\u0131m kiti kullanmak, kulland\u0131\u011f\u0131n\u0131z malzemeler \u00fczerinde kontrol sahibi olman\u0131z\u0131 sa\u011flar, bu da s\u00fcrd\u00fcr\u00fclebilirlik de\u011ferlerinize uygun se\u00e7imler yapabilece\u011finiz anlam\u0131na gelir. Organik veya yerel kaynakl\u0131 botanikler se\u00e7ebilir, \u015fi\u015feleri yeniden kullanarak at\u0131klar\u0131 azaltabilir ve ma\u011fazadan sat\u0131n al\u0131nan cinler i\u00e7in nakliyeye g\u00fcvenmek yerine yerel olarak cin \u00fcreterek daha k\u00fc\u00e7\u00fck bir karbon ayak izine sahip olabilirsiniz.<\/li>\n<li>E\u015fsiz Hediyeler: Ev yap\u0131m\u0131 cin yap\u0131m kiti, arkada\u015flar\u0131n\u0131z ve aileniz i\u00e7in de d\u00fc\u015f\u00fcnceli ve benzersiz bir hediye olabilir. \u00d6zel etiketler olu\u015fturabilir, kendi \u015fi\u015fe ambalaj\u0131n\u0131z\u0131 tasarlayabilir ve ger\u00e7ekten \u00f6zel ve anlaml\u0131 olan el yap\u0131m\u0131 bir \u015fi\u015fe cin sunabilirsiniz.<\/li>\n<\/ol>\n<h3 style=\"font-size: 19px\">Ev Yap\u0131m\u0131 Cin Yap\u0131m\u0131: Lezzette Bir Yolculuk<\/h3>\n<h4>1. <strong>Botaniklerin \u00d6l\u00e7\u00fclmesi ve Se\u00e7ilmesi: Sizin Cininiz, Sizin Kurallar\u0131n\u0131z<\/strong><\/h4>\n<p>Yarat\u0131c\u0131 s\u00fcre\u00e7, botaniklerinizi \u00f6l\u00e7mek ve se\u00e7mekle ba\u015flar. \u00d6nerilen oranlar i\u00e7in verilen talimat kitap\u00e7\u0131\u011f\u0131na bak\u0131n veya lezzet tercihlerinize g\u00f6re miktarlar\u0131 ayarlayarak denemeler yap\u0131n.<\/p>\n<h4>2. <strong>\u0130nf\u00fczyon: Temel Ruh ile Tatlar\u0131 Birle\u015ftirmek<\/strong><\/h4>\n<p>Se\u00e7ti\u011finiz botanikleri mason kavanozuna veya inf\u00fczyon kab\u0131na yerle\u015ftirin ve \u00fczerlerini temel ruhunuzla, tipik olarak n\u00f6tr bir alkolle \u00f6rt\u00fcn. Kar\u0131\u015f\u0131m\u0131 belirli bir s\u00fcre bekletin ve alkol\u00fcn botaniklerdeki aromalar\u0131 \u00e7\u0131karmas\u0131na izin verin.<\/p>\n<h4>3. <strong>Tad\u0131m ve Ayarlama: Ki\u015fiselle\u015ftirilmi\u015f Bir Dokunu\u015f<\/strong><\/h4>\n<p>Tat testi, cin yap\u0131m s\u00fcrecinde \u00e7ok \u00f6nemli bir ad\u0131md\u0131r. Botanikler demlendik\u00e7e, lezzet profilini de\u011ferlendirmek i\u00e7in kar\u0131\u015f\u0131mdan \u00f6rnek al\u0131n. Bu a\u015fama, gerekirse daha fazla botanik ekleyerek veya istenen tat elde edilene kadar inf\u00fczyonun devam etmesine izin vererek ayarlamalar yapman\u0131za olanak tan\u0131r.<\/p>\n<h4>4. <strong>S\u00fczme ve \u015ei\u015feleme: \u015ei\u015felenmi\u015f Bir Ba\u015fyap\u0131t<\/strong><\/h4>\n<p>Lezzetten memnun kald\u0131\u011f\u0131n\u0131zda, botanikleri \u00e7\u0131karmak i\u00e7in s\u0131v\u0131y\u0131 s\u00fcz\u00fcn ve size berrak, aromatik bir cin b\u0131rak\u0131n. Nihai \u00fcr\u00fcn\u00fc bir \u015fi\u015feye aktar\u0131n ve ev yap\u0131m\u0131 cininiz yudumlamaya ve kar\u0131\u015ft\u0131rmaya haz\u0131r olsun.<\/p>\n<h3 style=\"font-size: 19px\">Ki\u015fiselle\u015ftirme \u0130pu\u00e7lar\u0131: Cinlerinizi Y\u00fckseltin<\/h3>\n<h4>1. <strong>Botaniklerle Deneyler Yap\u0131n:<\/strong><\/h4>\n<p>Kitin sunduklar\u0131n\u0131n \u00f6tesinde ek botanikler denemekten \u00e7ekinmeyin. Taze otlar, baharatlar ve hatta \u00e7i\u00e7eksi \u00f6\u011feler cininize karma\u015f\u0131kl\u0131k ve derinlik katabilir.<\/p>\n<h4>2. <strong>Ya\u015flan\u0131yorum:<\/strong><\/h4>\n<p>Tatlar\u0131n\u0131 geli\u015ftirmek i\u00e7in cinlerinizi k\u0131sa bir s\u00fcre ya\u015fland\u0131rmay\u0131 d\u00fc\u015f\u00fcn\u00fcn. Cine ince odunsu notalar katmak i\u00e7in k\u00fc\u00e7\u00fck me\u015fe f\u0131\u00e7\u0131lar veya k\u00f6m\u00fcrle\u015fmi\u015f ah\u015fap \u00e7\u0131talar eklenebilir.<\/p>\n<h4>3. <strong>Etiketleme:<\/strong><\/h4>\n<p>Ev yap\u0131m\u0131 cinleriniz i\u00e7in ki\u015fiselle\u015ftirilmi\u015f bir etiket olu\u015fturun. Bu sadece bir profesyonellik dokunu\u015fu katmakla kalmaz, ayn\u0131 zamanda arkada\u015flar\u0131n\u0131z veya aileniz i\u00e7in harika bir hediye olmas\u0131n\u0131 sa\u011flar.<\/p>","protected":false},"excerpt":{"rendered":"<p>KEND\u0130 \u015eEY\u0130N\u0130Z\u0130 YAPIN - Standartla\u015ft\u0131r\u0131lm\u0131\u015f inf\u00fczyon kar\u0131\u015f\u0131mlar\u0131n\u0131n d\u0131\u015f\u0131na \u00e7\u0131k\u0131n ve bu \u00f6zel kitle hayal g\u00fcc\u00fcn\u00fcz\u00fc ve damak tad\u0131n\u0131z\u0131 serbest b\u0131rak\u0131n. \u0130htiyac\u0131n\u0131z olan tek ekstra \u015fey yarat\u0131c\u0131l\u0131\u011f\u0131n\u0131z: sadece biraz zaman ay\u0131r\u0131n ve tam aromal\u0131 bir kokteyl sizin \u00f6d\u00fcl\u00fcn\u00fcz olacak!<\/p>\n<p>Ev yap\u0131m\u0131 cin yap\u0131m kiti, evde kendi cininizi yapman\u0131n e\u011flenceli ve kolay bir yoludur. Bu kitler genellikle botanikler, ard\u0131\u00e7 meyveleri ve talimatlar da dahil olmak \u00fczere k\u00fc\u00e7\u00fck bir cin partisi olu\u015fturmak i\u00e7in gerekli t\u00fcm malzemeler ve ekipmanlarla birlikte gelir.<\/p><\/p>","protected":false},"featured_media":17857,"comment_status":"closed","ping_status":"closed","template":"","meta":[],"product_cat":[86],"product_tag":[790,555,563,560,551,557,553,791,552,792],"acf":[],"_links":{"self":[{"href":"https:\/\/www.garden-kit.com\/tr\/wp-json\/wp\/v2\/product\/1846"}],"collection":[{"href":"https:\/\/www.garden-kit.com\/tr\/wp-json\/wp\/v2\/product"}],"about":[{"href":"https:\/\/www.garden-kit.com\/tr\/wp-json\/wp\/v2\/types\/product"}],"replies":[{"embeddable":true,"href":"https:\/\/www.garden-kit.com\/tr\/wp-json\/wp\/v2\/comments?post=1846"}],"wp:featuredmedia":[{"embeddable":true,"href":"https:\/\/www.garden-kit.com\/tr\/wp-json\/wp\/v2\/media\/17857"}],"wp:attachment":[{"href":"https:\/\/www.garden-kit.com\/tr\/wp-json\/wp\/v2\/media?parent=1846"}],"wp:term":[{"taxonomy":"product_cat","embeddable":true,"href":"https:\/\/www.garden-kit.com\/tr\/wp-json\/wp\/v2\/product_cat?post=1846"},{"taxonomy":"product_tag","embeddable":true,"href":"https:\/\/www.garden-kit.com\/tr\/wp-json\/wp\/v2\/product_tag?post=1846"}],"curies":[{"name":"wp","href":"https:\/\/api.w.org\/{rel}","templated":true}]}}