{"id":1857,"date":"2022-08-24T09:13:28","date_gmt":"2022-08-24T01:13:28","guid":{"rendered":"http:\/\/www.garden-kit.com\/product\/craftly-explore-chili-6-gourmet-chilies-from-mild-to-hot\/"},"modified":"2023-03-31T16:35:10","modified_gmt":"2023-03-31T08:35:10","slug":"explore-chili","status":"publish","type":"product","link":"https:\/\/www.garden-kit.com\/tr\/product\/explore-chili\/","title":{"rendered":"\u015eili&#039;yi ke\u015ffedin"},"content":{"rendered":"<h3 style=\"font-size: 19px\"><span style=\"font-family: arial, helvetica, sans-serif;font-size: 16px\">Genel Bak\u0131\u015f<\/span><\/h3>\n<table style=\"border-collapse: collapse;width: 100%;height: 236.797px\" width=\"100%\">\n<tbody>\n<tr style=\"height: 26.375px\">\n<td style=\"height: 26.375px\" width=\"299\"><span style=\"font-family: arial, helvetica, sans-serif;font-size: 16px\">\u00dcr\u00fcn Bak\u0131m Talimatlar\u0131<\/span><\/td>\n<td style=\"height: 26.375px\" width=\"299\"><span style=\"font-family: arial, helvetica, sans-serif;font-size: 16px\">Mevcut<\/span><\/td>\n<\/tr>\n<tr style=\"height: 26.375px\">\n<td style=\"height: 26.375px\" width=\"299\"><span style=\"font-family: arial, helvetica, sans-serif;font-size: 16px\">\u00fcr\u00fcn tipi<\/span><\/td>\n<td style=\"height: 26.375px\" width=\"299\"><span style=\"font-family: arial, helvetica, sans-serif;font-size: 16px\">Barbek\u00fc Biber Kiti<\/span><\/td>\n<\/tr>\n<tr style=\"height: 28.375px\">\n<td style=\"height: 28.375px\" width=\"299\"><span style=\"font-family: arial, helvetica, sans-serif;font-size: 16px\">\u00d6zel \u00f6zellik<\/span><\/td>\n<td style=\"height: 28.375px\" width=\"299\"><span style=\"font-family: arial, helvetica, sans-serif;font-size: 16px\">6 adet hafiften ac\u0131ya do\u011fru gurme biber<\/span><\/td>\n<\/tr>\n<tr style=\"height: 26.375px\">\n<td style=\"height: 26.375px\" width=\"299\"><span style=\"font-family: arial, helvetica, sans-serif;font-size: 16px\">Marka<\/span><\/td>\n<td style=\"height: 26.375px\" width=\"299\"><span style=\"font-family: arial, helvetica, sans-serif;font-size: 16px\">Bah\u00e7e Kiti<\/span><\/td>\n<\/tr>\n<tr style=\"height: 26.375px\">\n<td style=\"height: 26.375px\" width=\"299\"><span style=\"font-family: arial, helvetica, sans-serif;font-size: 16px\">Anavatan<\/span><\/td>\n<td style=\"height: 26.375px\" width=\"299\"><span style=\"font-family: arial, helvetica, sans-serif;font-size: 16px\">Fujian, \u00c7in<\/span><\/td>\n<\/tr>\n<tr style=\"height: 33.375px\">\n<td style=\"height: 33.375px\" width=\"299\"><span style=\"font-family: arial, helvetica, sans-serif;font-size: 16px\">ODM\/OEM<\/span><\/td>\n<td style=\"height: 33.375px\" width=\"299\"><span style=\"font-family: arial, helvetica, sans-serif;font-size: 16px\">Mevcut<\/span><\/td>\n<\/tr>\n<tr style=\"height: 33.375px\">\n<td style=\"height: 33.375px\" width=\"299\"><span style=\"font-family: arial, helvetica, sans-serif;font-size: 16px\">\u00d6zelle\u015ftirilmi\u015f sipari\u015f i\u00e7in MOQ<\/span><\/td>\n<td style=\"height: 33.375px\" width=\"299\"><span style=\"font-family: arial, helvetica, sans-serif;font-size: 16px\">3000 adet<\/span><\/td>\n<\/tr>\n<tr style=\"height: 36.1719px\">\n<td style=\"height: 36.1719px\" width=\"299\"><span style=\"font-family: arial, helvetica, sans-serif;font-size: 16px\">\u00d6rnek maliyet<\/span><\/td>\n<td style=\"height: 36.1719px\" width=\"299\"><span style=\"font-family: arial, helvetica, sans-serif;font-size: 16px\">US$400\/\u00d6rnek, bizden sipari\u015f verdikten sonra tam iade<\/span><\/td>\n<\/tr>\n<\/tbody>\n<\/table>\n<pre>&nbsp;<\/pre>\n<p style=\"line-height: 1.5\"><span style=\"font-family: arial, helvetica, sans-serif;font-size: 16px\">Farkl\u0131 tatlar\u0131 deneyin - size bu alt\u0131 lezzetli ac\u0131 biberin neler yapabilece\u011fini tam olarak g\u00f6sterece\u011fiz! Setimizde, yarat\u0131c\u0131l\u0131\u011f\u0131n\u0131z\u0131 ifade edebilece\u011finiz \u00e7e\u015fitli renkler, tatlar ve \u0131s\u0131t\u0131c\u0131lar bekleyebilirsiniz. Her \u015fey farkl\u0131, hepsi benzersiz derecede lezzetli!<\/span><\/p>\n<pre><span style=\"font-family: arial, helvetica, sans-serif;font-size: 16px\"><br \/>A\u015fa\u011f\u0131daki \u00f6\u011feler kit i\u00e7erisinde yer almaktad\u0131r.<\/span><\/pre>\n<p style=\"line-height: 1.5\"><span style=\"font-family: arial, helvetica, sans-serif;font-size: 16px\">6 heyecan verici ve aromatik biber \u00e7e\u015fidi:<\/span><\/p>\n<p style=\"line-height: 1.5\"><span style=\"font-family: arial, helvetica, sans-serif;font-size: 16px\">Ancho Chili (2.000 Scoville)<\/span><\/p>\n<p style=\"line-height: 1.5\"><span style=\"font-family: arial, helvetica, sans-serif;font-size: 16px\">Jalape\u00f1o (5,000 Scoville)<\/span><\/p>\n<p style=\"line-height: 1.5\"><span style=\"font-family: arial, helvetica, sans-serif;font-size: 16px\">Chipotle (10.000 Scoville)<\/span><\/p>\n<p style=\"line-height: 1.5\"><span style=\"font-family: arial, helvetica, sans-serif;font-size: 16px\">Limon Damlas\u0131 (20.000 Scoville)<\/span><\/p>\n<p style=\"line-height: 1.5\"><span style=\"font-family: arial, helvetica, sans-serif;font-size: 16px\">Aji Charapita (50.000 Scoville)<\/span><\/p>\n<p style=\"line-height: 1.5\"><span style=\"font-family: arial, helvetica, sans-serif;font-size: 16px\">Habanero (200.000 Scoville)<\/span><\/p>\n<p style=\"line-height: 1.5\"><span style=\"font-family: arial, helvetica, sans-serif;font-size: 16px\">Baharat \u00e7e\u015fitlili\u011fini ke\u015ffedin - bu sette hafiften ate\u015fliye kadar de\u011fi\u015fen biberler bulabilirsiniz: Ancho, Jalapeno, Chipotle, Habanero, Limon Suyu ve Aji Charapita - d\u00fcnyan\u0131n en lezzetli Pahal\u0131 biberleri. \u0130ster acemi ister ac\u0131 biber uzman\u0131 olun, bu hediye setiyle s\u0131n\u0131rlar\u0131n\u0131z\u0131 test edin.<\/span><\/p>\n<p style=\"line-height: 1.5\"><span style=\"font-family: arial, helvetica, sans-serif;font-size: 16px\">Kendinizi ve do\u011fay\u0131 \u015f\u0131mart\u0131n - dekoratif cam test t\u00fcplerinde, g\u00fcbrelenebilir mantar i\u00e7inde paketlenen kar\u0131\u015f\u0131mlar\u0131m\u0131z ayn\u0131 zamanda ger\u00e7ek de\u011ferleriyle de etkileyicidir: tamamen do\u011fald\u0131rlar, yani katk\u0131 maddesi i\u00e7ermezler! Kutu ayr\u0131ca.<\/span><\/p>\n<p style=\"line-height: 1.5\"><span style=\"font-family: arial, helvetica, sans-serif;font-size: 16px\">Dene ve \u00d6\u011fren - Ac\u0131 biberi bilmek, ac\u0131y\u0131 tatmak demektir! \u0130htiyac\u0131n\u0131z olan tek \u015fey bir dilim salatal\u0131k ve bu keyifli bir egzersiz ve k\u00fc\u00e7\u00fck bir cesaret testi. Gerisini diliniz halledecektir. Tabii ki, arkada\u015flar\u0131n\u0131z ve ailenizle tat kar\u015f\u0131la\u015ft\u0131rmalar\u0131 yapabilirsiniz!<\/span><\/p>\n<p style=\"line-height: 1.5\"><span style=\"font-family: arial, helvetica, sans-serif;font-size: 16px\">\u0130ster do\u011fum g\u00fcn\u00fc hediyesi, ister k\u00fc\u00e7\u00fck bir te\u015fekk\u00fcr ya da barbek\u00fc partisi hat\u0131ras\u0131 olsun, setimiz chili severler ve hobiciler, erkekler ve kad\u0131nlar i\u00e7in ideal bir hediyedir. ne bekliyorsunuz? Chili'yi ke\u015ffedin!<\/span><\/p><\/p>","protected":false},"excerpt":{"rendered":"<p>Farkl\u0131 tatlar\u0131 deneyin - size bu alt\u0131 lezzetli ac\u0131 biberin neler yapabilece\u011fini tam olarak g\u00f6sterece\u011fiz! Setimizde, yarat\u0131c\u0131l\u0131\u011f\u0131n\u0131z\u0131 ifade edebilece\u011finiz \u00e7e\u015fitli renkler, tatlar ve \u0131s\u0131t\u0131c\u0131lar bekleyebilirsiniz. Her \u015fey farkl\u0131, hepsi benzersiz derecede lezzetli!<\/p>","protected":false},"featured_media":13076,"comment_status":"open","ping_status":"closed","template":"","meta":[],"product_cat":[86],"product_tag":[545,546,544,543],"acf":[],"_links":{"self":[{"href":"https:\/\/www.garden-kit.com\/tr\/wp-json\/wp\/v2\/product\/1857"}],"collection":[{"href":"https:\/\/www.garden-kit.com\/tr\/wp-json\/wp\/v2\/product"}],"about":[{"href":"https:\/\/www.garden-kit.com\/tr\/wp-json\/wp\/v2\/types\/product"}],"replies":[{"embeddable":true,"href":"https:\/\/www.garden-kit.com\/tr\/wp-json\/wp\/v2\/comments?post=1857"}],"wp:featuredmedia":[{"embeddable":true,"href":"https:\/\/www.garden-kit.com\/tr\/wp-json\/wp\/v2\/media\/13076"}],"wp:attachment":[{"href":"https:\/\/www.garden-kit.com\/tr\/wp-json\/wp\/v2\/media?parent=1857"}],"wp:term":[{"taxonomy":"product_cat","embeddable":true,"href":"https:\/\/www.garden-kit.com\/tr\/wp-json\/wp\/v2\/product_cat?post=1857"},{"taxonomy":"product_tag","embeddable":true,"href":"https:\/\/www.garden-kit.com\/tr\/wp-json\/wp\/v2\/product_tag?post=1857"}],"curies":[{"name":"wp","href":"https:\/\/api.w.org\/{rel}","templated":true}]}}