{"id":1863,"date":"2022-08-24T09:13:56","date_gmt":"2022-08-24T01:13:56","guid":{"rendered":"http:\/\/www.garden-kit.com\/product\/craftly-explore-pfeffer-6-ausgefallene-aromatische-pfeffer-im-probierset\/"},"modified":"2023-03-31T15:04:43","modified_gmt":"2023-03-31T07:04:43","slug":"chili-gift-set","status":"publish","type":"product","link":"https:\/\/www.garden-kit.com\/tr\/product\/chili-gift-set\/","title":{"rendered":"Biber Hediye Seti"},"content":{"rendered":"<h3 style=\"font-size: 19px\"><span style=\"font-family: arial, helvetica, sans-serif;font-size: 16px\">Genel Bak\u0131\u015f<\/span><\/h3>\n<table style=\"border-collapse: collapse;width: 100%;height: 300px\" width=\"100%\">\n<tbody>\n<tr style=\"height: 21px\">\n<td style=\"height: 21px\" width=\"299\"><span style=\"font-family: arial, helvetica, sans-serif;font-size: 16px\">\u00dcr\u00fcn Bak\u0131m Talimatlar\u0131<\/span><\/td>\n<td style=\"height: 21px\" width=\"299\"><span style=\"font-family: arial, helvetica, sans-serif;font-size: 16px\">Mevcut<\/span><\/td>\n<\/tr>\n<tr style=\"height: 21px\">\n<td style=\"height: 21px\" width=\"299\"><span style=\"font-family: arial, helvetica, sans-serif;font-size: 16px\">\u00fcr\u00fcn tipi<\/span><\/td>\n<td style=\"height: 21px\" width=\"299\"><span style=\"font-family: arial, helvetica, sans-serif;font-size: 16px\">6 s\u0131rad\u0131\u015f\u0131 ve aromatik biber seti<\/span><\/td>\n<\/tr>\n<tr style=\"height: 41px\">\n<td style=\"height: 41px\" width=\"299\"><span style=\"font-family: arial, helvetica, sans-serif;font-size: 16px\">\u00d6zel \u00f6zellik<\/span><\/td>\n<td style=\"height: 41px\" width=\"299\">\n<pre><span style=\"font-family: arial, helvetica, sans-serif;font-size: 16px\">Pepper&#039;\u0131 Ke\u015ffedin - Bir sette 6 s\u0131rad\u0131\u015f\u0131 ve aromatik biber<\/span><\/pre>\n<\/td>\n<\/tr>\n<tr style=\"height: 21px\">\n<td style=\"height: 21px\" width=\"299\"><span style=\"font-family: arial, helvetica, sans-serif;font-size: 16px\">Marka<\/span><\/td>\n<td style=\"height: 21px\" width=\"299\"><span style=\"font-family: arial, helvetica, sans-serif;font-size: 16px\">Bah\u00e7e Seti<\/span><\/td>\n<\/tr>\n<tr style=\"height: 21px\">\n<td style=\"height: 21px\" width=\"299\"><span style=\"font-family: arial, helvetica, sans-serif;font-size: 16px\">Anavatan<\/span><\/td>\n<td style=\"height: 21px\" width=\"299\"><span style=\"font-family: arial, helvetica, sans-serif;font-size: 16px\">Fujian, \u00c7in<\/span><\/td>\n<\/tr>\n<tr style=\"height: 21px\">\n<td style=\"height: 21px\" width=\"299\"><span style=\"font-family: arial, helvetica, sans-serif;font-size: 16px\">ODM\/OEM<\/span><\/td>\n<td style=\"height: 21px\" width=\"299\"><span style=\"font-family: arial, helvetica, sans-serif;font-size: 16px\">Mevcut<\/span><\/td>\n<\/tr>\n<tr style=\"height: 42px\">\n<td style=\"height: 42px\" width=\"299\"><span style=\"font-family: arial, helvetica, sans-serif;font-size: 16px\">\u00d6zelle\u015ftirilmi\u015f sipari\u015f i\u00e7in MOQ<\/span><\/td>\n<td style=\"height: 42px\" width=\"299\"><span style=\"font-family: arial, helvetica, sans-serif;font-size: 16px\">3000 adet<\/span><\/td>\n<\/tr>\n<tr style=\"height: 21px\">\n<td style=\"height: 21px\" width=\"299\"><span style=\"font-family: arial, helvetica, sans-serif;font-size: 16px\">\u00d6rnek maliyet<\/span><\/td>\n<td style=\"height: 21px\" width=\"299\"><span style=\"font-family: arial, helvetica, sans-serif;font-size: 16px\">US$400\/\u00d6rnek, bizden sipari\u015f verdikten sonra tam iade<\/span><\/td>\n<\/tr>\n<\/tbody>\n<\/table>\n<pre>&nbsp;<\/pre>\n<p><span style=\"font-family: arial, helvetica, sans-serif;font-size: 16px\">Yerliler biberlerin nerede yeti\u015fti\u011fini biliyor. En az\u0131ndan ya\u015f\u0131tlar\u0131n\u0131n oraya gitmesini isteyenler bunu bilmeli. Biberlerin nas\u0131l b\u00fcy\u00fcd\u00fc\u011f\u00fc ba\u015fka bir konudur: \u00c7ok az ki\u015fi baharat raf\u0131n\u0131zdaki koyu renkli tanelerin arkas\u0131nda subtropikal t\u0131rman\u0131c\u0131lar\u0131n oldu\u011fundan \u015f\u00fcphelenir. Karabiber a\u011fac\u0131 (Piper nigrum) her zaman h\u0131zl\u0131 bir \u015fekilde b\u00fcy\u00fcm\u00fc\u015ft\u00fcr: \u0130lk olarak, orijinal olarak geldi\u011fi ve uzun s\u00fcre baharat ve \u015fifal\u0131 bitki olarak kabul edildi\u011fi Do\u011fu Hindistan&#039;\u0131n Malabar k\u0131y\u0131s\u0131ndaki a\u011fa\u00e7larda b\u00fcy\u00fcm\u00fc\u015ft\u00fcr. En ge\u00e7 M\u00d6 4. y\u00fczy\u0131ldan itibaren. Ve sonra Avrupa&#039;da da. Ancak bir t\u0131rman\u0131c\u0131 bitki olarak de\u011fil; eksik olan tek \u015fey s\u0131cakl\u0131kt\u0131r, ama o andan itibaren etraf\u0131nda d\u00f6nmesi gereken efsanelere yem olarak: g\u00fc\u00e7l\u00fcler ve zenginler taraf\u0131ndan de\u011fer verilen pahal\u0131 bir l\u00fcks.<\/span><\/p>\n<pre><span style=\"font-family: arial, helvetica, sans-serif;font-size: 16px\">A\u015fa\u011f\u0131daki \u00f6\u011feler kit i\u00e7erisinde yer almaktad\u0131r.<\/span><\/pre>\n<p><span style=\"font-family: arial, helvetica, sans-serif;font-size: 16px\">\u00d6rnek sette 6 aromatik ve s\u0131rad\u0131\u015f\u0131 biber:<\/span><\/p>\n<p><span style=\"font-family: arial, helvetica, sans-serif;font-size: 16px\">Timur biberi<\/span><\/p>\n<p><span style=\"font-family: arial, helvetica, sans-serif;font-size: 16px\">Cameo Biber<\/span><\/p>\n<p><span style=\"font-family: arial, helvetica, sans-serif;font-size: 16px\">Fermente Kampot Biberi<\/span><\/p>\n<p><span style=\"font-family: arial, helvetica, sans-serif;font-size: 16px\">K\u0131rm\u0131z\u0131 Kampot Biberi<\/span><\/p>\n<p><span style=\"font-family: arial, helvetica, sans-serif;font-size: 16px\">Ye\u015fil biber<\/span><\/p>\n<p><span style=\"font-family: arial, helvetica, sans-serif;font-size: 16px\">Tazmanya da\u011f biberi<\/span><\/p>\n<p><span style=\"font-family: arial, helvetica, sans-serif;font-size: 16px\">1 Ad\u0131m ad\u0131m talimat kart\u0131<\/span><\/p>\n<p><span style=\"font-family: arial, helvetica, sans-serif;font-size: 16px\">1 adet \u00f6zelle\u015ftirilmi\u015f el i\u015fi kutusu<\/span><\/p>\n<p><span style=\"font-family: arial, helvetica, sans-serif;font-size: 16px\"><\/span><\/p>\n<p>Karabiber ve \u00e7e\u015fitli baharatlar<br \/>S\u00fclfit, gluten, hardal, kereviz, soya ve susam i\u00e7erebilir<br \/>Sarawak Beyaz\u0131, G\u00f6kku\u015fa\u011f\u0131 Kar\u0131\u015f\u0131m\u0131, Malezya Uzun Biberi, Limon Biberi, Vietnam Siyah\u0131, Brezilya Pembesi, \u00c7in Szechuan ve Hint Ye\u015fil biber kar\u0131\u015f\u0131mlar\u0131n\u0131 i\u00e7erir&nbsp;<\/p>\n<\/p>\n<p><span style=\"font-family: arial, helvetica, sans-serif;font-size: 16px\">Heyecan verici tatlar\u0131 ke\u015ffedin: D\u00fcnyan\u0131n en heyecan verici biberlerinden baz\u0131lar\u0131n\u0131 tatmak i\u00e7in heyecan verici bir yolculu\u011fa \u00e7\u0131k\u0131n: Himalayalardan Kambo\u00e7ya&#039;ya ve Tazmanya&#039;ya.<\/span><\/p>\n<p>&nbsp;<\/p>\n<p><span style=\"font-family: arial, helvetica, sans-serif;font-size: 16px\">Kaliteli Baharat Kavanozlar\u0131: Kaliteli cam ve do\u011fal mantardan \u00fcretilmi\u015f 6 adet kavanozu mutfa\u011f\u0131n\u0131zda baharat kavanozu olarak kullanmaya devam edebilirsiniz.<\/span><\/p>\n<p><span style=\"font-family: arial, helvetica, sans-serif;font-size: 16px\">S\u00fcrd\u00fcr\u00fclebilir Ambalaj: Tuzumuzu paketlerken bilin\u00e7li olarak plastik kullanm\u0131yoruz ve 100% geri d\u00f6n\u00fc\u015ft\u00fcr\u00fclebilir ambalaja g\u00fcveniyoruz.<\/span><\/p>\n<p>&nbsp;<\/p>\n<p><span style=\"font-family: arial, helvetica, sans-serif;font-size: 16px\">Premium Chili: Chili&#039;miz en y\u00fcksek kalite standartlar\u0131na g\u00f6re \u00fcretilmi\u015ftir.<\/span><\/p>\n<p><span style=\"font-family: arial, helvetica, sans-serif;font-size: 16px\">HAR\u0130KA HED\u0130YE: \u0130ster Noel hediyesi, ister yeni eve ta\u015f\u0131nma hediyesi olarak, merakl\u0131 yemek tutkunlar\u0131 veya aradaki biri i\u00e7in harika bir hediye!<\/span><\/p><\/p>","protected":false},"excerpt":{"rendered":"<p>Yerliler biberlerin nerede yeti\u015fti\u011fini biliyor. En az\u0131ndan ya\u015f\u0131tlar\u0131n\u0131n oraya gitmesini isteyenler bunu bilmeli. Biberlerin nas\u0131l b\u00fcy\u00fcd\u00fc\u011f\u00fc ba\u015fka bir konudur: \u00c7ok az ki\u015fi baharat raf\u0131n\u0131zdaki koyu renkli tanelerin arkas\u0131nda subtropikal t\u0131rman\u0131c\u0131lar\u0131n oldu\u011fundan \u015f\u00fcphelenir.<\/p>","protected":false},"featured_media":12502,"comment_status":"open","ping_status":"closed","template":"","meta":[],"product_cat":[86],"product_tag":[448,449,450,446,447],"acf":[],"_links":{"self":[{"href":"https:\/\/www.garden-kit.com\/tr\/wp-json\/wp\/v2\/product\/1863"}],"collection":[{"href":"https:\/\/www.garden-kit.com\/tr\/wp-json\/wp\/v2\/product"}],"about":[{"href":"https:\/\/www.garden-kit.com\/tr\/wp-json\/wp\/v2\/types\/product"}],"replies":[{"embeddable":true,"href":"https:\/\/www.garden-kit.com\/tr\/wp-json\/wp\/v2\/comments?post=1863"}],"wp:featuredmedia":[{"embeddable":true,"href":"https:\/\/www.garden-kit.com\/tr\/wp-json\/wp\/v2\/media\/12502"}],"wp:attachment":[{"href":"https:\/\/www.garden-kit.com\/tr\/wp-json\/wp\/v2\/media?parent=1863"}],"wp:term":[{"taxonomy":"product_cat","embeddable":true,"href":"https:\/\/www.garden-kit.com\/tr\/wp-json\/wp\/v2\/product_cat?post=1863"},{"taxonomy":"product_tag","embeddable":true,"href":"https:\/\/www.garden-kit.com\/tr\/wp-json\/wp\/v2\/product_tag?post=1863"}],"curies":[{"name":"wp","href":"https:\/\/api.w.org\/{rel}","templated":true}]}}