{"id":3975,"date":"2022-10-19T13:23:55","date_gmt":"2022-10-19T05:23:55","guid":{"rendered":"https:\/\/www.garden-kit.com\/product\/perfect-slice\/"},"modified":"2023-03-31T14:57:32","modified_gmt":"2023-03-31T06:57:32","slug":"seed-bomb-kit","status":"publish","type":"product","link":"https:\/\/www.garden-kit.com\/tr\/product\/seed-bomb-kit\/","title":{"rendered":"Tohum Bombas\u0131 Kiti"},"content":{"rendered":"<h3 style=\"line-height: 1.5;font-size: 19px\"><span style=\"font-family: arial, helvetica, sans-serif;font-size: 16px\">Genel Bak\u0131\u015f<\/span><\/h3>\n<table border=\"1\" cellspacing=\"0\" style=\"border-collapse: collapse;width: 100%\">\n<tbody>\n<tr>\n<td valign=\"top\" width=\"373\">\n<p><span style=\"font-family: arial, helvetica, sans-serif;font-size: 16px\">\u00dcr\u00fcn Bak\u0131m Talimatlar\u0131<\/span><\/p>\n<\/td>\n<td valign=\"top\" width=\"373\">\n<p><span style=\"font-family: arial, helvetica, sans-serif;font-size: 16px\">Mevcut<\/span><\/p>\n<\/td>\n<\/tr>\n<tr>\n<td valign=\"top\" width=\"373\">\n<p><span style=\"font-family: arial, helvetica, sans-serif;font-size: 16px\">Bitki \u00dcr\u00fcn Tipi<\/span><\/p>\n<\/td>\n<td valign=\"top\" width=\"373\">\n<p><span style=\"font-family: arial, helvetica, sans-serif;font-size: 16px\">Domates ve Otlar <\/span><\/p>\n<\/td>\n<\/tr>\n<tr>\n<td valign=\"top\" width=\"373\">\n<p><span style=\"font-family: arial, helvetica, sans-serif;font-size: 16px\">\u00d6zel \u00f6zellik<\/span><\/p>\n<\/td>\n<td valign=\"top\" width=\"373\">\n<p><span style=\"font-family: arial, helvetica, sans-serif;font-size: 16px\">Kapal\u0131-A\u00e7\u0131k Yeti\u015ftirme<\/span><\/p>\n<\/td>\n<\/tr>\n<tr>\n<td valign=\"top\" width=\"373\">\n<p><span style=\"font-family: arial, helvetica, sans-serif;font-size: 16px\">Marka<\/span><\/p>\n<\/td>\n<td valign=\"top\" width=\"373\">\n<p><span style=\"font-family: arial, helvetica, sans-serif;font-size: 16px\">Bah\u00e7e Seti<\/span><\/p>\n<\/td>\n<\/tr>\n<tr>\n<td valign=\"top\" width=\"373\">\n<p><span style=\"font-family: arial, helvetica, sans-serif;font-size: 16px\">Anavatan<\/span><\/p>\n<\/td>\n<td valign=\"top\" width=\"373\">\n<p><span style=\"font-family: arial, helvetica, sans-serif;font-size: 16px\">Fujian, \u00c7in<\/span><\/p>\n<\/td>\n<\/tr>\n<tr>\n<td valign=\"top\" width=\"373\">\n<p><span style=\"font-family: arial, helvetica, sans-serif;font-size: 16px\">ODM\/OEM<\/span><\/p>\n<\/td>\n<td valign=\"top\" width=\"373\">\n<p><span style=\"font-family: arial, helvetica, sans-serif;font-size: 16px\">Mevcut<\/span><\/p>\n<\/td>\n<\/tr>\n<tr>\n<td valign=\"top\" width=\"373\">\n<p><span style=\"font-family: arial, helvetica, sans-serif;font-size: 16px\">\u00d6zelle\u015ftirilmi\u015f sipari\u015f i\u00e7in MOQ<\/span><\/p>\n<\/td>\n<td valign=\"top\" width=\"373\">\n<p><span style=\"font-family: arial, helvetica, sans-serif;font-size: 16px\">3000 adet<\/span><\/p>\n<\/td>\n<\/tr>\n<tr>\n<td valign=\"top\" width=\"373\">\n<p><span style=\"font-family: arial, helvetica, sans-serif;font-size: 16px\">\u00d6rnek maliyet<\/span><\/p>\n<\/td>\n<td valign=\"top\" width=\"373\">\n<p><span style=\"font-family: arial, helvetica, sans-serif;font-size: 16px\">US$400\/\u00d6rnek, bizden sipari\u015f verdikten sonra tam iade<\/span><\/p>\n<\/td>\n<\/tr>\n<\/tbody>\n<\/table>\n<p style=\"line-height: 1.5\"><span style=\"font-family: arial, helvetica, sans-serif;font-size: 16px\"><\/span><\/p>\n<p style=\"line-height: 1.5\"><span style=\"font-family: arial, helvetica, sans-serif;font-size: 16px\">M\u00fckemmel Dilim \u2013 Hediye Seti: \u00c7ok kolay \u2013 Domates ve \u015fifal\u0131 bitki tohumu yeti\u015ftirme konusunda tahminleri ortadan kald\u0131rarak size yolun her ad\u0131m\u0131nda rehberlik ediyoruz. Domates ve \u015fifal\u0131 otlar\u0131n keyfini sizin veya sevdiklerinizin hayat\u0131na ta\u015f\u0131mak i\u00e7in ihtiyac\u0131n\u0131z olan her \u015fey g\u00fczel bir hediye kutusunda. Dik!<\/span><\/p>\n<p style=\"line-height: 1.5\"><span style=\"font-family: arial, helvetica, sans-serif;font-size: 16px\">&nbsp;<\/span><\/p>\n<p style=\"line-height: 1.5\"><span style=\"font-family: arial, helvetica, sans-serif;font-size: 16px\">A\u015fa\u011f\u0131daki \u00f6\u011feler kit i\u00e7erisinde yer almaktad\u0131r.<\/span><span style=\"font-family: arial, helvetica, sans-serif;font-size: 16px\">&nbsp;<\/span><\/p>\n<p style=\"line-height: 1.5\"><span style=\"font-family: arial, helvetica, sans-serif;font-size: 16px\">Pizza Garden Tohum Topu Seti: Biyolojik olarak par\u00e7alanabilen bir torbada kil ve solucan g\u00fcbresi, organik kenosis fesle\u011fen, organik kiraz domates, organik roka ve organik Yunan kekik tohumlar\u0131, bah\u00e7e k\u0131lavuzu cetveli ve ekim talimatlar\u0131. En fazla 20 tohum topu.<\/span><\/p>\n<p style=\"line-height: 1.5\"><span style=\"font-family: arial, helvetica, sans-serif;font-size: 16px\">Pizza Kesici: Paslanmaz \u00c7elik B\u0131\u00e7ak, Koruyucu B\u0131\u00e7ak Kapa\u011f\u0131, Bula\u015f\u0131k Makinesinde Y\u0131kanabilir<\/span><\/p>\n<p style=\"line-height: 1.5\"><span style=\"font-family: arial, helvetica, sans-serif;font-size: 16px\">Bah\u00e7e Etiketi: Bambu<\/span><span style=\"font-family: arial, helvetica, sans-serif;font-size: 16px\">&nbsp;<\/span><\/p>\n<p style=\"line-height: 1.5\"><span style=\"font-family: arial, helvetica, sans-serif;font-size: 16px\">Ailenizin, \u0130talyan esintili bereketli bir bah\u00e7ede pizza gecesi i\u00e7in gerekli t\u00fcm malzemeleri yeti\u015ftirmeye ba\u015flamas\u0131n\u0131 sa\u011flayacak renkli bir koleksiyon.<\/span><\/p>\n<p style=\"line-height: 1.5\"><span style=\"font-family: arial, helvetica, sans-serif;font-size: 16px\">&nbsp;<\/span><\/p>\n<p style=\"line-height: 1.5\"><span style=\"font-family: arial, helvetica, sans-serif;font-size: 16px\">Pizza Bah\u00e7esi Tohum Topu Seti: Besin a\u00e7\u0131s\u0131ndan yo\u011fun 20 tohum topu yapmak i\u00e7in ihtiyac\u0131n\u0131z olan temel bilgiler ve g\u00fczel bir bah\u00e7eye ba\u015flamak i\u00e7in ekim talimatlar\u0131. Organik fesle\u011fen, roka, kiraz domates ve kekik tohumlar\u0131 i\u00e7erir.<\/span><\/p>\n<p style=\"line-height: 1.5\">\n<p style=\"line-height: 1.5\"><span style=\"font-family: arial, helvetica, sans-serif;font-size: 16px\">Pizza Kesici: Pizza ve g\u00f6zlemelerin kolayca kesilmesi i\u00e7in kullan\u0131m\u0131 kolay sapl\u0131 ergonomik mutfak aleti.<\/span><\/p>\n<p style=\"line-height: 1.5\">\n<p style=\"line-height: 1.5\"><span style=\"font-family: arial, helvetica, sans-serif;font-size: 16px\">Bah\u00e7e \u0130\u015faretleyicileri: \u0130talyan bah\u00e7eniz i\u00e7in d\u00f6rt adet bambu bitki i\u015faret\u00e7isi.<\/span><\/p>\n<p style=\"line-height: 1.5\"><span style=\"font-family: arial, helvetica, sans-serif;font-size: 16px\">Kutu Kiti: 12,125\u2033G x 9,25\u2033Y x 6\u2033D<\/span><\/p>\n<p style=\"line-height: 1.5\"><span style=\"font-family: arial, helvetica, sans-serif;font-size: 16px\">Pizza Bah\u00e7esi Tohum Topu Seti: 6\u2033 G x 4\u2033 Y x 8\u2033 D<\/span><span style=\"font-family: arial, helvetica, sans-serif;font-size: 16px\">&nbsp;<\/span><\/p>\n<p style=\"line-height: 1.5\"><span style=\"font-family: arial, helvetica, sans-serif;font-size: 16px\">Pizza Kesici: 4\u2033 x 3,7\u2033<\/span><span style=\"font-family: arial, helvetica, sans-serif;font-size: 16px\">&nbsp;<\/span><\/p>\n<p style=\"line-height: 1.5\"><span style=\"font-family: arial, helvetica, sans-serif;font-size: 16px\">Bah\u00e7e kalemi: 2,3&quot; x 4&quot;<\/span><\/p><\/p>","protected":false},"excerpt":{"rendered":"<p>tohum bombas\u0131 kiti - Hediye Seti: \u00c7ok kolay - Domates ve \u015fifal\u0131 bitki tohumu yeti\u015ftirme konusunda tahminleri ortadan kald\u0131r\u0131yoruz ve size yolun her ad\u0131m\u0131nda rehberlik ediyoruz. Domates ve \u015fifal\u0131 otlar\u0131n keyfini sizin veya sevdiklerinizin hayat\u0131na ta\u015f\u0131mak i\u00e7in ihtiyac\u0131n\u0131z olan her \u015fey g\u00fczel bir hediye kutusunda. Dik!<\/p>","protected":false},"featured_media":12356,"comment_status":"open","ping_status":"closed","template":"","meta":[],"product_cat":[67],"product_tag":[511,512],"acf":[],"_links":{"self":[{"href":"https:\/\/www.garden-kit.com\/tr\/wp-json\/wp\/v2\/product\/3975"}],"collection":[{"href":"https:\/\/www.garden-kit.com\/tr\/wp-json\/wp\/v2\/product"}],"about":[{"href":"https:\/\/www.garden-kit.com\/tr\/wp-json\/wp\/v2\/types\/product"}],"replies":[{"embeddable":true,"href":"https:\/\/www.garden-kit.com\/tr\/wp-json\/wp\/v2\/comments?post=3975"}],"wp:featuredmedia":[{"embeddable":true,"href":"https:\/\/www.garden-kit.com\/tr\/wp-json\/wp\/v2\/media\/12356"}],"wp:attachment":[{"href":"https:\/\/www.garden-kit.com\/tr\/wp-json\/wp\/v2\/media?parent=3975"}],"wp:term":[{"taxonomy":"product_cat","embeddable":true,"href":"https:\/\/www.garden-kit.com\/tr\/wp-json\/wp\/v2\/product_cat?post=3975"},{"taxonomy":"product_tag","embeddable":true,"href":"https:\/\/www.garden-kit.com\/tr\/wp-json\/wp\/v2\/product_tag?post=3975"}],"curies":[{"name":"wp","href":"https:\/\/api.w.org\/{rel}","templated":true}]}}