{"id":3986,"date":"2022-10-19T13:27:17","date_gmt":"2022-10-19T05:27:17","guid":{"rendered":"https:\/\/www.garden-kit.com\/product\/plantable-seed-paper-mini-notebook\/"},"modified":"2023-04-11T17:03:02","modified_gmt":"2023-04-11T09:03:02","slug":"plantable-notebook","status":"publish","type":"product","link":"https:\/\/www.garden-kit.com\/tr\/product\/plantable-notebook\/","title":{"rendered":"Ekilebilir Defter"},"content":{"rendered":"<p><span style=\"font-family: 'PingFang SC', 'Microsoft YaHei', sans-serif;font-size: 16px\">Bitkilerin ekilmesi ve g\u00f6zlemlenmesi yoluyla, \u00e7ocuklar\u0131n \u00f6n ba\u011f\u0131ms\u0131z ke\u015fif yetene\u011fini ve fark\u0131ndal\u0131\u011f\u0131n\u0131 geli\u015ftirmek, \u00e7evreye dikkat etmek ve duygular\u0131n\u0131 geli\u015ftirmek ve \u00e7ocuklar\u0131n alg\u0131s\u0131n\u0131 ve yarat\u0131c\u0131l\u0131\u011f\u0131n\u0131 geli\u015ftirmek.<br \/>Ayn\u0131 zamanda, sosyal becerileri ve duygusal geli\u015fimi geli\u015ftirmek, \u00e7ocuklar\u0131n ekimin getirdi\u011fi mutlulu\u011fu ya\u015farken do\u011faya ilgi duymalar\u0131n\u0131 sa\u011flamak, insan ve do\u011fa aras\u0131ndaki birbirine ba\u011fl\u0131 ince ili\u015fkiyi hissetmek, \u00e7ocuklar\u0131n erken ya\u015flardan itibaren ya\u015fama sevgi ve sayg\u0131 duymalar\u0131n\u0131 sa\u011flamak.<\/span><\/p>\n<h3 style=\"font-size: 19px\">Genel Bak\u0131\u015f<\/h3>\n<table border=\"1\" cellspacing=\"0\" style=\"border-collapse: collapse;width: 100%\">\n<tbody>\n<tr>\n<td valign=\"top\" width=\"373\">\n<p><span style=\"font-family: 'PingFang SC', 'Microsoft YaHei', sans-serif;font-size: 16px\">\u00dcr\u00fcn Bak\u0131m Talimatlar\u0131<\/span><\/p>\n<\/td>\n<td valign=\"top\" width=\"373\">\n<p><span style=\"font-family: 'PingFang SC', 'Microsoft YaHei', sans-serif;font-size: 16px\">Mevcut<\/span><\/p>\n<\/td>\n<\/tr>\n<tr>\n<td valign=\"top\" width=\"373\">\n<p><span style=\"font-family: 'PingFang SC', 'Microsoft YaHei', sans-serif;font-size: 16px\">Bitki \u00dcr\u00fcn Tipi<\/span><\/p>\n<\/td>\n<td valign=\"top\" width=\"373\">\n<p><span style=\"font-family: 'PingFang SC', 'Microsoft YaHei', sans-serif;font-size: 16px\">k\u0131r \u00e7i\u00e7e\u011fi ve \u00e7\u0131nar a\u011fac\u0131<\/span><\/p>\n<\/td>\n<\/tr>\n<tr>\n<td valign=\"top\" width=\"373\">\n<p><span style=\"font-family: 'PingFang SC', 'Microsoft YaHei', sans-serif;font-size: 16px\">\u00d6zel \u00f6zellik<\/span><\/p>\n<\/td>\n<td valign=\"top\" width=\"373\">\n<p><span style=\"font-family: 'PingFang SC', 'Microsoft YaHei', sans-serif;font-size: 16px\">Kapal\u0131-A\u00e7\u0131k Yeti\u015ftirme<\/span><\/p>\n<\/td>\n<\/tr>\n<tr>\n<td valign=\"top\" width=\"373\">\n<p><span style=\"font-family: 'PingFang SC', 'Microsoft YaHei', sans-serif;font-size: 16px\">Marka<\/span><\/p>\n<\/td>\n<td valign=\"top\" width=\"373\">\n<p><span style=\"font-family: 'PingFang SC', 'Microsoft YaHei', sans-serif;font-size: 16px\">Bah\u00e7e Seti<\/span><\/p>\n<\/td>\n<\/tr>\n<tr>\n<td valign=\"top\" width=\"373\">\n<p><span style=\"font-family: 'PingFang SC', 'Microsoft YaHei', sans-serif;font-size: 16px\">Anavatan<\/span><\/p>\n<\/td>\n<td valign=\"top\" width=\"373\">\n<p><span style=\"font-family: 'PingFang SC', 'Microsoft YaHei', sans-serif;font-size: 16px\">Fujian, \u00c7in<\/span><\/p>\n<\/td>\n<\/tr>\n<tr>\n<td valign=\"top\" width=\"373\">\n<p><span style=\"font-family: 'PingFang SC', 'Microsoft YaHei', sans-serif;font-size: 16px\">ODM\/OEM<\/span><\/p>\n<\/td>\n<td valign=\"top\" width=\"373\">\n<p><span style=\"font-family: 'PingFang SC', 'Microsoft YaHei', sans-serif;font-size: 16px\">Mevcut<\/span><\/p>\n<\/td>\n<\/tr>\n<tr>\n<td valign=\"top\" width=\"373\">\n<p><span style=\"font-family: 'PingFang SC', 'Microsoft YaHei', sans-serif;font-size: 16px\">\u00d6zelle\u015ftirilmi\u015f sipari\u015f i\u00e7in MOQ<\/span><\/p>\n<\/td>\n<td valign=\"top\" width=\"373\">\n<p><span style=\"font-family: 'PingFang SC', 'Microsoft YaHei', sans-serif;font-size: 16px\">3000 adet<\/span><\/p>\n<\/td>\n<\/tr>\n<tr>\n<td valign=\"top\" width=\"373\">\n<p><span style=\"font-family: 'PingFang SC', 'Microsoft YaHei', sans-serif;font-size: 16px\">\u00d6rnek maliyet<\/span><\/p>\n<\/td>\n<td valign=\"top\" width=\"373\">\n<p><span style=\"font-family: 'PingFang SC', 'Microsoft YaHei', sans-serif;font-size: 16px\">US$400\/\u00d6rnek, bizden sipari\u015f verdikten sonra tam iade<\/span><\/p>\n<\/td>\n<\/tr>\n<\/tbody>\n<\/table>\n<p><span style=\"font-family: 'PingFang SC', 'Microsoft YaHei', sans-serif;font-size: 16px\">&nbsp;<\/span><\/p>\n<h3 style=\"font-size: 19px\">Tan\u0131m<\/h3>\n<p><span style=\"font-family: 'PingFang SC', 'Microsoft YaHei', sans-serif;font-size: 16px\">&nbsp;\u201cTohum ka\u011f\u0131d\u0131\u201d, hayat ka\u011f\u0131d\u0131 olarak da adland\u0131r\u0131labilecek yeni bir \u00e7evre dostu ka\u011f\u0131t t\u00fcr\u00fcd\u00fcr. Tamamen el yap\u0131m\u0131, yeni bir fikir. Ka\u011f\u0131t yapma i\u015flemi s\u0131ras\u0131nda ka\u011f\u0131t ustalar\u0131 odun hamuruna bitki tohumlar\u0131n\u0131 ekleyerek tohumlar\u0131n tamamen el yap\u0131m\u0131 olmas\u0131n\u0131 sa\u011flar. Hayatta kal\u0131n ve do\u011fru s\u0131cakl\u0131k ve nemde gen\u00e7 s\u00fcrg\u00fcnler filizleyin.<br \/>Tarih takvimi, insanlara \u00e7e\u015fitli \u00f6zel anlar\u0131 hat\u0131rlat\u0131r veya insanlar\u0131n ta\u015f\u0131nmas\u0131 kolay ve hat\u0131rlanmas\u0131 gereken ancak kullan\u0131mdan sonra takvimin s\u0131kl\u0131kla unutuldu\u011fu anlar\u0131 i\u015faretlemesine yard\u0131mc\u0131 olur. Her t\u00fcrl\u00fc yanl\u0131\u015fl\u0131kla at\u0131l\u0131r, kaybolur ve sonunda \u00e7\u00f6pl\u00fc\u011fe d\u00fc\u015fer. Zaman ge\u00e7tik\u00e7e ge\u00e7mi\u015f zaman ka\u011f\u0131tla birlikte yok oluyor. Minyat\u00fcr zaman takvimi, vanilya bitkisinin aromas\u0131 b\u00fcy\u00fcd\u00fck\u00e7e ya\u015fam\u0131n an\u0131s\u0131n\u0131 yeniden canland\u0131rman\u0131z\u0131 ve koku duyusu arac\u0131l\u0131\u011f\u0131yla ya\u015fam\u0131n ba\u015fka bir uzunlu\u011funu yorumlaman\u0131z\u0131 istiyor.<\/span><\/p>\n<p><span style=\"font-family: 'PingFang SC', 'Microsoft YaHei', sans-serif;font-size: 16px\">Ekilebilir Tohum Ka\u011f\u0131d\u0131 Mini Defter: \u00c7ok kolay - k\u0131r \u00e7i\u00e7e\u011fi ve \u00e7\u0131nar a\u011fac\u0131 tohumu yeti\u015ftirmenin tahminlerini ortadan kald\u0131r\u0131yor, her ad\u0131mda size rehberlik ediyoruz. K\u0131r \u00e7i\u00e7e\u011fi ve \u00e7\u0131nar a\u011fac\u0131n\u0131n ne\u015fesini sizin veya sevdiklerinizin hayat\u0131na getirmek i\u00e7in ihtiyac\u0131n\u0131z olan her \u015fey g\u00fczel bir ah\u015fap hediye kutusunda. Dikin!<\/span><\/p>\n<p><span style=\"font-family: 'PingFang SC', 'Microsoft YaHei', sans-serif;font-size: 16px\">&nbsp;<\/span><\/p>\n<p><span style=\"font-family: 'PingFang SC', 'Microsoft YaHei', sans-serif;font-size: 16px\">A\u015fa\u011f\u0131daki \u00f6\u011feler kit i\u00e7erisinde yer almaktad\u0131r.<\/span><\/p>\n<p><span style=\"font-family: 'PingFang SC', 'Microsoft YaHei', sans-serif;font-size: 16px\">1 adet ekilebilir tohum ka\u011f\u0131d\u0131 kapakl\u0131 defter<\/span><\/p>\n<p><span style=\"font-family: 'PingFang SC', 'Microsoft YaHei', sans-serif;font-size: 16px\">1 Ad\u0131m ad\u0131m ekim k\u0131lavuzu<\/span><\/p>\n<p><span style=\"font-family: 'PingFang SC', 'Microsoft YaHei', sans-serif;font-size: 16px\">1 adet \u00f6zelle\u015ftirilmi\u015f el i\u015fi kutusu<\/span><\/p>\n<p><span style=\"font-family: 'PingFang SC', 'Microsoft YaHei', sans-serif;font-size: 16px\">&nbsp;<\/span><\/p>\n<p><span style=\"font-family: 'PingFang SC', 'Microsoft YaHei', sans-serif;font-size: 16px\">Ekilebilir Tohum Ka\u011f\u0131d\u0131 Mikro Defterler<\/span><\/p>\n<p><span style=\"font-family: 'PingFang SC', 'Microsoft YaHei', sans-serif;font-size: 16px\">Tohum ka\u011f\u0131d\u0131ndan yap\u0131lm\u0131\u015f ekilebilir mini defterler!<\/span><\/p>\n<p><span style=\"font-family: 'PingFang SC', 'Microsoft YaHei', sans-serif;font-size: 16px\">100% k\u0131r \u00e7i\u00e7e\u011fi ve \u00e7\u0131nar tohumlar\u0131 i\u00e7eren el i\u015fi, geri d\u00f6n\u00fc\u015ft\u00fcr\u00fclebilir, biyolojik olarak par\u00e7alanabilen eko ka\u011f\u0131t.<\/span><\/p>\n<p><span style=\"font-family: 'PingFang SC', 'Microsoft YaHei', sans-serif;font-size: 16px\">Bu ekilebilir defter 100% at\u0131k ka\u011f\u0131ttan ve \u00e7\u0131nar ve k\u0131r \u00e7i\u00e7e\u011fi tohumlar\u0131n\u0131n kar\u0131\u015f\u0131m\u0131ndan yap\u0131lm\u0131\u015ft\u0131r.<\/span><\/p>\n<p><span style=\"font-family: 'PingFang SC', 'Microsoft YaHei', sans-serif;font-size: 16px\">&nbsp;<\/span><\/p>\n<p><span style=\"font-family: 'PingFang SC', 'Microsoft YaHei', sans-serif;font-size: 16px\">\u2013 Tohum ka\u011f\u0131d\u0131n\u0131 bir gece suda bekletin.<\/span><\/p>\n<p><span style=\"font-family: 'PingFang SC', 'Microsoft YaHei', sans-serif\"><span style=\"font-size: 16px\">- Islak tohum ka\u011f\u0131d\u0131n\u0131 haz\u0131rlanan topra\u011fa yakla\u015f\u0131k 1\/4 in\u00e7 derinli\u011fe kadar yerle\u015ftirin.<\/span><span style=\"font-size: 16px\">&nbsp;<\/span><\/span><\/p>\n<p><span style=\"font-family: 'PingFang SC', 'Microsoft YaHei', sans-serif;font-size: 16px\">- \u00d6zellikle ilk d\u00f6rt ila alt\u0131 hafta boyunca kuyuyu sulay\u0131n.<\/span><\/p>\n<p><span style=\"font-family: 'PingFang SC', 'Microsoft YaHei', sans-serif;font-size: 16px\">&nbsp;<\/span><\/p>\n<p><span style=\"font-family: 'PingFang SC', 'Microsoft YaHei', sans-serif;font-size: 16px\">Ka\u011f\u0131d\u0131 serin aylarda ilkbahar\u0131n ba\u015flar\u0131na kadar a\u00e7\u0131k havada ekin. Sonbahar ekimi, erken ilkbahar \u00e7i\u00e7eklerini getirmek i\u00e7in k\u0131\u015f ya\u011fmurlar\u0131ndan yararlanacakt\u0131r. \u0130stedi\u011finiz zaman i\u00e7 mekana dikin, ard\u0131ndan ilkbahar\u0131n ba\u015flar\u0131nda daha kal\u0131c\u0131 bir yere nakledin.<\/span><\/p>\n<\/p>\n<p><span style=\"font-family: 'PingFang SC', 'Microsoft YaHei', sans-serif\"><span style=\"font-size: 16px\">4,72 x 3,15 in\u00e7 (8\u00d712 cm)<\/span><span style=\"font-size: 16px\">&nbsp;<\/span><\/span><\/p>\n<p><span style=\"font-family: 'PingFang SC', 'Microsoft YaHei', sans-serif;font-size: 16px\">Kapak dahil 8\/16 tohum ka\u011f\u0131d\u0131<\/span><\/p>\n<p><span style=\"font-family: 'PingFang SC', 'Microsoft YaHei', sans-serif;font-size: 16px\">Herhangi bir kalemle yazmak kolayd\u0131r.<\/span><\/p>\n<p><span style=\"font-family: 'PingFang SC', 'Microsoft YaHei', sans-serif;font-size: 16px\">Arka y\u00fcz\u00fcnde yeti\u015ftirme talimatlar\u0131 yer almaktad\u0131r.<\/span><\/p>\n<p><span style=\"font-family: 'PingFang SC', 'Microsoft YaHei', sans-serif\"><\/span><\/p>\n<p>Tohum ka\u011f\u0131d\u0131 ekim y\u00f6ntemi (hidroponik y\u00f6ntem)<\/p>\n<ol>\n<li><span style=\"font-family: 'PingFang SC', 'Microsoft YaHei', sans-serif\">Ka\u011f\u0131d\u0131 bir taba\u011fa veya tencereye koyun ve \u0131slanmas\u0131 i\u00e7in sulay\u0131n.<\/span><\/li>\n<li><span style=\"font-family: 'PingFang SC', 'Microsoft YaHei', sans-serif\">Suyu uygun \u015fekilde muhafaza edin, tohumlar 3~10 g\u00fcn i\u00e7inde \u00e7imlenecektir. (Farkl\u0131 tohumlar\u0131n farkl\u0131 \u00e7imlenme s\u00fcreleri vard\u0131r)<\/span><\/li>\n<li><span style=\"font-family: 'PingFang SC', 'Microsoft YaHei', sans-serif\">L\u00fctfen ka\u011f\u0131t kart\u0131 tamamen suya bat\u0131rmay\u0131n, tohumlar\u0131n da oksijen solumas\u0131 gerekir.<\/span><\/li>\n<li><span style=\"font-family: 'PingFang SC', 'Microsoft YaHei', sans-serif\">Nemi koruyun, nemli tutun ve tohumlar\u0131n \u00e7imlenmesini bekleyin<\/span><\/li>\n<li><span style=\"font-family: 'PingFang SC', 'Microsoft YaHei', sans-serif\">Yeni filizler ka\u011f\u0131tla birlikte saks\u0131ya ta\u015f\u0131n\u0131r ve kesilir, yeni filizler daha derine k\u00f6k salar ve daha g\u00fcr b\u00fcy\u00fcr<\/span><\/li>\n<\/ol>\n<p><span style=\"font-family: 'PingFang SC', 'Microsoft YaHei', sans-serif\"><span style=\"font-size: 18px\"><\/span><\/span><\/p>\n<p>Hat\u0131rla<\/p>\n<ol>\n<li><span style=\"font-family: 'PingFang SC', 'Microsoft YaHei', sans-serif\">Kart\u0131 asla tamamen suya dald\u0131rmay\u0131n, sadece \u0131slak tutun.<\/span><\/li>\n<li><span style=\"font-family: 'PingFang SC', 'Microsoft YaHei', sans-serif\">Sulamaya ba\u015flad\u0131ktan sonra, \u00f6zellikle geceleri kart\u0131 nemli tutun, tohum kart\u0131n\u0131n kurumamas\u0131na dikkat edin.<\/span><\/li>\n<li><span style=\"font-family: 'PingFang SC', 'Microsoft YaHei', sans-serif\">Tohumlar\u0131n \u00e7imlenmesi yakla\u015f\u0131k 3-10 g\u00fcn s\u00fcrer. Farkl\u0131 tohumlar\u0131n \u00e7imlenme s\u00fcresi farkl\u0131d\u0131r. Tohumlar \u015fi\u015fti\u011finde, ka\u011f\u0131d\u0131 biraz y\u0131rt\u0131n ve \u00e7imlenme daha h\u0131zl\u0131 olacakt\u0131r.<\/span><\/li>\n<li><span style=\"font-family: 'PingFang SC', 'Microsoft YaHei', sans-serif\">L\u00fctfen filizler i\u00e7in serin bir ortam yarat\u0131n, g\u00fcne\u015fe maruz b\u0131rakmay\u0131n.<\/span><\/li>\n<\/ol>\n<h3 style=\"font-size: 19px\">Tohumlu ka\u011f\u0131t kalemin \u00f6zellikleri ve avantajlar\u0131<\/h3>\n<p>Tohumlu ka\u011f\u0131t kalemin baz\u0131 \u00f6zellikleri ve avantajlar\u0131 \u015funlard\u0131r:<\/p>\n<ol>\n<li>\u00c7evre Dostu: Tohumlu ka\u011f\u0131t kalemler geri d\u00f6n\u00fc\u015ft\u00fcr\u00fclm\u00fc\u015f malzemelerden \u00fcretilerek at\u0131klar\u0131 azalt\u0131r ve \u00e7evre \u00fczerindeki etkiyi en aza indirir.<\/li>\n<li>S\u00fcrd\u00fcr\u00fclebilirlik: Kalemde tohum bulunmas\u0131, kullan\u0131c\u0131lar\u0131 bitki yeti\u015ftirmeye ve daha ye\u015fil bir \u00e7evreye katk\u0131da bulunmaya te\u015fvik ederek s\u00fcrd\u00fcr\u00fclebilirli\u011fi desteklemektedir.<\/li>\n<li>Uygun maliyetli: Bu kalemler geleneksel kalemlere k\u0131yasla genellikle uygun maliyetlidir ve bu da onlar\u0131 daha geni\u015f bir kullan\u0131c\u0131 kitlesi i\u00e7in eri\u015filebilir k\u0131lar.<\/li>\n<li>\u00d6zelle\u015ftirilebilir: Farkl\u0131 tohum t\u00fcrleri ve tasar\u0131mlarla \u00f6zelle\u015ftirilebilirler, bu da onlar\u0131 i\u015fletmeler veya kurulu\u015flar i\u00e7in m\u00fckemmel bir pazarlama arac\u0131 haline getirir.<\/li>\n<li>E\u011fitici: Tohumlu ka\u011f\u0131t kalem, \u00e7ocuklara bitkiler ve \u00e7evre hakk\u0131nda bilgi vermek i\u00e7in bir e\u011fitim arac\u0131 olarak da kullan\u0131labilir.<\/li>\n<li>Genel olarak, tohumlu ka\u011f\u0131t kalemler geleneksel yaz\u0131 gere\u00e7lerine yenilik\u00e7i ve s\u00fcrd\u00fcr\u00fclebilir bir alternatif sunarak hem i\u015flevsel hem de \u00e7evresel faydalar sa\u011flamaktad\u0131r.<\/li>\n<\/ol>\n<h3 style=\"font-size: 19px\">Tohumlu ka\u011f\u0131t kalem i\u00e7in SSS<\/h3>\n<p>1. S: Tohumlu ka\u011f\u0131t kalem nedir?<br \/>C: Tohumlu ka\u011f\u0131t kalem, kaps\u00fcl\u00fcn i\u00e7inde tohumlar i\u00e7eren ka\u011f\u0131ttan yap\u0131lm\u0131\u015f bir kalemdir. Buradaki fikir, kalem kullan\u0131ld\u0131ktan sonra topra\u011fa ekilebilece\u011fi ve tohumlar\u0131n bir bitkiye d\u00f6n\u00fc\u015fece\u011fidir.<\/p>\n<p>2. S: Tohumlu ka\u011f\u0131t kalem kullanman\u0131n faydalar\u0131 nelerdir?<br \/>C: Tohumlu ka\u011f\u0131t kalem kullanman\u0131n faydalar\u0131 aras\u0131nda plastik at\u0131klar\u0131 azaltmak, s\u00fcrd\u00fcr\u00fclebilirli\u011fi te\u015fvik etmek ve insanlar\u0131 daha fazla a\u011fa\u00e7 ve bitki dikmeye te\u015fvik etmek yer almaktad\u0131r.<\/p>\n<p>3. S: Tohumlu ka\u011f\u0131t kalemler nas\u0131l \u00e7al\u0131\u015f\u0131r?<br \/>C: Tohumlu ka\u011f\u0131t kalem, kalemin i\u00e7inde tohumlarla dolu k\u00fc\u00e7\u00fck bir kaps\u00fcl i\u00e7ererek \u00e7al\u0131\u015f\u0131r. Kalem kullan\u0131ld\u0131ktan sonra topra\u011fa ekilebilir ve tohumlar filizlenip bir bitkiye d\u00f6n\u00fc\u015f\u00fcr.<\/p>\n<p>4. S: Tohumlu ka\u011f\u0131t kalemlerde tipik olarak ne t\u00fcr tohumlar kullan\u0131l\u0131r?<br \/>C: Tohumlu ka\u011f\u0131t kalemlerde kullan\u0131lan tohumlar\u0131n t\u00fcr\u00fc de\u011fi\u015fir, ancak tipik olarak k\u00fc\u00e7\u00fckt\u00fcrler ve topra\u011fa kolayca ekilebilirler. Baz\u0131 yayg\u0131n tohumlar aras\u0131nda fesle\u011fen, nane ve maydanoz gibi otlar veya kadife \u00e7i\u00e7e\u011fi ve ay\u00e7i\u00e7e\u011fi gibi \u00e7i\u00e7ekler bulunur.<\/p>\n<p>5. S: Tohumlu ka\u011f\u0131t kalemler normal bir kalem gibi kullan\u0131labilir mi?<br \/>C: Evet, tohumlu bir ka\u011f\u0131t kalem t\u0131pk\u0131 normal bir kalem gibi kullan\u0131labilir. Normal bir t\u00fckenmez kalem gibi yazar, ancak m\u00fcrekkebi bitti\u011finde, bir bitkiye d\u00f6n\u00fc\u015fmek i\u00e7in topra\u011fa ekilebilir.<\/p>\n<p>6. Soru: Tohumlu bir ka\u011f\u0131t kalemdeki tohumlar\u0131n b\u00fcy\u00fcmesi ne kadar s\u00fcrer?<br \/>C: Tohumlu ka\u011f\u0131t kalemdeki tohumlar\u0131n b\u00fcy\u00fcmesi i\u00e7in gereken s\u00fcre, tohumun t\u00fcr\u00fcne ve ekildikleri ko\u015fullara ba\u011fl\u0131 olarak de\u011fi\u015fir. Tipik olarak, bitkinin olgunlu\u011fa ula\u015fmas\u0131 birka\u00e7 hafta ila birka\u00e7 ay s\u00fcrebilir.<\/p>\n<p>7. S: Tohumlu ka\u011f\u0131t kalemler yeniden m\u00fcrekkeple doldurulabilir mi?<br \/>C: Hay\u0131r, tohumlu bir ka\u011f\u0131t kalem yeniden m\u00fcrekkeple doldurulamaz. M\u00fcrekkep bitti\u011finde, kalem bir bitkiye d\u00f6n\u00fc\u015fmek \u00fczere topra\u011fa ekilebilir.<\/p>\n<p>8. S: Tohumlu ka\u011f\u0131t kalemler biyolojik olarak par\u00e7alanabilir mi?<br \/>C: Evet, tohumlu ka\u011f\u0131t kalemler ka\u011f\u0131t ve di\u011fer do\u011fal malzemelerden yap\u0131ld\u0131\u011f\u0131 i\u00e7in biyolojik olarak par\u00e7alanabilir. Kalem topra\u011fa ekildikten sonra zamanla par\u00e7alanacak ve ayr\u0131\u015facakt\u0131r.<\/p><\/p>","protected":false},"excerpt":{"rendered":"<p>Ekilebilir Tohumlu Ka\u011f\u0131t Mini Defter: \u00c7ok kolay; k\u0131r \u00e7i\u00e7e\u011fi ve \u00e7\u0131nar a\u011fac\u0131 tohumu yeti\u015ftirme konusunda tahminleri ortadan kald\u0131rarak size yolun her ad\u0131m\u0131nda rehberlik ediyoruz. K\u0131r \u00e7i\u00e7e\u011fi ve \u00e7\u0131nar a\u011fac\u0131n\u0131n ne\u015fesini sizin veya sevdiklerinizin hayat\u0131na ta\u015f\u0131mak i\u00e7in ihtiyac\u0131n\u0131z olan her \u015fey g\u00fczel bir ah\u015fap hediye kutusunda. Dik!<\/p>\n<p>Tohumlu ka\u011f\u0131t kalem, kalemin ucunda k\u00fc\u00e7\u00fck bir tohum kaps\u00fcl\u00fc i\u00e7eren \u00e7evre dostu bir yaz\u0131 arac\u0131 t\u00fcr\u00fcd\u00fcr. Bu, kullan\u0131c\u0131lar\u0131n kaps\u00fcl\u00fc topra\u011fa ekmesine ve kalem art\u0131k kullan\u0131\u015fl\u0131 olmad\u0131\u011f\u0131nda bir bitki yeti\u015ftirmesine olanak tan\u0131r.<\/p><\/p>","protected":false},"featured_media":13926,"comment_status":"open","ping_status":"closed","template":"","meta":[],"product_cat":[67],"product_tag":[454,456,455],"acf":[],"_links":{"self":[{"href":"https:\/\/www.garden-kit.com\/tr\/wp-json\/wp\/v2\/product\/3986"}],"collection":[{"href":"https:\/\/www.garden-kit.com\/tr\/wp-json\/wp\/v2\/product"}],"about":[{"href":"https:\/\/www.garden-kit.com\/tr\/wp-json\/wp\/v2\/types\/product"}],"replies":[{"embeddable":true,"href":"https:\/\/www.garden-kit.com\/tr\/wp-json\/wp\/v2\/comments?post=3986"}],"wp:featuredmedia":[{"embeddable":true,"href":"https:\/\/www.garden-kit.com\/tr\/wp-json\/wp\/v2\/media\/13926"}],"wp:attachment":[{"href":"https:\/\/www.garden-kit.com\/tr\/wp-json\/wp\/v2\/media?parent=3986"}],"wp:term":[{"taxonomy":"product_cat","embeddable":true,"href":"https:\/\/www.garden-kit.com\/tr\/wp-json\/wp\/v2\/product_cat?post=3986"},{"taxonomy":"product_tag","embeddable":true,"href":"https:\/\/www.garden-kit.com\/tr\/wp-json\/wp\/v2\/product_tag?post=3986"}],"curies":[{"name":"wp","href":"https:\/\/api.w.org\/{rel}","templated":true}]}}