{"id":4001,"date":"2022-10-19T13:45:30","date_gmt":"2022-10-19T05:45:30","guid":{"rendered":"https:\/\/www.garden-kit.com\/product\/set-of-6-plantable-seed-paper-christmas-gift-present-tags-2\/"},"modified":"2023-03-31T14:58:22","modified_gmt":"2023-03-31T06:58:22","slug":"plantable-paper-seed-bombs","status":"publish","type":"product","link":"https:\/\/www.garden-kit.com\/tr\/product\/plantable-paper-seed-bombs\/","title":{"rendered":"Ekilebilir Ka\u011f\u0131t Tohum Bombalar\u0131"},"content":{"rendered":"<p><strong><span style=\"font-family: arial, helvetica, sans-serif;font-size: 18px\">6 Adet Tohum Ka\u011f\u0131d\u0131 Ekilebilir Tohum Ka\u011f\u0131d\u0131 Y\u0131lba\u015f\u0131 Hediyesi Hediye Etiketleri Seti: <\/span><\/strong><\/p>\n<p><span style=\"font-family: arial, helvetica, sans-serif;font-size: 16px\">\u00c7ok kolay - k\u0131r \u00e7i\u00e7e\u011fi ve \u00e7\u0131nar a\u011fac\u0131 tohumu yeti\u015ftirme konusundaki tahminleri ortadan kald\u0131r\u0131yor, her ad\u0131mda size rehberlik ediyoruz. K\u0131r \u00e7i\u00e7e\u011fi ve \u00e7\u0131nar a\u011fac\u0131n\u0131n ne\u015fesini kendinizin veya sevdiklerinizin hayat\u0131na katmak i\u00e7in ihtiyac\u0131n\u0131z olan her \u015fey g\u00fczel, \u00f6zelle\u015ftirilmi\u015f bir paket \u00e7antada. Dikin! <\/span><span style=\"font-family: arial, helvetica, sans-serif;font-size: 18px\"><\/span><\/p>\n<h3 style=\"font-size: 19px\"><strong><span style=\"font-family: arial, helvetica, sans-serif;font-size: 18px\">Genel Bak\u0131\u015f<\/span><\/strong><\/h3>\n<table border=\"1\" cellspacing=\"0\" style=\"border-collapse: collapse;width: 100%;height: 248px\">\n<tbody>\n<tr style=\"height: 31px\">\n<td valign=\"top\" width=\"373\" style=\"height: 31px\">\n<p><span style=\"font-family: arial, helvetica, sans-serif;font-size: 16px\">\u00dcr\u00fcn Bak\u0131m Talimatlar\u0131<\/span><\/p>\n<\/td>\n<td valign=\"top\" width=\"373\" style=\"height: 31px\">\n<p><span style=\"font-family: arial, helvetica, sans-serif;font-size: 16px\">Mevcut<\/span><\/p>\n<\/td>\n<\/tr>\n<tr style=\"height: 31px\">\n<td valign=\"top\" width=\"373\" style=\"height: 31px\">\n<p><span style=\"font-family: arial, helvetica, sans-serif;font-size: 16px\">Bitki \u00dcr\u00fcn Tipi<\/span><\/p>\n<\/td>\n<td valign=\"top\" width=\"373\" style=\"height: 31px\">\n<p><span style=\"font-family: arial, helvetica, sans-serif;font-size: 16px\">k\u0131r \u00e7i\u00e7e\u011fi ve \u00e7\u0131nar a\u011fac\u0131<\/span><\/p>\n<\/td>\n<\/tr>\n<tr style=\"height: 31px\">\n<td valign=\"top\" width=\"373\" style=\"height: 31px\">\n<p><span style=\"font-family: arial, helvetica, sans-serif;font-size: 16px\">\u00d6zel \u00f6zellik<\/span><\/p>\n<\/td>\n<td valign=\"top\" width=\"373\" style=\"height: 31px\">\n<p><span style=\"font-family: arial, helvetica, sans-serif;font-size: 16px\">Kapal\u0131-A\u00e7\u0131k Yeti\u015ftirme<\/span><\/p>\n<\/td>\n<\/tr>\n<tr style=\"height: 31px\">\n<td valign=\"top\" width=\"373\" style=\"height: 31px\">\n<p><span style=\"font-family: arial, helvetica, sans-serif;font-size: 16px\">Marka<\/span><\/p>\n<\/td>\n<td valign=\"top\" width=\"373\" style=\"height: 31px\">\n<p><span style=\"font-family: arial, helvetica, sans-serif;font-size: 16px\">Bah\u00e7e Seti<\/span><\/p>\n<\/td>\n<\/tr>\n<tr style=\"height: 31px\">\n<td valign=\"top\" width=\"373\" style=\"height: 31px\">\n<p><span style=\"font-family: arial, helvetica, sans-serif;font-size: 16px\">Anavatan<\/span><\/p>\n<\/td>\n<td valign=\"top\" width=\"373\" style=\"height: 31px\">\n<p><span style=\"font-family: arial, helvetica, sans-serif;font-size: 16px\">Fujian, \u00c7in<\/span><\/p>\n<\/td>\n<\/tr>\n<tr style=\"height: 31px\">\n<td valign=\"top\" width=\"373\" style=\"height: 31px\">\n<p><span style=\"font-family: arial, helvetica, sans-serif;font-size: 16px\">ODM\/OEM<\/span><\/p>\n<\/td>\n<td valign=\"top\" width=\"373\" style=\"height: 31px\">\n<p><span style=\"font-family: arial, helvetica, sans-serif;font-size: 16px\">Mevcut<\/span><\/p>\n<\/td>\n<\/tr>\n<tr style=\"height: 31px\">\n<td valign=\"top\" width=\"373\" style=\"height: 31px\">\n<p><span style=\"font-family: arial, helvetica, sans-serif;font-size: 16px\">\u00d6zelle\u015ftirilmi\u015f sipari\u015f i\u00e7in MOQ<\/span><\/p>\n<\/td>\n<td valign=\"top\" width=\"373\" style=\"height: 31px\">\n<p><span style=\"font-family: arial, helvetica, sans-serif;font-size: 16px\">3000 adet<\/span><\/p>\n<\/td>\n<\/tr>\n<tr style=\"height: 31px\">\n<td valign=\"top\" width=\"373\" style=\"height: 31px\">\n<p><span style=\"font-family: arial, helvetica, sans-serif;font-size: 16px\">\u00d6rnek maliyet<\/span><\/p>\n<\/td>\n<td valign=\"top\" width=\"373\" style=\"height: 31px\">\n<p><span style=\"font-family: arial, helvetica, sans-serif;font-size: 16px\">US$400\/\u00d6rnek, bizden sipari\u015f verdikten sonra tam iade<\/span><\/p>\n<\/td>\n<\/tr>\n<\/tbody>\n<\/table>\n<p style=\"text-align: center\"><img decoding=\"async\" src=\"https:\/\/data.adwebcloud.com\/public\/material\/2206293ihquj\/product\/3_1666158227014.jpg\" alt=\"\u00f6rnek\" width=\"50%\" title=\"\"><img decoding=\"async\" src=\"https:\/\/data.adwebcloud.com\/public\/material\/2206293ihquj\/product\/4_1666158227081.jpg\" alt=\"\u00f6rnek\" width=\"50%\" title=\"\"> &nbsp;<\/p>\n<h3 style=\"font-size: 19px\"><span style=\"font-family: arial, helvetica, sans-serif;font-size: 18px\"><span><span>Ekilebilir Tohum Ka\u011f\u0131d\u0131 Nedir?<\/span><\/span><span><span> <\/span><\/span><\/span><\/h3>\n<p><span style=\"font-family: arial, helvetica, sans-serif;font-size: 16px\"><span><span>Ka\u011f\u0131t yap\u0131m s\u00fcrecinde, \u00e7e\u015fitli renklerde boyanabilen odun hamuruna tohumlar eklenir, b\u00f6ylece tohum i\u00e7eren ka\u011f\u0131t \"tohum ka\u011f\u0131d\u0131\" olarak adland\u0131r\u0131l\u0131r. (Bu yepyeni bir \u00e7evre koruma \u00fcr\u00fcn\u00fcd\u00fcr.<\/span><\/span> <span><span>topra\u011fa at\u0131labilir, do\u011fru zamanda, s\u0131cakl\u0131kta ve nemde, ka\u011f\u0131d\u0131n i\u00e7indeki tohumlar \u00e7imlenebilir ve k\u00fc\u00e7\u00fck fideler yeti\u015ftirebilir,)<\/span><\/span><span><span> <\/span><\/span><\/span><\/p>\n<p><span style=\"font-family: arial, helvetica, sans-serif;font-size: 16px\"><span><span>El yap\u0131m\u0131 \u00f6zel kraft ka\u011f\u0131d\u0131n\u0131 daha renkli hale getirmek i\u00e7in, el yap\u0131m\u0131 ka\u011f\u0131d\u0131 yapan i\u015f\u00e7iler bu \u00e7al\u0131lar\u0131n ve bitkilerin tohumlar\u0131n\u0131 hamurun i\u00e7ine kar\u0131\u015ft\u0131r\u0131yor. El yap\u0131m\u0131 ka\u011f\u0131d\u0131n t\u00fcm \u00fcretim s\u00fcreci tamamen \u00e7evre dostu ve kirlilik i\u00e7ermedi\u011finden, tohumlar tamamen hamurun i\u00e7inde yer al\u0131yor.<\/span><\/span> <span><span>Etkilenmedi.<\/span><\/span> <span><span>Ka\u011f\u0131t bittikten sonra tohumlar hala ka\u011f\u0131d\u0131n i\u00e7inde ya\u015famaya devam eder.<\/span><\/span> <span><span>Modern insanlar bu t\u00fcr tohum ka\u011f\u0131tlar\u0131n\u0131 \u00fcretmeye devam etmek i\u00e7in geleneksel y\u00f6ntemleri kullanmaya devam ediyor.<\/span><\/span> <\/span><\/p>\n<p><span style=\"font-family: arial, helvetica, sans-serif;font-size: 18px\"><img decoding=\"async\" src=\"https:\/\/gimg2.baidu.com\/image_search\/src=http%3A%2F%2Fimg.alicdn.com%2Fimgextra%2Fi3%2F6000000001680%2FO1CN01AmHsAn1OHU8PpXZTX_%21%216000000001680-0-tbvideo.jpg&amp;refer=http%3A%2F%2Fimg.alicdn.com&amp;app=2002&amp;size=f9999,10000&amp;q=a80&amp;n=0&amp;g=0n&amp;fmt=auto?sec=1678802737&amp;t=e5549e4645e8a616a68638b5c99e4f4b\" width=\"100%\" alt=\"Ekilebilir Tohum Ka\u011f\u0131d\u0131\" title=\"\"> <\/span><\/p>\n<h3 style=\"font-size: 19px\"><strong><span style=\"font-family: arial, helvetica, sans-serif;font-size: 18px\">A\u015fa\u011f\u0131daki \u00f6\u011feler kit i\u00e7erisinde yer almaktad\u0131r.<\/span><\/strong><\/h3>\n<p><span style=\"font-family: arial, helvetica, sans-serif;font-size: 16px\">6 Ekilebilir Tohum Ka\u011f\u0131d\u0131 Y\u0131lba\u015f\u0131 Hediyesi Hediye Etiketleri<\/span><\/p>\n<p><span style=\"font-family: arial, helvetica, sans-serif;font-size: 16px\">1 Ad\u0131m ad\u0131m ekim k\u0131lavuzu<\/span><\/p>\n<p><span style=\"font-family: arial, helvetica, sans-serif;font-size: 16px\">1 \u00f6zelle\u015ftirilmi\u015f paket \u00e7antas\u0131<\/span><\/p>\n<p><span style=\"font-family: arial, helvetica, sans-serif;font-size: 18px\">&nbsp;<\/span><\/p>\n<h3 style=\"font-size: 19px\"><strong><span style=\"font-family: arial, helvetica, sans-serif;font-size: 18px\">Tohum Ka\u011f\u0131d\u0131ndan Ekilebilir Hediye Etiketleri!<\/span><\/strong><\/h3>\n<p><span style=\"font-family: arial, helvetica, sans-serif;font-size: 16px\">100% k\u0131r \u00e7i\u00e7e\u011fi ve \u00e7\u0131nar tohumlar\u0131 i\u00e7eren el i\u015fi, geri d\u00f6n\u00fc\u015ft\u00fcr\u00fclebilir, biyolojik olarak par\u00e7alanabilen eko ka\u011f\u0131t.<\/span><\/p>\n<p><span style=\"font-family: arial, helvetica, sans-serif;font-size: 16px\">Bu ekilebilir hediye etiketi, hurda ka\u011f\u0131ttan ve \u00e7\u0131nar ve k\u0131r \u00e7i\u00e7e\u011fi tohumlar\u0131n\u0131n kar\u0131\u015f\u0131m\u0131ndan yap\u0131lm\u0131\u015f 100%&#039;dir.<\/span><\/p>\n<p><span style=\"font-family: arial, helvetica, sans-serif;font-size: 16px\">\u2013 Tohum ka\u011f\u0131d\u0131n\u0131 bir gece suda bekletin.<\/span><\/p>\n<p><span style=\"font-family: arial, helvetica, sans-serif;font-size: 16px\">- Islak tohum ka\u011f\u0131d\u0131n\u0131 haz\u0131rlanan topra\u011fa yakla\u015f\u0131k 1\/4 in\u00e7 derinli\u011fe kadar yerle\u015ftirin.<\/span><\/p>\n<p><span style=\"font-family: arial, helvetica, sans-serif;font-size: 16px\">- \u00d6zellikle ilk d\u00f6rt ila alt\u0131 hafta boyunca kuyuyu sulay\u0131n.<\/span><\/p>\n<p><span style=\"font-family: arial, helvetica, sans-serif;font-size: 18px\">&nbsp;<\/span><\/p>\n<p><span style=\"font-family: arial, helvetica, sans-serif;font-size: 16px\">Ka\u011f\u0131d\u0131 serin aylarda ilkbahar\u0131n ba\u015flar\u0131na kadar a\u00e7\u0131k havada ekin. Sonbahar ekimi, erken ilkbahar \u00e7i\u00e7eklerini getirmek i\u00e7in k\u0131\u015f ya\u011fmurlar\u0131ndan yararlanacakt\u0131r. \u0130stedi\u011finiz zaman i\u00e7 mekana dikin, ard\u0131ndan ilkbahar\u0131n ba\u015flar\u0131nda daha kal\u0131c\u0131 bir yere nakledin.<\/span><\/p>\n<\/p>\n<p><span style=\"font-family: arial, helvetica, sans-serif;font-size: 16px\">6&#039;l\u0131 Ekilebilir Tohum Ka\u011f\u0131d\u0131 Seti Noel Temal\u0131 Hediye Etiketleri<\/span><\/p>\n<p><span style=\"font-size: 16px\"><span style=\"font-family: arial, helvetica, sans-serif\">7,5 x 5 cm (2,95 in\u00e7 x 1,97 in\u00e7)<\/span><span style=\"font-family: arial, helvetica, sans-serif\">&nbsp;<\/span><\/span><\/p>\n<p><span style=\"font-family: arial, helvetica, sans-serif;font-size: 16px\">Herhangi bir kalemle yazmak kolayd\u0131r.<\/span><\/p>\n<p><span style=\"font-family: arial, helvetica, sans-serif;font-size: 16px\">Yeti\u015ftirme talimatlar\u0131 paketin arkas\u0131nda yer almaktad\u0131r.<\/span><\/p>\n<p><span style=\"font-family: arial, helvetica, sans-serif;font-size: 18px\"><\/span><\/p>\n<h3 style=\"font-size: 19px\"><span style=\"font-family: arial, helvetica, sans-serif;font-size: 18px\">Tohum ka\u011f\u0131d\u0131 ekim y\u00f6ntemi<\/span><\/h3>\n<p style=\"font-size: 16px\"><span style=\"font-family: arial, helvetica, sans-serif\">1. Tohum ka\u011f\u0131d\u0131n\u0131n yar\u0131s\u0131n\u0131 topra\u011fa g\u00f6m\u00fcn. \u0130lk kez ekim yaparken tohum ka\u011f\u0131d\u0131n\u0131n suya doymu\u015f (\u0131slak ve yumu\u015fak) oldu\u011fundan emin olun.<\/span><br \/><span style=\"font-family: arial, helvetica, sans-serif\">2. Her g\u00fcn neme dikkat edin, ka\u011f\u0131d\u0131 ve topra\u011f\u0131 nemli tutun ve havaland\u0131r\u0131n.<\/span><br \/><span style=\"font-family: arial, helvetica, sans-serif\">3. Tohum ka\u011f\u0131d\u0131 saks\u0131 bitkilerinin havaland\u0131r\u0131lan bir yere (pencere pervaz\u0131na) veya orta derecede g\u00fcne\u015f \u0131\u015f\u0131\u011f\u0131 alan korunakl\u0131 bir balkona yerle\u015ftirilmesi gerekti\u011fini unutmay\u0131n.<\/span><br \/><span style=\"font-family: arial, helvetica, sans-serif\">4. Tohum toplar\u0131n\u0131 her g\u00fcn dikkatlice g\u00f6zlemleyin ve sab\u0131rla bekleyin, tohumlar k\u00fc\u00e7\u00fck tomurcuklar filizlendirecektir!<\/span><br \/><span style=\"font-family: arial, helvetica, sans-serif\">5. Tohumlar tohum ka\u011f\u0131d\u0131yla kaplan\u0131r ve nemli tohum topu ka\u011f\u0131d\u0131 da y\u0131rt\u0131larak farkl\u0131 \u00e7i\u00e7ek kaplar\u0131na ekilebilir.<\/span><br \/><span style=\"font-family: arial, helvetica, sans-serif\">6. Fideler b\u00fcy\u00fcd\u00fckten sonra, b\u00fcy\u00fcmeleri i\u00e7in daha fazla alan sa\u011flamak i\u00e7in toprakla kapl\u0131 daha derin \/ daha b\u00fcy\u00fck saks\u0131lara nakledilebilir ve bitkilerin b\u00fcy\u00fcmeye devam edebilmesi i\u00e7in besin sa\u011flamak i\u00e7in uygun miktarda g\u00fcbre sa\u011flanabilir!<\/span><\/p>\n<h3 style=\"font-size: 19px\"><span style=\"font-family: arial, helvetica, sans-serif;font-size: 18px\">Ekilebilir tohum ka\u011f\u0131d\u0131n\u0131n avantajlar\u0131 nelerdir?<\/span><\/h3>\n<p><span style=\"font-family: arial, helvetica, sans-serif;font-size: 16px\">1. A\u011fa\u00e7lar\u0131 Korur - Geri d\u00f6n\u00fc\u015ft\u00fcr\u00fclm\u00fc\u015f ka\u011f\u0131t, taze ka\u011f\u0131t hamuru \u00fcretiminin ve yaban hayat\u0131 habitat\u0131n\u0131 etkileyen kesilmi\u015f a\u011fa\u00e7lar\u0131n yerini al\u0131r.<\/span><\/p>\n<p><span style=\"font-family: arial, helvetica, sans-serif;font-size: 16px\">2. \u0130\u015flenmemi\u015f ka\u011f\u0131t ve baz\u0131 tek kullan\u0131ml\u0131k plastiklerin yerini al\u0131r - bu ka\u011f\u0131t \u00f6zel g\u00fcnler, k\u0131rtasiye ve ticari promosyon \u00fcr\u00fcnleri i\u00e7in uygundur.<\/span><\/p>\n<p><span style=\"font-family: arial, helvetica, sans-serif;font-size: 16px\">3. Evde yeti\u015ftirilen bitki ve sebze tohumlar\u0131n\u0131n daha fazla ki\u015fi taraf\u0131ndan kullan\u0131lmas\u0131n\u0131 sa\u011flay\u0131n - bu emisyonlar\u0131n azalt\u0131lmas\u0131na yard\u0131mc\u0131 olur. Ailede \u00e7o\u011fu insan sebze ve \u00e7i\u00e7ek yeti\u015ftirmeyi sever, \u00e7\u00fcnk\u00fc kendi yeti\u015ftirdikleri sebzeler daha tatl\u0131 ve lezzetlidir. Ayr\u0131ca, tohum ka\u011f\u0131d\u0131n\u0131n tohumlar\u0131 ticari mahsuller i\u00e7in pestisit ve sentetik g\u00fcbre i\u00e7ermez, bu nedenle ekilmesi daha g\u00fcvenlidir.<\/span><\/p><\/p>","protected":false},"excerpt":{"rendered":"<p>6 Par\u00e7a Tohum Ka\u011f\u0131d\u0131 Ekilebilir Tohum Ka\u011f\u0131d\u0131 Noel Hediyesi Hediye Etiketleri Seti: \u00c7ok kolay - k\u0131r \u00e7i\u00e7e\u011fi ve \u00e7\u0131nar a\u011fac\u0131 tohumu yeti\u015ftirme konusunda tahminleri ortadan kald\u0131rarak size yolun her ad\u0131m\u0131nda rehberlik ediyoruz. K\u0131r \u00e7i\u00e7e\u011fi ve \u00e7\u0131nar a\u011fac\u0131n\u0131n ne\u015fesini sizin veya sevdiklerinizin hayat\u0131na ta\u015f\u0131mak i\u00e7in ihtiyac\u0131n\u0131z olan her \u015fey, ki\u015fiye \u00f6zel g\u00fczel bir paket \u00e7antada. Dik!<\/p>","protected":false},"featured_media":12354,"comment_status":"open","ping_status":"closed","template":"","meta":[],"product_cat":[67],"product_tag":[509,510,511,512],"acf":[],"_links":{"self":[{"href":"https:\/\/www.garden-kit.com\/tr\/wp-json\/wp\/v2\/product\/4001"}],"collection":[{"href":"https:\/\/www.garden-kit.com\/tr\/wp-json\/wp\/v2\/product"}],"about":[{"href":"https:\/\/www.garden-kit.com\/tr\/wp-json\/wp\/v2\/types\/product"}],"replies":[{"embeddable":true,"href":"https:\/\/www.garden-kit.com\/tr\/wp-json\/wp\/v2\/comments?post=4001"}],"wp:featuredmedia":[{"embeddable":true,"href":"https:\/\/www.garden-kit.com\/tr\/wp-json\/wp\/v2\/media\/12354"}],"wp:attachment":[{"href":"https:\/\/www.garden-kit.com\/tr\/wp-json\/wp\/v2\/media?parent=4001"}],"wp:term":[{"taxonomy":"product_cat","embeddable":true,"href":"https:\/\/www.garden-kit.com\/tr\/wp-json\/wp\/v2\/product_cat?post=4001"},{"taxonomy":"product_tag","embeddable":true,"href":"https:\/\/www.garden-kit.com\/tr\/wp-json\/wp\/v2\/product_tag?post=4001"}],"curies":[{"name":"wp","href":"https:\/\/api.w.org\/{rel}","templated":true}]}}