{"id":4034,"date":"2022-10-19T14:04:54","date_gmt":"2022-10-19T06:04:54","guid":{"rendered":"https:\/\/www.garden-kit.com\/product\/herb-window-garden\/"},"modified":"2023-09-02T14:49:53","modified_gmt":"2023-09-02T06:49:53","slug":"herb-window-garden","status":"publish","type":"product","link":"https:\/\/www.garden-kit.com\/tr\/product\/herb-window-garden\/","title":{"rendered":"Bitki Pencere Bah\u00e7esi"},"content":{"rendered":"<h1 class=\"product_title entry-title elementor-heading-title elementor-size-default\">Bitki Pencere Bah\u00e7esi<\/h1>\n<p><span style=\"font-family: arial, helvetica, sans-serif;\">Vanilya, ekonomik de\u011feri y\u00fcksek bir baharat bitkisidir. G\u00fc\u00e7l\u00fc ve kal\u0131c\u0131 aromatik kokusu nedeniyle, yerle\u015fim alanlar\u0131na ve avlulara yerle\u015fir ve \u00e7evredeki ortam\u0131 ar\u0131nd\u0131rabilir. Ayr\u0131ca vanilyan\u0131n antiseptik, sterilize edici ve b\u00f6cekleri uzakla\u015ft\u0131r\u0131c\u0131 \u00f6zel etkileri vard\u0131r, bu nedenle insanlar taraf\u0131ndan \u00e7ok sevilir. Sevgi, iyilik. Bu y\u00fczden giderek daha fazla arkada\u015f vanilya yeti\u015ftiriyor<\/span><\/p>\n<h3 style=\"font-size: 19px;\"><strong>Genel Bak\u0131\u015f<\/strong><\/h3>\n<table style=\"border-collapse: collapse; width: 100%;\" border=\"1\" cellspacing=\"0\">\n<tbody>\n<tr>\n<td style=\"line-height: 1.5;\" valign=\"top\" width=\"373\"><span style=\"font-family: arial, helvetica, sans-serif;\">\u00dcr\u00fcn Bak\u0131m Talimatlar\u0131<\/span><\/td>\n<td valign=\"top\" width=\"373\"><span style=\"font-family: arial, helvetica, sans-serif;\">Mevcut<\/span><\/td>\n<\/tr>\n<tr>\n<td style=\"line-height: 1.5;\" valign=\"top\" width=\"373\"><span style=\"font-family: arial, helvetica, sans-serif;\">Bitki \u00dcr\u00fcn Tipi<\/span><\/td>\n<td valign=\"top\" width=\"373\"><span style=\"font-family: arial, helvetica, sans-serif;\">Otlar<\/span><\/td>\n<\/tr>\n<tr>\n<td style=\"line-height: 1.5;\" valign=\"top\" width=\"373\"><span style=\"font-family: arial, helvetica, sans-serif;\">\u00d6zel \u00f6zellik<\/span><\/td>\n<td valign=\"top\" width=\"373\"><span style=\"font-family: arial, helvetica, sans-serif;\">Kapal\u0131-A\u00e7\u0131k Yeti\u015ftirme<\/span><\/td>\n<\/tr>\n<tr>\n<td style=\"line-height: 1.5;\" valign=\"top\" width=\"373\"><span style=\"font-family: arial, helvetica, sans-serif;\">Marka<\/span><\/td>\n<td valign=\"top\" width=\"373\"><span style=\"font-family: arial, helvetica, sans-serif;\">Bah\u00e7e Seti<\/span><\/td>\n<\/tr>\n<tr>\n<td style=\"line-height: 1.5;\" valign=\"top\" width=\"373\"><span style=\"font-family: arial, helvetica, sans-serif;\">Anavatan<\/span><\/td>\n<td valign=\"top\" width=\"373\"><span style=\"font-family: arial, helvetica, sans-serif;\">Fujian, \u00c7in<\/span><\/td>\n<\/tr>\n<tr>\n<td style=\"line-height: 1.5;\" valign=\"top\" width=\"373\"><span style=\"font-family: arial, helvetica, sans-serif;\">ODM\/OEM<\/span><\/td>\n<td valign=\"top\" width=\"373\"><span style=\"font-family: arial, helvetica, sans-serif;\">Mevcut<\/span><\/td>\n<\/tr>\n<tr>\n<td style=\"line-height: 1.5;\" valign=\"top\" width=\"373\"><span style=\"font-family: arial, helvetica, sans-serif;\">\u00d6zelle\u015ftirilmi\u015f sipari\u015f i\u00e7in MOQ<\/span><\/td>\n<td valign=\"top\" width=\"373\"><span style=\"font-family: arial, helvetica, sans-serif;\">3000 adet<\/span><\/td>\n<\/tr>\n<tr>\n<td style=\"line-height: 1.5;\" valign=\"top\" width=\"373\"><span style=\"font-family: arial, helvetica, sans-serif;\">\u00d6rnek maliyet<\/span><\/td>\n<td valign=\"top\" width=\"373\"><span style=\"font-family: arial, helvetica, sans-serif;\">US$400\/\u00d6rnek, bizden sipari\u015f verdikten sonra tam iade<\/span><\/td>\n<\/tr>\n<\/tbody>\n<\/table>\n<h3 style=\"font-size: 19px;\"><strong><span style=\"font-family: Arial;\">Tan\u0131m<\/span><\/strong><\/h3>\n<p><span style=\"font-family: arial, helvetica, sans-serif;\">Haz\u0131rlanm\u0131\u015f 34 Par\u00e7a \u0130\u00e7 Mekan Bitki Ba\u015flang\u0131\u00e7 Seti: Kendinizin veya sevdi\u011finiz birinin hayat\u0131na lezzetli otlar yeti\u015ftirmenin keyfini katmak i\u00e7in ihtiyac\u0131n\u0131z olan her \u015fey. \u00c7ok basit - tohumdan bitki yeti\u015ftirme konusundaki tahminlerimiz, her ad\u0131mda size rehberlik ediyor. Dikin!<\/span><\/p>\n<p><span style=\"font-family: arial, helvetica, sans-serif;\">Bir \u015feyler yeti\u015ftirmek i\u00e7in ne kadar alana ihtiya\u00e7 duyuldu\u011fuyla s\u0131n\u0131rl\u0131 kalmay\u0131n. Sevgi bah\u00e7ecili\u011fi b\u00fcy\u00fck bah\u00e7eler i\u00e7in bir patent de\u011fildir. Bence k\u0131r\u0131k tu\u011flalar ve eski kiremitlerle k\u00fc\u00e7\u00fck bir pencere pervaz\u0131na ye\u015fil bir dokunu\u015f bile, onu kalbinizle sulad\u0131\u011f\u0131n\u0131z s\u00fcrece, d\u00fcnyan\u0131n en iyisisiniz. Bah\u00e7\u0131van ~ Ne kadar k\u00fc\u00e7\u00fck olursan\u0131z olun, bir bitki bah\u00e7eniz olabilir.<\/span><\/p>\n<p>&nbsp;<\/p>\n<h3 style=\"font-size: 19px;\"><strong><span style=\"font-family: Arial;\">A\u015fa\u011f\u0131daki \u00f6\u011feler kit i\u00e7erisinde yer almaktad\u0131r.<\/span><\/strong><\/h3>\n<p><span style=\"font-family: arial, helvetica, sans-serif;\">9 adet bambu elyaf saks\u0131<\/span><\/p>\n<p><span style=\"font-family: arial, helvetica, sans-serif;\">3 \u00f6nceden g\u00fcbrelenmi\u015f toprak dis<\/span><\/p>\n<p><span style=\"font-family: arial, helvetica, sans-serif;\">9 adet taze kalan tohum paketi<\/span><\/p>\n<p><span style=\"font-family: arial, helvetica, sans-serif;\">9 adet bambu bitki belirteci<\/span><\/p>\n<p><span style=\"font-family: arial, helvetica, sans-serif;\">1 Ad\u0131m ad\u0131m ekim k\u0131lavuzu<\/span><\/p>\n<p><span style=\"font-family: arial, helvetica, sans-serif;\">1 adet \u00f6zelle\u015ftirilmi\u015f hediye kutusu<\/span><\/p>\n<p><span style=\"font-family: arial, helvetica, sans-serif;\">\u00a0<\/span><\/p>\n<h3 style=\"line-height: 1.5;\"><span style=\"font-family: arial, helvetica, sans-serif;\">Bizi Di\u011ferlerinden Ay\u0131ran Temel \u00d6zellikler:<\/span><\/h3>\n<p style=\"line-height: 1.5;\"><span style=\"font-family: arial, helvetica, sans-serif;\"><strong>1\u3001\u0130\u015flenmi\u015f Ye\u015fillik:<\/strong> Herb Window Garden'da, her bah\u00e7\u0131van\u0131n vizyonunun benzersiz oldu\u011funu biliyoruz. \u00d6zelle\u015ftirme taahh\u00fcd\u00fcm\u00fcz, tercihlerinize ve mevcut alan\u0131n\u0131za g\u00f6re uyarlanm\u0131\u015f kendi i\u00e7 mekan bah\u00e7enizi olu\u015fturman\u0131za olanak tan\u0131r. \u0130ster kompakt bir mutfak koleksiyonu ister yemye\u015fil bir bitki cenneti ar\u0131yor olun, sizi teminat alt\u0131na ald\u0131k.<\/span><\/p>\n<p style=\"line-height: 1.5;\"><span style=\"font-family: arial, helvetica, sans-serif;\"><strong>2\u3001Uzman \u0130\u015f\u00e7ilik:<\/strong> Uzmanl\u0131\u011f\u0131m\u0131z\u0131n bir kan\u0131t\u0131 olarak, bah\u00e7e \u00e7\u00f6z\u00fcmleri \u00fcretme konusunda uzmanla\u015fm\u0131\u015f \u00f6zel bir fabrikay\u0131z. Yetenekli zanaatk\u00e2rlar\u0131m\u0131z, bi\u00e7im ve i\u015flevi kusursuz bir \u015fekilde birle\u015ftiren bir \u00fcr\u00fcn yaratmak i\u00e7in tutkular\u0131n\u0131 ortaya koyuyor. Bitki Pencere Bah\u00e7esi ile sadece bir \u00fcr\u00fcn sat\u0131n alm\u0131yor, ya\u015fam\u0131 besleyen bir sanat eserine yat\u0131r\u0131m yap\u0131yorsunuz.<\/span><\/p>\n<p style=\"line-height: 1.5;\"><span style=\"font-family: arial, helvetica, sans-serif;\"><strong>3\u3001Y\u00fcksek \u00c7imlenme Oranlar\u0131:<\/strong> Tohumlar\u0131m\u0131z\u0131 tedarik ederken ve test ederken b\u00fcy\u00fck \u00f6zen g\u00f6steriyor, ola\u011fan\u00fcst\u00fc \u00e7imlenme oranlar\u0131na sahip olmalar\u0131n\u0131 sa\u011fl\u0131yoruz. Titizlikle se\u00e7ilmi\u015f tohumlar\u0131m\u0131z canl\u0131l\u0131kla ortaya \u00e7\u0131karken, renklerin, dokular\u0131n ve kokular\u0131n bir senfonisini yarat\u0131rken bah\u00e7enizin hayat bulmas\u0131na tan\u0131k olun.<\/span><\/p>\n<p style=\"line-height: 1.5;\"><span style=\"font-family: arial, helvetica, sans-serif;\"><strong>4\u3001Bol Tohum \u00c7e\u015fitleri:<\/strong> \u00c7ok \u00e7e\u015fitli tohum se\u00e7eneklerimiz s\u00f6z konusu oldu\u011funda hayal g\u00fcc\u00fcn\u00fcz\u00fcn s\u0131n\u0131r\u0131 yoktur. Klasik fesle\u011fen ve g\u00fc\u00e7l\u00fc biberiyeden egzotik Tayland fesle\u011feni ve rahatlat\u0131c\u0131 papatyaya kadar geni\u015f tohum yelpazemiz her damak zevkine ve amaca hitap eder. Herb Window Garden, ki\u015fisel zevkinizi ve mutfak tercihlerinizi yans\u0131tan bir bah\u00e7e yeti\u015ftirmeniz i\u00e7in size g\u00fc\u00e7 verir.<\/span><\/p>\n<p style=\"line-height: 1.5;\"><span style=\"font-family: arial, helvetica, sans-serif;\"><strong>5\u3001Sertifikal\u0131 M\u00fckemmellik:<\/strong> \u0130\u00e7inizin rahat olmas\u0131 bizim i\u00e7in son derece \u00f6nemlidir. \u00dcr\u00fcnlerimiz titiz kalite kontrol\u00fcne tabi tutulmakta ve g\u00fcvenlik, s\u00fcrd\u00fcr\u00fclebilirlik ve etik kaynak kullan\u0131m\u0131n\u0131 kan\u0131tlayan \u00e7e\u015fitli sertifikalara sahiptir. Sorumlu ve vicdanl\u0131 bir ortamda geli\u015ftiklerini bilerek bitkilerinizi g\u00fcvenle besleyebilirsiniz.<\/span><\/p>\n<p><span style=\"font-family: arial, helvetica, sans-serif;\">Saks\u0131: 9 adet yeniden kullan\u0131labilir saks\u0131 - fideler i\u00e7in do\u011fru boyutta, geni\u015f drenaj ve yenilik\u00e7i damlama tepsileri. Tasarruf edin ve yeniden kullan\u0131n. <\/span><\/p>\n<p><span style=\"font-family: arial, helvetica, sans-serif;\">Besleyin: Besin a\u00e7\u0131s\u0131ndan zengin 3 toprak diski - su ekleyin ve orijinal boyutlar\u0131n\u0131n 6-8 kat\u0131na kadar \u015fi\u015feceklerdir. \u00d6n g\u00fcbreleme.<\/span><\/p>\n<p><span style=\"font-family: arial, helvetica, sans-serif;\">Grow It: 9 Paket Premium Tohum - 9 farkl\u0131 bitki i\u00e7erir: dereotu, fesle\u011fen, frenk so\u011fan\u0131, kekik, maydanoz, kekik, ki\u015fni\u015f, ada\u00e7ay\u0131 ve hardal. T\u00fcm tohumlar en y\u00fcksek \u00e7imlenme oranlar\u0131 i\u00e7in test edilmi\u015ftir.<\/span><\/p>\n<p><span style=\"font-family: arial, helvetica, sans-serif;\">\u0130\u015faretleyin: 9 Bambu \u0130\u015faretleyici - \u0130\u015faretleyiciler, fidelerinizi b\u00fcy\u00fcd\u00fck\u00e7e tan\u0131mlaman\u0131za yard\u0131mc\u0131 olur. <\/span><\/p>\n<p><span style=\"font-family: arial, helvetica, sans-serif;\">Ba\u015far\u0131l\u0131 olun: Nas\u0131l Kullan\u0131l\u0131r - Muhte\u015fem bitkiler yeti\u015ftirebilmeniz i\u00e7in size ad\u0131m ad\u0131m yol g\u00f6steriyoruz.<\/span><\/p>\n<p><span style=\"font-family: arial, helvetica, sans-serif;\">Ne\u015fe yolunuzu dikin: sevin ya da paran\u0131z\u0131 geri al\u0131n! S\u00fcrecin herhangi bir y\u00f6n\u00fcyle ilgili zorluklarla kar\u015f\u0131la\u015f\u0131rsan\u0131z, l\u00fctfen bizimle ileti\u015fime ge\u00e7mekten \u00e7ekinmeyin. \u0130stedi\u011finiz sonu\u00e7lar\u0131 elde edene kadar size yard\u0131mc\u0131 olmaya kararl\u0131y\u0131z. Bununla birlikte, kitimiz i\u00e7in k\u00f6t\u00fc kalite varsa, paran\u0131z\u0131n 100%'sini size iade edece\u011fiz.<\/span><\/p>\n<h3 style=\"font-size: 19px;\"><span style=\"font-family: arial, helvetica, sans-serif;\">Vanilya Tohumlar\u0131 i\u00e7in \u00c7imlenme Ko\u015fullar\u0131<\/span><\/h3>\n<p><span style=\"font-family: arial, helvetica, sans-serif;\">Vanilya tohumlar\u0131n\u0131n tam geli\u015fimi i\u00e7in i\u00e7 ko\u015fullara ek olarak, vanilya tohumlar\u0131n\u0131n \u00e7imlenmesi de uygun \u00e7evresel ko\u015fullar\u0131n i\u015fbirli\u011fini gerektirir. S\u00f6zde \u00e7evresel ko\u015fullar temel olarak nem, s\u0131cakl\u0131k, hava ve \u0131\u015f\u0131\u011f\u0131 i\u00e7erir.<\/span><\/p>\n<p><span style=\"font-family: arial, helvetica, sans-serif;\">1. Nem:<\/span><br \/>\n<span style=\"font-family: arial, helvetica, sans-serif;\">Vanilya tohumlar\u0131n\u0131n \u00e7imlenmesi i\u00e7in nem mutlak bir zorunluluktur. Su ile enzimler aktif olabilir, tohumlarda depolanan besinler etki \u00fcretmek i\u00e7in hidrolize edilebilir ve h\u00fccreler geni\u015fleyip uzayabilir.<\/span><\/p>\n<p><span style=\"font-family: arial, helvetica, sans-serif;\">2. Oksijen:<\/span><br \/>\n<span style=\"font-family: arial, helvetica, sans-serif;\">Vanilya tohumlar\u0131 hareket etmeye ba\u015flad\u0131\u011f\u0131nda oksijene ihtiya\u00e7 duyarlar. Bu y\u00fczden ekim s\u0131ras\u0131nda \u00e7ok fazla su verdi\u011finizde, oksijen eksikli\u011fi nedeniyle vanilya tohumlar\u0131 \u00e7\u00fcr\u00fcyecektir. Sadece birka\u00e7 su bitkisinin tohumlar\u0131 oksijen yoklu\u011funda filizlenebilir.<\/span><\/p>\n<p><span style=\"font-family: arial, helvetica, sans-serif;\">3. S\u0131cakl\u0131k:<\/span><br \/>\n<span style=\"font-family: arial, helvetica, sans-serif;\">Bitki vanilya tohumlar\u0131n\u0131n \u00e7imlenme s\u0131cakl\u0131\u011f\u0131 0-40\u00b0C aras\u0131nda de\u011fi\u015febilir, ancak her bitkinin \u00e7imlenme i\u00e7in en uygun s\u0131cakl\u0131k olan \u00e7imlenme s\u0131cakl\u0131\u011f\u0131 vard\u0131r. Bitkilerin \u00e7imlenmesi i\u00e7in optimum s\u0131cakl\u0131k, men\u015fe yerine g\u00f6re de\u011fi\u015fir. Genel olarak, \u0131l\u0131man bitkiler i\u00e7in optimum s\u0131cakl\u0131k 15-20\u00b0C, subtropikal ve tropikal bitkiler i\u00e7in optimum s\u0131cakl\u0131k ise 25-30\u00b0C'dir.<\/span><\/p>\n<p><span style=\"font-family: arial, helvetica, sans-serif;\">4. I\u015f\u0131k:<\/span><br \/>\n<span style=\"font-family: arial, helvetica, sans-serif;\">Baz\u0131 vanilya bitkilerinin tohumlar\u0131 \u00e7imlenmek i\u00e7in \u0131\u015f\u0131\u011fa ihtiya\u00e7 duyar ve baz\u0131 bitkiler ise tam tersidir. \u0130lkine \u0131\u015f\u0131k seven tohumlar, ikincisine ise \u0131\u015f\u0131ktan ho\u015flanmayan tohumlar denir. Bu nedenle, ekimden sonra topra\u011f\u0131 \u00f6rt\u00fcp \u00f6rtmemeye karar vermek i\u00e7in bitkinin \u0131\u015f\u0131ktan ho\u015flan\u0131p ho\u015flanmad\u0131\u011f\u0131n\u0131 g\u00f6z \u00f6n\u00fcnde bulundurmal\u0131s\u0131n\u0131z. Genel olarak, k\u00fc\u00e7\u00fck vanilya tohumlar\u0131, topraktan filizin b\u00fcy\u00fcmesini desteklemek i\u00e7in yeterli olmayan besin deposu eksikli\u011fi nedeniyle yaln\u0131zca y\u00fczeyde \u00e7imlenebilir ve \u00e7o\u011fu \u0131\u015f\u0131\u011f\u0131 seven t\u00fcrlere aittir.<\/span><\/p>\n<p><span style=\"font-family: arial, helvetica, sans-serif;\">Vanilya saks\u0131 bitkileri sadece seyretmek i\u00e7in de\u011fil, ayn\u0131 zamanda \u00e7ay yapmak, lezzetler yapmak vb. i\u00e7in de kullan\u0131l\u0131r. Uzun dallar ve yapraklar bereketli oldu\u011funda, hasat etti\u011fimiz zamand\u0131r, baz\u0131 \u00e7ok g\u00fcr dallar\u0131 ve yapraklar\u0131 toplayabiliriz ve ayr\u0131ca yeni dallar\u0131n \u00e7imlenmesini te\u015fvik etmek i\u00e7in \u00e7i\u00e7eklere g\u00f6re a\u011fa\u00e7 yeti\u015ftirebiliriz, b\u00f6ylece bitki \u015fekli daha g\u00fczel, dallar ve yapraklar daha bereketli ve hasat edilen malzemeler daha fazla, bir ta\u015fla iki ku\u015f vurmak<\/span><\/p>\n<p style=\"line-height: 1.5;\"><strong><span style=\"font-family: arial, helvetica, sans-serif;\">Sizin Vizyonunuz, Bizim Misyonumuz:<\/span><\/strong><\/p>\n<p style=\"line-height: 1.5;\"><span style=\"font-family: arial, helvetica, sans-serif;\">G\u00fczel kokulu fesle\u011fen yapraklar\u0131, geli\u015fen naneler ve narin lavanta \u00e7i\u00e7ekleriyle bezenmi\u015f bir pencere kenar\u0131 hayal edin. Bitki Pencere Bah\u00e7esi ile bu vizyon ger\u00e7e\u011fe d\u00f6n\u00fc\u015f\u00fcyor. Sekt\u00f6r profesyonelleri olarak, size benzersizli\u011finizi kutlayan ve sizi evinizin kalbinde do\u011fayla bulu\u015fturan bir bah\u00e7e yolculu\u011funa \u00e7\u0131kma f\u0131rsat\u0131 sunuyoruz.<\/span><\/p>\n<p style=\"line-height: 1.5;\"><span style=\"font-family: arial, helvetica, sans-serif;\">\u00d6zelle\u015ftirme bizim ay\u0131rt edici \u00f6zelli\u011fimizdir. M\u00fckemmellik bizim standard\u0131m\u0131zd\u0131r. Do\u011fan\u0131n g\u00fczelli\u011fi bizim tuvalimizdir. Hayat\u0131n ye\u015ferdi\u011fi ve hayallerin k\u00f6k sald\u0131\u011f\u0131 Herb Window Garden'a ho\u015f geldiniz.<\/span><\/p>\n<p style=\"line-height: 1.5;\"><span style=\"font-family: arial, helvetica, sans-serif;\">Ki\u015fiselle\u015ftirilmi\u015f i\u00e7 mekan bah\u00e7ecilik maceran\u0131za ba\u015flamak i\u00e7in bug\u00fcn bize ula\u015f\u0131n. Herb Window Garden'\u0131n b\u00fcy\u00fcs\u00fcn\u00fc ke\u015ffedin ve kendi do\u011fa par\u00e7an\u0131z\u0131 parmaklar\u0131n\u0131z\u0131n ucunda yeti\u015ftirmenin keyfini ya\u015fay\u0131n.<\/span><\/p>","protected":false},"excerpt":{"rendered":"<p>Haz\u0131rlanan 34 Par\u00e7a Bitki Pencere Bah\u00e7e Seti: Lezzetli bitki yeti\u015ftirmenin keyfini sizin veya sevdi\u011finiz birinin hayat\u0131na ta\u015f\u0131mak i\u00e7in ihtiyac\u0131n\u0131z olan her \u015fey. \u00c7ok basit; tohumdan bitki yeti\u015ftirme konusundaki tahminlerimiz size yolun her ad\u0131m\u0131nda rehberlik ediyor. Dik!<\/p>","protected":false},"featured_media":16097,"comment_status":"closed","ping_status":"closed","template":"","meta":[],"product_cat":[50],"product_tag":[233,394,393,395,55,51,392],"acf":[],"_links":{"self":[{"href":"https:\/\/www.garden-kit.com\/tr\/wp-json\/wp\/v2\/product\/4034"}],"collection":[{"href":"https:\/\/www.garden-kit.com\/tr\/wp-json\/wp\/v2\/product"}],"about":[{"href":"https:\/\/www.garden-kit.com\/tr\/wp-json\/wp\/v2\/types\/product"}],"replies":[{"embeddable":true,"href":"https:\/\/www.garden-kit.com\/tr\/wp-json\/wp\/v2\/comments?post=4034"}],"wp:featuredmedia":[{"embeddable":true,"href":"https:\/\/www.garden-kit.com\/tr\/wp-json\/wp\/v2\/media\/16097"}],"wp:attachment":[{"href":"https:\/\/www.garden-kit.com\/tr\/wp-json\/wp\/v2\/media?parent=4034"}],"wp:term":[{"taxonomy":"product_cat","embeddable":true,"href":"https:\/\/www.garden-kit.com\/tr\/wp-json\/wp\/v2\/product_cat?post=4034"},{"taxonomy":"product_tag","embeddable":true,"href":"https:\/\/www.garden-kit.com\/tr\/wp-json\/wp\/v2\/product_tag?post=4034"}],"curies":[{"name":"wp","href":"https:\/\/api.w.org\/{rel}","templated":true}]}}