{"id":4052,"date":"2022-10-19T14:09:36","date_gmt":"2022-10-19T06:09:36","guid":{"rendered":"https:\/\/www.garden-kit.com\/product\/herb-garden-seeds-for-planting-2\/"},"modified":"2023-03-31T14:56:29","modified_gmt":"2023-03-31T06:56:29","slug":"herb-garden-seeds-for-planting","status":"publish","type":"product","link":"https:\/\/www.garden-kit.com\/tr\/product\/herb-garden-seeds-for-planting\/","title":{"rendered":"Dikim i\u00e7in Bitki Bah\u00e7esi Tohumlar\u0131"},"content":{"rendered":"<p><span style=\"font-family: arial, helvetica, sans-serif;font-size: 16px\">Vanilya aromatik u\u00e7ucu ya\u011flar, antioksidanlar ve mantar ila\u00e7lar\u0131 i\u00e7eren bir baharat bitkisidir. Sadece sivrisinekleri ve sinekleri kovmakla kalmaz, ayn\u0131 zamanda \u00e7evreyi g\u00fczelle\u015ftirir, havay\u0131 temizler ve oturma odas\u0131n\u0131 g\u00fczelle\u015ftirir. Ayr\u0131ca g\u00fczellik, banyo, diyet ve t\u0131bbi tedavide de yayg\u0131n olarak kullan\u0131l\u0131r. Vanilya ilk olarak Meksika'da ortaya \u00e7\u0131km\u0131\u015ft\u0131r ve eski Mezoamerikal\u0131lar bir zamanlar yo\u011fun bir \u015fekilde vanilya ekmi\u015flerdir. Avrupa bah\u00e7ecilik end\u00fcstrisinde, Avrupa vanilyas\u0131 \u00e7ok \u00f6nemli bir konuma sahiptir. Avrupa'daki bir\u00e7ok bah\u00e7ecilik departman\u0131n\u0131n ve vanilya severlerin \u00e7o\u011funlukla kendi \u00f6zel bitki botanik bah\u00e7eleri vard\u0131r. Bu insanlar kendi botanik bah\u00e7elerine \u00e7e\u015fitli otlar ekerler. Vanilya y\u0131l boyunca \u00e7e\u015fitli aromalar yayarak insanlar\u0131n kendilerini yenilenmi\u015f hissetmelerini sa\u011flar. Lavanta, biberiye, kekik ve pa\u00e7uli gibi bitkiler uzun zamand\u0131r modac\u0131lar taraf\u0131ndan ra\u011fbet g\u00f6rmektedir<\/span><\/p>\n<h3 style=\"font-size: 19px\"><span style=\"font-family: arial, helvetica, sans-serif;font-size: 16px\"><strong>Genel Bak\u0131\u015f<\/strong><\/span><\/h3>\n<table border=\"1\" cellspacing=\"0\" style=\"border-collapse: collapse;width: 100%;height: 269px\">\n<tbody>\n<tr style=\"height: 31px\">\n<td valign=\"top\" width=\"373\" style=\"width: 49.3386%;height: 31px\">\n<p><span style=\"font-family: arial, helvetica, sans-serif;font-size: 16px\">\u00dcr\u00fcn Bak\u0131m Talimatlar\u0131<\/span><\/p>\n<\/td>\n<td valign=\"top\" width=\"373\" style=\"width: 49.3386%;height: 31px\">\n<p><span style=\"font-family: arial, helvetica, sans-serif;font-size: 16px\">Mevcut<\/span><\/p>\n<\/td>\n<\/tr>\n<tr style=\"height: 31px\">\n<td valign=\"top\" width=\"373\" style=\"width: 49.3386%;height: 31px\">\n<p><span style=\"font-family: arial, helvetica, sans-serif;font-size: 16px\">Bitki \u00dcr\u00fcn Tipi<\/span><\/p>\n<\/td>\n<td valign=\"top\" width=\"373\" style=\"width: 49.3386%;height: 31px\">\n<p><span style=\"font-family: arial, helvetica, sans-serif;font-size: 16px\">Otlar<\/span><\/p>\n<\/td>\n<\/tr>\n<tr style=\"height: 31px\">\n<td valign=\"top\" width=\"373\" style=\"width: 49.3386%;height: 31px\">\n<p><span style=\"font-family: arial, helvetica, sans-serif;font-size: 16px\">\u00d6zel \u00f6zellik<\/span><\/p>\n<\/td>\n<td valign=\"top\" width=\"373\" style=\"width: 49.3386%;height: 31px\">\n<p><span style=\"font-family: arial, helvetica, sans-serif;font-size: 16px\">Kapal\u0131-A\u00e7\u0131k Yeti\u015ftirme<\/span><\/p>\n<\/td>\n<\/tr>\n<tr style=\"height: 31px\">\n<td valign=\"top\" width=\"373\" style=\"width: 49.3386%;height: 31px\">\n<p><span style=\"font-family: arial, helvetica, sans-serif;font-size: 16px\">Marka<\/span><\/p>\n<\/td>\n<td valign=\"top\" width=\"373\" style=\"width: 49.3386%;height: 31px\">\n<p><span style=\"font-family: arial, helvetica, sans-serif;font-size: 16px\">Bah\u00e7e Seti<\/span><\/p>\n<\/td>\n<\/tr>\n<tr style=\"height: 31px\">\n<td valign=\"top\" width=\"373\" style=\"width: 49.3386%;height: 31px\">\n<p><span style=\"font-family: arial, helvetica, sans-serif;font-size: 16px\">Anavatan<\/span><\/p>\n<\/td>\n<td valign=\"top\" width=\"373\" style=\"width: 49.3386%;height: 31px\">\n<p><span style=\"font-family: arial, helvetica, sans-serif;font-size: 16px\">Fujian, \u00c7in<\/span><\/p>\n<\/td>\n<\/tr>\n<tr style=\"height: 31px\">\n<td valign=\"top\" width=\"373\" style=\"width: 49.3386%;height: 31px\">\n<p><span style=\"font-family: arial, helvetica, sans-serif;font-size: 16px\">ODM\/OEM<\/span><\/p>\n<\/td>\n<td valign=\"top\" width=\"373\" style=\"width: 49.3386%;height: 31px\">\n<p><span style=\"font-family: arial, helvetica, sans-serif;font-size: 16px\">Mevcut<\/span><\/p>\n<\/td>\n<\/tr>\n<tr style=\"height: 31px\">\n<td valign=\"top\" width=\"373\" style=\"width: 49.3386%;height: 31px\">\n<p><span style=\"font-family: arial, helvetica, sans-serif;font-size: 16px\">\u00d6zelle\u015ftirilmi\u015f sipari\u015f i\u00e7in MOQ<\/span><\/p>\n<\/td>\n<td valign=\"top\" width=\"373\" style=\"width: 49.3386%;height: 31px\">\n<p><span style=\"font-family: arial, helvetica, sans-serif;font-size: 16px\">3000 adet<\/span><\/p>\n<\/td>\n<\/tr>\n<tr style=\"height: 52px\">\n<td valign=\"top\" width=\"373\" style=\"width: 49.3386%;height: 52px\">\n<p><span style=\"font-family: arial, helvetica, sans-serif;font-size: 16px\">\u00d6rnek maliyet<\/span><\/p>\n<\/td>\n<td valign=\"top\" width=\"373\" style=\"width: 49.3386%;height: 52px\">\n<p><span style=\"font-family: arial, helvetica, sans-serif;font-size: 16px\">US$400\/\u00d6rnek, bizden sipari\u015f verdikten sonra tam iade<\/span><\/p>\n<\/td>\n<\/tr>\n<\/tbody>\n<\/table>\n<p><span style=\"font-family: arial, helvetica, sans-serif;font-size: 16px\">&nbsp;<\/span><\/p>\n<p><span style=\"font-family: arial, helvetica, sans-serif;font-size: 16px\">Vanilyan\u0131n bir\u00e7ok i\u015flevi vard\u0131r. \u00d6rne\u011fin havay\u0131 temizleme etkisi vard\u0131r. Sterilize etmek i\u00e7in odaya bir veya iki bitki vanilya koyabilir veya gard\u0131rop veya yast\u0131\u011fa koyabilirsiniz. \u0130kinci olarak, g\u00fczellik ve g\u00fczelli\u011fin etkisini elde edebilen u\u00e7ucu ya\u011flar yapmak i\u00e7in de kullan\u0131labilir ve son olarak, qi'yi d\u00fczenleyebilir, g\u00f6rme yetene\u011fini art\u0131rabilir ve baz\u0131 k\u00fc\u00e7\u00fck hastal\u0131klar\u0131 tedavi edebilir.<\/span><\/p>\n<p><span style=\"font-family: arial, helvetica, sans-serif;font-size: 16px\">&nbsp;<\/span><\/p>\n<h3 style=\"font-size: 19px\"><span style=\"font-family: arial, helvetica, sans-serif;font-size: 16px\"><strong>Tan\u0131m<\/strong><\/span><\/h3>\n<p><span style=\"font-family: arial, helvetica, sans-serif;font-size: 16px\">Haz\u0131rlanm\u0131\u015f 21 Par\u00e7a \u0130\u00e7 Mekan Bitki Ba\u015flang\u0131\u00e7 Seti: Kendinizin veya sevdi\u011finiz birinin hayat\u0131na lezzetli otlar yeti\u015ftirmenin keyfini katmak i\u00e7in ihtiyac\u0131n\u0131z olan her \u015fey. \u00c7ok basit - tohumdan bitki yeti\u015ftirme konusundaki tahminlerimiz, size her ad\u0131mda rehberlik ediyor. Dikin!<\/span><\/p>\n<p><span style=\"font-family: arial, helvetica, sans-serif;font-size: 16px\">&nbsp;<\/span><\/p>\n<h3 style=\"font-size: 19px\"><span style=\"font-family: arial, helvetica, sans-serif;font-size: 16px\"><strong>A\u015fa\u011f\u0131daki \u00f6\u011feler kit i\u00e7erisinde yer almaktad\u0131r.<\/strong><\/span><\/h3>\n<p><span style=\"font-family: arial, helvetica, sans-serif;font-size: 16px\">10 adet taze kalan tohum paketi<\/span><\/p>\n<p><span style=\"font-family: arial, helvetica, sans-serif;font-size: 16px\">10 bambu bitki i\u015faretleyicisi<\/span><\/p>\n<p><span style=\"font-family: arial, helvetica, sans-serif;font-size: 16px\">1 Ad\u0131m ad\u0131m ekim k\u0131lavuzu<\/span><\/p>\n<p><span style=\"font-family: arial, helvetica, sans-serif;font-size: 16px\">1ah\u015fap saks\u0131 hediye kutusu<\/span><\/p>\n<p><span style=\"font-family: arial, helvetica, sans-serif;font-size: 16px\">&nbsp;<\/span><\/p>\n<p><span style=\"font-family: arial, helvetica, sans-serif;font-size: 16px\">Kendi Pencere Kenar\u0131 Bitki Bah\u00e7enizi Yeti\u015ftirin: Bu bitki bah\u00e7esi kiti, kendi geli\u015fen ev bah\u00e7enizi ba\u015flatman\u0131za yard\u0131mc\u0131 olacak ev bitkileri i\u00e7in 10 yadig\u00e2r bitki tohumu ile birlikte gelir. Bu i\u00e7 mekan bitki kitindeki GDO'suz tohumlar aras\u0131nda Ceneviz Fesle\u011feni, frenk so\u011fan\u0131, ki\u015fni\u015f (veya ki\u015fni\u015f), dereotu, kekik, b\u00fcy\u00fck yaprakl\u0131 \u0130talyan maydanozu, ada\u00e7ay\u0131, \u0130ngiliz keki\u011fi, roka ve nane (veya nane) bulunur. Evde yeti\u015ftirdi\u011finiz tatlar\u0131 ekleyerek yemeklerinizi renklendirin - i\u00e7 mekan bah\u00e7ecili\u011fi i\u00e7in bu bitkileri yeti\u015ftirmek i\u015finizi g\u00f6recektir!<\/span><\/p>\n<p><span style=\"font-family: arial, helvetica, sans-serif;font-size: 16px\">&nbsp;<\/span><\/p>\n<p><span style=\"font-family: arial, helvetica, sans-serif;font-size: 16px\">Uzman B\u00fcy\u00fcme Deste\u011fi: Destek s\u00f6z konusu oldu\u011funda yukar\u0131da ve \u00f6teye gittik. M\u00fc\u015fterilerimizin \u00e7o\u011funun bah\u00e7ecilikte yeni oldu\u011funu biliyoruz ve sizin i\u00e7in buraday\u0131z. Bitki Bah\u00e7esi Ba\u015flang\u0131\u00e7 Kitimizde, bitki kitlerimizle ilgili sorular\u0131 yan\u0131tlamak \u00fczere bah\u00e7ecilik uzmanlar\u0131 ve peyzaj uzmanlar\u0131ndan olu\u015fan bir ekip, FB Messenger arac\u0131l\u0131\u011f\u0131yla yeti\u015ftirici yard\u0131m botlar\u0131, ayr\u0131nt\u0131l\u0131 talimatlar, \u00f6zel bir FB yeti\u015ftirici toplulu\u011fu ve e\u011fitici videolar bulunmaktad\u0131r.<\/span><\/p>\n<p><span style=\"font-family: arial, helvetica, sans-serif;font-size: 16px\">&nbsp;<\/span><\/p>\n<p><span style=\"font-family: arial, helvetica, sans-serif;font-size: 16px\">HER ZAMAN \u00c7in'de yeti\u015ftirilir: Bah\u00e7e kitinde, bitki bah\u00e7esi tohum kitlerimizdeki tohumlar\u0131n t\u00fcm\u00fc \u00c7in'de yeti\u015ftirilir ve bir tohum kitine yerle\u015ftirilmeden \u00f6nce \u00e7imlenme a\u00e7\u0131s\u0131ndan test edilir. \u0130ster i\u00e7 mekan bah\u00e7ecili\u011fi uzman\u0131 olun, ister ilk fesle\u011fen veya nane bitkinizi yeti\u015ftiriyor olun, y\u00fcksek kaliteli kurum i\u00e7i bitki bah\u00e7esi tohumlar\u0131m\u0131z en taze mutfak bitkilerini ba\u015far\u0131yla \u00fcretmenize yard\u0131mc\u0131 olabilir.<\/span><\/p>\n<p><span style=\"font-family: arial, helvetica, sans-serif;font-size: 16px\">&nbsp;<\/span><\/p>\n<p><span style=\"font-family: arial, helvetica, sans-serif;font-size: 16px\">Bitki Severler i\u00e7in E\u015fsiz Bah\u00e7\u0131van Hediyeleri: Bitki Kiti Tohumlar\u0131m\u0131z kad\u0131nlar i\u00e7in m\u00fckemmel bir bah\u00e7e hediyesi, vegan hediyesi, yeni eve ta\u015f\u0131nma hediyesi, erkekler i\u00e7in benzersiz bir hediye veya ofis hediyesidir. \u015eefler ve yemek pi\u015firme merakl\u0131lar\u0131, amat\u00f6r bah\u00e7\u0131vanlar ve bitki annelerinin yan\u0131 s\u0131ra bu i\u00e7 mekan bitki bah\u00e7esi ba\u015flang\u0131\u00e7 kitindeki tohumlara bay\u0131lacaklar! Bu bitkiler i\u00e7eride veya d\u0131\u015far\u0131da pencere kenar\u0131nda, mutfak tezgah\u0131nda veya verandada yeti\u015ftirilebilir ya da daha sonra d\u0131\u015far\u0131ya ta\u015f\u0131nabilir. Verilmeye devam eden bir hediye!<\/span><\/p>\n<p><span style=\"font-family: arial, helvetica, sans-serif;font-size: 16px\">&nbsp;<\/span><\/p>\n<p><span style=\"font-family: arial, helvetica, sans-serif;font-size: 16px\">Neden bah\u00e7e kiti? Amac\u0131m\u0131z bitki yeti\u015ftirme sanat\u0131n\u0131 basit ve kolay hale getirerek herkes i\u00e7in eri\u015filebilir k\u0131lmakt\u0131r. G\u00fcvenebilece\u011finiz g\u00fcvenli, s\u00fcrd\u00fcr\u00fclebilir \u00fcr\u00fcnler yaratmaya odaklanm\u0131\u015f deneyimli bir aile \u015firketi olarak yola \u00e7\u0131kt\u0131k - bu uygulama bug\u00fcn de devam ediyor.<\/span><\/p><\/p>","protected":false},"excerpt":{"rendered":"<p>Haz\u0131rlanan 21 Par\u00e7a \u0130\u00e7 Mekan Bitki Ba\u015flang\u0131\u00e7 Seti: Lezzetli \u015fifal\u0131 bitkiler yeti\u015ftirmenin keyfini sizin veya sevdi\u011finiz birinin hayat\u0131na ta\u015f\u0131mak i\u00e7in ihtiyac\u0131n\u0131z olan her \u015fey. \u00c7ok basit; tohumdan bitki yeti\u015ftirme konusundaki tahminlerimiz size yolun her ad\u0131m\u0131nda rehberlik ediyor. Dik!<\/p>","protected":false},"featured_media":12321,"comment_status":"open","ping_status":"closed","template":"","meta":[],"product_cat":[50],"product_tag":[495,508,179,181,496,515],"acf":[],"_links":{"self":[{"href":"https:\/\/www.garden-kit.com\/tr\/wp-json\/wp\/v2\/product\/4052"}],"collection":[{"href":"https:\/\/www.garden-kit.com\/tr\/wp-json\/wp\/v2\/product"}],"about":[{"href":"https:\/\/www.garden-kit.com\/tr\/wp-json\/wp\/v2\/types\/product"}],"replies":[{"embeddable":true,"href":"https:\/\/www.garden-kit.com\/tr\/wp-json\/wp\/v2\/comments?post=4052"}],"wp:featuredmedia":[{"embeddable":true,"href":"https:\/\/www.garden-kit.com\/tr\/wp-json\/wp\/v2\/media\/12321"}],"wp:attachment":[{"href":"https:\/\/www.garden-kit.com\/tr\/wp-json\/wp\/v2\/media?parent=4052"}],"wp:term":[{"taxonomy":"product_cat","embeddable":true,"href":"https:\/\/www.garden-kit.com\/tr\/wp-json\/wp\/v2\/product_cat?post=4052"},{"taxonomy":"product_tag","embeddable":true,"href":"https:\/\/www.garden-kit.com\/tr\/wp-json\/wp\/v2\/product_tag?post=4052"}],"curies":[{"name":"wp","href":"https:\/\/api.w.org\/{rel}","templated":true}]}}