{"id":4086,"date":"2022-10-19T14:23:49","date_gmt":"2022-10-19T06:23:49","guid":{"rendered":"https:\/\/www.garden-kit.com\/product\/usda-certified-organic-culinary-herb-seeds-collection\/"},"modified":"2023-03-31T15:05:09","modified_gmt":"2023-03-31T07:05:09","slug":"herb-seeds-collection","status":"publish","type":"product","link":"https:\/\/www.garden-kit.com\/tr\/product\/herb-seeds-collection\/","title":{"rendered":"Bitki Tohumlar\u0131 Koleksiyonu"},"content":{"rendered":"<h3 style=\"font-size: 19px\"><span style=\"font-family: arial, helvetica, sans-serif\">Genel Bak\u0131\u015f<\/span><span style=\"font-family: arial, helvetica, sans-serif\"><\/span><\/h3>\n<table border=\"1\" cellspacing=\"0\" style=\"border-collapse: collapse;width: 100%\">\n<tbody>\n<tr>\n<td valign=\"top\" width=\"373\">\n<p><span style=\"font-family: arial, helvetica, sans-serif\">\u00dcr\u00fcn Bak\u0131m Talimatlar\u0131<\/span><\/p>\n<\/td>\n<td valign=\"top\" width=\"373\">\n<p><span style=\"font-family: arial, helvetica, sans-serif\">Mevcut<\/span><\/p>\n<\/td>\n<\/tr>\n<tr>\n<td valign=\"top\" width=\"373\">\n<p><span style=\"font-family: arial, helvetica, sans-serif\">Bitki \u00dcr\u00fcn Tipi<\/span><\/p>\n<\/td>\n<td valign=\"top\" width=\"373\">\n<p><span style=\"font-family: arial, helvetica, sans-serif\">Otlar<\/span><\/p>\n<\/td>\n<\/tr>\n<tr>\n<td valign=\"top\" width=\"373\">\n<p><span style=\"font-family: arial, helvetica, sans-serif\">\u00d6zel \u00f6zellik<\/span><\/p>\n<\/td>\n<td valign=\"top\" width=\"373\">\n<p><span style=\"font-family: arial, helvetica, sans-serif\">Kapal\u0131-A\u00e7\u0131k Yeti\u015ftirme<\/span><\/p>\n<\/td>\n<\/tr>\n<tr>\n<td valign=\"top\" width=\"373\">\n<p><span style=\"font-family: arial, helvetica, sans-serif\">Marka<\/span><\/p>\n<\/td>\n<td valign=\"top\" width=\"373\">\n<p><span style=\"font-family: arial, helvetica, sans-serif\">Bah\u00e7e Seti<\/span><\/p>\n<\/td>\n<\/tr>\n<tr>\n<td valign=\"top\" width=\"373\">\n<p><span style=\"font-family: arial, helvetica, sans-serif\">Anavatan<\/span><\/p>\n<\/td>\n<td valign=\"top\" width=\"373\">\n<p><span style=\"font-family: arial, helvetica, sans-serif\">Fujian, \u00c7in<\/span><\/p>\n<\/td>\n<\/tr>\n<tr>\n<td valign=\"top\" width=\"373\">\n<p><span style=\"font-family: arial, helvetica, sans-serif\">ODM\/OEM<\/span><\/p>\n<\/td>\n<td valign=\"top\" width=\"373\">\n<p><span style=\"font-family: arial, helvetica, sans-serif\">Mevcut<\/span><\/p>\n<\/td>\n<\/tr>\n<tr>\n<td valign=\"top\" width=\"373\">\n<p><span style=\"font-family: arial, helvetica, sans-serif\">\u00d6zelle\u015ftirilmi\u015f sipari\u015f i\u00e7in MOQ<\/span><\/p>\n<\/td>\n<td valign=\"top\" width=\"373\">\n<p><span style=\"font-family: arial, helvetica, sans-serif\">3000 adet<\/span><\/p>\n<\/td>\n<\/tr>\n<tr>\n<td valign=\"top\" width=\"373\">\n<p><span style=\"font-family: arial, helvetica, sans-serif\">\u00d6rnek maliyet<\/span><\/p>\n<\/td>\n<td valign=\"top\" width=\"373\">\n<p><span style=\"font-family: arial, helvetica, sans-serif\">US$400\/\u00d6rnek, bizden sipari\u015f verdikten sonra tam iade<\/span><\/p>\n<\/td>\n<\/tr>\n<\/tbody>\n<\/table>\n<p><span style=\"font-family: arial, helvetica, sans-serif\">&nbsp;<\/span><\/p>\n<h3 style=\"font-size: 19px\"><span style=\"font-family: arial, helvetica, sans-serif\">Tan\u0131m<\/span><\/h3>\n<p><span style=\"font-family: arial, helvetica, sans-serif\">Haz\u0131rlanan 12 Par\u00e7a \u0130\u00e7 Mekan Bitki Ba\u015flang\u0131\u00e7 Seti: Lezzetli \u015fifal\u0131 bitkiler yeti\u015ftirmenin keyfini sizin veya sevdi\u011finiz birinin hayat\u0131na ta\u015f\u0131mak i\u00e7in ihtiyac\u0131n\u0131z olan her \u015fey. \u00c7ok basit; tohumdan bitki yeti\u015ftirme konusundaki tahminlerimiz size yolun her ad\u0131m\u0131nda rehberlik ediyor. Dik!<\/span><\/p>\n<p><span style=\"font-family: arial, helvetica, sans-serif\">&nbsp;<\/span><\/p>\n<h3 style=\"font-size: 19px\"><span style=\"font-family: arial, helvetica, sans-serif\">A\u015fa\u011f\u0131daki \u00f6\u011feler kit i\u00e7erisinde yer almaktad\u0131r.<\/span><\/h3>\n<p><span style=\"font-family: arial, helvetica, sans-serif\">5 adet \u00f6zel tohum t\u00fcp\u00fc<\/span><\/p>\n<p><span style=\"font-family: arial, helvetica, sans-serif\">5 stil ah\u015fap bitki i\u015faret\u00e7isi<\/span><\/p>\n<p><span style=\"font-family: arial, helvetica, sans-serif\">Detayl\u0131 10 PG TAL\u0130MAT K\u0130TAP\u00c7I\u011eI<\/span><\/p>\n<p><span style=\"font-family: arial, helvetica, sans-serif\">1 adet \u00f6zel hediye kutusu&nbsp;<\/span><\/p>\n<\/p>\n<p><span style=\"font-family: arial, helvetica, sans-serif\">Organik Tohumlar \u2013 Tohumlar\u0131m\u0131z Oregon k\u0131rsal\u0131ndaki \u00e7iftli\u011fimizde s\u00fcrd\u00fcr\u00fclebilir bir \u015fekilde yeti\u015ftiriliyor ve paketleniyor<\/span><\/p>\n<p><span style=\"font-family: arial, helvetica, sans-serif\">5 Favori Mutfak Bitkisi \u2013 Taze, Organik Fesle\u011fen, Ki\u015fni\u015f, Maydanoz, Ada\u00e7ay\u0131 ve Keki\u011fin Tad\u0131n\u0131 \u00c7\u0131kar\u0131n!<\/span><\/p>\n<p><span style=\"font-family: arial, helvetica, sans-serif\">5 Bonus \u00d6zel Ah\u015fap Yakma Tohum \u0130\u015faretleyicileri \u2013 Fidelerinizi ve dikildikleri tarihi a\u00e7\u0131k\u00e7a i\u015faretleyin<\/span><\/p>\n<p><span style=\"font-family: arial, helvetica, sans-serif\">M\u00fckemmel Bah\u00e7e Hediyesi \u00d6\u011fesi - Herhangi bir \u00f6zel bah\u00e7\u0131van, yeni ba\u015flayan veya ileri d\u00fczey i\u00e7in harika bir hediyedir<\/span><\/p>","protected":false},"excerpt":{"rendered":"<p>Haz\u0131rlanan 12 Par\u00e7a \u0130\u00e7 Mekan Bitki Ba\u015flang\u0131\u00e7 Seti: Lezzetli \u015fifal\u0131 bitkiler yeti\u015ftirmenin keyfini sizin veya sevdi\u011finiz birinin hayat\u0131na ta\u015f\u0131mak i\u00e7in ihtiyac\u0131n\u0131z olan her \u015fey. \u00c7ok basit; tohumdan bitki yeti\u015ftirme konusundaki tahminlerimiz size yolun her ad\u0131m\u0131nda rehberlik ediyor. Dik!<\/p>","protected":false},"featured_media":12526,"comment_status":"open","ping_status":"closed","template":"","meta":[],"product_cat":[50],"product_tag":[502,532,503,504,534],"acf":[],"_links":{"self":[{"href":"https:\/\/www.garden-kit.com\/tr\/wp-json\/wp\/v2\/product\/4086"}],"collection":[{"href":"https:\/\/www.garden-kit.com\/tr\/wp-json\/wp\/v2\/product"}],"about":[{"href":"https:\/\/www.garden-kit.com\/tr\/wp-json\/wp\/v2\/types\/product"}],"replies":[{"embeddable":true,"href":"https:\/\/www.garden-kit.com\/tr\/wp-json\/wp\/v2\/comments?post=4086"}],"wp:featuredmedia":[{"embeddable":true,"href":"https:\/\/www.garden-kit.com\/tr\/wp-json\/wp\/v2\/media\/12526"}],"wp:attachment":[{"href":"https:\/\/www.garden-kit.com\/tr\/wp-json\/wp\/v2\/media?parent=4086"}],"wp:term":[{"taxonomy":"product_cat","embeddable":true,"href":"https:\/\/www.garden-kit.com\/tr\/wp-json\/wp\/v2\/product_cat?post=4086"},{"taxonomy":"product_tag","embeddable":true,"href":"https:\/\/www.garden-kit.com\/tr\/wp-json\/wp\/v2\/product_tag?post=4086"}],"curies":[{"name":"wp","href":"https:\/\/api.w.org\/{rel}","templated":true}]}}