{"id":4093,"date":"2022-10-19T14:25:34","date_gmt":"2022-10-19T06:25:34","guid":{"rendered":"https:\/\/www.garden-kit.com\/product\/herb-garden-starter-kit-deluxe\/"},"modified":"2023-03-31T15:06:07","modified_gmt":"2023-03-31T07:06:07","slug":"herb-garden-starter-kit-deluxe","status":"publish","type":"product","link":"https:\/\/www.garden-kit.com\/tr\/product\/herb-garden-starter-kit-deluxe\/","title":{"rendered":"Herb Garden Ba\u015flang\u0131\u00e7 Seti Deluxe"},"content":{"rendered":"<p style=\"font-size: 16px\"><span style=\"font-family: arial, helvetica, sans-serif;font-size: 18px\">B\u00fcy\u00fcyen Bitkileri Sevmek \u0130\u00e7in \u00dc\u00e7 Neden<\/span><\/p>\n<p style=\"line-height: 1.5;font-size: 16px\"><span style=\"font-family: arial, helvetica, sans-serif\">Birincisi: \u00e7o\u011fu bitkinin bak\u0131m\u0131 \u00e7ok kolayd\u0131r.<\/span><br \/><span style=\"font-family: arial, helvetica, sans-serif\">\u00d6n\u00fcm\u00fczdeki birka\u00e7 g\u00fcn boyunca ekim yaparken ve sularken dikkatli oldu\u011funuz s\u00fcrece i\u015fin \u00e7o\u011funu zaten yapm\u0131\u015fs\u0131n\u0131z demektir.<\/span><br \/><span style=\"font-family: arial, helvetica, sans-serif\">\u0130kincisi: Pek \u00e7ok \u015fifal\u0131 bitki h\u00e2l\u00e2 ger\u00e7ek \u201ca\u00e7l\u0131k grevi krallar\u0131\u201dd\u0131r.<\/span><br \/><span style=\"font-family: arial, helvetica, sans-serif\">Yani, tatmin olmak i\u00e7in yaln\u0131zca az say\u0131da besine ihtiya\u00e7lar\u0131 vard\u0131r.<\/span><br \/><span style=\"font-family: arial, helvetica, sans-serif\">Evet vanilya, fakir topraklarda \u00f6zelliklerini tam olarak ifade edebilir. \u00c7evreye y\u00f6nelik en b\u00fcy\u00fck gereksinimleri m\u00fcmk\u00fcn oldu\u011funca fazla g\u00fcne\u015f \u0131\u015f\u0131\u011f\u0131 ve \u0131s\u0131d\u0131r.<\/span><br \/><span style=\"font-family: arial, helvetica, sans-serif\">\u00dc\u00e7\u00fcnc\u00fcs\u00fc: Kendi \u015fifal\u0131 bitkilerden yeni bitkiler elde etmek.<\/span><br \/><span style=\"font-family: arial, helvetica, sans-serif\">Bitkileriniz i\u00e7in g\u00fcne\u015fli bir yer bulursan\u0131z ve g\u00fc\u00e7l\u00fc bir \u015fekilde b\u00fcy\u00fcyorlarsa, kendi bitkilerinizden yeni nesil \u015fifal\u0131 bitkiler elde edebilir veya sebzeleriniz i\u00e7in ho\u015f kokulu bir bitki \u00e7iti olu\u015fturabilirsiniz.<\/span><br \/><span style=\"font-family: arial, helvetica, sans-serif\">Kendi bitkilerinizden yeni bitkiler yeti\u015ftirmek sadece pratik ve ucuz de\u011fil, ayn\u0131 zamanda e\u011flencelidir!<\/span><\/p>\n<h3 style=\"font-size: 19px\"><span style=\"font-family: arial, helvetica, sans-serif\"><strong>Genel Bak\u0131\u015f<\/strong><\/span><\/h3>\n<table border=\"1\" cellspacing=\"0\" style=\"border-collapse: collapse;width: 100%\">\n<tbody>\n<tr>\n<td valign=\"top\" width=\"373\">\n<p style=\"font-size: 16px\"><span style=\"font-family: arial, helvetica, sans-serif\">\u00dcr\u00fcn Bak\u0131m Talimatlar\u0131<\/span><\/p>\n<\/td>\n<td valign=\"top\" width=\"373\">\n<p style=\"font-size: 16px\"><span style=\"font-family: arial, helvetica, sans-serif\">Mevcut<\/span><\/p>\n<\/td>\n<\/tr>\n<tr>\n<td valign=\"top\" width=\"373\">\n<p style=\"font-size: 16px\"><span style=\"font-family: arial, helvetica, sans-serif\">Bitki \u00dcr\u00fcn Tipi<\/span><\/p>\n<\/td>\n<td valign=\"top\" width=\"373\">\n<p style=\"font-size: 16px\"><span style=\"font-family: arial, helvetica, sans-serif\">Otlar<\/span><\/p>\n<\/td>\n<\/tr>\n<tr>\n<td valign=\"top\" width=\"373\">\n<p style=\"font-size: 16px\"><span style=\"font-family: arial, helvetica, sans-serif\">\u00d6zel \u00f6zellik<\/span><\/p>\n<\/td>\n<td valign=\"top\" width=\"373\">\n<p style=\"font-size: 16px\"><span style=\"font-family: arial, helvetica, sans-serif\">Kapal\u0131-A\u00e7\u0131k Yeti\u015ftirme<\/span><\/p>\n<\/td>\n<\/tr>\n<tr>\n<td valign=\"top\" width=\"373\">\n<p style=\"font-size: 16px\"><span style=\"font-family: arial, helvetica, sans-serif\">Marka<\/span><\/p>\n<\/td>\n<td valign=\"top\" width=\"373\">\n<p style=\"font-size: 16px\"><span style=\"font-family: arial, helvetica, sans-serif\">Bah\u00e7e Seti<\/span><\/p>\n<\/td>\n<\/tr>\n<tr>\n<td valign=\"top\" width=\"373\">\n<p style=\"font-size: 16px\"><span style=\"font-family: arial, helvetica, sans-serif\">Anavatan<\/span><\/p>\n<\/td>\n<td valign=\"top\" width=\"373\">\n<p style=\"font-size: 16px\"><span style=\"font-family: arial, helvetica, sans-serif\">Fujian, \u00c7in<\/span><\/p>\n<\/td>\n<\/tr>\n<tr>\n<td valign=\"top\" width=\"373\">\n<p style=\"font-size: 16px\"><span style=\"font-family: arial, helvetica, sans-serif\">ODM\/OEM<\/span><\/p>\n<\/td>\n<td valign=\"top\" width=\"373\">\n<p style=\"font-size: 16px\"><span style=\"font-family: arial, helvetica, sans-serif\">Mevcut<\/span><\/p>\n<\/td>\n<\/tr>\n<tr>\n<td valign=\"top\" width=\"373\">\n<p style=\"font-size: 16px\"><span style=\"font-family: arial, helvetica, sans-serif\">\u00d6zelle\u015ftirilmi\u015f sipari\u015f i\u00e7in MOQ<\/span><\/p>\n<\/td>\n<td valign=\"top\" width=\"373\">\n<p style=\"font-size: 16px\"><span style=\"font-family: arial, helvetica, sans-serif\">3000 adet<\/span><\/p>\n<\/td>\n<\/tr>\n<tr>\n<td valign=\"top\" width=\"373\">\n<p style=\"font-size: 16px\"><span style=\"font-family: arial, helvetica, sans-serif\">\u00d6rnek maliyet<\/span><\/p>\n<\/td>\n<td valign=\"top\" width=\"373\">\n<p style=\"font-size: 16px\"><span style=\"font-family: arial, helvetica, sans-serif\">US$400\/\u00d6rnek, bizden sipari\u015f verdikten sonra tam iade<\/span><\/p>\n<\/td>\n<\/tr>\n<\/tbody>\n<\/table>\n<p style=\"font-size: 16px\"><span style=\"font-family: arial, helvetica, sans-serif\">&nbsp;&nbsp;<\/span><\/p>\n<p style=\"font-size: 16px\"><span style=\"font-family: arial, helvetica, sans-serif\">Vanilya bitkilerinin e\u015fsiz bir aromas\u0131 vard\u0131r ve \u00e7ok y\u00f6nl\u00fcd\u00fcr.<\/span><\/p>\n<p style=\"line-height: 1.5;font-size: 16px\"><span style=\"font-family: arial, helvetica, sans-serif\">1. Yenilebilir de\u011fer;<\/span><br \/><span style=\"font-family: arial, helvetica, sans-serif\">2. T\u0131bbi de\u011feri;<\/span><br \/><span style=\"font-family: arial, helvetica, sans-serif\">3. Potpuri veya po\u015fetler ve di\u011fer el sanatlar\u0131 yap\u0131n.<\/span><br \/><span style=\"font-family: arial, helvetica, sans-serif\">Evde baharat olarak kullan\u0131labilecek birka\u00e7 bitki t\u00fcr\u00fc saks\u0131 bitkisi daha bulundurun. S\u0131radan zamanlarda izleyin ve yemek pi\u015firirken al\u0131n. Ger\u00e7ek saf, do\u011fal, kirlilik i\u00e7ermeyen bir baharatt\u0131r.<\/span><\/p>\n<h3 style=\"font-size: 19px\"><span style=\"font-family: arial, helvetica, sans-serif\"><strong>Tan\u0131m<\/strong><\/span><\/h3>\n<p style=\"line-height: 1.5;font-size: 16px\"><span style=\"font-family: arial, helvetica, sans-serif\">Haz\u0131rlanan 21 Par\u00e7a \u0130\u00e7 Mekan Bitki Ba\u015flang\u0131\u00e7 Seti: Lezzetli \u015fifal\u0131 bitkiler yeti\u015ftirmenin keyfini sizin veya sevdi\u011finiz birinin hayat\u0131na ta\u015f\u0131mak i\u00e7in ihtiyac\u0131n\u0131z olan her \u015fey. \u00c7ok basit; tohumdan bitki yeti\u015ftirme konusundaki tahminlerimiz size yolun her ad\u0131m\u0131nda rehberlik ediyor. Dik!<\/span><\/p>\n<p style=\"line-height: 1.5;font-size: 16px\"><span style=\"font-family: arial, helvetica, sans-serif\">&nbsp;<\/span><\/p>\n<h3 style=\"font-size: 19px\"><span style=\"font-family: arial, helvetica, sans-serif\"><strong>A\u015fa\u011f\u0131daki \u00f6\u011feler kit i\u00e7erisinde yer almaktad\u0131r.<\/strong><\/span><span style=\"font-family: arial, helvetica, sans-serif\">&nbsp;<\/span><\/h3>\n<p style=\"line-height: 1.5;font-size: 16px\"><span style=\"font-family: arial, helvetica, sans-serif\">9 adet bambu elyaf saks\u0131<\/span><\/p>\n<p style=\"line-height: 1.5;font-size: 16px\"><span style=\"font-family: arial, helvetica, sans-serif\">3 \u00f6nceden g\u00fcbrelenmi\u015f toprak diski<\/span><\/p>\n<p style=\"line-height: 1.5;font-size: 16px\"><span style=\"font-family: arial, helvetica, sans-serif\">9 adet taze kalan tohum paketi<\/span><\/p>\n<p style=\"line-height: 1.5;font-size: 16px\"><span style=\"font-family: arial, helvetica, sans-serif\">9 adet bambu bitki belirteci<\/span><\/p>\n<p style=\"line-height: 1.5;font-size: 16px\"><span style=\"font-family: arial, helvetica, sans-serif\">1 Ad\u0131m ad\u0131m ekim k\u0131lavuzu<\/span><\/p>\n<p style=\"line-height: 1.5;font-size: 16px\"><span style=\"font-family: arial, helvetica, sans-serif\">1 adet \u00f6zelle\u015ftirilmi\u015f hediye kutusu<\/span><\/p>\n<p style=\"line-height: 1.5;font-size: 16px\"><span style=\"font-family: arial, helvetica, sans-serif\">&nbsp;<\/span><\/p>\n<p style=\"line-height: 1.5;font-size: 16px\"><span style=\"font-family: arial, helvetica, sans-serif\">Saks\u0131 \u00c7ubuklar\u0131: 4 \u00c7uval Saks\u0131s\u0131 ve 2 Damlama Tavas\u0131 \u2013 \u0130yi drenajl\u0131 fide b\u00fcy\u00fcmesi i\u00e7in idealdir. Kaydedin ve yeniden kullan\u0131n. | Grow It: 4 Paket Premium Tohum \u2013 4 Farkl\u0131 Bitki \u0130\u00e7erir: <strong>Fesle\u011fen, Maydanoz, Frenk so\u011fan\u0131 ve Ki\u015fni\u015f<\/strong>. T\u00fcm tohumlar en y\u00fcksek \u00e7imlenme oran\u0131 i\u00e7in test edilir.<\/span><\/p>\n<p style=\"line-height: 1.5;font-size: 16px\"><span style=\"font-family: arial, helvetica, sans-serif\">&nbsp;<\/span><\/p>\n<p style=\"line-height: 1.5;font-size: 16px\"><span style=\"font-family: arial, helvetica, sans-serif\">Onu besleyin: Besin a\u00e7\u0131s\u0131ndan zengin, \u00f6nceden g\u00fcbrelenmi\u015f toprak diskleri - su ekleyin ve 6-8 kat daha fazla geni\u015fleyeceklerdir. |Mark It: 4 Bambu \u0130\u015faretleyiciler \u2013 \u0130\u015faretleyiciler, fidelerinizi b\u00fcy\u00fcd\u00fck\u00e7e tan\u0131mlaman\u0131za yard\u0131mc\u0131 olur. E\u011fitin: Buday\u0131c\u0131lar \u2013 Fazla yapraklar\u0131 ve k\u00f6kleri kesmek i\u00e7in idealdir.<\/span><\/p>\n<p style=\"line-height: 1.5;font-size: 16px\"><span style=\"font-family: arial, helvetica, sans-serif\">&nbsp;<\/span><\/p>\n<p style=\"line-height: 1.5;font-size: 16px\"><span style=\"font-family: arial, helvetica, sans-serif\">\u0130\u015faretle: 4 Bambu \u0130\u015faretleyici \u2013 \u0130\u015faretleyiciler, fidelerinizi b\u00fcy\u00fcd\u00fck\u00e7e tan\u0131mlaman\u0131za yard\u0131mc\u0131 olur. | Acele et! : Nas\u0131l Kullan\u0131l\u0131r \u2013 Muhte\u015fem \u015fifal\u0131 bitkiler yeti\u015ftirebilmeniz i\u00e7in size ad\u0131m ad\u0131m yol g\u00f6steriyoruz. Bonus: \u00dcr\u00fcnle birlikte verilen birinci s\u0131n\u0131f bitki \u00f6\u011f\u00fct\u00fcc\u00fcyle istedi\u011finiz zaman taze \u00f6\u011f\u00fct\u00fclm\u00fc\u015f bitkilerin tad\u0131n\u0131 \u00e7\u0131kar\u0131n.<\/span><\/p>\n<p style=\"line-height: 1.5;font-size: 16px\"><span style=\"font-family: arial, helvetica, sans-serif\">&nbsp;<\/span><\/p>\n<p style=\"line-height: 1.5;font-size: 16px\"><span style=\"font-family: arial, helvetica, sans-serif\">Sevin\u00e7 yolunuzu \u00e7izin: Sevin, yoksa paran\u0131z\u0131 geri verin! S\u00fcrecin herhangi bir a\u015famas\u0131nda zorlukla kar\u015f\u0131la\u015f\u0131rsan\u0131z l\u00fctfen bizimle ileti\u015fime ge\u00e7mekten \u00e7ekinmeyin. \u0130stedi\u011finiz sonu\u00e7lar\u0131 elde edene kadar size yard\u0131mc\u0131 olmaya kararl\u0131y\u0131z.<\/span><\/p>\n<p style=\"font-size: 16px\"><span style=\"font-family: arial, helvetica, sans-serif\"><\/span><\/p>\n<p style=\"font-size: 16px\"><span style=\"font-family: arial, helvetica, sans-serif;font-size: 18px\">Otlar Nas\u0131l Yay\u0131l\u0131r?<\/span><\/p>\n<p style=\"line-height: 1.5;font-size: 16px\"><span style=\"font-family: arial, helvetica, sans-serif\">Vanilya bitkileri tohumlarla ekilmenin yan\u0131 s\u0131ra basit b\u00f6l\u00fcnmelerle de \u00e7o\u011falt\u0131labilir ve ekilen ve geli\u015ftirilen bitkiler daha da b\u00f6l\u00fcnebilir. Sadece belirli bir vanilya t\u00fcr\u00fcn\u00fcn \u00e7o\u011falt\u0131lmas\u0131 de\u011fil, ayn\u0131 zamanda k\u00fc\u00e7\u00fck verimli veya da\u011f\u0131n\u0131k b\u00fcy\u00fcmeye sahip bitkiler de \u00e7o\u011falt\u0131labilir. Yeni bir hayat edinin.<\/span><br \/><span style=\"font-family: arial, helvetica, sans-serif\">Rametler i\u00e7in uygun mevsimler ilkbahar ve sonbahard\u0131r.<\/span><br \/><span style=\"font-family: arial, helvetica, sans-serif\">Baz\u0131 \u00e7e\u015fitler b\u00f6lmeye uygundur, baz\u0131 \u00e7e\u015fitler ise b\u00f6lmeye uygun de\u011fildir.<\/span><br \/><span style=\"font-family: arial, helvetica, sans-serif\">Dallanma i\u015flemi yeni ba\u015flayanlar i\u00e7in de \u00e7ok basit oldu\u011fundan denemek en iyisidir.<\/span><\/p>\n<p style=\"line-height: 1.5;font-size: 16px\"><span style=\"font-family: arial, helvetica, sans-serif\">k\u0131r\u0131nt\u0131<\/span><br \/><span style=\"font-family: arial, helvetica, sans-serif\">Kesme, bir bitkinin sap\u0131n\u0131n kesilerek topra\u011fa yerle\u015ftirilmesi ve b\u00f6ylece k\u00f6k salmas\u0131 ve yeni bir bitki haline gelmesi i\u015flemidir.<\/span><br \/><span style=\"font-family: arial, helvetica, sans-serif\">Bu yakla\u015f\u0131m kekik, nane ve biberiyenin yan\u0131 s\u0131ra Lamiaceae familyas\u0131ndan vanilya ile de iyi sonu\u00e7 verir. \u015eemsiye, turpgiller ve frenk so\u011fan\u0131 gibi zambakl\u0131 bitkiler bu y\u00f6nteme uygun de\u011fildir.<\/span><\/p>\n<p style=\"line-height: 1.5;font-size: 16px\"><span style=\"font-family: arial, helvetica, sans-serif\">A\u015fama 1<\/span><br \/><span style=\"font-family: arial, helvetica, sans-serif\">Fide yeti\u015ftirme \u0131zgaras\u0131na k\u0131rm\u0131z\u0131 ye\u015fim topra\u011f\u0131 (k\u00fc\u00e7\u00fck taneler) koyun ve suyu tamamen emmesi i\u00e7in suyla dolu bir tepsiye koyun.<\/span><\/p>\n<p style=\"line-height: 1.5;font-size: 16px\"><span style=\"font-family: arial, helvetica, sans-serif\">Ad\u0131m 2<\/span><br \/><span style=\"font-family: arial, helvetica, sans-serif\">Yakla\u015f\u0131k 10 cm&#039;lik kal\u0131n ve sa\u011fl\u0131kl\u0131 saplar\u0131 keserek kesimlere dal olarak haz\u0131rlay\u0131n.<\/span><\/p>\n<p style=\"line-height: 1.5;font-size: 16px\"><span style=\"font-family: arial, helvetica, sans-serif\">A\u015fama 3<\/span><br \/><span style=\"font-family: arial, helvetica, sans-serif\">Yapraklar\u0131n alt 1\/3&#039;\u00fcn\u00fc kesin ve ard\u0131ndan \u00fcst k\u0131sm\u0131n\u0131 kesin (tepesi).<\/span><\/p>\n<p style=\"line-height: 1.5;font-size: 16px\"><span style=\"font-family: arial, helvetica, sans-serif\">4. ad\u0131m<\/span><br \/><span style=\"font-family: arial, helvetica, sans-serif\">Hemen ard\u0131ndan su barda\u011f\u0131na yerle\u015ftirin ve kesimlerin topra\u011fa resmi olarak yerle\u015ftirilmeden \u00f6nce iyice nemlendirildi\u011finden emin olun.<\/span><\/p>\n<p style=\"line-height: 1.5;font-size: 16px\"><span style=\"font-family: arial, helvetica, sans-serif\">Ad\u0131m 5<\/span><br \/><span style=\"font-family: arial, helvetica, sans-serif\">Fide yeti\u015ftirme \u0131zgaras\u0131na k\u00fc\u00e7\u00fck bir delik a\u00e7mak i\u00e7in uygun \u00e7ubuklar\u0131 kullan\u0131n ve ard\u0131ndan her fide y\u00fckseltme \u0131zgaras\u0131na bir kesme dal\u0131 yerle\u015ftirin.<\/span><br \/><span style=\"font-family: arial, helvetica, sans-serif\">K\u00f6k, yapraklar\u0131n kesildi\u011fi k\u0131s\u0131mdan \u00e7\u0131kt\u0131\u011f\u0131 i\u00e7in keserken bu k\u0131sm\u0131n tamamen topra\u011fa girmesine dikkat edin.<\/span><\/p>\n<p style=\"line-height: 1.5;font-size: 16px\"><span style=\"font-family: arial, helvetica, sans-serif\">6. ad\u0131m<\/span><br \/><span style=\"font-family: arial, helvetica, sans-serif\">Kesimden sonra fide yeti\u015ftirme \u0131zgaras\u0131n\u0131 r\u00fczgardan ve g\u00f6lgeden korunan bir yere koyun ve yakla\u015f\u0131k 1 ay kadar suyunu saklay\u0131n.<\/span><\/p>\n<p style=\"font-size: 16px\"><span style=\"font-family: arial, helvetica, sans-serif;font-size: 18px\">Dallanmaya uygun otlar<\/span><\/p>\n<p style=\"line-height: 1.5;font-size: 16px\"><span style=\"font-family: arial, helvetica, sans-serif\">Maydanoz, kekik, frenk so\u011fan\u0131, nane, rezene, limon otu, limon otu ve daha fazlas\u0131.<\/span><br \/><span style=\"font-family: arial, helvetica, sans-serif\">1. Bitkiyi k\u00f6kleri ve tomurcuklar\u0131yla birlikte saks\u0131dan \u00e7\u0131kar\u0131n.<\/span><br \/><span style=\"font-family: arial, helvetica, sans-serif\">2. K\u00f6klerin zarar g\u00f6rmesini \u00f6nlemek i\u00e7in elinizle par\u00e7alay\u0131n. Par\u00e7alarken bitkinin do\u011fal y\u00f6n\u00fcn\u00fc takip edin ve zorla \u00e7ekmeyin.<\/span><br \/><span style=\"font-family: arial, helvetica, sans-serif\">3. Ayr\u0131lan bitkileri farkl\u0131 saks\u0131lara ekin.<\/span><\/p><\/p>","protected":false},"excerpt":{"rendered":"<p>Haz\u0131rlanan 21 Par\u00e7a \u0130\u00e7 Mekan Bitki Ba\u015flang\u0131\u00e7 Seti: Lezzetli \u015fifal\u0131 bitkiler yeti\u015ftirmenin keyfini sizin veya sevdi\u011finiz birinin hayat\u0131na ta\u015f\u0131mak i\u00e7in ihtiyac\u0131n\u0131z olan her \u015fey. \u00c7ok basit; tohumdan bitki yeti\u015ftirme konusundaki tahminlerimiz size yolun her ad\u0131m\u0131nda rehberlik ediyor. Dik!<\/p>","protected":false},"featured_media":12566,"comment_status":"open","ping_status":"closed","template":"","meta":[],"product_cat":[50],"product_tag":[388,240,389,179,390,391,387],"acf":[],"_links":{"self":[{"href":"https:\/\/www.garden-kit.com\/tr\/wp-json\/wp\/v2\/product\/4093"}],"collection":[{"href":"https:\/\/www.garden-kit.com\/tr\/wp-json\/wp\/v2\/product"}],"about":[{"href":"https:\/\/www.garden-kit.com\/tr\/wp-json\/wp\/v2\/types\/product"}],"replies":[{"embeddable":true,"href":"https:\/\/www.garden-kit.com\/tr\/wp-json\/wp\/v2\/comments?post=4093"}],"wp:featuredmedia":[{"embeddable":true,"href":"https:\/\/www.garden-kit.com\/tr\/wp-json\/wp\/v2\/media\/12566"}],"wp:attachment":[{"href":"https:\/\/www.garden-kit.com\/tr\/wp-json\/wp\/v2\/media?parent=4093"}],"wp:term":[{"taxonomy":"product_cat","embeddable":true,"href":"https:\/\/www.garden-kit.com\/tr\/wp-json\/wp\/v2\/product_cat?post=4093"},{"taxonomy":"product_tag","embeddable":true,"href":"https:\/\/www.garden-kit.com\/tr\/wp-json\/wp\/v2\/product_tag?post=4093"}],"curies":[{"name":"wp","href":"https:\/\/api.w.org\/{rel}","templated":true}]}}