{"id":4099,"date":"2022-10-19T14:29:46","date_gmt":"2022-10-19T06:29:46","guid":{"rendered":"https:\/\/www.garden-kit.com\/product\/kids-paint-grow-flower-gardening-kit-set\/"},"modified":"2024-03-13T17:46:40","modified_gmt":"2024-03-13T09:46:40","slug":"paint-and-plant-flower-growing-kits-2","status":"publish","type":"product","link":"https:\/\/www.garden-kit.com\/tr\/product\/paint-and-plant-flower-growing-kits-2\/","title":{"rendered":"Boya Ve Bitki \u00c7i\u00e7ek Yeti\u015ftirme Seti Talimatlar\u0131"},"content":{"rendered":"<p style=\"line-height: 1.5\"><span style=\"font-family: arial, helvetica, sans-serif\">\u3010\u00dcst\u00fcn Kalite, G\u00fcvenle Kullan\u0131n\u3011\u00c7ocuklar\u0131n g\u00fcvenli\u011fi her zaman bir numaral\u0131 \u00f6nceliktir. \u00c7ocuklar i\u00e7in bah\u00e7e aletlerimiz y\u00fcksek kaliteli malzemelerden yap\u0131lm\u0131\u015ft\u0131r ve keskin kenarlar\u0131 yoktur. Bah\u00e7e i\u015fleri s\u0131ras\u0131nda \u00e7ocuklar\u0131n yaralanmas\u0131n\u0131 \u00f6nleyin. 5 6 7 8 9 10-12 ya\u015f k\u0131z \u00e7ocuklar\u0131 i\u00e7in uygundur<\/span><br \/><span style=\"font-family: arial, helvetica, sans-serif\">\u0130\u00e7lerindeki Sanat\u00e7\u0131n\u0131n Kilidini A\u00e7\u0131n\u3011 Kendi bah\u00e7elerini boyamalar\u0131na, ekmelerine, b\u00fcy\u00fctmelerine ve ki\u015fiselle\u015ftirmelerine izin vererek \u00e7ocu\u011funuzun yarat\u0131c\u0131l\u0131\u011f\u0131n\u0131 ortaya \u00e7\u0131kar\u0131n! Saks\u0131lar\u0131n\u0131z\u0131 istedi\u011finiz gibi boyay\u0131n ve s\u00fcsleyin. Saks\u0131lar\u0131 kendi \u00f6zg\u00fcn sanat eserlerine d\u00f6n\u00fc\u015ft\u00fcrebilirler. Boyal\u0131 metal saks\u0131lar\u0131 ile renkli kreasyonlar yarat\u0131n. Bu onlar\u0131n gurur duyacaklar\u0131 ki\u015fisel \u00e7ocuk bah\u00e7esi setidir.<\/span><\/p>\n<p style=\"line-height: 1.5\"><span style=\"font-family: arial, helvetica, sans-serif;font-size: 16px\">\u30105-12 Ya\u015f \u00c7ocuklar \u0130\u00e7in E\u011flenceli Boyama ve Dikim Oyuncaklar\u0131\u3011 Bu sevimli tasar\u0131ml\u0131 \u00e7ocuk bah\u00e7e aletleri seti \u00e7ocuklar\u0131n ilgisini \u00e7eker ve \u00e7ocuklar\u0131n boyama ve ekime olan ilgisini art\u0131r\u0131r. \u00c7ocuklar bu d\u0131\u015f mekan bah\u00e7e aletleriyle toprakla, kumla oynayabilir veya bah\u00e7e i\u015fleri yapabilirler. Bu, hayal g\u00fc\u00e7lerini ve fiziksel aktivitelerini geli\u015ftirmenin harika bir yoludur. \u00c7ocuklar ayr\u0131ca ebeveyn zaman\u0131 e\u011flencesi i\u00e7in arkada\u015flar\u0131yla ve aileleriyle i\u00e7 mekanda rol oyunu oynayabilir<\/span><\/p>\n<h3 style=\"line-height: 1.5;font-size: 19px\"><span style=\"font-family: arial, helvetica, sans-serif;font-size: 18px\">Genel Bak\u0131\u015f<\/span><\/h3>\n<table border=\"1\" cellspacing=\"0\">\n<tbody>\n<tr>\n<td valign=\"top\" width=\"373\">\n<p><span style=\"font-family: arial, helvetica, sans-serif\">\u00dcr\u00fcn Bak\u0131m Talimatlar\u0131<\/span><\/p>\n<\/td>\n<td valign=\"top\" width=\"373\">\n<p><span style=\"font-family: arial, helvetica, sans-serif\">Mevcut<\/span><\/p>\n<\/td>\n<\/tr>\n<tr>\n<td valign=\"top\" width=\"373\">\n<p><span style=\"font-family: arial, helvetica, sans-serif\">Bitki \u00dcr\u00fcn Tipi<\/span><\/p>\n<\/td>\n<td valign=\"top\" width=\"373\">\n<p><span style=\"font-family: arial, helvetica, sans-serif\">\u00c7i\u00e7ek<\/span><\/p>\n<\/td>\n<\/tr>\n<tr>\n<td valign=\"top\" width=\"373\">\n<p><span style=\"font-family: arial, helvetica, sans-serif\">\u00d6zel \u00f6zellik<\/span><\/p>\n<\/td>\n<td valign=\"top\" width=\"373\">\n<p><span style=\"font-family: arial, helvetica, sans-serif\">Kapal\u0131-A\u00e7\u0131k Yeti\u015ftirme<\/span><\/p>\n<\/td>\n<\/tr>\n<tr>\n<td valign=\"top\" width=\"373\">\n<p><span style=\"font-family: arial, helvetica, sans-serif\">Marka<\/span><\/p>\n<\/td>\n<td valign=\"top\" width=\"373\">\n<p><span style=\"font-family: arial, helvetica, sans-serif\">Bah\u00e7e Seti<\/span><\/p>\n<\/td>\n<\/tr>\n<tr>\n<td valign=\"top\" width=\"373\">\n<p><span style=\"font-family: arial, helvetica, sans-serif\">Anavatan<\/span><\/p>\n<\/td>\n<td valign=\"top\" width=\"373\">\n<p><span style=\"font-family: arial, helvetica, sans-serif\">Fujian, \u00c7in<\/span><\/p>\n<\/td>\n<\/tr>\n<tr>\n<td valign=\"top\" width=\"373\">\n<p><span style=\"font-family: arial, helvetica, sans-serif\">ODM\/OEM<\/span><\/p>\n<\/td>\n<td valign=\"top\" width=\"373\">\n<p><span style=\"font-family: arial, helvetica, sans-serif\">Mevcut<\/span><\/p>\n<\/td>\n<\/tr>\n<tr>\n<td valign=\"top\" width=\"373\">\n<p><span style=\"font-family: arial, helvetica, sans-serif\">\u00d6zelle\u015ftirilmi\u015f sipari\u015f i\u00e7in MOQ<\/span><\/p>\n<\/td>\n<td valign=\"top\" width=\"373\">\n<p><span style=\"font-family: arial, helvetica, sans-serif\">3000 adet<\/span><\/p>\n<\/td>\n<\/tr>\n<tr>\n<td valign=\"top\" width=\"373\">\n<p><span style=\"font-family: arial, helvetica, sans-serif\">\u00d6rnek maliyet<\/span><\/p>\n<\/td>\n<td valign=\"top\" width=\"373\">\n<p><span style=\"font-family: arial, helvetica, sans-serif\">US$400\/\u00d6rnek, bizden sipari\u015f verdikten sonra tam iade<\/span><\/p>\n<\/td>\n<\/tr>\n<\/tbody>\n<\/table>\n<p style=\"line-height: 1.5\"><span style=\"font-family: arial, helvetica, sans-serif\">&nbsp;<\/span><\/p>\n<h3 style=\"line-height: 1.5;font-size: 19px\"><span style=\"font-family: arial, helvetica, sans-serif;font-size: 18px\">Tan\u0131m<\/span><\/h3>\n<p style=\"line-height: 1.5\"><span style=\"font-family: arial, helvetica, sans-serif\">Haz\u0131rlanm\u0131\u015f 21 Par\u00e7a \u00c7ocuk Boya ve \u00c7i\u00e7ek Yeti\u015ftirme Seti: \u00c7ocuklar\u0131n\u0131z\u0131n \u00e7i\u00e7ek yeti\u015ftirme keyfini sizin veya sevdi\u011finiz birinin hayat\u0131na sokmak i\u00e7in ihtiya\u00e7 duyduklar\u0131 her \u015fey. \u00c7ok basit: Tohumdan \u00e7i\u00e7ek yeti\u015ftirme konusundaki tahminlerimiz, her ad\u0131mda size rehberlik ediyor. Dikin!<\/span><\/p>\n<p style=\"line-height: 1.5\"><span style=\"font-family: arial, helvetica, sans-serif\">&nbsp;<\/span><\/p>\n<p style=\"line-height: 1.5\"><span style=\"font-family: arial, helvetica, sans-serif\">Kit i\u00e7erisinde a\u015fa\u011f\u0131daki \u00f6\u011feler bulunmaktad\u0131r:.<\/span><\/p>\n<p style=\"line-height: 1.5\"><span style=\"font-family: arial, helvetica, sans-serif\">&nbsp;<\/span><span style=\"font-family: arial, helvetica, sans-serif\">1 adet kendinden sulamal\u0131 saks\u0131<\/span><\/p>\n<p style=\"line-height: 1.5\"><span style=\"font-family: arial, helvetica, sans-serif\">5 \u00f6nceden g\u00fcbrelenmi\u015f toprak dis<\/span><\/p>\n<p style=\"line-height: 1.5\"><span style=\"font-family: arial, helvetica, sans-serif\">3 adet taze kalan tohum paketi<\/span><\/p>\n<p style=\"line-height: 1.5\"><span style=\"font-family: arial, helvetica, sans-serif\">1 bah\u00e7e aleti<\/span><\/p>\n<p style=\"line-height: 1.5\"><span style=\"font-family: arial, helvetica, sans-serif\">1 \u00e7ift boyama f\u0131r\u00e7as\u0131<\/span><\/p>\n<p style=\"line-height: 1.5\"><span style=\"font-family: arial, helvetica, sans-serif\">6 boyama rengi<\/span><\/p>\n<p style=\"line-height: 1.5\"><span style=\"font-family: arial, helvetica, sans-serif\">1 boya tepsisi<\/span><\/p>\n<p style=\"line-height: 1.5\"><span style=\"font-family: arial, helvetica, sans-serif\">1 \u00e7ift eldiven<\/span><\/p>\n<p style=\"line-height: 1.5\"><span style=\"font-family: arial, helvetica, sans-serif\">1 Ad\u0131m ad\u0131m ekim k\u0131lavuzu<\/span><\/p>\n<p style=\"line-height: 1.5\"><span style=\"font-family: arial, helvetica, sans-serif\">1 adet \u00f6zelle\u015ftirilmi\u015f hediye kutusu<\/span><\/p>\n<p style=\"line-height: 1.5\"><span style=\"font-family: arial, helvetica, sans-serif\">&nbsp;<\/span><\/p>\n<p style=\"line-height: 1.5\"><span style=\"font-family: arial, helvetica, sans-serif\">Bah\u00e7e Kitinin \u0130lk Bah\u00e7esi - \u00c7ocu\u011funuzun kalbini ve zihnini boya ve bitkilerle besleyin, \u00e7ocuklar i\u00e7in 3 bah\u00e7e kiti. \u00c7ocuklar i\u00e7in 1 s\u00fcper e\u011flenceli bah\u00e7e aletleri seti ile sanatsal ve bah\u00e7ecilik ilgilerini te\u015fvik edin.<\/span><\/p>\n<p style=\"line-height: 1.5\"><span style=\"font-family: arial, helvetica, sans-serif\">&nbsp;<\/span><\/p>\n<p style=\"line-height: 1.5\"><span style=\"font-family: arial, helvetica, sans-serif\">HER \u015eEY DAH\u0130L - K\u00fc\u00e7\u00fck bah\u00e7\u0131van\u0131n\u0131za \u00e7ocuklar i\u00e7in eksiksiz bir bah\u00e7e aletleri seti verin. \u00c7i\u00e7ek yeti\u015ftirme setiniz torf, eldiven, k\u00fcrek, 6 boya, 2 f\u0131r\u00e7a ve bir palet i\u00e7eren kendinden sulamal\u0131 bir saks\u0131 i\u00e7erir.<\/span><\/p>\n<p style=\"line-height: 1.5\"><span style=\"font-family: arial, helvetica, sans-serif\">&nbsp;<\/span><\/p>\n<p style=\"line-height: 1.5\"><span style=\"font-family: arial, helvetica, sans-serif\">Muhte\u015fem bir \u015feyler yeti\u015ftirin - evren, unutma beni, zinnia tohumlar\u0131 ekin ve birlikte verilen yeti\u015ftirme k\u0131lavuzunuzdaki ayr\u0131nt\u0131l\u0131 talimatlarla. \u0130ster i\u00e7eride ister d\u0131\u015far\u0131da, rengarenk \u00e7i\u00e7eklerin tad\u0131n\u0131 \u00e7\u0131karabilirsiniz.<\/span><\/p>\n<p style=\"line-height: 1.5\"><span style=\"font-family: arial, helvetica, sans-serif\">&nbsp;<\/span><\/p>\n<p style=\"line-height: 1.5\"><span style=\"font-family: arial, helvetica, sans-serif\">Ekilebilir Hediyeler - K\u00fc\u00e7\u00fck bir k\u0131z veya erkek \u00e7ocu\u011fu i\u00e7in sanatsal kendini ifade etmeyi ve do\u011fayla ba\u011flant\u0131 kurmay\u0131 te\u015fvik eden bir do\u011fum g\u00fcn\u00fc hediyesi. \u00c7ocuklar i\u00e7in B\u00fcy\u00fcyen Bah\u00e7e Seti Hediyeniz, \u00e7ocuklar i\u00e7in bah\u00e7ecili\u011fe kolay bir giri\u015f niteli\u011findedir.<\/span><\/p>\n<p style=\"line-height: 1.5\"><span style=\"font-family: arial, helvetica, sans-serif\">&nbsp;<\/span><\/p>\n<p style=\"line-height: 1.5\"><span style=\"font-family: arial, helvetica, sans-serif\">E\u011flenceye kat\u0131l\u0131n - hem \u00e7ocuklar hem de yeti\u015fkinler i\u00e7in ev yap\u0131m\u0131 kolay bitki yeti\u015ftirme kitlerine g\u00fcvenin. Bitki sevgimizi yayma konusunda tutkuluyuz ve ilk bah\u00e7enizi yeti\u015ftirmenize yard\u0131mc\u0131 olmak i\u00e7in sab\u0131rs\u0131zlan\u0131yoruz!<\/span><\/p><\/p>","protected":false},"excerpt":{"rendered":"<p>Haz\u0131rlanan 21 Par\u00e7a \u00c7ocuk Boya ve B\u00fcy\u00fctme \u00c7i\u00e7ek Bah\u00e7esi Seti: \u00c7ocuklar\u0131n\u0131z\u0131n \u00e7i\u00e7ek yeti\u015ftirme keyfini sizin veya sevdi\u011finiz birinin hayat\u0131na ta\u015f\u0131mas\u0131 i\u00e7in ihtiya\u00e7 duydu\u011fu her \u015fey. \u00c7ok basit; tohumdan \u00e7i\u00e7ek yeti\u015ftirme konusundaki tahminlerimiz size yolun her ad\u0131m\u0131nda rehberlik ediyor. Dik!<\/p>","protected":false},"featured_media":18077,"comment_status":"open","ping_status":"closed","template":"","meta":[],"product_cat":[61],"product_tag":[420,421,422,424,425,423,338],"acf":[],"_links":{"self":[{"href":"https:\/\/www.garden-kit.com\/tr\/wp-json\/wp\/v2\/product\/4099"}],"collection":[{"href":"https:\/\/www.garden-kit.com\/tr\/wp-json\/wp\/v2\/product"}],"about":[{"href":"https:\/\/www.garden-kit.com\/tr\/wp-json\/wp\/v2\/types\/product"}],"replies":[{"embeddable":true,"href":"https:\/\/www.garden-kit.com\/tr\/wp-json\/wp\/v2\/comments?post=4099"}],"wp:featuredmedia":[{"embeddable":true,"href":"https:\/\/www.garden-kit.com\/tr\/wp-json\/wp\/v2\/media\/18077"}],"wp:attachment":[{"href":"https:\/\/www.garden-kit.com\/tr\/wp-json\/wp\/v2\/media?parent=4099"}],"wp:term":[{"taxonomy":"product_cat","embeddable":true,"href":"https:\/\/www.garden-kit.com\/tr\/wp-json\/wp\/v2\/product_cat?post=4099"},{"taxonomy":"product_tag","embeddable":true,"href":"https:\/\/www.garden-kit.com\/tr\/wp-json\/wp\/v2\/product_tag?post=4099"}],"curies":[{"name":"wp","href":"https:\/\/api.w.org\/{rel}","templated":true}]}}