{"id":4115,"date":"2022-10-19T14:33:05","date_gmt":"2022-10-19T06:33:05","guid":{"rendered":"https:\/\/www.garden-kit.com\/product\/dandarci-paint-plant-flower-growing-kit-for-kids-2\/"},"modified":"2023-03-31T15:09:49","modified_gmt":"2023-03-31T07:09:49","slug":"flower-growing-kit","status":"publish","type":"product","link":"https:\/\/www.garden-kit.com\/tr\/product\/flower-growing-kit\/","title":{"rendered":"\u00c7i\u00e7ek Yeti\u015ftirme Kiti"},"content":{"rendered":"<p style=\"line-height: 1.5\"><span style=\"font-family: arial, helvetica, sans-serif;font-size: 16px\">Bitkiler Dafa'y\u0131 iyile\u015ftirmek i\u00e7in renkleri kullan\u0131r, g\u00f6zlerinizi ne\u015fe ile doldurur ya da g\u00fczel veya garip \u00e7i\u00e7ek desenleri, b\u00f6ylece b\u00fcy\u00fcl\u00fc d\u00fcnyalar\u0131n\u0131 ke\u015ffetmekten kendinizi alamazs\u0131n\u0131z. \u00c7i\u00e7ek yeti\u015ftirme becerilerinizin standartlara uygun olmad\u0131\u011f\u0131ndan endi\u015felenseniz de, bunun bir \u00f6nemi yok. \u00c7i\u00e7ek yeti\u015ftirme uzmanlar\u0131n\u0131n hepsi s\u0131f\u0131rdan ba\u015flar ve \u00e7i\u00e7ekler g\u00fc\u00e7l\u00fc bir uyum ve kendi kendini iyile\u015ftirme yetene\u011fine sahiptir, neden \u015fimdi ba\u015flamayas\u0131n\u0131z!<\/span><span style=\"font-family: arial, helvetica, sans-serif;font-size: 18px\"><\/span><\/p>\n<h3 style=\"line-height: 1.5;font-size: 19px\"><span style=\"font-family: arial, helvetica, sans-serif;font-size: 18px\">Genel Bak\u0131\u015f<\/span><\/h3>\n<table border=\"1\" cellspacing=\"0\" style=\"border-collapse: collapse;width: 100%\">\n<tbody>\n<tr>\n<td valign=\"top\" width=\"373\">\n<p><span style=\"font-family: arial, helvetica, sans-serif;font-size: 16px\">\u00dcr\u00fcn Bak\u0131m Talimatlar\u0131<\/span><\/p>\n<\/td>\n<td valign=\"top\" width=\"373\">\n<p><span style=\"font-family: arial, helvetica, sans-serif;font-size: 16px\">Mevcut<\/span><\/p>\n<\/td>\n<\/tr>\n<tr>\n<td valign=\"top\" width=\"373\">\n<p><span style=\"font-family: arial, helvetica, sans-serif;font-size: 16px\">Bitki \u00dcr\u00fcn Tipi<\/span><\/p>\n<\/td>\n<td valign=\"top\" width=\"373\">\n<p><span style=\"font-family: arial, helvetica, sans-serif;font-size: 16px\">\u00c7i\u00e7ek<\/span><\/p>\n<\/td>\n<\/tr>\n<tr>\n<td valign=\"top\" width=\"373\">\n<p><span style=\"font-family: arial, helvetica, sans-serif;font-size: 16px\">\u00d6zel \u00f6zellik<\/span><\/p>\n<\/td>\n<td valign=\"top\" width=\"373\">\n<p><span style=\"font-family: arial, helvetica, sans-serif;font-size: 16px\">Kapal\u0131-A\u00e7\u0131k Yeti\u015ftirme<\/span><\/p>\n<\/td>\n<\/tr>\n<tr>\n<td valign=\"top\" width=\"373\">\n<p><span style=\"font-family: arial, helvetica, sans-serif;font-size: 16px\">Marka<\/span><\/p>\n<\/td>\n<td valign=\"top\" width=\"373\">\n<p><span style=\"font-family: arial, helvetica, sans-serif;font-size: 16px\">Bah\u00e7e Seti<\/span><\/p>\n<\/td>\n<\/tr>\n<tr>\n<td valign=\"top\" width=\"373\">\n<p><span style=\"font-family: arial, helvetica, sans-serif;font-size: 16px\">Anavatan<\/span><\/p>\n<\/td>\n<td valign=\"top\" width=\"373\">\n<p><span style=\"font-family: arial, helvetica, sans-serif;font-size: 16px\">Fujian, \u00c7in<\/span><\/p>\n<\/td>\n<\/tr>\n<tr>\n<td valign=\"top\" width=\"373\">\n<p><span style=\"font-family: arial, helvetica, sans-serif;font-size: 16px\">ODM\/OEM<\/span><\/p>\n<\/td>\n<td valign=\"top\" width=\"373\">\n<p><span style=\"font-family: arial, helvetica, sans-serif;font-size: 16px\">Mevcut<\/span><\/p>\n<\/td>\n<\/tr>\n<tr>\n<td valign=\"top\" width=\"373\">\n<p><span style=\"font-family: arial, helvetica, sans-serif;font-size: 16px\">\u00d6zelle\u015ftirilmi\u015f sipari\u015f i\u00e7in MOQ<\/span><\/p>\n<\/td>\n<td valign=\"top\" width=\"373\">\n<p><span style=\"font-family: arial, helvetica, sans-serif;font-size: 16px\">3000 adet<\/span><\/p>\n<\/td>\n<\/tr>\n<tr>\n<td valign=\"top\" width=\"373\">\n<p><span style=\"font-family: arial, helvetica, sans-serif;font-size: 16px\">\u00d6rnek maliyet<\/span><\/p>\n<\/td>\n<td valign=\"top\" width=\"373\">\n<p><span style=\"font-family: arial, helvetica, sans-serif;font-size: 16px\">US$400\/\u00d6rnek, bizden sipari\u015f verdikten sonra tam iade<\/span><\/p>\n<\/td>\n<\/tr>\n<\/tbody>\n<\/table>\n<p style=\"line-height: 1.5\"><span style=\"font-family: arial, helvetica, sans-serif;font-size: 16px\">&nbsp;<\/span><\/p>\n<p style=\"line-height: 1.5;text-align: center\"><span style=\"font-family: arial, helvetica, sans-serif;font-size: 16px\"><img decoding=\"async\" src=\"https:\/\/data.adwebcloud.com\/public\/material\/2206293ihquj\/product\/image3_1666161034953.jpg\" alt=\"\u00f6rnek\" width=\"50%\" title=\"\"><img decoding=\"async\" src=\"https:\/\/data.adwebcloud.com\/public\/material\/2206293ihquj\/product\/image2_1666161029165.jpg\" alt=\"\u00f6rnek\" width=\"50%\" title=\"\"> &nbsp;<\/span><\/p>\n<p style=\"line-height: 1.5\"><span style=\"font-family: arial, helvetica, sans-serif;font-size: 16px\">Haz\u0131rlanm\u0131\u015f 22 Par\u00e7a \u00c7ocuk Boya ve \u00c7i\u00e7ek Yeti\u015ftirme Seti: \u00c7ocuklar\u0131n\u0131z\u0131n \u00e7i\u00e7ek yeti\u015ftirme keyfini sizin veya sevdi\u011finiz birinin hayat\u0131na sokmak i\u00e7in ihtiya\u00e7 duyduklar\u0131 her \u015fey. \u00c7ok basit - tohumdan \u00e7i\u00e7ek yeti\u015ftirme konusundaki tahminlerimiz, her ad\u0131mda size rehberlik ediyor. Dikin!<\/span><\/p>\n<p style=\"line-height: 1.5\"><span style=\"font-family: arial, helvetica, sans-serif;font-size: 16px\">&nbsp;<\/span><\/p>\n<h3 style=\"line-height: 1.5;font-size: 19px\"><span style=\"font-family: arial, helvetica, sans-serif;font-size: 16px\">A\u015fa\u011f\u0131daki \u00f6\u011feler kit i\u00e7erisinde yer almaktad\u0131r.<\/span><span style=\"font-family: arial, helvetica, sans-serif;font-size: 16px\">&nbsp;<\/span><\/h3>\n<p style=\"line-height: 1.5\"><span style=\"font-family: arial, helvetica, sans-serif;font-size: 16px\">1 adet boyanabilir teneke ekici(12*4,5*4\u2033)<\/span><\/p>\n<p style=\"line-height: 1.5\"><span style=\"font-family: arial, helvetica, sans-serif;font-size: 16px\">1 plastik astar<\/span><\/p>\n<p style=\"line-height: 1.5\"><span style=\"font-family: arial, helvetica, sans-serif;font-size: 16px\">1 b\u00fcy\u00fck toprak diski<\/span><\/p>\n<p style=\"line-height: 1.5\"><span style=\"font-family: arial, helvetica, sans-serif;font-size: 16px\">3 adet taze kalan tohum paketi<\/span><\/p>\n<p style=\"line-height: 1.5\"><span style=\"font-family: arial, helvetica, sans-serif;font-size: 16px\">6 renkli boya \u015feridi<\/span><\/p>\n<p style=\"line-height: 1.5\"><span style=\"font-family: arial, helvetica, sans-serif;font-size: 16px\">2 boya f\u0131r\u00e7as\u0131<\/span><\/p>\n<p style=\"line-height: 1.5\"><span style=\"font-family: arial, helvetica, sans-serif;font-size: 16px\">1 boya paleti<\/span><\/p>\n<p style=\"line-height: 1.5\"><span style=\"font-family: arial, helvetica, sans-serif;font-size: 16px\">3 adet ah\u015fap bitki kalemi<\/span><\/p>\n<p style=\"line-height: 1.5\"><span style=\"font-family: arial, helvetica, sans-serif;font-size: 16px\">1 k\u00fcrek<\/span><\/p>\n<p style=\"line-height: 1.5\"><span style=\"font-family: arial, helvetica, sans-serif;font-size: 16px\">1 sulama \u015fi\u015fesi<\/span><\/p>\n<p style=\"line-height: 1.5\"><span style=\"font-family: arial, helvetica, sans-serif;font-size: 16px\">1 Ad\u0131m ad\u0131m ekim k\u0131lavuzu<\/span><\/p>\n<p style=\"line-height: 1.5\"><span style=\"font-family: arial, helvetica, sans-serif;font-size: 16px\">1 adet \u00f6zelle\u015ftirilmi\u015f hediye kutusu<\/span><\/p>\n<p style=\"line-height: 1.5\"><span style=\"font-family: arial, helvetica, sans-serif;font-size: 16px\">&nbsp;<\/span><\/p>\n<p style=\"line-height: 1.5\"><span style=\"font-family: arial, helvetica, sans-serif;font-size: 16px\">KEND\u0130 K\u00dc\u00c7\u00dcK BAH\u00c7EN\u0130Z\u0130 BOYAYIN VE D\u0130K\u0130N: Saks\u0131lar\u0131 ve dikim i\u015faretlerini boyay\u0131n ve kadife \u00e7i\u00e7e\u011fi, kozmos ve zinya ekin - parlak renkler ve ho\u015f kokular. Birlikte verilen ad\u0131m ad\u0131m talimatlar\u0131 izleyin.<\/span><\/p>\n<p style=\"line-height: 1.5\"><span style=\"font-family: arial, helvetica, sans-serif;font-size: 16px\">&nbsp;<\/span><\/p>\n<p style=\"line-height: 1.5\"><span style=\"font-family: arial, helvetica, sans-serif;font-size: 16px\">Benzersiz k\u0131l\u0131n: tasar\u0131m s\u00f6z konusu oldu\u011funda, s\u0131n\u0131r g\u00f6ky\u00fcz\u00fcd\u00fcr! Yarat\u0131c\u0131l\u0131\u011f\u0131n\u0131z\u0131 saks\u0131lar ve bitki i\u015faretleyicileri \u00fczerinde \u00f6zg\u00fcrce ifade edin.<\/span><\/p>\n<p style=\"line-height: 1.5\"><span style=\"font-family: arial, helvetica, sans-serif;font-size: 16px\">&nbsp;<\/span><\/p>\n<p style=\"line-height: 1.5\"><span style=\"font-family: arial, helvetica, sans-serif;font-size: 16px\">Kit, Teneke Saks\u0131 (12 * 4,5 * 4 \u2033), Plastik Astar, Toprak, 3 Tohum Paketi, 6 Renkli Boya \u015eeridi, 2 Boya F\u0131r\u00e7as\u0131, Boya Paleti, 3 Ah\u015fap Bitki \u0130\u015faretleyici, K\u00fcrek, Su \u015fi\u015fesi ve g\u00fczel bir kullan\u0131m k\u0131lavuzu i\u00e7erir.<\/span><\/p>\n<p style=\"line-height: 1.5\"><span style=\"font-family: arial, helvetica, sans-serif;font-size: 16px\">&nbsp;<\/span><\/p>\n<p style=\"line-height: 1.5\"><span style=\"font-family: arial, helvetica, sans-serif;font-size: 16px\">Her ya\u015f i\u00e7in e\u011flenceli ve e\u011fitici bir hediye: E\u011flenceli bir projenin e\u011fitici olmas\u0131 pek s\u0131k rastlanan bir durum de\u011fildir, ancak bu \u00e7i\u00e7ek yeti\u015ftirme kiti her ikisini de yap\u0131yor! Kutudan \u00e7\u0131kard\u0131klar\u0131nda \u00e7ocuklar\u0131 b\u00fcy\u00fcl\u00fcyor ve onlara bitkilerin ya\u015fam d\u00f6ng\u00fcs\u00fcn\u00fc ve botani\u011fi \u00f6\u011fretiyor. Her \u00e7ocuk istedi\u011fi kadar boyayabilir, boyayabilir ve ekebilir, bu da \u00e7ok e\u011fleneceklerini garanti eder.<\/span><\/p>\n<h3 style=\"font-size: 19px\"><span style=\"font-family: arial, helvetica, sans-serif\">\u00c7ocuklar i\u00e7in \u00c7i\u00e7ek Dikim Setlerinin Avantajlar\u0131<\/span><\/h3>\n<p><span style=\"font-family: arial, helvetica, sans-serif\">1. Resim yapmak, \u00e7ocuklar\u0131n alg\u0131lama yetene\u011fini geli\u015ftiren ve geli\u015ftirebilecek bir t\u00fcr duygudur. \u00c7ocuklar resim yaparken, \u00e7e\u015fitli g\u00f6zlem y\u00f6ntemlerine ve nesnelerin ifadelerine sahip olacaklard\u0131r. Bunun gibi uzun s\u00fcreli deneyimler, \u00e7ocuklar\u0131n \u00e7evrelerindeki \u015feyleri g\u00f6zlemlemelerini sa\u011flayacakt\u0131r Ne kadar ayr\u0131nt\u0131l\u0131 olursa, \u00e7ocu\u011fun alg\u0131s\u0131 o kadar g\u00fc\u00e7l\u00fc hale gelecektir.<\/span><\/p>\n<p><span style=\"font-family: arial, helvetica, sans-serif\">2. Resim, \u00e7ocuklar\u0131n hayal g\u00fcc\u00fcn\u00fc ve yarat\u0131c\u0131l\u0131\u011f\u0131n\u0131 kullanabilecekleri bir t\u00fcr fantezidir. T\u00fcm boyama s\u00fcreci boyunca \u00e7ocuklar s\u00fcrekli olarak ifade yaratmak i\u00e7in yeni y\u00f6ntemler kullanmaya \u00e7al\u0131\u015facaklard\u0131r.<\/span><\/p>\n<p><span style=\"font-family: arial, helvetica, sans-serif\">3. Resim, \u00e7ocuklar\u0131n haf\u0131za yetene\u011fini geli\u015ftirebilen bir t\u00fcr haf\u0131zad\u0131r. \u00c7izim, insanlar\u0131n hat\u0131rlamas\u0131n\u0131 sa\u011flaman\u0131n en h\u0131zl\u0131 ve en kolay yoludur.<\/span><\/p>\n<p><span style=\"font-family: arial, helvetica, sans-serif\">4. Resim yapmak bir t\u00fcr \u00f6zg\u00fcvendir. \u00c7ocuklar\u0131n \u00f6zg\u00fcvenini ve cesaretini geli\u015ftirebilir. \u00c7ok s\u00f6zl\u00fc olmayan bir\u00e7ok \u00e7ocuk genellikle fikirlerini resim yoluyla ifade eder. Daha fazla te\u015fvik ve \u00f6vg\u00fc, kendine g\u00fcvenmeyen \u00e7ocuklar\u0131n yava\u015f yava\u015f kalbini a\u00e7mas\u0131n\u0131 ve cesurca ifade etmesini sa\u011flayacak, bu da \u00f6zg\u00fcvenini art\u0131racakt\u0131r.<\/span><\/p><\/p>","protected":false},"excerpt":{"rendered":"<p>Haz\u0131rlanm\u0131\u015f 22 Par\u00e7a \u00c7ocuk Boya ve B\u00fcy\u00fct \u00c7i\u00e7ek Bah\u00e7ecili\u011fi Seti: \u00c7ocuklar\u0131n\u0131z\u0131n \u00e7i\u00e7ek yeti\u015ftirme keyfini sizin veya sevdi\u011finiz birinin hayat\u0131na sokmak i\u00e7in ihtiya\u00e7 duydu\u011fu her \u015fey. \u00c7ok basit - tohumdan \u00e7i\u00e7ek yeti\u015ftirme konusundaki tahminlerimiz, yolun her ad\u0131m\u0131nda size rehberlik ediyor. Dikin!<\/p>","protected":false},"featured_media":12599,"comment_status":"open","ping_status":"closed","template":"","meta":[],"product_cat":[61],"product_tag":[415,335,413,417,416,334,414],"acf":[],"_links":{"self":[{"href":"https:\/\/www.garden-kit.com\/tr\/wp-json\/wp\/v2\/product\/4115"}],"collection":[{"href":"https:\/\/www.garden-kit.com\/tr\/wp-json\/wp\/v2\/product"}],"about":[{"href":"https:\/\/www.garden-kit.com\/tr\/wp-json\/wp\/v2\/types\/product"}],"replies":[{"embeddable":true,"href":"https:\/\/www.garden-kit.com\/tr\/wp-json\/wp\/v2\/comments?post=4115"}],"wp:featuredmedia":[{"embeddable":true,"href":"https:\/\/www.garden-kit.com\/tr\/wp-json\/wp\/v2\/media\/12599"}],"wp:attachment":[{"href":"https:\/\/www.garden-kit.com\/tr\/wp-json\/wp\/v2\/media?parent=4115"}],"wp:term":[{"taxonomy":"product_cat","embeddable":true,"href":"https:\/\/www.garden-kit.com\/tr\/wp-json\/wp\/v2\/product_cat?post=4115"},{"taxonomy":"product_tag","embeddable":true,"href":"https:\/\/www.garden-kit.com\/tr\/wp-json\/wp\/v2\/product_tag?post=4115"}],"curies":[{"name":"wp","href":"https:\/\/api.w.org\/{rel}","templated":true}]}}