{"id":4164,"date":"2022-10-19T15:07:11","date_gmt":"2022-10-19T07:07:11","guid":{"rendered":"https:\/\/www.garden-kit.com\/product\/culinary-herb-seed-vault\/"},"modified":"2023-03-31T14:45:43","modified_gmt":"2023-03-31T06:45:43","slug":"culinary-herb-seed-pack","status":"publish","type":"product","link":"https:\/\/www.garden-kit.com\/tr\/product\/culinary-herb-seed-pack\/","title":{"rendered":"Mutfak Bitkisi Tohum Paketi"},"content":{"rendered":"<h3 style=\"line-height: 1.5;font-size: 19px\"><span style=\"font-family: arial, helvetica, sans-serif;font-size: 16px\">Genel Bak\u0131\u015f<\/span><\/h3>\n<table border=\"1\" cellspacing=\"0\" style=\"border-collapse: collapse;width: 100%\">\n<tbody>\n<tr>\n<td valign=\"top\" width=\"373\">\n<p><span style=\"font-family: arial, helvetica, sans-serif;font-size: 16px\">\u00dcr\u00fcn Bak\u0131m Talimatlar\u0131<\/span><\/p>\n<\/td>\n<td valign=\"top\" width=\"373\">\n<p><span style=\"font-family: arial, helvetica, sans-serif;font-size: 16px\">Mevcut<\/span><\/p>\n<\/td>\n<\/tr>\n<tr>\n<td valign=\"top\" width=\"373\">\n<p><span style=\"font-family: arial, helvetica, sans-serif;font-size: 16px\">Bitki \u00dcr\u00fcn Tipi<\/span><\/p>\n<\/td>\n<td valign=\"top\" width=\"373\">\n<p><span style=\"font-family: arial, helvetica, sans-serif;font-size: 16px\">Bitki Tohumlar\u0131<\/span><\/p>\n<\/td>\n<\/tr>\n<tr>\n<td valign=\"top\" width=\"373\">\n<p><span style=\"font-family: arial, helvetica, sans-serif;font-size: 16px\">\u00d6zel \u00f6zellik<\/span><\/p>\n<\/td>\n<td valign=\"top\" width=\"373\">\n<p><span style=\"font-family: arial, helvetica, sans-serif;font-size: 16px\">Kapal\u0131-A\u00e7\u0131k Yeti\u015ftirme<\/span><\/p>\n<\/td>\n<\/tr>\n<tr>\n<td valign=\"top\" width=\"373\">\n<p><span style=\"font-family: arial, helvetica, sans-serif;font-size: 16px\">Marka<\/span><\/p>\n<\/td>\n<td valign=\"top\" width=\"373\">\n<p><span style=\"font-family: arial, helvetica, sans-serif;font-size: 16px\">Bah\u00e7e Seti<\/span><\/p>\n<\/td>\n<\/tr>\n<tr>\n<td valign=\"top\" width=\"373\">\n<p><span style=\"font-family: arial, helvetica, sans-serif;font-size: 16px\">Anavatan<\/span><\/p>\n<\/td>\n<td valign=\"top\" width=\"373\">\n<p><span style=\"font-family: arial, helvetica, sans-serif;font-size: 16px\">Fujian, \u00c7in<\/span><\/p>\n<\/td>\n<\/tr>\n<tr>\n<td valign=\"top\" width=\"373\">\n<p><span style=\"font-family: arial, helvetica, sans-serif;font-size: 16px\">ODM\/OEM<\/span><\/p>\n<\/td>\n<td valign=\"top\" width=\"373\">\n<p><span style=\"font-family: arial, helvetica, sans-serif;font-size: 16px\">Mevcut<\/span><\/p>\n<\/td>\n<\/tr>\n<tr>\n<td valign=\"top\" width=\"373\">\n<p><span style=\"font-family: arial, helvetica, sans-serif;font-size: 16px\">\u00d6zelle\u015ftirilmi\u015f sipari\u015f i\u00e7in MOQ<\/span><\/p>\n<\/td>\n<td valign=\"top\" width=\"373\">\n<p><span style=\"font-family: arial, helvetica, sans-serif;font-size: 16px\">3000 adet<\/span><\/p>\n<\/td>\n<\/tr>\n<tr>\n<td valign=\"top\" width=\"373\">\n<p><span style=\"font-family: arial, helvetica, sans-serif;font-size: 16px\">\u00d6rnek maliyet<\/span><\/p>\n<\/td>\n<td valign=\"top\" width=\"373\">\n<p><span style=\"font-family: arial, helvetica, sans-serif;font-size: 16px\">US$400\/\u00d6rnek, bizden sipari\u015f verdikten sonra tam iade<\/span><\/p>\n<\/td>\n<\/tr>\n<\/tbody>\n<\/table>\n<p style=\"line-height: 1.5\"><span style=\"font-family: arial, helvetica, sans-serif;font-size: 16px\">&nbsp;<\/span><\/p>\n<p style=\"line-height: 1.5\"><span style=\"font-family: arial, helvetica, sans-serif;font-size: 16px\">20 \u00e7e\u015fit bitki tohumu haz\u0131rlad\u0131k Kit: \u00c7ok kolay; tohumlardan bitki yeti\u015ftirme konusunda tahminleri ortadan kald\u0131r\u0131yoruz ve yolun her ad\u0131m\u0131nda size rehberlik ediyoruz. Sizin veya sevdiklerinizin hayat\u0131na \u015fifal\u0131 otlar\u0131n ne\u015fesini katmak i\u00e7in ihtiyac\u0131n\u0131z olan her \u015fey g\u00fczel bir paket \u00e7antada. Dik!<\/span><\/p>\n<p style=\"line-height: 1.5\"><span style=\"font-family: arial, helvetica, sans-serif;font-size: 16px\">&nbsp;<\/span><\/p>\n<h3 style=\"line-height: 1.5;font-size: 19px\"><span style=\"font-family: arial, helvetica, sans-serif;font-size: 16px\">A\u015fa\u011f\u0131daki \u00f6\u011feler kit i\u00e7erisinde yer almaktad\u0131r.<\/span><\/h3>\n<p style=\"line-height: 1.5\"><span style=\"font-family: arial, helvetica, sans-serif;font-size: 16px\">Yar\u0131\u015fmac\u0131 Fasulye, Waltham Brokoli, Mavi Scotch Kale, Oregon \u015eeker Bezelyesi, Marglobe Heirloom Domates, Black Beauty Yaz Kaba\u011f\u0131 ve daha fazlas\u0131 gibi 20 \u00e7e\u015fit bitki.<\/span><\/p>\n<p style=\"line-height: 1.5\"><span style=\"font-family: arial, helvetica, sans-serif;font-size: 16px\">1 Ad\u0131m ad\u0131m ekim k\u0131lavuzu<\/span><\/p>\n<p style=\"line-height: 1.5\"><span style=\"font-family: arial, helvetica, sans-serif;font-size: 16px\">1 \u00f6zelle\u015ftirilmi\u015f paket \u00e7antas\u0131<\/span><\/p>\n<p style=\"line-height: 1.5\"><span style=\"font-family: arial, helvetica, sans-serif;font-size: 16px\">20 bitki etiketiyle en pop\u00fcler mutfak bitkilerinden 20&#039;sini bulun Kuru, bayat, tats\u0131z kurutulmu\u015f otlar sat\u0131n almay\u0131 b\u0131rak\u0131n ve kendi bitki bah\u00e7enizi i\u00e7eride veya d\u0131\u015far\u0131da yeti\u015ftirmeye ba\u015flay\u0131n. Hi\u00e7bir \u015fey taze otlar ve g\u00fczel bir bah\u00e7enin yerini tutamaz. Mutfak veya \u015fifal\u0131 bitki \u00e7aylar\u0131 i\u00e7in idealdir.<\/span><\/p>\n<p style=\"line-height: 1.5\"><span style=\"font-family: arial, helvetica, sans-serif;font-size: 16px\">&nbsp;<\/span><\/p>\n<p style=\"line-height: 1.5\"><span style=\"font-family: arial, helvetica, sans-serif;font-size: 16px\">Bir bah\u00e7\u0131van-\u015fef-hayatta kalma uzman\u0131 i\u00e7in harika bir hediye; bir bah\u00e7\u0131van\u0131n bereketli bir bah\u00e7esi olmas\u0131 i\u00e7in veya acil durumlara haz\u0131rl\u0131kl\u0131 olmak isteyenler i\u00e7in bir torba tohumdan daha iyi ne olabilir? Her bitki i\u00e7in ekim talimatlar\u0131 ve bitki etiketleri de dahil olmak \u00fczere geni\u015f bir tohum koleksiyonumuz var.<\/span><\/p>\n<p style=\"line-height: 1.5\"><span style=\"font-family: arial, helvetica, sans-serif;font-size: 16px\">&nbsp;<\/span><\/p>\n<p style=\"line-height: 1.5\"><span style=\"font-family: arial, helvetica, sans-serif;font-size: 16px\">Her pakette ve talimat sayfas\u0131nda 6000&#039;den fazla tohum - yadigar\u0131 tohum paketlerimizin \u00e7e\u015fitlili\u011fi, y\u00fcksek \u00e7imlenme oranlar\u0131na sahip \u00e7e\u015fitli tohumlarla birlikte gelir. Tohumlar, tohum tazeli\u011fini ve kalitesini korumak i\u00e7in su ge\u00e7irmez, yeniden kapat\u0131labilir mylar torbalarda paketlenir. B\u00f6cek \u00e7antas\u0131 malzemelerinize ve acil durum haz\u0131rl\u0131k malzemelerinize harika bir ektir.<\/span><\/p>\n<p style=\"line-height: 1.5\"><span style=\"font-family: arial, helvetica, sans-serif;font-size: 16px\">&nbsp;<\/span><\/p>\n<p style=\"line-height: 1.5\"><span style=\"font-family: arial, helvetica, sans-serif;font-size: 16px\">Y\u0131l Boyunca Taze Otlar \u0130\u00e7 Mekan veya D\u0131\u015f Mekan Bitki Bah\u00e7esi - Tohumlar\u0131 y\u0131l boyunca kapal\u0131 bir pencere bitki bah\u00e7esi olarak ekin veya y\u0131l boyunca harika bitkilerin tad\u0131n\u0131 \u00e7\u0131karmak i\u00e7in bunlar\u0131 bir besleyici ekim makinesine aktar\u0131n. Bunlar kapal\u0131 bitki bah\u00e7eleri, bah\u00e7e kitleri, mutfak bitki bah\u00e7eleri veya d\u0131\u015f mekan bah\u00e7e yataklar\u0131 olarak kullan\u0131labilir. Filiz veya mikro ye\u015fillik olarak kullanmak i\u00e7in daha fazlas\u0131n\u0131 ekin.<\/span><\/p>\n<p style=\"line-height: 1.5\"><span style=\"font-family: arial, helvetica, sans-serif;font-size: 16px\">&nbsp;<\/span><\/p>\n<p style=\"line-height: 1.5\"><span style=\"font-family: arial, helvetica, sans-serif;font-size: 16px\">\u00c7in&#039;de \u00dcretilmi\u015ftir \u2013 Bah\u00e7e tohumlar\u0131m\u0131z s\u00fcrd\u00fcr\u00fclebilir \u015fekilde \u00c7in&#039;den tedarik edilmektedir. Kalitemize g\u00fcvenin ve 100% memnuniyetini garanti edin. Bu tohumlar aerobah\u00e7e tohum kabuklar\u0131yla birlikte kullan\u0131labilir *** NOT *** Baz\u0131 \u00e7e\u015fitlerin tohumlar\u0131 \u00e7ok k\u00fc\u00e7\u00fckt\u00fcr ve do\u011fru say\u0131da tohuma sahip olmad\u0131\u011f\u0131 g\u00f6r\u00fclmektedir. Tohum say\u0131s\u0131n\u0131 birka\u00e7 kez kontrol ettik ve her zaman do\u011fru hesapland\u0131. Herhangi bir sorunuz varsa bize bildirin<\/span><\/p>\n<p style=\"line-height: 1.5\"><span style=\"font-family: arial, helvetica, sans-serif;font-size: 16px\"><\/span><\/p>\n<h3 style=\"line-height: 1.5;font-size: 19px\"><span style=\"font-family: arial, helvetica, sans-serif\">Neden yadigar\u0131 tohumlar sat\u0131n al\u0131yorsunuz?<\/span><\/h3>\n<p style=\"line-height: 1.5\"><span style=\"font-family: arial, helvetica, sans-serif\">Heirloom Sebze Tohum Seti, elle se\u00e7ilmi\u015f, hibrit olmayan, geneti\u011fi de\u011fi\u015ftirilmemi\u015f, a\u00e7\u0131k tozla\u015fmal\u0131 sebze tohumlar\u0131ndan olu\u015fan 39 \u00e7e\u015fit i\u00e7erir. Marketten sat\u0131n ald\u0131\u011f\u0131n\u0131z sebzelerin \u00e7o\u011fu &quot;melez&quot; tohumlard\u0131r; bu da onlar\u0131n, sergilenmek \u00fczere en iyi g\u00f6r\u00fcnen \u015feyleri \u00fcretmek \u00fczere geneti\u011fi de\u011fi\u015ftirildi\u011fi anlam\u0131na gelir. Bu \u00fcr\u00fcn\u00fcn tohumlar\u0131n\u0131 saklamaya \u00e7al\u0131\u015f\u0131yorsan\u0131z bu bir sorundur \u2013 neden? \u2013 \u00d6rne\u011fin ye\u015fil biberleri ele alal\u0131m; parlak ye\u015fil kabuk ve \u00e7\u0131t\u0131r meyve verecek \u015fekilde laboratuvarda de\u011fi\u015ftirildiler, b\u00f6ylece iki sebze bu g\u00fczel ye\u015fil biberi \u00fcretmek i\u00e7in \u201c\u00e7aprazland\u0131\u201d. Bu adam\u0131n tohumlar\u0131 ye\u015fil biber veya onlarla melezlenmi\u015f herhangi bir \u015fey yeti\u015ftirebilir!\u201d.<\/span><\/p>\n<p style=\"line-height: 1.5\"><span style=\"font-family: arial, helvetica, sans-serif\">Yadigarlar, 75 y\u0131l\u0131 a\u015fk\u0131n s\u00fcredir nesilden nesile aktar\u0131lan tohumlar veya orijinal meyveden yeti\u015fen tohumlard\u0131r. Lezzetli bir tada ve dayan\u0131kl\u0131l\u0131\u011fa sahip ger\u00e7ek yadig\u00e2rlard\u0131r bunlar. Kitimizde se\u00e7ilen yadigar\u0131 \u00e7e\u015fitler t\u00fcm b\u00f6lgelerde geli\u015fecek (tabii ki uygun bak\u0131mla). Bu tohumlar\u0131n \u00e7o\u011funun, serin, karanl\u0131k ve kuru bir yerde uygun \u015fekilde sakland\u0131\u011f\u0131 takdirde 10 y\u0131ll\u0131k bir raf \u00f6mr\u00fc vard\u0131r. E\u011fer hala ye\u015fil ba\u015f parma\u011f\u0131n\u0131z\u0131 geli\u015ftiriyorsan\u0131z, \u201cYepyeni\u201dyi \u00f6neriyoruz. Square Foot Gardening Book \u2013 acemi bah\u00e7\u0131vanlar veya s\u0131n\u0131rl\u0131 bah\u00e7e alan\u0131na sahip olanlar i\u00e7in harika ipu\u00e7lar\u0131 ve fikirler.<\/span><\/p>\n<p style=\"line-height: 1.5\"><span style=\"font-family: arial, helvetica, sans-serif\">Heirloom Sebze Tohum Seti, 4.500&#039;den fazla yadig\u00e2r tohum i\u00e7erir<\/span><\/p><\/p>","protected":false},"excerpt":{"rendered":"<p>20 \u00e7e\u015fit bitki tohumu haz\u0131rlad\u0131k Kit: \u00c7ok kolay; tohumlardan bitki yeti\u015ftirme konusunda varsay\u0131mlar\u0131 ortadan kald\u0131r\u0131yoruz ve yolun her ad\u0131m\u0131nda size rehberlik ediyoruz. Sizin veya sevdiklerinizin hayat\u0131na \u015fifal\u0131 otlar\u0131n ne\u015fesini katmak i\u00e7in ihtiyac\u0131n\u0131z olan her \u015fey g\u00fczel bir paket \u00e7antada. Dik!<\/p>","protected":false},"featured_media":12176,"comment_status":"open","ping_status":"closed","template":"","meta":[],"product_cat":[59],"product_tag":[491,279,489,490],"acf":[],"_links":{"self":[{"href":"https:\/\/www.garden-kit.com\/tr\/wp-json\/wp\/v2\/product\/4164"}],"collection":[{"href":"https:\/\/www.garden-kit.com\/tr\/wp-json\/wp\/v2\/product"}],"about":[{"href":"https:\/\/www.garden-kit.com\/tr\/wp-json\/wp\/v2\/types\/product"}],"replies":[{"embeddable":true,"href":"https:\/\/www.garden-kit.com\/tr\/wp-json\/wp\/v2\/comments?post=4164"}],"wp:featuredmedia":[{"embeddable":true,"href":"https:\/\/www.garden-kit.com\/tr\/wp-json\/wp\/v2\/media\/12176"}],"wp:attachment":[{"href":"https:\/\/www.garden-kit.com\/tr\/wp-json\/wp\/v2\/media?parent=4164"}],"wp:term":[{"taxonomy":"product_cat","embeddable":true,"href":"https:\/\/www.garden-kit.com\/tr\/wp-json\/wp\/v2\/product_cat?post=4164"},{"taxonomy":"product_tag","embeddable":true,"href":"https:\/\/www.garden-kit.com\/tr\/wp-json\/wp\/v2\/product_tag?post=4164"}],"curies":[{"name":"wp","href":"https:\/\/api.w.org\/{rel}","templated":true}]}}