{"id":4198,"date":"2022-10-19T15:22:12","date_gmt":"2022-10-19T07:22:12","guid":{"rendered":"https:\/\/www.garden-kit.com\/product\/heirloom-vegetable-seeds-10000-survival-seeds-and-emergency-prepper-gear\/"},"modified":"2024-03-07T10:13:16","modified_gmt":"2024-03-07T02:13:16","slug":"heirloom-vegetable-seeds-10000-survival-seeds-and-emergency-prepper-gear","status":"publish","type":"product","link":"https:\/\/www.garden-kit.com\/tr\/product\/heirloom-vegetable-seeds-10000-survival-seeds-and-emergency-prepper-gear\/","title":{"rendered":"Sebze Miras\u0131 Tohumlar\u0131 Hediye Paketi"},"content":{"rendered":"<h3 style=\"font-size: 19px\">Genel Bak\u0131\u015f<\/h3>\n<table border=\"1\" cellspacing=\"0\" style=\"border-collapse: collapse;width: 100%\">\n<tbody>\n<tr>\n<td valign=\"top\" width=\"373\">\n<p><span style=\"font-family: 'PingFang SC', 'Microsoft YaHei', sans-serif;font-size: 16px\">\u00dcr\u00fcn Bak\u0131m Talimatlar\u0131<\/span><\/p>\n<\/td>\n<td valign=\"top\" width=\"373\">\n<p><span style=\"font-family: 'PingFang SC', 'Microsoft YaHei', sans-serif;font-size: 16px\">Mevcut<\/span><\/p>\n<\/td>\n<\/tr>\n<tr>\n<td valign=\"top\" width=\"373\">\n<p><span style=\"font-family: 'PingFang SC', 'Microsoft YaHei', sans-serif;font-size: 16px\">Bitki \u00dcr\u00fcn Tipi<\/span><\/p>\n<\/td>\n<td valign=\"top\" width=\"373\">\n<p><span style=\"font-family: 'PingFang SC', 'Microsoft YaHei', sans-serif;font-size: 16px\">Sebze tohumlar\u0131<\/span><\/p>\n<\/td>\n<\/tr>\n<tr>\n<td valign=\"top\" width=\"373\">\n<p><span style=\"font-family: 'PingFang SC', 'Microsoft YaHei', sans-serif;font-size: 16px\">\u00d6zel \u00f6zellik<\/span><\/p>\n<\/td>\n<td valign=\"top\" width=\"373\">\n<p><span style=\"font-family: 'PingFang SC', 'Microsoft YaHei', sans-serif;font-size: 16px\">Kapal\u0131-A\u00e7\u0131k Yeti\u015ftirme<\/span><\/p>\n<\/td>\n<\/tr>\n<tr>\n<td valign=\"top\" width=\"373\">\n<p><span style=\"font-family: 'PingFang SC', 'Microsoft YaHei', sans-serif;font-size: 16px\">Marka<\/span><\/p>\n<\/td>\n<td valign=\"top\" width=\"373\">\n<p><span style=\"font-family: 'PingFang SC', 'Microsoft YaHei', sans-serif;font-size: 16px\">Bah\u00e7e Seti<\/span><\/p>\n<\/td>\n<\/tr>\n<tr>\n<td valign=\"top\" width=\"373\">\n<p><span style=\"font-family: 'PingFang SC', 'Microsoft YaHei', sans-serif;font-size: 16px\">Anavatan<\/span><\/p>\n<\/td>\n<td valign=\"top\" width=\"373\">\n<p><span style=\"font-family: 'PingFang SC', 'Microsoft YaHei', sans-serif;font-size: 16px\">Fujian, \u00c7in<\/span><\/p>\n<\/td>\n<\/tr>\n<tr>\n<td valign=\"top\" width=\"373\">\n<p><span style=\"font-family: 'PingFang SC', 'Microsoft YaHei', sans-serif;font-size: 16px\">ODM\/OEM<\/span><\/p>\n<\/td>\n<td valign=\"top\" width=\"373\">\n<p><span style=\"font-family: 'PingFang SC', 'Microsoft YaHei', sans-serif;font-size: 16px\">Mevcut<\/span><\/p>\n<\/td>\n<\/tr>\n<tr>\n<td valign=\"top\" width=\"373\">\n<p><span style=\"font-family: 'PingFang SC', 'Microsoft YaHei', sans-serif;font-size: 16px\">\u00d6zelle\u015ftirilmi\u015f sipari\u015f i\u00e7in MOQ<\/span><\/p>\n<\/td>\n<td valign=\"top\" width=\"373\">\n<p><span style=\"font-family: 'PingFang SC', 'Microsoft YaHei', sans-serif;font-size: 16px\">3000 adet<\/span><\/p>\n<\/td>\n<\/tr>\n<tr>\n<td valign=\"top\" width=\"373\">\n<p><span style=\"font-family: 'PingFang SC', 'Microsoft YaHei', sans-serif;font-size: 16px\">\u00d6rnek maliyet<\/span><\/p>\n<\/td>\n<td valign=\"top\" width=\"373\">\n<p><span style=\"font-family: 'PingFang SC', 'Microsoft YaHei', sans-serif;font-size: 16px\">US$400\/\u00d6rnek, bizden sipari\u015f verdikten sonra tam iade<\/span><\/p>\n<\/td>\n<\/tr>\n<\/tbody>\n<\/table>\n<p style=\"line-height: 1.5\"><span style=\"font-family: 'PingFang SC', 'Microsoft YaHei', sans-serif;font-size: 16px\">&nbsp;<\/span><\/p>\n<p style=\"line-height: 1.5\"><span style=\"font-family: 'PingFang SC', 'Microsoft YaHei', sans-serif;font-size: 16px\">Haz\u0131rlanan 20 \u00e7e\u015fit Sebze tohumu Kiti: \u00c7ok kolay; tohumlardan sebze yeti\u015ftirme konusunda tahminleri ortadan kald\u0131r\u0131yoruz ve size yolun her ad\u0131m\u0131nda rehberlik ediyoruz. Sebze keyfini sizin veya sevdiklerinizin hayat\u0131na ta\u015f\u0131mak i\u00e7in ihtiyac\u0131n\u0131z olan her \u015fey g\u00fczel bir paket \u00e7antada. Dik!<\/span><\/p>\n<p style=\"line-height: 1.5\"><span style=\"font-family: 'PingFang SC', 'Microsoft YaHei', sans-serif;font-size: 16px\">&nbsp;<\/span><\/p>\n<p style=\"line-height: 1.5\"><span style=\"font-family: 'PingFang SC', 'Microsoft YaHei', sans-serif\"><span style=\"font-size: 16px\">A\u015fa\u011f\u0131daki \u00f6\u011feler kit i\u00e7erisinde yer almaktad\u0131r.<\/span><span style=\"font-size: 16px\">&nbsp;<\/span><\/span><\/p>\n<p style=\"line-height: 1.5\"><span style=\"font-family: 'PingFang SC', 'Microsoft YaHei', sans-serif;font-size: 16px\">Yar\u0131\u015fmac\u0131 Fasulye, Waltham Brokoli, Mavi Scotch Kale, Oregon \u015eeker Bezelye, Marglobe Heirloom Domates, Black Beauty Yaz Kaba\u011f\u0131 ve \u00e7ok daha fazlas\u0131 gibi 20 \u00e7e\u015fit sebze tohumu.<\/span><\/p>\n<p style=\"line-height: 1.5\"><span style=\"font-family: 'PingFang SC', 'Microsoft YaHei', sans-serif;font-size: 16px\">1 Ad\u0131m ad\u0131m ekim k\u0131lavuzu<\/span><\/p>\n<p style=\"line-height: 1.5\"><span style=\"font-family: 'PingFang SC', 'Microsoft YaHei', sans-serif;font-size: 16px\">1 \u00f6zelle\u015ftirilmi\u015f paket \u00e7antas\u0131<\/span><\/p>\n<p style=\"line-height: 1.5\"><span style=\"font-family: 'PingFang SC', 'Microsoft YaHei', sans-serif;font-size: 16px\">&nbsp;<\/span><\/p>\n<p style=\"line-height: 1.5\"><span style=\"font-family: 'PingFang SC', 'Microsoft YaHei', sans-serif;font-size: 16px\">Ev bah\u00e7eniz i\u00e7in m\u00fckemmel sebze se\u00e7imi; her paket en iyi yadig\u00e2r sebze \u00e7e\u015fitlerini i\u00e7erir. Her pakette Yar\u0131\u015fmac\u0131 Fasulye, Waltham Karnabahar, Mavi Scotch Kale, Oregon J\u00f6le Fasulye, Marglobe Heirloom Domates, Black Beauty Yaz Kaba\u011f\u0131 ve daha fazlas\u0131 gibi \u00e7e\u015fitler bulunur. Bu favori ikramlarla yanl\u0131\u015f gidemezsiniz.<\/span><\/p>\n<p style=\"line-height: 1.5\"><span style=\"font-family: 'PingFang SC', 'Microsoft YaHei', sans-serif;font-size: 16px\">&nbsp;<\/span><\/p>\n<p style=\"line-height: 1.5\"><span style=\"font-family: 'PingFang SC', 'Microsoft YaHei', sans-serif;font-size: 16px\">Sorunsuz Bah\u00e7e \u0130\u015fleri \u2013 Tohumlar\u0131m\u0131z, haz\u0131rl\u0131k malzemeleriniz i\u00e7in kritik \u00f6nem ta\u015f\u0131yan optimum yeti\u015ftirme ko\u015fullar\u0131 alt\u0131nda 95% veya daha fazla \u00e7imlenme a\u00e7\u0131s\u0131ndan s\u00fcrekli olarak test edilir. Aptal ve filizlenmemi\u015f tohumlar i\u00e7in endi\u015felenmenize gerek yok. Y\u00fcksek \u00e7imlenme oranlar\u0131m\u0131za ek olarak, bah\u00e7ecilik yolculu\u011funuzda size yard\u0131mc\u0131 olacak ipu\u00e7lar\u0131n\u0131 ve en iyi uygulamalar\u0131 i\u00e7eren kendi bah\u00e7e yeti\u015ftirme rehberimizi de sunuyoruz.<\/span><\/p>\n<p style=\"line-height: 1.5\"><span style=\"font-family: 'PingFang SC', 'Microsoft YaHei', sans-serif;font-size: 16px\">&nbsp;<\/span><\/p>\n<p style=\"line-height: 1.5\"><span style=\"font-family: 'PingFang SC', 'Microsoft YaHei', sans-serif;font-size: 16px\">Binlerce kilo yiyecek yeti\u015ftirin \u2013 10.000&#039;den fazla tohumla y\u0131l boyunca b\u00fcy\u00fcmeye, yemek pi\u015firmeye ve yemeye yetecek kadar yemye\u015fil bir sebze bah\u00e7esi yeti\u015ftirebilirsiniz. Tohumlar, uzun s\u00fcreli kolay saklama i\u00e7in tazeli\u011fi ve kaliteyi korumak \u00fczere g\u00fczel tasarlanm\u0131\u015f, su ge\u00e7irmez, yeniden kapat\u0131labilir mylar torbada paketlenir ve acil durum haz\u0131rl\u0131k malzemelerinize m\u00fckemmel bir katk\u0131 sa\u011flar.<\/span><\/p>\n<p style=\"line-height: 1.5\"><span style=\"font-family: 'PingFang SC', 'Microsoft YaHei', sans-serif;font-size: 16px\">&nbsp;<\/span><\/p>\n<p style=\"line-height: 1.5\"><span style=\"font-family: 'PingFang SC', 'Microsoft YaHei', sans-serif;font-size: 16px\">Y\u00fczlerce Dolar Tasarruf Edin \u2013 B\u00fcy\u00fcmek i\u00e7in en iyi sebze tohumlar\u0131n\u0131 bir araya getiriyoruz, b\u00f6ylece ma\u011fazada veya pazarda a\u015f\u0131r\u0131 fiyatl\u0131 yadig\u00e2r sebzelere y\u00fczlerce dolar harcaman\u0131za gerek kalm\u0131yor. Yeti\u015ftirilmesi kolay bu sebzeler hem ilk kez hem de deneyimli bah\u00e7\u0131vanlar i\u00e7in harikad\u0131r.<\/span><\/p>\n<\/p>\n<h3 style=\"font-size: 19px\">Miras tohumlar\u0131 hediye paketinin \u00f6zellikleri<\/h3>\n<p>Bir miras tohumlar\u0131 hediye paketi tipik olarak yadigar\u0131 ve a\u00e7\u0131k tozla\u015fan bitki \u00e7e\u015fitlerinden bir tohum koleksiyonu i\u00e7erir. Bu tohumlar genellikle en y\u00fcksek kalitede olduklar\u0131ndan ve \u00e7e\u015fitli yeti\u015ftirme ko\u015fullar\u0131na uygun olduklar\u0131ndan emin olmak i\u00e7in dikkatlice se\u00e7ilir.<\/p>\n<p>Miras tohum hediye paketinin baz\u0131 ortak \u00f6zellikleri \u015funlar\u0131 i\u00e7erebilir:<\/p>\n<ol>\n<li>\u00c7e\u015fitli bitki t\u00fcrleri: Miras tohumlar\u0131 hediye paketleri, sebzeler, \u015fifal\u0131 bitkiler, \u00e7i\u00e7ekler veya meyveler i\u00e7in tohumlar\u0131n bir kar\u0131\u015f\u0131m\u0131n\u0131 i\u00e7erebilir. Bu, bah\u00e7ede yeti\u015ftirilebilecek \u00e7ok \u00e7e\u015fitli bitkiler sa\u011flar.<\/li>\n<li>Hibrit olmayan tohumlar: Miras tohumlar genellikle hibrit de\u011fildir, yani geneti\u011fi de\u011fi\u015ftirilmemi\u015ftir veya di\u011fer bitki t\u00fcrleriyle melezle\u015ftirilmemi\u015ftir. Bu, bitkilerin benzersiz \u00f6zelliklerini ve tatlar\u0131n\u0131 korumalar\u0131n\u0131 sa\u011flar.<\/li>\n<li>A\u00e7\u0131k tozla\u015fma: Miras tohumlar\u0131 genellikle a\u00e7\u0131k tozla\u015fmad\u0131r; bu, bitkilerin bir sonraki y\u0131l toplan\u0131p yeniden ekilebilecek tohumlar \u00fcretece\u011fi anlam\u0131na gelir. Bu, bitkinin genetik \u00e7e\u015fitlili\u011finin korunmas\u0131na olanak tan\u0131r.<\/li>\n<li>Organik: Bir\u00e7ok miras tohumu hediye paketi, pestisit, herbisit veya sentetik g\u00fcbre kullan\u0131lmadan yeti\u015ftirilen organik tohumlar i\u00e7erir.<\/li>\n<li>Dikim talimatlar\u0131: Ba\u015far\u0131l\u0131 bir b\u00fcy\u00fcmenin sa\u011flanmas\u0131na yard\u0131mc\u0131 olmak i\u00e7in miras tohum hediye paketleri, toprak haz\u0131rl\u0131\u011f\u0131, sulama ve hasat hakk\u0131nda bilgiler dahil olmak \u00fczere ayr\u0131nt\u0131l\u0131 ekim talimatlar\u0131n\u0131 i\u00e7erebilir.<\/li>\n<\/ol>\n<h3 style=\"font-size: 19px\">Miras tohumlar\u0131 hediye paketinin uygulanmas\u0131<\/h3>\n<p>Miras tohumlar\u0131 hediye paketi, bah\u00e7ecilik merakl\u0131lar\u0131 veya biyolojik \u00e7e\u015fitlili\u011fi ve geleneksel bitki \u00e7e\u015fitlerini korumakla ilgilenen herkes i\u00e7in harika ve d\u00fc\u015f\u00fcnceli bir hediye olabilir. Miras tohumlar\u0131 hediye paketinin nas\u0131l kullan\u0131laca\u011f\u0131na dair baz\u0131 fikirler:<\/p>\n<ol>\n<li>Bir sebze bah\u00e7esi ba\u015flat\u0131n: Miras tohumlar, s\u00fcpermarketlerde veya fidanl\u0131klarda yayg\u0131n olarak bulunmayan \u00e7ok \u00e7e\u015fitli geleneksel ve genellikle nadir bitki \u00e7e\u015fitleri sunduklar\u0131 i\u00e7in sebze bah\u00e7esi kurman\u0131n harika bir yoludur. Hediye paketinin b\u00fcy\u00fckl\u00fc\u011f\u00fcne g\u00f6re i\u00e7erisinde domates, biber, salatal\u0131k, fasulye, kabak gibi farkl\u0131 sebze t\u00fcrlerinin tohumlar\u0131 bulunabilmektedir.<\/li>\n<li>Biyo\u00e7e\u015fitlili\u011fi koruyun: Ticari hibrit tohumlar\u0131n hakimiyeti nedeniyle pek \u00e7ok miras tohumu tehlike alt\u0131nda veya yok olma riskiyle kar\u015f\u0131 kar\u015f\u0131ya. Miras tohumlar\u0131n ekilmesi ve yeti\u015ftirilmesi, bu bitkilerin genetik \u00e7e\u015fitlili\u011finin korunmas\u0131na ve gelecek nesiller i\u00e7in hayatta kalmalar\u0131n\u0131n sa\u011flanmas\u0131na yard\u0131mc\u0131 olabilir.<\/li>\n<li>Geleneksel tar\u0131m uygulamalar\u0131 hakk\u0131nda bilgi edinin: Miras tohumlar genellikle nesiller boyunca aktar\u0131lan geleneksel tar\u0131m uygulamalar\u0131na ba\u011fl\u0131d\u0131r. Bu tohumlar\u0131 ekmek ve b\u00fcy\u00fctmek, bu geleneksel uygulamalar\u0131 ve baz\u0131 bitkilerin k\u00fclt\u00fcrel \u00f6nemini \u00f6\u011frenmek i\u00e7in e\u015fsiz bir f\u0131rsat sunabilir.<\/li>\n<li>Yerel \u00e7ift\u00e7ileri destekleyin: Bir\u00e7ok miras tohum \u00e7e\u015fidi k\u00fc\u00e7\u00fck \u00f6l\u00e7ekli \u00e7ift\u00e7iler ve bah\u00e7\u0131vanlar taraf\u0131ndan geli\u015ftirildi. Miras tohum hediye paketi sat\u0131n alarak, geleneksel tar\u0131m\u0131n ve kendini buna adayan k\u00fc\u00e7\u00fck \u00f6l\u00e7ekli \u00e7ift\u00e7ilerin korunmas\u0131na destek oluyorsunuz.<\/li>\n<li>Hediye verme: Miras tohumu hediye paketi, bah\u00e7e i\u015flerini seven veya biyolojik \u00e7e\u015fitlilik ve geleneksel tar\u0131mla ilgilenen herkes i\u00e7in d\u00fc\u015f\u00fcnceli ve benzersiz bir hediye olabilir. Ayr\u0131ca miras tohumlar\u0131n\u0131n \u00f6nemi ve \u00f6nemi ile biyolojik \u00e7e\u015fitlili\u011fin korunmas\u0131ndaki rollerini a\u00e7\u0131klayan bir not da ekleyebilirsiniz.<\/li>\n<\/ol>\n<p>Bir miras tohumlar\u0131 hediye paketi, genellikle bah\u00e7ecilik veya \u00e7ift\u00e7ilik i\u00e7in kullan\u0131labilecek bir dizi yadigar\u0131 veya miras tohumunu i\u00e7erir. Bu tohumlar \u00f6zeldir \u00e7\u00fcnk\u00fc nesiller boyu aktar\u0131lan geleneksel, melezle\u015fmemi\u015f bitki t\u00fcrlerinden gelirler. Miras tohumlar\u0131 hediye paketinde bulabilece\u011finiz \u015feyler:<\/p>\n<ul>\n<li>\n<p>Yadigar\u0131 Sebze Tohumlar\u0131: Bu tohumlar domates, biber, fasulye, salatal\u0131k, kabak ve daha fazlas\u0131n\u0131 i\u00e7erebilir. Ata yadigar\u0131 sebzeler, modern hibrit \u00e7e\u015fitlerle kar\u015f\u0131la\u015ft\u0131r\u0131ld\u0131\u011f\u0131nda genellikle benzersiz tatlara, \u015fekillere ve renklere sahiptir.<\/p>\n<\/li>\n<li>\n<p>Miras Meyve Tohumlar\u0131: Baz\u0131 hediye paketleri elma, armut veya \u00e7ilek gibi miras meyvelerinin tohumlar\u0131n\u0131 i\u00e7erebilir. Bu meyvelerin tarihi \u00f6nemi veya farkl\u0131 tatlar\u0131 olabilir.<\/p>\n<\/li>\n<li>\n<p>Tarihi \u00c7i\u00e7ekler: Miras tohumlar\u0131 hediye paketleri ayn\u0131 zamanda eski moda g\u00fcller, kadife \u00e7i\u00e7e\u011fi, ay\u00e7i\u00e7e\u011fi veya g\u00fczellikleri ve kokular\u0131yla bilinen di\u011fer yadig\u00e2r \u00e7i\u00e7ekler gibi \u00e7i\u00e7ek tohumlar\u0131n\u0131 da i\u00e7erebilir.<\/p>\n<\/li>\n<li>\n<p>A\u00e7\u0131k Tozla\u015fan Tohumlar: Miras tohumlar\u0131n \u00e7o\u011fu a\u00e7\u0131k tozla\u015fma \u00f6zelli\u011fine sahiptir; bu, \u00f6zelliklerini koruyarak her y\u0131l saklanabilecekleri ve yeniden ekilebilecekleri anlam\u0131na gelir.<\/p>\n<\/li>\n<li>\n<p>Organik veya GDO&#039;suz Tohumlar: Baz\u0131 hediye paketleri, do\u011fal ve s\u00fcrd\u00fcr\u00fclebilir bah\u00e7ecilik uygulamalar\u0131n\u0131 tercih eden bah\u00e7\u0131vanlara hitap edecek \u015fekilde organik veya geneti\u011fi de\u011fi\u015ftirilmemi\u015f (GDO&#039;suz) miras tohumlar\u0131n\u0131 vurgulayabilir.<\/p>\n<\/li>\n<li>\n<p>Dikim Talimatlar\u0131: Hediye paketleri genellikle al\u0131c\u0131lar\u0131n miras bitkilerini ba\u015far\u0131l\u0131 bir \u015fekilde yeti\u015ftirmelerine yard\u0131mc\u0131 olmak i\u00e7in toprak haz\u0131rl\u0131\u011f\u0131, aral\u0131k, sulama ve bak\u0131m hakk\u0131nda bilgiler dahil olmak \u00fczere ayr\u0131nt\u0131l\u0131 dikim talimatlar\u0131yla birlikte gelir.<\/p>\n<\/li>\n<\/ul>\n<p>Miras tohumlar\u0131 hediye paketleri, biyolojik \u00e7e\u015fitlili\u011fi, tarihi \u00f6nemi ve yadigar\u0131 bitkilerin benzersiz tatlar\u0131n\u0131 ve g\u00f6r\u00fcn\u00fcmlerini takdir eden bah\u00e7\u0131vanlar aras\u0131nda pop\u00fclerdir. Ayr\u0131ca geleneksel bah\u00e7ecilik uygulamalar\u0131n\u0131 korumak ve s\u00fcrd\u00fcr\u00fclebilir tar\u0131m\u0131 desteklemek isteyenler i\u00e7in d\u00fc\u015f\u00fcnceli hediyeler de sunuyorlar. Bu hediye paketleri bah\u00e7e merkezlerinde, \u00e7evrimi\u00e7i tohum ma\u011fazalar\u0131nda veya \u00f6zel miras tohum tedarik\u00e7ilerinde bulunabilir.<\/p>","protected":false},"excerpt":{"rendered":"<p>Haz\u0131rlanan 20 \u00e7e\u015fit Sebze tohumu Kiti: \u00c7ok kolay; tohumlardan sebze yeti\u015ftirme konusunda tahminleri ortadan kald\u0131r\u0131yoruz ve size yolun her ad\u0131m\u0131nda rehberlik ediyoruz. Sebze keyfini sizin veya sevdiklerinizin hayat\u0131na ta\u015f\u0131mak i\u00e7in ihtiyac\u0131n\u0131z olan her \u015fey g\u00fczel bir paket \u00e7antada. Dik!<\/p>\n<p>Miras tohumlar\u0131 hediye paketi, aile yadig\u00e2r\u0131 veya a\u00e7\u0131k tozla\u015fan tohumlar\u0131n bir arada paketlendi\u011fi bir koleksiyondur ve bah\u00e7ecilik merakl\u0131lar\u0131 i\u00e7in ideal bir hediyedir. Bu hediye paketleri genellikle nesiller boyunca aktar\u0131lan \u00e7e\u015fitli sebze, meyve, bitki veya \u00e7i\u00e7ek tohumlar\u0131n\u0131 i\u00e7erir.<\/p><\/p>","protected":false},"featured_media":17804,"comment_status":"closed","ping_status":"closed","template":"","meta":[],"product_cat":[59],"product_tag":[788,284,290,282,288,289,291,281,287,789],"acf":[],"_links":{"self":[{"href":"https:\/\/www.garden-kit.com\/tr\/wp-json\/wp\/v2\/product\/4198"}],"collection":[{"href":"https:\/\/www.garden-kit.com\/tr\/wp-json\/wp\/v2\/product"}],"about":[{"href":"https:\/\/www.garden-kit.com\/tr\/wp-json\/wp\/v2\/types\/product"}],"replies":[{"embeddable":true,"href":"https:\/\/www.garden-kit.com\/tr\/wp-json\/wp\/v2\/comments?post=4198"}],"wp:featuredmedia":[{"embeddable":true,"href":"https:\/\/www.garden-kit.com\/tr\/wp-json\/wp\/v2\/media\/17804"}],"wp:attachment":[{"href":"https:\/\/www.garden-kit.com\/tr\/wp-json\/wp\/v2\/media?parent=4198"}],"wp:term":[{"taxonomy":"product_cat","embeddable":true,"href":"https:\/\/www.garden-kit.com\/tr\/wp-json\/wp\/v2\/product_cat?post=4198"},{"taxonomy":"product_tag","embeddable":true,"href":"https:\/\/www.garden-kit.com\/tr\/wp-json\/wp\/v2\/product_tag?post=4198"}],"curies":[{"name":"wp","href":"https:\/\/api.w.org\/{rel}","templated":true}]}}