{"id":4206,"date":"2022-10-19T15:25:46","date_gmt":"2022-10-19T07:25:46","guid":{"rendered":"https:\/\/www.garden-kit.com\/product\/home-grown-10-culinary-herb-seed-vault\/"},"modified":"2023-03-31T15:20:52","modified_gmt":"2023-03-31T07:20:52","slug":"herb-garden-seed-kit","status":"publish","type":"product","link":"https:\/\/www.garden-kit.com\/tr\/product\/herb-garden-seed-kit\/","title":{"rendered":"Bitki Bah\u00e7esi Tohum Seti"},"content":{"rendered":"<p style=\"line-height: 1.5\"><span style=\"font-family: arial, helvetica, sans-serif;font-size: 16px\">Vanilya bitkisinin bir\u00e7ok \u00e7e\u015fidi vard\u0131r ve en yayg\u0131n kullan\u0131lan t\u00fcrleri yakla\u015f\u0131k 10 ila 20 tanedir. Bu nedenle, amaca g\u00f6re yeti\u015ftirmek i\u00e7in bir bitki se\u00e7mek ve \u00f6zelliklerini anlamak ba\u015far\u0131ya giden ilk ad\u0131mlard\u0131r<\/span><\/p>\n<h3 style=\"line-height: 1.5;font-size: 19px\"><span style=\"font-family: arial, helvetica, sans-serif;font-size: 18px\">Genel Bak\u0131\u015f<\/span><\/h3>\n<table border=\"1\" cellspacing=\"0\" style=\"border-collapse: collapse;width: 100%\">\n<tbody>\n<tr>\n<td valign=\"top\" width=\"373\">\n<p><span style=\"font-family: arial, helvetica, sans-serif;font-size: 16px\">\u00dcr\u00fcn Bak\u0131m Talimatlar\u0131<\/span><\/p>\n<\/td>\n<td valign=\"top\" width=\"373\">\n<p><span style=\"font-family: arial, helvetica, sans-serif;font-size: 16px\">Mevcut<\/span><\/p>\n<\/td>\n<\/tr>\n<tr>\n<td valign=\"top\" width=\"373\">\n<p><span style=\"font-family: arial, helvetica, sans-serif;font-size: 16px\">Bitki \u00dcr\u00fcn Tipi<\/span><\/p>\n<\/td>\n<td valign=\"top\" width=\"373\">\n<p><span style=\"font-family: arial, helvetica, sans-serif;font-size: 16px\">Bitki Tohumlar\u0131<\/span><\/p>\n<\/td>\n<\/tr>\n<tr>\n<td valign=\"top\" width=\"373\">\n<p><span style=\"font-family: arial, helvetica, sans-serif;font-size: 16px\">\u00d6zel \u00f6zellik<\/span><\/p>\n<\/td>\n<td valign=\"top\" width=\"373\">\n<p><span style=\"font-family: arial, helvetica, sans-serif;font-size: 16px\">Kapal\u0131-A\u00e7\u0131k Yeti\u015ftirme<\/span><\/p>\n<\/td>\n<\/tr>\n<tr>\n<td valign=\"top\" width=\"373\">\n<p><span style=\"font-family: arial, helvetica, sans-serif;font-size: 16px\">Marka<\/span><\/p>\n<\/td>\n<td valign=\"top\" width=\"373\">\n<p><span style=\"font-family: arial, helvetica, sans-serif;font-size: 16px\">Bah\u00e7e Seti<\/span><\/p>\n<\/td>\n<\/tr>\n<tr>\n<td valign=\"top\" width=\"373\">\n<p><span style=\"font-family: arial, helvetica, sans-serif;font-size: 16px\">Anavatan<\/span><\/p>\n<\/td>\n<td valign=\"top\" width=\"373\">\n<p><span style=\"font-family: arial, helvetica, sans-serif;font-size: 16px\">Fujian, \u00c7in<\/span><\/p>\n<\/td>\n<\/tr>\n<tr>\n<td valign=\"top\" width=\"373\">\n<p><span style=\"font-family: arial, helvetica, sans-serif;font-size: 16px\">ODM\/OEM<\/span><\/p>\n<\/td>\n<td valign=\"top\" width=\"373\">\n<p><span style=\"font-family: arial, helvetica, sans-serif;font-size: 16px\">Mevcut<\/span><\/p>\n<\/td>\n<\/tr>\n<tr>\n<td valign=\"top\" width=\"373\">\n<p><span style=\"font-family: arial, helvetica, sans-serif;font-size: 16px\">\u00d6zelle\u015ftirilmi\u015f sipari\u015f i\u00e7in MOQ<\/span><\/p>\n<\/td>\n<td valign=\"top\" width=\"373\">\n<p><span style=\"font-family: arial, helvetica, sans-serif;font-size: 16px\">3000 adet<\/span><\/p>\n<\/td>\n<\/tr>\n<tr>\n<td valign=\"top\" width=\"373\">\n<p><span style=\"font-family: arial, helvetica, sans-serif;font-size: 16px\">\u00d6rnek maliyet<\/span><\/p>\n<\/td>\n<td valign=\"top\" width=\"373\">\n<p><span style=\"font-family: arial, helvetica, sans-serif;font-size: 16px\">US$400\/\u00d6rnek, bizden sipari\u015f verdikten sonra tam iade<\/span><\/p>\n<\/td>\n<\/tr>\n<\/tbody>\n<\/table>\n<h3 style=\"line-height: 1.5;font-size: 19px\"><span style=\"font-family: arial, helvetica, sans-serif;font-size: 18px\">B\u00fcy\u00fcyen Bitkileri Sevmek \u0130\u00e7in \u00dc\u00e7 Neden<\/span><\/h3>\n<p style=\"line-height: 1.5\"><span style=\"font-family: arial, helvetica, sans-serif;font-size: 16px\">Birincisi: \u00e7o\u011fu bitkinin bak\u0131m\u0131 \u00e7ok kolayd\u0131r.<\/span><br \/><span style=\"font-family: arial, helvetica, sans-serif;font-size: 16px\">\u00d6n\u00fcm\u00fczdeki birka\u00e7 g\u00fcn boyunca ekim yaparken ve sularken dikkatli oldu\u011funuz s\u00fcrece i\u015fin \u00e7o\u011funu zaten yapm\u0131\u015fs\u0131n\u0131z demektir.<\/span><\/p>\n<p style=\"line-height: 1.5\"><span style=\"font-family: arial, helvetica, sans-serif;font-size: 16px\">\u0130kincisi: Pek \u00e7ok \u015fifal\u0131 bitki h\u00e2l\u00e2 ger\u00e7ek \u201ca\u00e7l\u0131k grevi krallar\u0131\u201dd\u0131r.<\/span><br \/><span style=\"font-family: arial, helvetica, sans-serif;font-size: 16px\">Yani, tatmin olmak i\u00e7in yaln\u0131zca az miktarda besine ihtiya\u00e7lar\u0131 vard\u0131r.<\/span><br \/><span style=\"font-family: arial, helvetica, sans-serif;font-size: 16px\">Evet vanilya, fakir topraklarda \u00f6zelliklerini tam olarak ifade edebilir. \u00c7evreye y\u00f6nelik en b\u00fcy\u00fck gereksinimleri m\u00fcmk\u00fcn oldu\u011funca fazla g\u00fcne\u015f \u0131\u015f\u0131\u011f\u0131 ve \u0131s\u0131d\u0131r.<\/span><\/p>\n<p style=\"line-height: 1.5\"><span style=\"font-family: arial, helvetica, sans-serif;font-size: 16px\">\u00dc\u00e7\u00fcnc\u00fcs\u00fc: Kendi \u015fifal\u0131 bitkilerden yeni bitkiler elde etmek.<\/span><br \/><span style=\"font-family: arial, helvetica, sans-serif;font-size: 16px\">Bitkileriniz i\u00e7in g\u00fcne\u015fli bir yer bulursan\u0131z ve g\u00fc\u00e7l\u00fc bir \u015fekilde b\u00fcy\u00fcyorlarsa, kendi bitkilerinizden yeni nesil \u015fifal\u0131 bitkiler elde edebilir veya sebzeleriniz i\u00e7in ho\u015f kokulu bir bitki \u00e7iti olu\u015fturabilirsiniz.<\/span><br \/><span style=\"font-family: arial, helvetica, sans-serif;font-size: 16px\">Kendi bitkilerinizden yeni bitkiler yeti\u015ftirmek sadece pratik ve ucuz de\u011fil, ayn\u0131 zamanda e\u011flencelidir!<\/span><\/p>\n<p style=\"line-height: 1.5\"><span style=\"font-family: arial, helvetica, sans-serif;font-size: 16px\">Haz\u0131rlanm\u0131\u015f 22 par\u00e7al\u0131 bitki tohumu seti: \u00c7ok kolay - tohumdan bitki yeti\u015ftirmenin tahminlerini ortadan kald\u0131r\u0131yor, her ad\u0131mda size rehberlik ediyoruz. Kendinizin ya da sevdiklerinizin hayat\u0131na bitki ne\u015fesi katmak i\u00e7in ihtiyac\u0131n\u0131z olan her \u015fey g\u00fczel bir paket \u00e7anta i\u00e7inde. Dikin!<\/span><\/p>\n<p style=\"line-height: 1.5\"><span style=\"font-family: arial, helvetica, sans-serif;font-size: 16px\">&nbsp;<\/span><\/p>\n<h3 style=\"line-height: 1.5;font-size: 19px\"><span style=\"font-family: arial, helvetica, sans-serif;font-size: 16px\">A\u015fa\u011f\u0131daki \u00f6\u011feler kit i\u00e7erisinde yer almaktad\u0131r.<\/span><\/h3>\n<p style=\"line-height: 1.5\"><span style=\"font-family: arial, helvetica, sans-serif;font-size: 16px\">Contender Fasulyesi, Waltham Brokolisi, Blue Scotch Kale, Oregon \u015eeker Bezelyesi, Marglobe Heirloom Domates, Black Beauty Yaz Kaba\u011f\u0131 gibi 10 \u00e7e\u015fit bitki tohumu ve \u00e7ok daha fazlas\u0131.<\/span><\/p>\n<p style=\"line-height: 1.5\"><span style=\"font-family: arial, helvetica, sans-serif;font-size: 16px\">10 bonus botanik i\u015faretleyici<\/span><\/p>\n<p style=\"line-height: 1.5\"><span style=\"font-family: arial, helvetica, sans-serif;font-size: 16px\">1 Ad\u0131m ad\u0131m ekim k\u0131lavuzu<\/span><\/p>\n<p style=\"line-height: 1.5\"><span style=\"font-family: arial, helvetica, sans-serif;font-size: 16px\">1 \u00f6zelle\u015ftirilmi\u015f paket \u00e7antas\u0131<\/span><\/p>\n<p style=\"line-height: 1.5\"><span style=\"font-family: arial, helvetica, sans-serif;font-size: 16px\">10 Favori Mutfak Otlar\u0131 ve 10 Bonus Botanik \u0130\u015faretleyici - Kuru, bayat, tats\u0131z kurutulmu\u015f otlar\u0131 sat\u0131n almay\u0131 b\u0131rak\u0131n ve i\u00e7eride veya d\u0131\u015far\u0131da kendi bitki bah\u00e7enizi yeti\u015ftirmeye ba\u015flay\u0131n. Hi\u00e7bir \u015fey taze otlar\u0131n ve g\u00fczel bir bah\u00e7enin yerini tutamaz.<\/span><\/p>\n<p style=\"line-height: 1.5\"><span style=\"font-family: arial, helvetica, sans-serif;font-size: 16px\">Bah\u00e7\u0131van - a\u015f\u00e7\u0131 - hayatta kalma uzman\u0131 i\u00e7in harika bir hediye - bah\u00e7\u0131vana bereketli bir bah\u00e7eye sahip olmas\u0131 i\u00e7in bir torba tohum vermekten daha iyi ne olabilir? Her bitki i\u00e7in ekim talimatlar\u0131 ve bitki etiketleri de dahil olmak \u00fczere geni\u015f bir tohum koleksiyonumuz var.<\/span><\/p>\n<p style=\"line-height: 1.5\"><span style=\"font-family: arial, helvetica, sans-serif;font-size: 16px\">Her pakette 3000'den fazla tohum ve talimat sayfas\u0131 - \u00e7e\u015fitli aile yadigar\u0131 tohum paketlerimiz, y\u00fcksek \u00e7imlenme oranlar\u0131na sahip \u00e7e\u015fitli tohumlarla gelir. Tohumlar, tohum tazeli\u011fini ve kalitesini korumak i\u00e7in su ge\u00e7irmez, yeniden kapat\u0131labilir mylar torbalarda paketlenmi\u015ftir. B\u00f6cek \u00e7antas\u0131 malzemelerinize ve acil durum haz\u0131rl\u0131k \u00fcr\u00fcnlerinize harika bir ektir.<\/span><\/p>\n<p style=\"line-height: 1.5\"><span style=\"font-family: arial, helvetica, sans-serif;font-size: 16px\">&nbsp;<\/span><\/p>\n<p style=\"line-height: 1.5\"><span style=\"font-family: arial, helvetica, sans-serif;font-size: 16px\">Y\u0131l Boyunca Taze Otlar \u0130\u00e7 Mekan veya D\u0131\u015f Mekan Bitki Bah\u00e7esi - Tohumlar\u0131 y\u0131l boyunca kapal\u0131 bir pencere bitki bah\u00e7esi olarak ekin veya y\u0131l boyunca harika bitkilerin tad\u0131n\u0131 \u00e7\u0131karmak i\u00e7in bunlar\u0131 bir besleyici ekim makinesine aktar\u0131n. Bunlar kapal\u0131 bitki bah\u00e7eleri, bah\u00e7e kitleri, mutfak bitki bah\u00e7eleri veya d\u0131\u015f mekan bah\u00e7e yataklar\u0131 olarak kullan\u0131labilir. Filiz veya mikro ye\u015fillik olarak kullanmak i\u00e7in daha fazlas\u0131n\u0131 ekin.<\/span><\/p>\n<p style=\"line-height: 1.5\"><span style=\"font-family: arial, helvetica, sans-serif;font-size: 16px\">&nbsp;<\/span><\/p>\n<p style=\"font-size: 16px;line-height: 1.5\"><span style=\"font-size: 18px;font-family: arial, helvetica, sans-serif\">dikkatli ve uygun bak\u0131m<\/span><\/p>\n<p style=\"line-height: 1.5\"><span style=\"font-family: arial, helvetica, sans-serif\">Vanilya yeti\u015ftirirken, iyi b\u00fcy\u00fcmek i\u00e7in s\u00fcrekli bak\u0131m gereklidir. Vanilyan\u0131n su talebini ve s\u0131kl\u0131\u011f\u0131n\u0131 (ne s\u0131kl\u0131kla sulanaca\u011f\u0131n\u0131) anlamak i\u00e7in uygun \u00f6nlemleri almadan \u00f6nce bitkilerin durumunu g\u00f6zlemlemek gerekir, baz\u0131 bitkiler bitki geli\u015fimine yard\u0131mc\u0131 olmak i\u00e7in orta derecede kurudur. Herhangi bir zamanda b\u00fcy\u00fcmesine dikkat etti\u011finiz s\u00fcrece, herkes hayata olan ilgisini art\u0131rmak i\u00e7in evde dikmeyi deneyebilir. Evde dikim yaparken, sadece g\u00f6r\u00fcnt\u00fclemek i\u00e7in de\u011fil, ayn\u0131 zamanda toplamak ve kullanmak i\u00e7in farkl\u0131 t\u00fcrlere g\u00f6re saks\u0131lara ekilirler.<\/span><\/p>\n<p style=\"line-height: 1.5\"><span style=\"font-family: arial, helvetica, sans-serif;font-size: 16px\">NOT: Baz\u0131 \u00e7e\u015fitler \u00e7ok k\u00fc\u00e7\u00fck tohumlara sahiptir ve do\u011fru tohum say\u0131s\u0131na sahip g\u00f6r\u00fcnmemektedir. Tohum say\u0131s\u0131n\u0131 birka\u00e7 kez kontrol ettik ve her zaman do\u011fru hesapland\u0131. Herhangi bir sorunuz olursa l\u00fctfen bize bildirin.<\/span><\/p>\n<p style=\"line-height: 1.5\"><span style=\"font-family: arial, helvetica, sans-serif;font-size: 16px\"><span style=\"font-size: 18px\">\u00c7imlenmeden \u00f6nce bak\u0131m nas\u0131l yap\u0131l\u0131r<\/span><br \/>Ekimden sonra iyice sulay\u0131n. \u0130nce bir sulama kab\u0131 ile sulay\u0131n. Tohumlar\u0131 y\u0131kamamak i\u00e7in g\u00fc\u00e7 kullanmay\u0131n. En iyisi oturma le\u011feni y\u00f6ntemini kullanmakt\u0131r, yani 2\/3 le\u011fen su alacak b\u00fcy\u00fck bir le\u011fen kullan\u0131n ve kab\u0131 le\u011fenin i\u00e7ine oturtun. Suyun kab\u0131n alt deli\u011finden yava\u015f\u00e7a s\u0131zmas\u0131na izin verin. (B\u00fcy\u00fck le\u011fendeki su seviyesi kaptaki topra\u011f\u0131n y\u00fcksekli\u011fini ge\u00e7memelidir). Ekimden sonra kap plastik bir \u00f6rt\u00fc ile \u00f6rt\u00fclmeli ve havaland\u0131rma i\u00e7in plastik \u00f6rt\u00fc \u00fczerinde birka\u00e7 k\u00fc\u00e7\u00fck delik a\u00e7\u0131lmal\u0131d\u0131r. S\u0131cakl\u0131\u011f\u0131 20 derece civar\u0131nda tutmak i\u00e7in kab\u0131 g\u00fcne\u015fe koyun. Nemlendirmek i\u00e7in \u00e7imlenmeden \u00f6nce her g\u00fcn uygun \u015fekilde su p\u00fcsk\u00fcrt\u00fcn ve \u00e7imlenmeden sonra sulama s\u00fcresini kontrol edin. \u00c7o\u011fu tohum bir hafta sonra \u00e7imlenecektir.<\/span><\/p>\n<p style=\"line-height: 1.5\"><span style=\"font-family: arial, helvetica, sans-serif\">\u0130lkbaharda ekilen tek y\u0131ll\u0131k bitkidir: Nisan-May\u0131s civar\u0131nda ekilebilir ve s\u0131cak mevsimde daha fazla sulanmas\u0131 gerekir. (fesle\u011fen, dereotu, nasturtium, anason, ginseng)<\/span><br \/><span style=\"font-family: arial, helvetica, sans-serif\">Sonbahar ekimi tek y\u0131ll\u0131k bitki: Eyl\u00fcl-Ekim aylar\u0131 civar\u0131nda ekilebilir ve so\u011fu\u011fa kar\u015f\u0131 koymak i\u00e7in \u015fiddetli so\u011fuk mevsimde d\u00fc\u015fen yapraklar\u0131 rizomlara yaymak gerekir. (Matricaria, blue cornflowers, borage, arugula, calendula)<\/span><br \/><span style=\"font-family: arial, helvetica, sans-serif\">\u0130ki y\u0131ll\u0131klardan daha g\u00fc\u00e7l\u00fc otlar:<\/span><\/p>\n<p style=\"line-height: 1.5\"><span style=\"font-family: arial, helvetica, sans-serif\">Tohum ekiminden sonraki ilk y\u0131l \u00e7i\u00e7ek a\u00e7maz. \u0130kinci y\u0131l\u0131n bahar\u0131na kadar \u00e7i\u00e7eklenmeye ve tohum vermeye ba\u015flamaz.<\/span><br \/><span style=\"font-family: arial, helvetica, sans-serif\">maydanoz (Umbelliferae)<\/span><br \/><span style=\"font-family: arial, helvetica, sans-serif\">Taze yapraklar veya yufka yapraklar\u0131 salatalarda kullan\u0131labilir veya daha zengin bir lezzet i\u00e7in \u00e7orbalara eklenebilir.<\/span><br \/><span style=\"font-family: arial, helvetica, sans-serif\">Ki\u015fni\u015f (Apiaceae)<\/span><br \/><span style=\"font-family: arial, helvetica, sans-serif\">Ki\u015fni\u015f olarak da bilinen yapraklar\u0131 Tayland mutfa\u011f\u0131nda yayg\u0131n olarak kullan\u0131l\u0131r.<\/span><br \/><span style=\"font-family: arial, helvetica, sans-serif\">Ebeg\u00fcmeci (Mallowaceae)<\/span><br \/><span style=\"font-family: arial, helvetica, sans-serif\">\u00c7i\u00e7ekleri su yapmak i\u00e7in kullan\u0131n ve limon ekledikten sonra suyun rengi maviden pembeye d\u00f6n\u00fc\u015fecektir.<\/span><br \/><span style=\"font-family: arial, helvetica, sans-serif\">Angelica dahurica (Umbelliferae)<\/span><br \/><span style=\"font-family: arial, helvetica, sans-serif\">Saplar \u015fekerle salamura edildikten sonra kek vb. yap\u0131m\u0131nda kullan\u0131labilir.<\/span><\/p>\n<p style=\"line-height: 1.5\"><span style=\"font-family: arial, helvetica, sans-serif;font-size: 18px\">\u00c7ok y\u0131ll\u0131k bitkilere ait otlar<\/span><\/p>\n<p style=\"line-height: 1.5\"><span style=\"font-family: arial, helvetica, sans-serif\">\u00c7ok y\u0131ll\u0131k bitkiler, \u00e7ok y\u0131ll\u0131k otsu bitkilerden olu\u015fan bir s\u0131n\u0131ft\u0131r. \u00c7i\u00e7ekler \u00f6ld\u00fckten sonra, yeralt\u0131 g\u00f6vdeleri veya k\u00f6kleri kal\u0131r ve ikinci y\u0131lda yeni s\u00fcrg\u00fcnler \u00fcretmeye devam eder.<\/span><br \/><span style=\"font-family: arial, helvetica, sans-serif\">Nane: Taze veya kurutulmu\u015f yapraklar\u0131 \u00e7ay ve meyve suyu yap\u0131m\u0131nda kullan\u0131l\u0131r.<\/span><br \/><span style=\"font-family: arial, helvetica, sans-serif\">Tatl\u0131 Viyola: Taze yapraklar \u00e7ay yap\u0131m\u0131nda kullan\u0131l\u0131r ve taze \u00e7i\u00e7ekler pasta s\u00fcslemesi i\u00e7in beyaz \u015fekerde salamura edilir.<\/span><br \/><span style=\"font-family: arial, helvetica, sans-serif\">Limon otu: Taze veya kurutulmu\u015f yapraklar\u0131 baharat kar\u0131\u015f\u0131mlar\u0131nda veya \u00e7ayda kullan\u0131l\u0131r.<\/span><br \/><span style=\"font-family: arial, helvetica, sans-serif\">Dalga yaprakl\u0131 ravent: Taze yapraklar re\u00e7el yap\u0131m\u0131nda veya beyaz \u015fekerle salamura edilerek at\u0131\u015ft\u0131rmal\u0131k yap\u0131m\u0131nda kullan\u0131l\u0131r.<\/span><\/p>\n<p style=\"line-height: 1.5\"><span style=\"font-family: arial, helvetica, sans-serif\">\u00c7ok y\u0131ll\u0131k otsu bitkiler kategorisine ait otlar:<\/span><\/p>\n<p style=\"line-height: 1.5\"><span style=\"font-family: arial, helvetica, sans-serif\">Neredeyse her y\u0131l \u00e7i\u00e7ek a\u00e7ar. \u00c7i\u00e7ekleri olmasa bile yapraklar\u0131 g\u00fczel bir kokuya sahiptir.<\/span><br \/><span style=\"font-family: arial, helvetica, sans-serif\">Lavanta: Kurutulmu\u015f \u00e7i\u00e7ekler yap\u0131n, \u00e7ay yap\u0131n ve kurutulmu\u015f \u00e7i\u00e7ek ve yapraklardan po\u015fetler ve kurutulmu\u015f buketler yap\u0131n.<\/span><br \/><span style=\"font-family: arial, helvetica, sans-serif\">Kekik: Taze veya kurutulmu\u015f yapraklar yemeklere lezzet katar ve \u00e7ayda kullan\u0131labilir.<\/span><br \/><span style=\"font-family: arial, helvetica, sans-serif\">\u00c7ilek: Kurutulmu\u015f yapraklar \u00e7ay haline getirilebilir ve taze meyve re\u00e7el veya meyve suyu yapmak i\u00e7in kullan\u0131labilir.<\/span><br \/><span style=\"font-family: arial, helvetica, sans-serif\">Rezene: Taze veya kurutulmu\u015f \u00e7i\u00e7ekler ve yapraklar yemeklere lezzet katar ve ayr\u0131ca tur\u015fu haline getirilebilir.<\/span><\/p><\/p>","protected":false},"excerpt":{"rendered":"<p><span style=\"font-family: arial, helvetica, sans-serif\">Haz\u0131rlanm\u0131\u015f 22 par\u00e7a bitki tohumu Kiti: \u00c7ok kolay - tohumdan bitki yeti\u015ftirmenin tahminlerini ortadan kald\u0131r\u0131yor, her ad\u0131mda size rehberlik ediyoruz. Kendinizin ya da sevdiklerinizin hayat\u0131na bitki ne\u015fesi katmak i\u00e7in ihtiyac\u0131n\u0131z olan her \u015fey g\u00fczel bir paket \u00e7anta i\u00e7inde. Dikin!<\/span><\/p>","protected":false},"featured_media":12643,"comment_status":"open","ping_status":"closed","template":"","meta":[],"product_cat":[59],"product_tag":[461,458,457,279,462,459,460],"acf":[],"_links":{"self":[{"href":"https:\/\/www.garden-kit.com\/tr\/wp-json\/wp\/v2\/product\/4206"}],"collection":[{"href":"https:\/\/www.garden-kit.com\/tr\/wp-json\/wp\/v2\/product"}],"about":[{"href":"https:\/\/www.garden-kit.com\/tr\/wp-json\/wp\/v2\/types\/product"}],"replies":[{"embeddable":true,"href":"https:\/\/www.garden-kit.com\/tr\/wp-json\/wp\/v2\/comments?post=4206"}],"wp:featuredmedia":[{"embeddable":true,"href":"https:\/\/www.garden-kit.com\/tr\/wp-json\/wp\/v2\/media\/12643"}],"wp:attachment":[{"href":"https:\/\/www.garden-kit.com\/tr\/wp-json\/wp\/v2\/media?parent=4206"}],"wp:term":[{"taxonomy":"product_cat","embeddable":true,"href":"https:\/\/www.garden-kit.com\/tr\/wp-json\/wp\/v2\/product_cat?post=4206"},{"taxonomy":"product_tag","embeddable":true,"href":"https:\/\/www.garden-kit.com\/tr\/wp-json\/wp\/v2\/product_tag?post=4206"}],"curies":[{"name":"wp","href":"https:\/\/api.w.org\/{rel}","templated":true}]}}