{"id":4214,"date":"2022-10-19T15:27:55","date_gmt":"2022-10-19T07:27:55","guid":{"rendered":"https:\/\/www.garden-kit.com\/product\/wildflower-seeds-bulk-perennial-wild-flower-seeds-mix\/"},"modified":"2024-03-07T10:12:37","modified_gmt":"2024-03-07T02:12:37","slug":"wildflower-seeds-mix","status":"publish","type":"product","link":"https:\/\/www.garden-kit.com\/tr\/product\/wildflower-seeds-mix\/","title":{"rendered":"K\u0131r \u00c7i\u00e7e\u011fi Yeti\u015ftirme Kiti Tohum Kar\u0131\u015f\u0131m\u0131"},"content":{"rendered":"<h3 style=\"font-size: 19px\">Genel Bak\u0131\u015f<\/h3>\n<table border=\"1\" cellspacing=\"0\" style=\"border-collapse: collapse;width: 100%\">\n<tbody>\n<tr>\n<td valign=\"top\" width=\"373\">\n<p><span style=\"font-family: 'PingFang SC', 'Microsoft YaHei', sans-serif;font-size: 16px\">\u00dcr\u00fcn Bak\u0131m Talimatlar\u0131<\/span><\/p>\n<\/td>\n<td valign=\"top\" width=\"373\">\n<p><span style=\"font-family: 'PingFang SC', 'Microsoft YaHei', sans-serif;font-size: 16px\">Mevcut<\/span><\/p>\n<\/td>\n<\/tr>\n<tr>\n<td valign=\"top\" width=\"373\">\n<p><span style=\"font-family: 'PingFang SC', 'Microsoft YaHei', sans-serif;font-size: 16px\">Bitki \u00dcr\u00fcn Tipi<\/span><\/p>\n<\/td>\n<td valign=\"top\" width=\"373\">\n<p><span style=\"font-family: 'PingFang SC', 'Microsoft YaHei', sans-serif;font-size: 16px\">Yabani \u00e7i\u00e7ek tohumlar\u0131<\/span><\/p>\n<\/td>\n<\/tr>\n<tr>\n<td valign=\"top\" width=\"373\">\n<p><span style=\"font-family: 'PingFang SC', 'Microsoft YaHei', sans-serif;font-size: 16px\">\u00d6zel \u00f6zellik<\/span><\/p>\n<\/td>\n<td valign=\"top\" width=\"373\">\n<p><span style=\"font-family: 'PingFang SC', 'Microsoft YaHei', sans-serif;font-size: 16px\">Kapal\u0131-A\u00e7\u0131k Yeti\u015ftirme<\/span><\/p>\n<\/td>\n<\/tr>\n<tr>\n<td valign=\"top\" width=\"373\">\n<p><span style=\"font-family: 'PingFang SC', 'Microsoft YaHei', sans-serif;font-size: 16px\">Marka<\/span><\/p>\n<\/td>\n<td valign=\"top\" width=\"373\">\n<p><span style=\"font-family: 'PingFang SC', 'Microsoft YaHei', sans-serif;font-size: 16px\">Bah\u00e7e Seti<\/span><\/p>\n<\/td>\n<\/tr>\n<tr>\n<td valign=\"top\" width=\"373\">\n<p><span style=\"font-family: 'PingFang SC', 'Microsoft YaHei', sans-serif;font-size: 16px\">Anavatan<\/span><\/p>\n<\/td>\n<td valign=\"top\" width=\"373\">\n<p><span style=\"font-family: 'PingFang SC', 'Microsoft YaHei', sans-serif;font-size: 16px\">Fujian, \u00c7in<\/span><\/p>\n<\/td>\n<\/tr>\n<tr>\n<td valign=\"top\" width=\"373\">\n<p><span style=\"font-family: 'PingFang SC', 'Microsoft YaHei', sans-serif;font-size: 16px\">ODM\/OEM<\/span><\/p>\n<\/td>\n<td valign=\"top\" width=\"373\">\n<p><span style=\"font-family: 'PingFang SC', 'Microsoft YaHei', sans-serif;font-size: 16px\">Mevcut<\/span><\/p>\n<\/td>\n<\/tr>\n<tr>\n<td valign=\"top\" width=\"373\">\n<p><span style=\"font-family: 'PingFang SC', 'Microsoft YaHei', sans-serif;font-size: 16px\">\u00d6zelle\u015ftirilmi\u015f sipari\u015f i\u00e7in MOQ<\/span><\/p>\n<\/td>\n<td valign=\"top\" width=\"373\">\n<p><span style=\"font-family: 'PingFang SC', 'Microsoft YaHei', sans-serif;font-size: 16px\">3000 adet<\/span><\/p>\n<\/td>\n<\/tr>\n<tr>\n<td valign=\"top\" width=\"373\">\n<p><span style=\"font-family: 'PingFang SC', 'Microsoft YaHei', sans-serif;font-size: 16px\">\u00d6rnek maliyet<\/span><\/p>\n<\/td>\n<td valign=\"top\" width=\"373\">\n<p><span style=\"font-family: 'PingFang SC', 'Microsoft YaHei', sans-serif;font-size: 16px\">US$400\/\u00d6rnek, bizden sipari\u015f verdikten sonra tam iade<\/span><\/p>\n<\/td>\n<\/tr>\n<\/tbody>\n<\/table>\n<p style=\"line-height: 1.5\"><span style=\"font-family: 'PingFang SC', 'Microsoft YaHei', sans-serif;font-size: 16px\">&nbsp;<\/span><\/p>\n<p style=\"line-height: 1.5\"><span style=\"font-family: 'PingFang SC', 'Microsoft YaHei', sans-serif;font-size: 16px\">Haz\u0131rlanm\u0131\u015f 24 par\u00e7al\u0131 Yaban \u00c7i\u00e7e\u011fi tohumlar\u0131 Kiti: \u00c7ok kolay - tohumlardan Yaban \u00c7i\u00e7e\u011fi yeti\u015ftirmenin tahminlerini ortadan kald\u0131r\u0131yor, her ad\u0131mda size rehberlik ediyoruz. Wildflower'\u0131n ne\u015fesini sizin veya sevdiklerinizin hayat\u0131na katmak i\u00e7in ihtiyac\u0131n\u0131z olan her \u015fey g\u00fczel bir paket \u00e7antada. Dikin!<\/span><\/p>\n<p style=\"line-height: 1.5\"><span style=\"font-family: 'PingFang SC', 'Microsoft YaHei', sans-serif;font-size: 16px\">&nbsp;<\/span><\/p>\n<p style=\"line-height: 1.5\"><span style=\"font-family: 'PingFang SC', 'Microsoft YaHei', sans-serif;font-size: 16px\">A\u015fa\u011f\u0131daki \u00f6\u011feler kit i\u00e7erisinde yer almaktad\u0131r.<\/span><\/p>\n<p style=\"line-height: 1.5\"><span style=\"font-family: 'PingFang SC', 'Microsoft YaHei', sans-serif;font-size: 16px\">24 \u00e7e\u015fit bitki tohumu; Shasta Papatyalar\u0131, Siyah G\u00f6zl\u00fc Sardunyalar, Mavi Keten ve daha fazlas\u0131.<\/span><\/p>\n<p style=\"line-height: 1.5\"><span style=\"font-family: 'PingFang SC', 'Microsoft YaHei', sans-serif;font-size: 16px\">1 Ad\u0131m ad\u0131m ekim k\u0131lavuzu<\/span><\/p>\n<p style=\"line-height: 1.5\"><span style=\"font-family: 'PingFang SC', 'Microsoft YaHei', sans-serif;font-size: 16px\">1 \u00f6zelle\u015ftirilmi\u015f paket \u00e7antas\u0131<\/span><\/p>\n<p style=\"line-height: 1.5\"><span style=\"font-family: 'PingFang SC', 'Microsoft YaHei', sans-serif\"><span style=\"font-size: 16px\">&nbsp;<\/span><\/span><\/p>\n<p style=\"line-height: 1.5\"><span style=\"font-family: 'PingFang SC', 'Microsoft YaHei', sans-serif;font-size: 16px\">Geni\u015f Tohum \u00c7e\u015fitlili\u011fi: K\u0131r \u00e7i\u00e7e\u011fi tohumu paketlerimizin her biri, saks\u0131lar ve bah\u00e7eler i\u00e7in m\u00fckemmel olan \u00e7ok \u00e7e\u015fitli \u00e7i\u00e7ekler i\u00e7erir. Bu sipari\u015fte, Shasta Papatyalar\u0131, Siyah G\u00f6zl\u00fc Sardunyalar, Mavi Keten ve daha fazlas\u0131 dahil olmak \u00fczere 24 farkl\u0131 \u00e7e\u015fit iki y\u0131ll\u0131k, y\u0131ll\u0131k ve \u00e7ok y\u0131ll\u0131k tohum alacaks\u0131n\u0131z.<\/span><\/p>\n<p style=\"line-height: 1.5\"><span style=\"font-family: 'PingFang SC', 'Microsoft YaHei', sans-serif;font-size: 16px\">\u00dcst\u00fcn \u00c7imlenme Oranlar\u0131: \u0130ster tecr\u00fcbeli bir bah\u00e7\u0131van olun, ister sadece bah\u00e7ecilik deneyimi kazan\u0131yor olun, canl\u0131 bir \u00e7i\u00e7ek istiyorsan\u0131z tohumlar\u0131m\u0131za g\u00fcvenebilirsiniz. Sadece dolgu maddesi i\u00e7ermeyen 100% do\u011fal tohumlar\u0131 tedarik etti\u011fimiz i\u00e7in, paketlerimiz di\u011fer markalara g\u00f6re 4 kat daha fazla tohum i\u00e7erir.<\/span><\/p>\n<p style=\"line-height: 1.5\"><span style=\"font-family: 'PingFang SC', 'Microsoft YaHei', sans-serif;font-size: 16px\">Ku\u015flar, Ar\u0131lar ve Kelebekler i\u00e7in \u0130deal: Bu paketteki renkli k\u0131r \u00e7i\u00e7e\u011fi tohumlar\u0131 bir\u00e7ok farkl\u0131 t\u00fcrde ku\u015f, ar\u0131 ve kelebe\u011fi \u00e7ekmek i\u00e7in m\u00fckemmeldir. \u0130\u00e7 mekanda, bah\u00e7enizde veya bah\u00e7enize k\u0131r \u00e7i\u00e7e\u011fi tohumlar\u0131 ekerek do\u011fay\u0131 kendinize yak\u0131nla\u015ft\u0131r\u0131n.<\/span><\/p>\n<p style=\"line-height: 1.5\"><span style=\"font-family: 'PingFang SC', 'Microsoft YaHei', sans-serif;font-size: 16px\">G\u00dcZEL B\u0130R BAH\u00c7E \u0130\u00c7\u0130N M\u00dcKEMMEL: Bu k\u0131r \u00e7i\u00e7e\u011fi tohumu paketiyle, Amerikan iki y\u0131ll\u0131k, tek y\u0131ll\u0131k ve \u00e7ok y\u0131ll\u0131k \u00e7i\u00e7ek tohumlar\u0131yla dolu 400 metrekarelik bir bah\u00e7e ekebilecek ve yeti\u015ftirebileceksiniz. Tamamen olgunla\u015ft\u0131\u011f\u0131nda, bu paketteki k\u0131r \u00e7i\u00e7ekleri 24-36 in\u00e7 boyunda b\u00fcy\u00fcyecektir.<\/span><\/p>\n<p style=\"line-height: 1.5\"><span style=\"font-family: 'PingFang SC', 'Microsoft YaHei', sans-serif;font-size: 16px\">DO\u011eA VE S\u0130Z\u0130N \u0130\u00c7\u0130N G\u00dcVENL\u0130: GDO'suz k\u0131r \u00e7i\u00e7e\u011fi tohumlar\u0131m\u0131z dolgu maddesi i\u00e7ermeyen saf tohumlard\u0131r. K\u0131r \u00e7i\u00e7e\u011fi tohumu paketlerimizdeki t\u00fcm tohumlar\u0131n yeti\u015ftirilmesi g\u00fcvenlidir. Hem siz hem de \u00e7i\u00e7ek seven hayvanlar\u0131n\u0131z g\u00fczel bah\u00e7enizin tad\u0131n\u0131 \u00e7\u0131karabilirsiniz.<\/span><\/p>\n<\/p>\n<p>Kendi k\u0131r \u00e7i\u00e7eklerinizi yeti\u015ftirmekle ilgileniyor musunuz? K\u0131r \u00e7i\u00e7e\u011fi yeti\u015ftirme kitimiz, \u00e7e\u015fitli k\u0131r \u00e7i\u00e7e\u011fi tohumlar\u0131, toprak ve onlar\u0131 yeti\u015ftirmek i\u00e7in bir kap dahil olmak \u00fczere ba\u015flamak i\u00e7in ihtiyac\u0131n\u0131z olan her \u015feye sahiptir.<\/p>\n<p>K\u0131r \u00e7i\u00e7ekleri ev bah\u00e7\u0131vanlar\u0131 i\u00e7in harika bir se\u00e7imdir \u00e7\u00fcnk\u00fc yeti\u015ftirilmeleri kolayd\u0131r ve ar\u0131lar ve kelebekler gibi tozlay\u0131c\u0131lar\u0131 \u00e7ekerler. Ayr\u0131ca her bah\u00e7eye g\u00fczel bir renk katarlar.<\/p>\n<p>Yeti\u015ftirme kitimiz, sa\u011fl\u0131kl\u0131 ve canl\u0131 k\u0131r \u00e7i\u00e7ekleri yeti\u015ftirmenize yard\u0131mc\u0131 olacak takip etmesi kolay talimatlar ve ipu\u00e7lar\u0131 i\u00e7erir. \u015eimdi sipari\u015f verin ve kendi arka bah\u00e7enizde k\u0131r \u00e7i\u00e7eklerinin g\u00fczelli\u011finin tad\u0131n\u0131 \u00e7\u0131kar\u0131n!<\/p>\n<h3 style=\"font-size: 19px\">K\u0131r \u00e7i\u00e7e\u011fi yeti\u015ftirme kiti uygulamas\u0131<\/h3>\n<p>Bir k\u0131r \u00e7i\u00e7e\u011fi yeti\u015ftirme kitinin a\u015fa\u011f\u0131dakiler de dahil olmak \u00fczere \u00e7e\u015fitli uygulamalar\u0131 vard\u0131r:<\/p>\n<ol>\n<li>Ev Bah\u00e7eleri: K\u0131r \u00e7i\u00e7e\u011fi yeti\u015ftirme kitleri, herhangi bir ev bah\u00e7esine veya a\u00e7\u0131k alana renk ve g\u00fczellik katman\u0131n m\u00fckemmel bir yoludur. Do\u011fal g\u00f6r\u00fcn\u00fcml\u00fc bir peyzaj olu\u015fturmak veya di\u011fer bitkiler aras\u0131ndaki bo\u015fluklar\u0131 doldurmak i\u00e7in kullan\u0131labilirler.<\/li>\n<li>Tozlay\u0131c\u0131 Ya\u015fam Alanlar\u0131: K\u0131r \u00e7i\u00e7ekleri, ar\u0131lar ve kelebekler gibi tozlay\u0131c\u0131lar i\u00e7in \u00f6nemli ya\u015fam alanlar\u0131 sa\u011flar. Bir yeti\u015ftirme kiti kullanarak k\u0131r \u00e7i\u00e7ekleri yeti\u015ftirerek, d\u0131\u015f mekan\u0131n\u0131z\u0131 g\u00fczelle\u015ftirirken bu \u00f6nemli b\u00f6cekleri destekleyebilirsiniz.<\/li>\n<li>Erozyon Kontrol\u00fc: K\u0131r \u00e7i\u00e7ekleri topra\u011f\u0131 stabilize etmeye ve erozyonu \u00f6nlemeye yard\u0131mc\u0131 olan derin k\u00f6klere sahiptir. Bir yeti\u015ftirme kiti kullanarak k\u0131r \u00e7i\u00e7ekleri ekerek, topra\u011f\u0131 korumaya ve erozyona e\u011filimli alanlarda erozyonu \u00f6nlemeye yard\u0131mc\u0131 olabilirsiniz.<\/li>\n<li>Restorasyon Projeleri: K\u0131r \u00e7i\u00e7ekleri genellikle zarar g\u00f6rm\u00fc\u015f veya bozulmu\u015f ekosistemleri restore etmek i\u00e7in restorasyon projelerinde kullan\u0131l\u0131r. Yeti\u015ftirme kitleri, fideleri do\u011faya nakletmeden \u00f6nce bu projeleri kontroll\u00fc bir ortamda ba\u015flatmak i\u00e7in kullan\u0131labilir.<\/li>\n<li>E\u011fitim: K\u0131r \u00e7i\u00e7e\u011fi yeti\u015ftirme kitleri okullarda, toplum merkezlerinde ve di\u011fer ortamlarda \u00e7ocuklara bitki ya\u015fam d\u00f6ng\u00fclerini, ekolojiyi ve \u00e7evre y\u00f6netimini \u00f6\u011fretmek i\u00e7in bir e\u011fitim arac\u0131 olarak kullan\u0131labilir.<\/li>\n<\/ol>\n<p>Sonu\u00e7 olarak, k\u0131r \u00e7i\u00e7e\u011fi tohum kitlerinin bir\u00e7ok uygulamas\u0131 vard\u0131r ve ev bah\u00e7elerine g\u00fczellik katmak, tozlay\u0131c\u0131lar\u0131 desteklemek, erozyonu kontrol etmek, restorasyon projelerine yard\u0131mc\u0131 olmak ve bir e\u011fitim arac\u0131 olarak hizmet etmek i\u00e7in kullan\u0131labilir. Bir k\u0131r \u00e7i\u00e7e\u011fi yeti\u015ftirme kiti kullanarak, sa\u011fl\u0131kl\u0131 ve s\u00fcrd\u00fcr\u00fclebilir bir \u00e7evreye katk\u0131da bulunurken bu g\u00fczel ve dayan\u0131kl\u0131 bitkilerin faydalar\u0131ndan yararlanabilirsiniz.<\/p>\n<h3 style=\"font-size: 19px\">K\u0131r \u00e7i\u00e7e\u011fi yeti\u015ftirme kitinin avantajlar\u0131<\/h3>\n<p>K\u0131r \u00e7i\u00e7e\u011fi tohum kitleri, a\u015fa\u011f\u0131dakiler de dahil olmak \u00fczere \u00e7e\u015fitli avantajlar sunar:<\/p>\n<ol>\n<li>Az Bak\u0131m Gerektirir: K\u0131r \u00e7i\u00e7ekleri, bir kez kurulduktan sonra minimum bak\u0131m gerektiren dayan\u0131kl\u0131 bitkilerdir. Kurakl\u0131k ko\u015fullar\u0131n\u0131 tolere edebilirler ve d\u00fczenli olarak g\u00fcbrelenmeleri gerekmez.<\/li>\n<li>\u00c7ekici: K\u0131r \u00e7i\u00e7eklerinin \u00e7e\u015fitli renk ve \u015fekillerde olmas\u0131, onlar\u0131 her t\u00fcrl\u00fc d\u0131\u015f mekana \u00e7ekici bir katk\u0131 haline getirir.<\/li>\n<li>\u00c7evre Dostu: K\u0131r \u00e7i\u00e7ekleri yeti\u015ftirmek \u00e7evreye katk\u0131da bulunman\u0131n \u00e7evre dostu bir yoludur. Tozlay\u0131c\u0131lar i\u00e7in habitat sa\u011flarlar ve hava kalitesini iyile\u015ftirmeye yard\u0131mc\u0131 olurlar.<\/li>\n<li>Kullan\u0131m\u0131 Kolay: K\u0131r \u00e7i\u00e7e\u011fi yeti\u015ftirme kitlerinin kullan\u0131m\u0131 kolayd\u0131r, bu da onlar\u0131 acemi bah\u00e7\u0131vanlar veya bah\u00e7ecilik konusunda s\u0131n\u0131rl\u0131 deneyime sahip olanlar i\u00e7in ideal hale getirir.<\/li>\n<li>Uygun Maliyetli: K\u0131r \u00e7i\u00e7e\u011fi tohum kitleri genellikle bir fidanl\u0131ktan veya bah\u00e7e merkezinden tamamen yeti\u015ftirilmi\u015f \u00e7i\u00e7ek sat\u0131n almaktan daha ucuzdur.<\/li>\n<li>\u00c7ok y\u00f6nl\u00fc: K\u0131r \u00e7i\u00e7e\u011fi yeti\u015ftirme kitleri ev bah\u00e7eleri, restorasyon projeleri ve e\u011fitim ortamlar\u0131 dahil olmak \u00fczere \u00e7e\u015fitli ortamlarda kullan\u0131labilir.<\/li>\n<li>Yaban Hayat\u0131 Habitat\u0131: K\u0131r \u00e7i\u00e7ekleri ar\u0131lar, kelebekler, ku\u015flar ve di\u011fer faydal\u0131 b\u00f6cekler gibi \u00e7e\u015fitli yaban hayat\u0131 t\u00fcrlerini kendine \u00e7eker.<\/li>\n<\/ol>\n<h3 style=\"list-style-type: revert;font-size: 19px\">K\u0131r \u00c7i\u00e7e\u011fi Yeti\u015ftirme Kiti Kullanma Ad\u0131mlar\u0131<\/h3>\n<p style=\"list-style-type: revert\">K\u0131r \u00e7i\u00e7e\u011fi yeti\u015ftirme kiti kullanmak, ye\u015fil bir parma\u011f\u0131 olmayanlar i\u00e7in bile \u015fa\u015f\u0131rt\u0131c\u0131 derecede kolayd\u0131r. \u0130lk ad\u0131m, kitin \u00fczerindeki talimatlara g\u00f6re yeti\u015ftirme ortam\u0131n\u0131 haz\u0131rlamakt\u0131r. Bu, tipik olarak hindistan cevizi veya turba topaklar\u0131n\u0131n bir kaseye yerle\u015ftirilmesini ve belirli miktarda \u0131l\u0131k su eklenmesini i\u00e7erir. Peletler suyu emecek ve gev\u015fek, zengin bir yeti\u015ftirme ortam\u0131na d\u00f6n\u00fc\u015fecektir.<\/p>\n<p style=\"list-style-type: revert\">Bir sonraki ad\u0131m, biyolojik olarak par\u00e7alanabilen saks\u0131y\u0131 veya yeti\u015ftirme torbas\u0131n\u0131 haz\u0131rlanan yeti\u015ftirme ortam\u0131 ile doldurmakt\u0131r. Tohumlara yer a\u00e7mak ve tohumlar\u0131 sularken suyun ta\u015fmas\u0131n\u0131 \u00f6nlemek i\u00e7in saks\u0131 ya da po\u015fet a\u011f\u0131z kenar\u0131n\u0131n yakla\u015f\u0131k bir in\u00e7 alt\u0131na kadar doldurulmal\u0131d\u0131r. Saks\u0131 veya torba doldurulduktan sonra tohumlar\u0131 yeti\u015ftirme ortam\u0131n\u0131n y\u00fczeyine e\u015fit olarak yayabilirsiniz.<\/p>\n<p style=\"list-style-type: revert\">Tohumlar\u0131 yayd\u0131ktan sonra, parmaklar\u0131n\u0131zla hafif\u00e7e yeti\u015ftirme ortam\u0131na bast\u0131r\u0131n. Bu, \u00e7imlenme i\u00e7in \u00f6nemli olan tohumlar ve ortam aras\u0131nda iyi bir temas sa\u011flanmas\u0131na yard\u0131mc\u0131 olur. Ard\u0131ndan, tohumlar\u0131 hafif\u00e7e sulay\u0131n, y\u0131kamamaya veya yeti\u015ftirme ortam\u0131ndan \u00e7\u0131karmamaya dikkat edin. Son olarak, saks\u0131y\u0131 veya torbay\u0131 g\u00fcne\u015fli bir yere koyun ve k\u0131r \u00e7i\u00e7eklerinizin b\u00fcy\u00fcmesini bekleyin.<\/p>\n<h3 style=\"list-style-type: revert;font-size: 19px\">K\u0131r \u00c7i\u00e7e\u011fi Yeti\u015ftirme Kiti ile Ba\u015far\u0131l\u0131 B\u00fcy\u00fcme i\u00e7in En \u0130yi \u0130pu\u00e7lar\u0131<\/h3>\n<p style=\"list-style-type: revert\">Bir k\u0131r \u00e7i\u00e7e\u011fi yeti\u015ftirme kiti k\u0131r \u00e7i\u00e7e\u011fi yeti\u015ftirmeyi kolayla\u015ft\u0131rmak i\u00e7in tasarlanm\u0131\u015f olsa da, en iyi sonu\u00e7lar\u0131 elde etmenize yard\u0131mc\u0131 olabilecek birka\u00e7 ipucu vard\u0131r. \u00d6ncelikle, t\u00fcm bitkiler gibi k\u0131r \u00e7i\u00e7eklerinin de b\u00fcy\u00fcmek i\u00e7in \u0131\u015f\u0131\u011fa, suya ve besin maddelerine ihtiya\u00e7 duydu\u011funu unutmamak \u00f6nemlidir. Kitinizi bol g\u00fcne\u015f \u0131\u015f\u0131\u011f\u0131 alaca\u011f\u0131 bir yere yerle\u015ftirdi\u011finizden emin olun.<\/p>\n<p style=\"list-style-type: revert\">Sulama da \u00e7ok \u00f6nemlidir, ancak a\u015f\u0131r\u0131ya ka\u00e7mamak \u00f6nemlidir. \u00c7ok fazla su, tohumlar\u0131n \u00e7imlenme \u015fans\u0131 bulamadan \u00e7\u00fcr\u00fcmesine neden olabilir. Bunun yerine, yeti\u015ftirme ortam\u0131n\u0131 nemli tutmay\u0131, ancak su ile t\u0131kanmamas\u0131n\u0131 hedefleyin. Bir kerede \u00e7ok fazla su vermek yerine tohumlar\u0131 hafif\u00e7e ama s\u0131k s\u0131k sulamak iyi bir kurald\u0131r.<\/p>\n<p style=\"list-style-type: revert\">K\u0131r \u00e7i\u00e7e\u011fi yeti\u015ftirme kitiyle ba\u015far\u0131l\u0131 bir b\u00fcy\u00fcme i\u00e7in bir ba\u015fka ipucu da sab\u0131rl\u0131 olmakt\u0131r. K\u0131r \u00e7i\u00e7ekleri h\u0131zl\u0131 b\u00fcy\u00fcyen sebzeler veya y\u0131ll\u0131k \u00e7i\u00e7ekler gibi de\u011fildir; b\u00fcy\u00fcmeleri ve \u00e7i\u00e7ek a\u00e7malar\u0131 zaman al\u0131r. Ancak, sonunda o ilk \u00e7i\u00e7ekleri g\u00f6rd\u00fc\u011f\u00fcn\u00fczde bekledi\u011finize de\u011fecektir.<\/p>\n<h3 style=\"list-style-type: revert;font-size: 19px\">K\u0131r \u00c7i\u00e7e\u011fi Yeti\u015ftirme Kitinizin Y\u00f6netimi ve Bak\u0131m\u0131<\/h3>\n<p style=\"list-style-type: revert\">K\u0131r \u00e7i\u00e7ekleriniz b\u00fcy\u00fcmeye ba\u015flad\u0131ktan sonra, tam potansiyellerine ula\u015fmalar\u0131n\u0131 sa\u011flamak i\u00e7in onlara bakmaya devam etmek \u00f6nemlidir. Bu, d\u00fczenli sulamay\u0131, yeterli \u0131\u015f\u0131k almaya devam etmelerini sa\u011flamay\u0131 ve hatta orijinal kaplar\u0131n\u0131 a\u015ft\u0131klar\u0131nda onlar\u0131 daha b\u00fcy\u00fck bir saks\u0131ya veya bah\u00e7eye ta\u015f\u0131may\u0131 i\u00e7erir.<\/p>\n<p style=\"list-style-type: revert\">K\u0131r \u00e7i\u00e7eklerinizi i\u00e7eride yeti\u015ftiriyorsan\u0131z, bitkilerin her taraf\u0131n\u0131n yeterli \u0131\u015f\u0131k almas\u0131n\u0131 sa\u011flamak i\u00e7in saks\u0131y\u0131 veya yeti\u015ftirme torbas\u0131n\u0131 d\u00fczenli olarak \u00e7evirmeniz gerekebilir. D\u0131\u015far\u0131da yeti\u015ftiriyorsan\u0131z, onlar\u0131 sert hava ko\u015fullar\u0131ndan veya ha\u015ferelerden koruman\u0131z gerekebilir. Basit bir kaz\u0131k ve a\u011f sistemi, k\u0131r \u00e7i\u00e7eklerinizi r\u00fczg\u00e2rdan zarar g\u00f6rmekten veya b\u00f6cekler taraf\u0131ndan yenilmekten korumaya yard\u0131mc\u0131 olabilir.<\/p>\n<p style=\"list-style-type: revert\">Son olarak, k\u0131r \u00e7i\u00e7ekleri genellikle dayan\u0131kl\u0131 olsalar ve di\u011fer bir\u00e7ok bitki t\u00fcr\u00fcne g\u00f6re daha az bak\u0131m gerektirseler de, yine de biraz ekstra bak\u0131mdan faydalanabilirler. Dengeli bir g\u00fcbrenin hafif bir uygulamas\u0131, k\u0131r \u00e7i\u00e7eklerinize b\u00fcy\u00fcmeye ve g\u00fczel \u00e7i\u00e7ek a\u00e7maya devam etmeleri i\u00e7in ihtiya\u00e7 duyduklar\u0131 besinleri sa\u011flayabilir. Ancak, a\u015f\u0131r\u0131 g\u00fcbreleme yapmamaya dikkat edin, \u00e7\u00fcnk\u00fc bu yarardan \u00e7ok zarara neden olabilir.<\/p>","protected":false},"excerpt":{"rendered":"<p>Haz\u0131rlanm\u0131\u015f 24 adet Yabani \u00e7i\u00e7ek tohumu Kiti: \u00c7ok kolay - tohumlardan Yabani \u00e7i\u00e7ek yeti\u015ftirmenin tahminlerini ortadan kald\u0131r\u0131yor, her ad\u0131mda size rehberlik ediyoruz. Yabani \u00e7i\u00e7e\u011fin ne\u015fesini sizin veya sevdiklerinizin hayat\u0131na getirmek i\u00e7in ihtiyac\u0131n\u0131z olan her \u015fey g\u00fczel bir paket \u00e7antada. Dikin!<\/p>\n<p>Bir k\u0131r \u00e7i\u00e7e\u011fi yeti\u015ftirme kiti genellikle bah\u00e7enizde veya a\u00e7\u0131k alan\u0131n\u0131zda \u00e7e\u015fitli k\u0131r \u00e7i\u00e7ekleri yeti\u015ftirmek i\u00e7in ihtiyac\u0131n\u0131z olan her \u015feyi i\u00e7erir. Kit, tohum, toprak ve kaplar\u0131n yan\u0131 s\u0131ra \u00e7i\u00e7eklerin nas\u0131l ba\u015far\u0131l\u0131 bir \u015fekilde yeti\u015ftirilece\u011fine dair talimatlar\u0131 da i\u00e7erebilir. Baz\u0131 kitler, k\u0131r \u00e7i\u00e7e\u011fi bah\u00e7enizden en iyi \u015fekilde yararlanman\u0131za yard\u0131mc\u0131 olmak i\u00e7in g\u00fcbre, mal\u00e7 veya di\u011fer aksesuarlar\u0131 da i\u00e7erebilir.<br \/>Bir k\u0131r \u00e7i\u00e7e\u011fi yeti\u015ftirme kiti se\u00e7erken, yeti\u015ftirmek istedi\u011finiz \u00e7i\u00e7ek t\u00fcrlerini ve b\u00f6lgenizdeki iklimi g\u00f6z \u00f6n\u00fcnde bulundurun. Baz\u0131 kitler belirli b\u00f6lgeler veya yeti\u015ftirme ko\u015fullar\u0131 i\u00e7in tasarlanm\u0131\u015ft\u0131r, bu nedenle se\u00e7ti\u011finiz kitin bulundu\u011funuz yere uygun oldu\u011fundan emin olun.<\/p><\/p>","protected":false},"featured_media":17797,"comment_status":"closed","ping_status":"closed","template":"","meta":[],"product_cat":[59],"product_tag":[316,762,766,764,758,755,756,760,757],"acf":[],"_links":{"self":[{"href":"https:\/\/www.garden-kit.com\/tr\/wp-json\/wp\/v2\/product\/4214"}],"collection":[{"href":"https:\/\/www.garden-kit.com\/tr\/wp-json\/wp\/v2\/product"}],"about":[{"href":"https:\/\/www.garden-kit.com\/tr\/wp-json\/wp\/v2\/types\/product"}],"replies":[{"embeddable":true,"href":"https:\/\/www.garden-kit.com\/tr\/wp-json\/wp\/v2\/comments?post=4214"}],"wp:featuredmedia":[{"embeddable":true,"href":"https:\/\/www.garden-kit.com\/tr\/wp-json\/wp\/v2\/media\/17797"}],"wp:attachment":[{"href":"https:\/\/www.garden-kit.com\/tr\/wp-json\/wp\/v2\/media?parent=4214"}],"wp:term":[{"taxonomy":"product_cat","embeddable":true,"href":"https:\/\/www.garden-kit.com\/tr\/wp-json\/wp\/v2\/product_cat?post=4214"},{"taxonomy":"product_tag","embeddable":true,"href":"https:\/\/www.garden-kit.com\/tr\/wp-json\/wp\/v2\/product_tag?post=4214"}],"curies":[{"name":"wp","href":"https:\/\/api.w.org\/{rel}","templated":true}]}}