{"id":4223,"date":"2022-10-19T15:30:56","date_gmt":"2022-10-19T07:30:56","guid":{"rendered":"https:\/\/www.garden-kit.com\/product\/wildflower-seeds-1-4-lb-bulk-perennial-wild-flower-seeds-mix\/"},"modified":"2024-03-07T10:19:00","modified_gmt":"2024-03-07T02:19:00","slug":"bulk-perennial-wild-flower-seeds-mix","status":"publish","type":"product","link":"https:\/\/www.garden-kit.com\/tr\/product\/bulk-perennial-wild-flower-seeds-mix\/","title":{"rendered":"K\u0131r \u00c7i\u00e7e\u011fi Tohumu Kartvizitleri"},"content":{"rendered":"<h3 style=\"font-size: 19px\">Genel Bak\u0131\u015f<\/h3>\n<table border=\"1\" cellspacing=\"0\" style=\"border-collapse: collapse;width: 100%;height: 273px\">\n<tbody>\n<tr style=\"height: 31px\">\n<td valign=\"top\" width=\"373\" style=\"width: 49.5352%;height: 31px\">\n<p><span style=\"font-family: 'PingFang SC', 'Microsoft YaHei', sans-serif;font-size: 16px\">\u00dcr\u00fcn Bak\u0131m Talimatlar\u0131<\/span><\/p>\n<\/td>\n<td valign=\"top\" width=\"373\" style=\"width: 49.5352%;height: 31px\">\n<p><span style=\"font-family: 'PingFang SC', 'Microsoft YaHei', sans-serif;font-size: 16px\">Mevcut<\/span><\/p>\n<\/td>\n<\/tr>\n<tr style=\"height: 35px\">\n<td valign=\"top\" width=\"373\" style=\"width: 49.5352%;height: 35px\">\n<p><span style=\"font-family: 'PingFang SC', 'Microsoft YaHei', sans-serif;font-size: 16px\">Bitki \u00dcr\u00fcn Tipi<\/span><\/p>\n<\/td>\n<td valign=\"top\" width=\"373\" style=\"width: 49.5352%;height: 35px\">\n<p style=\"line-height: 1.5\"><span style=\"font-family: 'PingFang SC', 'Microsoft YaHei', sans-serif;font-size: 16px\">K\u0131r \u00c7i\u00e7e\u011fi Tohumlar\u0131<\/span><\/p>\n<\/td>\n<\/tr>\n<tr style=\"height: 31px\">\n<td valign=\"top\" width=\"373\" style=\"width: 49.5352%;height: 31px\">\n<p><span style=\"font-family: 'PingFang SC', 'Microsoft YaHei', sans-serif;font-size: 16px\">\u00d6zel \u00f6zellik<\/span><\/p>\n<\/td>\n<td valign=\"top\" width=\"373\" style=\"width: 49.5352%;height: 31px\">\n<p><span style=\"font-family: 'PingFang SC', 'Microsoft YaHei', sans-serif;font-size: 16px\">Kapal\u0131-A\u00e7\u0131k Yeti\u015ftirme<\/span><\/p>\n<\/td>\n<\/tr>\n<tr style=\"height: 31px\">\n<td valign=\"top\" width=\"373\" style=\"width: 49.5352%;height: 31px\">\n<p><span style=\"font-family: 'PingFang SC', 'Microsoft YaHei', sans-serif;font-size: 16px\">Marka<\/span><\/p>\n<\/td>\n<td valign=\"top\" width=\"373\" style=\"width: 49.5352%;height: 31px\">\n<p><span style=\"font-family: 'PingFang SC', 'Microsoft YaHei', sans-serif;font-size: 16px\">Bah\u00e7e Seti<\/span><\/p>\n<\/td>\n<\/tr>\n<tr style=\"height: 31px\">\n<td valign=\"top\" width=\"373\" style=\"width: 49.5352%;height: 31px\">\n<p><span style=\"font-family: 'PingFang SC', 'Microsoft YaHei', sans-serif;font-size: 16px\">Anavatan<\/span><\/p>\n<\/td>\n<td valign=\"top\" width=\"373\" style=\"width: 49.5352%;height: 31px\">\n<p><span style=\"font-family: 'PingFang SC', 'Microsoft YaHei', sans-serif;font-size: 16px\">Fujian, \u00c7in<\/span><\/p>\n<\/td>\n<\/tr>\n<tr style=\"height: 31px\">\n<td valign=\"top\" width=\"373\" style=\"width: 49.5352%;height: 31px\">\n<p><span style=\"font-family: 'PingFang SC', 'Microsoft YaHei', sans-serif;font-size: 16px\">ODM\/OEM<\/span><\/p>\n<\/td>\n<td valign=\"top\" width=\"373\" style=\"width: 49.5352%;height: 31px\">\n<p><span style=\"font-family: 'PingFang SC', 'Microsoft YaHei', sans-serif;font-size: 16px\">Mevcut<\/span><\/p>\n<\/td>\n<\/tr>\n<tr style=\"height: 31px\">\n<td valign=\"top\" width=\"373\" style=\"width: 49.5352%;height: 31px\">\n<p><span style=\"font-family: 'PingFang SC', 'Microsoft YaHei', sans-serif;font-size: 16px\">\u00d6zelle\u015ftirilmi\u015f sipari\u015f i\u00e7in MOQ<\/span><\/p>\n<\/td>\n<td valign=\"top\" width=\"373\" style=\"width: 49.5352%;height: 31px\">\n<p><span style=\"font-family: 'PingFang SC', 'Microsoft YaHei', sans-serif;font-size: 16px\">3000 adet<\/span><\/p>\n<\/td>\n<\/tr>\n<tr style=\"height: 52px\">\n<td valign=\"top\" width=\"373\" style=\"width: 49.5352%;height: 52px\">\n<p><span style=\"font-family: 'PingFang SC', 'Microsoft YaHei', sans-serif;font-size: 16px\">\u00d6rnek maliyet<\/span><\/p>\n<\/td>\n<td valign=\"top\" width=\"373\" style=\"width: 49.5352%;height: 52px\">\n<p><span style=\"font-family: 'PingFang SC', 'Microsoft YaHei', sans-serif;font-size: 16px\">US$400\/\u00d6rnek, bizden sipari\u015f verdikten sonra tam iade<\/span><\/p>\n<\/td>\n<\/tr>\n<\/tbody>\n<\/table>\n<p style=\"line-height: 1.5\"><span style=\"font-family: 'PingFang SC', 'Microsoft YaHei', sans-serif;font-size: 16px\"><\/span><\/p>\n<p style=\"line-height: 1.5\"><span style=\"font-family: 'PingFang SC', 'Microsoft YaHei', sans-serif;font-size: 16px\">Dikim zaman\u0131yla ilgili bir di\u011fer husus da \u00e7i\u00e7ek tohumunun t\u00fcr\u00fcd\u00fcr. \u00d6rne\u011fin, \u00e7ok y\u0131ll\u0131k \u00e7e\u015fitler y\u0131l\u0131n b\u00fcy\u00fck b\u00f6l\u00fcm\u00fcnde ekilebilir, sadece istedi\u011finiz zaman \u00e7imlenip \u00e7i\u00e7ek a\u00e7mazlar. \u00c7ok y\u0131ll\u0131k \u00e7e\u015fitlerin \u00e7o\u011fu \u00e7i\u00e7eklenmeden \u00f6nce bir k\u0131\u015fa ihtiya\u00e7 duyar. Tek y\u0131ll\u0131k \u00e7e\u015fitler ise \u00e7abuk b\u00fcy\u00fcr, \u00e7i\u00e7ek a\u00e7ar ve dondan \u00f6nce \u00f6l\u00fcr. Yani, tek y\u0131ll\u0131klar\u0131 yaz ortas\u0131nda ekerseniz, hava b\u00fcy\u00fcmek i\u00e7in m\u00fckemmel olsa bile, beraberinde gelen donlar nedeniyle \u00e7ok fazla \u00e7i\u00e7ek g\u00f6remezsiniz. Sonbahar ekimi, ilkbahar ekimi veya erken yaz ekimi fark etmeksizin kombinasyon \u00fcr\u00fcnleri (hem tek y\u0131ll\u0131k hem de \u00e7ok y\u0131ll\u0131k \u00e7e\u015fitler dahil) ekerseniz, tek y\u0131ll\u0131k \u00e7e\u015fitler ayn\u0131 y\u0131l \u00e7i\u00e7ek a\u00e7acak, ikinci y\u0131l ise \u00e7ok y\u0131ll\u0131k \u00e7e\u015fitler ve g\u00fc\u00e7l\u00fc kendi kendine tohumlama kabiliyetine sahip tek y\u0131ll\u0131k \u00e7e\u015fitlerin sundu\u011fu peyzaj etkisi olacakt\u0131r.<\/span><\/p>\n<p style=\"line-height: 1.5\"><span style=\"font-family: 'PingFang SC', 'Microsoft YaHei', sans-serif;font-size: 16px\"><\/span><\/p>\n<p style=\"line-height: 1.5\"><span style=\"font-family: 'PingFang SC', 'Microsoft YaHei', sans-serif;font-size: 16px\">Haz\u0131rlanm\u0131\u015f 18 par\u00e7al\u0131 Yaban \u00c7i\u00e7e\u011fi tohumlar\u0131 Kiti: \u00c7ok kolay - tohumlardan Yaban \u00c7i\u00e7e\u011fi yeti\u015ftirmenin tahminlerini ortadan kald\u0131r\u0131yor, her ad\u0131mda size rehberlik ediyoruz. Wildflower'\u0131n ne\u015fesini sizin veya sevdiklerinizin hayat\u0131na katmak i\u00e7in ihtiyac\u0131n\u0131z olan her \u015fey g\u00fczel bir paket \u00e7antada. Dikin!<\/span><\/p>\n<p style=\"line-height: 1.5\"><span style=\"font-family: 'PingFang SC', 'Microsoft YaHei', sans-serif;font-size: 16px\">&nbsp;<\/span><\/p>\n<h3 style=\"font-size: 19px\">A\u015fa\u011f\u0131daki \u00f6\u011feler kit i\u00e7erisinde yer almaktad\u0131r.<\/h3>\n<p><span style=\"font-family: 'PingFang SC', 'Microsoft YaHei', sans-serif\"><span style=\"font-size: 16px\">18 \u00e7e\u015fit bitki tohumu; Shasta Papatyas\u0131, Siyah G\u00f6zl\u00fc Sardunya, Mavi Keten ve daha fazlas\u0131.<\/span><\/span><\/p>\n<p style=\"line-height: 1.5\"><span style=\"font-family: 'PingFang SC', 'Microsoft YaHei', sans-serif;font-size: 16px\">1 Ad\u0131m ad\u0131m ekim k\u0131lavuzu<\/span><\/p>\n<p style=\"line-height: 1.5\"><span style=\"font-family: 'PingFang SC', 'Microsoft YaHei', sans-serif;font-size: 16px\">1 \u00f6zelle\u015ftirilmi\u015f paket \u00e7antas\u0131<\/span><\/p>\n<p style=\"line-height: 1.5\"><span style=\"font-family: 'PingFang SC', 'Microsoft YaHei', sans-serif;font-size: 16px\">&nbsp;<\/span><\/p>\n<p style=\"line-height: 1.5\"><span style=\"font-family: 'PingFang SC', 'Microsoft YaHei', sans-serif;font-size: 16px\">4 oz Saf tohumlar, dolgu maddesi yok (di\u011fer markalardan 2 kat daha fazla) - di\u011fer k\u0131r \u00e7i\u00e7e\u011fi torbalar\u0131ndan farkl\u0131 olarak, size iki kat daha fazla tohum miktar\u0131 sa\u011fl\u0131yoruz. Her bir torba i\u00e7in, satt\u0131\u011f\u0131m\u0131z \u00fcr\u00fcnlerin arkas\u0131nda duruyoruz! Bu tohumlarla g\u00fczel bir bah\u00e7e yeti\u015ftirebilir ve canl\u0131 bir dizi farkl\u0131 \u00e7i\u00e7e\u011fin tad\u0131n\u0131 \u00e7\u0131karabilirsiniz.<\/span><\/p>\n<p style=\"line-height: 1.5\"><span style=\"font-family: 'PingFang SC', 'Microsoft YaHei', sans-serif;font-size: 16px\">&nbsp;<\/span><\/p>\n<p style=\"line-height: 1.5\"><span style=\"font-family: 'PingFang SC', 'Microsoft YaHei', sans-serif;font-size: 16px\">Ku\u015flar\u0131 ve ar\u0131lar\u0131 evinize g\u00f6t\u00fcr\u00fcn - bu k\u0131r \u00e7i\u00e7ekleri kar\u0131\u015f\u0131m\u0131, bah\u00e7enize daha fazla hayat katmak i\u00e7in g\u00fczel kelebekleri ve di\u011fer tozlay\u0131c\u0131lar\u0131 getirmenizi sa\u011flar. Ar\u0131lar tam \u00e7i\u00e7ek a\u00e7m\u0131\u015f bu k\u0131r \u00e7i\u00e7eklerini sever!<\/span><\/p>\n<p style=\"line-height: 1.5\"><span style=\"font-family: 'PingFang SC', 'Microsoft YaHei', sans-serif;font-size: 16px\">&nbsp;<\/span><\/p>\n<p style=\"line-height: 1.5\"><span style=\"font-family: 'PingFang SC', 'Microsoft YaHei', sans-serif;font-size: 16px\">18 \u00e7e\u015fit - h\u0131zl\u0131 \u00e7imlenme - t\u00fcm mevsim yeti\u015fme - bu k\u0131r \u00e7i\u00e7e\u011findeki \u00e7e\u015fitlilik sizi hayal k\u0131r\u0131kl\u0131\u011f\u0131na u\u011fratmayacak. 18 benzersiz k\u0131r \u00e7i\u00e7e\u011fi \u00e7e\u015fidi ile harika bir renk ve \u00e7i\u00e7ek t\u00fcr\u00fc kar\u0131\u015f\u0131m\u0131 elde edeceksiniz. \u0130yi bir bah\u00e7e hediyesi veya parti hediyesidir.<\/span><\/p>\n<p style=\"line-height: 1.5\"><span style=\"font-family: 'PingFang SC', 'Microsoft YaHei', sans-serif;font-size: 16px\">&nbsp;<\/span><\/p>\n<p style=\"line-height: 1.5\"><span style=\"font-family: 'PingFang SC', 'Microsoft YaHei', sans-serif;font-size: 16px\">G\u00fczel bir bah\u00e7e dikin - bu kar\u0131\u015f\u0131k \u00e7ok y\u0131ll\u0131k \u00e7i\u00e7ek tohumlar\u0131 yakla\u015f\u0131k 24 - 36 \"boyunda b\u00fcy\u00fcyecek ve yakla\u015f\u0131k 400 fit karelik bir alan\u0131 kaplayacakt\u0131r. G\u00fczel k\u0131r \u00e7i\u00e7eklerinin tad\u0131n\u0131 \u00e7\u0131kar\u0131n ve b\u00fcy\u00fcmelerini izleyin.<\/span><\/p>\n<p style=\"line-height: 1.5\"><span style=\"font-family: 'PingFang SC', 'Microsoft YaHei', sans-serif;font-size: 16px\">&nbsp;<\/span><\/p>\n<p style=\"line-height: 1.5\"><span style=\"font-family: 'PingFang SC', 'Microsoft YaHei', sans-serif\"><span style=\"font-size: 16px\">G\u00fczellik i\u00e7in sab\u0131rla bekleyin - biraz su ve bir s\u00fcre oldu\u011fu s\u00fcrece, bu k\u00fc\u00e7\u00fck tohumlar muhte\u015fem k\u0131r \u00e7i\u00e7eklerine d\u00f6n\u00fc\u015fecektir. Sat\u0131n alma i\u015fleminizden memnun olmama ihtimaliniz varsa, l\u00fctfen bizimle ileti\u015fime ge\u00e7in ve bunu d\u00fczeltece\u011fiz.<\/span><span style=\"font-size: 16px\"><\/span><\/span><\/p>\n<p style=\"line-height: 1.5\"><span style=\"font-family: 'PingFang SC', 'Microsoft YaHei', sans-serif;font-size: 16px\"><\/span><\/p>\n<p style=\"line-height: 1.5\"><span style=\"font-family: 'PingFang SC', 'Microsoft YaHei', sans-serif;font-size: 16px\">Birbirinden g\u00fczel \u00e7ok y\u0131ll\u0131k k\u0131r \u00e7i\u00e7e\u011fi tohumlar\u0131ndan olu\u015fan portf\u00f6y\u00fcm\u00fcz size kal\u0131c\u0131 do\u011fan\u0131n g\u00fczelli\u011fini getirecek. Y\u0131ldan y\u0131la b\u00fcy\u00fcyen \u00e7ok y\u0131ll\u0131k k\u0131r \u00e7i\u00e7ekleri, ku\u015flar\u0131, ar\u0131lar\u0131 ve kelebekleri \u00e7ekmek i\u00e7in \u00e7imler ve bah\u00e7eler i\u00e7in m\u00fckemmeldir. Renkli kar\u0131\u015f\u0131m\u0131m\u0131zda ac\u0131 bakla, ekinezya, erguvan ve daha fazlas\u0131n\u0131 i\u00e7eren 15 uzun \u00f6m\u00fcrl\u00fc ve iki y\u0131ll\u0131k bitki bulunmaktad\u0131r. D\u00f6rt y\u0131ll\u0131k \u00e7e\u015fit, uzun \u00f6m\u00fcrl\u00fc bitkiler olgunla\u015f\u0131rken ilk sezonda renk sa\u011flar. T\u00fcm tohumlar\u0131m\u0131z GDO'suzdur, neonikotinoid i\u00e7ermez, 100% safl\u0131\u011f\u0131ndad\u0131r ve b\u00fcy\u00fcme garantilidir.<\/span><\/p>\n<p style=\"line-height: 1.5\"><span style=\"font-family: 'PingFang SC', 'Microsoft YaHei', sans-serif;font-size: 16px\"><\/span><\/p>\n<p><span style=\"font-family: 'PingFang SC', 'Microsoft YaHei', sans-serif\">Su y\u00f6netimi, k\u0131r \u00e7i\u00e7eklerinin yeti\u015ftirilmesinde ve bak\u0131m\u0131nda kilit bir fakt\u00f6rd\u00fcr.<\/span><\/p>\n<p><span style=\"font-family: 'PingFang SC', 'Microsoft YaHei', sans-serif\">\u2460 Sulama tohumlar ekildikten sonra ba\u015flar. Prensip olarak, erken \u00e7imlenme ve fidelerin erken b\u00fcy\u00fcmesi s\u0131ras\u0131nda, toprak tabakas\u0131n\u0131 yakla\u015f\u0131k 10 cm nemli tutmak i\u00e7in g\u00fcnde 1-2 kez su p\u00fcsk\u00fcrt\u00fcn. Su kayna\u011f\u0131n\u0131 asla yar\u0131da kesmeyin.<\/span><\/p>\n<p><span style=\"font-family: 'PingFang SC', 'Microsoft YaHei', sans-serif\">\u2461 Fideler b\u00fcy\u00fcd\u00fckten sonra sulama miktar\u0131n\u0131 kademeli olarak azalt\u0131n. Ancak bir ayl\u0131k fide b\u00fcy\u00fcme d\u00f6nemi boyunca yeterli su temini sa\u011flanmal\u0131d\u0131r. S\u0131cak yaz aylar\u0131nda, g\u00f6k g\u00fcr\u00fclt\u00fcs\u00fc 10 mm'ye kadar nem kayna\u011f\u0131na ihtiya\u00e7 duyar.<\/span><\/p>\n<p><span style=\"font-family: 'PingFang SC', 'Microsoft YaHei', sans-serif\">Yabani ot kontrol\u00fc<\/span><\/p>\n<p><span style=\"font-family: 'PingFang SC', 'Microsoft YaHei', sans-serif\">\u2460 Fidelerin b\u00fcy\u00fcmesine g\u00f6re yabanc\u0131 ot temizli\u011fi ve fide seyreltme i\u015flemlerine genellikle bir ay sonra ba\u015flan\u0131r. Bu d\u00f6nemde yabani otlar ile \u00e7i\u00e7ek fidelerinin ayr\u0131m\u0131na dikkat etmeliyiz. E\u011fer iyi ay\u0131rt edemiyorsan\u0131z yerinde profesyonel firmalara dan\u0131\u015fmal\u0131, aksi takdirde yabani otlar\u0131 temizlemek i\u00e7in acele etmemelisiniz.<\/span><\/p>\n<p><span style=\"font-family: 'PingFang SC', 'Microsoft YaHei', sans-serif\">\u2461 B\u00fcy\u00fcme d\u00f6neminde, yabani otlar\u0131n ayda bir kez temizlenmesi, k\u0131r \u00e7i\u00e7e\u011fi kombinasyonunun planland\u0131\u011f\u0131 gibi \u00e7i\u00e7ek a\u00e7mas\u0131n\u0131 ve genel performans\u0131n iyi olmas\u0131n\u0131 sa\u011flamak i\u00e7in \u00f6nemli bir ko\u015fuldur.<\/span><\/p>\n<p><span style=\"font-family: 'PingFang SC', 'Microsoft YaHei', sans-serif\">\u2462 Yabanc\u0131 ot kontrol\u00fcn\u00fcn iki ad\u0131mda yap\u0131lmas\u0131 tavsiye edilir. \u0130lk olarak, g\u00f6lgeli b\u00fcy\u00fcmeyi te\u015fvik etmek i\u00e7in ekim ve dikimden \u00f6nce sulay\u0131n, t\u0131rm\u0131kla temizleyin veya herbisit vb. uygulay\u0131n; ikinci olarak, yay\u0131lmay\u0131 \u00f6nlemek i\u00e7in \u00e7i\u00e7ek tohumlar\u0131n\u0131n g\u00f6lgeli oldu\u011fu zamanlarda yabani otlar\u0131 temizleyin.<span style=\"font-size: 16px\"><\/span><\/span><\/p>\n<p><span style=\"font-family: 'PingFang SC', 'Microsoft YaHei', sans-serif\"><\/span><\/p>\n<p>G\u00fcn\u00fcm\u00fcz d\u00fcnyas\u0131nda i\u015fletmeler, \u00fcr\u00fcn veya hizmetlerini tan\u0131t\u0131rken ayn\u0131 zamanda \u00e7evreye duyarl\u0131 olman\u0131n yollar\u0131n\u0131 giderek daha fazla ar\u0131yor. K\u0131r \u00e7i\u00e7e\u011fi tohumlu kartvizitler bu zorlu\u011fa benzersiz ve s\u00fcrd\u00fcr\u00fclebilir bir \u00e7\u00f6z\u00fcm sunuyor.<\/p>\n<h3 style=\"font-size: 19px\">K\u0131r \u00c7i\u00e7e\u011fi Tohumu Kartviziti Nedir?<\/h3>\n<p>K\u0131r \u00e7i\u00e7e\u011fi tohumlu kartvizitler, ka\u011f\u0131da g\u00f6m\u00fcl\u00fc tohumlar i\u00e7eren bir kartvizit t\u00fcr\u00fcd\u00fcr. Ekildiklerinde k\u0131r \u00e7i\u00e7eklerine d\u00f6n\u00fc\u015febilen bu kartvizitler, i\u015fletmenizi tan\u0131tman\u0131n \u00e7evre dostu ve ak\u0131lda kal\u0131c\u0131 bir yoludur.<\/p>\n<h3 style=\"font-size: 19px\">Neden K\u0131r \u00c7i\u00e7e\u011fi Tohumu Kartvizitlerini Se\u00e7melisiniz?<\/h3>\n<p>1. S\u00fcrd\u00fcr\u00fclebilir<br \/>K\u0131r \u00e7i\u00e7e\u011fi tohumlu kartvizit, \u00e7evresel etkilerini azaltmak isteyen i\u015fletmeler i\u00e7in m\u00fckemmel bir se\u00e7imdir. Kullan\u0131ld\u0131ktan sonra genellikle at\u0131lan geleneksel kartvizitlerin aksine, k\u0131r \u00e7i\u00e7e\u011fi tohumlu kartvizitler ekilebilir ve g\u00fczel \u00e7i\u00e7eklere d\u00f6n\u00fc\u015febilir. Bu sadece at\u0131klar\u0131n azalt\u0131lmas\u0131na yard\u0131mc\u0131 olmakla kalmaz, ayn\u0131 zamanda biyo\u00e7e\u015fitlili\u011fi te\u015fvik eder ve yerel ekosistemi destekler.<\/p>\n<p>2. Benzersiz<br \/>K\u0131r \u00e7i\u00e7e\u011fi tohumu kartvizitlerinin potansiyel m\u00fc\u015fteriler \u00fczerinde kal\u0131c\u0131 bir etki b\u0131rakaca\u011f\u0131ndan emin olabilirsiniz. Markan\u0131z\u0131 sergilemek ve rakiplerinizin aras\u0131ndan s\u0131yr\u0131lmak i\u00e7in benzersiz ve yarat\u0131c\u0131 bir yol sunarlar. Ayr\u0131ca, i\u015fletmenizin yenilik\u00e7i oldu\u011funu ve \u00e7evreye \u00f6nem verdi\u011fini g\u00f6sterirler.<\/p>\n<p>3. Uygun fiyatl\u0131<br \/>Bir\u00e7ok faydas\u0131na ra\u011fmen, k\u0131r \u00e7i\u00e7e\u011fi tohumu kartviziti \u015fa\u015f\u0131rt\u0131c\u0131 derecede ekonomiktir. \u00c7e\u015fitli boyut ve \u015fekillerde mevcuttur ve logonuz veya tasar\u0131m\u0131n\u0131zla \u00f6zelle\u015ftirilebilirler. Bu da onlar\u0131 her b\u00fcy\u00fckl\u00fckteki i\u015fletme i\u00e7in cazip bir se\u00e7enek haline getirir.<\/p>\n<h3 style=\"font-size: 19px\">K\u0131r \u00c7i\u00e7e\u011fi Tohumu Kartvizitleri Nas\u0131l \u00c7al\u0131\u015f\u0131r?<\/h3>\n<p>K\u0131r \u00e7i\u00e7e\u011fi tohumlu kartvizitler, k\u0131r \u00e7i\u00e7e\u011fi tohumlar\u0131yla a\u015f\u0131lanm\u0131\u015f geri d\u00f6n\u00fc\u015ft\u00fcr\u00fclm\u00fc\u015f ka\u011f\u0131t kullan\u0131larak yap\u0131l\u0131r. Kullan\u0131lan tohumlar genellikle i\u015fletmenin markas\u0131na veya konumuna uygun olarak se\u00e7ilir. \u00d6rne\u011fin, bir \u00e7i\u00e7ek\u00e7i \u00e7e\u015fitli renkli \u00e7i\u00e7ek tohumlar\u0131 kullanmay\u0131 tercih edebilirken, \u00e7\u00f6l b\u00f6lgesinde bulunan bir i\u015fletme kurakl\u0131\u011fa dayan\u0131kl\u0131 tohumlar\u0131 tercih edebilir.<\/p>\n<p>Da\u011f\u0131t\u0131ld\u0131\u011f\u0131nda, al\u0131c\u0131lar kart\u0131n tamam\u0131n\u0131 ekebilir ya da k\u00fc\u00e7\u00fck bir par\u00e7as\u0131n\u0131 kopar\u0131p ekebilir. Ekimden sonra tohumlar filizlenip g\u00fczel k\u0131r \u00e7i\u00e7eklerine d\u00f6n\u00fc\u015fecek ve i\u015fletmenizin kal\u0131c\u0131 bir hat\u0131rlat\u0131c\u0131s\u0131 olacakt\u0131r.<\/p>\n<h3 style=\"font-size: 19px\">K\u0131r \u00c7i\u00e7e\u011fi Tohumu Kartvizitlerini Kullanmak \u0130\u00e7in \u0130pu\u00e7lar\u0131<\/h3>\n<p>1. Do\u011fru tohumlar\u0131 se\u00e7in<br \/>K\u0131r \u00e7i\u00e7e\u011fi tohumu kartvizitleriniz i\u00e7in tohum se\u00e7erken, bulundu\u011funuz yere ve iklime uygun tohumlar\u0131 se\u00e7meniz \u00f6nemlidir. Bu, \u00e7i\u00e7eklerin ba\u015far\u0131l\u0131 bir \u015fekilde b\u00fcy\u00fcmesini ve en iyi \u015fekilde g\u00f6r\u00fcnmesini sa\u011flayacakt\u0131r.<\/p>\n<p>2. Y\u00fcksek kaliteli ka\u011f\u0131t kullan\u0131n<br \/>Kullan\u0131lan ka\u011f\u0131d\u0131n kalitesi tohumlar\u0131n b\u00fcy\u00fcmesini etkileyebilir. Bu ama\u00e7 i\u00e7in \u00f6zel olarak tasarlanm\u0131\u015f y\u00fcksek kaliteli ka\u011f\u0131t kullanmak \u00e7ok \u00f6nemlidir.<\/p>\n<p>3. Dikim talimatlar\u0131n\u0131 ekleyin<br \/>K\u0131r \u00e7i\u00e7e\u011fi tohumu kartvizitlerinize ekim talimatlar\u0131n\u0131 ekledi\u011finizden emin olun. Bu, al\u0131c\u0131lar\u0131n tohumlar\u0131 tam olarak nas\u0131l ekeceklerini bilmelerine ve sa\u011fl\u0131kl\u0131 bitkilere d\u00f6n\u00fc\u015fmelerini sa\u011flamalar\u0131na yard\u0131mc\u0131 olacakt\u0131r.<\/p>\n<p>4. Stratejik olarak da\u011f\u0131t\u0131n<br \/>K\u0131r \u00e7i\u00e7e\u011fi tohumu kartvizitlerinizden en iyi \u015fekilde yararlanmak i\u00e7in bunlar\u0131 stratejik olarak da\u011f\u0131t\u0131n. Bunlar\u0131 ticari fuarlarda veya potansiyel m\u00fc\u015fterilerin bulunabilece\u011fi etkinliklerde da\u011f\u0131tmay\u0131 d\u00fc\u015f\u00fcn\u00fcn. Ayr\u0131ca bunlar\u0131 postalara veya bir promosyon paketinin par\u00e7as\u0131 olarak da ekleyebilirsiniz.<\/p><\/p>","protected":false},"excerpt":{"rendered":"<p><span style=\"font-family: 'PingFang SC', 'Microsoft YaHei', sans-serif\">Haz\u0131rlanan 18 par\u00e7al\u0131 Yabani \u00e7i\u00e7ek tohumlar\u0131 Kiti: \u00c7ok kolay; tohumlardan yabani \u00e7i\u00e7ek yeti\u015ftirme konusunda tahminleri ortadan kald\u0131r\u0131yoruz ve size yolun her ad\u0131m\u0131nda rehberlik ediyoruz. K\u0131r \u00e7i\u00e7e\u011finin ne\u015fesini sizin veya sevdi\u011finizin hayat\u0131na ta\u015f\u0131mak i\u00e7in ihtiyac\u0131n\u0131z olan her \u015fey g\u00fczel bir paket \u00e7antada. Dik!<\/span><\/p>\n<p><span style=\"font-family: 'PingFang SC', 'Microsoft YaHei', sans-serif\">K\u0131r \u00e7i\u00e7e\u011fi tohumu kartvizitleri, ka\u011f\u0131da g\u00f6m\u00fcl\u00fc tohumlar i\u00e7eren kartvizitler i\u00e7in benzersiz ve \u00e7evre dostu bir se\u00e7enektir. Bu kartlar ekildi\u011finde yabani \u00e7i\u00e7eklere d\u00f6n\u00fc\u015febilir ve bu da onlar\u0131 i\u015fletmenizi tan\u0131tman\u0131n s\u00fcrd\u00fcr\u00fclebilir ve ak\u0131lda kal\u0131c\u0131 bir yolu haline getirir.<\/span><\/p><\/p>","protected":false},"featured_media":17955,"comment_status":"closed","ping_status":"closed","template":"","meta":[],"product_cat":[59],"product_tag":[833,835,378,379,380,382,381,834,832,377],"acf":[],"_links":{"self":[{"href":"https:\/\/www.garden-kit.com\/tr\/wp-json\/wp\/v2\/product\/4223"}],"collection":[{"href":"https:\/\/www.garden-kit.com\/tr\/wp-json\/wp\/v2\/product"}],"about":[{"href":"https:\/\/www.garden-kit.com\/tr\/wp-json\/wp\/v2\/types\/product"}],"replies":[{"embeddable":true,"href":"https:\/\/www.garden-kit.com\/tr\/wp-json\/wp\/v2\/comments?post=4223"}],"wp:featuredmedia":[{"embeddable":true,"href":"https:\/\/www.garden-kit.com\/tr\/wp-json\/wp\/v2\/media\/17955"}],"wp:attachment":[{"href":"https:\/\/www.garden-kit.com\/tr\/wp-json\/wp\/v2\/media?parent=4223"}],"wp:term":[{"taxonomy":"product_cat","embeddable":true,"href":"https:\/\/www.garden-kit.com\/tr\/wp-json\/wp\/v2\/product_cat?post=4223"},{"taxonomy":"product_tag","embeddable":true,"href":"https:\/\/www.garden-kit.com\/tr\/wp-json\/wp\/v2\/product_tag?post=4223"}],"curies":[{"name":"wp","href":"https:\/\/api.w.org\/{rel}","templated":true}]}}