{"id":4247,"date":"2022-10-19T15:36:42","date_gmt":"2022-10-19T07:36:42","guid":{"rendered":"https:\/\/www.garden-kit.com\/product\/heirloom-8-tomato-seeds-and-2-basil-herb-seeds\/"},"modified":"2023-03-31T15:23:51","modified_gmt":"2023-03-31T07:23:51","slug":"heirloom-herb-seeds","status":"publish","type":"product","link":"https:\/\/www.garden-kit.com\/tr\/product\/heirloom-herb-seeds\/","title":{"rendered":"Yadigar\u0131 Bitki Tohumlar\u0131"},"content":{"rendered":"<h3 style=\"line-height: 1.5;font-size: 19px\"><span style=\"font-size: 16px;font-family: arial, helvetica, sans-serif\">Genel Bak\u0131\u015f<\/span><\/h3>\n<table border=\"1\" cellspacing=\"0\" style=\"border-collapse: collapse;width: 100%;height: 300px\">\n<tbody>\n<tr style=\"height: 31px\">\n<td valign=\"top\" width=\"373\" style=\"width: 49.5352%;height: 31px\">\n<p><span style=\"font-family: arial, helvetica, sans-serif;font-size: 16px\">\u00dcr\u00fcn Bak\u0131m Talimatlar\u0131<\/span><\/p>\n<\/td>\n<td valign=\"top\" width=\"373\" style=\"width: 49.5352%;height: 31px\">\n<p><span style=\"font-family: arial, helvetica, sans-serif;font-size: 16px\">Mevcut<\/span><\/p>\n<\/td>\n<\/tr>\n<tr style=\"height: 31px\">\n<td valign=\"top\" width=\"373\" style=\"width: 49.5352%;height: 31px\">\n<p><span style=\"font-family: arial, helvetica, sans-serif;font-size: 16px\">Bitki \u00dcr\u00fcn Tipi<\/span><\/p>\n<\/td>\n<td valign=\"top\" width=\"373\" style=\"width: 49.5352%;height: 31px\">\n<p><span style=\"font-family: arial, helvetica, sans-serif;font-size: 16px\">Domates &amp; Ot<\/span><\/p>\n<\/td>\n<\/tr>\n<tr style=\"height: 31px\">\n<td valign=\"top\" width=\"373\" style=\"width: 49.5352%;height: 31px\">\n<p><span style=\"font-family: arial, helvetica, sans-serif;font-size: 16px\">\u00d6zel \u00f6zellik<\/span><\/p>\n<\/td>\n<td valign=\"top\" width=\"373\" style=\"width: 49.5352%;height: 31px\">\n<p><span style=\"font-family: arial, helvetica, sans-serif;font-size: 16px\">Kapal\u0131-A\u00e7\u0131k Yeti\u015ftirme<\/span><\/p>\n<\/td>\n<\/tr>\n<tr style=\"height: 31px\">\n<td valign=\"top\" width=\"373\" style=\"width: 49.5352%;height: 31px\">\n<p><span style=\"font-family: arial, helvetica, sans-serif;font-size: 16px\">Marka<\/span><\/p>\n<\/td>\n<td valign=\"top\" width=\"373\" style=\"width: 49.5352%;height: 31px\">\n<p><span style=\"font-family: arial, helvetica, sans-serif;font-size: 16px\">Bah\u00e7e Seti<\/span><\/p>\n<\/td>\n<\/tr>\n<tr style=\"height: 31px\">\n<td valign=\"top\" width=\"373\" style=\"width: 49.5352%;height: 31px\">\n<p><span style=\"font-family: arial, helvetica, sans-serif;font-size: 16px\">Anavatan<\/span><\/p>\n<\/td>\n<td valign=\"top\" width=\"373\" style=\"width: 49.5352%;height: 31px\">\n<p><span style=\"font-family: arial, helvetica, sans-serif;font-size: 16px\">Fujian, \u00c7in<\/span><\/p>\n<\/td>\n<\/tr>\n<tr style=\"height: 31px\">\n<td valign=\"top\" width=\"373\" style=\"width: 49.5352%;height: 31px\">\n<p><span style=\"font-family: arial, helvetica, sans-serif;font-size: 16px\">ODM\/OEM<\/span><\/p>\n<\/td>\n<td valign=\"top\" width=\"373\" style=\"width: 49.5352%;height: 31px\">\n<p><span style=\"font-family: arial, helvetica, sans-serif;font-size: 16px\">Mevcut<\/span><\/p>\n<\/td>\n<\/tr>\n<tr style=\"height: 31px\">\n<td valign=\"top\" width=\"373\" style=\"width: 49.5352%;height: 31px\">\n<p><span style=\"font-family: arial, helvetica, sans-serif;font-size: 16px\">\u00d6zelle\u015ftirilmi\u015f sipari\u015f i\u00e7in MOQ<\/span><\/p>\n<\/td>\n<td valign=\"top\" width=\"373\" style=\"width: 49.5352%;height: 31px\">\n<p><span style=\"font-family: arial, helvetica, sans-serif;font-size: 16px\">3000 adet<\/span><\/p>\n<\/td>\n<\/tr>\n<tr style=\"height: 31px\">\n<td valign=\"top\" width=\"373\" style=\"width: 49.5352%;height: 31px\">\n<p><span style=\"font-family: arial, helvetica, sans-serif;font-size: 16px\">\u00d6rnek maliyet<\/span><\/p>\n<\/td>\n<td valign=\"top\" width=\"373\" style=\"width: 49.5352%;height: 31px\">\n<p><span style=\"font-family: arial, helvetica, sans-serif;font-size: 16px\">US$400\/\u00d6rnek, bizden sipari\u015f verdikten sonra tam iade<\/span><\/p>\n<\/td>\n<\/tr>\n<\/tbody>\n<\/table>\n<p style=\"line-height: 1.5\">\n<h3 style=\"line-height: 1.5;font-size: 19px\"><span style=\"font-size: 16px;font-family: arial, helvetica, sans-serif\">Tan\u0131m<\/span><\/h3>\n<p style=\"line-height: 1.5\"><span style=\"font-family: arial, helvetica, sans-serif;font-size: 16px\">Haz\u0131rlanm\u0131\u015f 22 par\u00e7al\u0131 Heirloom tohum Kiti: \u00c7ok kolay - tohumdan domates ve fesle\u011fen yeti\u015ftirmenin tahminlerini ortadan kald\u0131r\u0131yor, her ad\u0131mda size rehberlik ediyoruz. Domates ve Fesle\u011fen sevincini sizin veya sevdiklerinizin hayat\u0131na getirmek i\u00e7in ihtiyac\u0131n\u0131z olan her \u015fey g\u00fczel bir paket \u00e7antada. Dikin!<\/span><\/p>\n<p style=\"line-height: 1.5\"><span style=\"font-family: arial, helvetica, sans-serif;font-size: 16px\">&nbsp;<\/span><\/p>\n<p style=\"line-height: 1.5\"><span style=\"font-size: 16px;font-family: arial, helvetica, sans-serif\">A\u015fa\u011f\u0131daki \u00f6\u011feler kit i\u00e7erisinde yer almaktad\u0131r.<\/span><\/p>\n<p style=\"line-height: 1.5\"><span style=\"font-family: arial, helvetica, sans-serif;font-size: 16px\">1 kiraz domates tohumu paketi gibi 8 \u00e7e\u015fit domates tohumu. Domatesler: Amish Paste, Beefsteak, Black Krim, Cherokee Purple, Green Zebra, Roma, Large Cherry ve Yellow Plum Domates.<\/span><\/p>\n<p style=\"line-height: 1.5\"><span style=\"font-family: arial, helvetica, sans-serif;font-size: 16px\">2 \u00e7e\u015fit Fesle\u011fen: \u0130talyan Yass\u0131 Yaprak &amp; Tayland Fesle\u011feni<\/span><\/p>\n<p style=\"line-height: 1.5\"><span style=\"font-family: arial, helvetica, sans-serif;font-size: 16px\">10 bitki belirteci<\/span><\/p>\n<p style=\"line-height: 1.5\"><span style=\"font-family: arial, helvetica, sans-serif;font-size: 16px\">1 Ad\u0131m ad\u0131m ekim k\u0131lavuzu<\/span><\/p>\n<p style=\"line-height: 1.5\"><span style=\"font-family: arial, helvetica, sans-serif;font-size: 16px\">1 \u00f6zelle\u015ftirilmi\u015f paket \u00e7antas\u0131<\/span><\/p>\n<p style=\"line-height: 1.5\">\n<p style=\"line-height: 1.5\"><span style=\"font-family: arial, helvetica, sans-serif;font-size: 16px\">Heirloom - 8 \u00e7e\u015fit Domates Tohumu ve 10 Bitki \u0130\u015faretleyici ile 2 Fesle\u011fen \u00c7e\u015fidi - Paketimiz ev bah\u00e7ecili\u011fi i\u00e7in en iyi domatesleri ve fesle\u011fenleri i\u00e7erir. 1 kiraz domates tohumu paketi i\u00e7erir. Domatesler: Amish sos, biftek, siyah krema, Cherokee mor, ye\u015fil zebra, Roma, b\u00fcy\u00fck kiraz ve sar\u0131 erik domatesleri. Fesle\u011fen: \u0130talyan D\u00fcz Yaprakl\u0131 Fesle\u011fen ve Tay Fesle\u011feni<\/span><\/p>\n<p style=\"line-height: 1.5\">\n<p style=\"line-height: 1.5\"><span style=\"font-family: arial, helvetica, sans-serif;font-size: 16px\">GDO'suz Tohumlar - T\u00fcm tohumlar\u0131m\u0131z 100% GDO'suz, hibrit olmayan ve aile yadigar\u0131d\u0131r. Bu tohumlar i\u00e7 ve d\u0131\u015f bah\u00e7elerde iyi \u00e7al\u0131\u015f\u0131r. Onlar\u0131 tam boy yadig\u00e2r domatesler olarak yeti\u015ftirin.<\/span><\/p>\n<p style=\"line-height: 1.5\">\n<p style=\"line-height: 1.5\"><span style=\"font-family: arial, helvetica, sans-serif;font-size: 16px\">100% Amerikan Do\u011fal Yeti\u015ftirme ve Y\u00fcksek \u00c7imlenme Oran\u0131 - T\u00fcm tohumlar\u0131m\u0131z 95% \u00e7imlenme oran\u0131na sahiptir. Kendi yeme\u011finizi yeti\u015ftirin ve pestisit i\u00e7ermedi\u011finden ve tamamen do\u011fal oldu\u011fundan emin olun. Bu aile yadigar\u0131 tohumlar test edilmi\u015ftir ve en iyi kaliteden 100% eminiz.<\/span><\/p>\n<p style=\"line-height: 1.5\">\n<p style=\"line-height: 1.5\"><span style=\"font-family: arial, helvetica, sans-serif;font-size: 16px\">S\u00fcrd\u00fcr\u00fclebilir Ev Bah\u00e7ecili\u011fi - Domates tohumu ba\u015f\u0131na yakla\u015f\u0131k: 15\/20 fesle\u011fen - bu y\u0131l fazladan tohumlarla bereketli bir bah\u00e7eye sahip olun! Tohumlar\u0131m\u0131z bu sezon ve bir sonraki sezonda kullan\u0131lacak! Bu domates tohumlar\u0131 her t\u00fcrl\u00fc ev bah\u00e7\u0131van\u0131, a\u015f\u00e7\u0131 veya tiki i\u00e7in harikad\u0131r.<\/span><\/p>\n<p style=\"line-height: 1.5\">\n<p style=\"line-height: 1.5\"><span style=\"font-family: arial, helvetica, sans-serif;font-size: 16px\">Yeti\u015ftirme Talimatlar\u0131 Dahil - Her paketin i\u00e7ine bir Yeti\u015ftirme K\u0131lavuzu ekliyoruz. Hayat\u0131n\u0131zdaki bah\u00e7\u0131van i\u00e7in m\u00fckemmel bir hediye! Bu domates tohumlar\u0131 tam da onlar\u0131n istedi\u011fi \u015fey.<\/span><\/p>\n<p style=\"line-height: 1.5\">\n<h3 style=\"line-height: 1.5;font-size: 19px\"><span style=\"font-size: 16px;font-family: arial, helvetica, sans-serif\">Domates ve fesle\u011fen otu tohumlar\u0131n\u0131 se\u00e7mek i\u00e7in nedenler<\/span><\/h3>\n<p style=\"line-height: 1.5\"><span style=\"font-family: arial, helvetica, sans-serif;font-size: 16px\">Fesle\u011fenin yapraklar\u0131 oval ve sivri, \u00e7i\u00e7ekleri ise mor-beyazd\u0131r. Yapraklar\u0131 ve \u00e7i\u00e7ekleri dam\u0131t\u0131larak \u015feffaf ve renksiz bir u\u00e7ucu ya\u011f elde edilebilir. Kokusu karanfil ve \u00e7am i\u011fnelerinin birle\u015fimine \u00e7ok benzer. b\u00fcy\u00fck bir ailedir. Farkl\u0131 fesle\u011fen t\u00fcrleri, karakteristik veya benzersiz aromalar\u0131 nedeniyle adland\u0131r\u0131l\u0131r. Fesle\u011fenin \u00f6zel bir aroma profili vard\u0131r (genellikle karanfil benzeri bir aroma, ancak \u00e7e\u015fidine ba\u011fl\u0131 olarak hafif naneli, tatl\u0131 veya baharatl\u0131 da olabilir).<\/span><br \/><span style=\"font-family: arial, helvetica, sans-serif;font-size: 16px\">Gen\u00e7 yapraklar\u0131 yenilebilir ve \u00e7ay olarak da demlenebilir. Pizza, spagetti soslar\u0131, sosisler, \u00e7orbalar, domates soslar\u0131, \u00e7iseleyen soslar ve salatalar i\u00e7in sos olarak kullan\u0131n. Bir\u00e7ok \u0130talyan \u015fef pizza otlar\u0131 yerine fesle\u011fen kullan\u0131r. Ayr\u0131ca Tayland yemeklerinde de yayg\u0131n olarak kullan\u0131lan bir baharatt\u0131r. Kurutulmu\u015f fesle\u011fen 3 yemek ka\u015f\u0131\u011f\u0131 lavanta, nane, mercank\u00f6\u015fk ve limon mine \u00e7i\u00e7e\u011fi ile birle\u015ftirilerek s\u0131k\u0131\u015ft\u0131r\u0131lm\u0131\u015f bir bitki \u00e7ay\u0131 yap\u0131labilir.<\/span><\/p>\n<p style=\"line-height: 1.5\"><span style=\"font-family: arial, helvetica, sans-serif;font-size: 16px\">Fesle\u011fen domatesle harika bir uyum sa\u011flar ve yemek pi\u015firirken, \u00e7orba yaparken veya sos yaparken \u00e7ok e\u015fsiz bir lezzete sahiptir. Pizza, spagetti sosu, sosis, \u00e7orba, domates sosu ve salata sosu i\u00e7in kullan\u0131labilir. Fesle\u011fen ayr\u0131ca sosisli sandvi\u00e7, sosis, sos veya pizza soslar\u0131nda zengin bir lezzet i\u00e7in kekik, kekik ve ada\u00e7ay\u0131 ile birle\u015ftirilebilir.<\/span><\/p>\n<p style=\"line-height: 1.5\"><span style=\"font-family: arial, helvetica, sans-serif;font-size: 16px\"><\/span><\/p>\n<p style=\"line-height: 1.5\"><span style=\"font-family: arial, helvetica, sans-serif;font-size: 16px\">Domates, Solanaceae familyas\u0131ndan 0,6-2 metre y\u00fcksekli\u011finde tek y\u0131ll\u0131k bir bitkidir. G\u00f6vdeleri yatmaya e\u011filimlidir. Yapraklar pinnately bile\u015fik veya pinnately loblu, 10-40 cm uzunlu\u011funda, yaprak\u00e7\u0131klar son derece d\u00fczensizdir, genellikle 5-9 aras\u0131nda de\u011fi\u015fen boyutlarda, oval veya dikd\u00f6rtgen, 5-7 cm uzunlu\u011funda, kenarlarda veya \u015feritlerde d\u00fczensiz t\u0131rt\u0131klar vard\u0131r. Meyveler yass\u0131 veya k\u00fcremsi, etli ve sulu, turuncu veya parlak k\u0131rm\u0131z\u0131, p\u00fcr\u00fczs\u00fcz; tohumlar sar\u0131. \u00c7i\u00e7eklenme ve meyve verme mevsimleri yaz ve sonbahard\u0131r.<\/span><\/p>\n<p style=\"line-height: 1.5\"><span style=\"font-family: arial, helvetica, sans-serif;font-size: 16px\">Domates meyvesi besin a\u00e7\u0131s\u0131ndan zengindir ve \u00f6zel bir lezzete sahiptir. \u00c7i\u011f, pi\u015fmi\u015f, ket\u00e7ap, meyve suyu veya konserve olarak yenebilir. Beslenme uzmanlar\u0131n\u0131n ara\u015ft\u0131rma ve tespitlerine g\u00f6re: G\u00fcnde ki\u015fi ba\u015f\u0131na 50 gram ila 100 gram taze domates, insan v\u00fccudunun \u00e7e\u015fitli vitamin ve mineral ihtiyac\u0131n\u0131 kar\u015f\u0131layabilir. Domates, bakterileri inhibe etme etkisine sahip \"likopen\" i\u00e7erir; domatesin i\u00e7erdi\u011fi malik asit, sitrik asit ve \u015feker sindirime yard\u0131mc\u0131 olabilir. Domates besin a\u00e7\u0131s\u0131ndan zengindir ve sebzelerdeki sihirli meyveler olarak adland\u0131r\u0131lan bir\u00e7ok i\u015fleve sahiptir.<\/span><br \/><span style=\"font-family: arial, helvetica, sans-serif;font-size: 16px\"><\/span><\/p>\n<p style=\"line-height: 1.5\"><span style=\"font-family: arial, helvetica, sans-serif;font-size: 16px\">Domateste bulunan malik asit ve sitrik asit gibi organik asitler de mide suyunun asitli\u011fini art\u0131r\u0131r, sindirime yard\u0131mc\u0131 olur ve gastrointestinal fonksiyonu ayarlar. Domates, kolesterol seviyelerini d\u00fc\u015f\u00fcrebilen ve hiperlipidemi i\u00e7in \u00e7ok faydal\u0131 olan meyve asitleri i\u00e7erir. Domates A vitamini, C vitamini, B1 vitamini, B2 vitamini, karoten, kalsiyum, fosfor, potasyum, magnezyum, demir, \u00e7inko, bak\u0131r ve iyot ve di\u011fer elementlerin yan\u0131 s\u0131ra protein, karbonhidratlar, organik asitler ve sel\u00fcloz bak\u0131m\u0131ndan zengindir.<\/span><\/p><\/p>","protected":false},"excerpt":{"rendered":"<p>1 adet kiraz domates \u00e7ekirde\u011fi paketi gibi 8 \u00e7e\u015fit domates tohumu.<br \/>\n2 \u00e7e\u015fit Fesle\u011fen: \u0130talyan Yass\u0131 Yaprakl\u0131 ve Tay Fesle\u011fen<br \/>\n10 bitki belirteci<br \/>\n1 Ad\u0131m ad\u0131m ekim k\u0131lavuzu<br \/>\n1 \u00f6zelle\u015ftirilmi\u015f paket \u00e7antas\u0131<\/p>","protected":false},"featured_media":12657,"comment_status":"open","ping_status":"closed","template":"","meta":[],"product_cat":[59],"product_tag":[273,279,280,284,282,272,283,285,274,281],"acf":[],"_links":{"self":[{"href":"https:\/\/www.garden-kit.com\/tr\/wp-json\/wp\/v2\/product\/4247"}],"collection":[{"href":"https:\/\/www.garden-kit.com\/tr\/wp-json\/wp\/v2\/product"}],"about":[{"href":"https:\/\/www.garden-kit.com\/tr\/wp-json\/wp\/v2\/types\/product"}],"replies":[{"embeddable":true,"href":"https:\/\/www.garden-kit.com\/tr\/wp-json\/wp\/v2\/comments?post=4247"}],"wp:featuredmedia":[{"embeddable":true,"href":"https:\/\/www.garden-kit.com\/tr\/wp-json\/wp\/v2\/media\/12657"}],"wp:attachment":[{"href":"https:\/\/www.garden-kit.com\/tr\/wp-json\/wp\/v2\/media?parent=4247"}],"wp:term":[{"taxonomy":"product_cat","embeddable":true,"href":"https:\/\/www.garden-kit.com\/tr\/wp-json\/wp\/v2\/product_cat?post=4247"},{"taxonomy":"product_tag","embeddable":true,"href":"https:\/\/www.garden-kit.com\/tr\/wp-json\/wp\/v2\/product_tag?post=4247"}],"curies":[{"name":"wp","href":"https:\/\/api.w.org\/{rel}","templated":true}]}}