{"id":4255,"date":"2022-10-19T15:38:06","date_gmt":"2022-10-19T07:38:06","guid":{"rendered":"https:\/\/www.garden-kit.com\/product\/medicinal-herb-seeds-collection-6-heirloom-tea-seeds\/"},"modified":"2023-03-31T15:29:30","modified_gmt":"2023-03-31T07:29:30","slug":"medicinal-herb-seeds-collection","status":"publish","type":"product","link":"https:\/\/www.garden-kit.com\/tr\/product\/medicinal-herb-seeds-collection\/","title":{"rendered":"\u015eifal\u0131 Bitki Tohumlar\u0131 Koleksiyonu"},"content":{"rendered":"<h3 style=\"line-height: 1.5;font-size: 19px\"><span style=\"font-family: arial, helvetica, sans-serif;font-size: 16px\">Genel Bak\u0131\u015f<\/span><\/h3>\n<table border=\"1\" cellspacing=\"0\" style=\"border-collapse: collapse;width: 100%\">\n<tbody>\n<tr>\n<td valign=\"top\" width=\"373\">\n<p><span style=\"font-family: arial, helvetica, sans-serif;font-size: 16px\">\u00dcr\u00fcn Bak\u0131m Talimatlar\u0131<\/span><\/p>\n<\/td>\n<td valign=\"top\" width=\"373\">\n<p><span style=\"font-family: arial, helvetica, sans-serif;font-size: 16px\">Mevcut<\/span><\/p>\n<\/td>\n<\/tr>\n<tr>\n<td valign=\"top\" width=\"373\">\n<p><span style=\"font-family: arial, helvetica, sans-serif;font-size: 16px\">Bitki \u00dcr\u00fcn Tipi<\/span><\/p>\n<\/td>\n<td valign=\"top\" width=\"373\">\n<p><span style=\"font-family: arial, helvetica, sans-serif;font-size: 16px\">\u015eifal\u0131 Bitki<\/span><\/p>\n<\/td>\n<\/tr>\n<tr>\n<td valign=\"top\" width=\"373\">\n<p><span style=\"font-family: arial, helvetica, sans-serif;font-size: 16px\">\u00d6zel \u00f6zellik<\/span><\/p>\n<\/td>\n<td valign=\"top\" width=\"373\">\n<p><span style=\"font-family: arial, helvetica, sans-serif;font-size: 16px\">Kapal\u0131-A\u00e7\u0131k Yeti\u015ftirme<\/span><\/p>\n<\/td>\n<\/tr>\n<tr>\n<td valign=\"top\" width=\"373\">\n<p><span style=\"font-family: arial, helvetica, sans-serif;font-size: 16px\">Marka<\/span><\/p>\n<\/td>\n<td valign=\"top\" width=\"373\">\n<p><span style=\"font-family: arial, helvetica, sans-serif;font-size: 16px\">Bah\u00e7e Seti<\/span><\/p>\n<\/td>\n<\/tr>\n<tr>\n<td valign=\"top\" width=\"373\">\n<p><span style=\"font-family: arial, helvetica, sans-serif;font-size: 16px\">Anavatan<\/span><\/p>\n<\/td>\n<td valign=\"top\" width=\"373\">\n<p><span style=\"font-family: arial, helvetica, sans-serif;font-size: 16px\">Fujian, \u00c7in<\/span><\/p>\n<\/td>\n<\/tr>\n<tr>\n<td valign=\"top\" width=\"373\">\n<p><span style=\"font-family: arial, helvetica, sans-serif;font-size: 16px\">ODM\/OEM<\/span><\/p>\n<\/td>\n<td valign=\"top\" width=\"373\">\n<p><span style=\"font-family: arial, helvetica, sans-serif;font-size: 16px\">Mevcut<\/span><\/p>\n<\/td>\n<\/tr>\n<tr>\n<td valign=\"top\" width=\"373\">\n<p><span style=\"font-family: arial, helvetica, sans-serif;font-size: 16px\">\u00d6zelle\u015ftirilmi\u015f sipari\u015f i\u00e7in MOQ<\/span><\/p>\n<\/td>\n<td valign=\"top\" width=\"373\">\n<p><span style=\"font-family: arial, helvetica, sans-serif;font-size: 16px\">3000 adet<\/span><\/p>\n<\/td>\n<\/tr>\n<tr>\n<td valign=\"top\" width=\"373\">\n<p><span style=\"font-family: arial, helvetica, sans-serif;font-size: 16px\">\u00d6rnek maliyet<\/span><\/p>\n<\/td>\n<td valign=\"top\" width=\"373\">\n<p><span style=\"font-family: arial, helvetica, sans-serif;font-size: 16px\">US$400\/\u00d6rnek, bizden sipari\u015f verdikten sonra tam iade<\/span><\/p>\n<\/td>\n<\/tr>\n<\/tbody>\n<\/table>\n<p style=\"line-height: 1.5\"><span style=\"font-family: arial, helvetica, sans-serif;font-size: 16px\">&nbsp;<\/span><\/p>\n<p style=\"line-height: 1.5\"><span style=\"font-family: arial, helvetica, sans-serif;font-size: 16px\">Haz\u0131rlanm\u0131\u015f 13 par\u00e7al\u0131 Bitki \u00e7ay\u0131 tohumlar\u0131 Kiti: \u00c7ok kolay - tohumlardan bitki yeti\u015ftirmenin tahminlerini ortadan kald\u0131r\u0131yor, her ad\u0131mda size rehberlik ediyoruz. Bitki \u00e7ay\u0131n\u0131n keyfini sizin veya sevdiklerinizin hayat\u0131na katmak i\u00e7in ihtiyac\u0131n\u0131z olan her \u015fey g\u00fczel bir paket \u00e7antada. Dikin!<\/span><\/p>\n<p style=\"line-height: 1.5\"><span style=\"font-family: arial, helvetica, sans-serif;font-size: 16px\">&nbsp;<\/span><\/p>\n<h3 style=\"line-height: 1.5;font-size: 19px\"><span style=\"font-family: arial, helvetica, sans-serif;font-size: 16px\">A\u015fa\u011f\u0131daki \u00f6\u011feler kit i\u00e7erisinde yer almaktad\u0131r.<\/span><\/h3>\n<p style=\"line-height: 1.5\"><span style=\"font-family: arial, helvetica, sans-serif;font-size: 16px\">Alman Papatyas\u0131, Vera Lavanta, Adi Nane, Melisa, Nane, Mor Koni \u00c7i\u00e7e\u011fi Ekinezya gibi 6 \u00e7e\u015fit domates tohumu<\/span><\/p>\n<p style=\"line-height: 1.5\"><span style=\"font-family: arial, helvetica, sans-serif;font-size: 16px\">6 bitki i\u015faretleyici<\/span><\/p>\n<p style=\"line-height: 1.5\"><span style=\"font-family: arial, helvetica, sans-serif;font-size: 16px\">1 Ad\u0131m ad\u0131m ekim k\u0131lavuzu<\/span><\/p>\n<p style=\"line-height: 1.5\"><span style=\"font-family: arial, helvetica, sans-serif;font-size: 16px\">1 \u00f6zelle\u015ftirilmi\u015f paket \u00e7antas\u0131<\/span><\/p>\n<p style=\"line-height: 1.5\"><span style=\"font-family: arial, helvetica, sans-serif;font-size: 16px\">&nbsp;<\/span><\/p>\n<p style=\"line-height: 1.5\"><span style=\"font-family: arial, helvetica, sans-serif;font-size: 16px\">90%+ \u00c7imlenme, Heirloom ve GDO'suz - Tohumlar\u0131n\u0131z piyasaya s\u00fcr\u00fclmeden \u00f6nce yerel olarak yeti\u015ftirilir, hasat edilir ve test edilir. \u00dcst\u00fcn kaliteli bitki tohumlar\u0131m\u0131zla i\u015fe yaramaz tohumlara veda edin.<\/span><\/p>\n<p style=\"line-height: 1.5\"><span style=\"font-family: arial, helvetica, sans-serif;font-size: 16px\">&nbsp;<\/span><\/p>\n<p style=\"line-height: 1.5\"><span style=\"font-family: arial, helvetica, sans-serif;font-size: 16px\">6 Bitki \u00c7ay\u0131 Tohumu - Kendi \u00e7ay bah\u00e7enizi yeti\u015ftirmek i\u00e7in ihtiyac\u0131n\u0131z olan her \u015feye sahip olun. Bu tohumlarla do\u011frudan kendi bah\u00e7enizden en taze bitki \u00e7aylar\u0131n\u0131 haz\u0131rlay\u0131n: Alman Papatyas\u0131, Vera Lavanta, Adi Nane, Melisa, Nane, Ekinezya<\/span><\/p>\n<p style=\"line-height: 1.5\"><span style=\"font-family: arial, helvetica, sans-serif;font-size: 16px\">&nbsp;<\/span><\/p>\n<p style=\"line-height: 1.5\"><span style=\"font-family: arial, helvetica, sans-serif;font-size: 16px\">Acemi Dostu - Dijital b\u00fcy\u00fcme k\u0131lavuzunuzla Hasat yeti\u015ftirmek ve kullanmak i\u00e7in bilmeniz gereken her \u015feyi \u00f6\u011frenin. Bitki ekiminizi birlikte verilen etiketle etiketleyin, b\u00f6ylece bir sonraki filizlenmenin ne olaca\u011f\u0131n\u0131 bilirsiniz. Herkes bah\u00e7ecilik konusunda yetenekli de\u011fildir, bu y\u00fczden bu DIY kitinin hem hobiciler hem de yeni ba\u015flayanlar i\u00e7in harika olmas\u0131n\u0131 sa\u011flad\u0131k.<\/span><\/p>\n<p style=\"line-height: 1.5\"><span style=\"font-family: arial, helvetica, sans-serif;font-size: 16px\">&nbsp;<\/span><\/p>\n<p style=\"line-height: 1.5\"><span style=\"font-family: arial, helvetica, sans-serif;font-size: 16px\">TOHUMLARINIZI TAZE TUTUN - Yedek bah\u00e7e tohumlar\u0131n\u0131 yeniden kapat\u0131labilir su ge\u00e7irmez Mylar torbalarda g\u00fcvenle kurutun ve tohum paketlerini gelecek y\u0131lki ekim i\u00e7in ayr\u0131 ayr\u0131 sar\u0131n. GDO'suz aile yadigar\u0131 tohumlar\u0131n\u0131z size y\u0131llarca ekim imkan\u0131 sa\u011flayabilir<\/span><\/p>\n<p style=\"line-height: 1.5\"><span style=\"font-family: arial, helvetica, sans-serif;font-size: 16px\">&nbsp;<\/span><\/p>\n<p style=\"line-height: 1.5\"><span style=\"font-family: arial, helvetica, sans-serif;font-size: 16px\">Size Taahh\u00fcd\u00fcm\u00fcz - Tohumlar ve Topraklar ABD'de yeti\u015ftirilir, hasat edilir ve paketlenir. Evde kendi bitki bah\u00e7enizi kolayca olu\u015fturabilmenizi sa\u011fl\u0131yoruz. Vanilya tohumlar\u0131n\u0131z\u0131n b\u00fcy\u00fcd\u00fc\u011f\u00fcn\u00fc g\u00f6rmek istedi\u011fimiz i\u00e7in deste\u011fimiz burada bitmiyor. Ekibimiz, ekim yolculu\u011funuz boyunca size cevap verecek ve yard\u0131mc\u0131 olacakt\u0131r. Tohumlar\u0131n\u0131z \u00e7imlenmezse, bize bildirin ve size yeni bir tane g\u00f6nderelim.<\/span><\/p>\n<p style=\"line-height: 1.5\"><span style=\"font-family: arial, helvetica, sans-serif;font-size: 16px\"><\/span><\/p>\n<p style=\"line-height: 1.5\"><span style=\"font-family: arial, helvetica, sans-serif;font-size: 16px\">Evde kendi bitkisel \u00e7ay a\u011fac\u0131n\u0131z\u0131 yeti\u015ftirin<\/span><\/p><\/p>","protected":false},"excerpt":{"rendered":"<p>Haz\u0131rlanan 13 par\u00e7al\u0131 Bitki \u00e7ay\u0131 tohumlar\u0131 Kiti: \u00c7ok kolay; tohumlardan bitki yeti\u015ftirme konusunda tahminleri ortadan kald\u0131r\u0131yoruz ve yolun her ad\u0131m\u0131nda size rehberlik ediyoruz. Bitki \u00e7ay\u0131 keyfini sizin veya sevdi\u011finizin hayat\u0131na ta\u015f\u0131mak i\u00e7in ihtiyac\u0131n\u0131z olan her \u015fey g\u00fczel bir paket \u00e7antada. Dik!<\/p>","protected":false},"featured_media":12665,"comment_status":"closed","ping_status":"closed","template":"","meta":[],"product_cat":[59],"product_tag":[318],"acf":[],"_links":{"self":[{"href":"https:\/\/www.garden-kit.com\/tr\/wp-json\/wp\/v2\/product\/4255"}],"collection":[{"href":"https:\/\/www.garden-kit.com\/tr\/wp-json\/wp\/v2\/product"}],"about":[{"href":"https:\/\/www.garden-kit.com\/tr\/wp-json\/wp\/v2\/types\/product"}],"replies":[{"embeddable":true,"href":"https:\/\/www.garden-kit.com\/tr\/wp-json\/wp\/v2\/comments?post=4255"}],"wp:featuredmedia":[{"embeddable":true,"href":"https:\/\/www.garden-kit.com\/tr\/wp-json\/wp\/v2\/media\/12665"}],"wp:attachment":[{"href":"https:\/\/www.garden-kit.com\/tr\/wp-json\/wp\/v2\/media?parent=4255"}],"wp:term":[{"taxonomy":"product_cat","embeddable":true,"href":"https:\/\/www.garden-kit.com\/tr\/wp-json\/wp\/v2\/product_cat?post=4255"},{"taxonomy":"product_tag","embeddable":true,"href":"https:\/\/www.garden-kit.com\/tr\/wp-json\/wp\/v2\/product_tag?post=4255"}],"curies":[{"name":"wp","href":"https:\/\/api.w.org\/{rel}","templated":true}]}}