{"id":4409,"date":"2022-10-19T16:05:45","date_gmt":"2022-10-19T08:05:45","guid":{"rendered":"https:\/\/www.garden-kit.com\/product\/garden-kit-paint-plant-flower-growing-kit\/"},"modified":"2023-03-31T15:12:09","modified_gmt":"2023-03-31T07:12:09","slug":"garden-kit-paint-plant-flower-growing-kit","status":"publish","type":"product","link":"https:\/\/www.garden-kit.com\/tr\/product\/garden-kit-paint-plant-flower-growing-kit\/","title":{"rendered":"Bah\u00e7e Seti Boya ve Bitki \u00c7i\u00e7ek Yeti\u015ftirme Seti"},"content":{"rendered":"<h3 style=\"line-height: 1.5;font-size: 19px\"><span style=\"font-family: arial, helvetica, sans-serif;font-size: 18px\"><strong>Boya ve Bitki \u00c7i\u00e7ek Yeti\u015ftirme Seti<\/strong><\/span><\/h3>\n<h3 style=\"line-height: 1.5;font-size: 19px\"><span style=\"font-family: arial, helvetica, sans-serif\"><strong>\u00dcr\u00fcne Genel Bak\u0131\u015f<\/strong><\/span><\/h3>\n<table border=\"1\" cellspacing=\"0\" style=\"border-collapse: collapse;width: 100%\">\n<tbody>\n<tr>\n<td valign=\"top\" width=\"373\">\n<p><span style=\"font-family: arial, helvetica, sans-serif\">\u00dcr\u00fcn Bak\u0131m Talimatlar\u0131<\/span><\/p>\n<\/td>\n<td valign=\"top\" width=\"373\">\n<p><span style=\"font-family: arial, helvetica, sans-serif\">Mevcut<\/span><\/p>\n<\/td>\n<\/tr>\n<tr>\n<td valign=\"top\" width=\"373\">\n<p><span style=\"font-family: arial, helvetica, sans-serif\">Bitki \u00dcr\u00fcn Tipi<\/span><\/p>\n<\/td>\n<td valign=\"top\" width=\"373\">\n<p><span style=\"font-family: arial, helvetica, sans-serif\">\u00c7i\u00e7ek<\/span><\/p>\n<\/td>\n<\/tr>\n<tr>\n<td valign=\"top\" width=\"373\">\n<p><span style=\"font-family: arial, helvetica, sans-serif\">\u00d6zel \u00f6zellik<\/span><\/p>\n<\/td>\n<td valign=\"top\" width=\"373\">\n<p><span style=\"font-family: arial, helvetica, sans-serif\">Kapal\u0131-A\u00e7\u0131k Yeti\u015ftirme<\/span><\/p>\n<\/td>\n<\/tr>\n<tr>\n<td valign=\"top\" width=\"373\">\n<p><span style=\"font-family: arial, helvetica, sans-serif\">Marka<\/span><\/p>\n<\/td>\n<td valign=\"top\" width=\"373\">\n<p><span style=\"font-family: arial, helvetica, sans-serif\">Bah\u00e7e Seti<\/span><\/p>\n<\/td>\n<\/tr>\n<tr>\n<td valign=\"top\" width=\"373\">\n<p><span style=\"font-family: arial, helvetica, sans-serif\">Anavatan<\/span><\/p>\n<\/td>\n<td valign=\"top\" width=\"373\">\n<p><span style=\"font-family: arial, helvetica, sans-serif\">Fujian, \u00c7in<\/span><\/p>\n<\/td>\n<\/tr>\n<tr>\n<td valign=\"top\" width=\"373\">\n<p><span style=\"font-family: arial, helvetica, sans-serif\">ODM\/OEM<\/span><\/p>\n<\/td>\n<td valign=\"top\" width=\"373\">\n<p><span style=\"font-family: arial, helvetica, sans-serif\">Mevcut<\/span><\/p>\n<\/td>\n<\/tr>\n<tr>\n<td valign=\"top\" width=\"373\">\n<p><span style=\"font-family: arial, helvetica, sans-serif\">\u00d6zelle\u015ftirilmi\u015f sipari\u015f i\u00e7in MOQ<\/span><\/p>\n<\/td>\n<td valign=\"top\" width=\"373\">\n<p><span style=\"font-family: arial, helvetica, sans-serif\">3000 adet<\/span><\/p>\n<\/td>\n<\/tr>\n<tr>\n<td valign=\"top\" width=\"373\">\n<p><span style=\"font-family: arial, helvetica, sans-serif\">\u00d6rnek maliyet<\/span><\/p>\n<\/td>\n<td valign=\"top\" width=\"373\">\n<p><span style=\"font-family: arial, helvetica, sans-serif\">US$400\/\u00d6rnek, bizden sipari\u015f verdikten sonra tam iade<\/span><\/p>\n<\/td>\n<\/tr>\n<\/tbody>\n<\/table>\n<p>&nbsp;<\/p>\n<p style=\"line-height: 1.5\"><span style=\"font-family: arial, helvetica, sans-serif\">Haz\u0131rlanm\u0131\u015f 28 Par\u00e7a \u00c7ocuk Boya ve B\u00fcy\u00fct \u00c7i\u00e7ek Bah\u00e7ecili\u011fi Seti: \u00c7ocuklar\u0131n\u0131z\u0131n \u00e7i\u00e7ek yeti\u015ftirme keyfini sizin veya sevdi\u011finiz birinin hayat\u0131na sokmak i\u00e7in ihtiya\u00e7 duydu\u011fu her \u015fey. \u00c7ok basit - tohumdan \u00e7i\u00e7ek yeti\u015ftirme konusundaki tahminlerimiz, yolun her ad\u0131m\u0131nda size rehberlik ediyor. Dikin!<\/span><\/p>\n<p>&nbsp;<\/p>\n<h3 style=\"line-height: 1.5;font-size: 19px\"><span style=\"font-family: arial, helvetica, sans-serif\"><strong>A\u015fa\u011f\u0131daki \u00f6\u011feler kite dahildir\uff1a<\/strong><\/span><\/h3>\n<p style=\"line-height: 1.5\"><span style=\"font-family: arial, helvetica, sans-serif\">3 adet tepsili ekilebilir saks\u0131<\/span><\/p>\n<p style=\"line-height: 1.5\"><span style=\"font-family: arial, helvetica, sans-serif\">3 torba tohum<\/span><\/p>\n<p style=\"line-height: 1.5\"><span style=\"font-family: arial, helvetica, sans-serif\">3 toprak diski<\/span><\/p>\n<p style=\"line-height: 1.5\"><span style=\"font-family: arial, helvetica, sans-serif\">3 bitki etiketi<\/span><\/p>\n<p style=\"line-height: 1.5\"><span style=\"font-family: arial, helvetica, sans-serif\">3 Aktar\u0131m \u00e7\u0131kartmalar\u0131<\/span><\/p>\n<p style=\"line-height: 1.5\"><span style=\"font-family: arial, helvetica, sans-serif\">6 boya<\/span><\/p>\n<p style=\"line-height: 1.5\"><span style=\"font-family: arial, helvetica, sans-serif\">2 boya f\u0131r\u00e7as\u0131<\/span><\/p>\n<p style=\"line-height: 1.5\"><span style=\"font-family: arial, helvetica, sans-serif\">1 boya paleti<\/span><\/p>\n<p style=\"line-height: 1.5\"><span style=\"font-family: arial, helvetica, sans-serif\">1 k\u00fcrek<\/span><\/p>\n<p style=\"line-height: 1.5\"><span style=\"font-family: arial, helvetica, sans-serif\">1 sulama \u015fi\u015fesi<\/span><\/p>\n<p style=\"line-height: 1.5\"><span style=\"font-family: arial, helvetica, sans-serif\">1 Ad\u0131m ad\u0131m ekim k\u0131lavuzu<\/span><\/p>\n<p style=\"line-height: 1.5\"><span style=\"font-family: arial, helvetica, sans-serif\">1 adet \u00f6zelle\u015ftirilmi\u015f hediye kutusu<\/span><\/p>\n<p style=\"line-height: 1.5\"><span style=\"font-family: arial, helvetica, sans-serif\">&nbsp;<\/span><\/p>\n<p style=\"line-height: 1.5\"><span style=\"font-family: arial, helvetica, sans-serif\">Bah\u00e7e Kiti boya ve bitki \u00e7i\u00e7ek dikim Kiti: 8-12 ya\u015f Bah\u00e7e Kiti \u00e7i\u00e7ek dikim kitimiz ihtiyac\u0131n\u0131z olan her \u015feyle donat\u0131lm\u0131\u015ft\u0131r. 3 saks\u0131, 6 renk pigmenti, 3 transfer \u00e7\u0131kartmas\u0131 (siyah, renkli ve GID), sprey, 2 boya f\u0131r\u00e7as\u0131, 3 etiket, talimatlar vb.<\/span><\/p>\n<p style=\"line-height: 1.5\">\n<p style=\"line-height: 1.5\"><span style=\"font-family: arial, helvetica, sans-serif\">Kendi Bah\u00e7enizi Boyay\u0131n ve Ekin: Parlak renkleri sever misiniz? Yarat\u0131c\u0131 olmay\u0131 sever misiniz? O zaman bu sanat ve el i\u015fi setini al\u0131n! Kendi kendini boyamak \u00e7ok ilgin\u00e7 bir b\u00f6l\u00fcm. Bah\u00e7enizi dikmek ve \u00e7i\u00e7ek a\u00e7t\u0131\u011f\u0131n\u0131 g\u00f6rmek daha da heyecan verici! \u0130pucu: Ev bitkisi olduklar\u0131 i\u00e7in m\u00fcmk\u00fcn oldu\u011funca i\u00e7 mekanda saklay\u0131n.<\/span><\/p>\n<p style=\"line-height: 1.5\">\n<p style=\"line-height: 1.5\"><span style=\"font-family: arial, helvetica, sans-serif\">HER YA\u015e I\u00c7IN E\u011eLENCELI E\u011eITICI AKTIVITELER: Bu, 4-6 ya\u015f aras\u0131 \u00e7ocuklar i\u00e7in onlar\u0131 saatlerce me\u015fgul edecek harika bir sanat ve el i\u015fi aktivitesidir. \u00c7ocuklara yarat\u0131c\u0131l\u0131k kazand\u0131r\u0131r. E\u015fsiz saks\u0131lar\u0131 boyayabilir ve \u00e7i\u00e7eklerin g\u00fcnden g\u00fcne b\u00fcy\u00fcmesini izleyebilirler! \u00c7ocuklar\u0131n\u0131z\u0131 ekranlardan uzak tutman\u0131n harika bir yolu. E\u011flenceli ve e\u011fiticidir.<\/span><\/p>\n<p style=\"line-height: 1.5\">\n<p style=\"line-height: 1.5\"><span style=\"font-family: arial, helvetica, sans-serif\">FANTASTIK \u00c7OCUK EL SANATLARI HEDIYELERI: 10-12 ya\u015f aras\u0131 k\u0131zlar i\u00e7in bu el i\u015fi basit g\u00f6r\u00fcn\u00fcyor ama kullan\u0131m\u0131 \u00e7ok e\u011flenceli. \u00c7ocuklar\u0131n\u0131zla e\u011flenin, e\u011flenin ve harika aile aktiviteleri yap\u0131n. Bu \u00e7ocuk DIY sanat ve el sanatlar\u0131 ayn\u0131 zamanda \u00e7ocuklar i\u00e7in harika bir buhar projesi hediyesi, Noel, Paskalya ve do\u011fum g\u00fcn\u00fc hediyesidir.<\/span><\/p>\n<p style=\"line-height: 1.5\">\n<p style=\"line-height: 1.5\"><span style=\"font-family: arial, helvetica, sans-serif\">100% Memnuniyet: T\u00fcm Garden Kit \u00fcr\u00fcnleri 100% memnuniyeti ile birlikte gelir. 8-12 ya\u015f k\u0131z \u00e7ocuk oyuncaklar\u0131 hakk\u0131nda herhangi bir sorunuz varsa, l\u00fctfen bizimle ileti\u015fime ge\u00e7mekten \u00e7ekinmeyin. Size kesinlikle en iyi hizmeti sunaca\u011f\u0131z.<\/span><\/p><\/p>","protected":false},"excerpt":{"rendered":"<p>Haz\u0131rlanan 28 Par\u00e7a \u00c7ocuk Boya ve B\u00fcy\u00fct \u00c7i\u00e7ek Bah\u00e7ecili\u011fi Seti: \u00c7ocuklar\u0131n\u0131z\u0131n \u00e7i\u00e7ek yeti\u015ftirme keyfini sizin veya sevdi\u011finiz birinin hayat\u0131na sokmak i\u00e7in ihtiya\u00e7 duydu\u011fu her \u015fey. \u00c7ok basit - tohumdan \u00e7i\u00e7ek yeti\u015ftirme konusundaki tahminlerimiz, yolun her ad\u0131m\u0131nda size rehberlik ediyor. Dikin!<\/p>","protected":false},"featured_media":12606,"comment_status":"open","ping_status":"closed","template":"","meta":[],"product_cat":[61],"product_tag":[337,336,335,333,334,332],"acf":[],"_links":{"self":[{"href":"https:\/\/www.garden-kit.com\/tr\/wp-json\/wp\/v2\/product\/4409"}],"collection":[{"href":"https:\/\/www.garden-kit.com\/tr\/wp-json\/wp\/v2\/product"}],"about":[{"href":"https:\/\/www.garden-kit.com\/tr\/wp-json\/wp\/v2\/types\/product"}],"replies":[{"embeddable":true,"href":"https:\/\/www.garden-kit.com\/tr\/wp-json\/wp\/v2\/comments?post=4409"}],"wp:featuredmedia":[{"embeddable":true,"href":"https:\/\/www.garden-kit.com\/tr\/wp-json\/wp\/v2\/media\/12606"}],"wp:attachment":[{"href":"https:\/\/www.garden-kit.com\/tr\/wp-json\/wp\/v2\/media?parent=4409"}],"wp:term":[{"taxonomy":"product_cat","embeddable":true,"href":"https:\/\/www.garden-kit.com\/tr\/wp-json\/wp\/v2\/product_cat?post=4409"},{"taxonomy":"product_tag","embeddable":true,"href":"https:\/\/www.garden-kit.com\/tr\/wp-json\/wp\/v2\/product_tag?post=4409"}],"curies":[{"name":"wp","href":"https:\/\/api.w.org\/{rel}","templated":true}]}}