{"id":6462,"date":"2022-11-07T10:36:08","date_gmt":"2022-11-07T02:36:08","guid":{"rendered":"https:\/\/www.garden-kit.com\/product\/grow-your-own-bonsai-tree\/"},"modified":"2024-03-07T10:19:09","modified_gmt":"2024-03-07T02:19:09","slug":"grow-your-own-bonsai-tree","status":"publish","type":"product","link":"https:\/\/www.garden-kit.com\/tr\/product\/grow-your-own-bonsai-tree\/","title":{"rendered":"Kendi Bonsai Kitinizi Yeti\u015ftirin"},"content":{"rendered":"<h3 style=\"font-size: 19px\"><span style=\"font-family: 'PingFang SC', 'Microsoft YaHei', sans-serif\">Bu \u00fcr\u00fcn hakk\u0131nda<\/span><\/h3>\n<ul>\n<li><span class=\"a-list-item\" style=\"color: #0f1111;font-family: 'PingFang SC', 'Microsoft YaHei', sans-serif;font-size: 16px\">Kendi Bonsai Kitinizi Yeti\u015ftirin: Kendi bonsai kitinizi dikin - Brezilya G\u00fcl A\u011fac\u0131 (Jacaranda Mimosifolia), Colorado Mavi Ladini (Picea Pungens Glauca San Juan), Alev A\u011fac\u0131 (Delonix Regia) veya Kara Ladin (Picea Mariana) tohumlar\u0131 aras\u0131ndan se\u00e7im yap\u0131n. Bonsai a\u011fac\u0131 kitinizdeki fidelerden tam formlu bir bonsai a\u011fac\u0131na kadar a\u011fac\u0131n\u0131z\u0131n b\u00fcy\u00fcmesini izlemenin keyfini ya\u015fay\u0131n.<\/span><\/li>\n<li><span class=\"a-list-item\" style=\"color: #0f1111;font-family: 'PingFang SC', 'Microsoft YaHei', sans-serif;font-size: 16px\">Ba\u015far\u0131l\u0131 Olmak \u0130\u00e7in \u0130htiyac\u0131n\u0131z Olan Her \u015eey: Bonsai yeti\u015ftirme kitimiz, kendi bonsai a\u011fac\u0131n\u0131z\u0131 yeti\u015ftirmek i\u00e7in ihtiyac\u0131n\u0131z olan her \u015feyle birlikte gelir - 4 \u00e7e\u015fit mini bonsai a\u011fac\u0131 tohumu, 4 toprak diski, 4 burlaps yeti\u015ftirme torbas\u0131, 4 bambu bitki i\u015faretleyici, bonsai makas\u0131, ekici olarak ikiye katlanan ah\u015fap bir kutu ve ayr\u0131nt\u0131l\u0131 talimatlar. \u0130ster kad\u0131nlar i\u00e7in bitki hediyeleri, ister kendi bah\u00e7ecilik giri\u015fiminiz i\u00e7in yeni ba\u015flayanlar i\u00e7in bir bonsai a\u011fac\u0131 kiti ar\u0131yor olun, eksiksiz bonsai ba\u015flang\u0131\u00e7 kitimizden ba\u015fkas\u0131na bakmay\u0131n.<\/span><\/li>\n<li><span class=\"a-list-item\" style=\"color: #0f1111;font-family: 'PingFang SC', 'Microsoft YaHei', sans-serif;font-size: 16px\">Uzman Yeti\u015ftirme Deste\u011fi: Bonsai yeti\u015ftirme kitinizle sizi desteklemek i\u00e7in yukar\u0131da ve \u00f6teye gittik. M\u00fc\u015fterilerimizin \u00e7o\u011funun bonsai kitleri konusunda yeni oldu\u011funu biliyoruz, bu nedenle bonsai tohum kitimiz, sorular\u0131 yan\u0131tlamaya haz\u0131r bir bah\u00e7e uzmanlar\u0131 ve bah\u00e7ecilik uzmanlar\u0131 ekibi, FB Messenger arac\u0131l\u0131\u011f\u0131yla bir Yeti\u015ftirici Yard\u0131m Botu, ayr\u0131nt\u0131l\u0131 talimatlar, \u00f6zel bir FB Yeti\u015ftirici Toplulu\u011fu ve e\u011fitici videolar ile birlikte gelir. Kendi bonsai a\u011fac\u0131 kitinizi yeti\u015ftirmek i\u00e7in ilk giri\u015fiminiz olsa bile, bunu olabildi\u011fince kolayla\u015ft\u0131raca\u011f\u0131z.<\/span><\/li>\n<li><span class=\"a-list-item\" style=\"color: #0f1111;font-family: 'PingFang SC', 'Microsoft YaHei', sans-serif;font-size: 16px\">GDO'suz ve Heirloom: Garden Republic'te kendin yap kitlerimiz yaln\u0131zca en kaliteli tohumlar\u0131 i\u00e7erir. Bonsai a\u011fac\u0131 tohumlar\u0131m\u0131z\u0131n t\u00fcm\u00fc GDO'suz ve Heirloom'dur (mevcut oldu\u011funda). Bonsai a\u011fac\u0131 ba\u015flang\u0131\u00e7 kitinizin test edilmi\u015f tohumlar ve canl\u0131 bir yeti\u015ftirici toplulu\u011fu ile birlikte geldi\u011finden emin olabilirsiniz.<\/span><\/li>\n<li><span style=\"font-family: 'PingFang SC', 'Microsoft YaHei', sans-serif\"><span class=\"a-list-item\" style=\"color: #0f1111;font-size: 16px\">Neden Garden Republic? Amac\u0131m\u0131z bitki yeti\u015ftirme sanat\u0131n\u0131 herkes i\u00e7in basit ve eri\u015filebilir k\u0131lmakt\u0131r. G\u00fcvenebilece\u011finiz g\u00fcvenli, s\u00fcrd\u00fcr\u00fclebilir \u00fcr\u00fcnler yaratmaya odaklanm\u0131\u015f, emektar ve aile \u015firketi olan k\u00fc\u00e7\u00fck bir i\u015fletme olarak ba\u015flad\u0131k - bug\u00fcn de devam eden bir uygulama.<\/span><span class=\"a-list-item\" style=\"color: #0f1111\"><\/span><\/span><\/li>\n<\/ul>\n<p><span class=\"a-list-item\" style=\"color: #0f1111;font-family: 'PingFang SC', 'Microsoft YaHei', sans-serif\"><\/span><\/p>\n<h3 style=\"font-size: 19px\"><span style=\"font-family: 'PingFang SC', 'Microsoft YaHei', sans-serif\">\u00dcr\u00fcn bilgileri<\/span><\/h3>\n<div class=\"a-row a-spacing-top-base\" style=\"width: 1464px;color: #0f1111;font-family: 'Amazon Ember', Arial, sans-serif;font-size: 14px;background-color: #ffffff;margin-top: 12px\">\n<div class=\"a-column a-span6\" style=\"margin-right: 29.2656px;float: left;min-height: 1px;overflow: visible;width: 716.594px\">\n<div class=\"a-row a-spacing-base\" style=\"width: 716.594px;margin-bottom: 12px\">\n<div class=\"a-section table-padding\" style=\"margin-bottom: 0px;margin-left: 12px\">\n<table id=\"productDetails_detailBullets_sections1\" class=\"a-keyvalue prodDetTable\" role=\"presentation\" style=\"margin-bottom: 22px;border-collapse: collapse;width: 704.594px;border-bottom: 1px solid #e7e7e7;padding: 0px\">\n<tbody>\n<tr>\n<th class=\"a-color-secondary a-size-base prodDetSectionEntry\" style=\"vertical-align: top;text-align: left;padding: 7px 14px 6px;color: #0f1111;background-color: #f3f3f3;border-top: 1px solid #e7e7e7;max-width: 200px;width: 352.297px;font-size: 14px;line-height: 20px\"><span style=\"font-family: 'PingFang SC', 'Microsoft YaHei', sans-serif\">\u00dcr\u00fcn Boyutlar\u0131<\/span><\/th>\n<td class=\"a-size-base prodDetAttrValue\" style=\"vertical-align: top;padding: 7px 14px 6px;border-top: 1px solid #e7e7e7;color: #333333;font-family: Arial;max-width: 200px;font-size: 14px;line-height: 20px\"><span style=\"font-family: 'PingFang SC', 'Microsoft YaHei', sans-serif\">7 x 7 x 4 in\u00e7<\/span><\/td>\n<\/tr>\n<tr>\n<th class=\"a-color-secondary a-size-base prodDetSectionEntry\" style=\"vertical-align: top;text-align: left;padding: 7px 14px 6px;color: #0f1111;background-color: #f3f3f3;border-top: 1px solid #e7e7e7;max-width: 200px;width: 352.297px;font-size: 14px;line-height: 20px\"><span style=\"font-family: 'PingFang SC', 'Microsoft YaHei', sans-serif\">\u00dcr\u00fcn A\u011f\u0131rl\u0131\u011f\u0131<\/span><\/th>\n<td class=\"a-size-base prodDetAttrValue\" style=\"vertical-align: top;padding: 7px 14px 6px;border-top: 1px solid #e7e7e7;color: #333333;font-family: Arial;max-width: 200px;font-size: 14px;line-height: 20px\"><span style=\"font-family: 'PingFang SC', 'Microsoft YaHei', sans-serif\">1,28 pound<\/span><\/td>\n<\/tr>\n<tr>\n<th class=\"a-color-secondary a-size-base prodDetSectionEntry\" style=\"vertical-align: top;text-align: left;padding: 7px 14px 6px;color: #0f1111;background-color: #f3f3f3;border-top: 1px solid #e7e7e7;max-width: 200px;width: 352.297px;font-size: 14px;line-height: 20px\"><span style=\"font-family: 'PingFang SC', 'Microsoft YaHei', sans-serif\">\u00dcretici firma<\/span><\/th>\n<td class=\"a-size-base prodDetAttrValue\" style=\"vertical-align: top;padding-top: 7px;padding-right: 14px;padding-bottom: 6px;border-top: 1px solid #e7e7e7;color: #333333;font-family: Arial;max-width: 200px;font-size: 14px;line-height: 20px\"><span style=\"font-family: 'PingFang SC', 'Microsoft YaHei', sans-serif\">&nbsp; &nbsp;BAH\u00c7E K\u0130T\u0130<\/span><\/td>\n<\/tr>\n<tr>\n<th class=\"a-color-secondary a-size-base prodDetSectionEntry\" style=\"vertical-align: top;text-align: left;padding: 7px 14px 6px;color: #0f1111;background-color: #f3f3f3;border-top: 1px solid #e7e7e7;max-width: 200px;width: 352.297px;font-size: 14px;line-height: 20px\"><span style=\"font-family: 'PingFang SC', 'Microsoft YaHei', sans-serif\">En \u00c7ok Satanlar S\u0131ralamas\u0131<\/span><\/th>\n<td style=\"vertical-align: top;padding: 7px 14px 6px;border-top: 1px solid #e7e7e7;color: #333333;font-family: Arial\"><span style=\"font-family: 'PingFang SC', 'Microsoft YaHei', sans-serif\">&nbsp;<\/span><\/td>\n<\/tr>\n<tr>\n<th class=\"a-color-secondary a-size-base prodDetSectionEntry\" style=\"vertical-align: top;text-align: left;padding: 7px 14px 6px;color: #0f1111;background-color: #f3f3f3;border-top: 1px solid #e7e7e7;max-width: 200px;width: 352.297px;font-size: 14px;line-height: 20px\"><span style=\"font-family: 'PingFang SC', 'Microsoft YaHei', sans-serif\">\u00dcretici Taraf\u0131ndan \u00dcretimi Durduruldu<\/span><\/th>\n<td class=\"a-size-base prodDetAttrValue\" style=\"vertical-align: top;padding: 7px 14px 6px;border-top: 1px solid #e7e7e7;color: #333333;font-family: Arial;max-width: 200px;font-size: 14px;line-height: 20px\"><span style=\"font-family: 'PingFang SC', 'Microsoft YaHei', sans-serif\">EVET<\/span><\/td>\n<\/tr>\n<\/tbody>\n<\/table>\n<\/div>\n<\/div>\n<\/div>\n<div class=\"a-column a-span6 a-span-last\" style=\"margin-right: 0px;float: right;min-height: 1px;overflow: visible;width: 716.594px\">\n<div class=\"a-row\" style=\"width: 716.594px\">\n<div class=\"a-section\" style=\"margin-bottom: 0px\">\n<div class=\"a-section table-padding\" style=\"margin-bottom: 0px;margin-left: 12px\">\n<div class=\"a-row\" style=\"width: 704.594px\"><\/div>\n<div class=\"a-row\" style=\"width: 704.594px\">\n<div id=\"pricingFeedbackDiv\"><\/div>\n<\/div>\n<\/div>\n<\/div>\n<\/div>\n<\/div>\n<\/div>\n<\/p>\n<\/p>\n<\/p>\n<\/p>\n<h3 style=\"font-size: 19px\">Kendi bonsai kitinizi yeti\u015ftirmenin avantajlar\u0131<\/h3>\n<p>\u0130\u015fte kendi bonsai kitinizi yeti\u015ftirmenin baz\u0131 avantajlar\u0131:<\/p>\n<ol style=\"list-style-type: decimal\">\n<li>\n<p>Tatmin edici bir hobidir: Bir bonsai yeti\u015ftirmek ve bak\u0131m\u0131n\u0131 yapmak, \u00f6zellikle de zaman i\u00e7inde b\u00fcy\u00fcmesini ve geli\u015fmesini izlerken tatmin edici ve \u00f6d\u00fcllendirici bir deneyim olabilir.<\/p>\n<\/li>\n<li>\n<p>M\u00fckemmel bir stres gidericidir: Bonsai bah\u00e7ecili\u011fi, stres ve kayg\u0131y\u0131 azaltmaya yard\u0131mc\u0131 olabilecek sakinle\u015ftirici bir faaliyettir.<\/p>\n<\/li>\n<li>\n<p>Fark\u0131ndal\u0131\u011f\u0131 te\u015fvik eder: Bir bonsai ile ilgilenmek konsantrasyon ve detaylara dikkat etmeyi gerektirir; bu da \u015fu ana odaklanman\u0131za ve fark\u0131ndal\u0131k geli\u015ftirmenize yard\u0131mc\u0131 olabilir.<\/p>\n<\/li>\n<li>\n<p>Harika bir i\u00e7 mekan bitkisidir: Bonsai a\u011fa\u00e7lar\u0131 i\u00e7 mekanlarda yeti\u015ftirilebilir, bu da onlar\u0131 bah\u00e7ecilikten zevk almak isteyen ancak a\u00e7\u0131k alan\u0131 olmayanlar i\u00e7in harika bir se\u00e7enek haline getirir.<\/p>\n<\/li>\n<li>\n<p>Hava kalitesini art\u0131rabilir: Bitkiler do\u011fal hava temizleyicilerdir ve bir bonsai yeti\u015ftirmek i\u00e7 mekan hava kalitesini iyile\u015ftirmeye yard\u0131mc\u0131 olabilir.<\/p>\n<\/li>\n<\/ol>\n<h3 style=\"font-size: 19px\">Bonsai A\u011fac\u0131 Nedir?<\/h3>\n<p>Bonsai, saks\u0131larda k\u00fc\u00e7\u00fck a\u011fa\u00e7lar yeti\u015ftirmeyi ve b\u00fcy\u00fctmeyi i\u00e7eren bir Japon sanat formudur. \"Bonsai\" kelimesi Japonca'da \"bir kap i\u00e7ine dikilmi\u015f\" anlam\u0131na gelir. Bonsai a\u011fa\u00e7lar\u0131 belirli bir a\u011fa\u00e7 t\u00fcr\u00fc de\u011fil, daha b\u00fcy\u00fck bir a\u011fac\u0131n minyat\u00fcr bir versiyonunu olu\u015fturmak i\u00e7in kullan\u0131lan bir tekniktir. Bonsai sanat\u00e7\u0131lar\u0131 dikkatli budama, telleme ve e\u011fitim yoluyla olgun a\u011fa\u00e7lara benzeyen ancak boyutlar\u0131 \u00e7ok daha k\u00fc\u00e7\u00fck olan benzersiz ve g\u00fczel \u00f6rnekler yaratabilirler.<\/p>\n<h3 style=\"font-size: 19px\">Neden Kendi Bonsai Kitinizi Yeti\u015ftirmelisiniz?<\/h3>\n<p>Kendi bonsai kitinizi yeti\u015ftirmek bir\u00e7ok fayda sunan m\u00fckemmel bir hobidir. Stres ve kayg\u0131y\u0131 azaltmaya yard\u0131mc\u0131 olabilecek sakinle\u015ftirici bir aktivitedir. Bir bonsai ile ilgilenmek konsantrasyon ve detaylara dikkat etmeyi gerektirir, bu da \u015fu ana odaklanman\u0131za ve fark\u0131ndal\u0131k geli\u015ftirmenize yard\u0131mc\u0131 olabilir. Ayr\u0131ca, bonsai a\u011fa\u00e7lar\u0131 do\u011fal hava temizleyicilerdir ve bir bonsai yeti\u015ftirmek i\u00e7 mekan hava kalitesini iyile\u015ftirmeye yard\u0131mc\u0131 olabilir.<\/p>\n<h3 style=\"font-size: 19px\">Do\u011fru Bonsai Kitini Se\u00e7mek<\/h3>\n<p>Bir bonsai kiti se\u00e7erken, yeti\u015ftirmek istedi\u011finiz a\u011fac\u0131n t\u00fcr\u00fcn\u00fc, saks\u0131 boyutunu ve toprak gereksinimlerini g\u00f6z \u00f6n\u00fcnde bulundurman\u0131z \u00f6nemlidir. Ard\u0131\u00e7, \u00e7am ve ak\u00e7aa\u011fa\u00e7 da dahil olmak \u00fczere aralar\u0131ndan se\u00e7im yapabilece\u011finiz bir\u00e7ok farkl\u0131 bonsai a\u011fac\u0131 t\u00fcr\u00fc vard\u0131r. Her a\u011fac\u0131n farkl\u0131 bak\u0131m gereksinimleri vard\u0131r, bu nedenle se\u00e7ti\u011finiz a\u011fac\u0131n \u00f6zel ihtiya\u00e7lar\u0131n\u0131 ara\u015ft\u0131rman\u0131z \u00e7ok \u00f6nemlidir.<\/p>\n<h3 style=\"font-size: 19px\">Bonsai A\u011fac\u0131n\u0131z\u0131n Dikimi<\/h3>\n<p>Bonsai kitinizi se\u00e7tikten sonra s\u0131ra a\u011fac\u0131n\u0131z\u0131 dikmeye gelir. Saks\u0131y\u0131 a\u011fac\u0131n\u0131z\u0131n t\u00fcr\u00fcne uygun, iyi drene olan bir toprak kar\u0131\u015f\u0131m\u0131yla doldurarak ba\u015flay\u0131n. Ard\u0131ndan, a\u011fac\u0131n\u0131z\u0131 kab\u0131ndan dikkatlice \u00e7\u0131kar\u0131n ve k\u00f6klerini nazik\u00e7e gev\u015fetin. A\u011fac\u0131 saks\u0131n\u0131n ortas\u0131na yerle\u015ftirin ve g\u00f6vdeyi \u00f6rtmemeye dikkat ederek k\u00f6klerin etraf\u0131na daha fazla toprak ekleyin. Son olarak, a\u011fac\u0131 iyice sulay\u0131n ve s\u00fcz\u00fclmesini bekleyin.<\/p>\n<h3 style=\"font-size: 19px\">Bonsai A\u011fac\u0131n\u0131z\u0131n Bak\u0131m\u0131<\/h3>\n<p>Bir bonsai a\u011fac\u0131n\u0131n bak\u0131m\u0131 d\u00fczenli sulama, budama ve g\u00fcbreleme gerektirir. Sulama s\u0131kl\u0131\u011f\u0131 a\u011fac\u0131n t\u00fcr\u00fcne, saks\u0131 boyutuna ve toprak t\u00fcr\u00fcne ba\u011fl\u0131 olacakt\u0131r. Topra\u011f\u0131n nemli tutulmas\u0131 ancak su ile t\u0131kanmamas\u0131 \u00f6nemlidir. Budama da bonsai a\u011fac\u0131n\u0131z\u0131n \u015feklini ve boyutunu korumak i\u00e7in gereklidir. Bonsainizi d\u00fczenli olarak g\u00fcbrelemek, sa\u011fl\u0131kl\u0131 b\u00fcy\u00fcmeyi te\u015fvik etmeye ve besin eksikliklerini \u00f6nlemeye yard\u0131mc\u0131 olabilir.<\/p><\/p>","protected":false},"excerpt":{"rendered":"<p>Bonsai A\u011fac\u0131 Tohum Ba\u015flang\u0131\u00e7 Kiti - Mini Bonsai Bitki Yeti\u015ftirme Kiti, 4 \u00c7e\u015fit Tohum, Saks\u0131 Topra\u011f\u0131, Saks\u0131lar, Budama Makas\u0131 Makas Aleti, Bitki \u0130\u015faretleyicileri, Ah\u015fap Hediye Kutusu, Kapal\u0131 Bah\u00e7e Bah\u00e7e Hediyeleri Fikirleri<\/p>\n<p>Kendi bonsai yeti\u015ftirme kitinizde genellikle k\u00fc\u00e7\u00fck bir a\u011fa\u00e7, toprak ve bir saks\u0131 bulunur. Kit ayr\u0131ca bonsai dikimi ve bak\u0131m\u0131yla ilgili talimatlar\u0131n yan\u0131 s\u0131ra budama makas\u0131 gibi aletler de i\u00e7erebilir. Bonsai a\u011fa\u00e7lar\u0131, benzersiz ve g\u00fczel \u00f6rnekler yaratmak i\u00e7in \u00f6zenle yeti\u015ftirilen ve zaman i\u00e7inde \u015fekillendirilen daha b\u00fcy\u00fck a\u011fa\u00e7lar\u0131n minyat\u00fcr versiyonlar\u0131d\u0131r. Bonsai yeti\u015ftirme s\u00fcreci rahatlat\u0131c\u0131 ve \u00f6d\u00fcllendirici bir hobi olabilir ancak sab\u0131r ve detaylara dikkat gerektirir.<\/p><\/p>","protected":false},"featured_media":17956,"comment_status":"closed","ping_status":"closed","template":"","meta":[],"product_cat":[40],"product_tag":[820,822,826,825,821,818,824,819,112,823],"acf":[],"_links":{"self":[{"href":"https:\/\/www.garden-kit.com\/tr\/wp-json\/wp\/v2\/product\/6462"}],"collection":[{"href":"https:\/\/www.garden-kit.com\/tr\/wp-json\/wp\/v2\/product"}],"about":[{"href":"https:\/\/www.garden-kit.com\/tr\/wp-json\/wp\/v2\/types\/product"}],"replies":[{"embeddable":true,"href":"https:\/\/www.garden-kit.com\/tr\/wp-json\/wp\/v2\/comments?post=6462"}],"wp:featuredmedia":[{"embeddable":true,"href":"https:\/\/www.garden-kit.com\/tr\/wp-json\/wp\/v2\/media\/17956"}],"wp:attachment":[{"href":"https:\/\/www.garden-kit.com\/tr\/wp-json\/wp\/v2\/media?parent=6462"}],"wp:term":[{"taxonomy":"product_cat","embeddable":true,"href":"https:\/\/www.garden-kit.com\/tr\/wp-json\/wp\/v2\/product_cat?post=6462"},{"taxonomy":"product_tag","embeddable":true,"href":"https:\/\/www.garden-kit.com\/tr\/wp-json\/wp\/v2\/product_tag?post=6462"}],"curies":[{"name":"wp","href":"https:\/\/api.w.org\/{rel}","templated":true}]}}