{"id":6468,"date":"2022-11-07T10:48:36","date_gmt":"2022-11-07T02:48:36","guid":{"rendered":"https:\/\/www.garden-kit.com\/product\/easy-bonsai-starter-kit-2\/"},"modified":"2023-03-31T14:43:13","modified_gmt":"2023-03-31T06:43:13","slug":"easy-bonsai-starter-kit-2","status":"publish","type":"product","link":"https:\/\/www.garden-kit.com\/tr\/product\/easy-bonsai-starter-kit-2\/","title":{"rendered":"Kolay Bonsai Ba\u015flang\u0131\u00e7 Setleri"},"content":{"rendered":"<p>Kendi bonsai a\u011fac\u0131n\u0131z\u0131 yeti\u015ftirin - hayallerinizdeki bonsai'yi yaratmak i\u00e7in ihtiyac\u0131n\u0131z olan her \u015fey! - Di\u011fer kitlerin aksine, bonsainizi yeti\u015ftirmek i\u00e7in yerel bah\u00e7e merkezinizi ziyaret etmenize gerek yok. Zaman\u0131n\u0131z\u0131 bonsai deneyiminin tad\u0131n\u0131 \u00e7\u0131kararak ve evinize g\u00fczel bir ye\u015fil alan ekleyerek ge\u00e7irin.<\/p>\n<p>Yeni ba\u015flayanlar i\u00e7in veya l\u00fcks bir hediye olarak harika: - Sevdikleriniz i\u00e7in kaliteli ve l\u00fcks bir hediye mi ar\u0131yorsunuz? Ba\u015fka yere bakman\u0131za gerek yok, bu premium kit yeni ba\u015flayanlar i\u00e7in \u00fcst\u00fcn bir bonsai deneyimi sunuyor. \u00d6nceden pratik yapmaya gerek yoktur.<\/p>\n<p>D\u00f6rt Klasik Bonsai A\u011fac\u0131: - Yugen'in ba\u015flang\u0131\u00e7 bonsai tohum kiti, d\u00f6rt muhte\u015fem bonsai a\u011fac\u0131 yeti\u015ftirmek i\u00e7in ihtiyac\u0131n\u0131z olan her \u015feyi i\u00e7erir. Japon Kara \u00c7am\u0131, Mavi \u00c7i\u00e7ek, Cotoneaster ve C\u00fcce \u015eemsiye A\u011fac\u0131 yeti\u015ftirmek i\u00e7in bu kiti kullan\u0131n.<\/p>\n<p>Bir dikim k\u0131lavuzu i\u00e7erir: - Ayr\u0131nt\u0131l\u0131 dikim rehberimiz ile k\u0131sa s\u00fcrede bir bonsai uzman\u0131 olacaks\u0131n\u0131z. Yard\u0131m veya rehberlik i\u00e7in istedi\u011finiz zaman bizimle ileti\u015fime ge\u00e7ebilece\u011finizden, bonsai yeti\u015ftirme ihtiya\u00e7lar\u0131n\u0131z i\u00e7in \u00f6m\u00fcr boyu destek alacaks\u0131n\u0131z.<\/p>\n<p>Hayalinizdeki bonsai a\u011fac\u0131n\u0131 yeti\u015ftirmek hi\u00e7 bu kadar kolay olmam\u0131\u015ft\u0131. Bonsai a\u011fa\u00e7lar\u0131 evlere sakinle\u015ftirici bir hava katar ya da bir kent bah\u00e7esinin merkezinde yer alabilir. Bu a\u011fa\u00e7lar s\u00fcrekli b\u00fcy\u00fcyen \u015fehir i\u00e7in m\u00fckemmel boyuttad\u0131r. Evinizde ye\u015fil alan olmas\u0131 \u00e7ok \u00f6nemlidir ve bonsai bu amaca ula\u015fmak i\u00e7in m\u00fckemmel bir yoldur.<\/p>\n<p>D\u00f6rt klasik bonsai tohumu<br \/>Cotoneaster \u0130ngiltere i\u00e7in ideal olan dayan\u0131kl\u0131 bir a\u011fa\u00e7t\u0131r \u00e7\u00fcnk\u00fc daha so\u011fuk iklimlere iyi uyum sa\u011flarlar ve yaz sonunda turuncu ve k\u0131rm\u0131z\u0131 meyveler olgunla\u015fmadan \u00f6nce pembe ve beyaz \u00e7i\u00e7ekler \u00fcretirler.<\/p>\n<p>\u00c7ok pop\u00fcler bir bonsai a\u011fac\u0131 olan Japon Kara\u00e7am\u0131, so\u011fuk havaya dayan\u0131kl\u0131, yeti\u015ftirilmesi nispeten kolay bir a\u011fa\u00e7t\u0131r ve \u0130ngiltere i\u00e7in ideal bir se\u00e7imdir. Bu tohumlar karakter dolu, g\u00fc\u00e7l\u00fc ve erkeksi bir a\u011fa\u00e7 \u00fcretecektir.<\/p>\n<p>Bluebonnet, g\u00fczel b\u00fcy\u00fck \u00e7an \u015feklindeki mor \u00e7i\u00e7ekleri ve \u00e7arp\u0131c\u0131 dantelli e\u011frelti otu benzeri yapraklar\u0131 ile muhte\u015fem bir bonsai'dir. \u00c7arp\u0131c\u0131 mor renk ye\u015fil yapraklarla tezat olu\u015fturur ve bu a\u011fa\u00e7 herhangi bir evde veya bah\u00e7ede inan\u0131lmaz g\u00f6r\u00fcnecektir!<\/p>\n<p>C\u00fcce \u015femsiyeler G\u00fcneydo\u011fu Asya'da \u00e7ok yayg\u0131nd\u0131r ve bonsai'ye daha da fazla karakter katmak i\u00e7in hava k\u00f6kleri yeti\u015ftirme yetene\u011fine sahiptir. Bu \u00f6zel bonsai a\u011fac\u0131 muhtemelen yeti\u015ftirmesi ve bak\u0131m\u0131 en kolay a\u011fa\u00e7lardan biridir, bu da onu yeni ba\u015flayanlar i\u00e7in m\u00fckemmel k\u0131lar.<\/p>","protected":false},"excerpt":{"rendered":"<p>Ba\u015flang\u0131\u00e7 Bonsai Tohumlar\u0131 Seti | Kendi Bonsai A\u011fa\u00e7lar\u0131n\u0131z\u0131 Yeti\u015ftirin | Bonsai&#039;ye Yeni Ba\u015flayanlar ve Merakl\u0131lar\u0131 i\u00e7in M\u00fckemmel<\/p>","protected":false},"featured_media":12115,"comment_status":"open","ping_status":"closed","template":"","meta":[],"product_cat":[40],"product_tag":[49],"acf":[],"_links":{"self":[{"href":"https:\/\/www.garden-kit.com\/tr\/wp-json\/wp\/v2\/product\/6468"}],"collection":[{"href":"https:\/\/www.garden-kit.com\/tr\/wp-json\/wp\/v2\/product"}],"about":[{"href":"https:\/\/www.garden-kit.com\/tr\/wp-json\/wp\/v2\/types\/product"}],"replies":[{"embeddable":true,"href":"https:\/\/www.garden-kit.com\/tr\/wp-json\/wp\/v2\/comments?post=6468"}],"wp:featuredmedia":[{"embeddable":true,"href":"https:\/\/www.garden-kit.com\/tr\/wp-json\/wp\/v2\/media\/12115"}],"wp:attachment":[{"href":"https:\/\/www.garden-kit.com\/tr\/wp-json\/wp\/v2\/media?parent=6468"}],"wp:term":[{"taxonomy":"product_cat","embeddable":true,"href":"https:\/\/www.garden-kit.com\/tr\/wp-json\/wp\/v2\/product_cat?post=6468"},{"taxonomy":"product_tag","embeddable":true,"href":"https:\/\/www.garden-kit.com\/tr\/wp-json\/wp\/v2\/product_tag?post=6468"}],"curies":[{"name":"wp","href":"https:\/\/api.w.org\/{rel}","templated":true}]}}