{"id":6475,"date":"2022-11-07T10:54:10","date_gmt":"2022-11-07T02:54:10","guid":{"rendered":"https:\/\/www.garden-kit.com\/product\/grow-starter-kit\/"},"modified":"2023-03-31T14:44:22","modified_gmt":"2023-03-31T06:44:22","slug":"grow-starter-kit-2","status":"publish","type":"product","link":"https:\/\/www.garden-kit.com\/tr\/product\/grow-starter-kit-2\/","title":{"rendered":"B\u00fcy\u00fcme Ba\u015flang\u0131\u00e7 Kiti"},"content":{"rendered":"<p>BONSA\u0130 A\u011eACI TOHUMLARI K\u0130T\u0130 \u2013 4 G\u00dcZEL BONSA\u0130 A\u011eACI YET\u0130\u015eT\u0130RMEK \u0130\u00c7\u0130N \u0130HT\u0130YACINIZ OLAN HER \u015eEY:<\/p>\n<p>Grow Buddha Kendi Bonsai A\u011fac\u0131n\u0131z\u0131 Yeti\u015ftirin ba\u015flang\u0131\u00e7 seti, tek bir kutuda 4 \u00e7e\u015fit g\u00fczel Bonsai a\u011fac\u0131 yeti\u015ftirmek i\u00e7in gereken t\u00fcm \u00f6\u011feleri i\u00e7erir. Ayr\u0131ca tohumlar, saks\u0131lar, toprak, makaslar, isim etiketleri, plastik bir kap, bir kitap\u00e7\u0131k ve hatta bir e-kitap da alacaks\u0131n\u0131z.<\/p>\n<p>Y\u00dcKSEK \u00c7\u0130MLENME ORANLARI (KEND\u0130M\u0130Z TEST ED\u0130LM\u0130\u015eT\u0130R): T\u00fcm Bonsai tohumlar\u0131m\u0131z \u00c7in&#039;den sayg\u0131n fidanl\u0131klardan temin edilmektedir. Bonsai Kit serilerimizin herhangi birinde tohumlar\u0131 sunmadan \u00f6nce tohumlar\u0131 kendimiz test ettik ve \u00e7imlendirdik.<\/p>\n<p>PREMIUM BONSAI TA\u015eIYICI DAH\u0130L - Di\u011fer Bonsai A\u011fac\u0131 kitlerinin aksine, kitlerimiz en y\u00fcksek standartlarda haz\u0131rlanm\u0131\u015f Premium Bonsai saks\u0131s\u0131yla birlikte gelir.<\/p>\n<p>TAMAMEN BA\u015eLANGI\u00c7 DOSTU: Kitlerimiz hem yeni ba\u015flayanlar, ustalar hem de \u00e7ocuklar i\u00e7in idealdir. Grow Buddha Bonsai Ba\u015flang\u0131\u00e7 Setlerini geli\u015ftirirken Bonsai kitlerimizin tamamen yeni ba\u015flayanlar i\u00e7in uygun olmas\u0131n\u0131 sa\u011fl\u0131yoruz.<\/p>\n<p>GER\u00c7EKTEN E\u015eS\u0130Z B\u0130R HED\u0130YE F\u0130K\u0130R\u0130: Bitkileri seven \u00f6zel birini tan\u0131yor musunuz? Bu e\u015fsiz ve \u00f6zenle haz\u0131rlanm\u0131\u015f Bonsai Ba\u015flang\u0131\u00e7 Setini ald\u0131klar\u0131nda onlar\u0131n heyecan\u0131n\u0131 bir d\u00fc\u015f\u00fcn\u00fcn. Bu anneler g\u00fcn\u00fc, bah\u00e7\u0131vanlar, yeni ba\u015flayanlar, \u00e7ocuklar, anneler, babalar, b\u00fcy\u00fckbabalar, b\u00fcy\u00fckanneler, ofis ve hatta en tecr\u00fcbeli botanik\u00e7iler i\u00e7in t\u00fcr\u00fcn\u00fcn tek \u00f6rne\u011fi bir hediye.<\/p>\n<p>HER BONSA\u0130 K\u0130T\u0130N\u0130N \u0130\u00c7ER\u0130\u011e\u0130:<\/p>\n<p>\u2705 1 adet Premium Plastik Tencere<br \/>\u2705 4 Biyobozunur Saks\u0131<br \/>\u2705 4 Geni\u015fletilebilir Toprak Diski<br \/>\u2705 4 \u00c7e\u015fit Bonsai A\u011fac\u0131 Tohumu + 2 \u00dccretsiz Hediye Tohum<br \/>\u2705 5 Bitki Etiketi Tabelas\u0131<br \/>\u2705 1 \u00c7ift Bonsai A\u011fac\u0131 Makas\u0131<br \/>\u2705 1 Ciltsiz Kullan\u0131m K\u0131lavuzu<br \/>\u2705 1 Kapsaml\u0131 Bonsai E-Kitab\u0131<br \/>\u2705 \u00c7evrimi\u00e7i Video E\u011fitimleri<\/p>\n<p>NEDEN B\u0130Z\u0130M K\u0130T\u0130M?<br \/>Bah\u00e7e kiti Bonsai A\u011fac\u0131 Seti benzersizdir \u00e7\u00fcnk\u00fc size tek bir Bonsai Kitinde 4 \u00e7e\u015fit Bonsai a\u011fac\u0131 tohumu sunmaktay\u0131z, ayn\u0131 zamanda sat\u0131n almadan kendi Bonsai a\u011fac\u0131n\u0131z\u0131 b\u00fcy\u00fctmek i\u00e7in ihtiya\u00e7 duyaca\u011f\u0131n\u0131z her \u015feyi sa\u011flad\u0131\u011f\u0131m\u0131zdan emin olmak i\u00e7in yukar\u0131da ve \u00f6teye gittik. ba\u015fka bir \u015fey.<\/p>\n<p>Rakiplerimizin aksine, Bonsai Ba\u015flang\u0131\u00e7 Kitimizle m\u00fckemmel kalite ve paran\u0131n kar\u015f\u0131l\u0131\u011f\u0131n\u0131 sa\u011fl\u0131yoruz. Sadece bu da de\u011fil, tohumlar\u0131 kapsaml\u0131 bir \u015fekilde test etmek ve her partiyi sat\u0131\u015fa onaylamadan \u00f6nce onlar\u0131 yeti\u015ftirmeye \u00e7al\u0131\u015fmak i\u00e7in zaman\u0131m\u0131z\u0131 ve kaynaklar\u0131m\u0131z\u0131 harcad\u0131k.<\/p>\n<p>*** EK B\u0130LG\u0130LER ***<\/p>\n<p>M\u00fc\u015fterilerimizin her birine, Bonsai a\u011fa\u00e7lar\u0131n\u0131z\u0131 nas\u0131l yeti\u015ftirece\u011finize dair kitlerimizin i\u00e7inde karton kapakl\u0131 bir kopya olarak tam bir kullan\u0131m k\u0131lavuzu verilecektir.<\/p>\n<p>FAKAT BEKLE\u2026. DAHASI VAR!!<\/p>\n<p>Kitlerimiz ayn\u0131 zamanda Bonsai d\u00fcnyas\u0131 hakk\u0131nda bilmeniz gereken her \u015feyi size \u00f6\u011freten tam kapsaml\u0131 bir Bonsai E-Kitab\u0131 ile birlikte gelir.<\/p>\n<p>\u2705 Tamamen Ba\u015flang\u0131\u00e7 Dostu<\/p>\n<p>\u2705 Harika bir Hediye Fikri Olur<\/p>\n<p>\u2705 \u00c7imlenme Garantili<\/p>\n<p>\u2705 Ad\u0131m ad\u0131m video e\u011fitimlerine eri\u015fim<\/p>\n<p>\u2705Talimatlar\u0131 takip etmek kolay<\/p>\n<p>\u2705 \u00dccretsiz Bah\u00e7ecilik uzman\u0131 deste\u011fi<\/p><\/p>","protected":false},"excerpt":{"rendered":"<p>B\u00dcY\u00dcME K\u0130T\u0130, BONSA\u0130 Kiti, Bonsai Tohumlar\u0131 4 T\u00fcr Bonsai A\u011fac\u0131 Yeti\u015ftirir Do\u011fa Sevgilisi Yeni Eve Ta\u015f\u0131nma Hediyesi, Bonsai A\u011fac\u0131 Ba\u015flang\u0131\u00e7 Seti<\/p>","protected":false},"featured_media":12117,"comment_status":"open","ping_status":"closed","template":"","meta":[],"product_cat":[40],"product_tag":[323],"acf":[],"_links":{"self":[{"href":"https:\/\/www.garden-kit.com\/tr\/wp-json\/wp\/v2\/product\/6475"}],"collection":[{"href":"https:\/\/www.garden-kit.com\/tr\/wp-json\/wp\/v2\/product"}],"about":[{"href":"https:\/\/www.garden-kit.com\/tr\/wp-json\/wp\/v2\/types\/product"}],"replies":[{"embeddable":true,"href":"https:\/\/www.garden-kit.com\/tr\/wp-json\/wp\/v2\/comments?post=6475"}],"wp:featuredmedia":[{"embeddable":true,"href":"https:\/\/www.garden-kit.com\/tr\/wp-json\/wp\/v2\/media\/12117"}],"wp:attachment":[{"href":"https:\/\/www.garden-kit.com\/tr\/wp-json\/wp\/v2\/media?parent=6475"}],"wp:term":[{"taxonomy":"product_cat","embeddable":true,"href":"https:\/\/www.garden-kit.com\/tr\/wp-json\/wp\/v2\/product_cat?post=6475"},{"taxonomy":"product_tag","embeddable":true,"href":"https:\/\/www.garden-kit.com\/tr\/wp-json\/wp\/v2\/product_tag?post=6475"}],"curies":[{"name":"wp","href":"https:\/\/api.w.org\/{rel}","templated":true}]}}