{"id":6493,"date":"2022-11-07T10:57:40","date_gmt":"2022-11-07T02:57:40","guid":{"rendered":"https:\/\/www.garden-kit.com\/product\/best-seed-starter-kit\/"},"modified":"2023-08-15T20:03:21","modified_gmt":"2023-08-15T12:03:21","slug":"best-seed-starter-kit","status":"publish","type":"product","link":"https:\/\/www.garden-kit.com\/tr\/product\/best-seed-starter-kit\/","title":{"rendered":"En \u0130yi Tohum Ba\u015flang\u0131\u00e7 Seti"},"content":{"rendered":"<h3 style=\"line-height: 1.5;font-size: 19px\"><span style=\"font-family: arial, helvetica, sans-serif\">BONSAI A\u011eACI BA\u015eLANGI\u00c7 KITI<\/span><\/h3>\n<p style=\"line-height: 1.5\"><span style=\"font-family: arial, helvetica, sans-serif\">Evde Kolayca 8 \u00c7e\u015fit Bonsai A\u011fac\u0131 Yeti\u015ftirin<\/span><\/p>\n<p style=\"line-height: 1.5\"><span style=\"font-family: arial, helvetica, sans-serif\">Grow Buddha, benzersiz bir Bonsai A\u011fac\u0131 ba\u015flang\u0131\u00e7 kiti olu\u015fturmak i\u00e7in d\u00fcnyan\u0131n d\u00f6rt bir yan\u0131ndan en g\u00fczel ve yeti\u015ftirmesi kolay 8 Bonsai A\u011fac\u0131n\u0131 \u00f6zenle se\u00e7ti. Elle se\u00e7ilmi\u015f Bonsai \u00e7e\u015fitlerimiz herkes taraf\u0131ndan yeti\u015ftirilebilir. \u0130ster yeni ba\u015flayan ister deneyimli bir botanik\u00e7i olun, Bonsai tohumlar\u0131m\u0131z sizi hayal k\u0131r\u0131kl\u0131\u011f\u0131na u\u011fratmayacakt\u0131r.<\/span><\/p>\n<p style=\"line-height: 1.5\"><span style=\"font-family: arial, helvetica, sans-serif\">Kitlerimiz, her tohum \u00e7e\u015fidinin nas\u0131l \u00e7imlendirilece\u011fine dair takip etmesi kolay Video E\u011fitimleri i\u00e7erir. Ayr\u0131ca, Bonsai d\u00fcnyas\u0131 hakk\u0131nda bilmeniz gereken her \u015feyi size \u00f6\u011freten bir Bonsai E-Kitab\u0131 da ekledik.<\/span><\/p>\n<h3 style=\"line-height: 1.5;font-size: 19px\"><span style=\"font-family: arial, helvetica, sans-serif\">HER KIT \u015eUNLARI I\u00c7ERIR:<\/span><\/h3>\n<p style=\"line-height: 1.5\"><span style=\"font-family: arial, helvetica, sans-serif\">8 \u00c7e\u015fit Bonsai Tohumu<\/span><br \/><span style=\"font-family: arial, helvetica, sans-serif\">Video E\u011fitimleri<\/span><br \/><span style=\"font-family: arial, helvetica, sans-serif\">E-Kitap<\/span><br \/><span style=\"font-family: arial, helvetica, sans-serif\">Talimatlar K\u0131lavuzu<\/span><br \/><span style=\"font-family: arial, helvetica, sans-serif\">Bonsai Makas\u0131<\/span><br \/><span style=\"font-family: arial, helvetica, sans-serif\">8 Biyolojik olarak par\u00e7alanabilen saks\u0131lar<\/span><br \/><span style=\"font-family: arial, helvetica, sans-serif\">8 Toprak Diski<\/span><br \/><span style=\"font-family: arial, helvetica, sans-serif\">10 \u0130sim Etiketi<\/span><\/p>\n<h3 style=\"line-height: 1.5;font-size: 19px\"><span style=\"font-family: arial, helvetica, sans-serif\">NEDEN B\u0130Z\u0130M K\u0130T\u0130M?<\/span><\/h3>\n<p style=\"line-height: 1.5\"><span style=\"font-family: arial, helvetica, sans-serif\">Bu Bonsai A\u011fac\u0131 Kiti, yaln\u0131zca size tek bir Bonsai Kitinde 4 t\u00fcr Bonsai a\u011fac\u0131 tohumu sa\u011flad\u0131\u011f\u0131m\u0131z i\u00e7in benzersiz de\u011fildir, ayn\u0131 zamanda ba\u015fka bir \u015fey sat\u0131n almadan kendi Bonsai a\u011fac\u0131n\u0131z\u0131 yeti\u015ftirmek i\u00e7in ihtiya\u00e7 duyaca\u011f\u0131n\u0131z her \u015feyi sa\u011flad\u0131\u011f\u0131m\u0131zdan emin olmak i\u00e7in yukar\u0131da ve \u00f6teye gittik.<\/span><\/p>\n<p style=\"line-height: 1.5\"><span style=\"font-family: arial, helvetica, sans-serif\">Rakiplerimizin aksine, Bonsai Ba\u015flang\u0131\u00e7 Kitimizle m\u00fckemmel kalite ve paran\u0131n kar\u015f\u0131l\u0131\u011f\u0131n\u0131 sa\u011fl\u0131yoruz. Sadece bu da de\u011fil, tohumlar\u0131 kapsaml\u0131 bir \u015fekilde test etmek ve her partiyi sat\u0131\u015fa onaylamadan \u00f6nce onlar\u0131 yeti\u015ftirmeye \u00e7al\u0131\u015fmak i\u00e7in zaman\u0131m\u0131z\u0131 ve kaynaklar\u0131m\u0131z\u0131 harcad\u0131k.<\/span><\/p>\n<h2 style=\"font-size: 20px\">Enfes Tohum Filizlendirme Kiti: \u0130htiya\u00e7lar\u0131n\u0131za G\u00f6re Uyarlanm\u0131\u015f Benzersiz Desenler<\/h2>\n<p>Ye\u015fil ya\u015fam ve kendi kendine yeterlilik aray\u0131\u015f\u0131nda, size sonsuz olas\u0131l\u0131klar sunan Exquisite Tohum Filizlendirme Kitimizi sunmaktan gurur duyuyoruz. Kitlerimiz basit bir tohum y\u0131\u011f\u0131n\u0131ndan daha fazlas\u0131d\u0131r, ya\u015fam\u0131n g\u00fczelli\u011fini ke\u015ffetmek i\u00e7in bir yolculuktur. Her al\u0131c\u0131n\u0131n kendine \u00f6zg\u00fc bir yeti\u015ftirme felsefesi ve zevki oldu\u011funu biliyoruz, bu nedenle tohum \u00e7imlendirme kitinizi benzersiz k\u0131lmak i\u00e7in eksiksiz bir \u00f6zelle\u015ftirilebilir \u00fcretim yelpazesi sunuyoruz.<\/p>\n<h2 style=\"font-size: 20px\">Neden tohum \u00e7imlendirme kitlerimizi se\u00e7melisiniz?<\/h2>\n<p>Benzersiz \u00d6zelle\u015ftirme: Her al\u0131c\u0131n\u0131n ihtiya\u00e7lar\u0131n\u0131n benzersiz oldu\u011funu biliyoruz, bu nedenle tohum \u00e7imlendirme kitlerimiz gereksinimlerinizi kar\u015f\u0131layacak \u015fekilde \u00f6zelle\u015ftirilebilir. Tohum \u00e7e\u015fidini, miktar\u0131n\u0131 ve oran\u0131n\u0131 se\u00e7ebilir, hatta kitler i\u00e7in kendi ambalaj\u0131n\u0131z\u0131 ve etiketlemenizi tasarlayarak markan\u0131z\u0131 veya ki\u015fili\u011finizi yans\u0131tabilirsiniz.<\/p>\n<p>KAL\u0130TE G\u00dcVENCES\u0130: Tohumlar\u0131m\u0131z\u0131n y\u00fcksek kalitesinin arkas\u0131nday\u0131z, her birinin m\u00fckemmel \u00e7imlenme oranlar\u0131na ve b\u00fcy\u00fcme potansiyeline sahip olmas\u0131n\u0131 sa\u011fl\u0131yoruz. Tohumlar, sa\u011fl\u0131kl\u0131 ve g\u00fc\u00e7l\u00fc bitkiler elde etmenizi sa\u011flamak i\u00e7in \u00f6zenle se\u00e7ilir.<\/p>\n<p>PROFESYONEL TAVS\u0130YE VE REHBERL\u0130K: Deneyimli bah\u00e7ecilik uzmanlar\u0131ndan olu\u015fan ekibimiz, iyi bir hasat elde etmenize yard\u0131mc\u0131 olmak i\u00e7in dikim, bak\u0131m ve y\u00f6netim konular\u0131nda size uzman tavsiyesi verecektir.<\/p>\n<h2 style=\"font-size: 20px\">kit \u00f6zellikleri:<\/h2>\n<p>\u00c7e\u015fit se\u00e7imi:<\/p>\n<p>Farkl\u0131 ekim ihtiya\u00e7lar\u0131n\u0131z\u0131 ve esteti\u011finizi kar\u015f\u0131lamak i\u00e7in \u00e7i\u00e7ekler, sebzeler, otlar vb. dahil olmak \u00fczere \u00e7ok \u00e7e\u015fitli tohum \u00e7e\u015fitlerine sahibiz.<\/p>\n<\/p>\n<p>Verimli \u00e7imlendirme teknolojisi:<\/p>\n<p>\u0130leri teknolojimiz sayesinde, setteki tohumlar h\u0131zl\u0131 ve e\u015fit bir \u015fekilde \u00e7imlenebilir ve bitkilerin sa\u011fl\u0131kl\u0131 b\u00fcy\u00fcmesi i\u00e7in iyi bir temel olu\u015fturur.<\/p>\n<\/p>\n<p>\u00c7evre dostu malzemeler:<\/p>\n<p>S\u00fcrd\u00fcr\u00fclebilir kalk\u0131nmaya odaklan\u0131yoruz ve setin ambalaj malzemelerinin tamam\u0131 hem bitkileri hem de d\u00fcnyay\u0131 koruyan \u00e7evre dostudur.<\/p>\n<\/p>\n<p>Ki\u015fiselle\u015ftirilmi\u015f Ambalaj:<\/p>\n<p>\u0130ster bir hediye ister bir sat\u0131\u015f kanal\u0131 olarak, tohum \u00e7imlendirme kitinizi daha \u00e7ekici hale getirmek i\u00e7in kit i\u00e7in ki\u015fiselle\u015ftirilmi\u015f ambalaj tasarlayabilirsiniz.<\/p>\n<\/p>\n<p>Bitki hayalleriniz, onlar\u0131 sizinle birlikte yarat\u0131yoruz. \u0130ster evinizin bah\u00e7esinde g\u00fczel \u00e7i\u00e7ekler yeti\u015ftirmek, ister \u015fehir balkonunuzda taze sebzeler yeti\u015ftirmek isteyin, enfes tohum \u00e7imlendirme kitlerimiz sa\u011f eliniz olacak. Gelin birlikte ye\u015fil, canl\u0131 bir gelecek yaratal\u0131m!<\/p>\n<p style=\"line-height: 1.5\">","protected":false},"excerpt":{"rendered":"<p>TOHUM BA\u015eLANGI\u00c7 K\u0130T\u0130, \u00c7imlenme Kiti, 8 \u00c7e\u015fit Buda Bonsai Tohumu Ba\u015flang\u0131\u00e7 Kiti, Ba\u015flang\u0131\u00e7 Dostu Bonsai A\u011fac\u0131 Saks\u0131s\u0131<\/p>","protected":false},"featured_media":16037,"comment_status":"open","ping_status":"closed","template":"","meta":[],"product_cat":[40],"product_tag":[621,619,623,620,618,324,624,622,625],"acf":[],"_links":{"self":[{"href":"https:\/\/www.garden-kit.com\/tr\/wp-json\/wp\/v2\/product\/6493"}],"collection":[{"href":"https:\/\/www.garden-kit.com\/tr\/wp-json\/wp\/v2\/product"}],"about":[{"href":"https:\/\/www.garden-kit.com\/tr\/wp-json\/wp\/v2\/types\/product"}],"replies":[{"embeddable":true,"href":"https:\/\/www.garden-kit.com\/tr\/wp-json\/wp\/v2\/comments?post=6493"}],"wp:featuredmedia":[{"embeddable":true,"href":"https:\/\/www.garden-kit.com\/tr\/wp-json\/wp\/v2\/media\/16037"}],"wp:attachment":[{"href":"https:\/\/www.garden-kit.com\/tr\/wp-json\/wp\/v2\/media?parent=6493"}],"wp:term":[{"taxonomy":"product_cat","embeddable":true,"href":"https:\/\/www.garden-kit.com\/tr\/wp-json\/wp\/v2\/product_cat?post=6493"},{"taxonomy":"product_tag","embeddable":true,"href":"https:\/\/www.garden-kit.com\/tr\/wp-json\/wp\/v2\/product_tag?post=6493"}],"curies":[{"name":"wp","href":"https:\/\/api.w.org\/{rel}","templated":true}]}}