{"id":6500,"date":"2022-11-07T11:02:45","date_gmt":"2022-11-07T03:02:45","guid":{"rendered":"https:\/\/www.garden-kit.com\/product\/christmas-tree-starter-kit\/"},"modified":"2023-03-31T14:42:41","modified_gmt":"2023-03-31T06:42:41","slug":"christmas-tree-starter-kit","status":"publish","type":"product","link":"https:\/\/www.garden-kit.com\/tr\/product\/christmas-tree-starter-kit\/","title":{"rendered":"Noel A\u011fac\u0131 Ba\u015flang\u0131\u00e7 Seti"},"content":{"rendered":"<p style=\"line-height: 1.5\"><span style=\"font-family: arial, helvetica, sans-serif\">KEND\u0130 YILBA\u015eI A\u011eACINI YET\u0130\u015eT\u0130R<\/span><\/p>\n<p style=\"line-height: 1.5\"><span style=\"font-family: arial, helvetica, sans-serif\">TOHUMLARDAN 4 \u00c7E\u015e\u0130T YILBA\u015eI A\u011eACI YET\u0130\u015eT\u0130RMEK \u0130\u00c7\u0130N \u0130HT\u0130YACINIZ OLAN HER \u015eEY<\/span><\/p>\n<p style=\"line-height: 1.5\"><span style=\"font-family: arial, helvetica, sans-serif\">Bir a\u011fa\u00e7, b\u00fcy\u00fcyecek ve gelecek nesillerin t\u00fcm unutulmaz olaylar\u0131 i\u00e7in sizinle birlikte kalacak bir dosttur. Noel a\u011fac\u0131n\u0131zla derin bir ba\u011f\u0131n\u0131z olsayd\u0131 ve o her Noel&#039;de yan\u0131n\u0131zda olsayd\u0131 ne kadar b\u00fcy\u00fcl\u00fc olurdu!<\/span><\/p>\n<p style=\"line-height: 1.5\"><span style=\"font-family: arial, helvetica, sans-serif\">Garden-Kit Noel A\u011fac\u0131 Kiti ile Noel \u015fenliklerinizi daha da heyecanl\u0131 hale getirin.<\/span><\/p>\n<p style=\"line-height: 1.5\"><span style=\"font-family: arial, helvetica, sans-serif\">HER GROW Bah\u00e7e Kiti A\u011eA\u00c7 TOHUMLARI K\u0130T\u0130, acemi bir bah\u00e7\u0131van olarak bile kendi a\u011fac\u0131n\u0131z\u0131 m\u00fckemmel bir \u015fekilde yeti\u015ftirmeniz i\u00e7in \u00f6zenle se\u00e7ilmi\u015f bu \u00f6\u011feleri i\u00e7erir:<\/span><\/p>\n<p style=\"line-height: 1.5\"><span style=\"font-family: arial, helvetica, sans-serif\">\u2705 4 \u00c7e\u015fit Noel A\u011fac\u0131 Tohumu<\/span><\/p>\n<p style=\"line-height: 1.5\"><span style=\"font-family: arial, helvetica, sans-serif\">\u2705 4 Biyobozunur Saks\u0131<\/span><\/p>\n<p style=\"line-height: 1.5\"><span style=\"font-family: arial, helvetica, sans-serif\">\u27054 adet Coco Disk<\/span><\/p>\n<p style=\"line-height: 1.5\"><span style=\"font-family: arial, helvetica, sans-serif\">\u2705 5 \u0130sim Etiketi<\/span><\/p>\n<p style=\"line-height: 1.5\"><span style=\"font-family: arial, helvetica, sans-serif\">\u2705 1 adet Yaprak D\u00fczeltici<\/span><\/p>\n<p style=\"line-height: 1.5\"><span style=\"font-family: arial, helvetica, sans-serif\">\u2705 1 adet Kullan\u0131m Kitap\u00e7\u0131\u011f\u0131<\/span><\/p>\n<p style=\"line-height: 1.5\"><span style=\"font-family: arial, helvetica, sans-serif\">\u2705 1 Bitki Saks\u0131s\u0131<\/span><\/p>\n<h3 style=\"line-height: 1.5;font-size: 19px\"><span style=\"font-family: arial, helvetica, sans-serif\">NEDEN B\u0130Z\u0130 SE\u00c7MEL\u0130S\u0130N\u0130Z?<\/span><\/h3>\n<p style=\"line-height: 1.5\"><span style=\"font-family: arial, helvetica, sans-serif\">Grow Buddha Noel A\u011fac\u0131 Seti size kendi g\u00fczel Noel a\u011fac\u0131n\u0131z\u0131 yeti\u015ftirme konusunda muhte\u015fem bir deneyim sunar. Bah\u00e7ecilik s\u00fcrecini kolayla\u015ft\u0131rmak i\u00e7in her olas\u0131l\u0131\u011f\u0131 d\u00fc\u015f\u00fcnd\u00fck ve sizin i\u00e7in, kendi bah\u00e7enizde en sevilen 4 Noel a\u011fac\u0131 \u00e7e\u015fidini yeti\u015ftirmek i\u00e7in ihtiya\u00e7 duyaca\u011f\u0131n\u0131z her \u015feyi i\u00e7eren m\u00fckemmel bir ekim ve yeti\u015ftirme seti olu\u015fturduk.<\/span><\/p>\n<p style=\"line-height: 1.5\"><span style=\"font-family: arial, helvetica, sans-serif\">EN \u0130Y\u0130 KAL\u0130TEL\u0130 TOHUMLAR: Kendi Noel a\u011fac\u0131n\u0131z\u0131 b\u00fcy\u00fctmek e\u011flenceli ve \u00f6d\u00fcllendirici olabilir. Elle dikilen k\u00fc\u00e7\u00fck \u00e7am fidanlar\u0131n\u0131z\u0131n olgun a\u011fa\u00e7lara d\u00f6n\u00fc\u015ft\u00fc\u011f\u00fcn\u00fc g\u00f6rd\u00fc\u011f\u00fcn\u00fczde. Grow Buddha olarak biz, Noel a\u011fac\u0131n\u0131z\u0131n bak\u0131m\u0131na verece\u011finiz sevginin fark\u0131nday\u0131z ve sizi hayal k\u0131r\u0131kl\u0131\u011f\u0131ndan kurtarmak i\u00e7in, Kendi Noel A\u011fac\u0131n\u0131z\u0131 Yeti\u015ftirme Kitimiz i\u00e7in y\u00fcksek \u00e7imlenme oran\u0131na sahip en iyi tohumlar\u0131 dikkatlice test edip se\u00e7iyoruz. Noel A\u011fac\u0131 Ba\u015flang\u0131\u00e7 Kitimizden memnun kalaca\u011f\u0131n\u0131zdan kesinlikle eminiz.<\/span><\/p>\n<p style=\"line-height: 1.5\"><span style=\"font-family: arial, helvetica, sans-serif\">Hepimize hem ne\u015fe hem de heyecan getiren kendi Noel A\u011fac\u0131n\u0131z\u0131 b\u00fcy\u00fct\u00fcn!<\/span><\/p>\n<p style=\"line-height: 1.5\"><span style=\"font-family: arial, helvetica, sans-serif\">Eksiksiz Bir Bah\u00e7\u0131van\u0131n Deneyimi: Noel a\u011fac\u0131 yeti\u015ftirme kitimizde, yeni ba\u015flayan biri olarak bile bir Noel a\u011fac\u0131 yeti\u015ftirmek i\u00e7in temel bah\u00e7ecilik ihtiya\u00e7lar\u0131n\u0131z\u0131 dikkate ald\u0131k. Noel a\u011fac\u0131 tohumlar\u0131n\u0131n en pop\u00fcler \u00e7e\u015fitlerinden 4&#039;\u00fc dahil. A\u011fa\u00e7 Yeti\u015ftirme kitimiz ayr\u0131ca bitki beslenmesi \u00fczerinde tam kontrol sahibi olman\u0131z\u0131 sa\u011flayacak ve bebek Noel a\u011fac\u0131n\u0131n 4 ila 8 hafta i\u00e7inde filizlenmesine yard\u0131mc\u0131 olacak biyolojik olarak par\u00e7alanabilen saks\u0131lar ve hindistan cevizi diskleri i\u00e7erir. Di\u011fer Kendi Noel a\u011fac\u0131n\u0131z\u0131 b\u00fcy\u00fct\u00fcn kitlerinden farkl\u0131 olarak, Noel a\u011fac\u0131 ba\u015flang\u0131\u00e7 kitimize bir a\u011fa\u00e7 kesme makinesinin yan\u0131 s\u0131ra, Noel a\u011fac\u0131 yeti\u015ftirme s\u00fcrecinizin her ad\u0131m\u0131nda size rehberlik edecek bir talimat kitap\u00e7\u0131\u011f\u0131 ve \u015f\u0131k bir bitki saks\u0131s\u0131 da ekledik.<\/span><\/p>\n<p style=\"line-height: 1.5\"><span style=\"font-family: arial, helvetica, sans-serif\">Art\u0131k kendi ellerinizle besledi\u011finiz g\u00fczel ve canl\u0131 bir Noel a\u011fac\u0131n\u0131, Noel a\u011fac\u0131 ba\u015flang\u0131\u00e7 kitimizi kullanarak s\u00fcsleyebilirsiniz. Minimum masrafla ge\u00e7irece\u011finiz en tatmin edici Noel olacak.<\/span><\/p>\n<p style=\"line-height: 1.5\"><span style=\"font-family: arial, helvetica, sans-serif\">Mavi ladin<\/span><\/p>\n<p style=\"line-height: 1.5\"><span style=\"font-family: arial, helvetica, sans-serif\">Colorado ladin olarak da bilinen mavi ladin a\u011fac\u0131, sert yatay dallar\u0131 ve k\u0131sa i\u011fneleri olan konik \u015fekilli, yaprak d\u00f6kmeyen bir a\u011fa\u00e7t\u0131r. Mavi ladin, parlak mavi rengi ve s\u00fcsleri iyi tutan sert dallar\u0131 nedeniyle harika bir Noel a\u011fac\u0131d\u0131r. Mavi ladin, ta\u015f\u0131n\u0131rken ekstra dikkat gerektiren keskin i\u011fnelere sahiptir, ancak art\u0131 taraf\u0131 olarak bu i\u011fneler, hayvanlar\u0131 a\u011fa\u00e7tan uzak tutar.<\/span><\/p>\n<p style=\"line-height: 1.5\"><span style=\"font-family: arial, helvetica, sans-serif\">Norve\u00e7 ladin<\/span><\/p>\n<p style=\"line-height: 1.5\"><span style=\"font-family: arial, helvetica, sans-serif\">Norve\u00e7 ladin, y\u00fczlerce y\u0131l ya\u015fayan, h\u0131zla b\u00fcy\u00fcyen i\u011fne yaprakl\u0131 bir a\u011fa\u00e7t\u0131r. Koyu ye\u015fil i\u011fneleri, sark\u0131k dallar\u0131 ve \u00fc\u00e7gen \u015feklindeki tac\u0131yla klasik bir Noel a\u011fac\u0131d\u0131r. \u0130\u011fneleri k\u0131sa ve keskin olup ucu biraz k\u00fctt\u00fcr. Norve\u00e7 ladin a\u011fa\u00e7lar\u0131 gen\u00e7ken y\u0131lda bir metreye kadar b\u00fcy\u00fcyebilir, bu da onlar\u0131 Noel a\u011fac\u0131 olarak yeti\u015ftirmek i\u00e7in m\u00fckemmel bir se\u00e7im haline getirir.<\/span><\/p>\n<p style=\"line-height: 1.5\"><span style=\"font-family: arial, helvetica, sans-serif\">sar\u0131\u00e7am<\/span><\/p>\n<p style=\"line-height: 1.5\"><span style=\"font-family: arial, helvetica, sans-serif\">Sar\u0131 \u00e7am, Noel a\u011fac\u0131 i\u00e7in en s\u0131k kullan\u0131lan \u00e7am a\u011fac\u0131 t\u00fcr\u00fc olan, yaprak d\u00f6kmeyen g\u00fczel bir a\u011fa\u00e7t\u0131r. Koyu ye\u015fil yapraklar\u0131 ve a\u011f\u0131r s\u00fcslemelere iyi dayanabilen sert dallar\u0131 ile gelenek\u00e7ilerin favorisidir. \u0130sko\u00e7 \u00e7am\u0131 fidesinin yeniden dikilmesi kolayd\u0131r ve y\u00fcksek hayatta kalma oran\u0131yla \u00e7ok \u00e7e\u015fitli topraklara ve alanlara uyum sa\u011flayabilir. Sar\u0131\u00e7am a\u011fa\u00e7lar\u0131n\u0131n daha b\u00fcy\u00fck, daha olgun a\u011fa\u00e7lar\u0131n\u0131n \u00fcst dallar\u0131n\u0131n kabu\u011fu \u00e7ok belirgin ve \u00e7ekici k\u0131rm\u0131z\u0131ms\u0131-turuncu bir renge sahiptir.<\/span><\/p>\n<p style=\"line-height: 1.5\"><span style=\"font-family: arial, helvetica, sans-serif\">Kore Abies K\u00f6knar<\/span><\/p>\n<p style=\"line-height: 1.5\"><span style=\"font-family: arial, helvetica, sans-serif\">Kore g\u00f6knar\u0131, \u00e7ekici formu ve dokusuyla daha k\u00fc\u00e7\u00fck k\u00f6knar t\u00fcrlerinden biridir. Asya yerlisi bir t\u00fcrd\u00fcr ancak di\u011fer iklim ve topraklarda da iyi yeti\u015fir. Kore Abies k\u00f6knar\u0131n\u0131n alt k\u0131s\u0131mlar\u0131 \u00e7arp\u0131c\u0131 g\u00fcm\u00fc\u015fi olan koyu ye\u015fil i\u011fneleri vard\u0131r. Yava\u015f b\u00fcy\u00fcr ve \u00e7o\u011fu manzaraya uyum sa\u011flar. Bu kozalakl\u0131 a\u011fa\u00e7, mavi veya mor tonlar\u0131nda g\u00fczel, ay\u0131rt edici konilere ve \u00fcst k\u0131sm\u0131 parlak koyu ye\u015fil, alt k\u0131s\u0131mlar\u0131 g\u00fcm\u00fc\u015f renkli, 3\/4 in\u00e7 uzunlu\u011fa kadar k\u0131sa, geni\u015f i\u011fnelere sahiptir. K\u00fc\u00e7\u00fck boyutundan dolay\u0131 Kore k\u00f6knar\u0131 m\u00fckemmel bir ya\u015fayan Noel a\u011fac\u0131d\u0131r.<\/span><\/p>","protected":false},"excerpt":{"rendered":"<p>Kendi Noel A\u011fac\u0131n\u0131z\u0131 Yeti\u015ftirin Kiti - Yeni Ba\u015flayanlar \u0130\u00e7in Uygun Noel a\u011fac\u0131 tohumlar\u0131 ba\u015flang\u0131\u00e7 seti - Evde 4 \u00e7e\u015fit Noel a\u011fac\u0131n\u0131 kolayca b\u00fcy\u00fct\u00fcn<\/p>","protected":false},"featured_media":12118,"comment_status":"open","ping_status":"closed","template":"","meta":[],"product_cat":[40],"product_tag":[325],"acf":[],"_links":{"self":[{"href":"https:\/\/www.garden-kit.com\/tr\/wp-json\/wp\/v2\/product\/6500"}],"collection":[{"href":"https:\/\/www.garden-kit.com\/tr\/wp-json\/wp\/v2\/product"}],"about":[{"href":"https:\/\/www.garden-kit.com\/tr\/wp-json\/wp\/v2\/types\/product"}],"replies":[{"embeddable":true,"href":"https:\/\/www.garden-kit.com\/tr\/wp-json\/wp\/v2\/comments?post=6500"}],"wp:featuredmedia":[{"embeddable":true,"href":"https:\/\/www.garden-kit.com\/tr\/wp-json\/wp\/v2\/media\/12118"}],"wp:attachment":[{"href":"https:\/\/www.garden-kit.com\/tr\/wp-json\/wp\/v2\/media?parent=6500"}],"wp:term":[{"taxonomy":"product_cat","embeddable":true,"href":"https:\/\/www.garden-kit.com\/tr\/wp-json\/wp\/v2\/product_cat?post=6500"},{"taxonomy":"product_tag","embeddable":true,"href":"https:\/\/www.garden-kit.com\/tr\/wp-json\/wp\/v2\/product_tag?post=6500"}],"curies":[{"name":"wp","href":"https:\/\/api.w.org\/{rel}","templated":true}]}}